{"id":11897,"date":"2024-06-28T13:36:38","date_gmt":"2024-06-28T13:36:38","guid":{"rendered":"https:\/\/ceolawyer.com\/espanol\/?page_id=11897"},"modified":"2025-12-18T11:05:00","modified_gmt":"2025-12-18T11:05:00","slug":"accidente-de-peatones","status":"publish","type":"page","link":"https:\/\/ceolawyer.com\/espanol\/abogado-de-lesiones-personales-acworth\/accidente-de-peatones\/","title":{"rendered":"Abogado de Accidente de Peatones en Acworth"},"content":{"rendered":"<p><img decoding=\"async\" class=\"alignright size-full wp-image-11900\" src=\"https:\/\/ceolawyer.com\/espanol\/wp-content\/uploads\/sites\/2\/2024\/06\/Acworth-Pedestrian-Accident-Lawyer.webp\" alt=\"Una mujer asi\u00e1tica a punto de cruzar la calle caminando mientras los coches se acercan por su lado derecho.\" width=\"500\" height=\"300\" srcset=\"https:\/\/ceolawyer.com\/espanol\/wp-content\/uploads\/sites\/2\/2024\/06\/Acworth-Pedestrian-Accident-Lawyer.webp 500w, https:\/\/ceolawyer.com\/espanol\/wp-content\/uploads\/sites\/2\/2024\/06\/Acworth-Pedestrian-Accident-Lawyer-300x180.webp 300w\" sizes=\"(max-width: 500px) 100vw, 500px\" \/>La infraestructura de Acworth, orientada principalmente a los autom\u00f3viles, dificulta el tr\u00e1nsito peatonal, lo que genera peligros cuando los conductores se distraen. Aunque muchos residentes optan por conducir, hay momentos en que caminar es preferible o la \u00fanica alternativa, para quienes no tienen auto. Sin embargo, un encuentro inesperado con un veh\u00edculo al cruzar una calle, o caminar por un estacionamiento, puede tener consecuencias terribles y catastr\u00f3ficas, ocurriendo cuando menos se espera. Los accidentes de peatones son eventos desafortunados con resultados graves.<\/p>\n<p>Sin embargo, un afortunado resquicio de esperanza es que las v\u00edctimas peatonales tienen el derecho de buscar una compensaci\u00f3n por los da\u00f1os causados por el impacto, incluidos los costos de su tratamiento m\u00e9dico. Si te encuentras siendo v\u00edctima de un accidente peatonal, es posible que tengas un reclamo y debes comunicarte con un abogado de lesiones personales en Acworth de inmediato. El equipo de CEO Lawyer Personal Injury Law Firm ha ayudado a muchas v\u00edctimas de accidentes peatonales a superar los obst\u00e1culos en las leyes de Georgia. Ll\u00e1manos hoy mismo al <a href=\"tel:+14706138422\">(470) 613-8422<\/a> para programar tu revisi\u00f3n de caso inicial gratuita.<\/p>\n<h2>\u00bfC\u00f3mo un abogado con experiencia en accidentes peatonales puede ayudarte?<\/h2>\n<p>En las \u00faltimas d\u00e9cadas, Estados Unidos ha experimentado un <a href=\"https:\/\/www.npr.org\/2023\/06\/26\/1184034017\/us-pedestrian-deaths-high-traffic-car\">incremento reciente en los accidentes de peatones<\/a>. Estos accidentes pueden ser brutales y causar lesiones graves que afectan significativamente la vida y la capacidad de las v\u00edctimas para realizar sus actividades habituales. En los casos m\u00e1s graves, una colisi\u00f3n de esta magnitud puede tener consecuencias fatales para el peat\u00f3n.<\/p>\n<p>Despu\u00e9s de un accidente, llama sin demora a un abogado con experiencia en accidentes peatonales. Estos profesionales poseen amplios conocimientos en la gesti\u00f3n de reclamaciones por lesiones personales y comprenden a fondo las leyes de Georgia. Al contar con un abogado, podr\u00e1s dedicarte a tu recuperaci\u00f3n y a retomar tu vida normal. Durante este proceso, tu equipo legal te ofrecer\u00e1 lo siguiente:<\/p>\n<ul>\n<li>Gu\u00eda legal, recursos, representaci\u00f3n y estrategia experta durante todo tu caso.<\/li>\n<li>C\u00e1lculo de toda la p\u00e9rdida de salarios, ganancias futuras y gastos m\u00e9dicos.<\/li>\n<li>C\u00e1lculo de los costos de dolor y sufrimiento que involucran sufrimiento emocional.<\/li>\n<li>Comprensi\u00f3n y asesoramiento durante todo tu caso.<\/li>\n<\/ul>\n<p>Al optar por colaborar con un abogado experimentado en accidentes de peatones en Acworth, te beneficiar\u00e1s de una vasta experiencia jur\u00eddica, destrezas consolidadas, t\u00e1cticas de negociaci\u00f3n efectivas frente a las aseguradoras y representaci\u00f3n legal en los tribunales.<\/p>\n<h2>\u00bfQu\u00e9 es un accidente peatonal?<\/h2>\n<p>Un accidente peatonal ocurre cuando una persona es golpeada por un veh\u00edculo en movimiento. Estos accidentes suceden en calles, aceras, estacionamientos, parques y en cualquier lugar donde un peat\u00f3n comparta un carril con autom\u00f3viles u otros veh\u00edculos en movimiento.<\/p>\n<p>Dependiendo de la velocidad del impacto, la v\u00edctima sentir\u00e1 su cuerpo golpeando el veh\u00edculo en movimiento, varias veces, antes de que termine el accidente. Es casi imposible evitar lesiones cuando te encuentras cara a cara con un autom\u00f3vil en movimiento. Aunque la mayor\u00eda de los accidentes peatonales no son a alta velocidad, un autom\u00f3vil que se mueve a 64 km\/h es lo suficientemente r\u00e1pido como para provocar consecuencias fatales. Las lesiones tardan mucho tiempo en sanar, algunos meses, si no a\u00f1os, en recuperarse por completo.<\/p>\n<p>Cuando el peat\u00f3n sobrevive al accidente, el camino hacia la recuperaci\u00f3n es largo y complicado. En los peores accidentes, algunas lesiones son tan graves que alteran la vida de la v\u00edctima. Las lesiones por accidentes peatonales provocan incapacidad para trabajar, tales como: da\u00f1o cerebral, da\u00f1o nervioso, discapacidades permanentes y m\u00e1s.<\/p>\n<p>Los costos m\u00e9dicos asociados con los accidentes peatonales ascienden a m\u00e1s de <a href=\"https:\/\/pmc.ncbi.nlm.nih.gov\/articles\/PMC2859736\/\">500 mil millones de d\u00f3lares<\/a> en los Estados Unidos. Las v\u00edctimas deber\u00e1n asistir a m\u00faltiples citas m\u00e9dicas y sesiones de terapia para sanar y volver a lo que alguna vez fue normal.<\/p>\n<p>Los accidentes peatonales generalmente se dividen en tres tipos:<\/p>\n<ul>\n<li>Accidentes en cruces peatonales.<\/li>\n<li><a href=\"https:\/\/ceolawyer.com\/acworth-personal-injury\/hit-and-run-accident-lawyer\/\">Accidentes de choque y fuga<\/a>.<\/li>\n<li>Accidentes en estacionamientos.<\/li>\n<\/ul>\n<h3>Accidentes en cruces peatonales<\/h3>\n<p>Las normas de tr\u00e1nsito y las leyes locales de Acworth y estatales fomentan el uso de los cruces peatonales siempre que est\u00e9n disponibles para evitar accidentes. Los cruces peatonales est\u00e1n dise\u00f1ados para proporcionar un paso seguro para los peatones que cruzan de un lado de la calle al otro.<\/p>\n<p>Pero, incluso si los peatones cumplen con la ley, existe el riesgo de que un autom\u00f3vil en movimiento los golpee. Cualquiera de estas conductas negligentes provoca un impacto directo en un peat\u00f3n que utiliza un cruce peatonal.<\/p>\n<p>En los cruces peatonales, los autom\u00f3viles a menudo:<\/p>\n<ul>\n<li>Se pasan las se\u00f1ales de alto.<\/li>\n<li>Se saltan los sem\u00e1foros en rojo.<\/li>\n<li>Exceden la velocidad.<\/li>\n<li>No miran antes de entrar en la intersecci\u00f3n.<\/li>\n<\/ul>\n<p>Una ocurrencia com\u00fan en los accidentes peatonales en cruces peatonales es cuando un conductor tiene la intenci\u00f3n de girar a la derecha. A menudo est\u00e1n tan concentrados en el tr\u00e1fico que viene en sentido contrario que no ven a alguien en el cruce peatonal perpendicular una vez que comienzan a moverse. En estos casos, el conductor, negligentemente, no vio si un peat\u00f3n ten\u00eda el derecho de paso y aceler\u00f3, justo cuando la v\u00edctima se puso delante de \u00e9l.<\/p>\n<h3>Accidentes de choque y fuga<\/h3>\n<p>Los accidentes de peatones con mayor cobertura medi\u00e1tica son las fugas, las cuales suelen tener resultados fatales, con im\u00e1genes demasiado perturbadoras para los noticieros. En estos casos, el conductor negligente huye del lugar del accidente, dejando al peat\u00f3n gravemente herido y abandonado.<\/p>\n<p>La ley estatal exige que todo conductor implicado en un accidente automovil\u00edstico permanezca en el lugar y notifique inmediatamente a las autoridades. Huir del lugar de un accidente, incluso si parece menor, es ilegal y conlleva graves consecuencias legales.<\/p>\n<h3>Accidentes en estacionamientos<\/h3>\n<p>Los estacionamientos suelen estar mucho m\u00e1s concurridos de lo que la gente piensa. Los peatones usan pasillos, cruces peatonales y el estacionamiento para ir de un destino a otro. A esto se suman los autom\u00f3viles en movimiento, los carritos de compras y los conductores que retroceden y se saltan las se\u00f1ales de stop. Es la tormenta perfecta para un accidente relacionado con peatones. Cuando los conductores en los estacionamientos est\u00e1n distra\u00eddos, o conducen demasiado r\u00e1pido, es probable que cometan errores costosos y creen un estacionamiento demasiado peligroso para el uso de los peatones.<\/p>\n<h2>La causa de los accidentes peatonales<\/h2>\n<p>Los accidentes peatonales ocurren con m\u00e1s frecuencia de lo que uno pensar\u00eda. Incluso con leyes que hacen cumplir la conducci\u00f3n segura, en 2022, la Asociaci\u00f3n de Gobernadores para la Seguridad en las Carreteras inform\u00f3 que Georgia tiene una de las tasas de mortalidad m\u00e1s altas de todo el pa\u00eds, con un aumento del 57.8% entre 2019 y 2022.<\/p>\n<p>A pesar de los esfuerzos de las autoridades y gobiernos locales por disminuir los accidentes peatonales, una parte fundamental de la prevenci\u00f3n radica en comprender las causas subyacentes de estos incidentes. Los accidentes peatonales son potencialmente letales y ocurren r\u00e1pidamente. Una persona atropellada por un autom\u00f3vil que se mueve a 64 km\/h sufrir\u00e1 lesiones que amenazan su vida y potencialmente la muerte. Desafortunadamente, la causa ra\u00edz suele ser la negligencia. Aunque la polic\u00eda trabaja arduamente para garantizar el cumplimiento de las normas de tr\u00e1nsito, es imposible controlar a todos los conductores en todo momento.<\/p>\n<h3>Los peatones tienen el deber de prevenir accidentes<\/h3>\n<p>No siempre es posible evitar una colisi\u00f3n con un autom\u00f3vil en movimiento, pero como peat\u00f3n, t\u00fa puedes adoptar diferentes consejos y t\u00e9cnicas para protegerte. Los peatones deben cumplir con las normas de tr\u00e1nsito y tomar medidas de protecci\u00f3n, ya sea al salir de su autom\u00f3vil averiado, salir a correr o pasear a su hijo peque\u00f1o por la cuadra.<\/p>\n<p>Los peatones deben tener cuidado con su entorno y tomar medidas de protecci\u00f3n, siempre que sea posible, al caminar por las calles o cruces peatonales. En el momento en que sales de tu autom\u00f3vil, tambi\u00e9n se te considera peat\u00f3n. Esto incluye cualquier incidente en el que tengas problemas con el autom\u00f3vil y necesites detenerte a un lado de la carretera para ver qu\u00e9 sali\u00f3 mal.<\/p>\n<p>Salir de un veh\u00edculo en medio de una carretera o incluso en el arc\u00e9n, ha demostrado ser peligroso. Si tu autom\u00f3vil est\u00e1 averiado al costado de la carretera, sal solo cuando sea m\u00e1s seguro y, si es posible, permanece en el autom\u00f3vil hasta que llegue la ayuda.<\/p>\n<h2>Prueba de responsabilidad<\/h2>\n<p>Georgia es un estado de responsabilidad culposa, lo que significa que, en los accidentes, todas las partes involucradas pueden ser consideradas responsables de los da\u00f1os a la propiedad y a las partes lesionadas. Uno de los pasos m\u00e1s importantes para asegurar una compensaci\u00f3n es probar que tus acciones no causaron el accidente.<\/p>\n<p>Podr\u00edas ser considerado parcialmente culpable si:<\/p>\n<ul>\n<li>Te arrojaste delante del coche que te golpe\u00f3.<\/li>\n<li>Cruzaste la calle donde no hab\u00eda un paso de peatones.<\/li>\n<li>Actuaste con descuido o imprudencia, como no mirar antes de cruzar, distracciones, etc.<\/li>\n<\/ul>\n<p>La polic\u00eda en el lugar determin\u00f3 qui\u00e9n tuvo la culpa del accidente. Despu\u00e9s de que se env\u00ede el 911 y las autoridades lleguen al lugar, la polic\u00eda investigar\u00e1 la escena del accidente.<\/p>\n<p>Hablar\u00e1n con los testigos que puedan testificar sobre lo sucedido, estudiar\u00e1n el accidente y tomar\u00e1n declaraciones de ambas partes, antes de preparar un informe policial y determinar la culpa. Si la polic\u00eda determina que la v\u00edctima del accidente peatonal actu\u00f3 de manera que contribuy\u00f3 a causar el accidente, ser\u00e1 responsable de la parte que se determine. Esa asignaci\u00f3n de culpa puede reducir la cantidad total de compensaci\u00f3n que es elegible para recibir.<\/p>\n<p>Debido a este riesgo, es vital hablar con un abogado de accidentes peatonales lo antes posible despu\u00e9s de haber recibido tratamiento m\u00e9dico.<\/p>\n<h2>Conf\u00eda en CEO Lawyer Personal Injury Law Firm para manejar tu caso de accidente peatonal<\/h2>\n<p>Si fuiste v\u00edctima de un accidente peatonal en Acworth, tienes derecho a solicitar una compensaci\u00f3n. Permite que un equipo legal en el que conf\u00edes te ayude a obtener una compensaci\u00f3n despu\u00e9s de uno de los momentos m\u00e1s aterradores de tu vida.<\/p>\n<p>Con la ayuda de CEO Lawyer Personal Injury Law Firm, puedes esperar un servicio de primer nivel y orientaci\u00f3n mientras navegas por este proceso. Ll\u00e1manos hoy mismo al <a href=\"tel:+14706138422\">(470) 613-8422<\/a> para hablar con uno de nuestros abogados de forma gratuita, y perm\u00edtenos mostrarte c\u00f3mo podemos ayudarte.<\/p>\n","protected":false},"excerpt":{"rendered":"<p>La infraestructura de Acworth, orientada principalmente a los autom\u00f3viles, dificulta el tr\u00e1nsito peatonal, lo que genera peligros cuando los conductores se distraen. Aunque muchos residentes optan por conducir, hay momentos en que caminar es preferible o la \u00fanica alternativa, para quienes no tienen auto. Sin embargo, un encuentro inesperado con un veh\u00edculo al cruzar una [&hellip;]<\/p>\n","protected":false},"author":18,"featured_media":11900,"parent":7603,"menu_order":0,"comment_status":"closed","ping_status":"closed","template":"","meta":{"_acf_changed":false,"footnotes":""},"class_list":["post-11897","page","type-page","status-publish","has-post-thumbnail","hentry"],"acf":[],"yoast_head":"<!-- This site is optimized with the Yoast SEO plugin v27.4 - https:\/\/yoast.com\/product\/yoast-seo-wordpress\/ -->\n<title>Abogado de Accidente de Peatones en Acworth | CEO Lawyer<\/title>\n<meta name=\"description\" content=\"Proteja sus derechos como peat\u00f3n con nuestros abogados de accidentes de peatones de CEO Lawyer Personal Injury Law Firm en Acworth. Llame al (470) 323-8779\" \/>\n<meta name=\"robots\" content=\"index, follow, max-snippet:-1, max-image-preview:large, max-video-preview:-1\" \/>\n<link rel=\"canonical\" href=\"https:\/\/ceolawyer.com\/espanol\/abogado-de-lesiones-personales-acworth\/accidente-de-peatones\/\" \/>\n<meta property=\"og:locale\" content=\"en_US\" \/>\n<meta property=\"og:type\" content=\"article\" \/>\n<meta property=\"og:title\" content=\"Abogado de Accidente de Peatones en Acworth | CEO Lawyer\" \/>\n<meta property=\"og:description\" content=\"Proteja sus derechos como peat\u00f3n con nuestros abogados de accidentes de peatones de CEO Lawyer Personal Injury Law Firm en Acworth. Llame al (470) 323-8779\" \/>\n<meta property=\"og:url\" content=\"https:\/\/ceolawyer.com\/espanol\/abogado-de-lesiones-personales-acworth\/accidente-de-peatones\/\" \/>\n<meta property=\"og:site_name\" content=\"CEO Lawyer\" \/>\n<meta property=\"article:modified_time\" content=\"2025-12-18T11:05:00+00:00\" \/>\n<meta property=\"og:image\" content=\"https:\/\/ceolawyer.com\/espanol\/wp-content\/uploads\/sites\/2\/2024\/06\/Acworth-Pedestrian-Accident-Lawyer.webp\" \/>\n\t<meta property=\"og:image:width\" content=\"500\" \/>\n\t<meta property=\"og:image:height\" content=\"300\" \/>\n\t<meta property=\"og:image:type\" content=\"image\/webp\" \/>\n<meta name=\"twitter:card\" content=\"summary_large_image\" \/>\n<meta name=\"twitter:label1\" content=\"Est. reading time\" \/>\n\t<meta name=\"twitter:data1\" content=\"8 minutes\" \/>\n<script type=\"application\/ld+json\" class=\"yoast-schema-graph\">{\"@context\":\"https:\\\/\\\/schema.org\",\"@graph\":[{\"@type\":\"WebPage\",\"@id\":\"https:\\\/\\\/ceolawyer.com\\\/espanol\\\/abogado-de-lesiones-personales-acworth\\\/accidente-de-peatones\\\/\",\"url\":\"https:\\\/\\\/ceolawyer.com\\\/espanol\\\/abogado-de-lesiones-personales-acworth\\\/accidente-de-peatones\\\/\",\"name\":\"Abogado de Accidente de Peatones en Acworth | CEO Lawyer\",\"isPartOf\":{\"@id\":\"https:\\\/\\\/ceolawyer.com\\\/espanol\\\/#website\"},\"primaryImageOfPage\":{\"@id\":\"https:\\\/\\\/ceolawyer.com\\\/espanol\\\/abogado-de-lesiones-personales-acworth\\\/accidente-de-peatones\\\/#primaryimage\"},\"image\":{\"@id\":\"https:\\\/\\\/ceolawyer.com\\\/espanol\\\/abogado-de-lesiones-personales-acworth\\\/accidente-de-peatones\\\/#primaryimage\"},\"thumbnailUrl\":\"https:\\\/\\\/ceolawyer.com\\\/espanol\\\/wp-content\\\/uploads\\\/sites\\\/2\\\/2024\\\/06\\\/Acworth-Pedestrian-Accident-Lawyer.webp\",\"datePublished\":\"2024-06-28T13:36:38+00:00\",\"dateModified\":\"2025-12-18T11:05:00+00:00\",\"description\":\"Proteja sus derechos como peat\u00f3n con nuestros abogados de accidentes de peatones de CEO Lawyer Personal Injury Law Firm en Acworth. Llame al (470) 323-8779\",\"breadcrumb\":{\"@id\":\"https:\\\/\\\/ceolawyer.com\\\/espanol\\\/abogado-de-lesiones-personales-acworth\\\/accidente-de-peatones\\\/#breadcrumb\"},\"inLanguage\":\"en-US\",\"potentialAction\":[{\"@type\":\"ReadAction\",\"target\":[\"https:\\\/\\\/ceolawyer.com\\\/espanol\\\/abogado-de-lesiones-personales-acworth\\\/accidente-de-peatones\\\/\"]}]},{\"@type\":\"ImageObject\",\"inLanguage\":\"en-US\",\"@id\":\"https:\\\/\\\/ceolawyer.com\\\/espanol\\\/abogado-de-lesiones-personales-acworth\\\/accidente-de-peatones\\\/#primaryimage\",\"url\":\"https:\\\/\\\/ceolawyer.com\\\/espanol\\\/wp-content\\\/uploads\\\/sites\\\/2\\\/2024\\\/06\\\/Acworth-Pedestrian-Accident-Lawyer.webp\",\"contentUrl\":\"https:\\\/\\\/ceolawyer.com\\\/espanol\\\/wp-content\\\/uploads\\\/sites\\\/2\\\/2024\\\/06\\\/Acworth-Pedestrian-Accident-Lawyer.webp\",\"width\":500,\"height\":300,\"caption\":\"Una mujer asi\u00e1tica a punto de cruzar la calle caminando mientras los coches se acercan por su lado derecho.\"},{\"@type\":\"BreadcrumbList\",\"@id\":\"https:\\\/\\\/ceolawyer.com\\\/espanol\\\/abogado-de-lesiones-personales-acworth\\\/accidente-de-peatones\\\/#breadcrumb\",\"itemListElement\":[{\"@type\":\"ListItem\",\"position\":1,\"name\":\"Home\",\"item\":\"https:\\\/\\\/ceolawyer.com\\\/espanol\\\/\"},{\"@type\":\"ListItem\",\"position\":2,\"name\":\"Abogado de lesiones personales en Acworth\",\"item\":\"https:\\\/\\\/ceolawyer.com\\\/espanol\\\/abogado-de-lesiones-personales-acworth\\\/\"},{\"@type\":\"ListItem\",\"position\":3,\"name\":\"Abogado de Accidente de Peatones en Acworth\"}]},{\"@type\":\"WebSite\",\"@id\":\"https:\\\/\\\/ceolawyer.com\\\/espanol\\\/#website\",\"url\":\"https:\\\/\\\/ceolawyer.com\\\/espanol\\\/\",\"name\":\"CEO Lawyer\",\"description\":\"Personal Injury Attorney\",\"publisher\":{\"@id\":\"https:\\\/\\\/ceolawyer.com\\\/espanol\\\/#organization\"},\"potentialAction\":[{\"@type\":\"SearchAction\",\"target\":{\"@type\":\"EntryPoint\",\"urlTemplate\":\"https:\\\/\\\/ceolawyer.com\\\/espanol\\\/?s={search_term_string}\"},\"query-input\":{\"@type\":\"PropertyValueSpecification\",\"valueRequired\":true,\"valueName\":\"search_term_string\"}}],\"inLanguage\":\"en-US\"},{\"@type\":\"Organization\",\"@id\":\"https:\\\/\\\/ceolawyer.com\\\/espanol\\\/#organization\",\"name\":\"CEO Lawyer\",\"url\":\"https:\\\/\\\/ceolawyer.com\\\/espanol\\\/\",\"logo\":{\"@type\":\"ImageObject\",\"inLanguage\":\"en-US\",\"@id\":\"https:\\\/\\\/ceolawyer.com\\\/espanol\\\/#\\\/schema\\\/logo\\\/image\\\/\",\"url\":\"https:\\\/\\\/ceolawyer.com\\\/espanol\\\/wp-content\\\/uploads\\\/sites\\\/2\\\/2022\\\/05\\\/CEO_Logo.png\",\"contentUrl\":\"https:\\\/\\\/ceolawyer.com\\\/espanol\\\/wp-content\\\/uploads\\\/sites\\\/2\\\/2022\\\/05\\\/CEO_Logo.png\",\"width\":200,\"height\":108,\"caption\":\"CEO Lawyer\"},\"image\":{\"@id\":\"https:\\\/\\\/ceolawyer.com\\\/espanol\\\/#\\\/schema\\\/logo\\\/image\\\/\"}}]}<\/script>\n<!-- \/ Yoast SEO plugin. -->","yoast_head_json":{"title":"Abogado de Accidente de Peatones en Acworth | CEO Lawyer","description":"Proteja sus derechos como peat\u00f3n con nuestros abogados de accidentes de peatones de CEO Lawyer Personal Injury Law Firm en Acworth. Llame al (470) 323-8779","robots":{"index":"index","follow":"follow","max-snippet":"max-snippet:-1","max-image-preview":"max-image-preview:large","max-video-preview":"max-video-preview:-1"},"canonical":"https:\/\/ceolawyer.com\/espanol\/abogado-de-lesiones-personales-acworth\/accidente-de-peatones\/","og_locale":"en_US","og_type":"article","og_title":"Abogado de Accidente de Peatones en Acworth | CEO Lawyer","og_description":"Proteja sus derechos como peat\u00f3n con nuestros abogados de accidentes de peatones de CEO Lawyer Personal Injury Law Firm en Acworth. Llame al (470) 323-8779","og_url":"https:\/\/ceolawyer.com\/espanol\/abogado-de-lesiones-personales-acworth\/accidente-de-peatones\/","og_site_name":"CEO Lawyer","article_modified_time":"2025-12-18T11:05:00+00:00","og_image":[{"width":500,"height":300,"url":"https:\/\/ceolawyer.com\/espanol\/wp-content\/uploads\/sites\/2\/2024\/06\/Acworth-Pedestrian-Accident-Lawyer.webp","type":"image\/webp"}],"twitter_card":"summary_large_image","twitter_misc":{"Est. reading time":"8 minutes"},"schema":{"@context":"https:\/\/schema.org","@graph":[{"@type":"WebPage","@id":"https:\/\/ceolawyer.com\/espanol\/abogado-de-lesiones-personales-acworth\/accidente-de-peatones\/","url":"https:\/\/ceolawyer.com\/espanol\/abogado-de-lesiones-personales-acworth\/accidente-de-peatones\/","name":"Abogado de Accidente de Peatones en Acworth | CEO Lawyer","isPartOf":{"@id":"https:\/\/ceolawyer.com\/espanol\/#website"},"primaryImageOfPage":{"@id":"https:\/\/ceolawyer.com\/espanol\/abogado-de-lesiones-personales-acworth\/accidente-de-peatones\/#primaryimage"},"image":{"@id":"https:\/\/ceolawyer.com\/espanol\/abogado-de-lesiones-personales-acworth\/accidente-de-peatones\/#primaryimage"},"thumbnailUrl":"https:\/\/ceolawyer.com\/espanol\/wp-content\/uploads\/sites\/2\/2024\/06\/Acworth-Pedestrian-Accident-Lawyer.webp","datePublished":"2024-06-28T13:36:38+00:00","dateModified":"2025-12-18T11:05:00+00:00","description":"Proteja sus derechos como peat\u00f3n con nuestros abogados de accidentes de peatones de CEO Lawyer Personal Injury Law Firm en Acworth. Llame al (470) 323-8779","breadcrumb":{"@id":"https:\/\/ceolawyer.com\/espanol\/abogado-de-lesiones-personales-acworth\/accidente-de-peatones\/#breadcrumb"},"inLanguage":"en-US","potentialAction":[{"@type":"ReadAction","target":["https:\/\/ceolawyer.com\/espanol\/abogado-de-lesiones-personales-acworth\/accidente-de-peatones\/"]}]},{"@type":"ImageObject","inLanguage":"en-US","@id":"https:\/\/ceolawyer.com\/espanol\/abogado-de-lesiones-personales-acworth\/accidente-de-peatones\/#primaryimage","url":"https:\/\/ceolawyer.com\/espanol\/wp-content\/uploads\/sites\/2\/2024\/06\/Acworth-Pedestrian-Accident-Lawyer.webp","contentUrl":"https:\/\/ceolawyer.com\/espanol\/wp-content\/uploads\/sites\/2\/2024\/06\/Acworth-Pedestrian-Accident-Lawyer.webp","width":500,"height":300,"caption":"Una mujer asi\u00e1tica a punto de cruzar la calle caminando mientras los coches se acercan por su lado derecho."},{"@type":"BreadcrumbList","@id":"https:\/\/ceolawyer.com\/espanol\/abogado-de-lesiones-personales-acworth\/accidente-de-peatones\/#breadcrumb","itemListElement":[{"@type":"ListItem","position":1,"name":"Home","item":"https:\/\/ceolawyer.com\/espanol\/"},{"@type":"ListItem","position":2,"name":"Abogado de lesiones personales en Acworth","item":"https:\/\/ceolawyer.com\/espanol\/abogado-de-lesiones-personales-acworth\/"},{"@type":"ListItem","position":3,"name":"Abogado de Accidente de Peatones en Acworth"}]},{"@type":"WebSite","@id":"https:\/\/ceolawyer.com\/espanol\/#website","url":"https:\/\/ceolawyer.com\/espanol\/","name":"CEO Lawyer","description":"Personal Injury Attorney","publisher":{"@id":"https:\/\/ceolawyer.com\/espanol\/#organization"},"potentialAction":[{"@type":"SearchAction","target":{"@type":"EntryPoint","urlTemplate":"https:\/\/ceolawyer.com\/espanol\/?s={search_term_string}"},"query-input":{"@type":"PropertyValueSpecification","valueRequired":true,"valueName":"search_term_string"}}],"inLanguage":"en-US"},{"@type":"Organization","@id":"https:\/\/ceolawyer.com\/espanol\/#organization","name":"CEO Lawyer","url":"https:\/\/ceolawyer.com\/espanol\/","logo":{"@type":"ImageObject","inLanguage":"en-US","@id":"https:\/\/ceolawyer.com\/espanol\/#\/schema\/logo\/image\/","url":"https:\/\/ceolawyer.com\/espanol\/wp-content\/uploads\/sites\/2\/2022\/05\/CEO_Logo.png","contentUrl":"https:\/\/ceolawyer.com\/espanol\/wp-content\/uploads\/sites\/2\/2022\/05\/CEO_Logo.png","width":200,"height":108,"caption":"CEO Lawyer"},"image":{"@id":"https:\/\/ceolawyer.com\/espanol\/#\/schema\/logo\/image\/"}}]}},"_links":{"self":[{"href":"https:\/\/ceolawyer.com\/espanol\/wp-json\/wp\/v2\/pages\/11897","targetHints":{"allow":["GET"]}}],"collection":[{"href":"https:\/\/ceolawyer.com\/espanol\/wp-json\/wp\/v2\/pages"}],"about":[{"href":"https:\/\/ceolawyer.com\/espanol\/wp-json\/wp\/v2\/types\/page"}],"author":[{"embeddable":true,"href":"https:\/\/ceolawyer.com\/espanol\/wp-json\/wp\/v2\/users\/18"}],"replies":[{"embeddable":true,"href":"https:\/\/ceolawyer.com\/espanol\/wp-json\/wp\/v2\/comments?post=11897"}],"version-history":[{"count":0,"href":"https:\/\/ceolawyer.com\/espanol\/wp-json\/wp\/v2\/pages\/11897\/revisions"}],"up":[{"embeddable":true,"href":"https:\/\/ceolawyer.com\/espanol\/wp-json\/wp\/v2\/pages\/7603"}],"wp:featuredmedia":[{"embeddable":true,"href":"https:\/\/ceolawyer.com\/espanol\/wp-json\/wp\/v2\/media\/11900"}],"wp:attachment":[{"href":"https:\/\/ceolawyer.com\/espanol\/wp-json\/wp\/v2\/media?parent=11897"}],"curies":[{"name":"wp","href":"https:\/\/api.w.org\/{rel}","templated":true}]}}