{"id":11904,"date":"2024-06-28T13:43:52","date_gmt":"2024-06-28T13:43:52","guid":{"rendered":"https:\/\/ceolawyer.com\/espanol\/?page_id=11904"},"modified":"2025-12-18T11:51:13","modified_gmt":"2025-12-18T11:51:13","slug":"resbalones-y-caidas","status":"publish","type":"page","link":"https:\/\/ceolawyer.com\/espanol\/abogado-de-lesiones-personales-acworth\/resbalones-y-caidas\/","title":{"rendered":"Abogado de accidentes de resbalones y ca\u00eddas de Acworth"},"content":{"rendered":"<p><img decoding=\"async\" class=\"alignright size-full wp-image-11906\" src=\"https:\/\/ceolawyer.com\/espanol\/wp-content\/uploads\/sites\/2\/2024\/06\/Abogado-de-accidentes-de-resbalones-y-caidas-de-Acworth.webp\" alt=\"Un abogado especializado en accidentes de resbalones y ca\u00eddas con notas abiertas sobre un escritorio trabajando en un caso para un cliente.\" width=\"500\" height=\"300\" srcset=\"https:\/\/ceolawyer.com\/espanol\/wp-content\/uploads\/sites\/2\/2024\/06\/Abogado-de-accidentes-de-resbalones-y-caidas-de-Acworth.webp 500w, https:\/\/ceolawyer.com\/espanol\/wp-content\/uploads\/sites\/2\/2024\/06\/Abogado-de-accidentes-de-resbalones-y-caidas-de-Acworth-300x180.webp 300w\" sizes=\"(max-width: 500px) 100vw, 500px\" \/>Un accidente puede ocurrir cuando menos lo esperas, y los incidentes por resbalones y ca\u00eddas no son la excepci\u00f3n. Ya sea por superficies resbalosas, iluminaci\u00f3n deficiente o falta de mantenimiento en una propiedad, estas situaciones pueden causar lesiones graves y gastos m\u00e9dicos significativos.<\/p>\n<p>Los propietarios y ocupantes de propiedades no siempre quieren asumir responsabilidad por un accidente ocurrido en su terreno. Sin embargo, muchos de estos incidentes podr\u00edan evitarse con reparaciones oportunas, mantenimiento adecuado o se\u00f1alizaci\u00f3n que advierta a los visitantes sobre posibles peligros.<\/p>\n<p>Cuando trabajas con <strong>CEO Lawyer Personal Injury Law Firm<\/strong>, puedes esperar apoyo legal dedicado y una atenci\u00f3n enfocada en obtener la compensaci\u00f3n justa que tu caso merece. Programa una consulta inicial gratuita con uno de nuestros abogados experimentados en Acworth llamando al <a href=\"tel:+17623006346\"><strong>(762) 300-6346<\/strong><\/a> o cont\u00e1ctanos en l\u00ednea.<\/p>\n<h2><strong>C\u00f3mo un Abogado de Resbalones y Ca\u00eddas que brinda servicios en Acworth Ayuda a que tu Reclamo Tenga \u00c9xito<\/strong><\/h2>\n<p>De acuerdo con el National Floor and Safety Institute, los accidentes por resbalones y ca\u00eddas representan m\u00e1s de 8 millones de visitas anuales a salas de emergencia en los Estados Unidos. Estas lesiones pueden afectar seriamente la rutina diaria y la calidad de vida de la v\u00edctima, especialmente en adultos mayores o personas con condiciones preexistentes.<\/p>\n<p>Un accidente de este tipo puede causar lesiones que duran semanas, meses o incluso m\u00e1s, requiriendo m\u00faltiples citas m\u00e9dicas, terapia y medicamentos. En casos m\u00e1s severos, pueden necesitar procedimientos quir\u00fargicos y tratamientos prolongados que implican una carga econ\u00f3mica considerable.<\/p>\n<p>Al trabajar con un abogado experimentado en casos de resbalones y ca\u00eddas, podr\u00e1s enfrentar el proceso legal con mayor seguridad. Ya sea negociando con aseguradoras o llevando el caso a los tribunales, tu abogado defender\u00e1 tus derechos y luchar\u00e1 por la compensaci\u00f3n que mereces, incluso si la parte contraria intenta presionarte para aceptar un acuerdo injusto.<\/p>\n<h2><strong>Entendiendo los Accidentes por Resbalones y Ca\u00eddas<\/strong><\/h2>\n<p>El t\u00e9rmino \u201cresbal\u00f3n y ca\u00edda\u201d describe un tipo de caso de lesiones personales en el que una persona resulta herida en la propiedad de otra. Aunque suelen mencionarse juntos, \u201cresbal\u00f3n\u201d y \u201cca\u00edda\u201d se refieren a aspectos distintos del accidente.<\/p>\n<h3><strong>\u00bfQu\u00e9 es un Resbal\u00f3n?<\/strong><\/h3>\n<p>La mayor\u00eda de los resbalones ocurren cuando hay una p\u00e9rdida de tracci\u00f3n entre el calzado y la superficie. Esto puede deberse a:<\/p>\n<ul>\n<li>Superficies mojadas o resbalosas<\/li>\n<li>Terrenos con hielo o nieve<\/li>\n<li>Zonas con poca tracci\u00f3n<\/li>\n<li>Distracciones o prisa<\/li>\n<\/ul>\n<p>A veces, la persona puede evitar la ca\u00edda sujet\u00e1ndose de alg\u00fan objeto cercano. Un resbal\u00f3n puede causar lesiones, pero no siempre termina en una ca\u00edda.<\/p>\n<h3><strong>\u00bfQu\u00e9 es una Ca\u00edda?<\/strong><\/h3>\n<p>Una ca\u00edda ocurre cuando la persona pierde completamente el equilibrio y su peso se desplaza de manera que impacta con el suelo u otra superficie dura.<\/p>\n<p>Aunque un resbal\u00f3n puede causar lesiones, las ca\u00eddas suelen generar consecuencias m\u00e1s dolorosas y requieren mayor atenci\u00f3n m\u00e9dica.<\/p>\n<p><a href=\"https:\/\/www.cdc.gov\/nchs\/fastats\/accidental-injury.htm\">Seg\u00fan el <\/a><a href=\"https:\/\/www.cdc.gov\/nchs\/fastats\/accidental-injury.htm\"><strong>CDC<\/strong><\/a>, las ca\u00eddas son la principal causa de lesiones no intencionales en adultos mayores y una de las m\u00e1s frecuentes en todos los grupos de edad. Cada a\u00f1o, m\u00e1s de 24 millones de personas visitan urgencias por lesiones accidentales, y las ca\u00eddas representan el 24% de las hospitalizaciones en adultos mayores.<\/p>\n<h2><strong>Pasos a Seguir Despu\u00e9s de un Accidente por Resbal\u00f3n y Ca\u00edda<\/strong><\/h2>\n<p>Los accidentes de este tipo pueden resultar en lesiones graves, especialmente cuando hay impacto en la cabeza o la columna. Dependiendo del historial m\u00e9dico del v\u00edctima, una lesi\u00f3n puede complicarse a\u00fan m\u00e1s.<\/p>\n<p>Despu\u00e9s del accidente, estos pasos son esenciales:<\/p>\n<h3><strong>Llama al 911 si Existe Posibilidad de Lesi\u00f3n<\/strong><\/h3>\n<p>Incluso si el propietario intenta persuadirte de no hacerlo, llamar al 911 garantiza atenci\u00f3n m\u00e9dica inmediata y un registro oficial del incidente. Tambi\u00e9n debes buscar atenci\u00f3n m\u00e9dica aunque no est\u00e9s seguro de la gravedad de tus lesiones para documentarlas desde el inicio.<\/p>\n<h3><strong>No Hables sin Asesor\u00eda Legal<\/strong><\/h3>\n<p>Los responsables pueden intentar evitar consecuencias legales pidiendo que firmes documentos, aceptes dinero o asumas culpa. No firmes nada. Un abogado debe evaluar la situaci\u00f3n, los da\u00f1os y la compensaci\u00f3n adecuada antes de que tomes cualquier decisi\u00f3n.<\/p>\n<h3><strong>Re\u00fane y Documenta Evidencia<\/strong><\/h3>\n<p>El National Safety Council destaca que los accidentes por resbalones y ca\u00eddas son prevenibles, lo que implica negligencia del responsable. La evidencia visual es clave:<\/p>\n<ul>\n<li>Fotos y videos del lugar<\/li>\n<li>Registro del peligro espec\u00edfico<\/li>\n<li>Declaraciones del due\u00f1o o encargado<\/li>\n<li>Grabaciones del incidente, si existen<\/li>\n<\/ul>\n<p>La evidencia ayuda a establecer claramente qu\u00e9 ocurri\u00f3 y por qu\u00e9.<\/p>\n<h3><strong>Conserva tus Registros M\u00e9dicos<\/strong><\/h3>\n<p>Guarda todos los documentos relacionados con tus lesiones:<\/p>\n<ul>\n<li>Diagn\u00f3sticos<\/li>\n<li>Facturas<\/li>\n<li>Recibos<\/li>\n<li>Registros de p\u00e9rdida de ingresos<\/li>\n<\/ul>\n<p>Esta informaci\u00f3n es esencial para tu abogado.<\/p>\n<h2><strong>Diferencias Entre Propietarios y Ocupantes<\/strong><\/h2>\n<p>En un caso de resbal\u00f3n y ca\u00edda, el responsable puede ser el propietario o un ocupante. Ambos tienen obligaciones distintas:<\/p>\n<h3><strong>Propietario<\/strong><\/h3>\n<ul>\n<li>Mantener la propiedad en condiciones seguras<\/li>\n<li>Realizar reparaciones y mantenimiento necesario<\/li>\n<li>Proteger a los visitantes de peligros previsibles<\/li>\n<\/ul>\n<h3><strong>Ocupante<\/strong><\/h3>\n<ul>\n<li>Reportar peligros o condiciones inseguras al propietario<\/li>\n<li>Mantener limpieza general<\/li>\n<li>Atender riesgos menores que haya creado (como un derrame en un pasillo)<\/li>\n<\/ul>\n<p>En propiedades rentadas, ambas partes pueden compartir responsabilidad dependiendo del contrato de arrendamiento y del \u00e1rea donde ocurri\u00f3 el accidente.<\/p>\n<p>Un abogado experimentado puede analizar estos factores y determinar qui\u00e9n es responsable.<\/p>\n<h2><strong>\u00bfQu\u00e9 hacer si el propietario niega responsabilidad?<\/strong><\/h2>\n<p>Si el propietario o la aseguradora niegan responsabilidad, tu abogado puede:<\/p>\n<ul>\n<li>Investigar el historial de accidentes en el lugar.<\/li>\n<li>Solicitar registros de mantenimiento y limpieza.<\/li>\n<li>Presentar testigos y expertos en seguridad.<\/li>\n<li>Llevar el caso a juicio si es necesario.<\/li>\n<\/ul>\n<h2><strong>\u00bfQu\u00e9 hacer si el accidente ocurre en propiedad p\u00fablica?<\/strong><\/h2>\n<p>Si la ca\u00edda ocurre en una acera, parque o edificio p\u00fablico, los plazos para reclamar pueden ser m\u00e1s cortos y debes notificar a la entidad gubernamental r\u00e1pidamente. Consulta las reglas espec\u00edficas en el sitio oficial del gobierno de Georgia.<\/p>\n<h2><strong>Casos especiales: ca\u00eddas en el trabajo<\/strong><\/h2>\n<p>Las ca\u00eddas en el trabajo son una de las principales causas de lesiones y muertes. En 2020, 805 trabajadores murieron por ca\u00eddas y m\u00e1s de 211,000 sufrieron lesiones graves. Si te accidentas\u00a0 en el trabajo, puedes tener derecho a compensaci\u00f3n laboral y, en algunos casos, a una demanda civil si hubo negligencia grave.<\/p>\n<h2><strong>Lesiones Asociadas a los Accidentes por Resbalones y Ca\u00eddas<\/strong><\/h2>\n<p>Las lesiones pueden variar ampliamente, pero algunas de las m\u00e1s comunes incluyen:<\/p>\n<h3><strong>Lesiones Cerebrales<\/strong><\/h3>\n<p>Los s\u00edntomas pueden tardar d\u00edas o semanas en aparecer.<br \/>\nBuscar atenci\u00f3n m\u00e9dica temprana es fundamental.<\/p>\n<h3><strong>Huesos Rotos<\/strong><\/h3>\n<p>Ca\u00eddas fuertes pueden causar fracturas dolorosas, especialmente al caer en escaleras o superficies duras.<\/p>\n<h3><strong>Lesiones de M\u00e9dula Espinal<\/strong><\/h3>\n<p>Pueden causar dolor severo, movilidad limitada o incluso par\u00e1lisis en casos graves.<\/p>\n<h2><strong>La Importancia de Elegir el Abogado Correcto en Acworth<\/strong><\/h2>\n<p>Contar con un abogado experimentado que brinda sus servicios en Acworth puede influir directamente en el resultado de tu caso. En CEO Lawyer Personal Injury Law Firm, encontrar\u00e1s:<\/p>\n<ul>\n<li>Representaci\u00f3n profesional<\/li>\n<li>Acompa\u00f1amiento en cada etapa del proceso<\/li>\n<li>Enfoque en lograr una compensaci\u00f3n justa<\/li>\n<li>Un equipo comprometido con tu recuperaci\u00f3n<\/li>\n<\/ul>\n<p>Elegir al abogado adecuado puede marcar la diferencia entre un acuerdo injusto y una compensaci\u00f3n completa.<\/p>\n<h2><strong>Contrata a una Firma de Abogados de Resbalones y Ca\u00eddas en Acworth<\/strong><\/h2>\n<p>Los accidentes por resbalones y ca\u00eddas son prevenibles, pueden generar dolor f\u00edsico, gastos m\u00e9dicos y dificultades econ\u00f3micas. Si sufriste una lesi\u00f3n debido al descuido de un propietario u ocupante, tienes derecho a buscar compensaci\u00f3n.<\/p>\n<p>Nuestro equipo legal en Acworth est\u00e1 listo para ayudarte. Programa tu consulta inicial llamando al <a href=\"tel:+17623006346\"><strong>(762) 300-6346<\/strong><\/a> o <a href=\"https:\/\/ceolawyer.com\/espanol\/contacto-con-nosotros\/\">cont\u00e1ctanos<\/a>.<\/p>\n","protected":false},"excerpt":{"rendered":"<p>Un accidente puede ocurrir cuando menos lo esperas, y los incidentes por resbalones y ca\u00eddas no son la excepci\u00f3n. Ya sea por superficies resbalosas, iluminaci\u00f3n deficiente o falta de mantenimiento en una propiedad, estas situaciones pueden causar lesiones graves y gastos m\u00e9dicos significativos. Los propietarios y ocupantes de propiedades no siempre quieren asumir responsabilidad por [&hellip;]<\/p>\n","protected":false},"author":18,"featured_media":11906,"parent":7603,"menu_order":0,"comment_status":"closed","ping_status":"closed","template":"","meta":{"_acf_changed":false,"footnotes":""},"class_list":["post-11904","page","type-page","status-publish","has-post-thumbnail","hentry"],"acf":[],"yoast_head":"<!-- This site is optimized with the Yoast SEO plugin v27.4 - https:\/\/yoast.com\/product\/yoast-seo-wordpress\/ -->\n<title>Abogado de accidentes de resbalones y ca\u00eddas de Acworth | CEO Lawyer<\/title>\n<meta name=\"description\" content=\"No pague de su bolsillo por sus lesiones sufridas en un accidente de resbal\u00f3n y ca\u00edda. Llame a un abogado con experiencia en accidentes de resbalones y ca\u00eddas de CEO Lawyer Personal Injury Law Firm en Acworth. (470) 323-8779\" \/>\n<meta name=\"robots\" content=\"index, follow, max-snippet:-1, max-image-preview:large, max-video-preview:-1\" \/>\n<link rel=\"canonical\" href=\"https:\/\/ceolawyer.com\/espanol\/abogado-de-lesiones-personales-acworth\/resbalones-y-caidas\/\" \/>\n<meta property=\"og:locale\" content=\"en_US\" \/>\n<meta property=\"og:type\" content=\"article\" \/>\n<meta property=\"og:title\" content=\"Abogado de accidentes de resbalones y ca\u00eddas de Acworth | CEO Lawyer\" \/>\n<meta property=\"og:description\" content=\"No pague de su bolsillo por sus lesiones sufridas en un accidente de resbal\u00f3n y ca\u00edda. Llame a un abogado con experiencia en accidentes de resbalones y ca\u00eddas de CEO Lawyer Personal Injury Law Firm en Acworth. (470) 323-8779\" \/>\n<meta property=\"og:url\" content=\"https:\/\/ceolawyer.com\/espanol\/abogado-de-lesiones-personales-acworth\/resbalones-y-caidas\/\" \/>\n<meta property=\"og:site_name\" content=\"CEO Lawyer\" \/>\n<meta property=\"article:modified_time\" content=\"2025-12-18T11:51:13+00:00\" \/>\n<meta property=\"og:image\" content=\"https:\/\/ceolawyer.com\/espanol\/wp-content\/uploads\/sites\/2\/2024\/06\/Abogado-de-accidentes-de-resbalones-y-caidas-de-Acworth.webp\" \/>\n\t<meta property=\"og:image:width\" content=\"500\" \/>\n\t<meta property=\"og:image:height\" content=\"300\" \/>\n\t<meta property=\"og:image:type\" content=\"image\/webp\" \/>\n<meta name=\"twitter:card\" content=\"summary_large_image\" \/>\n<meta name=\"twitter:label1\" content=\"Est. reading time\" \/>\n\t<meta name=\"twitter:data1\" content=\"6 minutes\" \/>\n<script type=\"application\/ld+json\" class=\"yoast-schema-graph\">{\"@context\":\"https:\\\/\\\/schema.org\",\"@graph\":[{\"@type\":\"WebPage\",\"@id\":\"https:\\\/\\\/ceolawyer.com\\\/espanol\\\/abogado-de-lesiones-personales-acworth\\\/resbalones-y-caidas\\\/\",\"url\":\"https:\\\/\\\/ceolawyer.com\\\/espanol\\\/abogado-de-lesiones-personales-acworth\\\/resbalones-y-caidas\\\/\",\"name\":\"Abogado de accidentes de resbalones y ca\u00eddas de Acworth | CEO Lawyer\",\"isPartOf\":{\"@id\":\"https:\\\/\\\/ceolawyer.com\\\/espanol\\\/#website\"},\"primaryImageOfPage\":{\"@id\":\"https:\\\/\\\/ceolawyer.com\\\/espanol\\\/abogado-de-lesiones-personales-acworth\\\/resbalones-y-caidas\\\/#primaryimage\"},\"image\":{\"@id\":\"https:\\\/\\\/ceolawyer.com\\\/espanol\\\/abogado-de-lesiones-personales-acworth\\\/resbalones-y-caidas\\\/#primaryimage\"},\"thumbnailUrl\":\"https:\\\/\\\/ceolawyer.com\\\/espanol\\\/wp-content\\\/uploads\\\/sites\\\/2\\\/2024\\\/06\\\/Abogado-de-accidentes-de-resbalones-y-caidas-de-Acworth.webp\",\"datePublished\":\"2024-06-28T13:43:52+00:00\",\"dateModified\":\"2025-12-18T11:51:13+00:00\",\"description\":\"No pague de su bolsillo por sus lesiones sufridas en un accidente de resbal\u00f3n y ca\u00edda. Llame a un abogado con experiencia en accidentes de resbalones y ca\u00eddas de CEO Lawyer Personal Injury Law Firm en Acworth. (470) 323-8779\",\"breadcrumb\":{\"@id\":\"https:\\\/\\\/ceolawyer.com\\\/espanol\\\/abogado-de-lesiones-personales-acworth\\\/resbalones-y-caidas\\\/#breadcrumb\"},\"inLanguage\":\"en-US\",\"potentialAction\":[{\"@type\":\"ReadAction\",\"target\":[\"https:\\\/\\\/ceolawyer.com\\\/espanol\\\/abogado-de-lesiones-personales-acworth\\\/resbalones-y-caidas\\\/\"]}]},{\"@type\":\"ImageObject\",\"inLanguage\":\"en-US\",\"@id\":\"https:\\\/\\\/ceolawyer.com\\\/espanol\\\/abogado-de-lesiones-personales-acworth\\\/resbalones-y-caidas\\\/#primaryimage\",\"url\":\"https:\\\/\\\/ceolawyer.com\\\/espanol\\\/wp-content\\\/uploads\\\/sites\\\/2\\\/2024\\\/06\\\/Abogado-de-accidentes-de-resbalones-y-caidas-de-Acworth.webp\",\"contentUrl\":\"https:\\\/\\\/ceolawyer.com\\\/espanol\\\/wp-content\\\/uploads\\\/sites\\\/2\\\/2024\\\/06\\\/Abogado-de-accidentes-de-resbalones-y-caidas-de-Acworth.webp\",\"width\":500,\"height\":300,\"caption\":\"Un abogado especializado en accidentes de resbalones y ca\u00eddas con notas abiertas sobre un escritorio trabajando en un caso para un cliente.\"},{\"@type\":\"BreadcrumbList\",\"@id\":\"https:\\\/\\\/ceolawyer.com\\\/espanol\\\/abogado-de-lesiones-personales-acworth\\\/resbalones-y-caidas\\\/#breadcrumb\",\"itemListElement\":[{\"@type\":\"ListItem\",\"position\":1,\"name\":\"Home\",\"item\":\"https:\\\/\\\/ceolawyer.com\\\/espanol\\\/\"},{\"@type\":\"ListItem\",\"position\":2,\"name\":\"Abogado de lesiones personales en Acworth\",\"item\":\"https:\\\/\\\/ceolawyer.com\\\/espanol\\\/abogado-de-lesiones-personales-acworth\\\/\"},{\"@type\":\"ListItem\",\"position\":3,\"name\":\"Abogado de accidentes de resbalones y ca\u00eddas de Acworth\"}]},{\"@type\":\"WebSite\",\"@id\":\"https:\\\/\\\/ceolawyer.com\\\/espanol\\\/#website\",\"url\":\"https:\\\/\\\/ceolawyer.com\\\/espanol\\\/\",\"name\":\"CEO Lawyer\",\"description\":\"Personal Injury Attorney\",\"publisher\":{\"@id\":\"https:\\\/\\\/ceolawyer.com\\\/espanol\\\/#organization\"},\"potentialAction\":[{\"@type\":\"SearchAction\",\"target\":{\"@type\":\"EntryPoint\",\"urlTemplate\":\"https:\\\/\\\/ceolawyer.com\\\/espanol\\\/?s={search_term_string}\"},\"query-input\":{\"@type\":\"PropertyValueSpecification\",\"valueRequired\":true,\"valueName\":\"search_term_string\"}}],\"inLanguage\":\"en-US\"},{\"@type\":\"Organization\",\"@id\":\"https:\\\/\\\/ceolawyer.com\\\/espanol\\\/#organization\",\"name\":\"CEO Lawyer\",\"url\":\"https:\\\/\\\/ceolawyer.com\\\/espanol\\\/\",\"logo\":{\"@type\":\"ImageObject\",\"inLanguage\":\"en-US\",\"@id\":\"https:\\\/\\\/ceolawyer.com\\\/espanol\\\/#\\\/schema\\\/logo\\\/image\\\/\",\"url\":\"https:\\\/\\\/ceolawyer.com\\\/espanol\\\/wp-content\\\/uploads\\\/sites\\\/2\\\/2022\\\/05\\\/CEO_Logo.png\",\"contentUrl\":\"https:\\\/\\\/ceolawyer.com\\\/espanol\\\/wp-content\\\/uploads\\\/sites\\\/2\\\/2022\\\/05\\\/CEO_Logo.png\",\"width\":200,\"height\":108,\"caption\":\"CEO Lawyer\"},\"image\":{\"@id\":\"https:\\\/\\\/ceolawyer.com\\\/espanol\\\/#\\\/schema\\\/logo\\\/image\\\/\"}}]}<\/script>\n<!-- \/ Yoast SEO plugin. -->","yoast_head_json":{"title":"Abogado de accidentes de resbalones y ca\u00eddas de Acworth | CEO Lawyer","description":"No pague de su bolsillo por sus lesiones sufridas en un accidente de resbal\u00f3n y ca\u00edda. Llame a un abogado con experiencia en accidentes de resbalones y ca\u00eddas de CEO Lawyer Personal Injury Law Firm en Acworth. (470) 323-8779","robots":{"index":"index","follow":"follow","max-snippet":"max-snippet:-1","max-image-preview":"max-image-preview:large","max-video-preview":"max-video-preview:-1"},"canonical":"https:\/\/ceolawyer.com\/espanol\/abogado-de-lesiones-personales-acworth\/resbalones-y-caidas\/","og_locale":"en_US","og_type":"article","og_title":"Abogado de accidentes de resbalones y ca\u00eddas de Acworth | CEO Lawyer","og_description":"No pague de su bolsillo por sus lesiones sufridas en un accidente de resbal\u00f3n y ca\u00edda. Llame a un abogado con experiencia en accidentes de resbalones y ca\u00eddas de CEO Lawyer Personal Injury Law Firm en Acworth. (470) 323-8779","og_url":"https:\/\/ceolawyer.com\/espanol\/abogado-de-lesiones-personales-acworth\/resbalones-y-caidas\/","og_site_name":"CEO Lawyer","article_modified_time":"2025-12-18T11:51:13+00:00","og_image":[{"width":500,"height":300,"url":"https:\/\/ceolawyer.com\/espanol\/wp-content\/uploads\/sites\/2\/2024\/06\/Abogado-de-accidentes-de-resbalones-y-caidas-de-Acworth.webp","type":"image\/webp"}],"twitter_card":"summary_large_image","twitter_misc":{"Est. reading time":"6 minutes"},"schema":{"@context":"https:\/\/schema.org","@graph":[{"@type":"WebPage","@id":"https:\/\/ceolawyer.com\/espanol\/abogado-de-lesiones-personales-acworth\/resbalones-y-caidas\/","url":"https:\/\/ceolawyer.com\/espanol\/abogado-de-lesiones-personales-acworth\/resbalones-y-caidas\/","name":"Abogado de accidentes de resbalones y ca\u00eddas de Acworth | CEO Lawyer","isPartOf":{"@id":"https:\/\/ceolawyer.com\/espanol\/#website"},"primaryImageOfPage":{"@id":"https:\/\/ceolawyer.com\/espanol\/abogado-de-lesiones-personales-acworth\/resbalones-y-caidas\/#primaryimage"},"image":{"@id":"https:\/\/ceolawyer.com\/espanol\/abogado-de-lesiones-personales-acworth\/resbalones-y-caidas\/#primaryimage"},"thumbnailUrl":"https:\/\/ceolawyer.com\/espanol\/wp-content\/uploads\/sites\/2\/2024\/06\/Abogado-de-accidentes-de-resbalones-y-caidas-de-Acworth.webp","datePublished":"2024-06-28T13:43:52+00:00","dateModified":"2025-12-18T11:51:13+00:00","description":"No pague de su bolsillo por sus lesiones sufridas en un accidente de resbal\u00f3n y ca\u00edda. Llame a un abogado con experiencia en accidentes de resbalones y ca\u00eddas de CEO Lawyer Personal Injury Law Firm en Acworth. (470) 323-8779","breadcrumb":{"@id":"https:\/\/ceolawyer.com\/espanol\/abogado-de-lesiones-personales-acworth\/resbalones-y-caidas\/#breadcrumb"},"inLanguage":"en-US","potentialAction":[{"@type":"ReadAction","target":["https:\/\/ceolawyer.com\/espanol\/abogado-de-lesiones-personales-acworth\/resbalones-y-caidas\/"]}]},{"@type":"ImageObject","inLanguage":"en-US","@id":"https:\/\/ceolawyer.com\/espanol\/abogado-de-lesiones-personales-acworth\/resbalones-y-caidas\/#primaryimage","url":"https:\/\/ceolawyer.com\/espanol\/wp-content\/uploads\/sites\/2\/2024\/06\/Abogado-de-accidentes-de-resbalones-y-caidas-de-Acworth.webp","contentUrl":"https:\/\/ceolawyer.com\/espanol\/wp-content\/uploads\/sites\/2\/2024\/06\/Abogado-de-accidentes-de-resbalones-y-caidas-de-Acworth.webp","width":500,"height":300,"caption":"Un abogado especializado en accidentes de resbalones y ca\u00eddas con notas abiertas sobre un escritorio trabajando en un caso para un cliente."},{"@type":"BreadcrumbList","@id":"https:\/\/ceolawyer.com\/espanol\/abogado-de-lesiones-personales-acworth\/resbalones-y-caidas\/#breadcrumb","itemListElement":[{"@type":"ListItem","position":1,"name":"Home","item":"https:\/\/ceolawyer.com\/espanol\/"},{"@type":"ListItem","position":2,"name":"Abogado de lesiones personales en Acworth","item":"https:\/\/ceolawyer.com\/espanol\/abogado-de-lesiones-personales-acworth\/"},{"@type":"ListItem","position":3,"name":"Abogado de accidentes de resbalones y ca\u00eddas de Acworth"}]},{"@type":"WebSite","@id":"https:\/\/ceolawyer.com\/espanol\/#website","url":"https:\/\/ceolawyer.com\/espanol\/","name":"CEO Lawyer","description":"Personal Injury Attorney","publisher":{"@id":"https:\/\/ceolawyer.com\/espanol\/#organization"},"potentialAction":[{"@type":"SearchAction","target":{"@type":"EntryPoint","urlTemplate":"https:\/\/ceolawyer.com\/espanol\/?s={search_term_string}"},"query-input":{"@type":"PropertyValueSpecification","valueRequired":true,"valueName":"search_term_string"}}],"inLanguage":"en-US"},{"@type":"Organization","@id":"https:\/\/ceolawyer.com\/espanol\/#organization","name":"CEO Lawyer","url":"https:\/\/ceolawyer.com\/espanol\/","logo":{"@type":"ImageObject","inLanguage":"en-US","@id":"https:\/\/ceolawyer.com\/espanol\/#\/schema\/logo\/image\/","url":"https:\/\/ceolawyer.com\/espanol\/wp-content\/uploads\/sites\/2\/2022\/05\/CEO_Logo.png","contentUrl":"https:\/\/ceolawyer.com\/espanol\/wp-content\/uploads\/sites\/2\/2022\/05\/CEO_Logo.png","width":200,"height":108,"caption":"CEO Lawyer"},"image":{"@id":"https:\/\/ceolawyer.com\/espanol\/#\/schema\/logo\/image\/"}}]}},"_links":{"self":[{"href":"https:\/\/ceolawyer.com\/espanol\/wp-json\/wp\/v2\/pages\/11904","targetHints":{"allow":["GET"]}}],"collection":[{"href":"https:\/\/ceolawyer.com\/espanol\/wp-json\/wp\/v2\/pages"}],"about":[{"href":"https:\/\/ceolawyer.com\/espanol\/wp-json\/wp\/v2\/types\/page"}],"author":[{"embeddable":true,"href":"https:\/\/ceolawyer.com\/espanol\/wp-json\/wp\/v2\/users\/18"}],"replies":[{"embeddable":true,"href":"https:\/\/ceolawyer.com\/espanol\/wp-json\/wp\/v2\/comments?post=11904"}],"version-history":[{"count":0,"href":"https:\/\/ceolawyer.com\/espanol\/wp-json\/wp\/v2\/pages\/11904\/revisions"}],"up":[{"embeddable":true,"href":"https:\/\/ceolawyer.com\/espanol\/wp-json\/wp\/v2\/pages\/7603"}],"wp:featuredmedia":[{"embeddable":true,"href":"https:\/\/ceolawyer.com\/espanol\/wp-json\/wp\/v2\/media\/11906"}],"wp:attachment":[{"href":"https:\/\/ceolawyer.com\/espanol\/wp-json\/wp\/v2\/media?parent=11904"}],"curies":[{"name":"wp","href":"https:\/\/api.w.org\/{rel}","templated":true}]}}