{"id":12232,"date":"2024-11-12T18:00:03","date_gmt":"2024-11-12T18:00:03","guid":{"rendered":"https:\/\/ceolawyer.com\/espanol\/?page_id=12232"},"modified":"2025-09-30T16:59:34","modified_gmt":"2025-09-30T16:59:34","slug":"ali-awad","status":"publish","type":"page","link":"https:\/\/ceolawyer.com\/espanol\/conocer-al-equipo\/ali-awad\/","title":{"rendered":"Abogado Fundador Ali Awad"},"content":{"rendered":"<p>El CEO Lawyer Abogados de Accidentes Jamal Awad cre\u00f3 su firma en el 2016, despu\u00e9s de haber ganado varios casos de lesiones personales. Los tipos de casos que maneja incluyen accidentes automovil\u00edsticos, accidentes de camiones, accidentes de resbal\u00f3n y ca\u00edda, negligencia m\u00e9dica y hasta un caso de moho t\u00f3xico que estuvo al descubierto.<\/p>\n<p>El se\u00f1or Awad tiene la habilidad de comunicarse con cualquier tipo de cliente ya que viene de una familia inmigrante. El aprendi\u00f3 a hablar cinco idiomas durante sus a\u00f1os de estudio internacionales, y se enorgullece de trabajar con clientes que no se sienten representados.<\/p>\n<p>En su tiempo libre, al se\u00f1or Awad le gusta practicar artes marciales, viajar y aprender nuevos idiomas.Tambi\u00e9n cuenta con un canal de Youtube y una gran presencia en todas las redes sociales como @706abogado y @ceolawyer, donde empodera a su audiencia al darles consejos legales gratis. \u00c9l ha sido cinta negra en Taekwondo por m\u00e1s de diez a\u00f1os y su movimiento favorito es una patada r\u00e1pida que va a la cara de su oponente. Cuando no se encuentra peleando en un cuadril\u00e1tero, est\u00e1 en un tribunal peleando por sus clientes.<\/p>\n<p>Despu\u00e9s de graduarse entre los mejores de su clase de Georgia State University, \u00e9l se convirti\u00f3 en uno de los abogados m\u00e1s j\u00f3venes en graduarse en Georgia con una maestr\u00eda en administraci\u00f3n de negocios y un doctorado en derecho. Esto distingue al se\u00f1or Awad de otros colegas ya que ha aprendido sobre negociaciones y varios modelos de negocios que le han ayudado a conseguir la mejor indemnizaci\u00f3n posible para sus clientes. El se\u00f1or Awad entiende que conseguir una compensaci\u00f3n para sus clientes es una negociaci\u00f3n. \u00c9l est\u00e1 100% preparado y convencido de ganar, el se\u00f1or Awad gana altas compensaciones, usualmente es la cantidad completa de la p\u00f3liza de seguro. El se\u00f1or Awad ha sido destacado en FOX News (Noticiero de Fox) y otros medios. Tiene m\u00e1s de 1,5 millones seguidores en Instagram, Facebook y Snapchat, donde da consejos legales gratis. Es un destacado orador que es buscado para hablarle a comunidades internacionales que no conocen sus derechos.<\/p>\n<p>Durante su tiempo en la escuela de derecho, el se\u00f1or Awad hizo varias publicaciones sobre las leyes migratorias y esa experiencia le ha ayudado a guiar inmigrantes en toda la naci\u00f3n en sus casos de lesiones personales. Thompson Reuters lo reconoci\u00f3 con calificaci\u00f3n de \u2018Abogado Principal\u2019 por sus logros representando a los demandantes en casos de lesiones personales.<\/p>\n","protected":false},"excerpt":{"rendered":"<p>El CEO Lawyer Abogados de Accidentes Jamal Awad cre\u00f3 su firma en el 2016, despu\u00e9s de haber ganado varios casos de lesiones personales. Los tipos de casos que maneja incluyen accidentes automovil\u00edsticos, accidentes de camiones, accidentes de resbal\u00f3n y ca\u00edda, negligencia m\u00e9dica y hasta un caso de moho t\u00f3xico que estuvo al descubierto. El se\u00f1or [&hellip;]<\/p>\n","protected":false},"author":18,"featured_media":12269,"parent":12231,"menu_order":0,"comment_status":"closed","ping_status":"closed","template":"template-team-single.php","meta":{"_acf_changed":false,"footnotes":""},"class_list":["post-12232","page","type-page","status-publish","has-post-thumbnail","hentry"],"acf":[],"yoast_head":"<!-- This site is optimized with the Yoast SEO plugin v27.5 - https:\/\/yoast.com\/product\/yoast-seo-wordpress\/ -->\n<title>Abogado Fundador Ali Awad - CEO Lawyer<\/title>\n<meta name=\"description\" content=\"Conozca m\u00e1s sobre Ali Awad en el equipo de abogados del CEO.\" \/>\n<meta name=\"robots\" content=\"index, follow, max-snippet:-1, max-image-preview:large, max-video-preview:-1\" \/>\n<link rel=\"canonical\" href=\"https:\/\/ceolawyer.com\/espanol\/conocer-al-equipo\/ali-awad\/\" \/>\n<meta property=\"og:locale\" content=\"en_US\" \/>\n<meta property=\"og:type\" content=\"article\" \/>\n<meta property=\"og:title\" content=\"Abogado Fundador Ali Awad - CEO Lawyer\" \/>\n<meta property=\"og:description\" content=\"Conozca m\u00e1s sobre Ali Awad en el equipo de abogados del CEO.\" \/>\n<meta property=\"og:url\" content=\"https:\/\/ceolawyer.com\/espanol\/conocer-al-equipo\/ali-awad\/\" \/>\n<meta property=\"og:site_name\" content=\"CEO Lawyer\" \/>\n<meta property=\"article:modified_time\" content=\"2025-09-30T16:59:34+00:00\" \/>\n<meta property=\"og:image\" content=\"https:\/\/ceolawyer.com\/espanol\/wp-content\/uploads\/sites\/2\/2024\/11\/Ali-Awad.webp\" \/>\n\t<meta property=\"og:image:width\" content=\"940\" \/>\n\t<meta property=\"og:image:height\" content=\"1080\" \/>\n\t<meta property=\"og:image:type\" content=\"image\/webp\" \/>\n<meta name=\"twitter:card\" content=\"summary_large_image\" \/>\n<meta name=\"twitter:label1\" content=\"Est. reading time\" \/>\n\t<meta name=\"twitter:data1\" content=\"2 minutes\" \/>\n<script type=\"application\/ld+json\" class=\"yoast-schema-graph\">{\"@context\":\"https:\\\/\\\/schema.org\",\"@graph\":[{\"@type\":\"WebPage\",\"@id\":\"https:\\\/\\\/ceolawyer.com\\\/espanol\\\/conocer-al-equipo\\\/ali-awad\\\/\",\"url\":\"https:\\\/\\\/ceolawyer.com\\\/espanol\\\/conocer-al-equipo\\\/ali-awad\\\/\",\"name\":\"Abogado Fundador Ali Awad - CEO Lawyer\",\"isPartOf\":{\"@id\":\"https:\\\/\\\/ceolawyer.com\\\/espanol\\\/#website\"},\"primaryImageOfPage\":{\"@id\":\"https:\\\/\\\/ceolawyer.com\\\/espanol\\\/conocer-al-equipo\\\/ali-awad\\\/#primaryimage\"},\"image\":{\"@id\":\"https:\\\/\\\/ceolawyer.com\\\/espanol\\\/conocer-al-equipo\\\/ali-awad\\\/#primaryimage\"},\"thumbnailUrl\":\"https:\\\/\\\/ceolawyer.com\\\/espanol\\\/wp-content\\\/uploads\\\/sites\\\/2\\\/2024\\\/11\\\/Ali-Awad.webp\",\"datePublished\":\"2024-11-12T18:00:03+00:00\",\"dateModified\":\"2025-09-30T16:59:34+00:00\",\"description\":\"Conozca m\u00e1s sobre Ali Awad en el equipo de abogados del CEO.\",\"breadcrumb\":{\"@id\":\"https:\\\/\\\/ceolawyer.com\\\/espanol\\\/conocer-al-equipo\\\/ali-awad\\\/#breadcrumb\"},\"inLanguage\":\"en-US\",\"potentialAction\":[{\"@type\":\"ReadAction\",\"target\":[\"https:\\\/\\\/ceolawyer.com\\\/espanol\\\/conocer-al-equipo\\\/ali-awad\\\/\"]}]},{\"@type\":\"ImageObject\",\"inLanguage\":\"en-US\",\"@id\":\"https:\\\/\\\/ceolawyer.com\\\/espanol\\\/conocer-al-equipo\\\/ali-awad\\\/#primaryimage\",\"url\":\"https:\\\/\\\/ceolawyer.com\\\/espanol\\\/wp-content\\\/uploads\\\/sites\\\/2\\\/2024\\\/11\\\/Ali-Awad.webp\",\"contentUrl\":\"https:\\\/\\\/ceolawyer.com\\\/espanol\\\/wp-content\\\/uploads\\\/sites\\\/2\\\/2024\\\/11\\\/Ali-Awad.webp\",\"width\":940,\"height\":1080,\"caption\":\"Ali Awad\"},{\"@type\":\"BreadcrumbList\",\"@id\":\"https:\\\/\\\/ceolawyer.com\\\/espanol\\\/conocer-al-equipo\\\/ali-awad\\\/#breadcrumb\",\"itemListElement\":[{\"@type\":\"ListItem\",\"position\":1,\"name\":\"Home\",\"item\":\"https:\\\/\\\/ceolawyer.com\\\/espanol\\\/\"},{\"@type\":\"ListItem\",\"position\":2,\"name\":\"Conocer Al Equipo\",\"item\":\"https:\\\/\\\/ceolawyer.com\\\/espanol\\\/conocer-al-equipo\\\/\"},{\"@type\":\"ListItem\",\"position\":3,\"name\":\"Abogado Fundador Ali Awad\"}]},{\"@type\":\"WebSite\",\"@id\":\"https:\\\/\\\/ceolawyer.com\\\/espanol\\\/#website\",\"url\":\"https:\\\/\\\/ceolawyer.com\\\/espanol\\\/\",\"name\":\"CEO Lawyer\",\"description\":\"Personal Injury Attorney\",\"publisher\":{\"@id\":\"https:\\\/\\\/ceolawyer.com\\\/espanol\\\/#organization\"},\"potentialAction\":[{\"@type\":\"SearchAction\",\"target\":{\"@type\":\"EntryPoint\",\"urlTemplate\":\"https:\\\/\\\/ceolawyer.com\\\/espanol\\\/?s={search_term_string}\"},\"query-input\":{\"@type\":\"PropertyValueSpecification\",\"valueRequired\":true,\"valueName\":\"search_term_string\"}}],\"inLanguage\":\"en-US\"},{\"@type\":\"Organization\",\"@id\":\"https:\\\/\\\/ceolawyer.com\\\/espanol\\\/#organization\",\"name\":\"CEO Lawyer\",\"url\":\"https:\\\/\\\/ceolawyer.com\\\/espanol\\\/\",\"logo\":{\"@type\":\"ImageObject\",\"inLanguage\":\"en-US\",\"@id\":\"https:\\\/\\\/ceolawyer.com\\\/espanol\\\/#\\\/schema\\\/logo\\\/image\\\/\",\"url\":\"https:\\\/\\\/ceolawyer.com\\\/espanol\\\/wp-content\\\/uploads\\\/sites\\\/2\\\/2022\\\/05\\\/CEO_Logo.png\",\"contentUrl\":\"https:\\\/\\\/ceolawyer.com\\\/espanol\\\/wp-content\\\/uploads\\\/sites\\\/2\\\/2022\\\/05\\\/CEO_Logo.png\",\"width\":200,\"height\":108,\"caption\":\"CEO Lawyer\"},\"image\":{\"@id\":\"https:\\\/\\\/ceolawyer.com\\\/espanol\\\/#\\\/schema\\\/logo\\\/image\\\/\"}}]}<\/script>\n<!-- \/ Yoast SEO plugin. -->","yoast_head_json":{"title":"Abogado Fundador Ali Awad - CEO Lawyer","description":"Conozca m\u00e1s sobre Ali Awad en el equipo de abogados del CEO.","robots":{"index":"index","follow":"follow","max-snippet":"max-snippet:-1","max-image-preview":"max-image-preview:large","max-video-preview":"max-video-preview:-1"},"canonical":"https:\/\/ceolawyer.com\/espanol\/conocer-al-equipo\/ali-awad\/","og_locale":"en_US","og_type":"article","og_title":"Abogado Fundador Ali Awad - CEO Lawyer","og_description":"Conozca m\u00e1s sobre Ali Awad en el equipo de abogados del CEO.","og_url":"https:\/\/ceolawyer.com\/espanol\/conocer-al-equipo\/ali-awad\/","og_site_name":"CEO Lawyer","article_modified_time":"2025-09-30T16:59:34+00:00","og_image":[{"width":940,"height":1080,"url":"https:\/\/ceolawyer.com\/espanol\/wp-content\/uploads\/sites\/2\/2024\/11\/Ali-Awad.webp","type":"image\/webp"}],"twitter_card":"summary_large_image","twitter_misc":{"Est. reading time":"2 minutes"},"schema":{"@context":"https:\/\/schema.org","@graph":[{"@type":"WebPage","@id":"https:\/\/ceolawyer.com\/espanol\/conocer-al-equipo\/ali-awad\/","url":"https:\/\/ceolawyer.com\/espanol\/conocer-al-equipo\/ali-awad\/","name":"Abogado Fundador Ali Awad - CEO Lawyer","isPartOf":{"@id":"https:\/\/ceolawyer.com\/espanol\/#website"},"primaryImageOfPage":{"@id":"https:\/\/ceolawyer.com\/espanol\/conocer-al-equipo\/ali-awad\/#primaryimage"},"image":{"@id":"https:\/\/ceolawyer.com\/espanol\/conocer-al-equipo\/ali-awad\/#primaryimage"},"thumbnailUrl":"https:\/\/ceolawyer.com\/espanol\/wp-content\/uploads\/sites\/2\/2024\/11\/Ali-Awad.webp","datePublished":"2024-11-12T18:00:03+00:00","dateModified":"2025-09-30T16:59:34+00:00","description":"Conozca m\u00e1s sobre Ali Awad en el equipo de abogados del CEO.","breadcrumb":{"@id":"https:\/\/ceolawyer.com\/espanol\/conocer-al-equipo\/ali-awad\/#breadcrumb"},"inLanguage":"en-US","potentialAction":[{"@type":"ReadAction","target":["https:\/\/ceolawyer.com\/espanol\/conocer-al-equipo\/ali-awad\/"]}]},{"@type":"ImageObject","inLanguage":"en-US","@id":"https:\/\/ceolawyer.com\/espanol\/conocer-al-equipo\/ali-awad\/#primaryimage","url":"https:\/\/ceolawyer.com\/espanol\/wp-content\/uploads\/sites\/2\/2024\/11\/Ali-Awad.webp","contentUrl":"https:\/\/ceolawyer.com\/espanol\/wp-content\/uploads\/sites\/2\/2024\/11\/Ali-Awad.webp","width":940,"height":1080,"caption":"Ali Awad"},{"@type":"BreadcrumbList","@id":"https:\/\/ceolawyer.com\/espanol\/conocer-al-equipo\/ali-awad\/#breadcrumb","itemListElement":[{"@type":"ListItem","position":1,"name":"Home","item":"https:\/\/ceolawyer.com\/espanol\/"},{"@type":"ListItem","position":2,"name":"Conocer Al Equipo","item":"https:\/\/ceolawyer.com\/espanol\/conocer-al-equipo\/"},{"@type":"ListItem","position":3,"name":"Abogado Fundador Ali Awad"}]},{"@type":"WebSite","@id":"https:\/\/ceolawyer.com\/espanol\/#website","url":"https:\/\/ceolawyer.com\/espanol\/","name":"CEO Lawyer","description":"Personal Injury Attorney","publisher":{"@id":"https:\/\/ceolawyer.com\/espanol\/#organization"},"potentialAction":[{"@type":"SearchAction","target":{"@type":"EntryPoint","urlTemplate":"https:\/\/ceolawyer.com\/espanol\/?s={search_term_string}"},"query-input":{"@type":"PropertyValueSpecification","valueRequired":true,"valueName":"search_term_string"}}],"inLanguage":"en-US"},{"@type":"Organization","@id":"https:\/\/ceolawyer.com\/espanol\/#organization","name":"CEO Lawyer","url":"https:\/\/ceolawyer.com\/espanol\/","logo":{"@type":"ImageObject","inLanguage":"en-US","@id":"https:\/\/ceolawyer.com\/espanol\/#\/schema\/logo\/image\/","url":"https:\/\/ceolawyer.com\/espanol\/wp-content\/uploads\/sites\/2\/2022\/05\/CEO_Logo.png","contentUrl":"https:\/\/ceolawyer.com\/espanol\/wp-content\/uploads\/sites\/2\/2022\/05\/CEO_Logo.png","width":200,"height":108,"caption":"CEO Lawyer"},"image":{"@id":"https:\/\/ceolawyer.com\/espanol\/#\/schema\/logo\/image\/"}}]}},"_links":{"self":[{"href":"https:\/\/ceolawyer.com\/espanol\/wp-json\/wp\/v2\/pages\/12232","targetHints":{"allow":["GET"]}}],"collection":[{"href":"https:\/\/ceolawyer.com\/espanol\/wp-json\/wp\/v2\/pages"}],"about":[{"href":"https:\/\/ceolawyer.com\/espanol\/wp-json\/wp\/v2\/types\/page"}],"author":[{"embeddable":true,"href":"https:\/\/ceolawyer.com\/espanol\/wp-json\/wp\/v2\/users\/18"}],"replies":[{"embeddable":true,"href":"https:\/\/ceolawyer.com\/espanol\/wp-json\/wp\/v2\/comments?post=12232"}],"version-history":[{"count":0,"href":"https:\/\/ceolawyer.com\/espanol\/wp-json\/wp\/v2\/pages\/12232\/revisions"}],"up":[{"embeddable":true,"href":"https:\/\/ceolawyer.com\/espanol\/wp-json\/wp\/v2\/pages\/12231"}],"wp:featuredmedia":[{"embeddable":true,"href":"https:\/\/ceolawyer.com\/espanol\/wp-json\/wp\/v2\/media\/12269"}],"wp:attachment":[{"href":"https:\/\/ceolawyer.com\/espanol\/wp-json\/wp\/v2\/media?parent=12232"}],"curies":[{"name":"wp","href":"https:\/\/api.w.org\/{rel}","templated":true}]}}