{"id":12236,"date":"2024-11-12T18:59:45","date_gmt":"2024-11-12T18:59:45","guid":{"rendered":"https:\/\/ceolawyer.com\/espanol\/?page_id=12236"},"modified":"2026-01-08T15:52:23","modified_gmt":"2026-01-08T15:52:23","slug":"bassel-zeitouni","status":"publish","type":"page","link":"https:\/\/ceolawyer.com\/espanol\/conocer-al-equipo\/bassel-zeitouni\/","title":{"rendered":"Abogado Senior Bassel Zeitouni"},"content":{"rendered":"<p><span style=\"font-weight: 400;\">Mi nombre es Bassel y me gradu\u00e9 en justicia criminal de la Universidad de Charlotte en 2010. Despu\u00e9s de trabajar en cumplimiento de la ley, decid\u00ed ir a la escuela de leyes y llevar mi pasi\u00f3n al derecho civil. Al graduarme con honores Summa Cum Laude de la Universidad Central de Derecho de Carolina del Norte, inmediatamente entr\u00e9 a trabajar en el sector de lesiones personales, peleando para proteger los derechos. En mi tiempo libre, disfruto de actividades al aire libre, y durante el verano puede encontrarse pescando o surfeando. <\/span><\/p>\n","protected":false},"excerpt":{"rendered":"<p>Mi nombre es Bassel y me gradu\u00e9 en justicia criminal de la Universidad de Charlotte en 2010. Despu\u00e9s de trabajar en cumplimiento de la ley, decid\u00ed ir a la escuela de leyes y llevar mi pasi\u00f3n al derecho civil. Al graduarme con honores Summa Cum Laude de la Universidad Central de Derecho de Carolina del [&hellip;]<\/p>\n","protected":false},"author":18,"featured_media":13035,"parent":12231,"menu_order":0,"comment_status":"closed","ping_status":"closed","template":"template-team-single.php","meta":{"_acf_changed":false,"footnotes":""},"class_list":["post-12236","page","type-page","status-publish","has-post-thumbnail","hentry"],"acf":[],"yoast_head":"<!-- This site is optimized with the Yoast SEO plugin v27.4 - https:\/\/yoast.com\/product\/yoast-seo-wordpress\/ -->\n<title>Bassel Zeitouni, Abogado Asociado Senior de Prelitigio | CEO Lawyer<\/title>\n<meta name=\"description\" content=\"Conoce a Bassel Zeitouni, miembro del equipo de CEO Lawyer Personal Injury Law Firm. Contacta para asistencia legal. Cont\u00e1ctenos a (833)-254-2923.\" \/>\n<meta name=\"robots\" content=\"index, follow, max-snippet:-1, max-image-preview:large, max-video-preview:-1\" \/>\n<link rel=\"canonical\" href=\"https:\/\/ceolawyer.com\/espanol\/conocer-al-equipo\/bassel-zeitouni\/\" \/>\n<meta property=\"og:locale\" content=\"en_US\" \/>\n<meta property=\"og:type\" content=\"article\" \/>\n<meta property=\"og:title\" content=\"Bassel Zeitouni, Abogado Asociado Senior de Prelitigio | CEO Lawyer\" \/>\n<meta property=\"og:description\" content=\"Conoce a Bassel Zeitouni, miembro del equipo de CEO Lawyer Personal Injury Law Firm. Contacta para asistencia legal. Cont\u00e1ctenos a (833)-254-2923.\" \/>\n<meta property=\"og:url\" content=\"https:\/\/ceolawyer.com\/espanol\/conocer-al-equipo\/bassel-zeitouni\/\" \/>\n<meta property=\"og:site_name\" content=\"CEO Lawyer\" \/>\n<meta property=\"article:modified_time\" content=\"2026-01-08T15:52:23+00:00\" \/>\n<meta property=\"og:image\" content=\"https:\/\/ceolawyer.com\/espanol\/wp-content\/uploads\/sites\/2\/2026\/01\/Bassel-Zeitouni.webp\" \/>\n\t<meta property=\"og:image:width\" content=\"360\" \/>\n\t<meta property=\"og:image:height\" content=\"414\" \/>\n\t<meta property=\"og:image:type\" content=\"image\/webp\" \/>\n<meta name=\"twitter:card\" content=\"summary_large_image\" \/>\n<meta name=\"twitter:label1\" content=\"Est. reading time\" \/>\n\t<meta name=\"twitter:data1\" content=\"1 minute\" \/>\n<script type=\"application\/ld+json\" class=\"yoast-schema-graph\">{\"@context\":\"https:\\\/\\\/schema.org\",\"@graph\":[{\"@type\":\"WebPage\",\"@id\":\"https:\\\/\\\/ceolawyer.com\\\/espanol\\\/conocer-al-equipo\\\/bassel-zeitouni\\\/\",\"url\":\"https:\\\/\\\/ceolawyer.com\\\/espanol\\\/conocer-al-equipo\\\/bassel-zeitouni\\\/\",\"name\":\"Bassel Zeitouni, Abogado Asociado Senior de Prelitigio | CEO Lawyer\",\"isPartOf\":{\"@id\":\"https:\\\/\\\/ceolawyer.com\\\/espanol\\\/#website\"},\"primaryImageOfPage\":{\"@id\":\"https:\\\/\\\/ceolawyer.com\\\/espanol\\\/conocer-al-equipo\\\/bassel-zeitouni\\\/#primaryimage\"},\"image\":{\"@id\":\"https:\\\/\\\/ceolawyer.com\\\/espanol\\\/conocer-al-equipo\\\/bassel-zeitouni\\\/#primaryimage\"},\"thumbnailUrl\":\"https:\\\/\\\/ceolawyer.com\\\/espanol\\\/wp-content\\\/uploads\\\/sites\\\/2\\\/2026\\\/01\\\/Bassel-Zeitouni.webp\",\"datePublished\":\"2024-11-12T18:59:45+00:00\",\"dateModified\":\"2026-01-08T15:52:23+00:00\",\"description\":\"Conoce a Bassel Zeitouni, miembro del equipo de CEO Lawyer Personal Injury Law Firm. Contacta para asistencia legal. Cont\u00e1ctenos a (833)-254-2923.\",\"breadcrumb\":{\"@id\":\"https:\\\/\\\/ceolawyer.com\\\/espanol\\\/conocer-al-equipo\\\/bassel-zeitouni\\\/#breadcrumb\"},\"inLanguage\":\"en-US\",\"potentialAction\":[{\"@type\":\"ReadAction\",\"target\":[\"https:\\\/\\\/ceolawyer.com\\\/espanol\\\/conocer-al-equipo\\\/bassel-zeitouni\\\/\"]}]},{\"@type\":\"ImageObject\",\"inLanguage\":\"en-US\",\"@id\":\"https:\\\/\\\/ceolawyer.com\\\/espanol\\\/conocer-al-equipo\\\/bassel-zeitouni\\\/#primaryimage\",\"url\":\"https:\\\/\\\/ceolawyer.com\\\/espanol\\\/wp-content\\\/uploads\\\/sites\\\/2\\\/2026\\\/01\\\/Bassel-Zeitouni.webp\",\"contentUrl\":\"https:\\\/\\\/ceolawyer.com\\\/espanol\\\/wp-content\\\/uploads\\\/sites\\\/2\\\/2026\\\/01\\\/Bassel-Zeitouni.webp\",\"width\":360,\"height\":414,\"caption\":\"Bassel Zeitouni\"},{\"@type\":\"BreadcrumbList\",\"@id\":\"https:\\\/\\\/ceolawyer.com\\\/espanol\\\/conocer-al-equipo\\\/bassel-zeitouni\\\/#breadcrumb\",\"itemListElement\":[{\"@type\":\"ListItem\",\"position\":1,\"name\":\"Home\",\"item\":\"https:\\\/\\\/ceolawyer.com\\\/espanol\\\/\"},{\"@type\":\"ListItem\",\"position\":2,\"name\":\"Conocer Al Equipo\",\"item\":\"https:\\\/\\\/ceolawyer.com\\\/espanol\\\/conocer-al-equipo\\\/\"},{\"@type\":\"ListItem\",\"position\":3,\"name\":\"Abogado Senior Bassel Zeitouni\"}]},{\"@type\":\"WebSite\",\"@id\":\"https:\\\/\\\/ceolawyer.com\\\/espanol\\\/#website\",\"url\":\"https:\\\/\\\/ceolawyer.com\\\/espanol\\\/\",\"name\":\"CEO Lawyer\",\"description\":\"Personal Injury Attorney\",\"publisher\":{\"@id\":\"https:\\\/\\\/ceolawyer.com\\\/espanol\\\/#organization\"},\"potentialAction\":[{\"@type\":\"SearchAction\",\"target\":{\"@type\":\"EntryPoint\",\"urlTemplate\":\"https:\\\/\\\/ceolawyer.com\\\/espanol\\\/?s={search_term_string}\"},\"query-input\":{\"@type\":\"PropertyValueSpecification\",\"valueRequired\":true,\"valueName\":\"search_term_string\"}}],\"inLanguage\":\"en-US\"},{\"@type\":\"Organization\",\"@id\":\"https:\\\/\\\/ceolawyer.com\\\/espanol\\\/#organization\",\"name\":\"CEO Lawyer\",\"url\":\"https:\\\/\\\/ceolawyer.com\\\/espanol\\\/\",\"logo\":{\"@type\":\"ImageObject\",\"inLanguage\":\"en-US\",\"@id\":\"https:\\\/\\\/ceolawyer.com\\\/espanol\\\/#\\\/schema\\\/logo\\\/image\\\/\",\"url\":\"https:\\\/\\\/ceolawyer.com\\\/espanol\\\/wp-content\\\/uploads\\\/sites\\\/2\\\/2022\\\/05\\\/CEO_Logo.png\",\"contentUrl\":\"https:\\\/\\\/ceolawyer.com\\\/espanol\\\/wp-content\\\/uploads\\\/sites\\\/2\\\/2022\\\/05\\\/CEO_Logo.png\",\"width\":200,\"height\":108,\"caption\":\"CEO Lawyer\"},\"image\":{\"@id\":\"https:\\\/\\\/ceolawyer.com\\\/espanol\\\/#\\\/schema\\\/logo\\\/image\\\/\"}}]}<\/script>\n<!-- \/ Yoast SEO plugin. -->","yoast_head_json":{"title":"Bassel Zeitouni, Abogado Asociado Senior de Prelitigio | CEO Lawyer","description":"Conoce a Bassel Zeitouni, miembro del equipo de CEO Lawyer Personal Injury Law Firm. Contacta para asistencia legal. Cont\u00e1ctenos a (833)-254-2923.","robots":{"index":"index","follow":"follow","max-snippet":"max-snippet:-1","max-image-preview":"max-image-preview:large","max-video-preview":"max-video-preview:-1"},"canonical":"https:\/\/ceolawyer.com\/espanol\/conocer-al-equipo\/bassel-zeitouni\/","og_locale":"en_US","og_type":"article","og_title":"Bassel Zeitouni, Abogado Asociado Senior de Prelitigio | CEO Lawyer","og_description":"Conoce a Bassel Zeitouni, miembro del equipo de CEO Lawyer Personal Injury Law Firm. Contacta para asistencia legal. Cont\u00e1ctenos a (833)-254-2923.","og_url":"https:\/\/ceolawyer.com\/espanol\/conocer-al-equipo\/bassel-zeitouni\/","og_site_name":"CEO Lawyer","article_modified_time":"2026-01-08T15:52:23+00:00","og_image":[{"width":360,"height":414,"url":"https:\/\/ceolawyer.com\/espanol\/wp-content\/uploads\/sites\/2\/2026\/01\/Bassel-Zeitouni.webp","type":"image\/webp"}],"twitter_card":"summary_large_image","twitter_misc":{"Est. reading time":"1 minute"},"schema":{"@context":"https:\/\/schema.org","@graph":[{"@type":"WebPage","@id":"https:\/\/ceolawyer.com\/espanol\/conocer-al-equipo\/bassel-zeitouni\/","url":"https:\/\/ceolawyer.com\/espanol\/conocer-al-equipo\/bassel-zeitouni\/","name":"Bassel Zeitouni, Abogado Asociado Senior de Prelitigio | CEO Lawyer","isPartOf":{"@id":"https:\/\/ceolawyer.com\/espanol\/#website"},"primaryImageOfPage":{"@id":"https:\/\/ceolawyer.com\/espanol\/conocer-al-equipo\/bassel-zeitouni\/#primaryimage"},"image":{"@id":"https:\/\/ceolawyer.com\/espanol\/conocer-al-equipo\/bassel-zeitouni\/#primaryimage"},"thumbnailUrl":"https:\/\/ceolawyer.com\/espanol\/wp-content\/uploads\/sites\/2\/2026\/01\/Bassel-Zeitouni.webp","datePublished":"2024-11-12T18:59:45+00:00","dateModified":"2026-01-08T15:52:23+00:00","description":"Conoce a Bassel Zeitouni, miembro del equipo de CEO Lawyer Personal Injury Law Firm. Contacta para asistencia legal. Cont\u00e1ctenos a (833)-254-2923.","breadcrumb":{"@id":"https:\/\/ceolawyer.com\/espanol\/conocer-al-equipo\/bassel-zeitouni\/#breadcrumb"},"inLanguage":"en-US","potentialAction":[{"@type":"ReadAction","target":["https:\/\/ceolawyer.com\/espanol\/conocer-al-equipo\/bassel-zeitouni\/"]}]},{"@type":"ImageObject","inLanguage":"en-US","@id":"https:\/\/ceolawyer.com\/espanol\/conocer-al-equipo\/bassel-zeitouni\/#primaryimage","url":"https:\/\/ceolawyer.com\/espanol\/wp-content\/uploads\/sites\/2\/2026\/01\/Bassel-Zeitouni.webp","contentUrl":"https:\/\/ceolawyer.com\/espanol\/wp-content\/uploads\/sites\/2\/2026\/01\/Bassel-Zeitouni.webp","width":360,"height":414,"caption":"Bassel Zeitouni"},{"@type":"BreadcrumbList","@id":"https:\/\/ceolawyer.com\/espanol\/conocer-al-equipo\/bassel-zeitouni\/#breadcrumb","itemListElement":[{"@type":"ListItem","position":1,"name":"Home","item":"https:\/\/ceolawyer.com\/espanol\/"},{"@type":"ListItem","position":2,"name":"Conocer Al Equipo","item":"https:\/\/ceolawyer.com\/espanol\/conocer-al-equipo\/"},{"@type":"ListItem","position":3,"name":"Abogado Senior Bassel Zeitouni"}]},{"@type":"WebSite","@id":"https:\/\/ceolawyer.com\/espanol\/#website","url":"https:\/\/ceolawyer.com\/espanol\/","name":"CEO Lawyer","description":"Personal Injury Attorney","publisher":{"@id":"https:\/\/ceolawyer.com\/espanol\/#organization"},"potentialAction":[{"@type":"SearchAction","target":{"@type":"EntryPoint","urlTemplate":"https:\/\/ceolawyer.com\/espanol\/?s={search_term_string}"},"query-input":{"@type":"PropertyValueSpecification","valueRequired":true,"valueName":"search_term_string"}}],"inLanguage":"en-US"},{"@type":"Organization","@id":"https:\/\/ceolawyer.com\/espanol\/#organization","name":"CEO Lawyer","url":"https:\/\/ceolawyer.com\/espanol\/","logo":{"@type":"ImageObject","inLanguage":"en-US","@id":"https:\/\/ceolawyer.com\/espanol\/#\/schema\/logo\/image\/","url":"https:\/\/ceolawyer.com\/espanol\/wp-content\/uploads\/sites\/2\/2022\/05\/CEO_Logo.png","contentUrl":"https:\/\/ceolawyer.com\/espanol\/wp-content\/uploads\/sites\/2\/2022\/05\/CEO_Logo.png","width":200,"height":108,"caption":"CEO Lawyer"},"image":{"@id":"https:\/\/ceolawyer.com\/espanol\/#\/schema\/logo\/image\/"}}]}},"_links":{"self":[{"href":"https:\/\/ceolawyer.com\/espanol\/wp-json\/wp\/v2\/pages\/12236","targetHints":{"allow":["GET"]}}],"collection":[{"href":"https:\/\/ceolawyer.com\/espanol\/wp-json\/wp\/v2\/pages"}],"about":[{"href":"https:\/\/ceolawyer.com\/espanol\/wp-json\/wp\/v2\/types\/page"}],"author":[{"embeddable":true,"href":"https:\/\/ceolawyer.com\/espanol\/wp-json\/wp\/v2\/users\/18"}],"replies":[{"embeddable":true,"href":"https:\/\/ceolawyer.com\/espanol\/wp-json\/wp\/v2\/comments?post=12236"}],"version-history":[{"count":0,"href":"https:\/\/ceolawyer.com\/espanol\/wp-json\/wp\/v2\/pages\/12236\/revisions"}],"up":[{"embeddable":true,"href":"https:\/\/ceolawyer.com\/espanol\/wp-json\/wp\/v2\/pages\/12231"}],"wp:featuredmedia":[{"embeddable":true,"href":"https:\/\/ceolawyer.com\/espanol\/wp-json\/wp\/v2\/media\/13035"}],"wp:attachment":[{"href":"https:\/\/ceolawyer.com\/espanol\/wp-json\/wp\/v2\/media?parent=12236"}],"curies":[{"name":"wp","href":"https:\/\/api.w.org\/{rel}","templated":true}]}}