{"id":12238,"date":"2024-11-12T19:08:01","date_gmt":"2024-11-12T19:08:01","guid":{"rendered":"https:\/\/ceolawyer.com\/espanol\/?page_id=12238"},"modified":"2025-09-30T17:59:29","modified_gmt":"2025-09-30T17:59:29","slug":"nathan-kratzert","status":"publish","type":"page","link":"https:\/\/ceolawyer.com\/espanol\/conocer-al-equipo\/nathan-kratzert\/","title":{"rendered":"Abogado Litigante Senior Nathan Kratzert"},"content":{"rendered":"<p><span style=\"font-weight: 400;\">Yo empec\u00e9 mi carrera como asistente del abogado del distrito procesando asuntos de alta complejidad en la Corte Superior de Georgia. Trabaje incansablemente incansablemente con j\u00f3venes en riesgo e individuos con dependencia a adicciones en los tribunales juveniles y de rendici\u00f3n de cuentas de Georgia, al mismo tiempo que adquir\u00ec una amplia experiencia en apelaciones en los tribunales de apelaci\u00f3n de Georgia.\u00a0<\/span><\/p>\n<p><span style=\"font-weight: 400;\">Aporte esa experiencia y pasi\u00f3n por la justicia para ayudar a las v\u00edctimas lesionadas cuyas vidas fueron trastornadas por la negligencia de otros. Mi incansable \u00e9tica laboral, amplia preparaci\u00f3n de casos, integridad y dedicaci\u00f3n a los detalles han tenido como resultado la recuperaci\u00f3n de cientos de millones de d\u00f3lares para mis clientes.\u00a0<\/span><\/p>\n<p><span style=\"font-weight: 400;\">Estoy emocionado de traer conmigo mi vasto entendimiento de la ley al equipo legal del abogado Ali Awad (CEO Lawyer) y comprometerme a obtener los mejores resultados posibles para nuestros clientes. Mi filosof\u00eda de vida pr\u00e1ctica legal es simple: \u201chaz lo que es correcto, no lo que es f\u00e1cil\u201d.<\/span><\/p>\n<p><span style=\"font-weight: 400;\">Tengo un tremendo respeto por la responsabilidad que me es dada por los clientes como abogado de la firma legal del abogado Ali Awad (CEO lawyer). Le doy gran valor al impecable fundamento que el abogado Ali Awad ha construido hasta la fecha mientras que continuamos creciendo, promoviendo nuestro compromiso de servir a los clientes con confianza, integridad y compasi\u00f3n.\u00a0<\/span><\/p>\n<p><span style=\"font-weight: 400;\">En mi tiempo libre, me gusta jugar hockey sobre hielo, baloncesto, y entrenar regularmente, lo que me ayuda a estar para mi esposa y nuestros cuatro hijos.<\/span><\/p>\n<p><span style=\"font-weight: 400;\">Miami University \u2013 Ohio, BA<\/span><\/p>\n<p><span style=\"font-weight: 400;\">John Marshall Law School, JD<\/span><\/p>\n<p><span style=\"font-weight: 400;\">Outstanding Young Lawyers 2020 \u2013 Atlanta Magazine<\/span><\/p>\n<p><span style=\"font-weight: 400;\">Super Lawyer Rising Star 2020-2023<\/span><\/p>\n<p><span style=\"font-weight: 400;\">American Institute of Trial Lawyers \u2013 Litigator of the Year \u2013 2022<\/span><\/p>\n<p><span style=\"font-weight: 400;\">GTLA Member<\/span><\/p>\n<p><span style=\"font-weight: 400;\">Admitted to all Georgia State, Superior, Appellate and Supreme Court<\/span><\/p>\n<p><span style=\"font-weight: 400;\">Admitted to Northern District of Georgia<\/span><\/p>\n","protected":false},"excerpt":{"rendered":"<p>Yo empec\u00e9 mi carrera como asistente del abogado del distrito procesando asuntos de alta complejidad en la Corte Superior de Georgia. Trabaje incansablemente incansablemente con j\u00f3venes en riesgo e individuos con dependencia a adicciones en los tribunales juveniles y de rendici\u00f3n de cuentas de Georgia, al mismo tiempo que adquir\u00ec una amplia experiencia en apelaciones [&hellip;]<\/p>\n","protected":false},"author":18,"featured_media":12314,"parent":12231,"menu_order":0,"comment_status":"closed","ping_status":"closed","template":"template-team-single.php","meta":{"_acf_changed":false,"footnotes":""},"class_list":["post-12238","page","type-page","status-publish","has-post-thumbnail","hentry"],"acf":[],"yoast_head":"<!-- This site is optimized with the Yoast SEO plugin v27.4 - https:\/\/yoast.com\/product\/yoast-seo-wordpress\/ -->\n<title>Abogado de Litigios Nathan Kratzert | CEO Lawyer<\/title>\n<meta name=\"description\" content=\"Conoce a Nathan Kratzert, experto en CEO Lawyer Personal Injury Law Firm. Cont\u00e1ctanos para apoyo legal. Cont\u00e1ctenos a (833)-254-2923.\" \/>\n<meta name=\"robots\" content=\"index, follow, max-snippet:-1, max-image-preview:large, max-video-preview:-1\" \/>\n<link rel=\"canonical\" href=\"https:\/\/ceolawyer.com\/espanol\/conocer-al-equipo\/nathan-kratzert\/\" \/>\n<meta property=\"og:locale\" content=\"en_US\" \/>\n<meta property=\"og:type\" content=\"article\" \/>\n<meta property=\"og:title\" content=\"Abogado de Litigios Nathan Kratzert | CEO Lawyer\" \/>\n<meta property=\"og:description\" content=\"Conoce a Nathan Kratzert, experto en CEO Lawyer Personal Injury Law Firm. Cont\u00e1ctanos para apoyo legal. Cont\u00e1ctenos a (833)-254-2923.\" \/>\n<meta property=\"og:url\" content=\"https:\/\/ceolawyer.com\/espanol\/conocer-al-equipo\/nathan-kratzert\/\" \/>\n<meta property=\"og:site_name\" content=\"CEO Lawyer\" \/>\n<meta property=\"article:modified_time\" content=\"2025-09-30T17:59:29+00:00\" \/>\n<meta property=\"og:image\" content=\"https:\/\/ceolawyer.com\/espanol\/wp-content\/uploads\/sites\/2\/2024\/11\/Nathan-kratzert.webp\" \/>\n\t<meta property=\"og:image:width\" content=\"407\" \/>\n\t<meta property=\"og:image:height\" content=\"468\" \/>\n\t<meta property=\"og:image:type\" content=\"image\/webp\" \/>\n<meta name=\"twitter:card\" content=\"summary_large_image\" \/>\n<meta name=\"twitter:label1\" content=\"Est. reading time\" \/>\n\t<meta name=\"twitter:data1\" content=\"2 minutes\" \/>\n<script type=\"application\/ld+json\" class=\"yoast-schema-graph\">{\"@context\":\"https:\\\/\\\/schema.org\",\"@graph\":[{\"@type\":\"WebPage\",\"@id\":\"https:\\\/\\\/ceolawyer.com\\\/espanol\\\/conocer-al-equipo\\\/nathan-kratzert\\\/\",\"url\":\"https:\\\/\\\/ceolawyer.com\\\/espanol\\\/conocer-al-equipo\\\/nathan-kratzert\\\/\",\"name\":\"Abogado de Litigios Nathan Kratzert | CEO Lawyer\",\"isPartOf\":{\"@id\":\"https:\\\/\\\/ceolawyer.com\\\/espanol\\\/#website\"},\"primaryImageOfPage\":{\"@id\":\"https:\\\/\\\/ceolawyer.com\\\/espanol\\\/conocer-al-equipo\\\/nathan-kratzert\\\/#primaryimage\"},\"image\":{\"@id\":\"https:\\\/\\\/ceolawyer.com\\\/espanol\\\/conocer-al-equipo\\\/nathan-kratzert\\\/#primaryimage\"},\"thumbnailUrl\":\"https:\\\/\\\/ceolawyer.com\\\/espanol\\\/wp-content\\\/uploads\\\/sites\\\/2\\\/2024\\\/11\\\/Nathan-kratzert.webp\",\"datePublished\":\"2024-11-12T19:08:01+00:00\",\"dateModified\":\"2025-09-30T17:59:29+00:00\",\"description\":\"Conoce a Nathan Kratzert, experto en CEO Lawyer Personal Injury Law Firm. Cont\u00e1ctanos para apoyo legal. Cont\u00e1ctenos a (833)-254-2923.\",\"breadcrumb\":{\"@id\":\"https:\\\/\\\/ceolawyer.com\\\/espanol\\\/conocer-al-equipo\\\/nathan-kratzert\\\/#breadcrumb\"},\"inLanguage\":\"en-US\",\"potentialAction\":[{\"@type\":\"ReadAction\",\"target\":[\"https:\\\/\\\/ceolawyer.com\\\/espanol\\\/conocer-al-equipo\\\/nathan-kratzert\\\/\"]}]},{\"@type\":\"ImageObject\",\"inLanguage\":\"en-US\",\"@id\":\"https:\\\/\\\/ceolawyer.com\\\/espanol\\\/conocer-al-equipo\\\/nathan-kratzert\\\/#primaryimage\",\"url\":\"https:\\\/\\\/ceolawyer.com\\\/espanol\\\/wp-content\\\/uploads\\\/sites\\\/2\\\/2024\\\/11\\\/Nathan-kratzert.webp\",\"contentUrl\":\"https:\\\/\\\/ceolawyer.com\\\/espanol\\\/wp-content\\\/uploads\\\/sites\\\/2\\\/2024\\\/11\\\/Nathan-kratzert.webp\",\"width\":407,\"height\":468,\"caption\":\"Nathan Kratzert\"},{\"@type\":\"BreadcrumbList\",\"@id\":\"https:\\\/\\\/ceolawyer.com\\\/espanol\\\/conocer-al-equipo\\\/nathan-kratzert\\\/#breadcrumb\",\"itemListElement\":[{\"@type\":\"ListItem\",\"position\":1,\"name\":\"Home\",\"item\":\"https:\\\/\\\/ceolawyer.com\\\/espanol\\\/\"},{\"@type\":\"ListItem\",\"position\":2,\"name\":\"Conocer Al Equipo\",\"item\":\"https:\\\/\\\/ceolawyer.com\\\/espanol\\\/conocer-al-equipo\\\/\"},{\"@type\":\"ListItem\",\"position\":3,\"name\":\"Abogado Litigante Senior Nathan Kratzert\"}]},{\"@type\":\"WebSite\",\"@id\":\"https:\\\/\\\/ceolawyer.com\\\/espanol\\\/#website\",\"url\":\"https:\\\/\\\/ceolawyer.com\\\/espanol\\\/\",\"name\":\"CEO Lawyer\",\"description\":\"Personal Injury Attorney\",\"publisher\":{\"@id\":\"https:\\\/\\\/ceolawyer.com\\\/espanol\\\/#organization\"},\"potentialAction\":[{\"@type\":\"SearchAction\",\"target\":{\"@type\":\"EntryPoint\",\"urlTemplate\":\"https:\\\/\\\/ceolawyer.com\\\/espanol\\\/?s={search_term_string}\"},\"query-input\":{\"@type\":\"PropertyValueSpecification\",\"valueRequired\":true,\"valueName\":\"search_term_string\"}}],\"inLanguage\":\"en-US\"},{\"@type\":\"Organization\",\"@id\":\"https:\\\/\\\/ceolawyer.com\\\/espanol\\\/#organization\",\"name\":\"CEO Lawyer\",\"url\":\"https:\\\/\\\/ceolawyer.com\\\/espanol\\\/\",\"logo\":{\"@type\":\"ImageObject\",\"inLanguage\":\"en-US\",\"@id\":\"https:\\\/\\\/ceolawyer.com\\\/espanol\\\/#\\\/schema\\\/logo\\\/image\\\/\",\"url\":\"https:\\\/\\\/ceolawyer.com\\\/espanol\\\/wp-content\\\/uploads\\\/sites\\\/2\\\/2022\\\/05\\\/CEO_Logo.png\",\"contentUrl\":\"https:\\\/\\\/ceolawyer.com\\\/espanol\\\/wp-content\\\/uploads\\\/sites\\\/2\\\/2022\\\/05\\\/CEO_Logo.png\",\"width\":200,\"height\":108,\"caption\":\"CEO Lawyer\"},\"image\":{\"@id\":\"https:\\\/\\\/ceolawyer.com\\\/espanol\\\/#\\\/schema\\\/logo\\\/image\\\/\"}}]}<\/script>\n<!-- \/ Yoast SEO plugin. -->","yoast_head_json":{"title":"Abogado de Litigios Nathan Kratzert | CEO Lawyer","description":"Conoce a Nathan Kratzert, experto en CEO Lawyer Personal Injury Law Firm. Cont\u00e1ctanos para apoyo legal. Cont\u00e1ctenos a (833)-254-2923.","robots":{"index":"index","follow":"follow","max-snippet":"max-snippet:-1","max-image-preview":"max-image-preview:large","max-video-preview":"max-video-preview:-1"},"canonical":"https:\/\/ceolawyer.com\/espanol\/conocer-al-equipo\/nathan-kratzert\/","og_locale":"en_US","og_type":"article","og_title":"Abogado de Litigios Nathan Kratzert | CEO Lawyer","og_description":"Conoce a Nathan Kratzert, experto en CEO Lawyer Personal Injury Law Firm. Cont\u00e1ctanos para apoyo legal. Cont\u00e1ctenos a (833)-254-2923.","og_url":"https:\/\/ceolawyer.com\/espanol\/conocer-al-equipo\/nathan-kratzert\/","og_site_name":"CEO Lawyer","article_modified_time":"2025-09-30T17:59:29+00:00","og_image":[{"width":407,"height":468,"url":"https:\/\/ceolawyer.com\/espanol\/wp-content\/uploads\/sites\/2\/2024\/11\/Nathan-kratzert.webp","type":"image\/webp"}],"twitter_card":"summary_large_image","twitter_misc":{"Est. reading time":"2 minutes"},"schema":{"@context":"https:\/\/schema.org","@graph":[{"@type":"WebPage","@id":"https:\/\/ceolawyer.com\/espanol\/conocer-al-equipo\/nathan-kratzert\/","url":"https:\/\/ceolawyer.com\/espanol\/conocer-al-equipo\/nathan-kratzert\/","name":"Abogado de Litigios Nathan Kratzert | CEO Lawyer","isPartOf":{"@id":"https:\/\/ceolawyer.com\/espanol\/#website"},"primaryImageOfPage":{"@id":"https:\/\/ceolawyer.com\/espanol\/conocer-al-equipo\/nathan-kratzert\/#primaryimage"},"image":{"@id":"https:\/\/ceolawyer.com\/espanol\/conocer-al-equipo\/nathan-kratzert\/#primaryimage"},"thumbnailUrl":"https:\/\/ceolawyer.com\/espanol\/wp-content\/uploads\/sites\/2\/2024\/11\/Nathan-kratzert.webp","datePublished":"2024-11-12T19:08:01+00:00","dateModified":"2025-09-30T17:59:29+00:00","description":"Conoce a Nathan Kratzert, experto en CEO Lawyer Personal Injury Law Firm. Cont\u00e1ctanos para apoyo legal. Cont\u00e1ctenos a (833)-254-2923.","breadcrumb":{"@id":"https:\/\/ceolawyer.com\/espanol\/conocer-al-equipo\/nathan-kratzert\/#breadcrumb"},"inLanguage":"en-US","potentialAction":[{"@type":"ReadAction","target":["https:\/\/ceolawyer.com\/espanol\/conocer-al-equipo\/nathan-kratzert\/"]}]},{"@type":"ImageObject","inLanguage":"en-US","@id":"https:\/\/ceolawyer.com\/espanol\/conocer-al-equipo\/nathan-kratzert\/#primaryimage","url":"https:\/\/ceolawyer.com\/espanol\/wp-content\/uploads\/sites\/2\/2024\/11\/Nathan-kratzert.webp","contentUrl":"https:\/\/ceolawyer.com\/espanol\/wp-content\/uploads\/sites\/2\/2024\/11\/Nathan-kratzert.webp","width":407,"height":468,"caption":"Nathan Kratzert"},{"@type":"BreadcrumbList","@id":"https:\/\/ceolawyer.com\/espanol\/conocer-al-equipo\/nathan-kratzert\/#breadcrumb","itemListElement":[{"@type":"ListItem","position":1,"name":"Home","item":"https:\/\/ceolawyer.com\/espanol\/"},{"@type":"ListItem","position":2,"name":"Conocer Al Equipo","item":"https:\/\/ceolawyer.com\/espanol\/conocer-al-equipo\/"},{"@type":"ListItem","position":3,"name":"Abogado Litigante Senior Nathan Kratzert"}]},{"@type":"WebSite","@id":"https:\/\/ceolawyer.com\/espanol\/#website","url":"https:\/\/ceolawyer.com\/espanol\/","name":"CEO Lawyer","description":"Personal Injury Attorney","publisher":{"@id":"https:\/\/ceolawyer.com\/espanol\/#organization"},"potentialAction":[{"@type":"SearchAction","target":{"@type":"EntryPoint","urlTemplate":"https:\/\/ceolawyer.com\/espanol\/?s={search_term_string}"},"query-input":{"@type":"PropertyValueSpecification","valueRequired":true,"valueName":"search_term_string"}}],"inLanguage":"en-US"},{"@type":"Organization","@id":"https:\/\/ceolawyer.com\/espanol\/#organization","name":"CEO Lawyer","url":"https:\/\/ceolawyer.com\/espanol\/","logo":{"@type":"ImageObject","inLanguage":"en-US","@id":"https:\/\/ceolawyer.com\/espanol\/#\/schema\/logo\/image\/","url":"https:\/\/ceolawyer.com\/espanol\/wp-content\/uploads\/sites\/2\/2022\/05\/CEO_Logo.png","contentUrl":"https:\/\/ceolawyer.com\/espanol\/wp-content\/uploads\/sites\/2\/2022\/05\/CEO_Logo.png","width":200,"height":108,"caption":"CEO Lawyer"},"image":{"@id":"https:\/\/ceolawyer.com\/espanol\/#\/schema\/logo\/image\/"}}]}},"_links":{"self":[{"href":"https:\/\/ceolawyer.com\/espanol\/wp-json\/wp\/v2\/pages\/12238","targetHints":{"allow":["GET"]}}],"collection":[{"href":"https:\/\/ceolawyer.com\/espanol\/wp-json\/wp\/v2\/pages"}],"about":[{"href":"https:\/\/ceolawyer.com\/espanol\/wp-json\/wp\/v2\/types\/page"}],"author":[{"embeddable":true,"href":"https:\/\/ceolawyer.com\/espanol\/wp-json\/wp\/v2\/users\/18"}],"replies":[{"embeddable":true,"href":"https:\/\/ceolawyer.com\/espanol\/wp-json\/wp\/v2\/comments?post=12238"}],"version-history":[{"count":0,"href":"https:\/\/ceolawyer.com\/espanol\/wp-json\/wp\/v2\/pages\/12238\/revisions"}],"up":[{"embeddable":true,"href":"https:\/\/ceolawyer.com\/espanol\/wp-json\/wp\/v2\/pages\/12231"}],"wp:featuredmedia":[{"embeddable":true,"href":"https:\/\/ceolawyer.com\/espanol\/wp-json\/wp\/v2\/media\/12314"}],"wp:attachment":[{"href":"https:\/\/ceolawyer.com\/espanol\/wp-json\/wp\/v2\/media?parent=12238"}],"curies":[{"name":"wp","href":"https:\/\/api.w.org\/{rel}","templated":true}]}}