{"id":12239,"date":"2024-11-12T19:10:27","date_gmt":"2024-11-12T19:10:27","guid":{"rendered":"https:\/\/ceolawyer.com\/espanol\/?page_id=12239"},"modified":"2025-10-09T12:47:57","modified_gmt":"2025-10-09T12:47:57","slug":"maen-hassuneh","status":"publish","type":"page","link":"https:\/\/ceolawyer.com\/espanol\/conocer-al-equipo\/maen-hassuneh\/","title":{"rendered":"Abogado Maen Hassuneh"},"content":{"rendered":"<p>Maen Hassuneh es abogado con licencia desde 2015.<\/p>\n<p>Su trayectoria naci\u00f3 de un profundo deseo de ayudar a las personas en necesidad, especialmente en lo relacionado con comprender las dificultades y complejidades de la ley.<\/p>\n<p>Las \u00e1reas de enfoque de Maen giran en torno a una aproximaci\u00f3n emp\u00e1tica, entendiendo a sus clientes y concentr\u00e1ndose en alcanzar sus objetivos de la mejor manera posible.<\/p>\n<p>Como el mayor de siete hermanos, Maen ha aprendido el valor de la paciencia y la comprensi\u00f3n. Esto le permite identificarse a profundidad con cada cliente, por lo cual brinda una planificaci\u00f3n espec\u00edfica para cada situaci\u00f3n individual. Gracias a ello, ha tenido el privilegio de trabajar con una amplia variedad de clientes de diferentes contextos y entiende que cada persona tiene necesidades distintas. Su objetivo es satisfacer los intereses de cada cliente de la manera m\u00e1s eficiente y efectiva posible.<\/p>\n<p>Cuando no est\u00e1 trabajando arduamente, Maen disfruta de pasar tiempo con su familia, as\u00ed como entrenar en el gimnasio, jugar f\u00fatbol y leer un buen libro.<\/p>\n","protected":false},"excerpt":{"rendered":"<p>Maen Hassuneh es abogado con licencia desde 2015. Su trayectoria naci\u00f3 de un profundo deseo de ayudar a las personas en necesidad, especialmente en lo relacionado con comprender las dificultades y complejidades de la ley. Las \u00e1reas de enfoque de Maen giran en torno a una aproximaci\u00f3n emp\u00e1tica, entendiendo a sus clientes y concentr\u00e1ndose en [&hellip;]<\/p>\n","protected":false},"author":18,"featured_media":12315,"parent":12231,"menu_order":0,"comment_status":"closed","ping_status":"closed","template":"template-team-single.php","meta":{"_acf_changed":false,"footnotes":""},"class_list":["post-12239","page","type-page","status-publish","has-post-thumbnail","hentry"],"acf":[],"yoast_head":"<!-- This site is optimized with the Yoast SEO plugin v27.2 - https:\/\/yoast.com\/product\/yoast-seo-wordpress\/ -->\n<title>Abogado de Prelitigio Maen Hassuneh | CEO Lawyer<\/title>\n<meta name=\"description\" content=\"Conoce a Maen Hassuneh, parte del equipo de CEO Lawyer Personal Injury Law Firm. Cont\u00e1ctanos para apoyo legal.\" \/>\n<meta name=\"robots\" content=\"index, follow, max-snippet:-1, max-image-preview:large, max-video-preview:-1\" \/>\n<link rel=\"canonical\" href=\"https:\/\/ceolawyer.com\/espanol\/conocer-al-equipo\/maen-hassuneh\/\" \/>\n<meta property=\"og:locale\" content=\"en_US\" \/>\n<meta property=\"og:type\" content=\"article\" \/>\n<meta property=\"og:title\" content=\"Abogado de Prelitigio Maen Hassuneh | CEO Lawyer\" \/>\n<meta property=\"og:description\" content=\"Conoce a Maen Hassuneh, parte del equipo de CEO Lawyer Personal Injury Law Firm. Cont\u00e1ctanos para apoyo legal.\" \/>\n<meta property=\"og:url\" content=\"https:\/\/ceolawyer.com\/espanol\/conocer-al-equipo\/maen-hassuneh\/\" \/>\n<meta property=\"og:site_name\" content=\"CEO Lawyer\" \/>\n<meta property=\"article:modified_time\" content=\"2025-10-09T12:47:57+00:00\" \/>\n<meta property=\"og:image\" content=\"https:\/\/ceolawyer.com\/espanol\/wp-content\/uploads\/sites\/2\/2024\/11\/maen.webp\" \/>\n\t<meta property=\"og:image:width\" content=\"407\" \/>\n\t<meta property=\"og:image:height\" content=\"468\" \/>\n\t<meta property=\"og:image:type\" content=\"image\/webp\" \/>\n<meta name=\"twitter:card\" content=\"summary_large_image\" \/>\n<meta name=\"twitter:label1\" content=\"Est. reading time\" \/>\n\t<meta name=\"twitter:data1\" content=\"1 minute\" \/>\n<script type=\"application\/ld+json\" class=\"yoast-schema-graph\">{\"@context\":\"https:\/\/schema.org\",\"@graph\":[{\"@type\":\"WebPage\",\"@id\":\"https:\/\/ceolawyer.com\/espanol\/conocer-al-equipo\/maen-hassuneh\/\",\"url\":\"https:\/\/ceolawyer.com\/espanol\/conocer-al-equipo\/maen-hassuneh\/\",\"name\":\"Abogado de Prelitigio Maen Hassuneh | CEO Lawyer\",\"isPartOf\":{\"@id\":\"https:\/\/ceolawyer.com\/espanol\/#website\"},\"primaryImageOfPage\":{\"@id\":\"https:\/\/ceolawyer.com\/espanol\/conocer-al-equipo\/maen-hassuneh\/#primaryimage\"},\"image\":{\"@id\":\"https:\/\/ceolawyer.com\/espanol\/conocer-al-equipo\/maen-hassuneh\/#primaryimage\"},\"thumbnailUrl\":\"https:\/\/ceolawyer.com\/espanol\/wp-content\/uploads\/sites\/2\/2024\/11\/maen.webp\",\"datePublished\":\"2024-11-12T19:10:27+00:00\",\"dateModified\":\"2025-10-09T12:47:57+00:00\",\"description\":\"Conoce a Maen Hassuneh, parte del equipo de CEO Lawyer Personal Injury Law Firm. Cont\u00e1ctanos para apoyo legal.\",\"breadcrumb\":{\"@id\":\"https:\/\/ceolawyer.com\/espanol\/conocer-al-equipo\/maen-hassuneh\/#breadcrumb\"},\"inLanguage\":\"en-US\",\"potentialAction\":[{\"@type\":\"ReadAction\",\"target\":[\"https:\/\/ceolawyer.com\/espanol\/conocer-al-equipo\/maen-hassuneh\/\"]}]},{\"@type\":\"ImageObject\",\"inLanguage\":\"en-US\",\"@id\":\"https:\/\/ceolawyer.com\/espanol\/conocer-al-equipo\/maen-hassuneh\/#primaryimage\",\"url\":\"https:\/\/ceolawyer.com\/espanol\/wp-content\/uploads\/sites\/2\/2024\/11\/maen.webp\",\"contentUrl\":\"https:\/\/ceolawyer.com\/espanol\/wp-content\/uploads\/sites\/2\/2024\/11\/maen.webp\",\"width\":407,\"height\":468,\"caption\":\"Maen Hassuneh\"},{\"@type\":\"BreadcrumbList\",\"@id\":\"https:\/\/ceolawyer.com\/espanol\/conocer-al-equipo\/maen-hassuneh\/#breadcrumb\",\"itemListElement\":[{\"@type\":\"ListItem\",\"position\":1,\"name\":\"Home\",\"item\":\"https:\/\/ceolawyer.com\/espanol\/\"},{\"@type\":\"ListItem\",\"position\":2,\"name\":\"Conocer Al Equipo\",\"item\":\"https:\/\/ceolawyer.com\/espanol\/conocer-al-equipo\/\"},{\"@type\":\"ListItem\",\"position\":3,\"name\":\"Abogado Maen Hassuneh\"}]},{\"@type\":\"WebSite\",\"@id\":\"https:\/\/ceolawyer.com\/espanol\/#website\",\"url\":\"https:\/\/ceolawyer.com\/espanol\/\",\"name\":\"CEO Lawyer\",\"description\":\"Personal Injury Attorney\",\"publisher\":{\"@id\":\"https:\/\/ceolawyer.com\/espanol\/#organization\"},\"potentialAction\":[{\"@type\":\"SearchAction\",\"target\":{\"@type\":\"EntryPoint\",\"urlTemplate\":\"https:\/\/ceolawyer.com\/espanol\/?s={search_term_string}\"},\"query-input\":{\"@type\":\"PropertyValueSpecification\",\"valueRequired\":true,\"valueName\":\"search_term_string\"}}],\"inLanguage\":\"en-US\"},{\"@type\":\"Organization\",\"@id\":\"https:\/\/ceolawyer.com\/espanol\/#organization\",\"name\":\"CEO Lawyer\",\"url\":\"https:\/\/ceolawyer.com\/espanol\/\",\"logo\":{\"@type\":\"ImageObject\",\"inLanguage\":\"en-US\",\"@id\":\"https:\/\/ceolawyer.com\/espanol\/#\/schema\/logo\/image\/\",\"url\":\"https:\/\/ceolawyer.com\/espanol\/wp-content\/uploads\/sites\/2\/2022\/05\/CEO_Logo.png\",\"contentUrl\":\"https:\/\/ceolawyer.com\/espanol\/wp-content\/uploads\/sites\/2\/2022\/05\/CEO_Logo.png\",\"width\":200,\"height\":108,\"caption\":\"CEO Lawyer\"},\"image\":{\"@id\":\"https:\/\/ceolawyer.com\/espanol\/#\/schema\/logo\/image\/\"}}]}<\/script>\n<!-- \/ Yoast SEO plugin. -->","yoast_head_json":{"title":"Abogado de Prelitigio Maen Hassuneh | CEO Lawyer","description":"Conoce a Maen Hassuneh, parte del equipo de CEO Lawyer Personal Injury Law Firm. Cont\u00e1ctanos para apoyo legal.","robots":{"index":"index","follow":"follow","max-snippet":"max-snippet:-1","max-image-preview":"max-image-preview:large","max-video-preview":"max-video-preview:-1"},"canonical":"https:\/\/ceolawyer.com\/espanol\/conocer-al-equipo\/maen-hassuneh\/","og_locale":"en_US","og_type":"article","og_title":"Abogado de Prelitigio Maen Hassuneh | CEO Lawyer","og_description":"Conoce a Maen Hassuneh, parte del equipo de CEO Lawyer Personal Injury Law Firm. Cont\u00e1ctanos para apoyo legal.","og_url":"https:\/\/ceolawyer.com\/espanol\/conocer-al-equipo\/maen-hassuneh\/","og_site_name":"CEO Lawyer","article_modified_time":"2025-10-09T12:47:57+00:00","og_image":[{"width":407,"height":468,"url":"https:\/\/ceolawyer.com\/espanol\/wp-content\/uploads\/sites\/2\/2024\/11\/maen.webp","type":"image\/webp"}],"twitter_card":"summary_large_image","twitter_misc":{"Est. reading time":"1 minute"},"schema":{"@context":"https:\/\/schema.org","@graph":[{"@type":"WebPage","@id":"https:\/\/ceolawyer.com\/espanol\/conocer-al-equipo\/maen-hassuneh\/","url":"https:\/\/ceolawyer.com\/espanol\/conocer-al-equipo\/maen-hassuneh\/","name":"Abogado de Prelitigio Maen Hassuneh | CEO Lawyer","isPartOf":{"@id":"https:\/\/ceolawyer.com\/espanol\/#website"},"primaryImageOfPage":{"@id":"https:\/\/ceolawyer.com\/espanol\/conocer-al-equipo\/maen-hassuneh\/#primaryimage"},"image":{"@id":"https:\/\/ceolawyer.com\/espanol\/conocer-al-equipo\/maen-hassuneh\/#primaryimage"},"thumbnailUrl":"https:\/\/ceolawyer.com\/espanol\/wp-content\/uploads\/sites\/2\/2024\/11\/maen.webp","datePublished":"2024-11-12T19:10:27+00:00","dateModified":"2025-10-09T12:47:57+00:00","description":"Conoce a Maen Hassuneh, parte del equipo de CEO Lawyer Personal Injury Law Firm. Cont\u00e1ctanos para apoyo legal.","breadcrumb":{"@id":"https:\/\/ceolawyer.com\/espanol\/conocer-al-equipo\/maen-hassuneh\/#breadcrumb"},"inLanguage":"en-US","potentialAction":[{"@type":"ReadAction","target":["https:\/\/ceolawyer.com\/espanol\/conocer-al-equipo\/maen-hassuneh\/"]}]},{"@type":"ImageObject","inLanguage":"en-US","@id":"https:\/\/ceolawyer.com\/espanol\/conocer-al-equipo\/maen-hassuneh\/#primaryimage","url":"https:\/\/ceolawyer.com\/espanol\/wp-content\/uploads\/sites\/2\/2024\/11\/maen.webp","contentUrl":"https:\/\/ceolawyer.com\/espanol\/wp-content\/uploads\/sites\/2\/2024\/11\/maen.webp","width":407,"height":468,"caption":"Maen Hassuneh"},{"@type":"BreadcrumbList","@id":"https:\/\/ceolawyer.com\/espanol\/conocer-al-equipo\/maen-hassuneh\/#breadcrumb","itemListElement":[{"@type":"ListItem","position":1,"name":"Home","item":"https:\/\/ceolawyer.com\/espanol\/"},{"@type":"ListItem","position":2,"name":"Conocer Al Equipo","item":"https:\/\/ceolawyer.com\/espanol\/conocer-al-equipo\/"},{"@type":"ListItem","position":3,"name":"Abogado Maen Hassuneh"}]},{"@type":"WebSite","@id":"https:\/\/ceolawyer.com\/espanol\/#website","url":"https:\/\/ceolawyer.com\/espanol\/","name":"CEO Lawyer","description":"Personal Injury Attorney","publisher":{"@id":"https:\/\/ceolawyer.com\/espanol\/#organization"},"potentialAction":[{"@type":"SearchAction","target":{"@type":"EntryPoint","urlTemplate":"https:\/\/ceolawyer.com\/espanol\/?s={search_term_string}"},"query-input":{"@type":"PropertyValueSpecification","valueRequired":true,"valueName":"search_term_string"}}],"inLanguage":"en-US"},{"@type":"Organization","@id":"https:\/\/ceolawyer.com\/espanol\/#organization","name":"CEO Lawyer","url":"https:\/\/ceolawyer.com\/espanol\/","logo":{"@type":"ImageObject","inLanguage":"en-US","@id":"https:\/\/ceolawyer.com\/espanol\/#\/schema\/logo\/image\/","url":"https:\/\/ceolawyer.com\/espanol\/wp-content\/uploads\/sites\/2\/2022\/05\/CEO_Logo.png","contentUrl":"https:\/\/ceolawyer.com\/espanol\/wp-content\/uploads\/sites\/2\/2022\/05\/CEO_Logo.png","width":200,"height":108,"caption":"CEO Lawyer"},"image":{"@id":"https:\/\/ceolawyer.com\/espanol\/#\/schema\/logo\/image\/"}}]}},"_links":{"self":[{"href":"https:\/\/ceolawyer.com\/espanol\/wp-json\/wp\/v2\/pages\/12239","targetHints":{"allow":["GET"]}}],"collection":[{"href":"https:\/\/ceolawyer.com\/espanol\/wp-json\/wp\/v2\/pages"}],"about":[{"href":"https:\/\/ceolawyer.com\/espanol\/wp-json\/wp\/v2\/types\/page"}],"author":[{"embeddable":true,"href":"https:\/\/ceolawyer.com\/espanol\/wp-json\/wp\/v2\/users\/18"}],"replies":[{"embeddable":true,"href":"https:\/\/ceolawyer.com\/espanol\/wp-json\/wp\/v2\/comments?post=12239"}],"version-history":[{"count":0,"href":"https:\/\/ceolawyer.com\/espanol\/wp-json\/wp\/v2\/pages\/12239\/revisions"}],"up":[{"embeddable":true,"href":"https:\/\/ceolawyer.com\/espanol\/wp-json\/wp\/v2\/pages\/12231"}],"wp:featuredmedia":[{"embeddable":true,"href":"https:\/\/ceolawyer.com\/espanol\/wp-json\/wp\/v2\/media\/12315"}],"wp:attachment":[{"href":"https:\/\/ceolawyer.com\/espanol\/wp-json\/wp\/v2\/media?parent=12239"}],"curies":[{"name":"wp","href":"https:\/\/api.w.org\/{rel}","templated":true}]}}