{"id":12240,"date":"2024-11-12T19:00:56","date_gmt":"2024-11-12T19:00:56","guid":{"rendered":"https:\/\/ceolawyer.com\/espanol\/?page_id=12240"},"modified":"2025-09-30T17:55:35","modified_gmt":"2025-09-30T17:55:35","slug":"faris-zejnelovic","status":"publish","type":"page","link":"https:\/\/ceolawyer.com\/espanol\/conocer-al-equipo\/faris-zejnelovic\/","title":{"rendered":"Abogado Senior Faris Zejnelovic"},"content":{"rendered":"<p><span style=\"font-weight: 400;\">He realizado mi pr\u00e1ctica de abogado desde el 2013. Por m\u00e1s de 10 a\u00f1os, he representado y ayudado a personas lesionadas a la obtenci\u00f3n de la justicia que se merecen. Ya sea negociando celosamente con las compa\u00f1\u00edas de seguros o litigando reclamaciones en nombre de mis clientes, siempre disfruto encontrando formas creativas de conseguir para mis clientes toda la compensaci\u00f3n a la que tienen derecho por ley.\u00a0<\/span><\/p>\n<p><span style=\"font-weight: 400;\">Soy un luchador por naturaleza, pero creo que la representaci\u00f3n m\u00e1s efectiva comienza escuchando atentamente las necesidades de mis clientes y me enorgullezco de investigar cada detalle en la b\u00fasqueda de ganar para mis clientes. Como inmigrante en los Estados Unidos me siento honrado y privilegiado de utilizar mi conocimiento, experiencia y voluntad de ganar para luchar por las personas lesionadas en todos los \u00e1mbitos de la vida.\u00a0<\/span><\/p>\n<p><span style=\"font-weight: 400;\">En mi tiempo libre, disfruto entrenando artes marciales mixtas, compitiendo ocasionalmente en peleas de artes marciales mixtas y pasando tiempo con mi familia y nuestros tres hijos. <\/span><\/p>\n","protected":false},"excerpt":{"rendered":"<p>He realizado mi pr\u00e1ctica de abogado desde el 2013. Por m\u00e1s de 10 a\u00f1os, he representado y ayudado a personas lesionadas a la obtenci\u00f3n de la justicia que se merecen. Ya sea negociando celosamente con las compa\u00f1\u00edas de seguros o litigando reclamaciones en nombre de mis clientes, siempre disfruto encontrando formas creativas de conseguir para [&hellip;]<\/p>\n","protected":false},"author":18,"featured_media":12317,"parent":12231,"menu_order":0,"comment_status":"closed","ping_status":"closed","template":"template-team-single.php","meta":{"_acf_changed":false,"footnotes":""},"class_list":["post-12240","page","type-page","status-publish","has-post-thumbnail","hentry"],"acf":[],"yoast_head":"<!-- This site is optimized with the Yoast SEO plugin v27.4 - https:\/\/yoast.com\/product\/yoast-seo-wordpress\/ -->\n<title>Abogado de Prelitigio Faris Zejnelovic | CEO Lawyer<\/title>\n<meta name=\"description\" content=\"Conozca a Faris Zejnelovic, un experto en CEO Lawyer Personal Injury Law Firm. Cont\u00e1ctenos para obtener apoyo legal dedicado. \u00a1Llame al (833)-254-2923 para una consulta gratuita!\" \/>\n<meta name=\"robots\" content=\"index, follow, max-snippet:-1, max-image-preview:large, max-video-preview:-1\" \/>\n<link rel=\"canonical\" href=\"https:\/\/ceolawyer.com\/espanol\/conocer-al-equipo\/faris-zejnelovic\/\" \/>\n<meta property=\"og:locale\" content=\"en_US\" \/>\n<meta property=\"og:type\" content=\"article\" \/>\n<meta property=\"og:title\" content=\"Abogado de Prelitigio Faris Zejnelovic | CEO Lawyer\" \/>\n<meta property=\"og:description\" content=\"Conozca a Faris Zejnelovic, un experto en CEO Lawyer Personal Injury Law Firm. Cont\u00e1ctenos para obtener apoyo legal dedicado. \u00a1Llame al (833)-254-2923 para una consulta gratuita!\" \/>\n<meta property=\"og:url\" content=\"https:\/\/ceolawyer.com\/espanol\/conocer-al-equipo\/faris-zejnelovic\/\" \/>\n<meta property=\"og:site_name\" content=\"CEO Lawyer\" \/>\n<meta property=\"article:modified_time\" content=\"2025-09-30T17:55:35+00:00\" \/>\n<meta property=\"og:image\" content=\"https:\/\/ceolawyer.com\/espanol\/wp-content\/uploads\/sites\/2\/2024\/11\/faris.webp\" \/>\n\t<meta property=\"og:image:width\" content=\"407\" \/>\n\t<meta property=\"og:image:height\" content=\"468\" \/>\n\t<meta property=\"og:image:type\" content=\"image\/webp\" \/>\n<meta name=\"twitter:card\" content=\"summary_large_image\" \/>\n<meta name=\"twitter:label1\" content=\"Est. reading time\" \/>\n\t<meta name=\"twitter:data1\" content=\"1 minute\" \/>\n<script type=\"application\/ld+json\" class=\"yoast-schema-graph\">{\"@context\":\"https:\\\/\\\/schema.org\",\"@graph\":[{\"@type\":\"WebPage\",\"@id\":\"https:\\\/\\\/ceolawyer.com\\\/espanol\\\/conocer-al-equipo\\\/faris-zejnelovic\\\/\",\"url\":\"https:\\\/\\\/ceolawyer.com\\\/espanol\\\/conocer-al-equipo\\\/faris-zejnelovic\\\/\",\"name\":\"Abogado de Prelitigio Faris Zejnelovic | CEO Lawyer\",\"isPartOf\":{\"@id\":\"https:\\\/\\\/ceolawyer.com\\\/espanol\\\/#website\"},\"primaryImageOfPage\":{\"@id\":\"https:\\\/\\\/ceolawyer.com\\\/espanol\\\/conocer-al-equipo\\\/faris-zejnelovic\\\/#primaryimage\"},\"image\":{\"@id\":\"https:\\\/\\\/ceolawyer.com\\\/espanol\\\/conocer-al-equipo\\\/faris-zejnelovic\\\/#primaryimage\"},\"thumbnailUrl\":\"https:\\\/\\\/ceolawyer.com\\\/espanol\\\/wp-content\\\/uploads\\\/sites\\\/2\\\/2024\\\/11\\\/faris.webp\",\"datePublished\":\"2024-11-12T19:00:56+00:00\",\"dateModified\":\"2025-09-30T17:55:35+00:00\",\"description\":\"Conozca a Faris Zejnelovic, un experto en CEO Lawyer Personal Injury Law Firm. Cont\u00e1ctenos para obtener apoyo legal dedicado. \u00a1Llame al (833)-254-2923 para una consulta gratuita!\",\"breadcrumb\":{\"@id\":\"https:\\\/\\\/ceolawyer.com\\\/espanol\\\/conocer-al-equipo\\\/faris-zejnelovic\\\/#breadcrumb\"},\"inLanguage\":\"en-US\",\"potentialAction\":[{\"@type\":\"ReadAction\",\"target\":[\"https:\\\/\\\/ceolawyer.com\\\/espanol\\\/conocer-al-equipo\\\/faris-zejnelovic\\\/\"]}]},{\"@type\":\"ImageObject\",\"inLanguage\":\"en-US\",\"@id\":\"https:\\\/\\\/ceolawyer.com\\\/espanol\\\/conocer-al-equipo\\\/faris-zejnelovic\\\/#primaryimage\",\"url\":\"https:\\\/\\\/ceolawyer.com\\\/espanol\\\/wp-content\\\/uploads\\\/sites\\\/2\\\/2024\\\/11\\\/faris.webp\",\"contentUrl\":\"https:\\\/\\\/ceolawyer.com\\\/espanol\\\/wp-content\\\/uploads\\\/sites\\\/2\\\/2024\\\/11\\\/faris.webp\",\"width\":407,\"height\":468,\"caption\":\"Faris Zejnelovic\"},{\"@type\":\"BreadcrumbList\",\"@id\":\"https:\\\/\\\/ceolawyer.com\\\/espanol\\\/conocer-al-equipo\\\/faris-zejnelovic\\\/#breadcrumb\",\"itemListElement\":[{\"@type\":\"ListItem\",\"position\":1,\"name\":\"Home\",\"item\":\"https:\\\/\\\/ceolawyer.com\\\/espanol\\\/\"},{\"@type\":\"ListItem\",\"position\":2,\"name\":\"Conocer Al Equipo\",\"item\":\"https:\\\/\\\/ceolawyer.com\\\/espanol\\\/conocer-al-equipo\\\/\"},{\"@type\":\"ListItem\",\"position\":3,\"name\":\"Abogado Senior Faris Zejnelovic\"}]},{\"@type\":\"WebSite\",\"@id\":\"https:\\\/\\\/ceolawyer.com\\\/espanol\\\/#website\",\"url\":\"https:\\\/\\\/ceolawyer.com\\\/espanol\\\/\",\"name\":\"CEO Lawyer\",\"description\":\"Personal Injury Attorney\",\"publisher\":{\"@id\":\"https:\\\/\\\/ceolawyer.com\\\/espanol\\\/#organization\"},\"potentialAction\":[{\"@type\":\"SearchAction\",\"target\":{\"@type\":\"EntryPoint\",\"urlTemplate\":\"https:\\\/\\\/ceolawyer.com\\\/espanol\\\/?s={search_term_string}\"},\"query-input\":{\"@type\":\"PropertyValueSpecification\",\"valueRequired\":true,\"valueName\":\"search_term_string\"}}],\"inLanguage\":\"en-US\"},{\"@type\":\"Organization\",\"@id\":\"https:\\\/\\\/ceolawyer.com\\\/espanol\\\/#organization\",\"name\":\"CEO Lawyer\",\"url\":\"https:\\\/\\\/ceolawyer.com\\\/espanol\\\/\",\"logo\":{\"@type\":\"ImageObject\",\"inLanguage\":\"en-US\",\"@id\":\"https:\\\/\\\/ceolawyer.com\\\/espanol\\\/#\\\/schema\\\/logo\\\/image\\\/\",\"url\":\"https:\\\/\\\/ceolawyer.com\\\/espanol\\\/wp-content\\\/uploads\\\/sites\\\/2\\\/2022\\\/05\\\/CEO_Logo.png\",\"contentUrl\":\"https:\\\/\\\/ceolawyer.com\\\/espanol\\\/wp-content\\\/uploads\\\/sites\\\/2\\\/2022\\\/05\\\/CEO_Logo.png\",\"width\":200,\"height\":108,\"caption\":\"CEO Lawyer\"},\"image\":{\"@id\":\"https:\\\/\\\/ceolawyer.com\\\/espanol\\\/#\\\/schema\\\/logo\\\/image\\\/\"}}]}<\/script>\n<!-- \/ Yoast SEO plugin. -->","yoast_head_json":{"title":"Abogado de Prelitigio Faris Zejnelovic | CEO Lawyer","description":"Conozca a Faris Zejnelovic, un experto en CEO Lawyer Personal Injury Law Firm. Cont\u00e1ctenos para obtener apoyo legal dedicado. \u00a1Llame al (833)-254-2923 para una consulta gratuita!","robots":{"index":"index","follow":"follow","max-snippet":"max-snippet:-1","max-image-preview":"max-image-preview:large","max-video-preview":"max-video-preview:-1"},"canonical":"https:\/\/ceolawyer.com\/espanol\/conocer-al-equipo\/faris-zejnelovic\/","og_locale":"en_US","og_type":"article","og_title":"Abogado de Prelitigio Faris Zejnelovic | CEO Lawyer","og_description":"Conozca a Faris Zejnelovic, un experto en CEO Lawyer Personal Injury Law Firm. Cont\u00e1ctenos para obtener apoyo legal dedicado. \u00a1Llame al (833)-254-2923 para una consulta gratuita!","og_url":"https:\/\/ceolawyer.com\/espanol\/conocer-al-equipo\/faris-zejnelovic\/","og_site_name":"CEO Lawyer","article_modified_time":"2025-09-30T17:55:35+00:00","og_image":[{"width":407,"height":468,"url":"https:\/\/ceolawyer.com\/espanol\/wp-content\/uploads\/sites\/2\/2024\/11\/faris.webp","type":"image\/webp"}],"twitter_card":"summary_large_image","twitter_misc":{"Est. reading time":"1 minute"},"schema":{"@context":"https:\/\/schema.org","@graph":[{"@type":"WebPage","@id":"https:\/\/ceolawyer.com\/espanol\/conocer-al-equipo\/faris-zejnelovic\/","url":"https:\/\/ceolawyer.com\/espanol\/conocer-al-equipo\/faris-zejnelovic\/","name":"Abogado de Prelitigio Faris Zejnelovic | CEO Lawyer","isPartOf":{"@id":"https:\/\/ceolawyer.com\/espanol\/#website"},"primaryImageOfPage":{"@id":"https:\/\/ceolawyer.com\/espanol\/conocer-al-equipo\/faris-zejnelovic\/#primaryimage"},"image":{"@id":"https:\/\/ceolawyer.com\/espanol\/conocer-al-equipo\/faris-zejnelovic\/#primaryimage"},"thumbnailUrl":"https:\/\/ceolawyer.com\/espanol\/wp-content\/uploads\/sites\/2\/2024\/11\/faris.webp","datePublished":"2024-11-12T19:00:56+00:00","dateModified":"2025-09-30T17:55:35+00:00","description":"Conozca a Faris Zejnelovic, un experto en CEO Lawyer Personal Injury Law Firm. Cont\u00e1ctenos para obtener apoyo legal dedicado. \u00a1Llame al (833)-254-2923 para una consulta gratuita!","breadcrumb":{"@id":"https:\/\/ceolawyer.com\/espanol\/conocer-al-equipo\/faris-zejnelovic\/#breadcrumb"},"inLanguage":"en-US","potentialAction":[{"@type":"ReadAction","target":["https:\/\/ceolawyer.com\/espanol\/conocer-al-equipo\/faris-zejnelovic\/"]}]},{"@type":"ImageObject","inLanguage":"en-US","@id":"https:\/\/ceolawyer.com\/espanol\/conocer-al-equipo\/faris-zejnelovic\/#primaryimage","url":"https:\/\/ceolawyer.com\/espanol\/wp-content\/uploads\/sites\/2\/2024\/11\/faris.webp","contentUrl":"https:\/\/ceolawyer.com\/espanol\/wp-content\/uploads\/sites\/2\/2024\/11\/faris.webp","width":407,"height":468,"caption":"Faris Zejnelovic"},{"@type":"BreadcrumbList","@id":"https:\/\/ceolawyer.com\/espanol\/conocer-al-equipo\/faris-zejnelovic\/#breadcrumb","itemListElement":[{"@type":"ListItem","position":1,"name":"Home","item":"https:\/\/ceolawyer.com\/espanol\/"},{"@type":"ListItem","position":2,"name":"Conocer Al Equipo","item":"https:\/\/ceolawyer.com\/espanol\/conocer-al-equipo\/"},{"@type":"ListItem","position":3,"name":"Abogado Senior Faris Zejnelovic"}]},{"@type":"WebSite","@id":"https:\/\/ceolawyer.com\/espanol\/#website","url":"https:\/\/ceolawyer.com\/espanol\/","name":"CEO Lawyer","description":"Personal Injury Attorney","publisher":{"@id":"https:\/\/ceolawyer.com\/espanol\/#organization"},"potentialAction":[{"@type":"SearchAction","target":{"@type":"EntryPoint","urlTemplate":"https:\/\/ceolawyer.com\/espanol\/?s={search_term_string}"},"query-input":{"@type":"PropertyValueSpecification","valueRequired":true,"valueName":"search_term_string"}}],"inLanguage":"en-US"},{"@type":"Organization","@id":"https:\/\/ceolawyer.com\/espanol\/#organization","name":"CEO Lawyer","url":"https:\/\/ceolawyer.com\/espanol\/","logo":{"@type":"ImageObject","inLanguage":"en-US","@id":"https:\/\/ceolawyer.com\/espanol\/#\/schema\/logo\/image\/","url":"https:\/\/ceolawyer.com\/espanol\/wp-content\/uploads\/sites\/2\/2022\/05\/CEO_Logo.png","contentUrl":"https:\/\/ceolawyer.com\/espanol\/wp-content\/uploads\/sites\/2\/2022\/05\/CEO_Logo.png","width":200,"height":108,"caption":"CEO Lawyer"},"image":{"@id":"https:\/\/ceolawyer.com\/espanol\/#\/schema\/logo\/image\/"}}]}},"_links":{"self":[{"href":"https:\/\/ceolawyer.com\/espanol\/wp-json\/wp\/v2\/pages\/12240","targetHints":{"allow":["GET"]}}],"collection":[{"href":"https:\/\/ceolawyer.com\/espanol\/wp-json\/wp\/v2\/pages"}],"about":[{"href":"https:\/\/ceolawyer.com\/espanol\/wp-json\/wp\/v2\/types\/page"}],"author":[{"embeddable":true,"href":"https:\/\/ceolawyer.com\/espanol\/wp-json\/wp\/v2\/users\/18"}],"replies":[{"embeddable":true,"href":"https:\/\/ceolawyer.com\/espanol\/wp-json\/wp\/v2\/comments?post=12240"}],"version-history":[{"count":0,"href":"https:\/\/ceolawyer.com\/espanol\/wp-json\/wp\/v2\/pages\/12240\/revisions"}],"up":[{"embeddable":true,"href":"https:\/\/ceolawyer.com\/espanol\/wp-json\/wp\/v2\/pages\/12231"}],"wp:featuredmedia":[{"embeddable":true,"href":"https:\/\/ceolawyer.com\/espanol\/wp-json\/wp\/v2\/media\/12317"}],"wp:attachment":[{"href":"https:\/\/ceolawyer.com\/espanol\/wp-json\/wp\/v2\/media?parent=12240"}],"curies":[{"name":"wp","href":"https:\/\/api.w.org\/{rel}","templated":true}]}}