{"id":12499,"date":"2025-01-14T16:53:25","date_gmt":"2025-01-14T16:53:25","guid":{"rendered":"https:\/\/ceolawyer.com\/espanol\/?page_id=12499"},"modified":"2025-09-30T16:58:48","modified_gmt":"2025-09-30T16:58:48","slug":"admir-muratovic","status":"publish","type":"page","link":"https:\/\/ceolawyer.com\/espanol\/conocer-al-equipo\/admir-muratovic\/","title":{"rendered":"Abogado Admir Muratovic"},"content":{"rendered":"<p>Soy hijo de inmigrantes bosnios y crec\u00ed en Eslovenia, donde inicialmente estudi\u00e9 derecho. Durante mis estudios, particip\u00e9 en competencias internacionales de litigaci\u00f3n simulada y curs\u00e9 dos semestres en el extranjero. Despu\u00e9s de trabajar para una agencia gubernamental, me mud\u00e9 a los Estados Unidos para cursar una Maestr\u00eda en Derecho (LL.M.). Tras graduarme, aprob\u00e9 el examen de la Barra de Nueva York y complet\u00e9 una pasant\u00eda judicial. Ahora estoy entusiasmado por comenzar mi carrera en la pr\u00e1ctica privada, enfoc\u00e1ndome en el derecho de lesiones personales.<\/p>\n<p>He viajado extensamente tanto dentro de los Estados Unidos como internacionalmente, siempre con ganas de explorar nuevos lugares, culturas e historias. En mi tiempo libre, disfruto leer, hacer senderismo y participar en otras actividades al aire libre.<\/p>\n","protected":false},"excerpt":{"rendered":"<p>Soy hijo de inmigrantes bosnios y crec\u00ed en Eslovenia, donde inicialmente estudi\u00e9 derecho. Durante mis estudios, particip\u00e9 en competencias internacionales de litigaci\u00f3n simulada y curs\u00e9 dos semestres en el extranjero. Despu\u00e9s de trabajar para una agencia gubernamental, me mud\u00e9 a los Estados Unidos para cursar una Maestr\u00eda en Derecho (LL.M.). Tras graduarme, aprob\u00e9 el examen [&hellip;]<\/p>\n","protected":false},"author":18,"featured_media":12500,"parent":12231,"menu_order":0,"comment_status":"closed","ping_status":"closed","template":"template-team-single.php","meta":{"_acf_changed":false,"footnotes":""},"class_list":["post-12499","page","type-page","status-publish","has-post-thumbnail","hentry"],"acf":[],"yoast_head":"<!-- This site is optimized with the Yoast SEO plugin v27.5 - https:\/\/yoast.com\/product\/yoast-seo-wordpress\/ -->\n<title>Abogado Admir Muratovic | CEO Lawyer<\/title>\n<meta name=\"description\" content=\"Admir Muratovic forma parte de CEO Lawyer y est\u00e1 comprometido con nuestros clientes. Descubra c\u00f3mo puede ayudarle y cont\u00e1ctenos hoy para una consulta.\" \/>\n<meta name=\"robots\" content=\"index, follow, max-snippet:-1, max-image-preview:large, max-video-preview:-1\" \/>\n<link rel=\"canonical\" href=\"https:\/\/ceolawyer.com\/espanol\/conocer-al-equipo\/admir-muratovic\/\" \/>\n<meta property=\"og:locale\" content=\"en_US\" \/>\n<meta property=\"og:type\" content=\"article\" \/>\n<meta property=\"og:title\" content=\"Abogado Admir Muratovic | CEO Lawyer\" \/>\n<meta property=\"og:description\" content=\"Admir Muratovic forma parte de CEO Lawyer y est\u00e1 comprometido con nuestros clientes. Descubra c\u00f3mo puede ayudarle y cont\u00e1ctenos hoy para una consulta.\" \/>\n<meta property=\"og:url\" content=\"https:\/\/ceolawyer.com\/espanol\/conocer-al-equipo\/admir-muratovic\/\" \/>\n<meta property=\"og:site_name\" content=\"CEO Lawyer\" \/>\n<meta property=\"article:modified_time\" content=\"2025-09-30T16:58:48+00:00\" \/>\n<meta property=\"og:image\" content=\"https:\/\/ceolawyer.com\/espanol\/wp-content\/uploads\/sites\/2\/2025\/01\/Admir_Muratovic_website-photo.webp\" \/>\n\t<meta property=\"og:image:width\" content=\"407\" \/>\n\t<meta property=\"og:image:height\" content=\"468\" \/>\n\t<meta property=\"og:image:type\" content=\"image\/webp\" \/>\n<meta name=\"twitter:card\" content=\"summary_large_image\" \/>\n<meta name=\"twitter:label1\" content=\"Est. reading time\" \/>\n\t<meta name=\"twitter:data1\" content=\"1 minute\" \/>\n<script type=\"application\/ld+json\" class=\"yoast-schema-graph\">{\"@context\":\"https:\\\/\\\/schema.org\",\"@graph\":[{\"@type\":\"WebPage\",\"@id\":\"https:\\\/\\\/ceolawyer.com\\\/espanol\\\/conocer-al-equipo\\\/admir-muratovic\\\/\",\"url\":\"https:\\\/\\\/ceolawyer.com\\\/espanol\\\/conocer-al-equipo\\\/admir-muratovic\\\/\",\"name\":\"Abogado Admir Muratovic | CEO Lawyer\",\"isPartOf\":{\"@id\":\"https:\\\/\\\/ceolawyer.com\\\/espanol\\\/#website\"},\"primaryImageOfPage\":{\"@id\":\"https:\\\/\\\/ceolawyer.com\\\/espanol\\\/conocer-al-equipo\\\/admir-muratovic\\\/#primaryimage\"},\"image\":{\"@id\":\"https:\\\/\\\/ceolawyer.com\\\/espanol\\\/conocer-al-equipo\\\/admir-muratovic\\\/#primaryimage\"},\"thumbnailUrl\":\"https:\\\/\\\/ceolawyer.com\\\/espanol\\\/wp-content\\\/uploads\\\/sites\\\/2\\\/2025\\\/01\\\/Admir_Muratovic_website-photo.webp\",\"datePublished\":\"2025-01-14T16:53:25+00:00\",\"dateModified\":\"2025-09-30T16:58:48+00:00\",\"description\":\"Admir Muratovic forma parte de CEO Lawyer y est\u00e1 comprometido con nuestros clientes. Descubra c\u00f3mo puede ayudarle y cont\u00e1ctenos hoy para una consulta.\",\"breadcrumb\":{\"@id\":\"https:\\\/\\\/ceolawyer.com\\\/espanol\\\/conocer-al-equipo\\\/admir-muratovic\\\/#breadcrumb\"},\"inLanguage\":\"en-US\",\"potentialAction\":[{\"@type\":\"ReadAction\",\"target\":[\"https:\\\/\\\/ceolawyer.com\\\/espanol\\\/conocer-al-equipo\\\/admir-muratovic\\\/\"]}]},{\"@type\":\"ImageObject\",\"inLanguage\":\"en-US\",\"@id\":\"https:\\\/\\\/ceolawyer.com\\\/espanol\\\/conocer-al-equipo\\\/admir-muratovic\\\/#primaryimage\",\"url\":\"https:\\\/\\\/ceolawyer.com\\\/espanol\\\/wp-content\\\/uploads\\\/sites\\\/2\\\/2025\\\/01\\\/Admir_Muratovic_website-photo.webp\",\"contentUrl\":\"https:\\\/\\\/ceolawyer.com\\\/espanol\\\/wp-content\\\/uploads\\\/sites\\\/2\\\/2025\\\/01\\\/Admir_Muratovic_website-photo.webp\",\"width\":407,\"height\":468,\"caption\":\"Admir Muratovic\"},{\"@type\":\"BreadcrumbList\",\"@id\":\"https:\\\/\\\/ceolawyer.com\\\/espanol\\\/conocer-al-equipo\\\/admir-muratovic\\\/#breadcrumb\",\"itemListElement\":[{\"@type\":\"ListItem\",\"position\":1,\"name\":\"Home\",\"item\":\"https:\\\/\\\/ceolawyer.com\\\/espanol\\\/\"},{\"@type\":\"ListItem\",\"position\":2,\"name\":\"Conocer Al Equipo\",\"item\":\"https:\\\/\\\/ceolawyer.com\\\/espanol\\\/conocer-al-equipo\\\/\"},{\"@type\":\"ListItem\",\"position\":3,\"name\":\"Abogado Admir Muratovic\"}]},{\"@type\":\"WebSite\",\"@id\":\"https:\\\/\\\/ceolawyer.com\\\/espanol\\\/#website\",\"url\":\"https:\\\/\\\/ceolawyer.com\\\/espanol\\\/\",\"name\":\"CEO Lawyer\",\"description\":\"Personal Injury Attorney\",\"publisher\":{\"@id\":\"https:\\\/\\\/ceolawyer.com\\\/espanol\\\/#organization\"},\"potentialAction\":[{\"@type\":\"SearchAction\",\"target\":{\"@type\":\"EntryPoint\",\"urlTemplate\":\"https:\\\/\\\/ceolawyer.com\\\/espanol\\\/?s={search_term_string}\"},\"query-input\":{\"@type\":\"PropertyValueSpecification\",\"valueRequired\":true,\"valueName\":\"search_term_string\"}}],\"inLanguage\":\"en-US\"},{\"@type\":\"Organization\",\"@id\":\"https:\\\/\\\/ceolawyer.com\\\/espanol\\\/#organization\",\"name\":\"CEO Lawyer\",\"url\":\"https:\\\/\\\/ceolawyer.com\\\/espanol\\\/\",\"logo\":{\"@type\":\"ImageObject\",\"inLanguage\":\"en-US\",\"@id\":\"https:\\\/\\\/ceolawyer.com\\\/espanol\\\/#\\\/schema\\\/logo\\\/image\\\/\",\"url\":\"https:\\\/\\\/ceolawyer.com\\\/espanol\\\/wp-content\\\/uploads\\\/sites\\\/2\\\/2022\\\/05\\\/CEO_Logo.png\",\"contentUrl\":\"https:\\\/\\\/ceolawyer.com\\\/espanol\\\/wp-content\\\/uploads\\\/sites\\\/2\\\/2022\\\/05\\\/CEO_Logo.png\",\"width\":200,\"height\":108,\"caption\":\"CEO Lawyer\"},\"image\":{\"@id\":\"https:\\\/\\\/ceolawyer.com\\\/espanol\\\/#\\\/schema\\\/logo\\\/image\\\/\"}}]}<\/script>\n<!-- \/ Yoast SEO plugin. -->","yoast_head_json":{"title":"Abogado Admir Muratovic | CEO Lawyer","description":"Admir Muratovic forma parte de CEO Lawyer y est\u00e1 comprometido con nuestros clientes. Descubra c\u00f3mo puede ayudarle y cont\u00e1ctenos hoy para una consulta.","robots":{"index":"index","follow":"follow","max-snippet":"max-snippet:-1","max-image-preview":"max-image-preview:large","max-video-preview":"max-video-preview:-1"},"canonical":"https:\/\/ceolawyer.com\/espanol\/conocer-al-equipo\/admir-muratovic\/","og_locale":"en_US","og_type":"article","og_title":"Abogado Admir Muratovic | CEO Lawyer","og_description":"Admir Muratovic forma parte de CEO Lawyer y est\u00e1 comprometido con nuestros clientes. Descubra c\u00f3mo puede ayudarle y cont\u00e1ctenos hoy para una consulta.","og_url":"https:\/\/ceolawyer.com\/espanol\/conocer-al-equipo\/admir-muratovic\/","og_site_name":"CEO Lawyer","article_modified_time":"2025-09-30T16:58:48+00:00","og_image":[{"width":407,"height":468,"url":"https:\/\/ceolawyer.com\/espanol\/wp-content\/uploads\/sites\/2\/2025\/01\/Admir_Muratovic_website-photo.webp","type":"image\/webp"}],"twitter_card":"summary_large_image","twitter_misc":{"Est. reading time":"1 minute"},"schema":{"@context":"https:\/\/schema.org","@graph":[{"@type":"WebPage","@id":"https:\/\/ceolawyer.com\/espanol\/conocer-al-equipo\/admir-muratovic\/","url":"https:\/\/ceolawyer.com\/espanol\/conocer-al-equipo\/admir-muratovic\/","name":"Abogado Admir Muratovic | CEO Lawyer","isPartOf":{"@id":"https:\/\/ceolawyer.com\/espanol\/#website"},"primaryImageOfPage":{"@id":"https:\/\/ceolawyer.com\/espanol\/conocer-al-equipo\/admir-muratovic\/#primaryimage"},"image":{"@id":"https:\/\/ceolawyer.com\/espanol\/conocer-al-equipo\/admir-muratovic\/#primaryimage"},"thumbnailUrl":"https:\/\/ceolawyer.com\/espanol\/wp-content\/uploads\/sites\/2\/2025\/01\/Admir_Muratovic_website-photo.webp","datePublished":"2025-01-14T16:53:25+00:00","dateModified":"2025-09-30T16:58:48+00:00","description":"Admir Muratovic forma parte de CEO Lawyer y est\u00e1 comprometido con nuestros clientes. Descubra c\u00f3mo puede ayudarle y cont\u00e1ctenos hoy para una consulta.","breadcrumb":{"@id":"https:\/\/ceolawyer.com\/espanol\/conocer-al-equipo\/admir-muratovic\/#breadcrumb"},"inLanguage":"en-US","potentialAction":[{"@type":"ReadAction","target":["https:\/\/ceolawyer.com\/espanol\/conocer-al-equipo\/admir-muratovic\/"]}]},{"@type":"ImageObject","inLanguage":"en-US","@id":"https:\/\/ceolawyer.com\/espanol\/conocer-al-equipo\/admir-muratovic\/#primaryimage","url":"https:\/\/ceolawyer.com\/espanol\/wp-content\/uploads\/sites\/2\/2025\/01\/Admir_Muratovic_website-photo.webp","contentUrl":"https:\/\/ceolawyer.com\/espanol\/wp-content\/uploads\/sites\/2\/2025\/01\/Admir_Muratovic_website-photo.webp","width":407,"height":468,"caption":"Admir Muratovic"},{"@type":"BreadcrumbList","@id":"https:\/\/ceolawyer.com\/espanol\/conocer-al-equipo\/admir-muratovic\/#breadcrumb","itemListElement":[{"@type":"ListItem","position":1,"name":"Home","item":"https:\/\/ceolawyer.com\/espanol\/"},{"@type":"ListItem","position":2,"name":"Conocer Al Equipo","item":"https:\/\/ceolawyer.com\/espanol\/conocer-al-equipo\/"},{"@type":"ListItem","position":3,"name":"Abogado Admir Muratovic"}]},{"@type":"WebSite","@id":"https:\/\/ceolawyer.com\/espanol\/#website","url":"https:\/\/ceolawyer.com\/espanol\/","name":"CEO Lawyer","description":"Personal Injury Attorney","publisher":{"@id":"https:\/\/ceolawyer.com\/espanol\/#organization"},"potentialAction":[{"@type":"SearchAction","target":{"@type":"EntryPoint","urlTemplate":"https:\/\/ceolawyer.com\/espanol\/?s={search_term_string}"},"query-input":{"@type":"PropertyValueSpecification","valueRequired":true,"valueName":"search_term_string"}}],"inLanguage":"en-US"},{"@type":"Organization","@id":"https:\/\/ceolawyer.com\/espanol\/#organization","name":"CEO Lawyer","url":"https:\/\/ceolawyer.com\/espanol\/","logo":{"@type":"ImageObject","inLanguage":"en-US","@id":"https:\/\/ceolawyer.com\/espanol\/#\/schema\/logo\/image\/","url":"https:\/\/ceolawyer.com\/espanol\/wp-content\/uploads\/sites\/2\/2022\/05\/CEO_Logo.png","contentUrl":"https:\/\/ceolawyer.com\/espanol\/wp-content\/uploads\/sites\/2\/2022\/05\/CEO_Logo.png","width":200,"height":108,"caption":"CEO Lawyer"},"image":{"@id":"https:\/\/ceolawyer.com\/espanol\/#\/schema\/logo\/image\/"}}]}},"_links":{"self":[{"href":"https:\/\/ceolawyer.com\/espanol\/wp-json\/wp\/v2\/pages\/12499","targetHints":{"allow":["GET"]}}],"collection":[{"href":"https:\/\/ceolawyer.com\/espanol\/wp-json\/wp\/v2\/pages"}],"about":[{"href":"https:\/\/ceolawyer.com\/espanol\/wp-json\/wp\/v2\/types\/page"}],"author":[{"embeddable":true,"href":"https:\/\/ceolawyer.com\/espanol\/wp-json\/wp\/v2\/users\/18"}],"replies":[{"embeddable":true,"href":"https:\/\/ceolawyer.com\/espanol\/wp-json\/wp\/v2\/comments?post=12499"}],"version-history":[{"count":0,"href":"https:\/\/ceolawyer.com\/espanol\/wp-json\/wp\/v2\/pages\/12499\/revisions"}],"up":[{"embeddable":true,"href":"https:\/\/ceolawyer.com\/espanol\/wp-json\/wp\/v2\/pages\/12231"}],"wp:featuredmedia":[{"embeddable":true,"href":"https:\/\/ceolawyer.com\/espanol\/wp-json\/wp\/v2\/media\/12500"}],"wp:attachment":[{"href":"https:\/\/ceolawyer.com\/espanol\/wp-json\/wp\/v2\/media?parent=12499"}],"curies":[{"name":"wp","href":"https:\/\/api.w.org\/{rel}","templated":true}]}}