{"id":12731,"date":"2025-12-18T18:19:54","date_gmt":"2025-12-18T18:19:54","guid":{"rendered":"https:\/\/ceolawyer.com\/espanol\/?page_id=12731"},"modified":"2025-12-19T12:07:54","modified_gmt":"2025-12-19T12:07:54","slug":"informe-de-accidente","status":"publish","type":"page","link":"https:\/\/ceolawyer.com\/espanol\/informe-de-accidente\/","title":{"rendered":"Consigue el Reporte Policial de tu Accidente de Auto"},"content":{"rendered":"<p><img decoding=\"async\" class=\"alignright size-full wp-image-12733\" src=\"https:\/\/ceolawyer.com\/espanol\/wp-content\/uploads\/sites\/2\/2025\/12\/How-to-Get-Your-Car-Accident-Police-Report.webp\" alt=\"Un auto de polic\u00eda deteni\u00e9ndose detr\u00e1s de otro veh\u00edculo en el sito de un accidente automovil\u00edstico.\" width=\"500\" height=\"300\" srcset=\"https:\/\/ceolawyer.com\/espanol\/wp-content\/uploads\/sites\/2\/2025\/12\/How-to-Get-Your-Car-Accident-Police-Report.webp 500w, https:\/\/ceolawyer.com\/espanol\/wp-content\/uploads\/sites\/2\/2025\/12\/How-to-Get-Your-Car-Accident-Police-Report-300x180.webp 300w\" sizes=\"(max-width: 500px) 100vw, 500px\" \/>Imag\u00ednate el caos despu\u00e9s de un accidente de tr\u00e1fico: las sirenas suenan entre gritos confundidos, y t\u00fa, aturdido y tembloroso, saliendo del auto. Todo parece borroso, hay cristales rotos por todos lados y un fuerte olor a gasolina en el aire.<\/p>\n<p>Ves rostros asustados, otros llenos de rabia. Es una situaci\u00f3n abrumadora en todos los sentidos, pero hay una manera de ponerle algo de orden al caos: el reporte policial del accidente.<\/p>\n<p>Este documento oficial, elaborado por un agente de polic\u00eda, detalla lo ocurrido: qui\u00e9nes estuvieron involucrados, qu\u00e9 pas\u00f3, d\u00f3nde y cu\u00e1ndo. Adem\u00e1s, contiene informaci\u00f3n clave, como declaraciones de testigos y conductores, descripciones de los veh\u00edculos y un diagrama del lugar del accidente.<\/p>\n<p>Lo m\u00e1s importante es que ayuda a determinar qui\u00e9n tuvo la culpa, lo cual es esencial para reclamaciones de seguros o posibles demandas.<\/p>\n<p>No tienes que pasar por el proceso de conseguir este informe por tu cuenta. En CEO Lawyer Personal Injury Law Firm estamos aqu\u00ed para ayudarte.<\/p>\n<p>Nuestro equipo legal sabe lo importante de este documento y puede guiarte en cada paso para obtenerlo. Nos aseguraremos de que el informe sea justo y preciso, protegiendo tus derechos y fortaleciendo tu caso.<\/p>\n<h2>\u00bfPor qu\u00e9 vas a necesitar el reporte policial tras un accidente?<\/h2>\n<p>El reporte es un testimonio imparcial del accidente y cumple dos funciones clave tanto para tu reclamo del seguro como en asuntos legales:<\/p>\n<h3>Determinar la culpa<\/h3>\n<p>Es importante reunir la informaci\u00f3n necesaria para determinar qui\u00e9n es el responsable del accidente. Un reporte policial registra la evaluaci\u00f3n del agente, las declaraciones de los testigos, tu testimonio de lo que pas\u00f3 y la del otro conductor.<\/p>\n<p>Para una reclamaci\u00f3n de seguro, puede influir en qui\u00e9n se har\u00e1 cargo de pagar los da\u00f1os. En una demanda, este reporte proporciona una base s\u00f3lida para tu caso, especialmente si la otra parte no acepta la culpa.<\/p>\n<h3>Proporciona un registro confiable<\/h3>\n<p>El informe recopila detalles esenciales: fecha, hora, ubicaci\u00f3n, da\u00f1os y qui\u00e9nes estuvieron involucrados. Con el tiempo, estos detalles se pueden volver confusos, pero este documento sirve como una prueba objetiva.<\/p>\n<p>Al ser un informe oficial tiene m\u00e1s peso que un testimonio individual.<\/p>\n<h2>C\u00f3mo obtener tu reporte<\/h2>\n<p>El proceso para obtener el reporte policial de tu accidente puede parecer complicado, especialmente si es la primera vez que lo solicitas. Adem\u00e1s, lidiar con esto mientras te recuperas, asistes a citas m\u00e9dicas y tratas con agencias de seguro puede ser abrumador.<\/p>\n<p>Por eso, te explicamos los pasos generales para obtenerlo.<\/p>\n<h3>Pasos para conseguir el informe policial de un accidente.<\/h3>\n<p>Cada estado tiene sus propios formatos y procesos, pero en general, estos son los pasos a seguir:<\/p>\n<ol>\n<li><strong>Solicita el informe: <\/strong>Si un oficial de polic\u00eda estuvo presente, podr\u00edas solicitar una copia en el lugar del accidente. Sin embargo, los informes suelen tardar en estar listos.<\/li>\n<li><strong>Identifica la agencia encargada: <\/strong>Si no pediste el reporte en el momento, averigua qu\u00e9 agencia lo elabor\u00f3 (polic\u00eda local, oficina del sheriff o patrulla de carreteras).<\/li>\n<li><strong>Re\u00fane tu propia informaci\u00f3n: <\/strong>Toma nota de la fecha, la hora y d\u00f3nde ocurri\u00f3 el accidente. Tambi\u00e9n trata de conseguir la informaci\u00f3n de los involucrados.<\/li>\n<li><strong>Paga las tarifas correspondientes: <\/strong>Obtener el reporte suele tener un costo.<\/li>\n<li><strong>Ten paciencia: <\/strong>El reporte puede tardar varios d\u00edas o incluso semanas en estar disponible.<\/li>\n<\/ol>\n<h3>Formas de solicitar tu reporte<\/h3>\n<ul>\n<li><strong>En l\u00ednea: <\/strong>Muchas agencias permiten solicitar el reporte policial de un accidente en su sitio web.<\/li>\n<li><strong>En persona: <\/strong>Puedes ir a la unidad de registros del departamento de polic\u00eda correspondiente.<\/li>\n<li><strong>Por correo: <\/strong>Algunas agencias aceptan solicitudes por escrito.<\/li>\n<li><strong>A trav\u00e9s de tu compa\u00f1\u00eda de seguro: <\/strong>Algunas de estas empresas pueden obtener el reporte por ti.<\/li>\n<\/ul>\n<h2>C\u00f3mo encontrar la agencia de polic\u00eda correcta<\/h2>\n<p>Para obtener el reporte, primero necesitas identificar qu\u00e9 agencia policial estuvo a cargo de la investigaci\u00f3n del accidente. Aqu\u00ed tienes algunos pasos para encontrar la correcta:<\/p>\n<ol>\n<li><strong>Identifica la agencia que respondi\u00f3 al accidente: <\/strong>Si recuerdas el nombre del departamento de polic\u00eda que acudi\u00f3 a la escena, comienza por ah\u00ed. A menudo, los oficiales entregan tarjetas de contacto o documentos donde se menciona la agencia.<\/li>\n<li><strong>D\u00f3nde ocurri\u00f3 el accidente. <\/strong>Si no recuerdas la agencia, el lugar exacto del accidente puede darte pistas.<\/li>\n<\/ol>\n<ul>\n<li><strong>Departamento de polic\u00eda local o del condado<\/strong>, si el accidente ocurri\u00f3 dentro de una ciudad.<\/li>\n<li>Si tu accidente ocurri\u00f3 en una autopista o carretera interestatal, puedes acudir a la <strong>patrulla de carreteras estatal<\/strong>.<\/li>\n<li>Acude a la<strong> polic\u00eda universitaria<\/strong> si tu accidente tuvo lugar dentro de un campus universitario.<\/li>\n<\/ul>\n<ol>\n<li><strong>B\u00fascala en l\u00ednea: <\/strong>La mayor\u00eda de las agencias policiales tienen sitios web con informaci\u00f3n sobre c\u00f3mo solicitar reportes de un accidente.<\/li>\n<li><strong>Consulta sitios web del gobierno: <\/strong>Muchos portales gubernamentales permiten buscar agencias policiales por c\u00f3digo postal o direcci\u00f3n.<\/li>\n<li><strong>Llama a la polic\u00eda local: <\/strong>Si no logras encontrar informaci\u00f3n en l\u00ednea, puedes llamar al n\u00famero del departamento de polic\u00eda de la ciudad\/condado donde ocurri\u00f3 el accidente. Explica tu situaci\u00f3n y solicita informaci\u00f3n sobre c\u00f3mo obtener una copia del reporte.<\/li>\n<\/ol>\n<h2>Costos adicionales<\/h2>\n<p>Generalmente, un reporte policial tiene un costo asequible. Sin embargo, es importante tener en cuenta algunos posibles cargos adicionales:<\/p>\n<ul>\n<li><strong>Tarifa administrativa: <\/strong>La mayor\u00eda de los departamentos de polic\u00eda cobran entre $5 y $15 por procesar la solicitud y entregar una copia del reporte.<\/li>\n<li><strong>M\u00e9todo de entrega: <\/strong>Mientras que recogerlo en persona puede ser gratuito, descargarlo en l\u00ednea o recibirlo por correo podr\u00eda implicar un cargo extra.<\/li>\n<li><strong>N\u00famero de copias: <\/strong>Algunas agencias cobran por p\u00e1gina o aplican tarifas adicionales si necesitas m\u00faltiples copias del reporte.<\/li>\n<li><strong>Informes extensos: <\/strong>En casos de accidentes complejos e involucran muchos detalles, diagramas o fotos, el costo podr\u00eda ser mayor.<\/li>\n<\/ul>\n<p>Estos son otros factores que podr\u00edan elevar el costo del reporte:<\/p>\n<ul>\n<li><strong>Jurisdicci\u00f3n: <\/strong>Las tasas pueden variar en funci\u00f3n de d\u00f3nde ocurri\u00f3 el accidente. Las ciudades m\u00e1s grandes suelen tener tasas ligeramente m\u00e1s altas que una ciudad peque\u00f1a.<\/li>\n<li><strong>M\u00e9todo de solicitud: <\/strong>Algunos departamentos permiten las solicitudes en l\u00edneas que pueden tener una tasa de tramitaci\u00f3n distinta en comparaci\u00f3n con las solicitudes en persona.<\/li>\n<\/ul>\n<h3>Consejos para reducir costos<\/h3>\n<ul>\n<li>Consulta la p\u00e1gina web o llama al departamento de polic\u00eda o divisi\u00f3n de tr\u00e1fico para aclarar tarifas y procesos.<\/li>\n<li>Verifica si existen opciones gratuitas, porque algunos departamentos permiten descargas en l\u00ednea sin costo.<\/li>\n<li>Si necesitas varias copias, podr\u00edas obtener una tarifa reducida.<\/li>\n<\/ul>\n<h3>Cuidado con los \u201cfixers\u201d<\/h3>\n<p>Despu\u00e9s de un accidente, podr\u00edas encontrar personas que ofrecen conseguirte el reporte por una tarifa, alegando que tienen contactos o pueden acelerar el proceso. Estas personas son conocidas como \u201cfixers\u201d y es mejor evitarlas por varias razones:<\/p>\n<ul>\n<li>Es un gasto innecesario. Obtener un informe es un proceso sencillo, sin necesidad de intermediarios.<\/li>\n<li>Algunos fixers pueden ser posibles estafadores.<\/li>\n<li>En algunos casos, podr\u00edan manipular el informe, lo que podr\u00eda afectar tu caso.<\/li>\n<\/ul>\n<p>Si necesitas ayuda, sigue los canales oficiales o consulta con un abogado experimentado en accidentes.<\/p>\n<h2>Qu\u00e9 hacer mientras Esperas por tu reporte<\/h2>\n<p>Esperar a que un reporte policial est\u00e9 listo puede ser frustrante, especialmente si lo necesitas para reclamos al seguro u otros asuntos legales. Mientras esperas, hay varios pasos que puedes tomar para fortalecer tu caso:<\/p>\n<ul>\n<li><strong>Re\u00fane todos tus documentos: <\/strong>Cosas como fotos del accidente, declaraciones de testigos, registros m\u00e9dicos y videos de c\u00e1maras de seguridad o dashcams.<\/li>\n<li><strong>Eval\u00faa los da\u00f1os: <\/strong>Consigue estimados de reparaci\u00f3n y considera arreglar tu auto si es posible.<\/li>\n<li><strong>Cuida tu bienestar: <\/strong>Consulta a un m\u00e9dico, incluso si no muestras s\u00edntomas o malestar. Tambi\u00e9n lleva un registro de cualquier tratamiento, adem\u00e1s de tu estado mental y emocional.<\/li>\n<li><strong>Mant\u00e9n la calma y organ\u00edzalo todo: <\/strong>No firmes ning\u00fan documento ni proporciones informaci\u00f3n personal sin consultarlo con tu abogado. Tampoco discutas tu caso con alguien que no sean las autoridades, tu abogado o tu compa\u00f1\u00eda de seguro.<\/li>\n<\/ul>\n<h2>Acude a profesionales<\/h2>\n<p>Mientras esperas a que el reporte est\u00e9 listo, es crucial que consultes a un abogado experimentado en accidentes de auto.<\/p>\n<p>Un equipo legal podr\u00e1 velar por tus derechos despu\u00e9s del accidente y ofrecerte ayuda en t\u00e9rminos de c\u00f3mo proseguir con tu caso. Tambi\u00e9n podr\u00e1 ayudarte a documentar todo y, lo m\u00e1s importante, a lidiar con las compa\u00f1\u00edas de seguro y los abogados de los involucrados en el accidente.<\/p>\n<h2>\u00bfPuedes presentar una reclamaci\u00f3n sin un reporte policial?<\/h2>\n<p>S\u00ed, aunque puede hacer que las cosas se compliquen. Sin un informe policial:<\/p>\n<ul>\n<li>Tendr\u00e1s que conseguir a\u00fan m\u00e1s pruebas que demuestren lo que ocurri\u00f3 en el accidente.<\/li>\n<li>Las compa\u00f1\u00edas de seguro examinar\u00e1n a\u00fan m\u00e1s tu caso, lo que puede retrasar todo el proceso.<\/li>\n<li>Podr\u00eda ser m\u00e1s complicado establecer qui\u00e9n fue el culpable del accidente.<\/li>\n<li>El proceso podr\u00eda terminar en litigio si la otra parte no acepta la responsabilidad.<\/li>\n<\/ul>\n<p>Si te encuentras en esta situaci\u00f3n, sigue los pasos anteriores y recopila pruebas detalladas, adem\u00e1s de considerar asesoramiento legal.<\/p>\n<p>No pases por este proceso solo. En CEO Lawyer Personal Injury Law Firm, dirigido por el abogado Ali Awad, sabemos c\u00f3mo obtener tu reporte policial r\u00e1pidamente y ayudarte a hacer valer tus derechos despu\u00e9s de un accidente de auto.<\/p>\n<p>Llama al <a href=\"tel:+18883074648\"><strong>(888) 307-4648<\/strong><\/a> hoy mismo. Mientras m\u00e1s r\u00e1pido act\u00faes, m\u00e1s favorables ser\u00e1n tus probabilidades de conseguir la compensaci\u00f3n que mereces.<\/p>\n","protected":false},"excerpt":{"rendered":"<p>Imag\u00ednate el caos despu\u00e9s de un accidente de tr\u00e1fico: las sirenas suenan entre gritos confundidos, y t\u00fa, aturdido y tembloroso, saliendo del auto. Todo parece borroso, hay cristales rotos por todos lados y un fuerte olor a gasolina en el aire. Ves rostros asustados, otros llenos de rabia. Es una situaci\u00f3n abrumadora en todos los [&hellip;]<\/p>\n","protected":false},"author":18,"featured_media":12733,"parent":0,"menu_order":0,"comment_status":"closed","ping_status":"closed","template":"template-police-report.php","meta":{"_acf_changed":false,"footnotes":""},"class_list":["post-12731","page","type-page","status-publish","has-post-thumbnail","hentry"],"acf":[],"yoast_head":"<!-- This site is optimized with the Yoast SEO plugin v27.5 - https:\/\/yoast.com\/product\/yoast-seo-wordpress\/ -->\n<title>Consigue el Reporte Policial de tu Accidente de Auto | CEO Lawyer<\/title>\n<meta name=\"description\" content=\"Obt\u00e9n tu reporte policial de accidente sin complicaciones. Protege tus derechos y fortalece tu caso con ayuda de CEO Lawyer Personal Injury Law Firm. Llama al (888) 307-4648 ahora.\" \/>\n<meta name=\"robots\" content=\"index, follow, max-snippet:-1, max-image-preview:large, max-video-preview:-1\" \/>\n<link rel=\"canonical\" href=\"https:\/\/ceolawyer.com\/espanol\/informe-de-accidente\/\" \/>\n<meta property=\"og:locale\" content=\"en_US\" \/>\n<meta property=\"og:type\" content=\"article\" \/>\n<meta property=\"og:title\" content=\"Consigue el Reporte Policial de tu Accidente de Auto | CEO Lawyer\" \/>\n<meta property=\"og:description\" content=\"Obt\u00e9n tu reporte policial de accidente sin complicaciones. Protege tus derechos y fortalece tu caso con ayuda de CEO Lawyer Personal Injury Law Firm. Llama al (888) 307-4648 ahora.\" \/>\n<meta property=\"og:url\" content=\"https:\/\/ceolawyer.com\/espanol\/informe-de-accidente\/\" \/>\n<meta property=\"og:site_name\" content=\"CEO Lawyer\" \/>\n<meta property=\"article:modified_time\" content=\"2025-12-19T12:07:54+00:00\" \/>\n<meta property=\"og:image\" content=\"https:\/\/ceolawyer.com\/espanol\/wp-content\/uploads\/sites\/2\/2025\/12\/How-to-Get-Your-Car-Accident-Police-Report.webp\" \/>\n\t<meta property=\"og:image:width\" content=\"500\" \/>\n\t<meta property=\"og:image:height\" content=\"300\" \/>\n\t<meta property=\"og:image:type\" content=\"image\/webp\" \/>\n<meta name=\"twitter:card\" content=\"summary_large_image\" \/>\n<meta name=\"twitter:label1\" content=\"Est. reading time\" \/>\n\t<meta name=\"twitter:data1\" content=\"7 minutes\" \/>\n<script type=\"application\/ld+json\" class=\"yoast-schema-graph\">{\"@context\":\"https:\\\/\\\/schema.org\",\"@graph\":[{\"@type\":\"WebPage\",\"@id\":\"https:\\\/\\\/ceolawyer.com\\\/espanol\\\/informe-de-accidente\\\/\",\"url\":\"https:\\\/\\\/ceolawyer.com\\\/espanol\\\/informe-de-accidente\\\/\",\"name\":\"Consigue el Reporte Policial de tu Accidente de Auto | CEO Lawyer\",\"isPartOf\":{\"@id\":\"https:\\\/\\\/ceolawyer.com\\\/espanol\\\/#website\"},\"primaryImageOfPage\":{\"@id\":\"https:\\\/\\\/ceolawyer.com\\\/espanol\\\/informe-de-accidente\\\/#primaryimage\"},\"image\":{\"@id\":\"https:\\\/\\\/ceolawyer.com\\\/espanol\\\/informe-de-accidente\\\/#primaryimage\"},\"thumbnailUrl\":\"https:\\\/\\\/ceolawyer.com\\\/espanol\\\/wp-content\\\/uploads\\\/sites\\\/2\\\/2025\\\/12\\\/How-to-Get-Your-Car-Accident-Police-Report.webp\",\"datePublished\":\"2025-12-18T18:19:54+00:00\",\"dateModified\":\"2025-12-19T12:07:54+00:00\",\"description\":\"Obt\u00e9n tu reporte policial de accidente sin complicaciones. Protege tus derechos y fortalece tu caso con ayuda de CEO Lawyer Personal Injury Law Firm. Llama al (888) 307-4648 ahora.\",\"breadcrumb\":{\"@id\":\"https:\\\/\\\/ceolawyer.com\\\/espanol\\\/informe-de-accidente\\\/#breadcrumb\"},\"inLanguage\":\"en-US\",\"potentialAction\":[{\"@type\":\"ReadAction\",\"target\":[\"https:\\\/\\\/ceolawyer.com\\\/espanol\\\/informe-de-accidente\\\/\"]}]},{\"@type\":\"ImageObject\",\"inLanguage\":\"en-US\",\"@id\":\"https:\\\/\\\/ceolawyer.com\\\/espanol\\\/informe-de-accidente\\\/#primaryimage\",\"url\":\"https:\\\/\\\/ceolawyer.com\\\/espanol\\\/wp-content\\\/uploads\\\/sites\\\/2\\\/2025\\\/12\\\/How-to-Get-Your-Car-Accident-Police-Report.webp\",\"contentUrl\":\"https:\\\/\\\/ceolawyer.com\\\/espanol\\\/wp-content\\\/uploads\\\/sites\\\/2\\\/2025\\\/12\\\/How-to-Get-Your-Car-Accident-Police-Report.webp\",\"width\":500,\"height\":300,\"caption\":\"Un auto de polic\u00eda deteni\u00e9ndose detr\u00e1s de otro veh\u00edculo en el sito de un accidente automovil\u00edstico.\"},{\"@type\":\"BreadcrumbList\",\"@id\":\"https:\\\/\\\/ceolawyer.com\\\/espanol\\\/informe-de-accidente\\\/#breadcrumb\",\"itemListElement\":[{\"@type\":\"ListItem\",\"position\":1,\"name\":\"Home\",\"item\":\"https:\\\/\\\/ceolawyer.com\\\/espanol\\\/\"},{\"@type\":\"ListItem\",\"position\":2,\"name\":\"Consigue el Reporte Policial de tu Accidente de Auto\"}]},{\"@type\":\"WebSite\",\"@id\":\"https:\\\/\\\/ceolawyer.com\\\/espanol\\\/#website\",\"url\":\"https:\\\/\\\/ceolawyer.com\\\/espanol\\\/\",\"name\":\"CEO Lawyer\",\"description\":\"Personal Injury Attorney\",\"publisher\":{\"@id\":\"https:\\\/\\\/ceolawyer.com\\\/espanol\\\/#organization\"},\"potentialAction\":[{\"@type\":\"SearchAction\",\"target\":{\"@type\":\"EntryPoint\",\"urlTemplate\":\"https:\\\/\\\/ceolawyer.com\\\/espanol\\\/?s={search_term_string}\"},\"query-input\":{\"@type\":\"PropertyValueSpecification\",\"valueRequired\":true,\"valueName\":\"search_term_string\"}}],\"inLanguage\":\"en-US\"},{\"@type\":\"Organization\",\"@id\":\"https:\\\/\\\/ceolawyer.com\\\/espanol\\\/#organization\",\"name\":\"CEO Lawyer\",\"url\":\"https:\\\/\\\/ceolawyer.com\\\/espanol\\\/\",\"logo\":{\"@type\":\"ImageObject\",\"inLanguage\":\"en-US\",\"@id\":\"https:\\\/\\\/ceolawyer.com\\\/espanol\\\/#\\\/schema\\\/logo\\\/image\\\/\",\"url\":\"https:\\\/\\\/ceolawyer.com\\\/espanol\\\/wp-content\\\/uploads\\\/sites\\\/2\\\/2022\\\/05\\\/CEO_Logo.png\",\"contentUrl\":\"https:\\\/\\\/ceolawyer.com\\\/espanol\\\/wp-content\\\/uploads\\\/sites\\\/2\\\/2022\\\/05\\\/CEO_Logo.png\",\"width\":200,\"height\":108,\"caption\":\"CEO Lawyer\"},\"image\":{\"@id\":\"https:\\\/\\\/ceolawyer.com\\\/espanol\\\/#\\\/schema\\\/logo\\\/image\\\/\"}}]}<\/script>\n<!-- \/ Yoast SEO plugin. -->","yoast_head_json":{"title":"Consigue el Reporte Policial de tu Accidente de Auto | CEO Lawyer","description":"Obt\u00e9n tu reporte policial de accidente sin complicaciones. Protege tus derechos y fortalece tu caso con ayuda de CEO Lawyer Personal Injury Law Firm. Llama al (888) 307-4648 ahora.","robots":{"index":"index","follow":"follow","max-snippet":"max-snippet:-1","max-image-preview":"max-image-preview:large","max-video-preview":"max-video-preview:-1"},"canonical":"https:\/\/ceolawyer.com\/espanol\/informe-de-accidente\/","og_locale":"en_US","og_type":"article","og_title":"Consigue el Reporte Policial de tu Accidente de Auto | CEO Lawyer","og_description":"Obt\u00e9n tu reporte policial de accidente sin complicaciones. Protege tus derechos y fortalece tu caso con ayuda de CEO Lawyer Personal Injury Law Firm. Llama al (888) 307-4648 ahora.","og_url":"https:\/\/ceolawyer.com\/espanol\/informe-de-accidente\/","og_site_name":"CEO Lawyer","article_modified_time":"2025-12-19T12:07:54+00:00","og_image":[{"width":500,"height":300,"url":"https:\/\/ceolawyer.com\/espanol\/wp-content\/uploads\/sites\/2\/2025\/12\/How-to-Get-Your-Car-Accident-Police-Report.webp","type":"image\/webp"}],"twitter_card":"summary_large_image","twitter_misc":{"Est. reading time":"7 minutes"},"schema":{"@context":"https:\/\/schema.org","@graph":[{"@type":"WebPage","@id":"https:\/\/ceolawyer.com\/espanol\/informe-de-accidente\/","url":"https:\/\/ceolawyer.com\/espanol\/informe-de-accidente\/","name":"Consigue el Reporte Policial de tu Accidente de Auto | CEO Lawyer","isPartOf":{"@id":"https:\/\/ceolawyer.com\/espanol\/#website"},"primaryImageOfPage":{"@id":"https:\/\/ceolawyer.com\/espanol\/informe-de-accidente\/#primaryimage"},"image":{"@id":"https:\/\/ceolawyer.com\/espanol\/informe-de-accidente\/#primaryimage"},"thumbnailUrl":"https:\/\/ceolawyer.com\/espanol\/wp-content\/uploads\/sites\/2\/2025\/12\/How-to-Get-Your-Car-Accident-Police-Report.webp","datePublished":"2025-12-18T18:19:54+00:00","dateModified":"2025-12-19T12:07:54+00:00","description":"Obt\u00e9n tu reporte policial de accidente sin complicaciones. Protege tus derechos y fortalece tu caso con ayuda de CEO Lawyer Personal Injury Law Firm. Llama al (888) 307-4648 ahora.","breadcrumb":{"@id":"https:\/\/ceolawyer.com\/espanol\/informe-de-accidente\/#breadcrumb"},"inLanguage":"en-US","potentialAction":[{"@type":"ReadAction","target":["https:\/\/ceolawyer.com\/espanol\/informe-de-accidente\/"]}]},{"@type":"ImageObject","inLanguage":"en-US","@id":"https:\/\/ceolawyer.com\/espanol\/informe-de-accidente\/#primaryimage","url":"https:\/\/ceolawyer.com\/espanol\/wp-content\/uploads\/sites\/2\/2025\/12\/How-to-Get-Your-Car-Accident-Police-Report.webp","contentUrl":"https:\/\/ceolawyer.com\/espanol\/wp-content\/uploads\/sites\/2\/2025\/12\/How-to-Get-Your-Car-Accident-Police-Report.webp","width":500,"height":300,"caption":"Un auto de polic\u00eda deteni\u00e9ndose detr\u00e1s de otro veh\u00edculo en el sito de un accidente automovil\u00edstico."},{"@type":"BreadcrumbList","@id":"https:\/\/ceolawyer.com\/espanol\/informe-de-accidente\/#breadcrumb","itemListElement":[{"@type":"ListItem","position":1,"name":"Home","item":"https:\/\/ceolawyer.com\/espanol\/"},{"@type":"ListItem","position":2,"name":"Consigue el Reporte Policial de tu Accidente de Auto"}]},{"@type":"WebSite","@id":"https:\/\/ceolawyer.com\/espanol\/#website","url":"https:\/\/ceolawyer.com\/espanol\/","name":"CEO Lawyer","description":"Personal Injury Attorney","publisher":{"@id":"https:\/\/ceolawyer.com\/espanol\/#organization"},"potentialAction":[{"@type":"SearchAction","target":{"@type":"EntryPoint","urlTemplate":"https:\/\/ceolawyer.com\/espanol\/?s={search_term_string}"},"query-input":{"@type":"PropertyValueSpecification","valueRequired":true,"valueName":"search_term_string"}}],"inLanguage":"en-US"},{"@type":"Organization","@id":"https:\/\/ceolawyer.com\/espanol\/#organization","name":"CEO Lawyer","url":"https:\/\/ceolawyer.com\/espanol\/","logo":{"@type":"ImageObject","inLanguage":"en-US","@id":"https:\/\/ceolawyer.com\/espanol\/#\/schema\/logo\/image\/","url":"https:\/\/ceolawyer.com\/espanol\/wp-content\/uploads\/sites\/2\/2022\/05\/CEO_Logo.png","contentUrl":"https:\/\/ceolawyer.com\/espanol\/wp-content\/uploads\/sites\/2\/2022\/05\/CEO_Logo.png","width":200,"height":108,"caption":"CEO Lawyer"},"image":{"@id":"https:\/\/ceolawyer.com\/espanol\/#\/schema\/logo\/image\/"}}]}},"_links":{"self":[{"href":"https:\/\/ceolawyer.com\/espanol\/wp-json\/wp\/v2\/pages\/12731","targetHints":{"allow":["GET"]}}],"collection":[{"href":"https:\/\/ceolawyer.com\/espanol\/wp-json\/wp\/v2\/pages"}],"about":[{"href":"https:\/\/ceolawyer.com\/espanol\/wp-json\/wp\/v2\/types\/page"}],"author":[{"embeddable":true,"href":"https:\/\/ceolawyer.com\/espanol\/wp-json\/wp\/v2\/users\/18"}],"replies":[{"embeddable":true,"href":"https:\/\/ceolawyer.com\/espanol\/wp-json\/wp\/v2\/comments?post=12731"}],"version-history":[{"count":0,"href":"https:\/\/ceolawyer.com\/espanol\/wp-json\/wp\/v2\/pages\/12731\/revisions"}],"wp:featuredmedia":[{"embeddable":true,"href":"https:\/\/ceolawyer.com\/espanol\/wp-json\/wp\/v2\/media\/12733"}],"wp:attachment":[{"href":"https:\/\/ceolawyer.com\/espanol\/wp-json\/wp\/v2\/media?parent=12731"}],"curies":[{"name":"wp","href":"https:\/\/api.w.org\/{rel}","templated":true}]}}