{"id":12755,"date":"2025-12-19T13:23:55","date_gmt":"2025-12-19T13:23:55","guid":{"rendered":"https:\/\/ceolawyer.com\/espanol\/?page_id=12755"},"modified":"2026-02-16T14:05:39","modified_gmt":"2026-02-16T14:05:39","slug":"albany","status":"publish","type":"page","link":"https:\/\/ceolawyer.com\/espanol\/informe-de-accidente\/informe-policial-de-un-accidente-de-auto-en-georgia\/albany\/","title":{"rendered":"C\u00f3mo Obtener el Reporte de tu Accidente de Auto del Departamento de Polic\u00eda de Albany"},"content":{"rendered":"<p><img decoding=\"async\" class=\"alignright size-full wp-image-12757\" src=\"https:\/\/ceolawyer.com\/espanol\/wp-content\/uploads\/sites\/2\/2025\/12\/How-to-Obtain-Your-Albany-Police-Department-Car-Accident-Report.webp\" alt=\"Un auto policial detenido en la escena de un accidente y dejando su puerta abierta.\" width=\"500\" height=\"300\" srcset=\"https:\/\/ceolawyer.com\/espanol\/wp-content\/uploads\/sites\/2\/2025\/12\/How-to-Obtain-Your-Albany-Police-Department-Car-Accident-Report.webp 500w, https:\/\/ceolawyer.com\/espanol\/wp-content\/uploads\/sites\/2\/2025\/12\/How-to-Obtain-Your-Albany-Police-Department-Car-Accident-Report-300x180.webp 300w\" sizes=\"(max-width: 500px) 100vw, 500px\" \/>Si estuviste en un accidente de tr\u00e1fico en Albany, Georgia, conseguir una copia del informe policial es importante por varias razones. Desde reclamaciones de seguro hasta procedimientos legales, este documento oficial contiene informaci\u00f3n valiosa sobre lo que pas\u00f3 en tu accidente.<\/p>\n<p>Aqu\u00ed tienes una gu\u00eda sobre c\u00f3mo obtener el reporte de tu accidente de tr\u00e1fico del Departamento de Polic\u00eda de Albany, as\u00ed no tendr\u00e1s problemas en conseguirlo durante este momento tan complicado.<\/p>\n<h2>\u00bfPor qu\u00e9 los reportes policiales son importantes?<\/h2>\n<p>Cuando le avisas a tu compa\u00f1\u00eda de seguro que tuviste un accidente de auto, lo primero que van a pedirte es una copia del reporte policial. Estos informes sirven como un registro detallado del accidente y brindan informaci\u00f3n importante para confirmar o refutar suposiciones hechas durante la investigaci\u00f3n.<\/p>\n<p>En casos donde los detalles son disputados, un reporte policial del accidente puede ser una pieza clave de evidencia para respaldar tu reclamo.<\/p>\n<p>Generalmente, este informe incluye:<\/p>\n<ul>\n<li>Nombre e informaci\u00f3n de contacto de todos los involucrados (conductores, pasajeros, etc.)<\/li>\n<li>Una descripci\u00f3n de la escena del accidente, incluyendo las condiciones del clima y distribuci\u00f3n de la v\u00eda.<\/li>\n<li>Declaraciones de las partes involucradas y de cualquier testigo.<\/li>\n<li>Una evaluaci\u00f3n preliminar de responsabilidad realizada por el oficial que respondi\u00f3 al accidente.<\/li>\n<\/ul>\n<h2>\u00bfQu\u00e9 tan admisibles son los reportes policiales en los tribunales?<\/h2>\n<p>Eso puede variar seg\u00fan la jurisdicci\u00f3n y el tipo de corte. En tribunales de reclamos menores, los jueces suelen permitir estos informes como prueba. Sin embargo, en cortes con jurisdicci\u00f3n general, pueden aplicarse normas distintas.<\/p>\n<p>Algunos tribunales pueden considerar los reportes policiales como prueba de \u201co\u00eddas\u201d, lo que podr\u00eda hacerlos inadmisibles. Otros lo ven como registros p\u00fablicos, permitiendo su uso como evidencia.<\/p>\n<p>Por eso, tener a un <a href=\"https:\/\/ceolawyer.com\/espanol\/abogado-de-lesiones-personales-georgia\/abogado-de-accidentes-automovilisticos\/\">abogado experimentado en accidentes de auto en Georgia<\/a>\u2014alguien que est\u00e9 familiarizado con los est\u00e1ndares de los tribunales locales\u2014, puede ayudarte a determinar qu\u00e9 tan \u00fatil es un reporte como evidencia.<\/p>\n<h2>Obt\u00e9n el reporte policial de tu accidente en Albany<\/h2>\n<p>Afortunadamente, el proceso para obtener un informe policial de accidentes en Albany, GA, es sencillo. El Departamento de Polic\u00eda del Condado de Dougherty asigna un n\u00famero de informe \u00fanico a cada caso, lo que facilita su recuperaci\u00f3n.<\/p>\n<p>En Georgia, seg\u00fan la Ley de Registros P\u00fablicos, la mayor\u00eda de los informes policiales son documentos p\u00fablicos. Esto significa que, por lo general, cualquier persona\u2014no solo aquellos directamente involucrados en el accidente\u2014puede obtener una copia del reporte.<\/p>\n<h2>M\u00e9todos para solicitar el reporte policial de tu accidente en Albany<\/h2>\n<p>Hay tres formas de adquirir tu informe policial:<\/p>\n<h3>En l\u00ednea<\/h3>\n<p>Aunque el Departamento de Polic\u00eda de Albany no ofrece actualmente acceso en l\u00ednea a reportes completos sobre accidentes, puedes visitar su p\u00e1gina de Solicitud de Registros P\u00fablicos para obtener m\u00e1s informaci\u00f3n sobre el proceso.<\/p>\n<h3>En persona<\/h3>\n<p>Este suele ser el m\u00e9todo m\u00e1s r\u00e1pido y conveniente, especialmente si tienes el n\u00famero de informe a la mano.<\/p>\n<p>Estos son los pasos a seguir para solicitar tu reporte:<\/p>\n<ol>\n<li><strong>Identificar el n\u00famero de reporte: <\/strong>Si no lo tienes, los oficiales del departamento podr\u00e1n ayudarte a localizarlo utilizando tu nombre, fecha de nacimiento y la fecha del accidente.<\/li>\n<li><strong>Visitar el departamento correspondiente: <\/strong>Hay dos departamentos que manejan los reportes policiales en Albany.<\/li>\n<\/ol>\n<ul>\n<li style=\"list-style-type: none;\">\n<ul>\n<li>Departamento de Polic\u00eda del Condado de Dougherty<\/li>\n<\/ul>\n<\/li>\n<\/ul>\n<p>2106 Habersham Road, Albany, Georgia 31701.<\/p>\n<p><em>Costo del informe: $5.00 o $0.10 por p\u00e1gina.<\/em><\/p>\n<ul>\n<li style=\"list-style-type: none;\">\n<ul>\n<li>Departamento de Polic\u00eda de Albany<\/li>\n<\/ul>\n<\/li>\n<\/ul>\n<p>201 W. Oglethorpe Blvd., Albany, Georgia 31701.<\/p>\n<p><em>Costo del informe: $0.25 por p\u00e1gina.<\/em><\/p>\n<ol>\n<li><strong>Llevar la informaci\u00f3n y el pago necesarios: <\/strong>Debes presentar tu identificaci\u00f3n, el n\u00famero del informe (si lo tienes) y el pago correspondiente por el reporte.<\/li>\n<\/ol>\n<h3>Por correo<\/h3>\n<p>Si prefieres no visitar el departamento de polic\u00eda en persona, puedes solicitar el informe por correo siguiendo estos pasos:<\/p>\n<ol>\n<li><strong>Contactar al Departamento Policial Correspondiente<\/strong><\/li>\n<\/ol>\n<ul>\n<li>Departamento de Polic\u00eda del Condado de Dougherty: <a href=\"tel:+12294306600\">(229) 430-6600<\/a>.<\/li>\n<li>Departamento de Polic\u00eda de Albany: <a href=\"tel:+12294312100\">(229) 431-2100<\/a>.<\/li>\n<li>Pregunta sobre el proceso y los detalles necesarios para la solicitud por correo.<\/li>\n<\/ul>\n<ol>\n<li><strong>Preparar tu solicitud<\/strong><\/li>\n<\/ol>\n<ul>\n<li>Identifica el n\u00famero correcto del informe de tu accidente.<\/li>\n<li>Incluye un cheque o giro postal por las tarifas requeridas.<\/li>\n<li>Agrega tu direcci\u00f3n de env\u00edo y datos de contacto para la entrega.<\/li>\n<\/ul>\n<h2>Costos y tiempo de entrega<\/h2>\n<p>Al solicitar el reporte policial de tu accidente, es importante considerar estos factores:<\/p>\n<ul>\n<li>Un reporte suele costar entre $0.10 por p\u00e1gina y suelen incluir tarifas adicionales.<\/li>\n<li>Generalmente, los reportes est\u00e1n disponibles en un plazo de 3 a 5 d\u00edas h\u00e1biles, aunque esto puede variar.<\/li>\n<\/ul>\n<h2>C\u00f3mo interpretar el reporte policial de tu accidente<\/h2>\n<p>Los reportes de accidentes pueden ser documentos complejos. Algunos aspectos clave que se incluyen son:<\/p>\n<ul>\n<li><strong>Factores contribuyentes: <\/strong>Esta secci\u00f3n detalla la evaluaci\u00f3n preliminar del oficial sobre la causa del accidente (si alguien iba a exceso de velocidad o si conduc\u00eda de forma irresponsable).<\/li>\n<li><strong>Narrativa y diagrama: <\/strong>Resume los hallazgos del oficial, incluyendo declaraciones de testigos y una representaci\u00f3n visual de la escena del accidente.<\/li>\n<li><strong>C\u00f3digos del informe: <\/strong>Explica los c\u00f3digos utilizados en el informe, ayud\u00e1ndote a entender detalles como la condici\u00f3n del conductor o los factores contribuyentes.<\/li>\n<\/ul>\n<h2>C\u00f3mo corregir informaci\u00f3n incorrecta o incompleta<\/h2>\n<p>Si descubres que el informe policial de tu accidente contiene errores o le falta informaci\u00f3n, sigue estos pasos:<\/p>\n<ol>\n<li>Contacta al departamento de polic\u00eda correspondiente.<\/li>\n<li>Solicita una enmienda, proporcionando evidencia que respalde las modificaciones necesarias.<\/li>\n<li>Consulta a un abogado si estos errores pueden afectar tu indemnizaci\u00f3n o caso legal.<\/li>\n<\/ol>\n<h2>\u00bfTienes problemas para obtener tu informe?<\/h2>\n<p>En CEO Lawyer Personal Injury Law Firm podemos ayudarte si tienes problemas en alguna parte del proceso para obtener el reporte policial de tu accidente en Albany. Nuestro equipo legal podr\u00e1 manejar tu caso y asegurarse que obtengas los documentos que necesitas.<\/p>\n","protected":false},"excerpt":{"rendered":"<p>Si estuviste en un accidente de tr\u00e1fico en Albany, Georgia, conseguir una copia del informe policial es importante por varias razones. Desde reclamaciones de seguro hasta procedimientos legales, este documento oficial contiene informaci\u00f3n valiosa sobre lo que pas\u00f3 en tu accidente. Aqu\u00ed tienes una gu\u00eda sobre c\u00f3mo obtener el reporte de tu accidente de tr\u00e1fico [&hellip;]<\/p>\n","protected":false},"author":18,"featured_media":12757,"parent":12737,"menu_order":0,"comment_status":"closed","ping_status":"closed","template":"","meta":{"_acf_changed":false,"footnotes":""},"class_list":["post-12755","page","type-page","status-publish","has-post-thumbnail","hentry"],"acf":[],"yoast_head":"<!-- This site is optimized with the Yoast SEO plugin v27.4 - https:\/\/yoast.com\/product\/yoast-seo-wordpress\/ -->\n<title>C\u00f3mo Obtener el Reporte de tu Accidente de Auto del Departamento de Polic\u00eda de Albany | CEO Lawyer<\/title>\n<meta name=\"description\" content=\"\u00bfTienes problemas para obtener el informe de tu accidente en Albany, GA? En CEO Lawyer Personal Injury Law Firm te podemos ayudar. \u00a1Cont\u00e1ctanos hoy y protege tus derechos!\" \/>\n<meta name=\"robots\" content=\"index, follow, max-snippet:-1, max-image-preview:large, max-video-preview:-1\" \/>\n<link rel=\"canonical\" href=\"https:\/\/ceolawyer.com\/espanol\/informe-de-accidente\/informe-policial-de-un-accidente-de-auto-en-georgia\/albany\/\" \/>\n<meta property=\"og:locale\" content=\"en_US\" \/>\n<meta property=\"og:type\" content=\"article\" \/>\n<meta property=\"og:title\" content=\"C\u00f3mo Obtener el Reporte de tu Accidente de Auto del Departamento de Polic\u00eda de Albany | CEO Lawyer\" \/>\n<meta property=\"og:description\" content=\"\u00bfTienes problemas para obtener el informe de tu accidente en Albany, GA? En CEO Lawyer Personal Injury Law Firm te podemos ayudar. \u00a1Cont\u00e1ctanos hoy y protege tus derechos!\" \/>\n<meta property=\"og:url\" content=\"https:\/\/ceolawyer.com\/espanol\/informe-de-accidente\/informe-policial-de-un-accidente-de-auto-en-georgia\/albany\/\" \/>\n<meta property=\"og:site_name\" content=\"CEO Lawyer\" \/>\n<meta property=\"article:modified_time\" content=\"2026-02-16T14:05:39+00:00\" \/>\n<meta property=\"og:image\" content=\"https:\/\/ceolawyer.com\/espanol\/wp-content\/uploads\/sites\/2\/2025\/12\/How-to-Obtain-Your-Albany-Police-Department-Car-Accident-Report.webp\" \/>\n\t<meta property=\"og:image:width\" content=\"500\" \/>\n\t<meta property=\"og:image:height\" content=\"300\" \/>\n\t<meta property=\"og:image:type\" content=\"image\/webp\" \/>\n<meta name=\"twitter:card\" content=\"summary_large_image\" \/>\n<meta name=\"twitter:label1\" content=\"Est. reading time\" \/>\n\t<meta name=\"twitter:data1\" content=\"5 minutes\" \/>\n<script type=\"application\/ld+json\" class=\"yoast-schema-graph\">{\"@context\":\"https:\\\/\\\/schema.org\",\"@graph\":[{\"@type\":\"WebPage\",\"@id\":\"https:\\\/\\\/ceolawyer.com\\\/espanol\\\/informe-de-accidente\\\/informe-policial-de-un-accidente-de-auto-en-georgia\\\/albany\\\/\",\"url\":\"https:\\\/\\\/ceolawyer.com\\\/espanol\\\/informe-de-accidente\\\/informe-policial-de-un-accidente-de-auto-en-georgia\\\/albany\\\/\",\"name\":\"C\u00f3mo Obtener el Reporte de tu Accidente de Auto del Departamento de Polic\u00eda de Albany | CEO Lawyer\",\"isPartOf\":{\"@id\":\"https:\\\/\\\/ceolawyer.com\\\/espanol\\\/#website\"},\"primaryImageOfPage\":{\"@id\":\"https:\\\/\\\/ceolawyer.com\\\/espanol\\\/informe-de-accidente\\\/informe-policial-de-un-accidente-de-auto-en-georgia\\\/albany\\\/#primaryimage\"},\"image\":{\"@id\":\"https:\\\/\\\/ceolawyer.com\\\/espanol\\\/informe-de-accidente\\\/informe-policial-de-un-accidente-de-auto-en-georgia\\\/albany\\\/#primaryimage\"},\"thumbnailUrl\":\"https:\\\/\\\/ceolawyer.com\\\/espanol\\\/wp-content\\\/uploads\\\/sites\\\/2\\\/2025\\\/12\\\/How-to-Obtain-Your-Albany-Police-Department-Car-Accident-Report.webp\",\"datePublished\":\"2025-12-19T13:23:55+00:00\",\"dateModified\":\"2026-02-16T14:05:39+00:00\",\"description\":\"\u00bfTienes problemas para obtener el informe de tu accidente en Albany, GA? En CEO Lawyer Personal Injury Law Firm te podemos ayudar. \u00a1Cont\u00e1ctanos hoy y protege tus derechos!\",\"breadcrumb\":{\"@id\":\"https:\\\/\\\/ceolawyer.com\\\/espanol\\\/informe-de-accidente\\\/informe-policial-de-un-accidente-de-auto-en-georgia\\\/albany\\\/#breadcrumb\"},\"inLanguage\":\"en-US\",\"potentialAction\":[{\"@type\":\"ReadAction\",\"target\":[\"https:\\\/\\\/ceolawyer.com\\\/espanol\\\/informe-de-accidente\\\/informe-policial-de-un-accidente-de-auto-en-georgia\\\/albany\\\/\"]}]},{\"@type\":\"ImageObject\",\"inLanguage\":\"en-US\",\"@id\":\"https:\\\/\\\/ceolawyer.com\\\/espanol\\\/informe-de-accidente\\\/informe-policial-de-un-accidente-de-auto-en-georgia\\\/albany\\\/#primaryimage\",\"url\":\"https:\\\/\\\/ceolawyer.com\\\/espanol\\\/wp-content\\\/uploads\\\/sites\\\/2\\\/2025\\\/12\\\/How-to-Obtain-Your-Albany-Police-Department-Car-Accident-Report.webp\",\"contentUrl\":\"https:\\\/\\\/ceolawyer.com\\\/espanol\\\/wp-content\\\/uploads\\\/sites\\\/2\\\/2025\\\/12\\\/How-to-Obtain-Your-Albany-Police-Department-Car-Accident-Report.webp\",\"width\":500,\"height\":300,\"caption\":\"Un auto policial detenido en la escena de un accidente y dejando su puerta abierta.\"},{\"@type\":\"BreadcrumbList\",\"@id\":\"https:\\\/\\\/ceolawyer.com\\\/espanol\\\/informe-de-accidente\\\/informe-policial-de-un-accidente-de-auto-en-georgia\\\/albany\\\/#breadcrumb\",\"itemListElement\":[{\"@type\":\"ListItem\",\"position\":1,\"name\":\"Home\",\"item\":\"https:\\\/\\\/ceolawyer.com\\\/espanol\\\/\"},{\"@type\":\"ListItem\",\"position\":2,\"name\":\"Consigue el Reporte Policial de tu Accidente de Auto\",\"item\":\"https:\\\/\\\/ceolawyer.com\\\/espanol\\\/informe-de-accidente\\\/\"},{\"@type\":\"ListItem\",\"position\":3,\"name\":\"C\u00f3mo Solicitar el Informe Policial de un Accidente de Auto en Georgia\",\"item\":\"https:\\\/\\\/ceolawyer.com\\\/espanol\\\/informe-de-accidente\\\/informe-policial-de-un-accidente-de-auto-en-georgia\\\/\"},{\"@type\":\"ListItem\",\"position\":4,\"name\":\"C\u00f3mo Obtener el Reporte de tu Accidente de Auto del Departamento de Polic\u00eda de Albany\"}]},{\"@type\":\"WebSite\",\"@id\":\"https:\\\/\\\/ceolawyer.com\\\/espanol\\\/#website\",\"url\":\"https:\\\/\\\/ceolawyer.com\\\/espanol\\\/\",\"name\":\"CEO Lawyer\",\"description\":\"Personal Injury Attorney\",\"publisher\":{\"@id\":\"https:\\\/\\\/ceolawyer.com\\\/espanol\\\/#organization\"},\"potentialAction\":[{\"@type\":\"SearchAction\",\"target\":{\"@type\":\"EntryPoint\",\"urlTemplate\":\"https:\\\/\\\/ceolawyer.com\\\/espanol\\\/?s={search_term_string}\"},\"query-input\":{\"@type\":\"PropertyValueSpecification\",\"valueRequired\":true,\"valueName\":\"search_term_string\"}}],\"inLanguage\":\"en-US\"},{\"@type\":\"Organization\",\"@id\":\"https:\\\/\\\/ceolawyer.com\\\/espanol\\\/#organization\",\"name\":\"CEO Lawyer\",\"url\":\"https:\\\/\\\/ceolawyer.com\\\/espanol\\\/\",\"logo\":{\"@type\":\"ImageObject\",\"inLanguage\":\"en-US\",\"@id\":\"https:\\\/\\\/ceolawyer.com\\\/espanol\\\/#\\\/schema\\\/logo\\\/image\\\/\",\"url\":\"https:\\\/\\\/ceolawyer.com\\\/espanol\\\/wp-content\\\/uploads\\\/sites\\\/2\\\/2022\\\/05\\\/CEO_Logo.png\",\"contentUrl\":\"https:\\\/\\\/ceolawyer.com\\\/espanol\\\/wp-content\\\/uploads\\\/sites\\\/2\\\/2022\\\/05\\\/CEO_Logo.png\",\"width\":200,\"height\":108,\"caption\":\"CEO Lawyer\"},\"image\":{\"@id\":\"https:\\\/\\\/ceolawyer.com\\\/espanol\\\/#\\\/schema\\\/logo\\\/image\\\/\"}}]}<\/script>\n<!-- \/ Yoast SEO plugin. -->","yoast_head_json":{"title":"C\u00f3mo Obtener el Reporte de tu Accidente de Auto del Departamento de Polic\u00eda de Albany | CEO Lawyer","description":"\u00bfTienes problemas para obtener el informe de tu accidente en Albany, GA? En CEO Lawyer Personal Injury Law Firm te podemos ayudar. \u00a1Cont\u00e1ctanos hoy y protege tus derechos!","robots":{"index":"index","follow":"follow","max-snippet":"max-snippet:-1","max-image-preview":"max-image-preview:large","max-video-preview":"max-video-preview:-1"},"canonical":"https:\/\/ceolawyer.com\/espanol\/informe-de-accidente\/informe-policial-de-un-accidente-de-auto-en-georgia\/albany\/","og_locale":"en_US","og_type":"article","og_title":"C\u00f3mo Obtener el Reporte de tu Accidente de Auto del Departamento de Polic\u00eda de Albany | CEO Lawyer","og_description":"\u00bfTienes problemas para obtener el informe de tu accidente en Albany, GA? En CEO Lawyer Personal Injury Law Firm te podemos ayudar. \u00a1Cont\u00e1ctanos hoy y protege tus derechos!","og_url":"https:\/\/ceolawyer.com\/espanol\/informe-de-accidente\/informe-policial-de-un-accidente-de-auto-en-georgia\/albany\/","og_site_name":"CEO Lawyer","article_modified_time":"2026-02-16T14:05:39+00:00","og_image":[{"width":500,"height":300,"url":"https:\/\/ceolawyer.com\/espanol\/wp-content\/uploads\/sites\/2\/2025\/12\/How-to-Obtain-Your-Albany-Police-Department-Car-Accident-Report.webp","type":"image\/webp"}],"twitter_card":"summary_large_image","twitter_misc":{"Est. reading time":"5 minutes"},"schema":{"@context":"https:\/\/schema.org","@graph":[{"@type":"WebPage","@id":"https:\/\/ceolawyer.com\/espanol\/informe-de-accidente\/informe-policial-de-un-accidente-de-auto-en-georgia\/albany\/","url":"https:\/\/ceolawyer.com\/espanol\/informe-de-accidente\/informe-policial-de-un-accidente-de-auto-en-georgia\/albany\/","name":"C\u00f3mo Obtener el Reporte de tu Accidente de Auto del Departamento de Polic\u00eda de Albany | CEO Lawyer","isPartOf":{"@id":"https:\/\/ceolawyer.com\/espanol\/#website"},"primaryImageOfPage":{"@id":"https:\/\/ceolawyer.com\/espanol\/informe-de-accidente\/informe-policial-de-un-accidente-de-auto-en-georgia\/albany\/#primaryimage"},"image":{"@id":"https:\/\/ceolawyer.com\/espanol\/informe-de-accidente\/informe-policial-de-un-accidente-de-auto-en-georgia\/albany\/#primaryimage"},"thumbnailUrl":"https:\/\/ceolawyer.com\/espanol\/wp-content\/uploads\/sites\/2\/2025\/12\/How-to-Obtain-Your-Albany-Police-Department-Car-Accident-Report.webp","datePublished":"2025-12-19T13:23:55+00:00","dateModified":"2026-02-16T14:05:39+00:00","description":"\u00bfTienes problemas para obtener el informe de tu accidente en Albany, GA? En CEO Lawyer Personal Injury Law Firm te podemos ayudar. \u00a1Cont\u00e1ctanos hoy y protege tus derechos!","breadcrumb":{"@id":"https:\/\/ceolawyer.com\/espanol\/informe-de-accidente\/informe-policial-de-un-accidente-de-auto-en-georgia\/albany\/#breadcrumb"},"inLanguage":"en-US","potentialAction":[{"@type":"ReadAction","target":["https:\/\/ceolawyer.com\/espanol\/informe-de-accidente\/informe-policial-de-un-accidente-de-auto-en-georgia\/albany\/"]}]},{"@type":"ImageObject","inLanguage":"en-US","@id":"https:\/\/ceolawyer.com\/espanol\/informe-de-accidente\/informe-policial-de-un-accidente-de-auto-en-georgia\/albany\/#primaryimage","url":"https:\/\/ceolawyer.com\/espanol\/wp-content\/uploads\/sites\/2\/2025\/12\/How-to-Obtain-Your-Albany-Police-Department-Car-Accident-Report.webp","contentUrl":"https:\/\/ceolawyer.com\/espanol\/wp-content\/uploads\/sites\/2\/2025\/12\/How-to-Obtain-Your-Albany-Police-Department-Car-Accident-Report.webp","width":500,"height":300,"caption":"Un auto policial detenido en la escena de un accidente y dejando su puerta abierta."},{"@type":"BreadcrumbList","@id":"https:\/\/ceolawyer.com\/espanol\/informe-de-accidente\/informe-policial-de-un-accidente-de-auto-en-georgia\/albany\/#breadcrumb","itemListElement":[{"@type":"ListItem","position":1,"name":"Home","item":"https:\/\/ceolawyer.com\/espanol\/"},{"@type":"ListItem","position":2,"name":"Consigue el Reporte Policial de tu Accidente de Auto","item":"https:\/\/ceolawyer.com\/espanol\/informe-de-accidente\/"},{"@type":"ListItem","position":3,"name":"C\u00f3mo Solicitar el Informe Policial de un Accidente de Auto en Georgia","item":"https:\/\/ceolawyer.com\/espanol\/informe-de-accidente\/informe-policial-de-un-accidente-de-auto-en-georgia\/"},{"@type":"ListItem","position":4,"name":"C\u00f3mo Obtener el Reporte de tu Accidente de Auto del Departamento de Polic\u00eda de Albany"}]},{"@type":"WebSite","@id":"https:\/\/ceolawyer.com\/espanol\/#website","url":"https:\/\/ceolawyer.com\/espanol\/","name":"CEO Lawyer","description":"Personal Injury Attorney","publisher":{"@id":"https:\/\/ceolawyer.com\/espanol\/#organization"},"potentialAction":[{"@type":"SearchAction","target":{"@type":"EntryPoint","urlTemplate":"https:\/\/ceolawyer.com\/espanol\/?s={search_term_string}"},"query-input":{"@type":"PropertyValueSpecification","valueRequired":true,"valueName":"search_term_string"}}],"inLanguage":"en-US"},{"@type":"Organization","@id":"https:\/\/ceolawyer.com\/espanol\/#organization","name":"CEO Lawyer","url":"https:\/\/ceolawyer.com\/espanol\/","logo":{"@type":"ImageObject","inLanguage":"en-US","@id":"https:\/\/ceolawyer.com\/espanol\/#\/schema\/logo\/image\/","url":"https:\/\/ceolawyer.com\/espanol\/wp-content\/uploads\/sites\/2\/2022\/05\/CEO_Logo.png","contentUrl":"https:\/\/ceolawyer.com\/espanol\/wp-content\/uploads\/sites\/2\/2022\/05\/CEO_Logo.png","width":200,"height":108,"caption":"CEO Lawyer"},"image":{"@id":"https:\/\/ceolawyer.com\/espanol\/#\/schema\/logo\/image\/"}}]}},"_links":{"self":[{"href":"https:\/\/ceolawyer.com\/espanol\/wp-json\/wp\/v2\/pages\/12755","targetHints":{"allow":["GET"]}}],"collection":[{"href":"https:\/\/ceolawyer.com\/espanol\/wp-json\/wp\/v2\/pages"}],"about":[{"href":"https:\/\/ceolawyer.com\/espanol\/wp-json\/wp\/v2\/types\/page"}],"author":[{"embeddable":true,"href":"https:\/\/ceolawyer.com\/espanol\/wp-json\/wp\/v2\/users\/18"}],"replies":[{"embeddable":true,"href":"https:\/\/ceolawyer.com\/espanol\/wp-json\/wp\/v2\/comments?post=12755"}],"version-history":[{"count":0,"href":"https:\/\/ceolawyer.com\/espanol\/wp-json\/wp\/v2\/pages\/12755\/revisions"}],"up":[{"embeddable":true,"href":"https:\/\/ceolawyer.com\/espanol\/wp-json\/wp\/v2\/pages\/12737"}],"wp:featuredmedia":[{"embeddable":true,"href":"https:\/\/ceolawyer.com\/espanol\/wp-json\/wp\/v2\/media\/12757"}],"wp:attachment":[{"href":"https:\/\/ceolawyer.com\/espanol\/wp-json\/wp\/v2\/media?parent=12755"}],"curies":[{"name":"wp","href":"https:\/\/api.w.org\/{rel}","templated":true}]}}