{"id":12764,"date":"2025-12-19T13:45:23","date_gmt":"2025-12-19T13:45:23","guid":{"rendered":"https:\/\/ceolawyer.com\/espanol\/?page_id=12764"},"modified":"2025-12-19T13:51:45","modified_gmt":"2025-12-19T13:51:45","slug":"augusta-state-university","status":"publish","type":"page","link":"https:\/\/ceolawyer.com\/espanol\/informe-de-accidente\/informe-policial-de-un-accidente-de-auto-en-georgia\/augusta-state-university\/","title":{"rendered":"Obt\u00e9n el Informe de tu Accidente de Auto de la Polic\u00eda de la Universidad Estatal de Augusta"},"content":{"rendered":"<p><img decoding=\"async\" class=\"alignright size-full wp-image-12766\" src=\"https:\/\/ceolawyer.com\/espanol\/wp-content\/uploads\/sites\/2\/2025\/12\/How-to-Obtain-Your-Augusta-State-University-Police-Car-Accident-Report.webp\" alt=\"Una captura de profunidad de campo de un polic\u00eda de tr\u00e1fico observando la escena.\" width=\"500\" height=\"300\" srcset=\"https:\/\/ceolawyer.com\/espanol\/wp-content\/uploads\/sites\/2\/2025\/12\/How-to-Obtain-Your-Augusta-State-University-Police-Car-Accident-Report.webp 500w, https:\/\/ceolawyer.com\/espanol\/wp-content\/uploads\/sites\/2\/2025\/12\/How-to-Obtain-Your-Augusta-State-University-Police-Car-Accident-Report-300x180.webp 300w\" sizes=\"(max-width: 500px) 100vw, 500px\" \/>Si estuviste involucrado en un accidente de tr\u00e1fico dentro o cerca de la Universidad de Augusta, es posible que necesites una copia del informe policial para presentar un reclamo con el seguro o tomar acciones legales contra los responsables del accidente.<\/p>\n<p>Aqu\u00ed te explicamos la manera m\u00e1s clara y sencilla de c\u00f3mo obtenerlo.<\/p>\n<h2>\u00bfC\u00f3mo Conseguir el Informe de tu Accidente?<\/h2>\n<p>Si el accidente cumple con los siguientes criterios, puedes presentar un reporte en l\u00ednea:<\/p>\n<ul>\n<li>Si el accidente no es una emergencia.<\/li>\n<li>Sucedi\u00f3 dentro o cerca de la Universidad de Augusta.<\/li>\n<li>No hay una descripci\u00f3n clara de veh\u00edculos o sospechosos.<\/li>\n<li>No se necesita recolectar evidencia f\u00edsica.<\/li>\n<li>No involucra el robo de armas de fuego o medicamentos recetados.<\/li>\n<\/ul>\n<p>El <a href=\"https:\/\/www.augusta.edu\/police\/onlinereport.php\">Portal de Informes en L\u00ednea<\/a> del Departamento de Polic\u00eda de la Universidad de Augusta te permite reportar incidentes como robo de identidad, acoso, accidentes en propiedad privada (da\u00f1os menores a $1500). Una vez que completes tu reporte, recibir\u00e1s un n\u00famero de referencia para que puedas consultarlo o solicitar una copia.<\/p>\n<h3>\u00bfPrefieres solicitarlo en persona?<\/h3>\n<ol>\n<li>Dir\u00edgete al Departamento de Polic\u00eda de la Universidad de Augusta en 524 15th Street, Augusta, GA 30901.<\/li>\n<li>Comun\u00edcate con el Supervisor de Registros al <a href=\"tel:+17067218112\">(706) 721-8112<\/a>. El personal te ayudar\u00e1 con la documentaci\u00f3n para solicitar una copia de tu reporte policial, el informe de accidente de auto, o informaci\u00f3n relacionada con propiedad perdida.<\/li>\n<li>Lleva una identificaci\u00f3n v\u00e1lida y cualquier n\u00famero de caso relacionado con tu accidente para facilitar el proceso.<\/li>\n<\/ol>\n<h3>\u00bfCu\u00e1nto tarda?<\/h3>\n<p>El proceso de la solicitud toma entre 3 y 5 d\u00edas h\u00e1biles, tiempo en el cual la Divisi\u00f3n de Registros reunir\u00e1 la informaci\u00f3n necesaria y generar\u00e1 el informe oficial.<\/p>\n<h2>\u00bfQu\u00e9 Contiene un Informe de Accidente de la Polic\u00eda de Augusta?<\/h2>\n<p>Cada informe de accidente de auto incluye informaci\u00f3n clave:<\/p>\n<ul>\n<li><strong>Fecha, hora y ubicaci\u00f3n: <\/strong>Detalles precisos del accidente que son vitales para establecer una l\u00ednea del tiempo y posibles factores contribuyentes.<\/li>\n<li><strong>Informaci\u00f3n de los veh\u00edculos: <\/strong>Marca, modelo, matr\u00edcula, N\u00famero de Identificaci\u00f3n del Veh\u00edculo.<\/li>\n<li><strong>Declaraciones de testigos: <\/strong>Testimonios que pueden ayudar a esclarecer los hechos.<\/li>\n<li><strong>Infracciones de tr\u00e1fico: <\/strong>Si algo como exceso de velocidad, saltarse un sem\u00e1foro en rojo u otra violaci\u00f3n contribuy\u00f3 al accidente, quedar\u00e1 un registro de estos hechos en el informe.<\/li>\n<li><strong>Evidencia f\u00edsica: <\/strong>Marcas de llantas, el da\u00f1o y posiciones finales de los veh\u00edculos.<\/li>\n<li><strong>Im\u00e1genes o videos: <\/strong>Si hay grabaciones de c\u00e1maras de seguridad o dispositivos personales, pueden mencionarse en el informe.<\/li>\n<\/ul>\n<p>Ten en cuenta que el contenido espec\u00edfico del informe puede variar seg\u00fan el accidente.<\/p>\n<h2>Registros del Departamento de Polic\u00eda de la Universidad de Augusta<\/h2>\n<p>El departamento de Polic\u00eda administra diversos archivos y registros, entre ellos:<\/p>\n<ul>\n<li>Informes de incidentes policiales.<\/li>\n<li>Informes de accidentes de tr\u00e1fico.<\/li>\n<li>Registros de antecedentes criminales y multas de tr\u00e1fico.<\/li>\n<\/ul>\n<p>Para solicitar informaci\u00f3n espec\u00edfica, comun\u00edcate con el Supervisor de Registros al <a href=\"tel:+17067218112\">(706) 721-8112<\/a> o visita el Departamento de Polic\u00eda de la Universidad de Augusta en persona.<\/p>\n<h2>\u00bfTu solicitud fue negada o hay errores en el Informe?<\/h2>\n<p>Si tu solicitud fue rechazada o viste que hay errores en el informe de tu accidente de auto, considera estas opciones:<\/p>\n<ul>\n<li><strong>Contacta a la Divisi\u00f3n de Registros: <\/strong>Llama al <a href=\"tel:+17067218112\">(706) 721-8112<\/a> para conocer los motivos por los que negaron tu solicitud y los pasos a seguir.<\/li>\n<li><strong>Busca asesoramiento legal: <\/strong>Un <a href=\"https:\/\/ceolawyer.com\/georgia-personal-injury\/car-accident-lawyer\/\">abogado de accidentes de auto en Georgia<\/a> puede ayudarte a entender tus derechos y corregir la situaci\u00f3n.<\/li>\n<li><strong>Solicita una correcci\u00f3n: <\/strong>Contacta al Departamento de Polic\u00eda y presenta evidencia que respalde tu solicitud. Los cambios en informes se revisan caso por caso y deben ser aprobados por un inspector u oficial de alto rango.<\/li>\n<\/ul>\n<h2>Protecci\u00f3n de la Privacidad y Omisi\u00f3n de Datos Sensibles<\/h2>\n<p>Para proteger la privacidad de las personas involucradas en el accidente, el Departamento de Polic\u00eda sigue estas pautas:<\/p>\n<ul>\n<li>Se ocultan nombres, direcciones y datos de contacto.<\/li>\n<li>Se censuran nombres de testigos y de los oficiales. Tambi\u00e9n datos como fechas de nacimiento y n\u00fameros de seguro social.<\/li>\n<li>El acceso no autorizado a registros personales est\u00e1 estrictamente prohibido.<\/li>\n<\/ul>\n<p>Si necesitas apoyo legal con el caso de tu accidente de auto, puedes contactar a CEO Lawyer Personal Injury Law Firm al <a href=\"tel:+14708229057\"><strong>(470) 822-9057<\/strong><\/a> o visita nuestro sitio web. Nuestro equipo cuenta con la experiencia para ayudarte a entender cu\u00e1les son tus derechos y conseguir la compensaci\u00f3n que mereces.<\/p>\n<p>Conduce con precauci\u00f3n, mantente informado y toma las medidas necesarias para protegerte en caso de un accidente.<\/p>\n","protected":false},"excerpt":{"rendered":"<p>Si estuviste involucrado en un accidente de tr\u00e1fico dentro o cerca de la Universidad de Augusta, es posible que necesites una copia del informe policial para presentar un reclamo con el seguro o tomar acciones legales contra los responsables del accidente. Aqu\u00ed te explicamos la manera m\u00e1s clara y sencilla de c\u00f3mo obtenerlo. \u00bfC\u00f3mo Conseguir [&hellip;]<\/p>\n","protected":false},"author":18,"featured_media":12766,"parent":12737,"menu_order":0,"comment_status":"closed","ping_status":"closed","template":"","meta":{"_acf_changed":false,"footnotes":""},"class_list":["post-12764","page","type-page","status-publish","has-post-thumbnail","hentry"],"acf":[],"yoast_head":"<!-- This site is optimized with the Yoast SEO plugin v27.2 - https:\/\/yoast.com\/product\/yoast-seo-wordpress\/ -->\n<title>Obt\u00e9n el Informe de tu Accidente de Auto de la Polic\u00eda de la Universidad Estatal de Augusta | CEO Lawyer<\/title>\n<meta name=\"description\" content=\"\u00bfNecesitas el informe de tu accidente de la polic\u00eda de Augusta? Te explicamos c\u00f3mo obtenerlo. Para asistencia legal, llama a CEO Lawyer Personal Injury Law Firm al (470) 822-9057.\" \/>\n<meta name=\"robots\" content=\"index, follow, max-snippet:-1, max-image-preview:large, max-video-preview:-1\" \/>\n<link rel=\"canonical\" href=\"https:\/\/ceolawyer.com\/espanol\/informe-de-accidente\/informe-policial-de-un-accidente-de-auto-en-georgia\/augusta-state-university\/\" \/>\n<meta property=\"og:locale\" content=\"en_US\" \/>\n<meta property=\"og:type\" content=\"article\" \/>\n<meta property=\"og:title\" content=\"Obt\u00e9n el Informe de tu Accidente de Auto de la Polic\u00eda de la Universidad Estatal de Augusta | CEO Lawyer\" \/>\n<meta property=\"og:description\" content=\"\u00bfNecesitas el informe de tu accidente de la polic\u00eda de Augusta? Te explicamos c\u00f3mo obtenerlo. Para asistencia legal, llama a CEO Lawyer Personal Injury Law Firm al (470) 822-9057.\" \/>\n<meta property=\"og:url\" content=\"https:\/\/ceolawyer.com\/espanol\/informe-de-accidente\/informe-policial-de-un-accidente-de-auto-en-georgia\/augusta-state-university\/\" \/>\n<meta property=\"og:site_name\" content=\"CEO Lawyer\" \/>\n<meta property=\"article:modified_time\" content=\"2025-12-19T13:51:45+00:00\" \/>\n<meta property=\"og:image\" content=\"https:\/\/ceolawyer.com\/espanol\/wp-content\/uploads\/sites\/2\/2025\/12\/How-to-Obtain-Your-Augusta-State-University-Police-Car-Accident-Report.webp\" \/>\n\t<meta property=\"og:image:width\" content=\"500\" \/>\n\t<meta property=\"og:image:height\" content=\"300\" \/>\n\t<meta property=\"og:image:type\" content=\"image\/webp\" \/>\n<meta name=\"twitter:card\" content=\"summary_large_image\" \/>\n<meta name=\"twitter:label1\" content=\"Est. reading time\" \/>\n\t<meta name=\"twitter:data1\" content=\"4 minutes\" \/>\n<script type=\"application\/ld+json\" class=\"yoast-schema-graph\">{\"@context\":\"https:\/\/schema.org\",\"@graph\":[{\"@type\":\"WebPage\",\"@id\":\"https:\/\/ceolawyer.com\/espanol\/informe-de-accidente\/informe-policial-de-un-accidente-de-auto-en-georgia\/augusta-state-university\/\",\"url\":\"https:\/\/ceolawyer.com\/espanol\/informe-de-accidente\/informe-policial-de-un-accidente-de-auto-en-georgia\/augusta-state-university\/\",\"name\":\"Obt\u00e9n el Informe de tu Accidente de Auto de la Polic\u00eda de la Universidad Estatal de Augusta | CEO Lawyer\",\"isPartOf\":{\"@id\":\"https:\/\/ceolawyer.com\/espanol\/#website\"},\"primaryImageOfPage\":{\"@id\":\"https:\/\/ceolawyer.com\/espanol\/informe-de-accidente\/informe-policial-de-un-accidente-de-auto-en-georgia\/augusta-state-university\/#primaryimage\"},\"image\":{\"@id\":\"https:\/\/ceolawyer.com\/espanol\/informe-de-accidente\/informe-policial-de-un-accidente-de-auto-en-georgia\/augusta-state-university\/#primaryimage\"},\"thumbnailUrl\":\"https:\/\/ceolawyer.com\/espanol\/wp-content\/uploads\/sites\/2\/2025\/12\/How-to-Obtain-Your-Augusta-State-University-Police-Car-Accident-Report.webp\",\"datePublished\":\"2025-12-19T13:45:23+00:00\",\"dateModified\":\"2025-12-19T13:51:45+00:00\",\"description\":\"\u00bfNecesitas el informe de tu accidente de la polic\u00eda de Augusta? Te explicamos c\u00f3mo obtenerlo. Para asistencia legal, llama a CEO Lawyer Personal Injury Law Firm al (470) 822-9057.\",\"breadcrumb\":{\"@id\":\"https:\/\/ceolawyer.com\/espanol\/informe-de-accidente\/informe-policial-de-un-accidente-de-auto-en-georgia\/augusta-state-university\/#breadcrumb\"},\"inLanguage\":\"en-US\",\"potentialAction\":[{\"@type\":\"ReadAction\",\"target\":[\"https:\/\/ceolawyer.com\/espanol\/informe-de-accidente\/informe-policial-de-un-accidente-de-auto-en-georgia\/augusta-state-university\/\"]}]},{\"@type\":\"ImageObject\",\"inLanguage\":\"en-US\",\"@id\":\"https:\/\/ceolawyer.com\/espanol\/informe-de-accidente\/informe-policial-de-un-accidente-de-auto-en-georgia\/augusta-state-university\/#primaryimage\",\"url\":\"https:\/\/ceolawyer.com\/espanol\/wp-content\/uploads\/sites\/2\/2025\/12\/How-to-Obtain-Your-Augusta-State-University-Police-Car-Accident-Report.webp\",\"contentUrl\":\"https:\/\/ceolawyer.com\/espanol\/wp-content\/uploads\/sites\/2\/2025\/12\/How-to-Obtain-Your-Augusta-State-University-Police-Car-Accident-Report.webp\",\"width\":500,\"height\":300,\"caption\":\"Una captura de profunidad de campo de un polic\u00eda de tr\u00e1fico observando la escena.\"},{\"@type\":\"BreadcrumbList\",\"@id\":\"https:\/\/ceolawyer.com\/espanol\/informe-de-accidente\/informe-policial-de-un-accidente-de-auto-en-georgia\/augusta-state-university\/#breadcrumb\",\"itemListElement\":[{\"@type\":\"ListItem\",\"position\":1,\"name\":\"Home\",\"item\":\"https:\/\/ceolawyer.com\/espanol\/\"},{\"@type\":\"ListItem\",\"position\":2,\"name\":\"Consigue el Reporte Policial de tu Accidente de Auto\",\"item\":\"https:\/\/ceolawyer.com\/espanol\/informe-de-accidente\/\"},{\"@type\":\"ListItem\",\"position\":3,\"name\":\"C\u00f3mo Solicitar el Informe Policial de un Accidente de Auto en Georgia\",\"item\":\"https:\/\/ceolawyer.com\/espanol\/informe-de-accidente\/informe-policial-de-un-accidente-de-auto-en-georgia\/\"},{\"@type\":\"ListItem\",\"position\":4,\"name\":\"Obt\u00e9n el Informe de tu Accidente de Auto de la Polic\u00eda de la Universidad Estatal de Augusta\"}]},{\"@type\":\"WebSite\",\"@id\":\"https:\/\/ceolawyer.com\/espanol\/#website\",\"url\":\"https:\/\/ceolawyer.com\/espanol\/\",\"name\":\"CEO Lawyer\",\"description\":\"Personal Injury Attorney\",\"publisher\":{\"@id\":\"https:\/\/ceolawyer.com\/espanol\/#organization\"},\"potentialAction\":[{\"@type\":\"SearchAction\",\"target\":{\"@type\":\"EntryPoint\",\"urlTemplate\":\"https:\/\/ceolawyer.com\/espanol\/?s={search_term_string}\"},\"query-input\":{\"@type\":\"PropertyValueSpecification\",\"valueRequired\":true,\"valueName\":\"search_term_string\"}}],\"inLanguage\":\"en-US\"},{\"@type\":\"Organization\",\"@id\":\"https:\/\/ceolawyer.com\/espanol\/#organization\",\"name\":\"CEO Lawyer\",\"url\":\"https:\/\/ceolawyer.com\/espanol\/\",\"logo\":{\"@type\":\"ImageObject\",\"inLanguage\":\"en-US\",\"@id\":\"https:\/\/ceolawyer.com\/espanol\/#\/schema\/logo\/image\/\",\"url\":\"https:\/\/ceolawyer.com\/espanol\/wp-content\/uploads\/sites\/2\/2022\/05\/CEO_Logo.png\",\"contentUrl\":\"https:\/\/ceolawyer.com\/espanol\/wp-content\/uploads\/sites\/2\/2022\/05\/CEO_Logo.png\",\"width\":200,\"height\":108,\"caption\":\"CEO Lawyer\"},\"image\":{\"@id\":\"https:\/\/ceolawyer.com\/espanol\/#\/schema\/logo\/image\/\"}}]}<\/script>\n<!-- \/ Yoast SEO plugin. -->","yoast_head_json":{"title":"Obt\u00e9n el Informe de tu Accidente de Auto de la Polic\u00eda de la Universidad Estatal de Augusta | CEO Lawyer","description":"\u00bfNecesitas el informe de tu accidente de la polic\u00eda de Augusta? Te explicamos c\u00f3mo obtenerlo. Para asistencia legal, llama a CEO Lawyer Personal Injury Law Firm al (470) 822-9057.","robots":{"index":"index","follow":"follow","max-snippet":"max-snippet:-1","max-image-preview":"max-image-preview:large","max-video-preview":"max-video-preview:-1"},"canonical":"https:\/\/ceolawyer.com\/espanol\/informe-de-accidente\/informe-policial-de-un-accidente-de-auto-en-georgia\/augusta-state-university\/","og_locale":"en_US","og_type":"article","og_title":"Obt\u00e9n el Informe de tu Accidente de Auto de la Polic\u00eda de la Universidad Estatal de Augusta | CEO Lawyer","og_description":"\u00bfNecesitas el informe de tu accidente de la polic\u00eda de Augusta? Te explicamos c\u00f3mo obtenerlo. Para asistencia legal, llama a CEO Lawyer Personal Injury Law Firm al (470) 822-9057.","og_url":"https:\/\/ceolawyer.com\/espanol\/informe-de-accidente\/informe-policial-de-un-accidente-de-auto-en-georgia\/augusta-state-university\/","og_site_name":"CEO Lawyer","article_modified_time":"2025-12-19T13:51:45+00:00","og_image":[{"width":500,"height":300,"url":"https:\/\/ceolawyer.com\/espanol\/wp-content\/uploads\/sites\/2\/2025\/12\/How-to-Obtain-Your-Augusta-State-University-Police-Car-Accident-Report.webp","type":"image\/webp"}],"twitter_card":"summary_large_image","twitter_misc":{"Est. reading time":"4 minutes"},"schema":{"@context":"https:\/\/schema.org","@graph":[{"@type":"WebPage","@id":"https:\/\/ceolawyer.com\/espanol\/informe-de-accidente\/informe-policial-de-un-accidente-de-auto-en-georgia\/augusta-state-university\/","url":"https:\/\/ceolawyer.com\/espanol\/informe-de-accidente\/informe-policial-de-un-accidente-de-auto-en-georgia\/augusta-state-university\/","name":"Obt\u00e9n el Informe de tu Accidente de Auto de la Polic\u00eda de la Universidad Estatal de Augusta | CEO Lawyer","isPartOf":{"@id":"https:\/\/ceolawyer.com\/espanol\/#website"},"primaryImageOfPage":{"@id":"https:\/\/ceolawyer.com\/espanol\/informe-de-accidente\/informe-policial-de-un-accidente-de-auto-en-georgia\/augusta-state-university\/#primaryimage"},"image":{"@id":"https:\/\/ceolawyer.com\/espanol\/informe-de-accidente\/informe-policial-de-un-accidente-de-auto-en-georgia\/augusta-state-university\/#primaryimage"},"thumbnailUrl":"https:\/\/ceolawyer.com\/espanol\/wp-content\/uploads\/sites\/2\/2025\/12\/How-to-Obtain-Your-Augusta-State-University-Police-Car-Accident-Report.webp","datePublished":"2025-12-19T13:45:23+00:00","dateModified":"2025-12-19T13:51:45+00:00","description":"\u00bfNecesitas el informe de tu accidente de la polic\u00eda de Augusta? Te explicamos c\u00f3mo obtenerlo. Para asistencia legal, llama a CEO Lawyer Personal Injury Law Firm al (470) 822-9057.","breadcrumb":{"@id":"https:\/\/ceolawyer.com\/espanol\/informe-de-accidente\/informe-policial-de-un-accidente-de-auto-en-georgia\/augusta-state-university\/#breadcrumb"},"inLanguage":"en-US","potentialAction":[{"@type":"ReadAction","target":["https:\/\/ceolawyer.com\/espanol\/informe-de-accidente\/informe-policial-de-un-accidente-de-auto-en-georgia\/augusta-state-university\/"]}]},{"@type":"ImageObject","inLanguage":"en-US","@id":"https:\/\/ceolawyer.com\/espanol\/informe-de-accidente\/informe-policial-de-un-accidente-de-auto-en-georgia\/augusta-state-university\/#primaryimage","url":"https:\/\/ceolawyer.com\/espanol\/wp-content\/uploads\/sites\/2\/2025\/12\/How-to-Obtain-Your-Augusta-State-University-Police-Car-Accident-Report.webp","contentUrl":"https:\/\/ceolawyer.com\/espanol\/wp-content\/uploads\/sites\/2\/2025\/12\/How-to-Obtain-Your-Augusta-State-University-Police-Car-Accident-Report.webp","width":500,"height":300,"caption":"Una captura de profunidad de campo de un polic\u00eda de tr\u00e1fico observando la escena."},{"@type":"BreadcrumbList","@id":"https:\/\/ceolawyer.com\/espanol\/informe-de-accidente\/informe-policial-de-un-accidente-de-auto-en-georgia\/augusta-state-university\/#breadcrumb","itemListElement":[{"@type":"ListItem","position":1,"name":"Home","item":"https:\/\/ceolawyer.com\/espanol\/"},{"@type":"ListItem","position":2,"name":"Consigue el Reporte Policial de tu Accidente de Auto","item":"https:\/\/ceolawyer.com\/espanol\/informe-de-accidente\/"},{"@type":"ListItem","position":3,"name":"C\u00f3mo Solicitar el Informe Policial de un Accidente de Auto en Georgia","item":"https:\/\/ceolawyer.com\/espanol\/informe-de-accidente\/informe-policial-de-un-accidente-de-auto-en-georgia\/"},{"@type":"ListItem","position":4,"name":"Obt\u00e9n el Informe de tu Accidente de Auto de la Polic\u00eda de la Universidad Estatal de Augusta"}]},{"@type":"WebSite","@id":"https:\/\/ceolawyer.com\/espanol\/#website","url":"https:\/\/ceolawyer.com\/espanol\/","name":"CEO Lawyer","description":"Personal Injury Attorney","publisher":{"@id":"https:\/\/ceolawyer.com\/espanol\/#organization"},"potentialAction":[{"@type":"SearchAction","target":{"@type":"EntryPoint","urlTemplate":"https:\/\/ceolawyer.com\/espanol\/?s={search_term_string}"},"query-input":{"@type":"PropertyValueSpecification","valueRequired":true,"valueName":"search_term_string"}}],"inLanguage":"en-US"},{"@type":"Organization","@id":"https:\/\/ceolawyer.com\/espanol\/#organization","name":"CEO Lawyer","url":"https:\/\/ceolawyer.com\/espanol\/","logo":{"@type":"ImageObject","inLanguage":"en-US","@id":"https:\/\/ceolawyer.com\/espanol\/#\/schema\/logo\/image\/","url":"https:\/\/ceolawyer.com\/espanol\/wp-content\/uploads\/sites\/2\/2022\/05\/CEO_Logo.png","contentUrl":"https:\/\/ceolawyer.com\/espanol\/wp-content\/uploads\/sites\/2\/2022\/05\/CEO_Logo.png","width":200,"height":108,"caption":"CEO Lawyer"},"image":{"@id":"https:\/\/ceolawyer.com\/espanol\/#\/schema\/logo\/image\/"}}]}},"_links":{"self":[{"href":"https:\/\/ceolawyer.com\/espanol\/wp-json\/wp\/v2\/pages\/12764","targetHints":{"allow":["GET"]}}],"collection":[{"href":"https:\/\/ceolawyer.com\/espanol\/wp-json\/wp\/v2\/pages"}],"about":[{"href":"https:\/\/ceolawyer.com\/espanol\/wp-json\/wp\/v2\/types\/page"}],"author":[{"embeddable":true,"href":"https:\/\/ceolawyer.com\/espanol\/wp-json\/wp\/v2\/users\/18"}],"replies":[{"embeddable":true,"href":"https:\/\/ceolawyer.com\/espanol\/wp-json\/wp\/v2\/comments?post=12764"}],"version-history":[{"count":0,"href":"https:\/\/ceolawyer.com\/espanol\/wp-json\/wp\/v2\/pages\/12764\/revisions"}],"up":[{"embeddable":true,"href":"https:\/\/ceolawyer.com\/espanol\/wp-json\/wp\/v2\/pages\/12737"}],"wp:featuredmedia":[{"embeddable":true,"href":"https:\/\/ceolawyer.com\/espanol\/wp-json\/wp\/v2\/media\/12766"}],"wp:attachment":[{"href":"https:\/\/ceolawyer.com\/espanol\/wp-json\/wp\/v2\/media?parent=12764"}],"curies":[{"name":"wp","href":"https:\/\/api.w.org\/{rel}","templated":true}]}}