{"id":12767,"date":"2025-12-19T13:58:13","date_gmt":"2025-12-19T13:58:13","guid":{"rendered":"https:\/\/ceolawyer.com\/espanol\/?page_id=12767"},"modified":"2025-12-19T14:02:55","modified_gmt":"2025-12-19T14:02:55","slug":"bartow-county","status":"publish","type":"page","link":"https:\/\/ceolawyer.com\/espanol\/informe-de-accidente\/informe-policial-de-un-accidente-de-auto-en-georgia\/bartow-county\/","title":{"rendered":"C\u00f3mo Obtener el Informe de tu Accidente de Auto de la Oficina del Sheriff del Condado de Bartow"},"content":{"rendered":"<p><img decoding=\"async\" class=\"alignright size-full wp-image-12769\" src=\"https:\/\/ceolawyer.com\/espanol\/wp-content\/uploads\/sites\/2\/2025\/12\/How-to-Obtain-Your-Bartow-County-Sheriffs-Office-Car-Accident-Report.webp\" alt=\"Un oficial escribiendo un informe policial mientras su compa\u00f1ero consola a una v\u00edctima del accidente.\" width=\"500\" height=\"300\" srcset=\"https:\/\/ceolawyer.com\/espanol\/wp-content\/uploads\/sites\/2\/2025\/12\/How-to-Obtain-Your-Bartow-County-Sheriffs-Office-Car-Accident-Report.webp 500w, https:\/\/ceolawyer.com\/espanol\/wp-content\/uploads\/sites\/2\/2025\/12\/How-to-Obtain-Your-Bartow-County-Sheriffs-Office-Car-Accident-Report-300x180.webp 300w\" sizes=\"(max-width: 500px) 100vw, 500px\" \/>Los accidentes de auto son situaciones de estr\u00e9s y, cuando te pasa a ti, es importante conseguir el informe de la Oficina del Sheriff del Condado de Bartow. Este documento es clave para reclamaciones de seguro, procedimientos legales y para comprender lo que te sucedi\u00f3. Cada a\u00f1o, el Condado de Bartow, Georgia, registra numerosos accidentes de auto, por lo que tener acceso a estos informes es esencial para todas las partes involucradas.<\/p>\n<p>A continuaci\u00f3n, te explicamos los pasos \u2014a detalle\u2014 para obtener el informe de tu accidente de manera r\u00e1pida y eficiente, ya sea en l\u00ednea, en persona o por correo postal.<\/p>\n<h2>\u00bfPor qu\u00e9 los informes de accidente de auto del Condado Bartow son importantes?<\/h2>\n<p>Antes de solicitar el informe, es importante que comprendas su relevancia. Los informes de accidentes de auto cumplen las siguientes funciones:<\/p>\n<h3>Como evidencia para determinar la responsabilidad<\/h3>\n<p>Estos informes contienen datos detallados sobre el accidente: las partes y veh\u00edculos involucrados, los da\u00f1os materiales; adem\u00e1s, incluyen declaraciones de los conductores, pasajeros y testigos, lo que permite a las compa\u00f1\u00edas de seguros y abogados determinar la responsabilidad del siniestro.<\/p>\n<h3>Para proteger tus derechos<\/h3>\n<p>Incluso en accidentes menores, contar con un informe policial es crucial para que tus derechos se hagan valer. Este documento puede servir como evidencia en futuras reclamaciones de seguros, acuerdos o procedimientos legales que decidas emprender.<\/p>\n<h2>M\u00e9todos para conseguir el informe de tu accidente de la Oficina del Sheriff de Bartow<\/h2>\n<h3>En l\u00ednea<\/h3>\n<p>Si deseas acceder a tu informe de manera r\u00e1pida y c\u00f3moda, puedes obtenerlo a trav\u00e9s de BuyCrash siguiendo estos pasos:<\/p>\n<ul>\n<li>Visita su <a href=\"https:\/\/buycrash.lexisnexisrisk.com\/ui\/home\">sitio web<\/a>.<\/li>\n<li>Selecciona la Oficina del Sheriff del Condado de Bartow como la jurisdicci\u00f3n correspondiente.<\/li>\n<li>Proporciona uno de los siguientes datos:\n<ul>\n<li>N\u00famero del informe<\/li>\n<li>N\u00famero de tu licencia de conducir<\/li>\n<li>El VIN (N\u00famero de Identificaci\u00f3n del Veh\u00edculo) del veh\u00edculo involucrado<\/li>\n<\/ul>\n<\/li>\n<li>Realiza el pago de $13 d\u00f3lares por el servicio.<\/li>\n<li>Podr\u00e1s descargar el informe, imprimirlo o solicitar que te env\u00eden una copia por correo electr\u00f3nico.<\/li>\n<\/ul>\n<h3>Por correo electr\u00f3nico<\/h3>\n<p>Tambi\u00e9n puedes solicitar tu informe enviando un correo a records@bartoworg. Aseg\u00farate de que tu solicitud siga el formato del <a href=\"https:\/\/8aebe1e3-e05e-4159-ad03-46d72a714dd0.filesusr.com\/ugd\/88f091_d01bb84de34140cb8c46979593e956ed.pdf\">Formulario de Solicitud de Registros P\u00fablicos<\/a>.<\/p>\n<h3>En persona<\/h3>\n<p>Puedes dirigirte a la Oficina del Sheriff del Condado de Bartow en: 104 Zena Drive, Cartersville, GA 30121.<\/p>\n<ul>\n<li>Proporciona el n\u00famero de caso y una identificaci\u00f3n v\u00e1lida.<\/li>\n<li>Recibir\u00e1s una notificaci\u00f3n o actualizaci\u00f3n en un plazo de tres d\u00edas h\u00e1biles.<\/li>\n<\/ul>\n<h3>Por correo postal<\/h3>\n<p>Recibe tu informe por correo y sigue estas instrucciones:<\/p>\n<ul>\n<li>Completa el Formulario de Solicitud de Registros P\u00fablicos.<\/li>\n<li>Env\u00eda el formulario a:<\/li>\n<\/ul>\n<p>Bartow County Sheriff\u2019s Office<\/p>\n<p>Records, Division, ATTN: Open Records Officer<\/p>\n<p>104 Zena Drive<\/p>\n<p>Cartersville, GA 30121<\/p>\n<ul>\n<li>Te notificar\u00e1n en un plazo de tres d\u00edas h\u00e1biles sobre el estado de tu solicitud.<\/li>\n<\/ul>\n<h3>Cosas a considerar<\/h3>\n<ul>\n<li>Sin importar el m\u00e9todo que elijas, obtener tu informe puede incluir una tarifa de procesamiento.<\/li>\n<li>Si solicitas el informe por correo, considera un tiempo adicional para el procesamiento.<\/li>\n<li>Ten a mano la informaci\u00f3n que vayas a necesitar (n\u00famero de caso, tu licencia de conducir o el VIN de tu auto).<\/li>\n<\/ul>\n<h2>Contenido del informe de tu accidente<\/h2>\n<p>Cuando recibas el informe del Condado de Bartow, este incluir\u00e1 la siguiente informaci\u00f3n:<\/p>\n<ul>\n<li>Datos de informaci\u00f3n de las partes involucradas (direcci\u00f3n, n\u00famero de tel\u00e9fono, detalles de su seguro).<\/li>\n<li>Fecha, hora y lugar del accidente<\/li>\n<li>Condiciones del clima, estado de la carretera y\/o nivel de visibilidad al momento del accidente.<\/li>\n<li>Declaraciones de los conductores, pasajeros y testigos.<\/li>\n<\/ul>\n<h2>\u00bfQu\u00e9 hacer si encuentras errores en tu reporte?<\/h2>\n<p>Estos son los tipos de errores que puedes notar en un informe policial:<\/p>\n<ul>\n<li>Informaci\u00f3n incorrecta sobre la fecha, hora y lugar del accidente.<\/li>\n<li>Errores en la transcripci\u00f3n de declaraciones de testigos o de las partes involucradas.<\/li>\n<li>Diferencias entre las versiones proporcionadas por las partes involucradas.<\/li>\n<\/ul>\n<p>Para corregir estos errores, sigue estos pasos:<\/p>\n<ul>\n<li><strong>Para errores f\u00e1cticos o de transcripci\u00f3n: <\/strong>Contacta a la Divisi\u00f3n de Registros de la Oficina del Sheriff del Condado de Bartow y da una descripci\u00f3n detallada sobre los errores.<\/li>\n<li><strong>Discrepancias en los relatos: <\/strong>Consulta con un abogado, quien podr\u00e1 orientarte sobre la mejor manera para solicitar una correcci\u00f3n.<\/li>\n<li><strong>Para errores de tu informaci\u00f3n personal: <\/strong>Solicita la actualizaci\u00f3n correspondiente con documentos que te respalden.<\/li>\n<li><strong>Si te preocupa tu privacidad: <\/strong>Verifica que informaci\u00f3n sensible, como tu n\u00famero de seguro social, est\u00e9 protegida correctamente.<\/li>\n<\/ul>\n<p>Es importante recordar que la exactitud de la informaci\u00f3n en el reporte es fundamental para garantizar resultados justos en tu reclamaci\u00f3n con el seguro y para respaldar cualquier procedimiento legal necesario.<\/p>\n<h2>Asesor\u00eda legal con CEO Lawyer Personal Injury Law Firm<\/h2>\n<p>Si estuviste involucrado en un accidente de auto en el condado de Bartow y necesitas apoyo legal, CEO Lawyer Personal Injury Law Firm est\u00e1 aqu\u00ed para ayudarte. Nuestro equipo de <a href=\"https:\/\/ceolawyer.com\/georgia-personal-injury\/car-accident-lawyer\/\">abogados especializados en accidentes de tr\u00e1fico en Georgia<\/a> puede asesorarte sobre c\u00f3mo proteger tus derechos, negociar con las compa\u00f1\u00edas de seguros y asegurarnos de que recibas la compensaci\u00f3n que mereces.<\/p>\n<p>Para una consulta, comun\u00edcate con nosotros al <a href=\"tel:+14708229057\">(470) 822-9057<\/a> o <a href=\"https:\/\/ceolawyer.com\/contact-us\/\">cont\u00e1ctanos aqu\u00ed<\/a>.<\/p>\n<h2>Reduce el n\u00famero de accidentes en el condado de bartow<\/h2>\n<p>Si bien este art\u00edculo te ayuda a obtener el informe de tu accidente, es importante recordar que prevenir los accidentes es la mejor soluci\u00f3n. Algunas estrategias clave para reducir los accidentes de tr\u00e1fico incluyen:<\/p>\n<ul>\n<li>Campa\u00f1as de seguridad vial para conductores, peatones y ciclistas.<\/li>\n<li>Reforzar el respeto a las normas de tr\u00e1nsito para prevenir infracciones y accidentes.<\/li>\n<li>Toma un curso de conducci\u00f3n defensiva para mejorar la seguridad vial.<\/li>\n<li>Capacitaciones especializadas en t\u00e9cnicas de conducir seguras.<\/li>\n<li>Infraestructura dedicada y educaci\u00f3n para prevenir accidentes y mantener la seguridad de peatones y ciclistas.<\/li>\n<li>Extremar medidas para no exceder el l\u00edmite de seguridad y medidas de control en \u00e1reas de alto riesgo.<\/li>\n<li>Mejor se\u00f1alizaci\u00f3n y visibilidad en cruces peligrosos.<\/li>\n<li>Acudir a eventos locales y asociaciones para promover la responsabilidad atr\u00e1s del volante.<\/li>\n<\/ul>\n","protected":false},"excerpt":{"rendered":"<p>Los accidentes de auto son situaciones de estr\u00e9s y, cuando te pasa a ti, es importante conseguir el informe de la Oficina del Sheriff del Condado de Bartow. Este documento es clave para reclamaciones de seguro, procedimientos legales y para comprender lo que te sucedi\u00f3. Cada a\u00f1o, el Condado de Bartow, Georgia, registra numerosos accidentes [&hellip;]<\/p>\n","protected":false},"author":18,"featured_media":12769,"parent":12737,"menu_order":0,"comment_status":"closed","ping_status":"closed","template":"","meta":{"_acf_changed":false,"footnotes":""},"class_list":["post-12767","page","type-page","status-publish","has-post-thumbnail","hentry"],"acf":[],"yoast_head":"<!-- This site is optimized with the Yoast SEO plugin v27.2 - https:\/\/yoast.com\/product\/yoast-seo-wordpress\/ -->\n<title>C\u00f3mo Obtener el Informe de tu Accidente de Auto de la Oficina del Sheriff del Condado de Bartow | CEO Lawyer<\/title>\n<meta name=\"description\" content=\"Obt\u00e9n la ayuda que necesitas para solicitar el reporte de tu accidente de la Oficina del Sheriff de Bartow. Para m\u00e1s apoyo legal, consulta a CEO Lawyer Personal Injury Law al (470) 822-9057.\" \/>\n<meta name=\"robots\" content=\"index, follow, max-snippet:-1, max-image-preview:large, max-video-preview:-1\" \/>\n<link rel=\"canonical\" href=\"https:\/\/ceolawyer.com\/espanol\/informe-de-accidente\/informe-policial-de-un-accidente-de-auto-en-georgia\/bartow-county\/\" \/>\n<meta property=\"og:locale\" content=\"en_US\" \/>\n<meta property=\"og:type\" content=\"article\" \/>\n<meta property=\"og:title\" content=\"C\u00f3mo Obtener el Informe de tu Accidente de Auto de la Oficina del Sheriff del Condado de Bartow | CEO Lawyer\" \/>\n<meta property=\"og:description\" content=\"Obt\u00e9n la ayuda que necesitas para solicitar el reporte de tu accidente de la Oficina del Sheriff de Bartow. Para m\u00e1s apoyo legal, consulta a CEO Lawyer Personal Injury Law al (470) 822-9057.\" \/>\n<meta property=\"og:url\" content=\"https:\/\/ceolawyer.com\/espanol\/informe-de-accidente\/informe-policial-de-un-accidente-de-auto-en-georgia\/bartow-county\/\" \/>\n<meta property=\"og:site_name\" content=\"CEO Lawyer\" \/>\n<meta property=\"article:modified_time\" content=\"2025-12-19T14:02:55+00:00\" \/>\n<meta property=\"og:image\" content=\"https:\/\/ceolawyer.com\/espanol\/wp-content\/uploads\/sites\/2\/2025\/12\/How-to-Obtain-Your-Bartow-County-Sheriffs-Office-Car-Accident-Report.webp\" \/>\n\t<meta property=\"og:image:width\" content=\"500\" \/>\n\t<meta property=\"og:image:height\" content=\"300\" \/>\n\t<meta property=\"og:image:type\" content=\"image\/webp\" \/>\n<meta name=\"twitter:card\" content=\"summary_large_image\" \/>\n<meta name=\"twitter:label1\" content=\"Est. reading time\" \/>\n\t<meta name=\"twitter:data1\" content=\"5 minutes\" \/>\n<script type=\"application\/ld+json\" class=\"yoast-schema-graph\">{\"@context\":\"https:\/\/schema.org\",\"@graph\":[{\"@type\":\"WebPage\",\"@id\":\"https:\/\/ceolawyer.com\/espanol\/informe-de-accidente\/informe-policial-de-un-accidente-de-auto-en-georgia\/bartow-county\/\",\"url\":\"https:\/\/ceolawyer.com\/espanol\/informe-de-accidente\/informe-policial-de-un-accidente-de-auto-en-georgia\/bartow-county\/\",\"name\":\"C\u00f3mo Obtener el Informe de tu Accidente de Auto de la Oficina del Sheriff del Condado de Bartow | CEO Lawyer\",\"isPartOf\":{\"@id\":\"https:\/\/ceolawyer.com\/espanol\/#website\"},\"primaryImageOfPage\":{\"@id\":\"https:\/\/ceolawyer.com\/espanol\/informe-de-accidente\/informe-policial-de-un-accidente-de-auto-en-georgia\/bartow-county\/#primaryimage\"},\"image\":{\"@id\":\"https:\/\/ceolawyer.com\/espanol\/informe-de-accidente\/informe-policial-de-un-accidente-de-auto-en-georgia\/bartow-county\/#primaryimage\"},\"thumbnailUrl\":\"https:\/\/ceolawyer.com\/espanol\/wp-content\/uploads\/sites\/2\/2025\/12\/How-to-Obtain-Your-Bartow-County-Sheriffs-Office-Car-Accident-Report.webp\",\"datePublished\":\"2025-12-19T13:58:13+00:00\",\"dateModified\":\"2025-12-19T14:02:55+00:00\",\"description\":\"Obt\u00e9n la ayuda que necesitas para solicitar el reporte de tu accidente de la Oficina del Sheriff de Bartow. Para m\u00e1s apoyo legal, consulta a CEO Lawyer Personal Injury Law al (470) 822-9057.\",\"breadcrumb\":{\"@id\":\"https:\/\/ceolawyer.com\/espanol\/informe-de-accidente\/informe-policial-de-un-accidente-de-auto-en-georgia\/bartow-county\/#breadcrumb\"},\"inLanguage\":\"en-US\",\"potentialAction\":[{\"@type\":\"ReadAction\",\"target\":[\"https:\/\/ceolawyer.com\/espanol\/informe-de-accidente\/informe-policial-de-un-accidente-de-auto-en-georgia\/bartow-county\/\"]}]},{\"@type\":\"ImageObject\",\"inLanguage\":\"en-US\",\"@id\":\"https:\/\/ceolawyer.com\/espanol\/informe-de-accidente\/informe-policial-de-un-accidente-de-auto-en-georgia\/bartow-county\/#primaryimage\",\"url\":\"https:\/\/ceolawyer.com\/espanol\/wp-content\/uploads\/sites\/2\/2025\/12\/How-to-Obtain-Your-Bartow-County-Sheriffs-Office-Car-Accident-Report.webp\",\"contentUrl\":\"https:\/\/ceolawyer.com\/espanol\/wp-content\/uploads\/sites\/2\/2025\/12\/How-to-Obtain-Your-Bartow-County-Sheriffs-Office-Car-Accident-Report.webp\",\"width\":500,\"height\":300,\"caption\":\"Un oficial escribiendo un informe policial mientras su compa\u00f1ero consola a una v\u00edctima del accidente.\"},{\"@type\":\"BreadcrumbList\",\"@id\":\"https:\/\/ceolawyer.com\/espanol\/informe-de-accidente\/informe-policial-de-un-accidente-de-auto-en-georgia\/bartow-county\/#breadcrumb\",\"itemListElement\":[{\"@type\":\"ListItem\",\"position\":1,\"name\":\"Home\",\"item\":\"https:\/\/ceolawyer.com\/espanol\/\"},{\"@type\":\"ListItem\",\"position\":2,\"name\":\"Consigue el Reporte Policial de tu Accidente de Auto\",\"item\":\"https:\/\/ceolawyer.com\/espanol\/informe-de-accidente\/\"},{\"@type\":\"ListItem\",\"position\":3,\"name\":\"C\u00f3mo Solicitar el Informe Policial de un Accidente de Auto en Georgia\",\"item\":\"https:\/\/ceolawyer.com\/espanol\/informe-de-accidente\/informe-policial-de-un-accidente-de-auto-en-georgia\/\"},{\"@type\":\"ListItem\",\"position\":4,\"name\":\"C\u00f3mo Obtener el Informe de tu Accidente de Auto de la Oficina del Sheriff del Condado de Bartow\"}]},{\"@type\":\"WebSite\",\"@id\":\"https:\/\/ceolawyer.com\/espanol\/#website\",\"url\":\"https:\/\/ceolawyer.com\/espanol\/\",\"name\":\"CEO Lawyer\",\"description\":\"Personal Injury Attorney\",\"publisher\":{\"@id\":\"https:\/\/ceolawyer.com\/espanol\/#organization\"},\"potentialAction\":[{\"@type\":\"SearchAction\",\"target\":{\"@type\":\"EntryPoint\",\"urlTemplate\":\"https:\/\/ceolawyer.com\/espanol\/?s={search_term_string}\"},\"query-input\":{\"@type\":\"PropertyValueSpecification\",\"valueRequired\":true,\"valueName\":\"search_term_string\"}}],\"inLanguage\":\"en-US\"},{\"@type\":\"Organization\",\"@id\":\"https:\/\/ceolawyer.com\/espanol\/#organization\",\"name\":\"CEO Lawyer\",\"url\":\"https:\/\/ceolawyer.com\/espanol\/\",\"logo\":{\"@type\":\"ImageObject\",\"inLanguage\":\"en-US\",\"@id\":\"https:\/\/ceolawyer.com\/espanol\/#\/schema\/logo\/image\/\",\"url\":\"https:\/\/ceolawyer.com\/espanol\/wp-content\/uploads\/sites\/2\/2022\/05\/CEO_Logo.png\",\"contentUrl\":\"https:\/\/ceolawyer.com\/espanol\/wp-content\/uploads\/sites\/2\/2022\/05\/CEO_Logo.png\",\"width\":200,\"height\":108,\"caption\":\"CEO Lawyer\"},\"image\":{\"@id\":\"https:\/\/ceolawyer.com\/espanol\/#\/schema\/logo\/image\/\"}}]}<\/script>\n<!-- \/ Yoast SEO plugin. -->","yoast_head_json":{"title":"C\u00f3mo Obtener el Informe de tu Accidente de Auto de la Oficina del Sheriff del Condado de Bartow | CEO Lawyer","description":"Obt\u00e9n la ayuda que necesitas para solicitar el reporte de tu accidente de la Oficina del Sheriff de Bartow. Para m\u00e1s apoyo legal, consulta a CEO Lawyer Personal Injury Law al (470) 822-9057.","robots":{"index":"index","follow":"follow","max-snippet":"max-snippet:-1","max-image-preview":"max-image-preview:large","max-video-preview":"max-video-preview:-1"},"canonical":"https:\/\/ceolawyer.com\/espanol\/informe-de-accidente\/informe-policial-de-un-accidente-de-auto-en-georgia\/bartow-county\/","og_locale":"en_US","og_type":"article","og_title":"C\u00f3mo Obtener el Informe de tu Accidente de Auto de la Oficina del Sheriff del Condado de Bartow | CEO Lawyer","og_description":"Obt\u00e9n la ayuda que necesitas para solicitar el reporte de tu accidente de la Oficina del Sheriff de Bartow. Para m\u00e1s apoyo legal, consulta a CEO Lawyer Personal Injury Law al (470) 822-9057.","og_url":"https:\/\/ceolawyer.com\/espanol\/informe-de-accidente\/informe-policial-de-un-accidente-de-auto-en-georgia\/bartow-county\/","og_site_name":"CEO Lawyer","article_modified_time":"2025-12-19T14:02:55+00:00","og_image":[{"width":500,"height":300,"url":"https:\/\/ceolawyer.com\/espanol\/wp-content\/uploads\/sites\/2\/2025\/12\/How-to-Obtain-Your-Bartow-County-Sheriffs-Office-Car-Accident-Report.webp","type":"image\/webp"}],"twitter_card":"summary_large_image","twitter_misc":{"Est. reading time":"5 minutes"},"schema":{"@context":"https:\/\/schema.org","@graph":[{"@type":"WebPage","@id":"https:\/\/ceolawyer.com\/espanol\/informe-de-accidente\/informe-policial-de-un-accidente-de-auto-en-georgia\/bartow-county\/","url":"https:\/\/ceolawyer.com\/espanol\/informe-de-accidente\/informe-policial-de-un-accidente-de-auto-en-georgia\/bartow-county\/","name":"C\u00f3mo Obtener el Informe de tu Accidente de Auto de la Oficina del Sheriff del Condado de Bartow | CEO Lawyer","isPartOf":{"@id":"https:\/\/ceolawyer.com\/espanol\/#website"},"primaryImageOfPage":{"@id":"https:\/\/ceolawyer.com\/espanol\/informe-de-accidente\/informe-policial-de-un-accidente-de-auto-en-georgia\/bartow-county\/#primaryimage"},"image":{"@id":"https:\/\/ceolawyer.com\/espanol\/informe-de-accidente\/informe-policial-de-un-accidente-de-auto-en-georgia\/bartow-county\/#primaryimage"},"thumbnailUrl":"https:\/\/ceolawyer.com\/espanol\/wp-content\/uploads\/sites\/2\/2025\/12\/How-to-Obtain-Your-Bartow-County-Sheriffs-Office-Car-Accident-Report.webp","datePublished":"2025-12-19T13:58:13+00:00","dateModified":"2025-12-19T14:02:55+00:00","description":"Obt\u00e9n la ayuda que necesitas para solicitar el reporte de tu accidente de la Oficina del Sheriff de Bartow. Para m\u00e1s apoyo legal, consulta a CEO Lawyer Personal Injury Law al (470) 822-9057.","breadcrumb":{"@id":"https:\/\/ceolawyer.com\/espanol\/informe-de-accidente\/informe-policial-de-un-accidente-de-auto-en-georgia\/bartow-county\/#breadcrumb"},"inLanguage":"en-US","potentialAction":[{"@type":"ReadAction","target":["https:\/\/ceolawyer.com\/espanol\/informe-de-accidente\/informe-policial-de-un-accidente-de-auto-en-georgia\/bartow-county\/"]}]},{"@type":"ImageObject","inLanguage":"en-US","@id":"https:\/\/ceolawyer.com\/espanol\/informe-de-accidente\/informe-policial-de-un-accidente-de-auto-en-georgia\/bartow-county\/#primaryimage","url":"https:\/\/ceolawyer.com\/espanol\/wp-content\/uploads\/sites\/2\/2025\/12\/How-to-Obtain-Your-Bartow-County-Sheriffs-Office-Car-Accident-Report.webp","contentUrl":"https:\/\/ceolawyer.com\/espanol\/wp-content\/uploads\/sites\/2\/2025\/12\/How-to-Obtain-Your-Bartow-County-Sheriffs-Office-Car-Accident-Report.webp","width":500,"height":300,"caption":"Un oficial escribiendo un informe policial mientras su compa\u00f1ero consola a una v\u00edctima del accidente."},{"@type":"BreadcrumbList","@id":"https:\/\/ceolawyer.com\/espanol\/informe-de-accidente\/informe-policial-de-un-accidente-de-auto-en-georgia\/bartow-county\/#breadcrumb","itemListElement":[{"@type":"ListItem","position":1,"name":"Home","item":"https:\/\/ceolawyer.com\/espanol\/"},{"@type":"ListItem","position":2,"name":"Consigue el Reporte Policial de tu Accidente de Auto","item":"https:\/\/ceolawyer.com\/espanol\/informe-de-accidente\/"},{"@type":"ListItem","position":3,"name":"C\u00f3mo Solicitar el Informe Policial de un Accidente de Auto en Georgia","item":"https:\/\/ceolawyer.com\/espanol\/informe-de-accidente\/informe-policial-de-un-accidente-de-auto-en-georgia\/"},{"@type":"ListItem","position":4,"name":"C\u00f3mo Obtener el Informe de tu Accidente de Auto de la Oficina del Sheriff del Condado de Bartow"}]},{"@type":"WebSite","@id":"https:\/\/ceolawyer.com\/espanol\/#website","url":"https:\/\/ceolawyer.com\/espanol\/","name":"CEO Lawyer","description":"Personal Injury Attorney","publisher":{"@id":"https:\/\/ceolawyer.com\/espanol\/#organization"},"potentialAction":[{"@type":"SearchAction","target":{"@type":"EntryPoint","urlTemplate":"https:\/\/ceolawyer.com\/espanol\/?s={search_term_string}"},"query-input":{"@type":"PropertyValueSpecification","valueRequired":true,"valueName":"search_term_string"}}],"inLanguage":"en-US"},{"@type":"Organization","@id":"https:\/\/ceolawyer.com\/espanol\/#organization","name":"CEO Lawyer","url":"https:\/\/ceolawyer.com\/espanol\/","logo":{"@type":"ImageObject","inLanguage":"en-US","@id":"https:\/\/ceolawyer.com\/espanol\/#\/schema\/logo\/image\/","url":"https:\/\/ceolawyer.com\/espanol\/wp-content\/uploads\/sites\/2\/2022\/05\/CEO_Logo.png","contentUrl":"https:\/\/ceolawyer.com\/espanol\/wp-content\/uploads\/sites\/2\/2022\/05\/CEO_Logo.png","width":200,"height":108,"caption":"CEO Lawyer"},"image":{"@id":"https:\/\/ceolawyer.com\/espanol\/#\/schema\/logo\/image\/"}}]}},"_links":{"self":[{"href":"https:\/\/ceolawyer.com\/espanol\/wp-json\/wp\/v2\/pages\/12767","targetHints":{"allow":["GET"]}}],"collection":[{"href":"https:\/\/ceolawyer.com\/espanol\/wp-json\/wp\/v2\/pages"}],"about":[{"href":"https:\/\/ceolawyer.com\/espanol\/wp-json\/wp\/v2\/types\/page"}],"author":[{"embeddable":true,"href":"https:\/\/ceolawyer.com\/espanol\/wp-json\/wp\/v2\/users\/18"}],"replies":[{"embeddable":true,"href":"https:\/\/ceolawyer.com\/espanol\/wp-json\/wp\/v2\/comments?post=12767"}],"version-history":[{"count":0,"href":"https:\/\/ceolawyer.com\/espanol\/wp-json\/wp\/v2\/pages\/12767\/revisions"}],"up":[{"embeddable":true,"href":"https:\/\/ceolawyer.com\/espanol\/wp-json\/wp\/v2\/pages\/12737"}],"wp:featuredmedia":[{"embeddable":true,"href":"https:\/\/ceolawyer.com\/espanol\/wp-json\/wp\/v2\/media\/12769"}],"wp:attachment":[{"href":"https:\/\/ceolawyer.com\/espanol\/wp-json\/wp\/v2\/media?parent=12767"}],"curies":[{"name":"wp","href":"https:\/\/api.w.org\/{rel}","templated":true}]}}