{"id":12776,"date":"2025-12-19T14:21:35","date_gmt":"2025-12-19T14:21:35","guid":{"rendered":"https:\/\/ceolawyer.com\/espanol\/?page_id=12776"},"modified":"2025-12-19T14:25:29","modified_gmt":"2025-12-19T14:25:29","slug":"cherokee-county","status":"publish","type":"page","link":"https:\/\/ceolawyer.com\/espanol\/informe-de-accidente\/informe-policial-de-un-accidente-de-auto-en-georgia\/cherokee-county\/","title":{"rendered":"Consigue el Reporte de tu Accidente de Auto de la Oficina del Sheriff del Condado de Cherokee"},"content":{"rendered":"<p><img decoding=\"async\" class=\"alignright size-full wp-image-12778\" src=\"https:\/\/ceolawyer.com\/espanol\/wp-content\/uploads\/sites\/2\/2025\/12\/How-to-Obtain-Your-Cherokee-County-Sheriffs-Office-Car-Accident-Report.webp\" alt=\"Dos oficiales policiales en la escena de un accidente de noche hablando entre ellos.\" width=\"500\" height=\"300\" srcset=\"https:\/\/ceolawyer.com\/espanol\/wp-content\/uploads\/sites\/2\/2025\/12\/How-to-Obtain-Your-Cherokee-County-Sheriffs-Office-Car-Accident-Report.webp 500w, https:\/\/ceolawyer.com\/espanol\/wp-content\/uploads\/sites\/2\/2025\/12\/How-to-Obtain-Your-Cherokee-County-Sheriffs-Office-Car-Accident-Report-300x180.webp 300w\" sizes=\"(max-width: 500px) 100vw, 500px\" \/>Desafortunadamente, los accidentes de auto son extremadamente frecuentes en el Condado de Cherokee, Georgia, y afectan la vida de much\u00edsimas personas y sus familias. Ya sea un choque entre autom\u00f3viles, un atropello de peatones o un accidente en moto, las consecuencias pueden ser serias: recibos m\u00e9dicos, p\u00e9rdida de ingresos, trauma emocional, lesiones f\u00edsicas y, en los casos m\u00e1s graves, la p\u00e9rdida de una o m\u00e1s vidas.<\/p>\n<p>Navegar el proceso de reclamaciones con los seguros, buscar una compensaci\u00f3n que cubra todas tus necesidades puede ser complicado y, en momentos as\u00ed, contar con asesor\u00eda legal puede ser una prioridad a considerar. Adem\u00e1s contar con los documentos necesarios ayudar\u00e1 a que todo sea menos abrumador y un informe policial del accidente es una de las piezas clave que vas a necesitar.<\/p>\n<h2>\u00bfQu\u00e9 contiene un reporte de accidente de auto redactado en el Condado de Cherokee?<\/h2>\n<p>El reporte policial de un accidente es un documento detallado que incluye informaci\u00f3n clave sobre el incidente:<\/p>\n<ul>\n<li><strong>Conductores involucrados: <\/strong>Nombres y datos de contacto de todas las personas que estuvieron envueltas en el accidente.<\/li>\n<li><strong>Da\u00f1os a los veh\u00edculos: <\/strong>Una descripci\u00f3n de los da\u00f1os sufridos en cada veh\u00edculo.<\/li>\n<li><strong>Lesiones registradas: <\/strong>Cualquier lesi\u00f3n que se haya reportado en el lugar del accidente.<\/li>\n<li><strong>Evaluaci\u00f3n Preliminar de Culpa: <\/strong>La opini\u00f3n inicial del oficial sobre qui\u00e9n podr\u00eda haber causado el accidente (esto no es definitivo y puede ser impugnado en un tribunal).<\/li>\n<\/ul>\n<h2>El papel de la Oficina del Sheriff del Condado de Cherokee en un accidente de auto<\/h2>\n<p>La oficina del Sheriff es la encargada de gestionar los accidentes de tr\u00e1fico dentro del condado y sus funciones incluyen:<\/p>\n<ul>\n<li>La oficina del Sheriff es la primera en responder y acudir a la escena para asistir a los afectados.<\/li>\n<li>Los oficiales se encargar\u00e1n de determinar las causas del accidente y de proporcionar informaci\u00f3n v\u00e1lida a las v\u00edctimas y sus aseguradoras.<\/li>\n<li>Elaborar\u00e1n informes detallados para respaldar reclamaciones de seguros o procesos legales.<\/li>\n<li>La oficina del Sheriff crear\u00e1 un historial preciso del accidente.<\/li>\n<li>Son los encargados de que las leyes de tr\u00e1nsito se cumplan y, as\u00ed, reducir la cantidad de accidentes.<\/li>\n<li>Garantizan la seguridad de la comunidad del Condado de Cherokee.<\/li>\n<\/ul>\n<p>Su misi\u00f3n principal es servir con integridad, proteger con compasi\u00f3n y garantizar la seguridad de todos.<\/p>\n<h2>C\u00f3mo obtener el reporte de tu accidente<\/h2>\n<p>Hay dos v\u00edas principales para solicitar tu informe:<\/p>\n<h3>En persona<\/h3>\n<p>Puedes acudir a la Oficina de Registros Centrales de la Oficina del Sheriff del Condado de Cherokee:<\/p>\n<ul>\n<li><strong>Direcci\u00f3n: <\/strong>498 Chattin Drive, Canton, GA 30114.<\/li>\n<li><strong>Tel\u00e9fono: <\/strong><a href=\"tel:+16784934140\">678-493-4140<\/a>.<\/li>\n<li><strong>Horario: <\/strong>Lunes a viernes, de 8AM a 5PM.<\/li>\n<\/ul>\n<h3>En l\u00ednea<\/h3>\n<ul>\n<li>Visita el <a href=\"http:\/\/buycrash.com\/\">sitio web de BuyCrash<\/a> e ingresa los siguientes datos:\n<ul>\n<li>Apellido del conductor<\/li>\n<li>Fecha del accidente<\/li>\n<li>VIN de uno de los veh\u00edculos involucrados<\/li>\n<li>N\u00famero de licencia de conducir<\/li>\n<li>N\u00famero de informe<\/li>\n<\/ul>\n<\/li>\n<li>Llena una solicitud con el <a href=\"https:\/\/cherokeecountyga.nextrequest.com\/requests\/new\">Formulario del Condado de Cherokee<\/a> a trav\u00e9s del portal oficial.<\/li>\n<\/ul>\n<h2>\u00bfQu\u00e9 funci\u00f3n tiene el reporte de tu accidente de auto?<\/h2>\n<p>Este informe es clave en varios aspectos:<\/p>\n<ul>\n<li>Las aseguradoras utilizan el reporte para evaluar los da\u00f1os y determinar qui\u00e9n es responsable del accidente.<\/li>\n<li>El reporte ayuda a documentar la magnitud de los da\u00f1os y lesiones, lo que es fundamental para calcular la compensaci\u00f3n justa que requieres.<\/li>\n<li>Si decides emprender acciones legales, este documento ser\u00e1 una pieza clave para construir tu caso. Un abogado te ayudar\u00e1 a interpretar el contenido del reporte y determinar la mejor estrategia.<\/li>\n<\/ul>\n<h2>Uso del informe para reclamos de seguro<\/h2>\n<p>Si vas a presentar tu reclamo, el reporte de tu accidente ser\u00e1 de gran utilidad por estas razones:<\/p>\n<ul>\n<li>Ser\u00e1 lo primero que tu aseguradora va a solicitar y tenerlo disponible facilitar\u00e1 el proceso de reclamo.<\/li>\n<li>Sirve como evidencia y para justificar la magnitud de los da\u00f1os y lesiones que sufriste.<\/li>\n<li>En caso de litigio, tambi\u00e9n es evidencia clave para respaldar tu caso.<\/li>\n<\/ul>\n<h2>C\u00f3mo obtener asesoramiento legal y una compensaci\u00f3n justa<\/h2>\n<p>Enfrentar las secuelas de un accidente de auto puede ser complicado. Estos son los pasos que debes seguir y tomar en cuenta:<\/p>\n<ul>\n<li><strong>Calcula tus p\u00e9rdidas: <\/strong>Incluyen gastos m\u00e9dicos, reparaciones, p\u00e9rdida de ingresos y da\u00f1o emocional.<\/li>\n<li><strong>Documenta todo: <\/strong>Guarda cualquier factura, recibo y registro m\u00e9dico.<\/li>\n<li><strong>Cuida de tu bienestar: <\/strong>Busca atenci\u00f3n m\u00e9dica inmediata para cualquier lesi\u00f3n.<\/li>\n<li><strong>S\u00e9 paciente: <\/strong>No aceptes acuerdos apresurados sin evaluar correctamente tus p\u00e9rdidas.<\/li>\n<\/ul>\n<p>Para recibir una compensaci\u00f3n justa, puede ser importante consultar con un <a href=\"https:\/\/ceolawyer.com\/georgia-personal-injury\/car-accident-lawyer\/\">abogado experimentado en accidentes de auto<\/a>.<\/p>\n<p>Nuestro equipo puede ayudarte a:<\/p>\n<ul>\n<li>Entender tus opciones<\/li>\n<li>Presentar las reclamaciones al seguro en tu nombre<\/li>\n<li>Negociar un acuerdo justo con las compa\u00f1\u00edas de seguros y abogados defensores<\/li>\n<li>Representar tus intereses ante los tribunales, si es necesario<\/li>\n<\/ul>\n<h2>C\u00f3mo demostrar el dolor y sufrimiento para obtener la compensaci\u00f3n que mereces<\/h2>\n<p>Si buscas una compensaci\u00f3n por da\u00f1os morales o sufrimiento, es importante demostrar el impacto del accidente de auto en tu bienestar emocional. Aseg\u00farate de reunir evidencia de:<\/p>\n<ul>\n<li>Todos los registros m\u00e9dicos y c\u00f3mo las lesiones derivadas del accidente afectan tu salud f\u00edsica y emocional.<\/li>\n<li>Toma fotos y videos de tus lesiones y el proceso de recuperaci\u00f3n.<\/li>\n<li>Re\u00fane declaraciones de familiares, amigos y gente cercana a ti que puedan describir los cambios en tu vida diaria.<\/li>\n<li>Estos elementos pueden ser clave para obtener la indemnizaci\u00f3n que mereces por los da\u00f1os que has sufrido.<\/li>\n<\/ul>\n","protected":false},"excerpt":{"rendered":"<p>Desafortunadamente, los accidentes de auto son extremadamente frecuentes en el Condado de Cherokee, Georgia, y afectan la vida de much\u00edsimas personas y sus familias. Ya sea un choque entre autom\u00f3viles, un atropello de peatones o un accidente en moto, las consecuencias pueden ser serias: recibos m\u00e9dicos, p\u00e9rdida de ingresos, trauma emocional, lesiones f\u00edsicas y, en [&hellip;]<\/p>\n","protected":false},"author":18,"featured_media":12778,"parent":12737,"menu_order":0,"comment_status":"closed","ping_status":"closed","template":"","meta":{"_acf_changed":false,"footnotes":""},"class_list":["post-12776","page","type-page","status-publish","has-post-thumbnail","hentry"],"acf":[],"yoast_head":"<!-- This site is optimized with the Yoast SEO plugin v27.4 - https:\/\/yoast.com\/product\/yoast-seo-wordpress\/ -->\n<title>Consigue el Reporte de tu Accidente de Auto de la Oficina del Sheriff del Condado de Cherokee | CEO Lawyer<\/title>\n<meta name=\"description\" content=\"Conseguir el reporte de tu accidente de la Oficina del Sheriff de Cherokee no deber\u00eda agregarte m\u00e1s estr\u00e9s. En CEO Lawyer Personal Injury Law Firm podemos ayudarte. \u00a1Cont\u00e1ctanos hoy!\" \/>\n<meta name=\"robots\" content=\"index, follow, max-snippet:-1, max-image-preview:large, max-video-preview:-1\" \/>\n<link rel=\"canonical\" href=\"https:\/\/ceolawyer.com\/espanol\/informe-de-accidente\/informe-policial-de-un-accidente-de-auto-en-georgia\/cherokee-county\/\" \/>\n<meta property=\"og:locale\" content=\"en_US\" \/>\n<meta property=\"og:type\" content=\"article\" \/>\n<meta property=\"og:title\" content=\"Consigue el Reporte de tu Accidente de Auto de la Oficina del Sheriff del Condado de Cherokee | CEO Lawyer\" \/>\n<meta property=\"og:description\" content=\"Conseguir el reporte de tu accidente de la Oficina del Sheriff de Cherokee no deber\u00eda agregarte m\u00e1s estr\u00e9s. En CEO Lawyer Personal Injury Law Firm podemos ayudarte. \u00a1Cont\u00e1ctanos hoy!\" \/>\n<meta property=\"og:url\" content=\"https:\/\/ceolawyer.com\/espanol\/informe-de-accidente\/informe-policial-de-un-accidente-de-auto-en-georgia\/cherokee-county\/\" \/>\n<meta property=\"og:site_name\" content=\"CEO Lawyer\" \/>\n<meta property=\"article:modified_time\" content=\"2025-12-19T14:25:29+00:00\" \/>\n<meta property=\"og:image\" content=\"https:\/\/ceolawyer.com\/espanol\/wp-content\/uploads\/sites\/2\/2025\/12\/How-to-Obtain-Your-Cherokee-County-Sheriffs-Office-Car-Accident-Report.webp\" \/>\n\t<meta property=\"og:image:width\" content=\"500\" \/>\n\t<meta property=\"og:image:height\" content=\"300\" \/>\n\t<meta property=\"og:image:type\" content=\"image\/webp\" \/>\n<meta name=\"twitter:card\" content=\"summary_large_image\" \/>\n<meta name=\"twitter:label1\" content=\"Est. reading time\" \/>\n\t<meta name=\"twitter:data1\" content=\"4 minutes\" \/>\n<script type=\"application\/ld+json\" class=\"yoast-schema-graph\">{\"@context\":\"https:\\\/\\\/schema.org\",\"@graph\":[{\"@type\":\"WebPage\",\"@id\":\"https:\\\/\\\/ceolawyer.com\\\/espanol\\\/informe-de-accidente\\\/informe-policial-de-un-accidente-de-auto-en-georgia\\\/cherokee-county\\\/\",\"url\":\"https:\\\/\\\/ceolawyer.com\\\/espanol\\\/informe-de-accidente\\\/informe-policial-de-un-accidente-de-auto-en-georgia\\\/cherokee-county\\\/\",\"name\":\"Consigue el Reporte de tu Accidente de Auto de la Oficina del Sheriff del Condado de Cherokee | CEO Lawyer\",\"isPartOf\":{\"@id\":\"https:\\\/\\\/ceolawyer.com\\\/espanol\\\/#website\"},\"primaryImageOfPage\":{\"@id\":\"https:\\\/\\\/ceolawyer.com\\\/espanol\\\/informe-de-accidente\\\/informe-policial-de-un-accidente-de-auto-en-georgia\\\/cherokee-county\\\/#primaryimage\"},\"image\":{\"@id\":\"https:\\\/\\\/ceolawyer.com\\\/espanol\\\/informe-de-accidente\\\/informe-policial-de-un-accidente-de-auto-en-georgia\\\/cherokee-county\\\/#primaryimage\"},\"thumbnailUrl\":\"https:\\\/\\\/ceolawyer.com\\\/espanol\\\/wp-content\\\/uploads\\\/sites\\\/2\\\/2025\\\/12\\\/How-to-Obtain-Your-Cherokee-County-Sheriffs-Office-Car-Accident-Report.webp\",\"datePublished\":\"2025-12-19T14:21:35+00:00\",\"dateModified\":\"2025-12-19T14:25:29+00:00\",\"description\":\"Conseguir el reporte de tu accidente de la Oficina del Sheriff de Cherokee no deber\u00eda agregarte m\u00e1s estr\u00e9s. En CEO Lawyer Personal Injury Law Firm podemos ayudarte. \u00a1Cont\u00e1ctanos hoy!\",\"breadcrumb\":{\"@id\":\"https:\\\/\\\/ceolawyer.com\\\/espanol\\\/informe-de-accidente\\\/informe-policial-de-un-accidente-de-auto-en-georgia\\\/cherokee-county\\\/#breadcrumb\"},\"inLanguage\":\"en-US\",\"potentialAction\":[{\"@type\":\"ReadAction\",\"target\":[\"https:\\\/\\\/ceolawyer.com\\\/espanol\\\/informe-de-accidente\\\/informe-policial-de-un-accidente-de-auto-en-georgia\\\/cherokee-county\\\/\"]}]},{\"@type\":\"ImageObject\",\"inLanguage\":\"en-US\",\"@id\":\"https:\\\/\\\/ceolawyer.com\\\/espanol\\\/informe-de-accidente\\\/informe-policial-de-un-accidente-de-auto-en-georgia\\\/cherokee-county\\\/#primaryimage\",\"url\":\"https:\\\/\\\/ceolawyer.com\\\/espanol\\\/wp-content\\\/uploads\\\/sites\\\/2\\\/2025\\\/12\\\/How-to-Obtain-Your-Cherokee-County-Sheriffs-Office-Car-Accident-Report.webp\",\"contentUrl\":\"https:\\\/\\\/ceolawyer.com\\\/espanol\\\/wp-content\\\/uploads\\\/sites\\\/2\\\/2025\\\/12\\\/How-to-Obtain-Your-Cherokee-County-Sheriffs-Office-Car-Accident-Report.webp\",\"width\":500,\"height\":300,\"caption\":\"Dos oficiales policiales en la escena de un accidente de noche hablando entre ellos.\"},{\"@type\":\"BreadcrumbList\",\"@id\":\"https:\\\/\\\/ceolawyer.com\\\/espanol\\\/informe-de-accidente\\\/informe-policial-de-un-accidente-de-auto-en-georgia\\\/cherokee-county\\\/#breadcrumb\",\"itemListElement\":[{\"@type\":\"ListItem\",\"position\":1,\"name\":\"Home\",\"item\":\"https:\\\/\\\/ceolawyer.com\\\/espanol\\\/\"},{\"@type\":\"ListItem\",\"position\":2,\"name\":\"Consigue el Reporte Policial de tu Accidente de Auto\",\"item\":\"https:\\\/\\\/ceolawyer.com\\\/espanol\\\/informe-de-accidente\\\/\"},{\"@type\":\"ListItem\",\"position\":3,\"name\":\"C\u00f3mo Solicitar el Informe Policial de un Accidente de Auto en Georgia\",\"item\":\"https:\\\/\\\/ceolawyer.com\\\/espanol\\\/informe-de-accidente\\\/informe-policial-de-un-accidente-de-auto-en-georgia\\\/\"},{\"@type\":\"ListItem\",\"position\":4,\"name\":\"Consigue el Reporte de tu Accidente de Auto de la Oficina del Sheriff del Condado de Cherokee\"}]},{\"@type\":\"WebSite\",\"@id\":\"https:\\\/\\\/ceolawyer.com\\\/espanol\\\/#website\",\"url\":\"https:\\\/\\\/ceolawyer.com\\\/espanol\\\/\",\"name\":\"CEO Lawyer\",\"description\":\"Personal Injury Attorney\",\"publisher\":{\"@id\":\"https:\\\/\\\/ceolawyer.com\\\/espanol\\\/#organization\"},\"potentialAction\":[{\"@type\":\"SearchAction\",\"target\":{\"@type\":\"EntryPoint\",\"urlTemplate\":\"https:\\\/\\\/ceolawyer.com\\\/espanol\\\/?s={search_term_string}\"},\"query-input\":{\"@type\":\"PropertyValueSpecification\",\"valueRequired\":true,\"valueName\":\"search_term_string\"}}],\"inLanguage\":\"en-US\"},{\"@type\":\"Organization\",\"@id\":\"https:\\\/\\\/ceolawyer.com\\\/espanol\\\/#organization\",\"name\":\"CEO Lawyer\",\"url\":\"https:\\\/\\\/ceolawyer.com\\\/espanol\\\/\",\"logo\":{\"@type\":\"ImageObject\",\"inLanguage\":\"en-US\",\"@id\":\"https:\\\/\\\/ceolawyer.com\\\/espanol\\\/#\\\/schema\\\/logo\\\/image\\\/\",\"url\":\"https:\\\/\\\/ceolawyer.com\\\/espanol\\\/wp-content\\\/uploads\\\/sites\\\/2\\\/2022\\\/05\\\/CEO_Logo.png\",\"contentUrl\":\"https:\\\/\\\/ceolawyer.com\\\/espanol\\\/wp-content\\\/uploads\\\/sites\\\/2\\\/2022\\\/05\\\/CEO_Logo.png\",\"width\":200,\"height\":108,\"caption\":\"CEO Lawyer\"},\"image\":{\"@id\":\"https:\\\/\\\/ceolawyer.com\\\/espanol\\\/#\\\/schema\\\/logo\\\/image\\\/\"}}]}<\/script>\n<!-- \/ Yoast SEO plugin. -->","yoast_head_json":{"title":"Consigue el Reporte de tu Accidente de Auto de la Oficina del Sheriff del Condado de Cherokee | CEO Lawyer","description":"Conseguir el reporte de tu accidente de la Oficina del Sheriff de Cherokee no deber\u00eda agregarte m\u00e1s estr\u00e9s. En CEO Lawyer Personal Injury Law Firm podemos ayudarte. \u00a1Cont\u00e1ctanos hoy!","robots":{"index":"index","follow":"follow","max-snippet":"max-snippet:-1","max-image-preview":"max-image-preview:large","max-video-preview":"max-video-preview:-1"},"canonical":"https:\/\/ceolawyer.com\/espanol\/informe-de-accidente\/informe-policial-de-un-accidente-de-auto-en-georgia\/cherokee-county\/","og_locale":"en_US","og_type":"article","og_title":"Consigue el Reporte de tu Accidente de Auto de la Oficina del Sheriff del Condado de Cherokee | CEO Lawyer","og_description":"Conseguir el reporte de tu accidente de la Oficina del Sheriff de Cherokee no deber\u00eda agregarte m\u00e1s estr\u00e9s. En CEO Lawyer Personal Injury Law Firm podemos ayudarte. \u00a1Cont\u00e1ctanos hoy!","og_url":"https:\/\/ceolawyer.com\/espanol\/informe-de-accidente\/informe-policial-de-un-accidente-de-auto-en-georgia\/cherokee-county\/","og_site_name":"CEO Lawyer","article_modified_time":"2025-12-19T14:25:29+00:00","og_image":[{"width":500,"height":300,"url":"https:\/\/ceolawyer.com\/espanol\/wp-content\/uploads\/sites\/2\/2025\/12\/How-to-Obtain-Your-Cherokee-County-Sheriffs-Office-Car-Accident-Report.webp","type":"image\/webp"}],"twitter_card":"summary_large_image","twitter_misc":{"Est. reading time":"4 minutes"},"schema":{"@context":"https:\/\/schema.org","@graph":[{"@type":"WebPage","@id":"https:\/\/ceolawyer.com\/espanol\/informe-de-accidente\/informe-policial-de-un-accidente-de-auto-en-georgia\/cherokee-county\/","url":"https:\/\/ceolawyer.com\/espanol\/informe-de-accidente\/informe-policial-de-un-accidente-de-auto-en-georgia\/cherokee-county\/","name":"Consigue el Reporte de tu Accidente de Auto de la Oficina del Sheriff del Condado de Cherokee | CEO Lawyer","isPartOf":{"@id":"https:\/\/ceolawyer.com\/espanol\/#website"},"primaryImageOfPage":{"@id":"https:\/\/ceolawyer.com\/espanol\/informe-de-accidente\/informe-policial-de-un-accidente-de-auto-en-georgia\/cherokee-county\/#primaryimage"},"image":{"@id":"https:\/\/ceolawyer.com\/espanol\/informe-de-accidente\/informe-policial-de-un-accidente-de-auto-en-georgia\/cherokee-county\/#primaryimage"},"thumbnailUrl":"https:\/\/ceolawyer.com\/espanol\/wp-content\/uploads\/sites\/2\/2025\/12\/How-to-Obtain-Your-Cherokee-County-Sheriffs-Office-Car-Accident-Report.webp","datePublished":"2025-12-19T14:21:35+00:00","dateModified":"2025-12-19T14:25:29+00:00","description":"Conseguir el reporte de tu accidente de la Oficina del Sheriff de Cherokee no deber\u00eda agregarte m\u00e1s estr\u00e9s. En CEO Lawyer Personal Injury Law Firm podemos ayudarte. \u00a1Cont\u00e1ctanos hoy!","breadcrumb":{"@id":"https:\/\/ceolawyer.com\/espanol\/informe-de-accidente\/informe-policial-de-un-accidente-de-auto-en-georgia\/cherokee-county\/#breadcrumb"},"inLanguage":"en-US","potentialAction":[{"@type":"ReadAction","target":["https:\/\/ceolawyer.com\/espanol\/informe-de-accidente\/informe-policial-de-un-accidente-de-auto-en-georgia\/cherokee-county\/"]}]},{"@type":"ImageObject","inLanguage":"en-US","@id":"https:\/\/ceolawyer.com\/espanol\/informe-de-accidente\/informe-policial-de-un-accidente-de-auto-en-georgia\/cherokee-county\/#primaryimage","url":"https:\/\/ceolawyer.com\/espanol\/wp-content\/uploads\/sites\/2\/2025\/12\/How-to-Obtain-Your-Cherokee-County-Sheriffs-Office-Car-Accident-Report.webp","contentUrl":"https:\/\/ceolawyer.com\/espanol\/wp-content\/uploads\/sites\/2\/2025\/12\/How-to-Obtain-Your-Cherokee-County-Sheriffs-Office-Car-Accident-Report.webp","width":500,"height":300,"caption":"Dos oficiales policiales en la escena de un accidente de noche hablando entre ellos."},{"@type":"BreadcrumbList","@id":"https:\/\/ceolawyer.com\/espanol\/informe-de-accidente\/informe-policial-de-un-accidente-de-auto-en-georgia\/cherokee-county\/#breadcrumb","itemListElement":[{"@type":"ListItem","position":1,"name":"Home","item":"https:\/\/ceolawyer.com\/espanol\/"},{"@type":"ListItem","position":2,"name":"Consigue el Reporte Policial de tu Accidente de Auto","item":"https:\/\/ceolawyer.com\/espanol\/informe-de-accidente\/"},{"@type":"ListItem","position":3,"name":"C\u00f3mo Solicitar el Informe Policial de un Accidente de Auto en Georgia","item":"https:\/\/ceolawyer.com\/espanol\/informe-de-accidente\/informe-policial-de-un-accidente-de-auto-en-georgia\/"},{"@type":"ListItem","position":4,"name":"Consigue el Reporte de tu Accidente de Auto de la Oficina del Sheriff del Condado de Cherokee"}]},{"@type":"WebSite","@id":"https:\/\/ceolawyer.com\/espanol\/#website","url":"https:\/\/ceolawyer.com\/espanol\/","name":"CEO Lawyer","description":"Personal Injury Attorney","publisher":{"@id":"https:\/\/ceolawyer.com\/espanol\/#organization"},"potentialAction":[{"@type":"SearchAction","target":{"@type":"EntryPoint","urlTemplate":"https:\/\/ceolawyer.com\/espanol\/?s={search_term_string}"},"query-input":{"@type":"PropertyValueSpecification","valueRequired":true,"valueName":"search_term_string"}}],"inLanguage":"en-US"},{"@type":"Organization","@id":"https:\/\/ceolawyer.com\/espanol\/#organization","name":"CEO Lawyer","url":"https:\/\/ceolawyer.com\/espanol\/","logo":{"@type":"ImageObject","inLanguage":"en-US","@id":"https:\/\/ceolawyer.com\/espanol\/#\/schema\/logo\/image\/","url":"https:\/\/ceolawyer.com\/espanol\/wp-content\/uploads\/sites\/2\/2022\/05\/CEO_Logo.png","contentUrl":"https:\/\/ceolawyer.com\/espanol\/wp-content\/uploads\/sites\/2\/2022\/05\/CEO_Logo.png","width":200,"height":108,"caption":"CEO Lawyer"},"image":{"@id":"https:\/\/ceolawyer.com\/espanol\/#\/schema\/logo\/image\/"}}]}},"_links":{"self":[{"href":"https:\/\/ceolawyer.com\/espanol\/wp-json\/wp\/v2\/pages\/12776","targetHints":{"allow":["GET"]}}],"collection":[{"href":"https:\/\/ceolawyer.com\/espanol\/wp-json\/wp\/v2\/pages"}],"about":[{"href":"https:\/\/ceolawyer.com\/espanol\/wp-json\/wp\/v2\/types\/page"}],"author":[{"embeddable":true,"href":"https:\/\/ceolawyer.com\/espanol\/wp-json\/wp\/v2\/users\/18"}],"replies":[{"embeddable":true,"href":"https:\/\/ceolawyer.com\/espanol\/wp-json\/wp\/v2\/comments?post=12776"}],"version-history":[{"count":0,"href":"https:\/\/ceolawyer.com\/espanol\/wp-json\/wp\/v2\/pages\/12776\/revisions"}],"up":[{"embeddable":true,"href":"https:\/\/ceolawyer.com\/espanol\/wp-json\/wp\/v2\/pages\/12737"}],"wp:featuredmedia":[{"embeddable":true,"href":"https:\/\/ceolawyer.com\/espanol\/wp-json\/wp\/v2\/media\/12778"}],"wp:attachment":[{"href":"https:\/\/ceolawyer.com\/espanol\/wp-json\/wp\/v2\/media?parent=12776"}],"curies":[{"name":"wp","href":"https:\/\/api.w.org\/{rel}","templated":true}]}}