{"id":12782,"date":"2025-12-19T14:31:35","date_gmt":"2025-12-19T14:31:35","guid":{"rendered":"https:\/\/ceolawyer.com\/espanol\/?page_id=12782"},"modified":"2025-12-19T14:36:19","modified_gmt":"2025-12-19T14:36:19","slug":"clayton-county-sheriffs","status":"publish","type":"page","link":"https:\/\/ceolawyer.com\/espanol\/informe-de-accidente\/informe-policial-de-un-accidente-de-auto-en-georgia\/clayton-county-sheriffs\/","title":{"rendered":"Consigue el Informe de tu Accidente de Auto de la Oficina del Sheriff del Condado de Clayton"},"content":{"rendered":"<p><img decoding=\"async\" class=\"alignright size-full wp-image-12784\" src=\"https:\/\/ceolawyer.com\/espanol\/wp-content\/uploads\/sites\/2\/2025\/12\/How-to-Obtain-Your-Clayton-County-Sheriffs-Office-Car-Accident-Report.webp\" alt=\"Un oficial policial y su veh\u00edculo al lado de una se\u00f1al LED de calle cerrada en la escena de un accidente.\" width=\"500\" height=\"300\" srcset=\"https:\/\/ceolawyer.com\/espanol\/wp-content\/uploads\/sites\/2\/2025\/12\/How-to-Obtain-Your-Clayton-County-Sheriffs-Office-Car-Accident-Report.webp 500w, https:\/\/ceolawyer.com\/espanol\/wp-content\/uploads\/sites\/2\/2025\/12\/How-to-Obtain-Your-Clayton-County-Sheriffs-Office-Car-Accident-Report-300x180.webp 300w\" sizes=\"(max-width: 500px) 100vw, 500px\" \/>Obtener un informe de accidente de la Oficina del Sheriff del Condado de Clayton en Jonesboro, Georgia, es un proceso sencillo. Esta oficina se encarga de emitir informes de accidentes, que son esenciales para reclamos de seguros, procedimientos legales y registros personales. Si has estado involucrado en un accidente de auto, puedes obtener una copia del informe siguiendo unos sencillos pasos.<\/p>\n<h2>Formas de obtener el informe<\/h2>\n<h3>Solicitud en l\u00ednea<\/h3>\n<p>Puedes acceder al<a href=\"https:\/\/claytoncountyga.govqa.us\/WEBAPP\/_rs\/(S(uvcawjxqqoipyop3v0zmku10))\/supporthome.aspx\"> Portal de Registros P\u00fablicos del Condado de Clayton<\/a>, el cual te deja obtener el informe de tu accidente de manera r\u00e1pida.<\/p>\n<p>Otra opci\u00f3n disponible es a trav\u00e9s de BuyCrash. Esto es lo que debes hacer:<\/p>\n<ul>\n<li>Entra a <a href=\"http:\/\/buycrash.com\">com<\/a>.<\/li>\n<li>Selecciona \u201cGeorgia\u201d como tu estado de residencia.<\/li>\n<li>En el segundo men\u00fa desplegable, elige \u201cClayton County Sheriff\u201d como la jurisdicci\u00f3n que investig\u00f3 el accidente.<\/li>\n<li>Da clic en \u201cStart Search\u201d para continuar.<\/li>\n<li>Ingresa la siguiente informaci\u00f3n:\n<ul>\n<li>Apellido del conductor<\/li>\n<li>Fecha del accidente<\/li>\n<li>N\u00famero de informe del caso<\/li>\n<li>VIN (N\u00famero de Identificaci\u00f3n del Veh\u00edculo)<\/li>\n<li>N\u00famero de licencia de conducir<\/li>\n<\/ul>\n<\/li>\n<\/ul>\n<p><strong>Nota: <\/strong>Puede haber una tarifa asociada con este m\u00e9todo.<\/p>\n<h3>Solicitud en persona<\/h3>\n<p>Tambi\u00e9n puedes acudir a la Oficina del Sheriff y obtener tu informe. Dir\u00edgete a: 91457 Tara Blvd, Jonesboro, GA 30236.<\/p>\n<p>Aseg\u00farate de tener a la mano los siguientes documentos:<\/p>\n<ul>\n<li>Identificaci\u00f3n oficial<\/li>\n<li>Registro actualizado del veh\u00edculo o t\u00edtulo (si eres el due\u00f1o).<\/li>\n<li>Poder notarial si no eres el propietario, autorizando que puedes solicitar el reporte.<\/li>\n<\/ul>\n<p>Recuerda pagar la tarifa de $5 d\u00f3lares por la copia del informe de tu accidente.<\/p>\n<h3>Poder notarial<\/h3>\n<p>Como lo mencionamos, si vas en representaci\u00f3n de la v\u00edctima del accidente (o env\u00edas\u00a0 a alguien en tu nombre), deber\u00e1s presentar una carta de consentimiento notariada que autorice que puedes solicitar el informe del accidente, junto a una identificaci\u00f3n y otros documentos que se requieran.<\/p>\n<h2>\u00bfQu\u00e9 hacer si perdiste el n\u00famero de informe de tu caso?<\/h2>\n<p>Si extraviaste o no recuerdas el n\u00famero de caso del informe de tu accidente, no te preocupes. Sigue estos pasos:<\/p>\n<ul>\n<li>Llama a la Unidad de Registros de la Oficina del Sheriff del Condado de Clayton al <a href=\"tel:+14708229057\">(779) 477-3747<\/a> y selecciona la primera opci\u00f3n.<\/li>\n<li>Explica que perdiste el n\u00famero de tu caso y que necesitas ayuda.<\/li>\n<li>Ten a la mano la informaci\u00f3n del accidente: fecha, lugar y nombre(s) de uno de los involucrados.<\/li>\n<li>Cuentas con esa informaci\u00f3n, a\u00fan puedes buscar el reporte v\u00eda los sitios de la Unidad de Registros del Departamento de Polic\u00eda del Condado de Clayton, o en BuyCrash.com.<\/li>\n<\/ul>\n<h2>\u00bfQu\u00e9 contiene el informe de accidente?<\/h2>\n<p>El reporte de tu accidente emitido por la Oficina del Sheriff del Condado de Clayton incluir\u00e1 informaci\u00f3n clave de lo sucedido. Algunos datos que encontrar\u00e1s en este documento son:<\/p>\n<ul>\n<li>Fecha, hora y lugar del choque.<\/li>\n<li>Informaci\u00f3n sobre los veh\u00edculos involucrados, en qu\u00e9 posici\u00f3n terminaron despu\u00e9s del choque y qu\u00e9 da\u00f1os sufrieron.<\/li>\n<li>Representaciones visuales de la escena del accidente, trayectorias de los veh\u00edculos y puntos de impacto.<\/li>\n<li>Informaci\u00f3n sobre los involucrados (conductores, pasajeros y testigos): Nombres, direcciones, tel\u00e9fonos y n\u00fameros de licencia de conducir.<\/li>\n<li>Detalles del seguro de cada conductor.<\/li>\n<li>Testimonios y declaraciones de los conductores, pasajeros y testigos.<\/li>\n<li>Observaciones y hallazgos preliminares del oficial que redact\u00f3 el informe sobre la causa o circunstancias del accidente.<\/li>\n<\/ul>\n<h2>\u00bfC\u00f3mo reportar un accidente con fuga?<\/h2>\n<ol>\n<li>Aseg\u00farate de que t\u00fa y los que vienen contigo est\u00e9n a salvo.<\/li>\n<li>Toma nota de los detalles del otro veh\u00edculo (color, marca, modelo y n\u00famero de placas).<\/li>\n<li>De ser posible, re\u00fane la informaci\u00f3n de contacto de los testigos del accidente.<\/li>\n<li>Llama al 911 si hay heridos o es una situaci\u00f3n de emergencia. Si no lo es, informa el accidente a la polic\u00eda.<\/li>\n<li>Acude a la estaci\u00f3n de polic\u00eda m\u00e1s cercana para completar un informe sobre el accidente con la informaci\u00f3n que recabaste.<\/li>\n<li>Reporta el accidente a tu compa\u00f1\u00eda de seguros para iniciar el proceso de reclamaci\u00f3n.<\/li>\n<\/ol>\n<h2>\u00bfC\u00f3mo puede ayudarte un abogado de da\u00f1os personales?<\/h2>\n<p>Un abogado experimentado en estos casos puede ser un recurso valioso tras un accidente de auto. Sus servicios incluyen:<\/p>\n<ul>\n<li>Una evaluaci\u00f3n del caso, para determinar la solidez de tu reclamaci\u00f3n.<\/li>\n<li>Te proporcionar\u00e1 una perspectiva objetiva e imparcial de la situaci\u00f3n.<\/li>\n<li>Asesor\u00eda para construir una estrategia, en caso de que quieras iniciar un proceso legal.<\/li>\n<li>Va a desglosar toda la terminolog\u00eda legal y m\u00e9dica del informe, para que puedas entenderlo mejor.<\/li>\n<li>Representar tus intereses ante la compa\u00f1\u00eda de seguros y, as\u00ed, obtener una compensaci\u00f3n justa.<\/li>\n<li>Reunir evidencia y presentar una reclamaci\u00f3n convincente.<\/li>\n<\/ul>\n<h3>CEO Lawyer Personal Injury Law Firm<\/h3>\n<p>Si sufriste lesiones en tu accidente de auto y necesitas ayuda para entender la informaci\u00f3n en tu reporte o iniciar el proceso legal y de reclamaci\u00f3n, CEO Lawyer Personal Injury Law Firm est\u00e1 aqu\u00ed para ayudarte. Nuestro <a href=\"https:\/\/ceolawyer.com\/georgia-personal-injury\/car-accident-lawyer\/\">equipo con amplia experiencia en accidentes de auto en Georgia<\/a> proteger\u00e1 tus derechos y se asegurar\u00e1 de que recibas la indemnizaci\u00f3n que mereces.<\/p>\n<p><a href=\"https:\/\/ceolawyer.com\/contact-us\/\">Cont\u00e1ctanos<\/a> hoy mismo para una consulta al <a href=\"tel:+14708229057\"><strong>(470) 822-9057<\/strong><\/a>.<\/p>\n","protected":false},"excerpt":{"rendered":"<p>Obtener un informe de accidente de la Oficina del Sheriff del Condado de Clayton en Jonesboro, Georgia, es un proceso sencillo. Esta oficina se encarga de emitir informes de accidentes, que son esenciales para reclamos de seguros, procedimientos legales y registros personales. Si has estado involucrado en un accidente de auto, puedes obtener una copia [&hellip;]<\/p>\n","protected":false},"author":18,"featured_media":12784,"parent":12737,"menu_order":0,"comment_status":"closed","ping_status":"closed","template":"","meta":{"_acf_changed":false,"footnotes":""},"class_list":["post-12782","page","type-page","status-publish","has-post-thumbnail","hentry"],"acf":[],"yoast_head":"<!-- This site is optimized with the Yoast SEO plugin v27.2 - https:\/\/yoast.com\/product\/yoast-seo-wordpress\/ -->\n<title>Consigue el Informe de tu Accidente de Auto de la Oficina del Sheriff del Condado de Clayton | CEO Lawyer<\/title>\n<meta name=\"description\" content=\"Consigue el reporte de tu accidente de auto de la Oficina del Sheriff de Clayton y tu apoyo legal del equipo de CEO Lawyer Personal Injury Law Firm. Cont\u00e1ctanos al (470) 822-9057.\" \/>\n<meta name=\"robots\" content=\"index, follow, max-snippet:-1, max-image-preview:large, max-video-preview:-1\" \/>\n<link rel=\"canonical\" href=\"https:\/\/ceolawyer.com\/espanol\/informe-de-accidente\/informe-policial-de-un-accidente-de-auto-en-georgia\/clayton-county-sheriffs\/\" \/>\n<meta property=\"og:locale\" content=\"en_US\" \/>\n<meta property=\"og:type\" content=\"article\" \/>\n<meta property=\"og:title\" content=\"Consigue el Informe de tu Accidente de Auto de la Oficina del Sheriff del Condado de Clayton | CEO Lawyer\" \/>\n<meta property=\"og:description\" content=\"Consigue el reporte de tu accidente de auto de la Oficina del Sheriff de Clayton y tu apoyo legal del equipo de CEO Lawyer Personal Injury Law Firm. Cont\u00e1ctanos al (470) 822-9057.\" \/>\n<meta property=\"og:url\" content=\"https:\/\/ceolawyer.com\/espanol\/informe-de-accidente\/informe-policial-de-un-accidente-de-auto-en-georgia\/clayton-county-sheriffs\/\" \/>\n<meta property=\"og:site_name\" content=\"CEO Lawyer\" \/>\n<meta property=\"article:modified_time\" content=\"2025-12-19T14:36:19+00:00\" \/>\n<meta property=\"og:image\" content=\"https:\/\/ceolawyer.com\/espanol\/wp-content\/uploads\/sites\/2\/2025\/12\/How-to-Obtain-Your-Clayton-County-Sheriffs-Office-Car-Accident-Report.webp\" \/>\n\t<meta property=\"og:image:width\" content=\"500\" \/>\n\t<meta property=\"og:image:height\" content=\"300\" \/>\n\t<meta property=\"og:image:type\" content=\"image\/webp\" \/>\n<meta name=\"twitter:card\" content=\"summary_large_image\" \/>\n<meta name=\"twitter:label1\" content=\"Est. reading time\" \/>\n\t<meta name=\"twitter:data1\" content=\"4 minutes\" \/>\n<script type=\"application\/ld+json\" class=\"yoast-schema-graph\">{\"@context\":\"https:\/\/schema.org\",\"@graph\":[{\"@type\":\"WebPage\",\"@id\":\"https:\/\/ceolawyer.com\/espanol\/informe-de-accidente\/informe-policial-de-un-accidente-de-auto-en-georgia\/clayton-county-sheriffs\/\",\"url\":\"https:\/\/ceolawyer.com\/espanol\/informe-de-accidente\/informe-policial-de-un-accidente-de-auto-en-georgia\/clayton-county-sheriffs\/\",\"name\":\"Consigue el Informe de tu Accidente de Auto de la Oficina del Sheriff del Condado de Clayton | CEO Lawyer\",\"isPartOf\":{\"@id\":\"https:\/\/ceolawyer.com\/espanol\/#website\"},\"primaryImageOfPage\":{\"@id\":\"https:\/\/ceolawyer.com\/espanol\/informe-de-accidente\/informe-policial-de-un-accidente-de-auto-en-georgia\/clayton-county-sheriffs\/#primaryimage\"},\"image\":{\"@id\":\"https:\/\/ceolawyer.com\/espanol\/informe-de-accidente\/informe-policial-de-un-accidente-de-auto-en-georgia\/clayton-county-sheriffs\/#primaryimage\"},\"thumbnailUrl\":\"https:\/\/ceolawyer.com\/espanol\/wp-content\/uploads\/sites\/2\/2025\/12\/How-to-Obtain-Your-Clayton-County-Sheriffs-Office-Car-Accident-Report.webp\",\"datePublished\":\"2025-12-19T14:31:35+00:00\",\"dateModified\":\"2025-12-19T14:36:19+00:00\",\"description\":\"Consigue el reporte de tu accidente de auto de la Oficina del Sheriff de Clayton y tu apoyo legal del equipo de CEO Lawyer Personal Injury Law Firm. Cont\u00e1ctanos al (470) 822-9057.\",\"breadcrumb\":{\"@id\":\"https:\/\/ceolawyer.com\/espanol\/informe-de-accidente\/informe-policial-de-un-accidente-de-auto-en-georgia\/clayton-county-sheriffs\/#breadcrumb\"},\"inLanguage\":\"en-US\",\"potentialAction\":[{\"@type\":\"ReadAction\",\"target\":[\"https:\/\/ceolawyer.com\/espanol\/informe-de-accidente\/informe-policial-de-un-accidente-de-auto-en-georgia\/clayton-county-sheriffs\/\"]}]},{\"@type\":\"ImageObject\",\"inLanguage\":\"en-US\",\"@id\":\"https:\/\/ceolawyer.com\/espanol\/informe-de-accidente\/informe-policial-de-un-accidente-de-auto-en-georgia\/clayton-county-sheriffs\/#primaryimage\",\"url\":\"https:\/\/ceolawyer.com\/espanol\/wp-content\/uploads\/sites\/2\/2025\/12\/How-to-Obtain-Your-Clayton-County-Sheriffs-Office-Car-Accident-Report.webp\",\"contentUrl\":\"https:\/\/ceolawyer.com\/espanol\/wp-content\/uploads\/sites\/2\/2025\/12\/How-to-Obtain-Your-Clayton-County-Sheriffs-Office-Car-Accident-Report.webp\",\"width\":500,\"height\":300,\"caption\":\"Un oficial policial y su veh\u00edculo al lado de una se\u00f1al LED de calle cerrada en la escena de un accidente.\"},{\"@type\":\"BreadcrumbList\",\"@id\":\"https:\/\/ceolawyer.com\/espanol\/informe-de-accidente\/informe-policial-de-un-accidente-de-auto-en-georgia\/clayton-county-sheriffs\/#breadcrumb\",\"itemListElement\":[{\"@type\":\"ListItem\",\"position\":1,\"name\":\"Home\",\"item\":\"https:\/\/ceolawyer.com\/espanol\/\"},{\"@type\":\"ListItem\",\"position\":2,\"name\":\"Consigue el Reporte Policial de tu Accidente de Auto\",\"item\":\"https:\/\/ceolawyer.com\/espanol\/informe-de-accidente\/\"},{\"@type\":\"ListItem\",\"position\":3,\"name\":\"C\u00f3mo Solicitar el Informe Policial de un Accidente de Auto en Georgia\",\"item\":\"https:\/\/ceolawyer.com\/espanol\/informe-de-accidente\/informe-policial-de-un-accidente-de-auto-en-georgia\/\"},{\"@type\":\"ListItem\",\"position\":4,\"name\":\"Consigue el Informe de tu Accidente de Auto de la Oficina del Sheriff del Condado de Clayton\"}]},{\"@type\":\"WebSite\",\"@id\":\"https:\/\/ceolawyer.com\/espanol\/#website\",\"url\":\"https:\/\/ceolawyer.com\/espanol\/\",\"name\":\"CEO Lawyer\",\"description\":\"Personal Injury Attorney\",\"publisher\":{\"@id\":\"https:\/\/ceolawyer.com\/espanol\/#organization\"},\"potentialAction\":[{\"@type\":\"SearchAction\",\"target\":{\"@type\":\"EntryPoint\",\"urlTemplate\":\"https:\/\/ceolawyer.com\/espanol\/?s={search_term_string}\"},\"query-input\":{\"@type\":\"PropertyValueSpecification\",\"valueRequired\":true,\"valueName\":\"search_term_string\"}}],\"inLanguage\":\"en-US\"},{\"@type\":\"Organization\",\"@id\":\"https:\/\/ceolawyer.com\/espanol\/#organization\",\"name\":\"CEO Lawyer\",\"url\":\"https:\/\/ceolawyer.com\/espanol\/\",\"logo\":{\"@type\":\"ImageObject\",\"inLanguage\":\"en-US\",\"@id\":\"https:\/\/ceolawyer.com\/espanol\/#\/schema\/logo\/image\/\",\"url\":\"https:\/\/ceolawyer.com\/espanol\/wp-content\/uploads\/sites\/2\/2022\/05\/CEO_Logo.png\",\"contentUrl\":\"https:\/\/ceolawyer.com\/espanol\/wp-content\/uploads\/sites\/2\/2022\/05\/CEO_Logo.png\",\"width\":200,\"height\":108,\"caption\":\"CEO Lawyer\"},\"image\":{\"@id\":\"https:\/\/ceolawyer.com\/espanol\/#\/schema\/logo\/image\/\"}}]}<\/script>\n<!-- \/ Yoast SEO plugin. -->","yoast_head_json":{"title":"Consigue el Informe de tu Accidente de Auto de la Oficina del Sheriff del Condado de Clayton | CEO Lawyer","description":"Consigue el reporte de tu accidente de auto de la Oficina del Sheriff de Clayton y tu apoyo legal del equipo de CEO Lawyer Personal Injury Law Firm. Cont\u00e1ctanos al (470) 822-9057.","robots":{"index":"index","follow":"follow","max-snippet":"max-snippet:-1","max-image-preview":"max-image-preview:large","max-video-preview":"max-video-preview:-1"},"canonical":"https:\/\/ceolawyer.com\/espanol\/informe-de-accidente\/informe-policial-de-un-accidente-de-auto-en-georgia\/clayton-county-sheriffs\/","og_locale":"en_US","og_type":"article","og_title":"Consigue el Informe de tu Accidente de Auto de la Oficina del Sheriff del Condado de Clayton | CEO Lawyer","og_description":"Consigue el reporte de tu accidente de auto de la Oficina del Sheriff de Clayton y tu apoyo legal del equipo de CEO Lawyer Personal Injury Law Firm. Cont\u00e1ctanos al (470) 822-9057.","og_url":"https:\/\/ceolawyer.com\/espanol\/informe-de-accidente\/informe-policial-de-un-accidente-de-auto-en-georgia\/clayton-county-sheriffs\/","og_site_name":"CEO Lawyer","article_modified_time":"2025-12-19T14:36:19+00:00","og_image":[{"width":500,"height":300,"url":"https:\/\/ceolawyer.com\/espanol\/wp-content\/uploads\/sites\/2\/2025\/12\/How-to-Obtain-Your-Clayton-County-Sheriffs-Office-Car-Accident-Report.webp","type":"image\/webp"}],"twitter_card":"summary_large_image","twitter_misc":{"Est. reading time":"4 minutes"},"schema":{"@context":"https:\/\/schema.org","@graph":[{"@type":"WebPage","@id":"https:\/\/ceolawyer.com\/espanol\/informe-de-accidente\/informe-policial-de-un-accidente-de-auto-en-georgia\/clayton-county-sheriffs\/","url":"https:\/\/ceolawyer.com\/espanol\/informe-de-accidente\/informe-policial-de-un-accidente-de-auto-en-georgia\/clayton-county-sheriffs\/","name":"Consigue el Informe de tu Accidente de Auto de la Oficina del Sheriff del Condado de Clayton | CEO Lawyer","isPartOf":{"@id":"https:\/\/ceolawyer.com\/espanol\/#website"},"primaryImageOfPage":{"@id":"https:\/\/ceolawyer.com\/espanol\/informe-de-accidente\/informe-policial-de-un-accidente-de-auto-en-georgia\/clayton-county-sheriffs\/#primaryimage"},"image":{"@id":"https:\/\/ceolawyer.com\/espanol\/informe-de-accidente\/informe-policial-de-un-accidente-de-auto-en-georgia\/clayton-county-sheriffs\/#primaryimage"},"thumbnailUrl":"https:\/\/ceolawyer.com\/espanol\/wp-content\/uploads\/sites\/2\/2025\/12\/How-to-Obtain-Your-Clayton-County-Sheriffs-Office-Car-Accident-Report.webp","datePublished":"2025-12-19T14:31:35+00:00","dateModified":"2025-12-19T14:36:19+00:00","description":"Consigue el reporte de tu accidente de auto de la Oficina del Sheriff de Clayton y tu apoyo legal del equipo de CEO Lawyer Personal Injury Law Firm. Cont\u00e1ctanos al (470) 822-9057.","breadcrumb":{"@id":"https:\/\/ceolawyer.com\/espanol\/informe-de-accidente\/informe-policial-de-un-accidente-de-auto-en-georgia\/clayton-county-sheriffs\/#breadcrumb"},"inLanguage":"en-US","potentialAction":[{"@type":"ReadAction","target":["https:\/\/ceolawyer.com\/espanol\/informe-de-accidente\/informe-policial-de-un-accidente-de-auto-en-georgia\/clayton-county-sheriffs\/"]}]},{"@type":"ImageObject","inLanguage":"en-US","@id":"https:\/\/ceolawyer.com\/espanol\/informe-de-accidente\/informe-policial-de-un-accidente-de-auto-en-georgia\/clayton-county-sheriffs\/#primaryimage","url":"https:\/\/ceolawyer.com\/espanol\/wp-content\/uploads\/sites\/2\/2025\/12\/How-to-Obtain-Your-Clayton-County-Sheriffs-Office-Car-Accident-Report.webp","contentUrl":"https:\/\/ceolawyer.com\/espanol\/wp-content\/uploads\/sites\/2\/2025\/12\/How-to-Obtain-Your-Clayton-County-Sheriffs-Office-Car-Accident-Report.webp","width":500,"height":300,"caption":"Un oficial policial y su veh\u00edculo al lado de una se\u00f1al LED de calle cerrada en la escena de un accidente."},{"@type":"BreadcrumbList","@id":"https:\/\/ceolawyer.com\/espanol\/informe-de-accidente\/informe-policial-de-un-accidente-de-auto-en-georgia\/clayton-county-sheriffs\/#breadcrumb","itemListElement":[{"@type":"ListItem","position":1,"name":"Home","item":"https:\/\/ceolawyer.com\/espanol\/"},{"@type":"ListItem","position":2,"name":"Consigue el Reporte Policial de tu Accidente de Auto","item":"https:\/\/ceolawyer.com\/espanol\/informe-de-accidente\/"},{"@type":"ListItem","position":3,"name":"C\u00f3mo Solicitar el Informe Policial de un Accidente de Auto en Georgia","item":"https:\/\/ceolawyer.com\/espanol\/informe-de-accidente\/informe-policial-de-un-accidente-de-auto-en-georgia\/"},{"@type":"ListItem","position":4,"name":"Consigue el Informe de tu Accidente de Auto de la Oficina del Sheriff del Condado de Clayton"}]},{"@type":"WebSite","@id":"https:\/\/ceolawyer.com\/espanol\/#website","url":"https:\/\/ceolawyer.com\/espanol\/","name":"CEO Lawyer","description":"Personal Injury Attorney","publisher":{"@id":"https:\/\/ceolawyer.com\/espanol\/#organization"},"potentialAction":[{"@type":"SearchAction","target":{"@type":"EntryPoint","urlTemplate":"https:\/\/ceolawyer.com\/espanol\/?s={search_term_string}"},"query-input":{"@type":"PropertyValueSpecification","valueRequired":true,"valueName":"search_term_string"}}],"inLanguage":"en-US"},{"@type":"Organization","@id":"https:\/\/ceolawyer.com\/espanol\/#organization","name":"CEO Lawyer","url":"https:\/\/ceolawyer.com\/espanol\/","logo":{"@type":"ImageObject","inLanguage":"en-US","@id":"https:\/\/ceolawyer.com\/espanol\/#\/schema\/logo\/image\/","url":"https:\/\/ceolawyer.com\/espanol\/wp-content\/uploads\/sites\/2\/2022\/05\/CEO_Logo.png","contentUrl":"https:\/\/ceolawyer.com\/espanol\/wp-content\/uploads\/sites\/2\/2022\/05\/CEO_Logo.png","width":200,"height":108,"caption":"CEO Lawyer"},"image":{"@id":"https:\/\/ceolawyer.com\/espanol\/#\/schema\/logo\/image\/"}}]}},"_links":{"self":[{"href":"https:\/\/ceolawyer.com\/espanol\/wp-json\/wp\/v2\/pages\/12782","targetHints":{"allow":["GET"]}}],"collection":[{"href":"https:\/\/ceolawyer.com\/espanol\/wp-json\/wp\/v2\/pages"}],"about":[{"href":"https:\/\/ceolawyer.com\/espanol\/wp-json\/wp\/v2\/types\/page"}],"author":[{"embeddable":true,"href":"https:\/\/ceolawyer.com\/espanol\/wp-json\/wp\/v2\/users\/18"}],"replies":[{"embeddable":true,"href":"https:\/\/ceolawyer.com\/espanol\/wp-json\/wp\/v2\/comments?post=12782"}],"version-history":[{"count":0,"href":"https:\/\/ceolawyer.com\/espanol\/wp-json\/wp\/v2\/pages\/12782\/revisions"}],"up":[{"embeddable":true,"href":"https:\/\/ceolawyer.com\/espanol\/wp-json\/wp\/v2\/pages\/12737"}],"wp:featuredmedia":[{"embeddable":true,"href":"https:\/\/ceolawyer.com\/espanol\/wp-json\/wp\/v2\/media\/12784"}],"wp:attachment":[{"href":"https:\/\/ceolawyer.com\/espanol\/wp-json\/wp\/v2\/media?parent=12782"}],"curies":[{"name":"wp","href":"https:\/\/api.w.org\/{rel}","templated":true}]}}