{"id":12785,"date":"2025-12-19T14:37:23","date_gmt":"2025-12-19T14:37:23","guid":{"rendered":"https:\/\/ceolawyer.com\/espanol\/?page_id=12785"},"modified":"2025-12-19T14:55:35","modified_gmt":"2025-12-19T14:55:35","slug":"clayton-county","status":"publish","type":"page","link":"https:\/\/ceolawyer.com\/espanol\/informe-de-accidente\/informe-policial-de-un-accidente-de-auto-en-georgia\/clayton-county\/","title":{"rendered":"C\u00f3mo Obtener el Informe de tu Accidente del Departamento de Polic\u00eda del Condado de Clayton"},"content":{"rendered":"<p><img decoding=\"async\" class=\"alignright size-full wp-image-12787\" src=\"https:\/\/ceolawyer.com\/espanol\/wp-content\/uploads\/sites\/2\/2025\/12\/How-to-Obtain-Your-Clayton-County-Police-Department-Car-Accident-Report.webp\" alt=\"Un oficial policial fotografiando la escena de un accidente automovil\u00edstico en la carretera en la tarde.\" width=\"500\" height=\"300\" srcset=\"https:\/\/ceolawyer.com\/espanol\/wp-content\/uploads\/sites\/2\/2025\/12\/How-to-Obtain-Your-Clayton-County-Police-Department-Car-Accident-Report.webp 500w, https:\/\/ceolawyer.com\/espanol\/wp-content\/uploads\/sites\/2\/2025\/12\/How-to-Obtain-Your-Clayton-County-Police-Department-Car-Accident-Report-300x180.webp 300w\" sizes=\"(max-width: 500px) 100vw, 500px\" \/>Estar involucrado en un accidente de auto puede ser una experiencia de mucho estr\u00e9s. Adem\u00e1s de lidiar con posibles lesiones y da\u00f1os a tu autom\u00f3vil, es muy probable que necesites una copia del informe policial del accidente para prop\u00f3sitos de reclamaciones de seguro o procesos legales. A continuaci\u00f3n, te decimos qu\u00e9 pasos debes tomar para obtener el informe de tu accidente del Departamento de Polic\u00eda del Condado de Clayton.<\/p>\n<h2>\u00bfQu\u00e9 es un informe policial de accidente?<\/h2>\n<p>Es un documento detallado elaborado por el oficial de polic\u00eda que respondi\u00f3 al accidente. Este informe incluye datos clave sobre el accidente, como:<\/p>\n<ul>\n<li>Fecha, hora y lugar del accidente.<\/li>\n<li>Un registro de las condiciones del clima y de la carretera en el momento del accidente.<\/li>\n<li>Datos de los veh\u00edculos involucrados (marca, modelo, a\u00f1o, matr\u00edcula).<\/li>\n<li>Informaci\u00f3n de los conductores, pasajeros y testigos (nombres, direcciones, datos de contacto, los que est\u00e9n disponibles).<\/li>\n<li>Datos del seguro (compa\u00f1\u00edas de seguro y n\u00fameros de p\u00f3liza).<\/li>\n<li>Declaraciones y diagramas del accidente.<\/li>\n<li>Factores que contribuyeron al accidente.<\/li>\n<li>Detalles sobre lesiones y da\u00f1os materiales.<\/li>\n<li>Datos del oficial que redact\u00f3 el informe (n\u00famero de placa y firma).<\/li>\n<li>N\u00famero de reporte asignado.<\/li>\n<\/ul>\n<h2>Lo que debes saber sobre el Departamento de Polic\u00eda del Condado de Clayton<\/h2>\n<p>El departamento tiene como misi\u00f3n hacer cumplir la ley, prevenir delitos y garantizar la seguridad y justicia en la comunidad de Clayton, Georgia. Bajo la direcci\u00f3n del Jefe de Polic\u00eda, Kevin Robert, esta instituci\u00f3n trabaja arduamente para servir y proteger a todos los ciudadanos.<\/p>\n<p>Dentro de su organizaci\u00f3n, el departamento cuenta con diversas divisiones y unidades especializadas, incluyendo la Divisi\u00f3n de Operaciones Especiales y la Unidad de Registros.<\/p>\n<h3>Divisi\u00f3n de Operaciones Especiales<\/h3>\n<p>Se encarga de hacer cumplir las leyes locales, estatales y federales sobre el control de narc\u00f3ticos, incluyendo medicamentos con y sin receta, as\u00ed como otras sustancias controladas.<\/p>\n<h3>Unidad de Registros<\/h3>\n<p>Brinda servicios como la emisi\u00f3n de informes de accidentes e incidentes. Para obtener el reporte de tu accidente, puedes acudir a la ventanilla de atenci\u00f3n de la unidad, ubicada en: 7911 N. McDonough Street, Jonesboro, GA, 30236.<\/p>\n<h2>M\u00e9todos para obtener el informe de tu accidente de auto<\/h2>\n<h3>En l\u00ednea<\/h3>\n<p>Si deseas una copia del informe de manera r\u00e1pida y conveniente, puedes hacerlo a trav\u00e9s del sitio web de LexisNexis Risk Solutions. Debes tener en cuenta que los informes de incidentes no est\u00e1n disponibles actualmente.<\/p>\n<ol>\n<li>Entra a su <a href=\"https:\/\/buycrash.lexisnexisrisk.com\/ui\/home\">sitio web<\/a>.<\/li>\n<li>Selecciona \u201cGeorgia\u201d como tu estado.<\/li>\n<li>En el segundo men\u00fa desplegable, elige la jurisdicci\u00f3n correspondiente: Clayton County Police Department.<\/li>\n<li>Haga clic en \u201cStart Search\u201d.<\/li>\n<li>Ingresa los siguientes datos:<\/li>\n<ul>\n<li>Apellido<\/li>\n<li>Fecha del accidente<\/li>\n<li>N\u00famero de reporte del caso<\/li>\n<li>VIN (N\u00famero de Identificaci\u00f3n del Veh\u00edculo)<\/li>\n<\/ul>\n<li>Paga la tarifa correspondiente (si aplica) para acceder al informe.<\/li>\n<\/ol>\n<h3>En persona<\/h3>\n<p>Si prefieres solicitar tu informe personalmente, puedes acudir a la Unidad de Registros del Departamento de Polic\u00eda del Condado de Clayton en: 7911 N. McDnough Street, Jonesboro, GA 30236.<\/p>\n<p><strong>Tarifa: <\/strong>$5 d\u00f3lares por una copia del informe de tu accidente.<\/p>\n<h4>Documentos requeridos<\/h4>\n<ul>\n<li>Identificaci\u00f3n oficial con fotograf\u00eda.<\/li>\n<li>Registro del veh\u00edculo vigente o t\u00edtulo a nombre del propietario.<\/li>\n<\/ul>\n<h3>Solicitud por correo<\/h3>\n<p>Si no puedes acudir en persona, tambi\u00e9n puedes pedir que el informe llegue a tu domicilio a trav\u00e9s del servicio postal. Para ello, debes enviar:<\/p>\n<ol>\n<li style=\"list-style-type: none;\">\n<ol>\n<li>Una solicitud escrita dirigida a:<\/li>\n<\/ol>\n<\/li>\n<\/ol>\n<p>Clayton County Police Department<\/p>\n<p>Attn: Records Unit<\/p>\n<p>7911 N. McDonough St., Jonesboro, GA 30236<\/p>\n<ol>\n<li>Incluir:<\/li>\n<ul>\n<li>N\u00famero de caso, emitido por el Departamento de Polic\u00eda del Condado de Clayton<\/li>\n<li>Forma de pago (giro postal o cheque de caja)<\/li>\n<li>Un sobre prepagado con tu direcci\u00f3n para el env\u00edo del informe<\/li>\n<\/ul>\n<li>Tarifas:<\/li>\n<\/ol>\n<ul>\n<li>Informes de incidentes: $2.00 d\u00f3lares<\/li>\n<li>Informes de accidentes: $5.00 d\u00f3lares<\/li>\n<\/ul>\n<\/ol>\n<h2>Autorizaci\u00f3n para que otra persona recoja el informe<\/h2>\n<p>Si no puedes recoger el informe personalmente, puedes autorizar que otra persona lo haga siguiendo estos pasos:<\/p>\n<ol>\n<li><strong><strong>Carta Poder Notariada.<\/strong> Debe Incluir:<\/strong>\n<ul>\n<li>Nombre del solicitante y de la persona autorizada<\/li>\n<li>Declaraci\u00f3n de autorizaci\u00f3n<\/li>\n<li>Firma de ambos y certificaci\u00f3n notarial<\/li>\n<\/ul>\n<\/li>\n<li><strong>Documentos requeridos para la persona autorizada<\/strong>\n<ul>\n<li>Identificaci\u00f3n oficial<\/li>\n<li>Copia de la carta notariada<\/li>\n<li>Otros documentos pertinentes<\/li>\n<\/ul>\n<\/li>\n<li><strong>Ir a la Unidad de Registros y presentar la documentaci\u00f3n para solicitar el informe<\/strong><\/li>\n<\/ol>\n<h2>Correcciones al informe del accidente<\/h2>\n<p>Si encuentras errores en el informe policial de tu accidente, puedes solicitar correcciones de dos maneras:<\/p>\n<ol>\n<li style=\"list-style-type: none;\">\n<ol>\n<li style=\"list-style-type: none;\">\n<ul>\n<li><strong>En persona: <\/strong>Acudir a la Unidad de Registros con documentos que respalden la correcci\u00f3n.<\/li>\n<li><strong>Por escrito: <\/strong>Enviar una solicitud detallada explicando el error junto al n\u00famero de reporte o fecha del accidente.<\/li>\n<\/ul>\n<\/li>\n<\/ol>\n<\/li>\n<\/ol>\n<h2>\u00bfC\u00f3mo puede ayudarte un abogado de da\u00f1os personales?<\/h2>\n<p>Un <a href=\"https:\/\/ceolawyer.com\/georgia-personal-injury\/car-accident-lawyer\/\">abogado con experiencia en accidentes de auto en Georgia<\/a> puede ayudarte a:<\/p>\n<ol>\n<li style=\"list-style-type: none;\">\n<ol>\n<li style=\"list-style-type: none;\">\n<ul>\n<li>Recopilar pruebas, incluyendo el reporte policial.<\/li>\n<li>Evaluar la evidencia para construir un caso s\u00f3lido.<\/li>\n<li>Negociar con las compa\u00f1\u00edas de seguros para obtener una compensaci\u00f3n justa.<\/li>\n<li>Presentar pruebas para demostrar responsabilidad y da\u00f1os.<\/li>\n<li>Negociar un acuerdo que cubra la totalidad de tus p\u00e9rdidas.<\/li>\n<\/ul>\n<\/li>\n<\/ol>\n<\/li>\n<\/ol>\n<p>Para asistencia legal, <a href=\"https:\/\/ceolawyer.com\/contact-us\/\">contacta<\/a> a CEO Lawyer Personal Injury Law Firm al <a href=\"tel:+14708229057\"><strong>(470) 822-9057<\/strong><\/a>.<\/p>\n","protected":false},"excerpt":{"rendered":"<p>Estar involucrado en un accidente de auto puede ser una experiencia de mucho estr\u00e9s. Adem\u00e1s de lidiar con posibles lesiones y da\u00f1os a tu autom\u00f3vil, es muy probable que necesites una copia del informe policial del accidente para prop\u00f3sitos de reclamaciones de seguro o procesos legales. A continuaci\u00f3n, te decimos qu\u00e9 pasos debes tomar para [&hellip;]<\/p>\n","protected":false},"author":18,"featured_media":12787,"parent":12737,"menu_order":0,"comment_status":"closed","ping_status":"closed","template":"","meta":{"_acf_changed":false,"footnotes":""},"class_list":["post-12785","page","type-page","status-publish","has-post-thumbnail","hentry"],"acf":[],"yoast_head":"<!-- This site is optimized with the Yoast SEO plugin v27.5 - https:\/\/yoast.com\/product\/yoast-seo-wordpress\/ -->\n<title>C\u00f3mo Obtener el Informe de tu Accidente del Departamento de Polic\u00eda del Condado de Clayton | CEO Lawyer<\/title>\n<meta name=\"description\" content=\"Consigue el reporte de tu accidente de auto del Departamento de Polic\u00eda de Clayton y contacta a CEO Lawyer Personal Injury Law Firm para obtener asesor\u00eda legal. Ll\u00e1manos al (470) 822-9057.\" \/>\n<meta name=\"robots\" content=\"index, follow, max-snippet:-1, max-image-preview:large, max-video-preview:-1\" \/>\n<link rel=\"canonical\" href=\"https:\/\/ceolawyer.com\/espanol\/informe-de-accidente\/informe-policial-de-un-accidente-de-auto-en-georgia\/clayton-county\/\" \/>\n<meta property=\"og:locale\" content=\"en_US\" \/>\n<meta property=\"og:type\" content=\"article\" \/>\n<meta property=\"og:title\" content=\"C\u00f3mo Obtener el Informe de tu Accidente del Departamento de Polic\u00eda del Condado de Clayton | CEO Lawyer\" \/>\n<meta property=\"og:description\" content=\"Consigue el reporte de tu accidente de auto del Departamento de Polic\u00eda de Clayton y contacta a CEO Lawyer Personal Injury Law Firm para obtener asesor\u00eda legal. Ll\u00e1manos al (470) 822-9057.\" \/>\n<meta property=\"og:url\" content=\"https:\/\/ceolawyer.com\/espanol\/informe-de-accidente\/informe-policial-de-un-accidente-de-auto-en-georgia\/clayton-county\/\" \/>\n<meta property=\"og:site_name\" content=\"CEO Lawyer\" \/>\n<meta property=\"article:modified_time\" content=\"2025-12-19T14:55:35+00:00\" \/>\n<meta property=\"og:image\" content=\"https:\/\/ceolawyer.com\/espanol\/wp-content\/uploads\/sites\/2\/2025\/12\/How-to-Obtain-Your-Clayton-County-Police-Department-Car-Accident-Report.webp\" \/>\n\t<meta property=\"og:image:width\" content=\"500\" \/>\n\t<meta property=\"og:image:height\" content=\"300\" \/>\n\t<meta property=\"og:image:type\" content=\"image\/webp\" \/>\n<meta name=\"twitter:card\" content=\"summary_large_image\" \/>\n<meta name=\"twitter:label1\" content=\"Est. reading time\" \/>\n\t<meta name=\"twitter:data1\" content=\"4 minutes\" \/>\n<script type=\"application\/ld+json\" class=\"yoast-schema-graph\">{\"@context\":\"https:\\\/\\\/schema.org\",\"@graph\":[{\"@type\":\"WebPage\",\"@id\":\"https:\\\/\\\/ceolawyer.com\\\/espanol\\\/informe-de-accidente\\\/informe-policial-de-un-accidente-de-auto-en-georgia\\\/clayton-county\\\/\",\"url\":\"https:\\\/\\\/ceolawyer.com\\\/espanol\\\/informe-de-accidente\\\/informe-policial-de-un-accidente-de-auto-en-georgia\\\/clayton-county\\\/\",\"name\":\"C\u00f3mo Obtener el Informe de tu Accidente del Departamento de Polic\u00eda del Condado de Clayton | CEO Lawyer\",\"isPartOf\":{\"@id\":\"https:\\\/\\\/ceolawyer.com\\\/espanol\\\/#website\"},\"primaryImageOfPage\":{\"@id\":\"https:\\\/\\\/ceolawyer.com\\\/espanol\\\/informe-de-accidente\\\/informe-policial-de-un-accidente-de-auto-en-georgia\\\/clayton-county\\\/#primaryimage\"},\"image\":{\"@id\":\"https:\\\/\\\/ceolawyer.com\\\/espanol\\\/informe-de-accidente\\\/informe-policial-de-un-accidente-de-auto-en-georgia\\\/clayton-county\\\/#primaryimage\"},\"thumbnailUrl\":\"https:\\\/\\\/ceolawyer.com\\\/espanol\\\/wp-content\\\/uploads\\\/sites\\\/2\\\/2025\\\/12\\\/How-to-Obtain-Your-Clayton-County-Police-Department-Car-Accident-Report.webp\",\"datePublished\":\"2025-12-19T14:37:23+00:00\",\"dateModified\":\"2025-12-19T14:55:35+00:00\",\"description\":\"Consigue el reporte de tu accidente de auto del Departamento de Polic\u00eda de Clayton y contacta a CEO Lawyer Personal Injury Law Firm para obtener asesor\u00eda legal. Ll\u00e1manos al (470) 822-9057.\",\"breadcrumb\":{\"@id\":\"https:\\\/\\\/ceolawyer.com\\\/espanol\\\/informe-de-accidente\\\/informe-policial-de-un-accidente-de-auto-en-georgia\\\/clayton-county\\\/#breadcrumb\"},\"inLanguage\":\"en-US\",\"potentialAction\":[{\"@type\":\"ReadAction\",\"target\":[\"https:\\\/\\\/ceolawyer.com\\\/espanol\\\/informe-de-accidente\\\/informe-policial-de-un-accidente-de-auto-en-georgia\\\/clayton-county\\\/\"]}]},{\"@type\":\"ImageObject\",\"inLanguage\":\"en-US\",\"@id\":\"https:\\\/\\\/ceolawyer.com\\\/espanol\\\/informe-de-accidente\\\/informe-policial-de-un-accidente-de-auto-en-georgia\\\/clayton-county\\\/#primaryimage\",\"url\":\"https:\\\/\\\/ceolawyer.com\\\/espanol\\\/wp-content\\\/uploads\\\/sites\\\/2\\\/2025\\\/12\\\/How-to-Obtain-Your-Clayton-County-Police-Department-Car-Accident-Report.webp\",\"contentUrl\":\"https:\\\/\\\/ceolawyer.com\\\/espanol\\\/wp-content\\\/uploads\\\/sites\\\/2\\\/2025\\\/12\\\/How-to-Obtain-Your-Clayton-County-Police-Department-Car-Accident-Report.webp\",\"width\":500,\"height\":300,\"caption\":\"Un oficial policial fotografiando la escena de un accidente automovil\u00edstico en la carretera en la tarde.\"},{\"@type\":\"BreadcrumbList\",\"@id\":\"https:\\\/\\\/ceolawyer.com\\\/espanol\\\/informe-de-accidente\\\/informe-policial-de-un-accidente-de-auto-en-georgia\\\/clayton-county\\\/#breadcrumb\",\"itemListElement\":[{\"@type\":\"ListItem\",\"position\":1,\"name\":\"Home\",\"item\":\"https:\\\/\\\/ceolawyer.com\\\/espanol\\\/\"},{\"@type\":\"ListItem\",\"position\":2,\"name\":\"Consigue el Reporte Policial de tu Accidente de Auto\",\"item\":\"https:\\\/\\\/ceolawyer.com\\\/espanol\\\/informe-de-accidente\\\/\"},{\"@type\":\"ListItem\",\"position\":3,\"name\":\"C\u00f3mo Solicitar el Informe Policial de un Accidente de Auto en Georgia\",\"item\":\"https:\\\/\\\/ceolawyer.com\\\/espanol\\\/informe-de-accidente\\\/informe-policial-de-un-accidente-de-auto-en-georgia\\\/\"},{\"@type\":\"ListItem\",\"position\":4,\"name\":\"C\u00f3mo Obtener el Informe de tu Accidente del Departamento de Polic\u00eda del Condado de Clayton\"}]},{\"@type\":\"WebSite\",\"@id\":\"https:\\\/\\\/ceolawyer.com\\\/espanol\\\/#website\",\"url\":\"https:\\\/\\\/ceolawyer.com\\\/espanol\\\/\",\"name\":\"CEO Lawyer\",\"description\":\"Personal Injury Attorney\",\"publisher\":{\"@id\":\"https:\\\/\\\/ceolawyer.com\\\/espanol\\\/#organization\"},\"potentialAction\":[{\"@type\":\"SearchAction\",\"target\":{\"@type\":\"EntryPoint\",\"urlTemplate\":\"https:\\\/\\\/ceolawyer.com\\\/espanol\\\/?s={search_term_string}\"},\"query-input\":{\"@type\":\"PropertyValueSpecification\",\"valueRequired\":true,\"valueName\":\"search_term_string\"}}],\"inLanguage\":\"en-US\"},{\"@type\":\"Organization\",\"@id\":\"https:\\\/\\\/ceolawyer.com\\\/espanol\\\/#organization\",\"name\":\"CEO Lawyer\",\"url\":\"https:\\\/\\\/ceolawyer.com\\\/espanol\\\/\",\"logo\":{\"@type\":\"ImageObject\",\"inLanguage\":\"en-US\",\"@id\":\"https:\\\/\\\/ceolawyer.com\\\/espanol\\\/#\\\/schema\\\/logo\\\/image\\\/\",\"url\":\"https:\\\/\\\/ceolawyer.com\\\/espanol\\\/wp-content\\\/uploads\\\/sites\\\/2\\\/2022\\\/05\\\/CEO_Logo.png\",\"contentUrl\":\"https:\\\/\\\/ceolawyer.com\\\/espanol\\\/wp-content\\\/uploads\\\/sites\\\/2\\\/2022\\\/05\\\/CEO_Logo.png\",\"width\":200,\"height\":108,\"caption\":\"CEO Lawyer\"},\"image\":{\"@id\":\"https:\\\/\\\/ceolawyer.com\\\/espanol\\\/#\\\/schema\\\/logo\\\/image\\\/\"}}]}<\/script>\n<!-- \/ Yoast SEO plugin. -->","yoast_head_json":{"title":"C\u00f3mo Obtener el Informe de tu Accidente del Departamento de Polic\u00eda del Condado de Clayton | CEO Lawyer","description":"Consigue el reporte de tu accidente de auto del Departamento de Polic\u00eda de Clayton y contacta a CEO Lawyer Personal Injury Law Firm para obtener asesor\u00eda legal. Ll\u00e1manos al (470) 822-9057.","robots":{"index":"index","follow":"follow","max-snippet":"max-snippet:-1","max-image-preview":"max-image-preview:large","max-video-preview":"max-video-preview:-1"},"canonical":"https:\/\/ceolawyer.com\/espanol\/informe-de-accidente\/informe-policial-de-un-accidente-de-auto-en-georgia\/clayton-county\/","og_locale":"en_US","og_type":"article","og_title":"C\u00f3mo Obtener el Informe de tu Accidente del Departamento de Polic\u00eda del Condado de Clayton | CEO Lawyer","og_description":"Consigue el reporte de tu accidente de auto del Departamento de Polic\u00eda de Clayton y contacta a CEO Lawyer Personal Injury Law Firm para obtener asesor\u00eda legal. Ll\u00e1manos al (470) 822-9057.","og_url":"https:\/\/ceolawyer.com\/espanol\/informe-de-accidente\/informe-policial-de-un-accidente-de-auto-en-georgia\/clayton-county\/","og_site_name":"CEO Lawyer","article_modified_time":"2025-12-19T14:55:35+00:00","og_image":[{"width":500,"height":300,"url":"https:\/\/ceolawyer.com\/espanol\/wp-content\/uploads\/sites\/2\/2025\/12\/How-to-Obtain-Your-Clayton-County-Police-Department-Car-Accident-Report.webp","type":"image\/webp"}],"twitter_card":"summary_large_image","twitter_misc":{"Est. reading time":"4 minutes"},"schema":{"@context":"https:\/\/schema.org","@graph":[{"@type":"WebPage","@id":"https:\/\/ceolawyer.com\/espanol\/informe-de-accidente\/informe-policial-de-un-accidente-de-auto-en-georgia\/clayton-county\/","url":"https:\/\/ceolawyer.com\/espanol\/informe-de-accidente\/informe-policial-de-un-accidente-de-auto-en-georgia\/clayton-county\/","name":"C\u00f3mo Obtener el Informe de tu Accidente del Departamento de Polic\u00eda del Condado de Clayton | CEO Lawyer","isPartOf":{"@id":"https:\/\/ceolawyer.com\/espanol\/#website"},"primaryImageOfPage":{"@id":"https:\/\/ceolawyer.com\/espanol\/informe-de-accidente\/informe-policial-de-un-accidente-de-auto-en-georgia\/clayton-county\/#primaryimage"},"image":{"@id":"https:\/\/ceolawyer.com\/espanol\/informe-de-accidente\/informe-policial-de-un-accidente-de-auto-en-georgia\/clayton-county\/#primaryimage"},"thumbnailUrl":"https:\/\/ceolawyer.com\/espanol\/wp-content\/uploads\/sites\/2\/2025\/12\/How-to-Obtain-Your-Clayton-County-Police-Department-Car-Accident-Report.webp","datePublished":"2025-12-19T14:37:23+00:00","dateModified":"2025-12-19T14:55:35+00:00","description":"Consigue el reporte de tu accidente de auto del Departamento de Polic\u00eda de Clayton y contacta a CEO Lawyer Personal Injury Law Firm para obtener asesor\u00eda legal. Ll\u00e1manos al (470) 822-9057.","breadcrumb":{"@id":"https:\/\/ceolawyer.com\/espanol\/informe-de-accidente\/informe-policial-de-un-accidente-de-auto-en-georgia\/clayton-county\/#breadcrumb"},"inLanguage":"en-US","potentialAction":[{"@type":"ReadAction","target":["https:\/\/ceolawyer.com\/espanol\/informe-de-accidente\/informe-policial-de-un-accidente-de-auto-en-georgia\/clayton-county\/"]}]},{"@type":"ImageObject","inLanguage":"en-US","@id":"https:\/\/ceolawyer.com\/espanol\/informe-de-accidente\/informe-policial-de-un-accidente-de-auto-en-georgia\/clayton-county\/#primaryimage","url":"https:\/\/ceolawyer.com\/espanol\/wp-content\/uploads\/sites\/2\/2025\/12\/How-to-Obtain-Your-Clayton-County-Police-Department-Car-Accident-Report.webp","contentUrl":"https:\/\/ceolawyer.com\/espanol\/wp-content\/uploads\/sites\/2\/2025\/12\/How-to-Obtain-Your-Clayton-County-Police-Department-Car-Accident-Report.webp","width":500,"height":300,"caption":"Un oficial policial fotografiando la escena de un accidente automovil\u00edstico en la carretera en la tarde."},{"@type":"BreadcrumbList","@id":"https:\/\/ceolawyer.com\/espanol\/informe-de-accidente\/informe-policial-de-un-accidente-de-auto-en-georgia\/clayton-county\/#breadcrumb","itemListElement":[{"@type":"ListItem","position":1,"name":"Home","item":"https:\/\/ceolawyer.com\/espanol\/"},{"@type":"ListItem","position":2,"name":"Consigue el Reporte Policial de tu Accidente de Auto","item":"https:\/\/ceolawyer.com\/espanol\/informe-de-accidente\/"},{"@type":"ListItem","position":3,"name":"C\u00f3mo Solicitar el Informe Policial de un Accidente de Auto en Georgia","item":"https:\/\/ceolawyer.com\/espanol\/informe-de-accidente\/informe-policial-de-un-accidente-de-auto-en-georgia\/"},{"@type":"ListItem","position":4,"name":"C\u00f3mo Obtener el Informe de tu Accidente del Departamento de Polic\u00eda del Condado de Clayton"}]},{"@type":"WebSite","@id":"https:\/\/ceolawyer.com\/espanol\/#website","url":"https:\/\/ceolawyer.com\/espanol\/","name":"CEO Lawyer","description":"Personal Injury Attorney","publisher":{"@id":"https:\/\/ceolawyer.com\/espanol\/#organization"},"potentialAction":[{"@type":"SearchAction","target":{"@type":"EntryPoint","urlTemplate":"https:\/\/ceolawyer.com\/espanol\/?s={search_term_string}"},"query-input":{"@type":"PropertyValueSpecification","valueRequired":true,"valueName":"search_term_string"}}],"inLanguage":"en-US"},{"@type":"Organization","@id":"https:\/\/ceolawyer.com\/espanol\/#organization","name":"CEO Lawyer","url":"https:\/\/ceolawyer.com\/espanol\/","logo":{"@type":"ImageObject","inLanguage":"en-US","@id":"https:\/\/ceolawyer.com\/espanol\/#\/schema\/logo\/image\/","url":"https:\/\/ceolawyer.com\/espanol\/wp-content\/uploads\/sites\/2\/2022\/05\/CEO_Logo.png","contentUrl":"https:\/\/ceolawyer.com\/espanol\/wp-content\/uploads\/sites\/2\/2022\/05\/CEO_Logo.png","width":200,"height":108,"caption":"CEO Lawyer"},"image":{"@id":"https:\/\/ceolawyer.com\/espanol\/#\/schema\/logo\/image\/"}}]}},"_links":{"self":[{"href":"https:\/\/ceolawyer.com\/espanol\/wp-json\/wp\/v2\/pages\/12785","targetHints":{"allow":["GET"]}}],"collection":[{"href":"https:\/\/ceolawyer.com\/espanol\/wp-json\/wp\/v2\/pages"}],"about":[{"href":"https:\/\/ceolawyer.com\/espanol\/wp-json\/wp\/v2\/types\/page"}],"author":[{"embeddable":true,"href":"https:\/\/ceolawyer.com\/espanol\/wp-json\/wp\/v2\/users\/18"}],"replies":[{"embeddable":true,"href":"https:\/\/ceolawyer.com\/espanol\/wp-json\/wp\/v2\/comments?post=12785"}],"version-history":[{"count":0,"href":"https:\/\/ceolawyer.com\/espanol\/wp-json\/wp\/v2\/pages\/12785\/revisions"}],"up":[{"embeddable":true,"href":"https:\/\/ceolawyer.com\/espanol\/wp-json\/wp\/v2\/pages\/12737"}],"wp:featuredmedia":[{"embeddable":true,"href":"https:\/\/ceolawyer.com\/espanol\/wp-json\/wp\/v2\/media\/12787"}],"wp:attachment":[{"href":"https:\/\/ceolawyer.com\/espanol\/wp-json\/wp\/v2\/media?parent=12785"}],"curies":[{"name":"wp","href":"https:\/\/api.w.org\/{rel}","templated":true}]}}