{"id":12788,"date":"2025-12-19T14:56:23","date_gmt":"2025-12-19T14:56:23","guid":{"rendered":"https:\/\/ceolawyer.com\/espanol\/?page_id=12788"},"modified":"2025-12-19T14:59:40","modified_gmt":"2025-12-19T14:59:40","slug":"cobb-county","status":"publish","type":"page","link":"https:\/\/ceolawyer.com\/espanol\/informe-de-accidente\/informe-policial-de-un-accidente-de-auto-en-georgia\/cobb-county\/","title":{"rendered":"C\u00f3mo Obtener El Reporte de tu Accidente de Auto del Departamento de Polic\u00eda del Condado de Cobb"},"content":{"rendered":"<p><img decoding=\"async\" class=\"alignright size-full wp-image-12790\" src=\"https:\/\/ceolawyer.com\/espanol\/wp-content\/uploads\/sites\/2\/2025\/12\/How-to-Obtain-Your-Cobb-County-Public-Safety-Department-Car-Accident-Report.webp\" alt=\"Una captura de largo alcance del veh\u00edculo de un oficial policial detenido detr\u00e1s de otro auto en la carretera en la tarde.\" width=\"500\" height=\"300\" srcset=\"https:\/\/ceolawyer.com\/espanol\/wp-content\/uploads\/sites\/2\/2025\/12\/How-to-Obtain-Your-Cobb-County-Public-Safety-Department-Car-Accident-Report.webp 500w, https:\/\/ceolawyer.com\/espanol\/wp-content\/uploads\/sites\/2\/2025\/12\/How-to-Obtain-Your-Cobb-County-Public-Safety-Department-Car-Accident-Report-300x180.webp 300w\" sizes=\"(max-width: 500px) 100vw, 500px\" \/>Sabemos que un accidente de auto es una situaci\u00f3n de alto estr\u00e9s. Y, que si estuviste involucrado en uno en el Condado de Cobb, Georgia, conseguir una copia del informe policial del accidente es un paso fundamental.<\/p>\n<p>Este informe es clave como evidencia para reclamaciones de seguros y posibles procesos legales. Puedes solicitarlo de varias maneras y en este art\u00edculo te explicaremos todo.<\/p>\n<h2>\u00bfPor qu\u00e9 es importante obtener un informe policial de tu accidente?<\/h2>\n<p>Este documento oficial proporciona los detalles sobre el accidente, convirti\u00e9ndose en una pieza clave para armar tu reclamaci\u00f3n o un caso legal.<\/p>\n<h3>Contenido del informe policial<\/h3>\n<ul>\n<li><strong>Detalles del accidente: <\/strong>La ubicaci\u00f3n, fecha y hora del accidente, as\u00ed como la secuencia de eventos que llevaron al choque.<\/li>\n<li><strong>Informaci\u00f3n sobre las personas involucradas: <\/strong>Datos personales (nombres, direcciones, informaci\u00f3n de contacto) de conductores, pasajeros y testigos, al igual que detalles de los seguros de las partes involucradas.<\/li>\n<li><strong>Informaci\u00f3n de los veh\u00edculos: <\/strong>Marca, modelo y n\u00fameros de matr\u00edcula de cada auto. Tambi\u00e9n se incluye la descripci\u00f3n de los da\u00f1os sufridos por los veh\u00edculos.<\/li>\n<li><strong>Declaraciones de testigos: <\/strong>Recuentos de las personas que presenciaron el accidente. Estas declaraciones pueden corroborar o contradecir otras pruebas.<\/li>\n<li><strong>Conclusiones del oficial: <\/strong>Esta evaluaci\u00f3n del oficial que redact\u00f3 el informe influye en reclamaciones de seguros y procedimientos legales.<\/li>\n<li><strong>Diagrama del accidente: <\/strong>Algunos informes incluyen un croquis que ilustra la escena del accidente\u2014incluyendo trayectorias de los autos, puntos de colisi\u00f3n y marcas relevantes.<\/li>\n<\/ul>\n<h3>C\u00f3mo ayuda en un proceso legal<\/h3>\n<ul>\n<li>El informe policial es una pieza fundamental en cualquier proceso relacionado con el accidente.<\/li>\n<li>Proporciona una versi\u00f3n oficial e imparcial de lo sucedido.<\/li>\n<li>Las conclusiones del oficial pueden ser utilizadas para establecer la culpa.<\/li>\n<li>Las aseguradoras usan este reporte para evaluar y decidir sobre las reclamaciones.<\/li>\n<li>Un abogado puede utilizar el reporte policial como base para defender a sus clientes en litigios o negociaciones.<\/li>\n<\/ul>\n<h2>M\u00e9todos para conseguir el informe de tu accidente de auto<\/h2>\n<p>Puedes solicitar el informe policial de tu accidente de diferentes maneras:<\/p>\n<h3>En l\u00ednea<\/h3>\n<p>Puedes obtener el informe mediante la plataforma Police2Citizen. Sigue estos pasos:<\/p>\n<ol>\n<li>Visita el <a href=\"https:\/\/cobbpd.policetocitizen.com\/Accidents\/Catalog\">sitio web de Police2Citizen<\/a> y desactiva los bloqueadores de ventana emergentes.<\/li>\n<li>Ingresa la informaci\u00f3n necesaria sobre el accidente.<\/li>\n<li>Env\u00eda la solicitud y espera que procesen tu informe.<\/li>\n<li>Tambi\u00e9n puedes enviar una <a href=\"https:\/\/police-cobbcountyga.govqa.us\/WEBAPP\/_rs\/(S(ikgsrk0wrus0nfaov5gij5h4))\/RequestLogin.aspx?sSessionID=2036165241:1024RLUPJJPEF%5BQMS%5BJVJCENWHMDH&amp;rqst=3&amp;target=ZwpfxNlipoMF2Ut%20o\/ukfdK2VMvjaDvYFkeDukGPfsrmFEOc%20v6S30sGrPP1ghweOi%20YU6YERnowKmvvWySRTlNO8Wjvuywl5xfSwQ2DRnzacmbnt3QE9fyNhVP290L5DGKpbuB30tUgm0xADlB4UXzwXFwcnpGfHGUP%20DFdS0DqV\/1dR8rmwYUlxHmHzNovFcgoOO%20VwCJ3w2ZufJcTQL2wZzCS7mLpNCWWokHcyHc\">solicitud de registros p\u00fablicos<\/a> a trav\u00e9s de este enlace.<\/li>\n<\/ol>\n<h3>En persona<\/h3>\n<p>Si prefieres realizar el tr\u00e1mite directamente, visita el Departamento de Polic\u00eda del Condado de Cobb: 545 S. Fairground Street, Marietta, GA 30060.<\/p>\n<ul>\n<li>Se aceptan pagos con tarjetas MasterCard y Visa. Tambi\u00e9n puedes hacer pagos en efectivo, giros postales y cheques de empresas.<\/li>\n<li>Es necesario que presentes una identificaci\u00f3n v\u00e1lida para obtener el reporte.<\/li>\n<\/ul>\n<h3>Por correo<\/h3>\n<p>Env\u00eda una solicitud al Sgt. Garito a esta direcci\u00f3n: 545 S. Fairground Street, Marietta, GA 30060.<\/p>\n<ul>\n<li>Se aceptan giros postales y cheques de empresas (no se recomienda enviar cheques personales).<\/li>\n<li>Por seguridad, no env\u00edes efectivo.<\/li>\n<li>Adjunta una copia de tu identificaci\u00f3n para que sea verificada.<\/li>\n<\/ul>\n<h2>Causas comunes de los accidentes de auto en el Condado de Cobb<\/h2>\n<p>Tener esta informaci\u00f3n puede ayudarte a prevenir un accidente:<\/p>\n<ul>\n<li>Exceso de velocidad<\/li>\n<li>Distracciones al manejar (uso de tel\u00e9fono, comer, etc.)<\/li>\n<li>Conducir bajo la influencia del alcohol o drogas<\/li>\n<li>No ceder el paso en intersecciones o sem\u00e1foros<\/li>\n<li>Conducir de forma imprudente<\/li>\n<li>Condiciones clim\u00e1ticas adversas (lluvia, nieve, neblina)<\/li>\n<li>Pasarse un sem\u00e1foro en rojo<\/li>\n<li>Fallas mec\u00e1nicas<\/li>\n<li>Manejar cansado(a)<\/li>\n<\/ul>\n<h2>Pasos a seguir despu\u00e9s de un accidente<\/h2>\n<p>Sin importar qui\u00e9n fue el culpable del accidente, sigue estas indicaciones para asegurarte de que todas las partes involucradas est\u00e9n a salvo, de que puedas reunir la mayor cantidad de informaci\u00f3n y, as\u00ed, proteger tus derechos:<\/p>\n<ul>\n<li>Revisa que todos est\u00e9n fuera de peligro y llama al 911 para que los lesionados sean atendidos.<\/li>\n<li>Contacta a la polic\u00eda y reporta el accidente<\/li>\n<li>Recolecta la informaci\u00f3n que puedas: nombres, tel\u00e9fonos u otra informaci\u00f3n de contacto de las partes involucradas.<\/li>\n<li>Tambi\u00e9n la informaci\u00f3n de cualquier testigo y toma fotograf\u00edas de la escena y los da\u00f1os a tu auto.<\/li>\n<li>Toma nota de la informaci\u00f3n del oficial que atendi\u00f3 el accidente y solicita una copia del reporte.<\/li>\n<li>Informa a tu compa\u00f1\u00eda de seguros sobre el accidente.<\/li>\n<li>Consulta a un <a href=\"https:\/\/ceolawyer.com\/cobb-county-personal-injury\/\">abogado con amplia experiencia en da\u00f1os personales<\/a> y explora tus opciones para solicitar una indemnizaci\u00f3n.<\/li>\n<\/ul>\n<h2>Busca apoyo legal<\/h2>\n<p>Si has sufrido un accidente de auto y tienes dificultades con tu aseguradora o requieres orientaci\u00f3n legal, un <a href=\"https:\/\/ceolawyer.com\/georgia-personal-injury\/car-accident-lawyer\/\">abogado experimentado en accidentes de tr\u00e1nsito en Georgia<\/a> puede ayudarte.<\/p>\n<h3>Los servicios de CEO Lawyer Personal Injury Law Firm<\/h3>\n<p>Podemos ayudarte a:<\/p>\n<ul>\n<li>Negociar con tu compa\u00f1\u00eda de seguros<\/li>\n<li>Recolecci\u00f3n de evidencia<\/li>\n<li>Organizaci\u00f3n de registros m\u00e9dicos<\/li>\n<li>Negociaci\u00f3n con trabajadores de la salud<\/li>\n<li>B\u00fasqueda del acuerdo justo posible<\/li>\n<\/ul>\n<p>Cont\u00e1ctanos hoy mismo para una consulta gratuita.<\/p>\n","protected":false},"excerpt":{"rendered":"<p>Sabemos que un accidente de auto es una situaci\u00f3n de alto estr\u00e9s. Y, que si estuviste involucrado en uno en el Condado de Cobb, Georgia, conseguir una copia del informe policial del accidente es un paso fundamental. Este informe es clave como evidencia para reclamaciones de seguros y posibles procesos legales. Puedes solicitarlo de varias [&hellip;]<\/p>\n","protected":false},"author":18,"featured_media":12790,"parent":12737,"menu_order":0,"comment_status":"closed","ping_status":"closed","template":"","meta":{"_acf_changed":false,"footnotes":""},"class_list":["post-12788","page","type-page","status-publish","has-post-thumbnail","hentry"],"acf":[],"yoast_head":"<!-- This site is optimized with the Yoast SEO plugin v27.4 - https:\/\/yoast.com\/product\/yoast-seo-wordpress\/ -->\n<title>C\u00f3mo Obtener El Reporte de tu Accidente de Auto del Departamento de Polic\u00eda del Condado de Cobb | CEO Lawyer<\/title>\n<meta name=\"description\" content=\"\u00bfTuviste un accidente en el Condado de Cobb? Descubre c\u00f3mo obtener el reporte y contacta a CEO Lawyer Personal Injury Law Firm para recibir apoyo legal.\" \/>\n<meta name=\"robots\" content=\"index, follow, max-snippet:-1, max-image-preview:large, max-video-preview:-1\" \/>\n<link rel=\"canonical\" href=\"https:\/\/ceolawyer.com\/espanol\/informe-de-accidente\/informe-policial-de-un-accidente-de-auto-en-georgia\/cobb-county\/\" \/>\n<meta property=\"og:locale\" content=\"en_US\" \/>\n<meta property=\"og:type\" content=\"article\" \/>\n<meta property=\"og:title\" content=\"C\u00f3mo Obtener El Reporte de tu Accidente de Auto del Departamento de Polic\u00eda del Condado de Cobb | CEO Lawyer\" \/>\n<meta property=\"og:description\" content=\"\u00bfTuviste un accidente en el Condado de Cobb? Descubre c\u00f3mo obtener el reporte y contacta a CEO Lawyer Personal Injury Law Firm para recibir apoyo legal.\" \/>\n<meta property=\"og:url\" content=\"https:\/\/ceolawyer.com\/espanol\/informe-de-accidente\/informe-policial-de-un-accidente-de-auto-en-georgia\/cobb-county\/\" \/>\n<meta property=\"og:site_name\" content=\"CEO Lawyer\" \/>\n<meta property=\"article:modified_time\" content=\"2025-12-19T14:59:40+00:00\" \/>\n<meta property=\"og:image\" content=\"https:\/\/ceolawyer.com\/espanol\/wp-content\/uploads\/sites\/2\/2025\/12\/How-to-Obtain-Your-Cobb-County-Public-Safety-Department-Car-Accident-Report.webp\" \/>\n\t<meta property=\"og:image:width\" content=\"500\" \/>\n\t<meta property=\"og:image:height\" content=\"300\" \/>\n\t<meta property=\"og:image:type\" content=\"image\/webp\" \/>\n<meta name=\"twitter:card\" content=\"summary_large_image\" \/>\n<meta name=\"twitter:label1\" content=\"Est. reading time\" \/>\n\t<meta name=\"twitter:data1\" content=\"4 minutes\" \/>\n<script type=\"application\/ld+json\" class=\"yoast-schema-graph\">{\"@context\":\"https:\\\/\\\/schema.org\",\"@graph\":[{\"@type\":\"WebPage\",\"@id\":\"https:\\\/\\\/ceolawyer.com\\\/espanol\\\/informe-de-accidente\\\/informe-policial-de-un-accidente-de-auto-en-georgia\\\/cobb-county\\\/\",\"url\":\"https:\\\/\\\/ceolawyer.com\\\/espanol\\\/informe-de-accidente\\\/informe-policial-de-un-accidente-de-auto-en-georgia\\\/cobb-county\\\/\",\"name\":\"C\u00f3mo Obtener El Reporte de tu Accidente de Auto del Departamento de Polic\u00eda del Condado de Cobb | CEO Lawyer\",\"isPartOf\":{\"@id\":\"https:\\\/\\\/ceolawyer.com\\\/espanol\\\/#website\"},\"primaryImageOfPage\":{\"@id\":\"https:\\\/\\\/ceolawyer.com\\\/espanol\\\/informe-de-accidente\\\/informe-policial-de-un-accidente-de-auto-en-georgia\\\/cobb-county\\\/#primaryimage\"},\"image\":{\"@id\":\"https:\\\/\\\/ceolawyer.com\\\/espanol\\\/informe-de-accidente\\\/informe-policial-de-un-accidente-de-auto-en-georgia\\\/cobb-county\\\/#primaryimage\"},\"thumbnailUrl\":\"https:\\\/\\\/ceolawyer.com\\\/espanol\\\/wp-content\\\/uploads\\\/sites\\\/2\\\/2025\\\/12\\\/How-to-Obtain-Your-Cobb-County-Public-Safety-Department-Car-Accident-Report.webp\",\"datePublished\":\"2025-12-19T14:56:23+00:00\",\"dateModified\":\"2025-12-19T14:59:40+00:00\",\"description\":\"\u00bfTuviste un accidente en el Condado de Cobb? Descubre c\u00f3mo obtener el reporte y contacta a CEO Lawyer Personal Injury Law Firm para recibir apoyo legal.\",\"breadcrumb\":{\"@id\":\"https:\\\/\\\/ceolawyer.com\\\/espanol\\\/informe-de-accidente\\\/informe-policial-de-un-accidente-de-auto-en-georgia\\\/cobb-county\\\/#breadcrumb\"},\"inLanguage\":\"en-US\",\"potentialAction\":[{\"@type\":\"ReadAction\",\"target\":[\"https:\\\/\\\/ceolawyer.com\\\/espanol\\\/informe-de-accidente\\\/informe-policial-de-un-accidente-de-auto-en-georgia\\\/cobb-county\\\/\"]}]},{\"@type\":\"ImageObject\",\"inLanguage\":\"en-US\",\"@id\":\"https:\\\/\\\/ceolawyer.com\\\/espanol\\\/informe-de-accidente\\\/informe-policial-de-un-accidente-de-auto-en-georgia\\\/cobb-county\\\/#primaryimage\",\"url\":\"https:\\\/\\\/ceolawyer.com\\\/espanol\\\/wp-content\\\/uploads\\\/sites\\\/2\\\/2025\\\/12\\\/How-to-Obtain-Your-Cobb-County-Public-Safety-Department-Car-Accident-Report.webp\",\"contentUrl\":\"https:\\\/\\\/ceolawyer.com\\\/espanol\\\/wp-content\\\/uploads\\\/sites\\\/2\\\/2025\\\/12\\\/How-to-Obtain-Your-Cobb-County-Public-Safety-Department-Car-Accident-Report.webp\",\"width\":500,\"height\":300,\"caption\":\"Una captura de largo alcance del veh\u00edculo de un oficial policial detenido detr\u00e1s de otro auto en la carretera en la tarde.\"},{\"@type\":\"BreadcrumbList\",\"@id\":\"https:\\\/\\\/ceolawyer.com\\\/espanol\\\/informe-de-accidente\\\/informe-policial-de-un-accidente-de-auto-en-georgia\\\/cobb-county\\\/#breadcrumb\",\"itemListElement\":[{\"@type\":\"ListItem\",\"position\":1,\"name\":\"Home\",\"item\":\"https:\\\/\\\/ceolawyer.com\\\/espanol\\\/\"},{\"@type\":\"ListItem\",\"position\":2,\"name\":\"Consigue el Reporte Policial de tu Accidente de Auto\",\"item\":\"https:\\\/\\\/ceolawyer.com\\\/espanol\\\/informe-de-accidente\\\/\"},{\"@type\":\"ListItem\",\"position\":3,\"name\":\"C\u00f3mo Solicitar el Informe Policial de un Accidente de Auto en Georgia\",\"item\":\"https:\\\/\\\/ceolawyer.com\\\/espanol\\\/informe-de-accidente\\\/informe-policial-de-un-accidente-de-auto-en-georgia\\\/\"},{\"@type\":\"ListItem\",\"position\":4,\"name\":\"C\u00f3mo Obtener El Reporte de tu Accidente de Auto del Departamento de Polic\u00eda del Condado de Cobb\"}]},{\"@type\":\"WebSite\",\"@id\":\"https:\\\/\\\/ceolawyer.com\\\/espanol\\\/#website\",\"url\":\"https:\\\/\\\/ceolawyer.com\\\/espanol\\\/\",\"name\":\"CEO Lawyer\",\"description\":\"Personal Injury Attorney\",\"publisher\":{\"@id\":\"https:\\\/\\\/ceolawyer.com\\\/espanol\\\/#organization\"},\"potentialAction\":[{\"@type\":\"SearchAction\",\"target\":{\"@type\":\"EntryPoint\",\"urlTemplate\":\"https:\\\/\\\/ceolawyer.com\\\/espanol\\\/?s={search_term_string}\"},\"query-input\":{\"@type\":\"PropertyValueSpecification\",\"valueRequired\":true,\"valueName\":\"search_term_string\"}}],\"inLanguage\":\"en-US\"},{\"@type\":\"Organization\",\"@id\":\"https:\\\/\\\/ceolawyer.com\\\/espanol\\\/#organization\",\"name\":\"CEO Lawyer\",\"url\":\"https:\\\/\\\/ceolawyer.com\\\/espanol\\\/\",\"logo\":{\"@type\":\"ImageObject\",\"inLanguage\":\"en-US\",\"@id\":\"https:\\\/\\\/ceolawyer.com\\\/espanol\\\/#\\\/schema\\\/logo\\\/image\\\/\",\"url\":\"https:\\\/\\\/ceolawyer.com\\\/espanol\\\/wp-content\\\/uploads\\\/sites\\\/2\\\/2022\\\/05\\\/CEO_Logo.png\",\"contentUrl\":\"https:\\\/\\\/ceolawyer.com\\\/espanol\\\/wp-content\\\/uploads\\\/sites\\\/2\\\/2022\\\/05\\\/CEO_Logo.png\",\"width\":200,\"height\":108,\"caption\":\"CEO Lawyer\"},\"image\":{\"@id\":\"https:\\\/\\\/ceolawyer.com\\\/espanol\\\/#\\\/schema\\\/logo\\\/image\\\/\"}}]}<\/script>\n<!-- \/ Yoast SEO plugin. -->","yoast_head_json":{"title":"C\u00f3mo Obtener El Reporte de tu Accidente de Auto del Departamento de Polic\u00eda del Condado de Cobb | CEO Lawyer","description":"\u00bfTuviste un accidente en el Condado de Cobb? Descubre c\u00f3mo obtener el reporte y contacta a CEO Lawyer Personal Injury Law Firm para recibir apoyo legal.","robots":{"index":"index","follow":"follow","max-snippet":"max-snippet:-1","max-image-preview":"max-image-preview:large","max-video-preview":"max-video-preview:-1"},"canonical":"https:\/\/ceolawyer.com\/espanol\/informe-de-accidente\/informe-policial-de-un-accidente-de-auto-en-georgia\/cobb-county\/","og_locale":"en_US","og_type":"article","og_title":"C\u00f3mo Obtener El Reporte de tu Accidente de Auto del Departamento de Polic\u00eda del Condado de Cobb | CEO Lawyer","og_description":"\u00bfTuviste un accidente en el Condado de Cobb? Descubre c\u00f3mo obtener el reporte y contacta a CEO Lawyer Personal Injury Law Firm para recibir apoyo legal.","og_url":"https:\/\/ceolawyer.com\/espanol\/informe-de-accidente\/informe-policial-de-un-accidente-de-auto-en-georgia\/cobb-county\/","og_site_name":"CEO Lawyer","article_modified_time":"2025-12-19T14:59:40+00:00","og_image":[{"width":500,"height":300,"url":"https:\/\/ceolawyer.com\/espanol\/wp-content\/uploads\/sites\/2\/2025\/12\/How-to-Obtain-Your-Cobb-County-Public-Safety-Department-Car-Accident-Report.webp","type":"image\/webp"}],"twitter_card":"summary_large_image","twitter_misc":{"Est. reading time":"4 minutes"},"schema":{"@context":"https:\/\/schema.org","@graph":[{"@type":"WebPage","@id":"https:\/\/ceolawyer.com\/espanol\/informe-de-accidente\/informe-policial-de-un-accidente-de-auto-en-georgia\/cobb-county\/","url":"https:\/\/ceolawyer.com\/espanol\/informe-de-accidente\/informe-policial-de-un-accidente-de-auto-en-georgia\/cobb-county\/","name":"C\u00f3mo Obtener El Reporte de tu Accidente de Auto del Departamento de Polic\u00eda del Condado de Cobb | CEO Lawyer","isPartOf":{"@id":"https:\/\/ceolawyer.com\/espanol\/#website"},"primaryImageOfPage":{"@id":"https:\/\/ceolawyer.com\/espanol\/informe-de-accidente\/informe-policial-de-un-accidente-de-auto-en-georgia\/cobb-county\/#primaryimage"},"image":{"@id":"https:\/\/ceolawyer.com\/espanol\/informe-de-accidente\/informe-policial-de-un-accidente-de-auto-en-georgia\/cobb-county\/#primaryimage"},"thumbnailUrl":"https:\/\/ceolawyer.com\/espanol\/wp-content\/uploads\/sites\/2\/2025\/12\/How-to-Obtain-Your-Cobb-County-Public-Safety-Department-Car-Accident-Report.webp","datePublished":"2025-12-19T14:56:23+00:00","dateModified":"2025-12-19T14:59:40+00:00","description":"\u00bfTuviste un accidente en el Condado de Cobb? Descubre c\u00f3mo obtener el reporte y contacta a CEO Lawyer Personal Injury Law Firm para recibir apoyo legal.","breadcrumb":{"@id":"https:\/\/ceolawyer.com\/espanol\/informe-de-accidente\/informe-policial-de-un-accidente-de-auto-en-georgia\/cobb-county\/#breadcrumb"},"inLanguage":"en-US","potentialAction":[{"@type":"ReadAction","target":["https:\/\/ceolawyer.com\/espanol\/informe-de-accidente\/informe-policial-de-un-accidente-de-auto-en-georgia\/cobb-county\/"]}]},{"@type":"ImageObject","inLanguage":"en-US","@id":"https:\/\/ceolawyer.com\/espanol\/informe-de-accidente\/informe-policial-de-un-accidente-de-auto-en-georgia\/cobb-county\/#primaryimage","url":"https:\/\/ceolawyer.com\/espanol\/wp-content\/uploads\/sites\/2\/2025\/12\/How-to-Obtain-Your-Cobb-County-Public-Safety-Department-Car-Accident-Report.webp","contentUrl":"https:\/\/ceolawyer.com\/espanol\/wp-content\/uploads\/sites\/2\/2025\/12\/How-to-Obtain-Your-Cobb-County-Public-Safety-Department-Car-Accident-Report.webp","width":500,"height":300,"caption":"Una captura de largo alcance del veh\u00edculo de un oficial policial detenido detr\u00e1s de otro auto en la carretera en la tarde."},{"@type":"BreadcrumbList","@id":"https:\/\/ceolawyer.com\/espanol\/informe-de-accidente\/informe-policial-de-un-accidente-de-auto-en-georgia\/cobb-county\/#breadcrumb","itemListElement":[{"@type":"ListItem","position":1,"name":"Home","item":"https:\/\/ceolawyer.com\/espanol\/"},{"@type":"ListItem","position":2,"name":"Consigue el Reporte Policial de tu Accidente de Auto","item":"https:\/\/ceolawyer.com\/espanol\/informe-de-accidente\/"},{"@type":"ListItem","position":3,"name":"C\u00f3mo Solicitar el Informe Policial de un Accidente de Auto en Georgia","item":"https:\/\/ceolawyer.com\/espanol\/informe-de-accidente\/informe-policial-de-un-accidente-de-auto-en-georgia\/"},{"@type":"ListItem","position":4,"name":"C\u00f3mo Obtener El Reporte de tu Accidente de Auto del Departamento de Polic\u00eda del Condado de Cobb"}]},{"@type":"WebSite","@id":"https:\/\/ceolawyer.com\/espanol\/#website","url":"https:\/\/ceolawyer.com\/espanol\/","name":"CEO Lawyer","description":"Personal Injury Attorney","publisher":{"@id":"https:\/\/ceolawyer.com\/espanol\/#organization"},"potentialAction":[{"@type":"SearchAction","target":{"@type":"EntryPoint","urlTemplate":"https:\/\/ceolawyer.com\/espanol\/?s={search_term_string}"},"query-input":{"@type":"PropertyValueSpecification","valueRequired":true,"valueName":"search_term_string"}}],"inLanguage":"en-US"},{"@type":"Organization","@id":"https:\/\/ceolawyer.com\/espanol\/#organization","name":"CEO Lawyer","url":"https:\/\/ceolawyer.com\/espanol\/","logo":{"@type":"ImageObject","inLanguage":"en-US","@id":"https:\/\/ceolawyer.com\/espanol\/#\/schema\/logo\/image\/","url":"https:\/\/ceolawyer.com\/espanol\/wp-content\/uploads\/sites\/2\/2022\/05\/CEO_Logo.png","contentUrl":"https:\/\/ceolawyer.com\/espanol\/wp-content\/uploads\/sites\/2\/2022\/05\/CEO_Logo.png","width":200,"height":108,"caption":"CEO Lawyer"},"image":{"@id":"https:\/\/ceolawyer.com\/espanol\/#\/schema\/logo\/image\/"}}]}},"_links":{"self":[{"href":"https:\/\/ceolawyer.com\/espanol\/wp-json\/wp\/v2\/pages\/12788","targetHints":{"allow":["GET"]}}],"collection":[{"href":"https:\/\/ceolawyer.com\/espanol\/wp-json\/wp\/v2\/pages"}],"about":[{"href":"https:\/\/ceolawyer.com\/espanol\/wp-json\/wp\/v2\/types\/page"}],"author":[{"embeddable":true,"href":"https:\/\/ceolawyer.com\/espanol\/wp-json\/wp\/v2\/users\/18"}],"replies":[{"embeddable":true,"href":"https:\/\/ceolawyer.com\/espanol\/wp-json\/wp\/v2\/comments?post=12788"}],"version-history":[{"count":0,"href":"https:\/\/ceolawyer.com\/espanol\/wp-json\/wp\/v2\/pages\/12788\/revisions"}],"up":[{"embeddable":true,"href":"https:\/\/ceolawyer.com\/espanol\/wp-json\/wp\/v2\/pages\/12737"}],"wp:featuredmedia":[{"embeddable":true,"href":"https:\/\/ceolawyer.com\/espanol\/wp-json\/wp\/v2\/media\/12790"}],"wp:attachment":[{"href":"https:\/\/ceolawyer.com\/espanol\/wp-json\/wp\/v2\/media?parent=12788"}],"curies":[{"name":"wp","href":"https:\/\/api.w.org\/{rel}","templated":true}]}}