{"id":12800,"date":"2025-12-19T15:19:25","date_gmt":"2025-12-19T15:19:25","guid":{"rendered":"https:\/\/ceolawyer.com\/espanol\/?page_id=12800"},"modified":"2026-01-12T11:43:22","modified_gmt":"2026-01-12T11:43:22","slug":"dalton","status":"publish","type":"page","link":"https:\/\/ceolawyer.com\/espanol\/informe-de-accidente\/informe-policial-de-un-accidente-de-auto-en-georgia\/dalton\/","title":{"rendered":"C\u00f3mo Conseguir el Informe de tu Accidente Automovil\u00edstico del Departamento de Polic\u00eda de Dalton"},"content":{"rendered":"<p><img decoding=\"async\" class=\"alignright size-full wp-image-12802\" src=\"https:\/\/ceolawyer.com\/espanol\/wp-content\/uploads\/sites\/2\/2025\/12\/How-to-Obtain-Your-Dalton-Police-Department-Car-Accident-Report.webp\" alt=\"Una captura de cerca de luces policiales prendidas de noche.\" width=\"500\" height=\"300\" srcset=\"https:\/\/ceolawyer.com\/espanol\/wp-content\/uploads\/sites\/2\/2025\/12\/How-to-Obtain-Your-Dalton-Police-Department-Car-Accident-Report.webp 500w, https:\/\/ceolawyer.com\/espanol\/wp-content\/uploads\/sites\/2\/2025\/12\/How-to-Obtain-Your-Dalton-Police-Department-Car-Accident-Report-300x180.webp 300w\" sizes=\"(max-width: 500px) 100vw, 500px\" \/>Sufrir un accidente automovil\u00edstico puede ser una situaci\u00f3n complicada y estresante. Mientras te recuperas de cualquier lesi\u00f3n, es importante conseguir una copia del informe policial, ya que este documento te ayudar\u00e1 a gestionar tu reclamo de seguro y, si es necesario, emprender acciones legales.<\/p>\n<p>A continuaci\u00f3n, te explicaremos de manera detallada y sencilla c\u00f3mo debes conseguir el informe de tu accidente de auto del Departamento de Polic\u00eda de Dalton.<\/p>\n<h2>\u00bfQu\u00e9 es un informe de accidente y por qu\u00e9 es necesario?<\/h2>\n<p>El informe policial es un documento oficial que recopila informaci\u00f3n clave sobre tu accidente automovil\u00edstico. En \u00e9l se incluyen datos como:<\/p>\n<ul>\n<li>Nombres e informaci\u00f3n de contacto de conductores, pasajeros y testigos.<\/li>\n<li>Una descripci\u00f3n detallada del lugar del accidente.<\/li>\n<li>Declaraciones de testigos y de las partes involucradas.<\/li>\n<li>Una evaluaci\u00f3n inicial del oficial que redact\u00f3 el informe sobre la responsabilidad del accidente.<\/li>\n<\/ul>\n<p>Este informe es un registro imparcial de lo ocurrido y es \u00fatil para:<\/p>\n<ul>\n<li><strong>Facilitar tu reclamo de seguro:<\/strong> Las compa\u00f1\u00edas de seguros lo usan para determinar qui\u00e9n tuvo la culpa y calcular los da\u00f1os.<\/li>\n<li><strong>Establecer una cronolog\u00eda precisa del accidente: <\/strong>Ayuda a evitar inconsistencias que podr\u00edan debilitar tu caso.<\/li>\n<li><strong>Como evidencia legal: <\/strong>En caso de litigio, este documento puede presentarse ante un juez y respaldar tu caso.<\/li>\n<\/ul>\n<h3>\u00bfQui\u00e9n puede obtener el informe de tu accidente en Dalton?<\/h3>\n<p>En Georgia, seg\u00fan la Ley de Registros P\u00fablicos (Open Records Act), la mayor\u00eda de los informes policiales son documentos de acceso p\u00fablico. Esto significa que cualquier persona \u2014no solo las que est\u00e1n involucradas directamente\u2014 puede obtener una copia del reporte.<\/p>\n<h2>Formas de conseguir el informe de tu accidente automovil\u00edstico<\/h2>\n<p>Hay tres formas para solicitar un informe policial en Dalton:<\/p>\n<h3>En l\u00ednea<\/h3>\n<p>El departamento de Transporte de Georgia trabaja con BuyCrash.com para ofrecer acceso digital a estos reportes. Para obtener una copia debes:<\/p>\n<ol>\n<li>Visita <a href=\"http:\/\/buycrash.com\">BuyCrash.com<\/a>.<\/li>\n<li>Selecciona \u201cGeorgia\u201d como tu estado.<\/li>\n<li>Elige el Departamento de Polic\u00eda de Dalton como la jurisdicci\u00f3n encargada de tu caso.<\/li>\n<li>Haz clic en \u201cStart Search\u201d para iniciar la b\u00fasqueda.<\/li>\n<li>Ingresa la informaci\u00f3n solicitada:<\/li>\n<\/ol>\n<ul>\n<li>Apellido<\/li>\n<li>Fecha del accidente<\/li>\n<li>N\u00famero de informe del caso<\/li>\n<li>N\u00famero de Identificaci\u00f3n del Veh\u00edculo<\/li>\n<li>N\u00famero de licencia de conducir<\/li>\n<\/ul>\n<p><em>Ten en cuenta que puede haber un costo asociado a este servicio.<\/em><\/p>\n<h3>En persona<\/h3>\n<p>Puedes acudir directamente a la Unidad de Registros del Departamento de Polic\u00eda de Dalton:<\/p>\n<ul>\n<li><strong>Direcci\u00f3n: <\/strong>301 Jones Street, Dalton, GA 30720.<\/li>\n<li><strong>Tel\u00e9fono: <\/strong><a href=\"tel:+17062789500\">706-278-9500<\/a><\/li>\n<\/ul>\n<p>Si el informe incluye tu nombre, puedes solicitarlo de inmediato. Si el reporte involucra a m\u00e1s de tres personas o tu nombre no aparece, deber\u00e1s completar un formulario de solicitud de registro.<\/p>\n<h3>Por correo<\/h3>\n<p>Para solicitar la solicitud por correo:<\/p>\n<ol>\n<li>Descarga el Formulario de Solicitud de Registros P\u00fablicos desde el sitio web del Departamento de Polic\u00eda de Dalton.<\/li>\n<li>Compl\u00e9talo y, en la \u00faltima casilla, especifica que deseas recibir el informe por correo postal.<\/li>\n<li>Env\u00eda el formulario a:<\/li>\n<\/ol>\n<p>City Administration\u2014City of Dalton<\/p>\n<p>Attn.: City Administrator\u2014Open Records Officer<\/p>\n<p>P.O. Box 1205, Dalton, GA 30722<\/p>\n<p><em>Ten en cuenta que el proceso puede tardar hasta tres d\u00edas h\u00e1biles y puede haber tarifas administrativas.<\/em><\/p>\n<h3>Consideraciones importantes<\/h3>\n<ul>\n<li>No todos los accidentes generan un informe policial. Se emiten cuando hay lesiones, da\u00f1os mayores a $500 o si hay sospecha de un delito.<\/li>\n<li>Si tienes el n\u00famero del informe, incl\u00fayelo en tu solicitud para acelerar el proceso.<\/li>\n<li>El tiempo del tr\u00e1mite var\u00eda seg\u00fan la carga de trabajo del departamento y la complejidad del caso.<\/li>\n<li>Si hay retrasos o complicaciones, puedes contactar a CEO Lawyer Personal Law Firm para asistencia legal.<\/li>\n<\/ul>\n<h3>Costos y tiempo de procesamiento<\/h3>\n<ul>\n<li>Los informes digitales en BuyCrash tienen una tarifa.<\/li>\n<li>Las solicitudes en persona o por correo pueden incluir tarifas de copiado y administraci\u00f3n.<\/li>\n<li>Cargos adicionales:\n<ul>\n<li>$0.10 por p\u00e1gina.<\/li>\n<li>Tarifa administrativa por b\u00fasqueda y recuperaci\u00f3n de documentos.<\/li>\n<li>Los primeros 15 minutos de b\u00fasqueda son gratuitos; luego hay un cargo por hora.<\/li>\n<\/ul>\n<\/li>\n<\/ul>\n<h2>\u00bfC\u00f3mo leer tu informe?<\/h2>\n<p>Los informes de accidentes pueden usar lenguaje muy t\u00e9cnico. Algunas secciones clave incluyen:<\/p>\n<ul>\n<li><strong>Factores contribuyentes: <\/strong>Una evaluaci\u00f3n del oficial sobre la causa probable del accidente.<\/li>\n<li><strong>Testimonios y diagramas: <\/strong>Un resumen del accidente con declaraciones de testigos y una representaci\u00f3n visual del accidente.<\/li>\n<li><strong>Superposici\u00f3n del informe: <\/strong>Explica los c\u00f3digos utilizados para describir detalles como el estado de los conductores y factores contribuyentes.<\/li>\n<\/ul>\n<h2>\u00bfTienes dificultades para obtener tu informe?<\/h2>\n<p>Si tienes problemas para tener acceso al informe de tu accidente automovil\u00edstico en Dalton, CEO Lawyer Personal Injury Law Firm puede ayudarte. Nuestro equipo de <a href=\"https:\/\/ceolawyer.com\/dalton-personal-injury\/car-accident-lawyer\/\">abogados experimentados en accidentes de tr\u00e1nsito<\/a> te guiar\u00e1n en el proceso y se asegurar\u00e1n de que obtengas la documentaci\u00f3n que necesitas.<\/p>\n<p>Cont\u00e1ctanos al <a href=\"tel:+17262093411\"><strong>(726) 209-3411<\/strong><\/a> para una consulta gratuita.<\/p>\n","protected":false},"excerpt":{"rendered":"<p>Sufrir un accidente automovil\u00edstico puede ser una situaci\u00f3n complicada y estresante. Mientras te recuperas de cualquier lesi\u00f3n, es importante conseguir una copia del informe policial, ya que este documento te ayudar\u00e1 a gestionar tu reclamo de seguro y, si es necesario, emprender acciones legales. A continuaci\u00f3n, te explicaremos de manera detallada y sencilla c\u00f3mo debes [&hellip;]<\/p>\n","protected":false},"author":18,"featured_media":12802,"parent":12737,"menu_order":0,"comment_status":"closed","ping_status":"closed","template":"","meta":{"_acf_changed":false,"footnotes":""},"class_list":["post-12800","page","type-page","status-publish","has-post-thumbnail","hentry"],"acf":[],"yoast_head":"<!-- This site is optimized with the Yoast SEO plugin v27.4 - https:\/\/yoast.com\/product\/yoast-seo-wordpress\/ -->\n<title>C\u00f3mo Conseguir el Informe de tu Accidente Automovil\u00edstico del Departamento de Polic\u00eda de Dalton | CEO Lawyer<\/title>\n<meta name=\"description\" content=\"Descubre toda la informaci\u00f3n que necesitas para soliticar el reporte policial de tu accidente de auto en Dalton. Contacta a CEO Lawyer Personal Injury Law Firm al (726) 209-3411 para m\u00e1s apoyo legal.\" \/>\n<meta name=\"robots\" content=\"index, follow, max-snippet:-1, max-image-preview:large, max-video-preview:-1\" \/>\n<link rel=\"canonical\" href=\"https:\/\/ceolawyer.com\/espanol\/informe-de-accidente\/informe-policial-de-un-accidente-de-auto-en-georgia\/dalton\/\" \/>\n<meta property=\"og:locale\" content=\"en_US\" \/>\n<meta property=\"og:type\" content=\"article\" \/>\n<meta property=\"og:title\" content=\"C\u00f3mo Conseguir el Informe de tu Accidente Automovil\u00edstico del Departamento de Polic\u00eda de Dalton | CEO Lawyer\" \/>\n<meta property=\"og:description\" content=\"Descubre toda la informaci\u00f3n que necesitas para soliticar el reporte policial de tu accidente de auto en Dalton. Contacta a CEO Lawyer Personal Injury Law Firm al (726) 209-3411 para m\u00e1s apoyo legal.\" \/>\n<meta property=\"og:url\" content=\"https:\/\/ceolawyer.com\/espanol\/informe-de-accidente\/informe-policial-de-un-accidente-de-auto-en-georgia\/dalton\/\" \/>\n<meta property=\"og:site_name\" content=\"CEO Lawyer\" \/>\n<meta property=\"article:modified_time\" content=\"2026-01-12T11:43:22+00:00\" \/>\n<meta property=\"og:image\" content=\"https:\/\/ceolawyer.com\/espanol\/wp-content\/uploads\/sites\/2\/2025\/12\/How-to-Obtain-Your-Dalton-Police-Department-Car-Accident-Report.webp\" \/>\n\t<meta property=\"og:image:width\" content=\"500\" \/>\n\t<meta property=\"og:image:height\" content=\"300\" \/>\n\t<meta property=\"og:image:type\" content=\"image\/webp\" \/>\n<meta name=\"twitter:card\" content=\"summary_large_image\" \/>\n<meta name=\"twitter:label1\" content=\"Est. reading time\" \/>\n\t<meta name=\"twitter:data1\" content=\"4 minutes\" \/>\n<script type=\"application\/ld+json\" class=\"yoast-schema-graph\">{\"@context\":\"https:\\\/\\\/schema.org\",\"@graph\":[{\"@type\":\"WebPage\",\"@id\":\"https:\\\/\\\/ceolawyer.com\\\/espanol\\\/informe-de-accidente\\\/informe-policial-de-un-accidente-de-auto-en-georgia\\\/dalton\\\/\",\"url\":\"https:\\\/\\\/ceolawyer.com\\\/espanol\\\/informe-de-accidente\\\/informe-policial-de-un-accidente-de-auto-en-georgia\\\/dalton\\\/\",\"name\":\"C\u00f3mo Conseguir el Informe de tu Accidente Automovil\u00edstico del Departamento de Polic\u00eda de Dalton | CEO Lawyer\",\"isPartOf\":{\"@id\":\"https:\\\/\\\/ceolawyer.com\\\/espanol\\\/#website\"},\"primaryImageOfPage\":{\"@id\":\"https:\\\/\\\/ceolawyer.com\\\/espanol\\\/informe-de-accidente\\\/informe-policial-de-un-accidente-de-auto-en-georgia\\\/dalton\\\/#primaryimage\"},\"image\":{\"@id\":\"https:\\\/\\\/ceolawyer.com\\\/espanol\\\/informe-de-accidente\\\/informe-policial-de-un-accidente-de-auto-en-georgia\\\/dalton\\\/#primaryimage\"},\"thumbnailUrl\":\"https:\\\/\\\/ceolawyer.com\\\/espanol\\\/wp-content\\\/uploads\\\/sites\\\/2\\\/2025\\\/12\\\/How-to-Obtain-Your-Dalton-Police-Department-Car-Accident-Report.webp\",\"datePublished\":\"2025-12-19T15:19:25+00:00\",\"dateModified\":\"2026-01-12T11:43:22+00:00\",\"description\":\"Descubre toda la informaci\u00f3n que necesitas para soliticar el reporte policial de tu accidente de auto en Dalton. Contacta a CEO Lawyer Personal Injury Law Firm al (726) 209-3411 para m\u00e1s apoyo legal.\",\"breadcrumb\":{\"@id\":\"https:\\\/\\\/ceolawyer.com\\\/espanol\\\/informe-de-accidente\\\/informe-policial-de-un-accidente-de-auto-en-georgia\\\/dalton\\\/#breadcrumb\"},\"inLanguage\":\"en-US\",\"potentialAction\":[{\"@type\":\"ReadAction\",\"target\":[\"https:\\\/\\\/ceolawyer.com\\\/espanol\\\/informe-de-accidente\\\/informe-policial-de-un-accidente-de-auto-en-georgia\\\/dalton\\\/\"]}]},{\"@type\":\"ImageObject\",\"inLanguage\":\"en-US\",\"@id\":\"https:\\\/\\\/ceolawyer.com\\\/espanol\\\/informe-de-accidente\\\/informe-policial-de-un-accidente-de-auto-en-georgia\\\/dalton\\\/#primaryimage\",\"url\":\"https:\\\/\\\/ceolawyer.com\\\/espanol\\\/wp-content\\\/uploads\\\/sites\\\/2\\\/2025\\\/12\\\/How-to-Obtain-Your-Dalton-Police-Department-Car-Accident-Report.webp\",\"contentUrl\":\"https:\\\/\\\/ceolawyer.com\\\/espanol\\\/wp-content\\\/uploads\\\/sites\\\/2\\\/2025\\\/12\\\/How-to-Obtain-Your-Dalton-Police-Department-Car-Accident-Report.webp\",\"width\":500,\"height\":300,\"caption\":\"Una captura de cerca de luces policiales prendidas de noche.\"},{\"@type\":\"BreadcrumbList\",\"@id\":\"https:\\\/\\\/ceolawyer.com\\\/espanol\\\/informe-de-accidente\\\/informe-policial-de-un-accidente-de-auto-en-georgia\\\/dalton\\\/#breadcrumb\",\"itemListElement\":[{\"@type\":\"ListItem\",\"position\":1,\"name\":\"Home\",\"item\":\"https:\\\/\\\/ceolawyer.com\\\/espanol\\\/\"},{\"@type\":\"ListItem\",\"position\":2,\"name\":\"Consigue el Reporte Policial de tu Accidente de Auto\",\"item\":\"https:\\\/\\\/ceolawyer.com\\\/espanol\\\/informe-de-accidente\\\/\"},{\"@type\":\"ListItem\",\"position\":3,\"name\":\"C\u00f3mo Solicitar el Informe Policial de un Accidente de Auto en Georgia\",\"item\":\"https:\\\/\\\/ceolawyer.com\\\/espanol\\\/informe-de-accidente\\\/informe-policial-de-un-accidente-de-auto-en-georgia\\\/\"},{\"@type\":\"ListItem\",\"position\":4,\"name\":\"C\u00f3mo Conseguir el Informe de tu Accidente Automovil\u00edstico del Departamento de Polic\u00eda de Dalton\"}]},{\"@type\":\"WebSite\",\"@id\":\"https:\\\/\\\/ceolawyer.com\\\/espanol\\\/#website\",\"url\":\"https:\\\/\\\/ceolawyer.com\\\/espanol\\\/\",\"name\":\"CEO Lawyer\",\"description\":\"Personal Injury Attorney\",\"publisher\":{\"@id\":\"https:\\\/\\\/ceolawyer.com\\\/espanol\\\/#organization\"},\"potentialAction\":[{\"@type\":\"SearchAction\",\"target\":{\"@type\":\"EntryPoint\",\"urlTemplate\":\"https:\\\/\\\/ceolawyer.com\\\/espanol\\\/?s={search_term_string}\"},\"query-input\":{\"@type\":\"PropertyValueSpecification\",\"valueRequired\":true,\"valueName\":\"search_term_string\"}}],\"inLanguage\":\"en-US\"},{\"@type\":\"Organization\",\"@id\":\"https:\\\/\\\/ceolawyer.com\\\/espanol\\\/#organization\",\"name\":\"CEO Lawyer\",\"url\":\"https:\\\/\\\/ceolawyer.com\\\/espanol\\\/\",\"logo\":{\"@type\":\"ImageObject\",\"inLanguage\":\"en-US\",\"@id\":\"https:\\\/\\\/ceolawyer.com\\\/espanol\\\/#\\\/schema\\\/logo\\\/image\\\/\",\"url\":\"https:\\\/\\\/ceolawyer.com\\\/espanol\\\/wp-content\\\/uploads\\\/sites\\\/2\\\/2022\\\/05\\\/CEO_Logo.png\",\"contentUrl\":\"https:\\\/\\\/ceolawyer.com\\\/espanol\\\/wp-content\\\/uploads\\\/sites\\\/2\\\/2022\\\/05\\\/CEO_Logo.png\",\"width\":200,\"height\":108,\"caption\":\"CEO Lawyer\"},\"image\":{\"@id\":\"https:\\\/\\\/ceolawyer.com\\\/espanol\\\/#\\\/schema\\\/logo\\\/image\\\/\"}}]}<\/script>\n<!-- \/ Yoast SEO plugin. -->","yoast_head_json":{"title":"C\u00f3mo Conseguir el Informe de tu Accidente Automovil\u00edstico del Departamento de Polic\u00eda de Dalton | CEO Lawyer","description":"Descubre toda la informaci\u00f3n que necesitas para soliticar el reporte policial de tu accidente de auto en Dalton. Contacta a CEO Lawyer Personal Injury Law Firm al (726) 209-3411 para m\u00e1s apoyo legal.","robots":{"index":"index","follow":"follow","max-snippet":"max-snippet:-1","max-image-preview":"max-image-preview:large","max-video-preview":"max-video-preview:-1"},"canonical":"https:\/\/ceolawyer.com\/espanol\/informe-de-accidente\/informe-policial-de-un-accidente-de-auto-en-georgia\/dalton\/","og_locale":"en_US","og_type":"article","og_title":"C\u00f3mo Conseguir el Informe de tu Accidente Automovil\u00edstico del Departamento de Polic\u00eda de Dalton | CEO Lawyer","og_description":"Descubre toda la informaci\u00f3n que necesitas para soliticar el reporte policial de tu accidente de auto en Dalton. Contacta a CEO Lawyer Personal Injury Law Firm al (726) 209-3411 para m\u00e1s apoyo legal.","og_url":"https:\/\/ceolawyer.com\/espanol\/informe-de-accidente\/informe-policial-de-un-accidente-de-auto-en-georgia\/dalton\/","og_site_name":"CEO Lawyer","article_modified_time":"2026-01-12T11:43:22+00:00","og_image":[{"width":500,"height":300,"url":"https:\/\/ceolawyer.com\/espanol\/wp-content\/uploads\/sites\/2\/2025\/12\/How-to-Obtain-Your-Dalton-Police-Department-Car-Accident-Report.webp","type":"image\/webp"}],"twitter_card":"summary_large_image","twitter_misc":{"Est. reading time":"4 minutes"},"schema":{"@context":"https:\/\/schema.org","@graph":[{"@type":"WebPage","@id":"https:\/\/ceolawyer.com\/espanol\/informe-de-accidente\/informe-policial-de-un-accidente-de-auto-en-georgia\/dalton\/","url":"https:\/\/ceolawyer.com\/espanol\/informe-de-accidente\/informe-policial-de-un-accidente-de-auto-en-georgia\/dalton\/","name":"C\u00f3mo Conseguir el Informe de tu Accidente Automovil\u00edstico del Departamento de Polic\u00eda de Dalton | CEO Lawyer","isPartOf":{"@id":"https:\/\/ceolawyer.com\/espanol\/#website"},"primaryImageOfPage":{"@id":"https:\/\/ceolawyer.com\/espanol\/informe-de-accidente\/informe-policial-de-un-accidente-de-auto-en-georgia\/dalton\/#primaryimage"},"image":{"@id":"https:\/\/ceolawyer.com\/espanol\/informe-de-accidente\/informe-policial-de-un-accidente-de-auto-en-georgia\/dalton\/#primaryimage"},"thumbnailUrl":"https:\/\/ceolawyer.com\/espanol\/wp-content\/uploads\/sites\/2\/2025\/12\/How-to-Obtain-Your-Dalton-Police-Department-Car-Accident-Report.webp","datePublished":"2025-12-19T15:19:25+00:00","dateModified":"2026-01-12T11:43:22+00:00","description":"Descubre toda la informaci\u00f3n que necesitas para soliticar el reporte policial de tu accidente de auto en Dalton. Contacta a CEO Lawyer Personal Injury Law Firm al (726) 209-3411 para m\u00e1s apoyo legal.","breadcrumb":{"@id":"https:\/\/ceolawyer.com\/espanol\/informe-de-accidente\/informe-policial-de-un-accidente-de-auto-en-georgia\/dalton\/#breadcrumb"},"inLanguage":"en-US","potentialAction":[{"@type":"ReadAction","target":["https:\/\/ceolawyer.com\/espanol\/informe-de-accidente\/informe-policial-de-un-accidente-de-auto-en-georgia\/dalton\/"]}]},{"@type":"ImageObject","inLanguage":"en-US","@id":"https:\/\/ceolawyer.com\/espanol\/informe-de-accidente\/informe-policial-de-un-accidente-de-auto-en-georgia\/dalton\/#primaryimage","url":"https:\/\/ceolawyer.com\/espanol\/wp-content\/uploads\/sites\/2\/2025\/12\/How-to-Obtain-Your-Dalton-Police-Department-Car-Accident-Report.webp","contentUrl":"https:\/\/ceolawyer.com\/espanol\/wp-content\/uploads\/sites\/2\/2025\/12\/How-to-Obtain-Your-Dalton-Police-Department-Car-Accident-Report.webp","width":500,"height":300,"caption":"Una captura de cerca de luces policiales prendidas de noche."},{"@type":"BreadcrumbList","@id":"https:\/\/ceolawyer.com\/espanol\/informe-de-accidente\/informe-policial-de-un-accidente-de-auto-en-georgia\/dalton\/#breadcrumb","itemListElement":[{"@type":"ListItem","position":1,"name":"Home","item":"https:\/\/ceolawyer.com\/espanol\/"},{"@type":"ListItem","position":2,"name":"Consigue el Reporte Policial de tu Accidente de Auto","item":"https:\/\/ceolawyer.com\/espanol\/informe-de-accidente\/"},{"@type":"ListItem","position":3,"name":"C\u00f3mo Solicitar el Informe Policial de un Accidente de Auto en Georgia","item":"https:\/\/ceolawyer.com\/espanol\/informe-de-accidente\/informe-policial-de-un-accidente-de-auto-en-georgia\/"},{"@type":"ListItem","position":4,"name":"C\u00f3mo Conseguir el Informe de tu Accidente Automovil\u00edstico del Departamento de Polic\u00eda de Dalton"}]},{"@type":"WebSite","@id":"https:\/\/ceolawyer.com\/espanol\/#website","url":"https:\/\/ceolawyer.com\/espanol\/","name":"CEO Lawyer","description":"Personal Injury Attorney","publisher":{"@id":"https:\/\/ceolawyer.com\/espanol\/#organization"},"potentialAction":[{"@type":"SearchAction","target":{"@type":"EntryPoint","urlTemplate":"https:\/\/ceolawyer.com\/espanol\/?s={search_term_string}"},"query-input":{"@type":"PropertyValueSpecification","valueRequired":true,"valueName":"search_term_string"}}],"inLanguage":"en-US"},{"@type":"Organization","@id":"https:\/\/ceolawyer.com\/espanol\/#organization","name":"CEO Lawyer","url":"https:\/\/ceolawyer.com\/espanol\/","logo":{"@type":"ImageObject","inLanguage":"en-US","@id":"https:\/\/ceolawyer.com\/espanol\/#\/schema\/logo\/image\/","url":"https:\/\/ceolawyer.com\/espanol\/wp-content\/uploads\/sites\/2\/2022\/05\/CEO_Logo.png","contentUrl":"https:\/\/ceolawyer.com\/espanol\/wp-content\/uploads\/sites\/2\/2022\/05\/CEO_Logo.png","width":200,"height":108,"caption":"CEO Lawyer"},"image":{"@id":"https:\/\/ceolawyer.com\/espanol\/#\/schema\/logo\/image\/"}}]}},"_links":{"self":[{"href":"https:\/\/ceolawyer.com\/espanol\/wp-json\/wp\/v2\/pages\/12800","targetHints":{"allow":["GET"]}}],"collection":[{"href":"https:\/\/ceolawyer.com\/espanol\/wp-json\/wp\/v2\/pages"}],"about":[{"href":"https:\/\/ceolawyer.com\/espanol\/wp-json\/wp\/v2\/types\/page"}],"author":[{"embeddable":true,"href":"https:\/\/ceolawyer.com\/espanol\/wp-json\/wp\/v2\/users\/18"}],"replies":[{"embeddable":true,"href":"https:\/\/ceolawyer.com\/espanol\/wp-json\/wp\/v2\/comments?post=12800"}],"version-history":[{"count":0,"href":"https:\/\/ceolawyer.com\/espanol\/wp-json\/wp\/v2\/pages\/12800\/revisions"}],"up":[{"embeddable":true,"href":"https:\/\/ceolawyer.com\/espanol\/wp-json\/wp\/v2\/pages\/12737"}],"wp:featuredmedia":[{"embeddable":true,"href":"https:\/\/ceolawyer.com\/espanol\/wp-json\/wp\/v2\/media\/12802"}],"wp:attachment":[{"href":"https:\/\/ceolawyer.com\/espanol\/wp-json\/wp\/v2\/media?parent=12800"}],"curies":[{"name":"wp","href":"https:\/\/api.w.org\/{rel}","templated":true}]}}