{"id":12803,"date":"2025-12-19T15:27:33","date_gmt":"2025-12-19T15:27:33","guid":{"rendered":"https:\/\/ceolawyer.com\/espanol\/?page_id=12803"},"modified":"2025-12-19T15:32:35","modified_gmt":"2025-12-19T15:32:35","slug":"decatur","status":"publish","type":"page","link":"https:\/\/ceolawyer.com\/espanol\/informe-de-accidente\/informe-policial-de-un-accidente-de-auto-en-georgia\/decatur\/","title":{"rendered":"C\u00f3mo Obtener el Informe de tu Accidente de Tr\u00e1nsito del Departamento de Polic\u00eda de Decatur"},"content":{"rendered":"<p><img decoding=\"async\" class=\"alignright size-full wp-image-12805\" src=\"https:\/\/ceolawyer.com\/espanol\/wp-content\/uploads\/sites\/2\/2025\/12\/How-to-Obtain-Your-Decatur-Police-Department-Car-Accident-Report.webp\" alt=\"Una captura de movimiento borroso de un auto policial con las luces prendidas movi\u00e9ndose a trav\u00e9s de una calle para responder a un accidente.\" width=\"500\" height=\"300\" srcset=\"https:\/\/ceolawyer.com\/espanol\/wp-content\/uploads\/sites\/2\/2025\/12\/How-to-Obtain-Your-Decatur-Police-Department-Car-Accident-Report.webp 500w, https:\/\/ceolawyer.com\/espanol\/wp-content\/uploads\/sites\/2\/2025\/12\/How-to-Obtain-Your-Decatur-Police-Department-Car-Accident-Report-300x180.webp 300w\" sizes=\"(max-width: 500px) 100vw, 500px\" \/>Estar involucrado en un accidente de tr\u00e1nsito no es algo que nadie espera, y cuando pasa, puede ser una experiencia de mucho estr\u00e9s. Adem\u00e1s de las posibles lesiones, tambi\u00e9n hay que lidiar con los aspectos legales y administrativos. Una de las cosas m\u00e1s importantes que necesitar\u00e1s tras un accidente es una copia del informe policial, ya que este documento es clave para reclamaciones de seguro y cualquier procedimiento legal.<\/p>\n<p>El Departamento de Polic\u00eda de Decatur ha facilitado el proceso para obtener un accidente de tr\u00e1nsito. A continuaci\u00f3n, te explicamos paso a paso c\u00f3mo hacerlo.<\/p>\n<h3>Sobre el Departamento de Polic\u00eda de Decatur<\/h3>\n<p>El Departamento de Polic\u00eda de Decatur, situado en 420 West Trinity Place, Decatur, GA 30030, trabaja para mantener la comunidad segura. Esto incluye patrullas regulares, programas para prevenir cr\u00edmenes, respuesta a emergencias y colaboraci\u00f3n con la comunidad.<\/p>\n<p>Si tuviste un accidente de tr\u00e1nsito, comun\u00edcate con ellos para obtener el informe.<\/p>\n<h3>Sobre accidentes de tr\u00e1nsito en Decatur, Georgia<\/h3>\n<p>Para entender la importancia de obtener el informe policial de tu accidente, es crucial conocer algunas cifras:<\/p>\n<p>En 2021, se registraron 17 accidentes fatales en Decatur, que resultaron en 19 fallecidos e involucraron 27 autom\u00f3viles. De estos accidentes, cinco afectaron a peatones.<\/p>\n<p>Estas cifras recalcan la importancia de manejar de forma segura y de estar preparado para cualquier eventualidad.<\/p>\n<h2>\u00bfPor qu\u00e9 necesitas el informe de tu accidente?<\/h2>\n<p>Como mencionamos, es un documento oficial que contiene informaci\u00f3n clave sobre el accidente. Estos datos incluyen:<\/p>\n<ul>\n<li>Fecha, hora y lugar del accidente.<\/li>\n<li>Informaci\u00f3n de contacto de las partes involucradas.<\/li>\n<li>Declaraciones de testigos.<\/li>\n<li>Detalles de los da\u00f1os y lesiones.<\/li>\n<li>Una evaluaci\u00f3n del oficial sobre qui\u00e9n tuvo la culpa.<\/li>\n<\/ul>\n<p>Este informe te ser\u00e1 \u00fatil para presentar una reclamaci\u00f3n de seguro, determinar la responsabilidad en el accidente o, si es necesario, buscar acciones legales.<\/p>\n<h2>M\u00e9todos para conseguir el informe del accidente del Departamento de Polic\u00eda de Decatur<\/h2>\n<h3>En l\u00ednea<\/h3>\n<p>Puede solicitar el informe de manera digital a trav\u00e9s del sitio web BuyCrash.com siguiendo estos pasos:<\/p>\n<ol>\n<li>Visita<a href=\"https:\/\/buycrash.lexisnexisrisk.com\/ui\/home\"> BuyCrash.com<\/a>.<\/li>\n<li>Selecciona Georgia como el estado.<\/li>\n<li>En el men\u00fa de jurisdicci\u00f3n, elige Decatur Police Department.<\/li>\n<li>Haz clic en Start Search.<\/li>\n<li>Proporciona la siguiente informaci\u00f3n:<\/li>\n<\/ol>\n<ul>\n<li>Tu apellido.<\/li>\n<li>Fecha del accidente.<\/li>\n<li>N\u00famero del informe del caso.<\/li>\n<li>VIN (n\u00famero de identificaci\u00f3n del veh\u00edculo).<\/li>\n<li>N\u00famero de licencia de conducir.<\/li>\n<\/ul>\n<p>Tenga en cuenta que puede aplicarse una tarifa por este servicio.<\/p>\n<p>Si prefiere, tambi\u00e9n puede completar un formulario y enviarlo por correo electr\u00f3nico a <a href=\"mailto:scott.richards@decaturga.com\">scott.richards@decaturga.com<\/a>, indicando que desea recibir el informe por esta v\u00eda<\/p>\n<h3>En persona<\/h3>\n<ul>\n<li>Completa el formulario de solicitud y env\u00edelo por correo electr\u00f3nico a <a href=\"mailto:scott.richards@decaturga.com\">richards@decaturga.com<\/a>, especificando que desea recoger el informe en persona.<\/li>\n<li>Dir\u00edgete a 509 N. McDonough Street, Segundo Piso, Decatur, GA 30030.<\/li>\n<li>Lleva una identificaci\u00f3n v\u00e1lida al momento de recoger tu informe.<\/li>\n<\/ul>\n<h3>Por correo<\/h3>\n<ul>\n<li>Env\u00ede un correo electr\u00f3nico con el formulario de solicitud a <a href=\"mailto:scott.richards@decaturga.com\">richards@decaturga.com<\/a>, indicando que desea recibir el informe por correo postal.<\/li>\n<li>Aseg\u00farese de incluir su direcci\u00f3n postal completa y correcta.<\/li>\n<\/ul>\n<h3>Informaci\u00f3n adicional<\/h3>\n<ul>\n<li><strong>Tiempos de procesamiento:<\/strong> Los informes suelen estar disponibles en un plazo razonable. Si necesita el documento con urgencia, consulte sobre opciones de env\u00edo r\u00e1pido.<\/li>\n<li><strong>Costos:<\/strong> Puede haber una tarifa asociada a la solicitud. Para m\u00e1s informaci\u00f3n, contacta directamente al Departamento de Polic\u00eda de Decatur.<\/li>\n<li><strong>Precisi\u00f3n: <\/strong>Aseg\u00farese de proporcionar datos exactos al solicitar su informe.<\/li>\n<\/ul>\n<h3>Consejos para obtener su informe sin problemas<\/h3>\n<ul>\n<li>Proporciona la mayor cantidad de informaci\u00f3n posible sobre el accidente.<\/li>\n<li>Verifica tu informaci\u00f3n antes de enviarla.<\/li>\n<li>Ten en cuenta que puede haber costos asociados.<\/li>\n<li>Si recoges tu informe en persona, lleva tu identificaci\u00f3n.<\/li>\n<li>Si lo solicitas por correo, aseg\u00farate de incluir la direcci\u00f3n correcta.<\/li>\n<\/ul>\n<h2>\u00bfQu\u00e9 hacer luego de obtener el informe de tu accidente?<\/h2>\n<p>Una vez que tengas tu informe, es recomendable seguir estos pasos:<\/p>\n<ol>\n<li>Revis que la informaci\u00f3n sea correcta<\/li>\n<li>Eval\u00faa la responsabilidad seg\u00fan lo indicado en el informe.<\/li>\n<li>Notifica a tu compa\u00f1\u00eda de seguros y env\u00eda una copia del reporte.<\/li>\n<li>Presenta una reclamaci\u00f3n de seguro, si es necesario.<\/li>\n<li>Consulta a un asesor legal si tienes dudas sobre el caso.<\/li>\n<li>Guarda una copia digital y f\u00edsica del informe para futuras referencias.<\/li>\n<\/ol>\n<h2>C\u00f3mo usar el informe en reclamos con el seguro y asuntos legales<\/h2>\n<p>El informe policial puede ser clave en disputas legales y reclamaciones de seguro:<\/p>\n<ul>\n<li>Para determinar la culpa.<\/li>\n<li>Para respaldar tu reclamo de seguro.<\/li>\n<li>Como prueba en un juicio o mediaci\u00f3n.<\/li>\n<li>para negociar con la compa\u00f1\u00eda de seguros de la parte contraria.<\/li>\n<\/ul>\n<p>Si el otro involucrado en el accidente disputa los hallazgos del informe, podr\u00edas necesitar evidencia adicional o apoyo legal.<\/p>\n<h2>\u00bfCu\u00e1ndo consultar a un abogado?<\/h2>\n<p>Si tienes dudas sobre tu caso, o has sufrido lesiones graves o el otro involucrado disputa la responsabilidad del accidente, tener a un <a href=\"https:\/\/ceolawyer.com\/georgia-personal-injury\/car-accident-lawyer\/\">abogado experimentado en accidentes de tr\u00e1nsito<\/a> en Georgia puede ser clave.<\/p>\n<p>Obtener el informe de tu accidente es un paso clave para proteger tus intereses. Siguiendo estos procedimientos y buscando la ayuda de <a href=\"https:\/\/ceolawyer.com\/\">CEO Lawyer Personal Injury Law Firm<\/a>, podr\u00e1s manejar la situaci\u00f3n de manera m\u00e1s efectiva y asegurarte de que se haga justicia en tu caso.<\/p>\n<p>Ll\u00e1manos al: <a href=\"tel:+14708229057\">(<strong>470) 822-9057<\/strong><\/a>, o a nuestras oficinas en Atlanta <a href=\"tel:+14047774833\"><strong>(404) 777-4833<\/strong><\/a> y Chattanooga <a href=\"tel:+14237778888\"><strong>(423) 777-8888<\/strong><\/a>.<\/p>\n","protected":false},"excerpt":{"rendered":"<p>Estar involucrado en un accidente de tr\u00e1nsito no es algo que nadie espera, y cuando pasa, puede ser una experiencia de mucho estr\u00e9s. Adem\u00e1s de las posibles lesiones, tambi\u00e9n hay que lidiar con los aspectos legales y administrativos. Una de las cosas m\u00e1s importantes que necesitar\u00e1s tras un accidente es una copia del informe policial, [&hellip;]<\/p>\n","protected":false},"author":18,"featured_media":12805,"parent":12737,"menu_order":0,"comment_status":"closed","ping_status":"closed","template":"","meta":{"_acf_changed":false,"footnotes":""},"class_list":["post-12803","page","type-page","status-publish","has-post-thumbnail","hentry"],"acf":[],"yoast_head":"<!-- This site is optimized with the Yoast SEO plugin v27.4 - https:\/\/yoast.com\/product\/yoast-seo-wordpress\/ -->\n<title>C\u00f3mo Obtener el Informe de tu Accidente de Tr\u00e1nsito del Departamento de Polic\u00eda de Decatur | CEO Lawyer<\/title>\n<meta name=\"description\" content=\"Conseguir el reporte de tu accidente de auto del departamento de polic\u00eda de Decatur deber\u00eda ser algo sencillo. Lee m\u00e1s para obtener la informaci\u00f3n que necesitas y llama a CEO Lawyer Personal Injury Law Firm para m\u00e1s ayuda legal.\" \/>\n<meta name=\"robots\" content=\"index, follow, max-snippet:-1, max-image-preview:large, max-video-preview:-1\" \/>\n<link rel=\"canonical\" href=\"https:\/\/ceolawyer.com\/espanol\/informe-de-accidente\/informe-policial-de-un-accidente-de-auto-en-georgia\/decatur\/\" \/>\n<meta property=\"og:locale\" content=\"en_US\" \/>\n<meta property=\"og:type\" content=\"article\" \/>\n<meta property=\"og:title\" content=\"C\u00f3mo Obtener el Informe de tu Accidente de Tr\u00e1nsito del Departamento de Polic\u00eda de Decatur | CEO Lawyer\" \/>\n<meta property=\"og:description\" content=\"Conseguir el reporte de tu accidente de auto del departamento de polic\u00eda de Decatur deber\u00eda ser algo sencillo. Lee m\u00e1s para obtener la informaci\u00f3n que necesitas y llama a CEO Lawyer Personal Injury Law Firm para m\u00e1s ayuda legal.\" \/>\n<meta property=\"og:url\" content=\"https:\/\/ceolawyer.com\/espanol\/informe-de-accidente\/informe-policial-de-un-accidente-de-auto-en-georgia\/decatur\/\" \/>\n<meta property=\"og:site_name\" content=\"CEO Lawyer\" \/>\n<meta property=\"article:modified_time\" content=\"2025-12-19T15:32:35+00:00\" \/>\n<meta property=\"og:image\" content=\"https:\/\/ceolawyer.com\/espanol\/wp-content\/uploads\/sites\/2\/2025\/12\/How-to-Obtain-Your-Decatur-Police-Department-Car-Accident-Report.webp\" \/>\n\t<meta property=\"og:image:width\" content=\"500\" \/>\n\t<meta property=\"og:image:height\" content=\"300\" \/>\n\t<meta property=\"og:image:type\" content=\"image\/webp\" \/>\n<meta name=\"twitter:card\" content=\"summary_large_image\" \/>\n<meta name=\"twitter:label1\" content=\"Est. reading time\" \/>\n\t<meta name=\"twitter:data1\" content=\"5 minutes\" \/>\n<script type=\"application\/ld+json\" class=\"yoast-schema-graph\">{\"@context\":\"https:\\\/\\\/schema.org\",\"@graph\":[{\"@type\":\"WebPage\",\"@id\":\"https:\\\/\\\/ceolawyer.com\\\/espanol\\\/informe-de-accidente\\\/informe-policial-de-un-accidente-de-auto-en-georgia\\\/decatur\\\/\",\"url\":\"https:\\\/\\\/ceolawyer.com\\\/espanol\\\/informe-de-accidente\\\/informe-policial-de-un-accidente-de-auto-en-georgia\\\/decatur\\\/\",\"name\":\"C\u00f3mo Obtener el Informe de tu Accidente de Tr\u00e1nsito del Departamento de Polic\u00eda de Decatur | CEO Lawyer\",\"isPartOf\":{\"@id\":\"https:\\\/\\\/ceolawyer.com\\\/espanol\\\/#website\"},\"primaryImageOfPage\":{\"@id\":\"https:\\\/\\\/ceolawyer.com\\\/espanol\\\/informe-de-accidente\\\/informe-policial-de-un-accidente-de-auto-en-georgia\\\/decatur\\\/#primaryimage\"},\"image\":{\"@id\":\"https:\\\/\\\/ceolawyer.com\\\/espanol\\\/informe-de-accidente\\\/informe-policial-de-un-accidente-de-auto-en-georgia\\\/decatur\\\/#primaryimage\"},\"thumbnailUrl\":\"https:\\\/\\\/ceolawyer.com\\\/espanol\\\/wp-content\\\/uploads\\\/sites\\\/2\\\/2025\\\/12\\\/How-to-Obtain-Your-Decatur-Police-Department-Car-Accident-Report.webp\",\"datePublished\":\"2025-12-19T15:27:33+00:00\",\"dateModified\":\"2025-12-19T15:32:35+00:00\",\"description\":\"Conseguir el reporte de tu accidente de auto del departamento de polic\u00eda de Decatur deber\u00eda ser algo sencillo. Lee m\u00e1s para obtener la informaci\u00f3n que necesitas y llama a CEO Lawyer Personal Injury Law Firm para m\u00e1s ayuda legal.\",\"breadcrumb\":{\"@id\":\"https:\\\/\\\/ceolawyer.com\\\/espanol\\\/informe-de-accidente\\\/informe-policial-de-un-accidente-de-auto-en-georgia\\\/decatur\\\/#breadcrumb\"},\"inLanguage\":\"en-US\",\"potentialAction\":[{\"@type\":\"ReadAction\",\"target\":[\"https:\\\/\\\/ceolawyer.com\\\/espanol\\\/informe-de-accidente\\\/informe-policial-de-un-accidente-de-auto-en-georgia\\\/decatur\\\/\"]}]},{\"@type\":\"ImageObject\",\"inLanguage\":\"en-US\",\"@id\":\"https:\\\/\\\/ceolawyer.com\\\/espanol\\\/informe-de-accidente\\\/informe-policial-de-un-accidente-de-auto-en-georgia\\\/decatur\\\/#primaryimage\",\"url\":\"https:\\\/\\\/ceolawyer.com\\\/espanol\\\/wp-content\\\/uploads\\\/sites\\\/2\\\/2025\\\/12\\\/How-to-Obtain-Your-Decatur-Police-Department-Car-Accident-Report.webp\",\"contentUrl\":\"https:\\\/\\\/ceolawyer.com\\\/espanol\\\/wp-content\\\/uploads\\\/sites\\\/2\\\/2025\\\/12\\\/How-to-Obtain-Your-Decatur-Police-Department-Car-Accident-Report.webp\",\"width\":500,\"height\":300,\"caption\":\"Una captura de movimiento borroso de un auto policial con las luces prendidas movi\u00e9ndose a trav\u00e9s de una calle para responder a un accidente.\"},{\"@type\":\"BreadcrumbList\",\"@id\":\"https:\\\/\\\/ceolawyer.com\\\/espanol\\\/informe-de-accidente\\\/informe-policial-de-un-accidente-de-auto-en-georgia\\\/decatur\\\/#breadcrumb\",\"itemListElement\":[{\"@type\":\"ListItem\",\"position\":1,\"name\":\"Home\",\"item\":\"https:\\\/\\\/ceolawyer.com\\\/espanol\\\/\"},{\"@type\":\"ListItem\",\"position\":2,\"name\":\"Consigue el Reporte Policial de tu Accidente de Auto\",\"item\":\"https:\\\/\\\/ceolawyer.com\\\/espanol\\\/informe-de-accidente\\\/\"},{\"@type\":\"ListItem\",\"position\":3,\"name\":\"C\u00f3mo Solicitar el Informe Policial de un Accidente de Auto en Georgia\",\"item\":\"https:\\\/\\\/ceolawyer.com\\\/espanol\\\/informe-de-accidente\\\/informe-policial-de-un-accidente-de-auto-en-georgia\\\/\"},{\"@type\":\"ListItem\",\"position\":4,\"name\":\"C\u00f3mo Obtener el Informe de tu Accidente de Tr\u00e1nsito del Departamento de Polic\u00eda de Decatur\"}]},{\"@type\":\"WebSite\",\"@id\":\"https:\\\/\\\/ceolawyer.com\\\/espanol\\\/#website\",\"url\":\"https:\\\/\\\/ceolawyer.com\\\/espanol\\\/\",\"name\":\"CEO Lawyer\",\"description\":\"Personal Injury Attorney\",\"publisher\":{\"@id\":\"https:\\\/\\\/ceolawyer.com\\\/espanol\\\/#organization\"},\"potentialAction\":[{\"@type\":\"SearchAction\",\"target\":{\"@type\":\"EntryPoint\",\"urlTemplate\":\"https:\\\/\\\/ceolawyer.com\\\/espanol\\\/?s={search_term_string}\"},\"query-input\":{\"@type\":\"PropertyValueSpecification\",\"valueRequired\":true,\"valueName\":\"search_term_string\"}}],\"inLanguage\":\"en-US\"},{\"@type\":\"Organization\",\"@id\":\"https:\\\/\\\/ceolawyer.com\\\/espanol\\\/#organization\",\"name\":\"CEO Lawyer\",\"url\":\"https:\\\/\\\/ceolawyer.com\\\/espanol\\\/\",\"logo\":{\"@type\":\"ImageObject\",\"inLanguage\":\"en-US\",\"@id\":\"https:\\\/\\\/ceolawyer.com\\\/espanol\\\/#\\\/schema\\\/logo\\\/image\\\/\",\"url\":\"https:\\\/\\\/ceolawyer.com\\\/espanol\\\/wp-content\\\/uploads\\\/sites\\\/2\\\/2022\\\/05\\\/CEO_Logo.png\",\"contentUrl\":\"https:\\\/\\\/ceolawyer.com\\\/espanol\\\/wp-content\\\/uploads\\\/sites\\\/2\\\/2022\\\/05\\\/CEO_Logo.png\",\"width\":200,\"height\":108,\"caption\":\"CEO Lawyer\"},\"image\":{\"@id\":\"https:\\\/\\\/ceolawyer.com\\\/espanol\\\/#\\\/schema\\\/logo\\\/image\\\/\"}}]}<\/script>\n<!-- \/ Yoast SEO plugin. -->","yoast_head_json":{"title":"C\u00f3mo Obtener el Informe de tu Accidente de Tr\u00e1nsito del Departamento de Polic\u00eda de Decatur | CEO Lawyer","description":"Conseguir el reporte de tu accidente de auto del departamento de polic\u00eda de Decatur deber\u00eda ser algo sencillo. Lee m\u00e1s para obtener la informaci\u00f3n que necesitas y llama a CEO Lawyer Personal Injury Law Firm para m\u00e1s ayuda legal.","robots":{"index":"index","follow":"follow","max-snippet":"max-snippet:-1","max-image-preview":"max-image-preview:large","max-video-preview":"max-video-preview:-1"},"canonical":"https:\/\/ceolawyer.com\/espanol\/informe-de-accidente\/informe-policial-de-un-accidente-de-auto-en-georgia\/decatur\/","og_locale":"en_US","og_type":"article","og_title":"C\u00f3mo Obtener el Informe de tu Accidente de Tr\u00e1nsito del Departamento de Polic\u00eda de Decatur | CEO Lawyer","og_description":"Conseguir el reporte de tu accidente de auto del departamento de polic\u00eda de Decatur deber\u00eda ser algo sencillo. Lee m\u00e1s para obtener la informaci\u00f3n que necesitas y llama a CEO Lawyer Personal Injury Law Firm para m\u00e1s ayuda legal.","og_url":"https:\/\/ceolawyer.com\/espanol\/informe-de-accidente\/informe-policial-de-un-accidente-de-auto-en-georgia\/decatur\/","og_site_name":"CEO Lawyer","article_modified_time":"2025-12-19T15:32:35+00:00","og_image":[{"width":500,"height":300,"url":"https:\/\/ceolawyer.com\/espanol\/wp-content\/uploads\/sites\/2\/2025\/12\/How-to-Obtain-Your-Decatur-Police-Department-Car-Accident-Report.webp","type":"image\/webp"}],"twitter_card":"summary_large_image","twitter_misc":{"Est. reading time":"5 minutes"},"schema":{"@context":"https:\/\/schema.org","@graph":[{"@type":"WebPage","@id":"https:\/\/ceolawyer.com\/espanol\/informe-de-accidente\/informe-policial-de-un-accidente-de-auto-en-georgia\/decatur\/","url":"https:\/\/ceolawyer.com\/espanol\/informe-de-accidente\/informe-policial-de-un-accidente-de-auto-en-georgia\/decatur\/","name":"C\u00f3mo Obtener el Informe de tu Accidente de Tr\u00e1nsito del Departamento de Polic\u00eda de Decatur | CEO Lawyer","isPartOf":{"@id":"https:\/\/ceolawyer.com\/espanol\/#website"},"primaryImageOfPage":{"@id":"https:\/\/ceolawyer.com\/espanol\/informe-de-accidente\/informe-policial-de-un-accidente-de-auto-en-georgia\/decatur\/#primaryimage"},"image":{"@id":"https:\/\/ceolawyer.com\/espanol\/informe-de-accidente\/informe-policial-de-un-accidente-de-auto-en-georgia\/decatur\/#primaryimage"},"thumbnailUrl":"https:\/\/ceolawyer.com\/espanol\/wp-content\/uploads\/sites\/2\/2025\/12\/How-to-Obtain-Your-Decatur-Police-Department-Car-Accident-Report.webp","datePublished":"2025-12-19T15:27:33+00:00","dateModified":"2025-12-19T15:32:35+00:00","description":"Conseguir el reporte de tu accidente de auto del departamento de polic\u00eda de Decatur deber\u00eda ser algo sencillo. Lee m\u00e1s para obtener la informaci\u00f3n que necesitas y llama a CEO Lawyer Personal Injury Law Firm para m\u00e1s ayuda legal.","breadcrumb":{"@id":"https:\/\/ceolawyer.com\/espanol\/informe-de-accidente\/informe-policial-de-un-accidente-de-auto-en-georgia\/decatur\/#breadcrumb"},"inLanguage":"en-US","potentialAction":[{"@type":"ReadAction","target":["https:\/\/ceolawyer.com\/espanol\/informe-de-accidente\/informe-policial-de-un-accidente-de-auto-en-georgia\/decatur\/"]}]},{"@type":"ImageObject","inLanguage":"en-US","@id":"https:\/\/ceolawyer.com\/espanol\/informe-de-accidente\/informe-policial-de-un-accidente-de-auto-en-georgia\/decatur\/#primaryimage","url":"https:\/\/ceolawyer.com\/espanol\/wp-content\/uploads\/sites\/2\/2025\/12\/How-to-Obtain-Your-Decatur-Police-Department-Car-Accident-Report.webp","contentUrl":"https:\/\/ceolawyer.com\/espanol\/wp-content\/uploads\/sites\/2\/2025\/12\/How-to-Obtain-Your-Decatur-Police-Department-Car-Accident-Report.webp","width":500,"height":300,"caption":"Una captura de movimiento borroso de un auto policial con las luces prendidas movi\u00e9ndose a trav\u00e9s de una calle para responder a un accidente."},{"@type":"BreadcrumbList","@id":"https:\/\/ceolawyer.com\/espanol\/informe-de-accidente\/informe-policial-de-un-accidente-de-auto-en-georgia\/decatur\/#breadcrumb","itemListElement":[{"@type":"ListItem","position":1,"name":"Home","item":"https:\/\/ceolawyer.com\/espanol\/"},{"@type":"ListItem","position":2,"name":"Consigue el Reporte Policial de tu Accidente de Auto","item":"https:\/\/ceolawyer.com\/espanol\/informe-de-accidente\/"},{"@type":"ListItem","position":3,"name":"C\u00f3mo Solicitar el Informe Policial de un Accidente de Auto en Georgia","item":"https:\/\/ceolawyer.com\/espanol\/informe-de-accidente\/informe-policial-de-un-accidente-de-auto-en-georgia\/"},{"@type":"ListItem","position":4,"name":"C\u00f3mo Obtener el Informe de tu Accidente de Tr\u00e1nsito del Departamento de Polic\u00eda de Decatur"}]},{"@type":"WebSite","@id":"https:\/\/ceolawyer.com\/espanol\/#website","url":"https:\/\/ceolawyer.com\/espanol\/","name":"CEO Lawyer","description":"Personal Injury Attorney","publisher":{"@id":"https:\/\/ceolawyer.com\/espanol\/#organization"},"potentialAction":[{"@type":"SearchAction","target":{"@type":"EntryPoint","urlTemplate":"https:\/\/ceolawyer.com\/espanol\/?s={search_term_string}"},"query-input":{"@type":"PropertyValueSpecification","valueRequired":true,"valueName":"search_term_string"}}],"inLanguage":"en-US"},{"@type":"Organization","@id":"https:\/\/ceolawyer.com\/espanol\/#organization","name":"CEO Lawyer","url":"https:\/\/ceolawyer.com\/espanol\/","logo":{"@type":"ImageObject","inLanguage":"en-US","@id":"https:\/\/ceolawyer.com\/espanol\/#\/schema\/logo\/image\/","url":"https:\/\/ceolawyer.com\/espanol\/wp-content\/uploads\/sites\/2\/2022\/05\/CEO_Logo.png","contentUrl":"https:\/\/ceolawyer.com\/espanol\/wp-content\/uploads\/sites\/2\/2022\/05\/CEO_Logo.png","width":200,"height":108,"caption":"CEO Lawyer"},"image":{"@id":"https:\/\/ceolawyer.com\/espanol\/#\/schema\/logo\/image\/"}}]}},"_links":{"self":[{"href":"https:\/\/ceolawyer.com\/espanol\/wp-json\/wp\/v2\/pages\/12803","targetHints":{"allow":["GET"]}}],"collection":[{"href":"https:\/\/ceolawyer.com\/espanol\/wp-json\/wp\/v2\/pages"}],"about":[{"href":"https:\/\/ceolawyer.com\/espanol\/wp-json\/wp\/v2\/types\/page"}],"author":[{"embeddable":true,"href":"https:\/\/ceolawyer.com\/espanol\/wp-json\/wp\/v2\/users\/18"}],"replies":[{"embeddable":true,"href":"https:\/\/ceolawyer.com\/espanol\/wp-json\/wp\/v2\/comments?post=12803"}],"version-history":[{"count":0,"href":"https:\/\/ceolawyer.com\/espanol\/wp-json\/wp\/v2\/pages\/12803\/revisions"}],"up":[{"embeddable":true,"href":"https:\/\/ceolawyer.com\/espanol\/wp-json\/wp\/v2\/pages\/12737"}],"wp:featuredmedia":[{"embeddable":true,"href":"https:\/\/ceolawyer.com\/espanol\/wp-json\/wp\/v2\/media\/12805"}],"wp:attachment":[{"href":"https:\/\/ceolawyer.com\/espanol\/wp-json\/wp\/v2\/media?parent=12803"}],"curies":[{"name":"wp","href":"https:\/\/api.w.org\/{rel}","templated":true}]}}