{"id":12812,"date":"2025-12-19T15:48:07","date_gmt":"2025-12-19T15:48:07","guid":{"rendered":"https:\/\/ceolawyer.com\/espanol\/?page_id=12812"},"modified":"2025-12-19T15:52:34","modified_gmt":"2025-12-19T15:52:34","slug":"dekalb-sheriffs","status":"publish","type":"page","link":"https:\/\/ceolawyer.com\/espanol\/informe-de-accidente\/informe-policial-de-un-accidente-de-auto-en-georgia\/dekalb-sheriffs\/","title":{"rendered":"C\u00f3mo Obtener el Informe de tu Accidente de Auto de la Oficina del Sheriff del Condado de DeKalb"},"content":{"rendered":"<p><img decoding=\"async\" class=\"alignright size-full wp-image-12814\" src=\"https:\/\/ceolawyer.com\/espanol\/wp-content\/uploads\/sites\/2\/2025\/12\/How-to-Obtain-Your-Dekalb-Sheriffs-Office-Car-Accident-Report.webp\" alt=\"Una captura de cerca de un veh\u00edculo policial con una puerta abierta y luces prendidas en la escena de un accidente.\" width=\"500\" height=\"300\" srcset=\"https:\/\/ceolawyer.com\/espanol\/wp-content\/uploads\/sites\/2\/2025\/12\/How-to-Obtain-Your-Dekalb-Sheriffs-Office-Car-Accident-Report.webp 500w, https:\/\/ceolawyer.com\/espanol\/wp-content\/uploads\/sites\/2\/2025\/12\/How-to-Obtain-Your-Dekalb-Sheriffs-Office-Car-Accident-Report-300x180.webp 300w\" sizes=\"(max-width: 500px) 100vw, 500px\" \/>El estr\u00e9s y la confusi\u00f3n despu\u00e9s de un accidente de tr\u00e1nsito pueden ser abrumadores. En medio de esta situaci\u00f3n, obtener una copia del informe oficial de la polic\u00eda es fundamental. Este informe es una pieza clave de evidencia para:<\/p>\n<ul>\n<li><strong>Reclamaciones de Seguro:<\/strong> Proporciona una descripci\u00f3n neutral del accidente, agilizando tu reclamaci\u00f3n y asegurando una compensaci\u00f3n justa.<\/li>\n<li><strong>Procedimientos Legales:<\/strong> Sirve como prueba documentada en caso de que necesites emprender acciones legales.<\/li>\n<li><strong>Registros Personales:<\/strong> Act\u00faa como referencia crucial para futuras consultas sobre los detalles del accidente.<\/li>\n<\/ul>\n<h3>La Oficina del Sheriff de DeKalb<\/h3>\n<p>Antes de adentrarnos al proceso de la solicitud de tu informe, es importante saber un poco sobre la Oficina del Alguacil del Condado de DeKalb. Esta agencia es responsable de garantizar la seguridad y el cumplimiento de la ley en el condado.<\/p>\n<h4>Misi\u00f3n y valores<\/h4>\n<p>La Oficina del Sheriff del Condado de DeKalb est\u00e1 comprometida a brindar excelencia, con responsabilidad y respeto a su trabajo diario. Se rige por los valores de la \u00e9tica, la honestidad, la transparencia y la equidad en relaci\u00f3n con la comunidad.<\/p>\n<h4>Funciones principales<\/h4>\n<ul>\n<li>Garantiza condiciones seguras y humanas para los individuos que se encuentran presos.<\/li>\n<li>Facilita los procedimientos en los tribunales.<\/li>\n<li>Maneja \u00f3rdenes de arresto y otros procesos legales.<\/li>\n<\/ul>\n<h4>Acreditaciones<\/h4>\n<p>Desde 2008, la Oficina del Sheriff del Condado de DeKalb cuenta con certificaciones de las siguientes entidades:<\/p>\n<ul>\n<li><strong>CALEA:<\/strong> Comisi\u00f3n de Acreditaci\u00f3n de Aplicaci\u00f3n de la Ley.<\/li>\n<li><strong>NCCHC: <\/strong>Comisi\u00f3n Nacional de Atenci\u00f3n de la Salud Correccional.<\/li>\n<li><strong>ACA: <\/strong>Asociaci\u00f3n Americana de Correccionales.<\/li>\n<\/ul>\n<h4>Compromiso con la comunidad<\/h4>\n<p>La oficina realiza actividades comunitarias, visitas guiadas y eventos para fortalecer la relaci\u00f3n entre la polic\u00eda y los ciudadanos.<\/p>\n<h2>Solicitud del informe de tu accidente<\/h2>\n<h3>Informaci\u00f3n que vas a necesitar<\/h3>\n<p>Antes de pedir el informe, ten a la mano:<\/p>\n<ul>\n<li>Fecha, hora y lugar del accidente.<\/li>\n<li>N\u00famero del caso (si lo sabes).<\/li>\n<li>Nombres, datos de contacto y licencias de los involucrados.<\/li>\n<\/ul>\n<h3>Solicitud en l\u00ednea<\/h3>\n<ul>\n<li>Dir\u00edgete a la p\u00e1gina del <a href=\"https:\/\/dekalbsheriff.govqa.us\/WEBAPP\/_rs\/(S(z545vlfiisdroue4mcendt0w))\/supporthome.aspx\">Centro de Registros P\u00fablicos<\/a> de la Oficina del Sheriff.<\/li>\n<li>Tambi\u00e9n puedes llamar al <a href=\"tel:+14042988171\">404-298-8171<\/a> para recibir instrucciones de c\u00f3mo solicitar el informe.<\/li>\n<li>Descarga y llena el Formulario de <a href=\"https:\/\/www.dekalbcountyga.gov\/sites\/default\/files\/users\/user3654\/Motor%20Vehicle%20Accident%20Report%20Request%20Form.pdf\">Solicitud de Reporte de Accidente Vehicular<\/a>.<\/li>\n<li>Incluye el formulario junto con un cheque o giro postal de $5.00 d\u00f3lares, a nombre de \u201cDeKalb County Police Department\u201d a la siguiente direcci\u00f3n:<\/li>\n<\/ul>\n<p>DeKalb County Police Department<\/p>\n<p>Attn: Police Records Section<\/p>\n<p>1960 West Exchange Place<\/p>\n<p>Second Floor, Room 210<\/p>\n<p>Tucker, GA 30084<\/p>\n<h3>En persona<\/h3>\n<ul>\n<li>Contacta al Departamento de Registros P\u00fablicos al <a href=\"tel:+14042988171\">404-298-8171<\/a> para solicitar recoger una copia del informe.<\/li>\n<li>Dir\u00edgete a: 4415 Memorial Dr, Decatur, GA 30032.<\/li>\n<\/ul>\n<h3>Solicitud por correo postal<\/h3>\n<p>Contacta al Departamento de Registros P\u00fablicos para recibir instrucciones para que tu informe sea env\u00edado por correo postal.<\/p>\n<h4>Consejos y cosas a considerar<\/h4>\n<ul>\n<li>Normalmente, los informes de accidentes est\u00e1n disponibles a partir de cinco d\u00edas h\u00e1biles despu\u00e9s del accidente.<\/li>\n<li>Puede haber una tarifa por la copia del informe; conf\u00edrmalo antes de hacer tu solicitud.<\/li>\n<li>Tener el n\u00famero del caso puede agilizar todo el proceso y la b\u00fasqueda.<\/li>\n<\/ul>\n<h2>Qu\u00e9 contiene un informe de accidente<\/h2>\n<p>Generalmente, los informes policiales incluyen la siguiente informaci\u00f3n:<\/p>\n<ul>\n<li>Fecha, hora, lugar y descripci\u00f3n del accidente.<\/li>\n<li>Nombre, informaci\u00f3n de contacto de los involucrados, as\u00ed como detalles de los veh\u00edculos.<\/li>\n<li>Declaraciones de las partes involucradas, pasajeros y testigos que presenciaron el accidente.<\/li>\n<li>Diagramas o representaciones visuales del impacto y trayectorias de los veh\u00edculos.<\/li>\n<li>En algunos casos, el informe puede incluir las conclusiones del oficial sobre las causas del accidente.<\/li>\n<\/ul>\n<h2>\u00bfY si el accidente ocurri\u00f3 fuera del condado de DeKalb?<\/h2>\n<p>Si tu accidente de auto ocurri\u00f3 en otra jurisdicci\u00f3n, sigue estas instrucciones:<\/p>\n<ol>\n<li>Identifica el condado o estado donde ocurri\u00f3 el accidente.<\/li>\n<li>Contacta a la agencia policial correspondiente.<\/li>\n<li>Proporciona los detalles del accidente.<\/li>\n<li>Pregunta si hay alguna tarifa por recibir una copia del reporte.<\/li>\n<li>Considera el tiempo de procesamiento, ya que puede variar.<\/li>\n<\/ol>\n<h2>Considera solicitar apoyo legal tras tu accidente<\/h2>\n<p>Si el proceso se complica o necesitas ayuda legal, un <a href=\"https:\/\/ceolawyer.com\/dekalb-county-personal-injury\/car-accident-lawyer\/\">abogado experimentado en accidentes de auto en el Condado de DeKalb<\/a> puede apoyarte a:<\/p>\n<ul>\n<li>Recopilar y analizar la evidencia, incluyendo el reporte policial.<\/li>\n<li>Negociar con las aseguradoras y abogados defensores para obtener una compensaci\u00f3n justa de tus da\u00f1os.<\/li>\n<li>Representar tus intereses si tu caso llega a un juicio.<\/li>\n<li>Manejar la documentaci\u00f3n legal y asegurarse de que todo est\u00e9 en orden.<\/li>\n<\/ul>\n<p>Contacta a las oficinas de CEO Lawyer Personal Injury Law Firm para recibir una consulta si tienes problemas en obtener el informe de tu accidente de la Oficina del Alguacil de DeKalb.<\/p>\n","protected":false},"excerpt":{"rendered":"<p>El estr\u00e9s y la confusi\u00f3n despu\u00e9s de un accidente de tr\u00e1nsito pueden ser abrumadores. En medio de esta situaci\u00f3n, obtener una copia del informe oficial de la polic\u00eda es fundamental. Este informe es una pieza clave de evidencia para: Reclamaciones de Seguro: Proporciona una descripci\u00f3n neutral del accidente, agilizando tu reclamaci\u00f3n y asegurando una compensaci\u00f3n [&hellip;]<\/p>\n","protected":false},"author":18,"featured_media":12814,"parent":12737,"menu_order":0,"comment_status":"closed","ping_status":"closed","template":"","meta":{"_acf_changed":false,"footnotes":""},"class_list":["post-12812","page","type-page","status-publish","has-post-thumbnail","hentry"],"acf":[],"yoast_head":"<!-- This site is optimized with the Yoast SEO plugin v27.2 - https:\/\/yoast.com\/product\/yoast-seo-wordpress\/ -->\n<title>C\u00f3mo Obtener el Informe de tu Accidente de Auto de la Oficina del Sheriff del Condado de DeKalb | CEO Lawyer<\/title>\n<meta name=\"description\" content=\"Conseguir el reporte de tu accidente de auto de la Oficina del Sheriff de Dekalb es f\u00e1cil, solo sigue nuestras instrucciones. Contacta a CEO Lawyer Personal Injury Law Firm para m\u00e1s apoyo legal al (470) 822-9057.\" \/>\n<meta name=\"robots\" content=\"index, follow, max-snippet:-1, max-image-preview:large, max-video-preview:-1\" \/>\n<link rel=\"canonical\" href=\"https:\/\/ceolawyer.com\/espanol\/informe-de-accidente\/informe-policial-de-un-accidente-de-auto-en-georgia\/dekalb-sheriffs\/\" \/>\n<meta property=\"og:locale\" content=\"en_US\" \/>\n<meta property=\"og:type\" content=\"article\" \/>\n<meta property=\"og:title\" content=\"C\u00f3mo Obtener el Informe de tu Accidente de Auto de la Oficina del Sheriff del Condado de DeKalb | CEO Lawyer\" \/>\n<meta property=\"og:description\" content=\"Conseguir el reporte de tu accidente de auto de la Oficina del Sheriff de Dekalb es f\u00e1cil, solo sigue nuestras instrucciones. Contacta a CEO Lawyer Personal Injury Law Firm para m\u00e1s apoyo legal al (470) 822-9057.\" \/>\n<meta property=\"og:url\" content=\"https:\/\/ceolawyer.com\/espanol\/informe-de-accidente\/informe-policial-de-un-accidente-de-auto-en-georgia\/dekalb-sheriffs\/\" \/>\n<meta property=\"og:site_name\" content=\"CEO Lawyer\" \/>\n<meta property=\"article:modified_time\" content=\"2025-12-19T15:52:34+00:00\" \/>\n<meta property=\"og:image\" content=\"https:\/\/ceolawyer.com\/espanol\/wp-content\/uploads\/sites\/2\/2025\/12\/How-to-Obtain-Your-Dekalb-Sheriffs-Office-Car-Accident-Report.webp\" \/>\n\t<meta property=\"og:image:width\" content=\"500\" \/>\n\t<meta property=\"og:image:height\" content=\"300\" \/>\n\t<meta property=\"og:image:type\" content=\"image\/webp\" \/>\n<meta name=\"twitter:card\" content=\"summary_large_image\" \/>\n<meta name=\"twitter:label1\" content=\"Est. reading time\" \/>\n\t<meta name=\"twitter:data1\" content=\"4 minutes\" \/>\n<script type=\"application\/ld+json\" class=\"yoast-schema-graph\">{\"@context\":\"https:\/\/schema.org\",\"@graph\":[{\"@type\":\"WebPage\",\"@id\":\"https:\/\/ceolawyer.com\/espanol\/informe-de-accidente\/informe-policial-de-un-accidente-de-auto-en-georgia\/dekalb-sheriffs\/\",\"url\":\"https:\/\/ceolawyer.com\/espanol\/informe-de-accidente\/informe-policial-de-un-accidente-de-auto-en-georgia\/dekalb-sheriffs\/\",\"name\":\"C\u00f3mo Obtener el Informe de tu Accidente de Auto de la Oficina del Sheriff del Condado de DeKalb | CEO Lawyer\",\"isPartOf\":{\"@id\":\"https:\/\/ceolawyer.com\/espanol\/#website\"},\"primaryImageOfPage\":{\"@id\":\"https:\/\/ceolawyer.com\/espanol\/informe-de-accidente\/informe-policial-de-un-accidente-de-auto-en-georgia\/dekalb-sheriffs\/#primaryimage\"},\"image\":{\"@id\":\"https:\/\/ceolawyer.com\/espanol\/informe-de-accidente\/informe-policial-de-un-accidente-de-auto-en-georgia\/dekalb-sheriffs\/#primaryimage\"},\"thumbnailUrl\":\"https:\/\/ceolawyer.com\/espanol\/wp-content\/uploads\/sites\/2\/2025\/12\/How-to-Obtain-Your-Dekalb-Sheriffs-Office-Car-Accident-Report.webp\",\"datePublished\":\"2025-12-19T15:48:07+00:00\",\"dateModified\":\"2025-12-19T15:52:34+00:00\",\"description\":\"Conseguir el reporte de tu accidente de auto de la Oficina del Sheriff de Dekalb es f\u00e1cil, solo sigue nuestras instrucciones. Contacta a CEO Lawyer Personal Injury Law Firm para m\u00e1s apoyo legal al (470) 822-9057.\",\"breadcrumb\":{\"@id\":\"https:\/\/ceolawyer.com\/espanol\/informe-de-accidente\/informe-policial-de-un-accidente-de-auto-en-georgia\/dekalb-sheriffs\/#breadcrumb\"},\"inLanguage\":\"en-US\",\"potentialAction\":[{\"@type\":\"ReadAction\",\"target\":[\"https:\/\/ceolawyer.com\/espanol\/informe-de-accidente\/informe-policial-de-un-accidente-de-auto-en-georgia\/dekalb-sheriffs\/\"]}]},{\"@type\":\"ImageObject\",\"inLanguage\":\"en-US\",\"@id\":\"https:\/\/ceolawyer.com\/espanol\/informe-de-accidente\/informe-policial-de-un-accidente-de-auto-en-georgia\/dekalb-sheriffs\/#primaryimage\",\"url\":\"https:\/\/ceolawyer.com\/espanol\/wp-content\/uploads\/sites\/2\/2025\/12\/How-to-Obtain-Your-Dekalb-Sheriffs-Office-Car-Accident-Report.webp\",\"contentUrl\":\"https:\/\/ceolawyer.com\/espanol\/wp-content\/uploads\/sites\/2\/2025\/12\/How-to-Obtain-Your-Dekalb-Sheriffs-Office-Car-Accident-Report.webp\",\"width\":500,\"height\":300,\"caption\":\"Una captura de cerca de un veh\u00edculo policial con una puerta abierta y luces prendidas en la escena de un accidente.\"},{\"@type\":\"BreadcrumbList\",\"@id\":\"https:\/\/ceolawyer.com\/espanol\/informe-de-accidente\/informe-policial-de-un-accidente-de-auto-en-georgia\/dekalb-sheriffs\/#breadcrumb\",\"itemListElement\":[{\"@type\":\"ListItem\",\"position\":1,\"name\":\"Home\",\"item\":\"https:\/\/ceolawyer.com\/espanol\/\"},{\"@type\":\"ListItem\",\"position\":2,\"name\":\"Consigue el Reporte Policial de tu Accidente de Auto\",\"item\":\"https:\/\/ceolawyer.com\/espanol\/informe-de-accidente\/\"},{\"@type\":\"ListItem\",\"position\":3,\"name\":\"C\u00f3mo Solicitar el Informe Policial de un Accidente de Auto en Georgia\",\"item\":\"https:\/\/ceolawyer.com\/espanol\/informe-de-accidente\/informe-policial-de-un-accidente-de-auto-en-georgia\/\"},{\"@type\":\"ListItem\",\"position\":4,\"name\":\"C\u00f3mo Obtener el Informe de tu Accidente de Auto de la Oficina del Sheriff del Condado de DeKalb\"}]},{\"@type\":\"WebSite\",\"@id\":\"https:\/\/ceolawyer.com\/espanol\/#website\",\"url\":\"https:\/\/ceolawyer.com\/espanol\/\",\"name\":\"CEO Lawyer\",\"description\":\"Personal Injury Attorney\",\"publisher\":{\"@id\":\"https:\/\/ceolawyer.com\/espanol\/#organization\"},\"potentialAction\":[{\"@type\":\"SearchAction\",\"target\":{\"@type\":\"EntryPoint\",\"urlTemplate\":\"https:\/\/ceolawyer.com\/espanol\/?s={search_term_string}\"},\"query-input\":{\"@type\":\"PropertyValueSpecification\",\"valueRequired\":true,\"valueName\":\"search_term_string\"}}],\"inLanguage\":\"en-US\"},{\"@type\":\"Organization\",\"@id\":\"https:\/\/ceolawyer.com\/espanol\/#organization\",\"name\":\"CEO Lawyer\",\"url\":\"https:\/\/ceolawyer.com\/espanol\/\",\"logo\":{\"@type\":\"ImageObject\",\"inLanguage\":\"en-US\",\"@id\":\"https:\/\/ceolawyer.com\/espanol\/#\/schema\/logo\/image\/\",\"url\":\"https:\/\/ceolawyer.com\/espanol\/wp-content\/uploads\/sites\/2\/2022\/05\/CEO_Logo.png\",\"contentUrl\":\"https:\/\/ceolawyer.com\/espanol\/wp-content\/uploads\/sites\/2\/2022\/05\/CEO_Logo.png\",\"width\":200,\"height\":108,\"caption\":\"CEO Lawyer\"},\"image\":{\"@id\":\"https:\/\/ceolawyer.com\/espanol\/#\/schema\/logo\/image\/\"}}]}<\/script>\n<!-- \/ Yoast SEO plugin. -->","yoast_head_json":{"title":"C\u00f3mo Obtener el Informe de tu Accidente de Auto de la Oficina del Sheriff del Condado de DeKalb | CEO Lawyer","description":"Conseguir el reporte de tu accidente de auto de la Oficina del Sheriff de Dekalb es f\u00e1cil, solo sigue nuestras instrucciones. Contacta a CEO Lawyer Personal Injury Law Firm para m\u00e1s apoyo legal al (470) 822-9057.","robots":{"index":"index","follow":"follow","max-snippet":"max-snippet:-1","max-image-preview":"max-image-preview:large","max-video-preview":"max-video-preview:-1"},"canonical":"https:\/\/ceolawyer.com\/espanol\/informe-de-accidente\/informe-policial-de-un-accidente-de-auto-en-georgia\/dekalb-sheriffs\/","og_locale":"en_US","og_type":"article","og_title":"C\u00f3mo Obtener el Informe de tu Accidente de Auto de la Oficina del Sheriff del Condado de DeKalb | CEO Lawyer","og_description":"Conseguir el reporte de tu accidente de auto de la Oficina del Sheriff de Dekalb es f\u00e1cil, solo sigue nuestras instrucciones. Contacta a CEO Lawyer Personal Injury Law Firm para m\u00e1s apoyo legal al (470) 822-9057.","og_url":"https:\/\/ceolawyer.com\/espanol\/informe-de-accidente\/informe-policial-de-un-accidente-de-auto-en-georgia\/dekalb-sheriffs\/","og_site_name":"CEO Lawyer","article_modified_time":"2025-12-19T15:52:34+00:00","og_image":[{"width":500,"height":300,"url":"https:\/\/ceolawyer.com\/espanol\/wp-content\/uploads\/sites\/2\/2025\/12\/How-to-Obtain-Your-Dekalb-Sheriffs-Office-Car-Accident-Report.webp","type":"image\/webp"}],"twitter_card":"summary_large_image","twitter_misc":{"Est. reading time":"4 minutes"},"schema":{"@context":"https:\/\/schema.org","@graph":[{"@type":"WebPage","@id":"https:\/\/ceolawyer.com\/espanol\/informe-de-accidente\/informe-policial-de-un-accidente-de-auto-en-georgia\/dekalb-sheriffs\/","url":"https:\/\/ceolawyer.com\/espanol\/informe-de-accidente\/informe-policial-de-un-accidente-de-auto-en-georgia\/dekalb-sheriffs\/","name":"C\u00f3mo Obtener el Informe de tu Accidente de Auto de la Oficina del Sheriff del Condado de DeKalb | CEO Lawyer","isPartOf":{"@id":"https:\/\/ceolawyer.com\/espanol\/#website"},"primaryImageOfPage":{"@id":"https:\/\/ceolawyer.com\/espanol\/informe-de-accidente\/informe-policial-de-un-accidente-de-auto-en-georgia\/dekalb-sheriffs\/#primaryimage"},"image":{"@id":"https:\/\/ceolawyer.com\/espanol\/informe-de-accidente\/informe-policial-de-un-accidente-de-auto-en-georgia\/dekalb-sheriffs\/#primaryimage"},"thumbnailUrl":"https:\/\/ceolawyer.com\/espanol\/wp-content\/uploads\/sites\/2\/2025\/12\/How-to-Obtain-Your-Dekalb-Sheriffs-Office-Car-Accident-Report.webp","datePublished":"2025-12-19T15:48:07+00:00","dateModified":"2025-12-19T15:52:34+00:00","description":"Conseguir el reporte de tu accidente de auto de la Oficina del Sheriff de Dekalb es f\u00e1cil, solo sigue nuestras instrucciones. Contacta a CEO Lawyer Personal Injury Law Firm para m\u00e1s apoyo legal al (470) 822-9057.","breadcrumb":{"@id":"https:\/\/ceolawyer.com\/espanol\/informe-de-accidente\/informe-policial-de-un-accidente-de-auto-en-georgia\/dekalb-sheriffs\/#breadcrumb"},"inLanguage":"en-US","potentialAction":[{"@type":"ReadAction","target":["https:\/\/ceolawyer.com\/espanol\/informe-de-accidente\/informe-policial-de-un-accidente-de-auto-en-georgia\/dekalb-sheriffs\/"]}]},{"@type":"ImageObject","inLanguage":"en-US","@id":"https:\/\/ceolawyer.com\/espanol\/informe-de-accidente\/informe-policial-de-un-accidente-de-auto-en-georgia\/dekalb-sheriffs\/#primaryimage","url":"https:\/\/ceolawyer.com\/espanol\/wp-content\/uploads\/sites\/2\/2025\/12\/How-to-Obtain-Your-Dekalb-Sheriffs-Office-Car-Accident-Report.webp","contentUrl":"https:\/\/ceolawyer.com\/espanol\/wp-content\/uploads\/sites\/2\/2025\/12\/How-to-Obtain-Your-Dekalb-Sheriffs-Office-Car-Accident-Report.webp","width":500,"height":300,"caption":"Una captura de cerca de un veh\u00edculo policial con una puerta abierta y luces prendidas en la escena de un accidente."},{"@type":"BreadcrumbList","@id":"https:\/\/ceolawyer.com\/espanol\/informe-de-accidente\/informe-policial-de-un-accidente-de-auto-en-georgia\/dekalb-sheriffs\/#breadcrumb","itemListElement":[{"@type":"ListItem","position":1,"name":"Home","item":"https:\/\/ceolawyer.com\/espanol\/"},{"@type":"ListItem","position":2,"name":"Consigue el Reporte Policial de tu Accidente de Auto","item":"https:\/\/ceolawyer.com\/espanol\/informe-de-accidente\/"},{"@type":"ListItem","position":3,"name":"C\u00f3mo Solicitar el Informe Policial de un Accidente de Auto en Georgia","item":"https:\/\/ceolawyer.com\/espanol\/informe-de-accidente\/informe-policial-de-un-accidente-de-auto-en-georgia\/"},{"@type":"ListItem","position":4,"name":"C\u00f3mo Obtener el Informe de tu Accidente de Auto de la Oficina del Sheriff del Condado de DeKalb"}]},{"@type":"WebSite","@id":"https:\/\/ceolawyer.com\/espanol\/#website","url":"https:\/\/ceolawyer.com\/espanol\/","name":"CEO Lawyer","description":"Personal Injury Attorney","publisher":{"@id":"https:\/\/ceolawyer.com\/espanol\/#organization"},"potentialAction":[{"@type":"SearchAction","target":{"@type":"EntryPoint","urlTemplate":"https:\/\/ceolawyer.com\/espanol\/?s={search_term_string}"},"query-input":{"@type":"PropertyValueSpecification","valueRequired":true,"valueName":"search_term_string"}}],"inLanguage":"en-US"},{"@type":"Organization","@id":"https:\/\/ceolawyer.com\/espanol\/#organization","name":"CEO Lawyer","url":"https:\/\/ceolawyer.com\/espanol\/","logo":{"@type":"ImageObject","inLanguage":"en-US","@id":"https:\/\/ceolawyer.com\/espanol\/#\/schema\/logo\/image\/","url":"https:\/\/ceolawyer.com\/espanol\/wp-content\/uploads\/sites\/2\/2022\/05\/CEO_Logo.png","contentUrl":"https:\/\/ceolawyer.com\/espanol\/wp-content\/uploads\/sites\/2\/2022\/05\/CEO_Logo.png","width":200,"height":108,"caption":"CEO Lawyer"},"image":{"@id":"https:\/\/ceolawyer.com\/espanol\/#\/schema\/logo\/image\/"}}]}},"_links":{"self":[{"href":"https:\/\/ceolawyer.com\/espanol\/wp-json\/wp\/v2\/pages\/12812","targetHints":{"allow":["GET"]}}],"collection":[{"href":"https:\/\/ceolawyer.com\/espanol\/wp-json\/wp\/v2\/pages"}],"about":[{"href":"https:\/\/ceolawyer.com\/espanol\/wp-json\/wp\/v2\/types\/page"}],"author":[{"embeddable":true,"href":"https:\/\/ceolawyer.com\/espanol\/wp-json\/wp\/v2\/users\/18"}],"replies":[{"embeddable":true,"href":"https:\/\/ceolawyer.com\/espanol\/wp-json\/wp\/v2\/comments?post=12812"}],"version-history":[{"count":0,"href":"https:\/\/ceolawyer.com\/espanol\/wp-json\/wp\/v2\/pages\/12812\/revisions"}],"up":[{"embeddable":true,"href":"https:\/\/ceolawyer.com\/espanol\/wp-json\/wp\/v2\/pages\/12737"}],"wp:featuredmedia":[{"embeddable":true,"href":"https:\/\/ceolawyer.com\/espanol\/wp-json\/wp\/v2\/media\/12814"}],"wp:attachment":[{"href":"https:\/\/ceolawyer.com\/espanol\/wp-json\/wp\/v2\/media?parent=12812"}],"curies":[{"name":"wp","href":"https:\/\/api.w.org\/{rel}","templated":true}]}}