{"id":12824,"date":"2025-12-19T16:23:54","date_gmt":"2025-12-19T16:23:54","guid":{"rendered":"https:\/\/ceolawyer.com\/espanol\/?page_id=12824"},"modified":"2025-12-19T16:28:51","modified_gmt":"2025-12-19T16:28:51","slug":"east-point","status":"publish","type":"page","link":"https:\/\/ceolawyer.com\/espanol\/informe-de-accidente\/informe-policial-de-un-accidente-de-auto-en-georgia\/east-point\/","title":{"rendered":"C\u00f3mo Obtener el Informe de tu Accidente de Auto del Departamento de Polic\u00eda de East Point"},"content":{"rendered":"<p><img decoding=\"async\" class=\"alignright size-full wp-image-12826\" src=\"https:\/\/ceolawyer.com\/espanol\/wp-content\/uploads\/sites\/2\/2025\/12\/Un-oficial-policial-sonriendo-con-manos-en-sus-caderas-mientras-ve-hacia-la-camara.webp\" alt=\"Un oficial policial sonriendo con manos en sus caderas mientras ve hacia la c\u00e1mara.\" width=\"500\" height=\"300\" srcset=\"https:\/\/ceolawyer.com\/espanol\/wp-content\/uploads\/sites\/2\/2025\/12\/Un-oficial-policial-sonriendo-con-manos-en-sus-caderas-mientras-ve-hacia-la-camara.webp 500w, https:\/\/ceolawyer.com\/espanol\/wp-content\/uploads\/sites\/2\/2025\/12\/Un-oficial-policial-sonriendo-con-manos-en-sus-caderas-mientras-ve-hacia-la-camara-300x180.webp 300w\" sizes=\"(max-width: 500px) 100vw, 500px\" \/>Admit\u00e1moslo: Lidiar con un accidente automovil\u00edstico es lo peor. No s\u00f3lo pueden dejarte en una situaci\u00f3n de estr\u00e9s, sino que tambi\u00e9n debes organizar todo el papeleo que conlleva.<\/p>\n<p>Un documento clave que vas a necesitar ser\u00e1 el reporte policial del accidente. Este informe es un registro de todo el accidente. Si tu accidente tuvo lugar en East Point, Georgia, sigue leyendo y descubre c\u00f3mo conseguir este informe del Departamento de Polic\u00eda local.<\/p>\n<h2>\u00bfPor qu\u00e9 es importante conseguir el informe policial?<\/h2>\n<p>Este documento oficial sirve como parte de la evidencia para estos procesos:<\/p>\n<ul>\n<li><strong>Reclamaciones de seguro: <\/strong>Las compa\u00f1\u00edas de seguro utilizan el reporte policial para darle inicio al proceso de tu reclamaci\u00f3n, a determinar qui\u00e9n fue el responsable del accidente y calcular los da\u00f1os.<\/li>\n<li><strong>Procedimientos legales: <\/strong>Si hubo lesiones o da\u00f1os significativos, el informe policial sirve como evidencia para tomar acciones legales y en juicios.<\/li>\n<li><strong>Negociaciones: <\/strong>Apoya tu caso en negociaciones con la aseguradora de los otros involucrados.<\/li>\n<\/ul>\n<h2>Pasos para solicitar el informe<\/h2>\n<h3>En persona<\/h3>\n<ol>\n<li>Visita el Departamento de Polic\u00eda de East Point en:<\/li>\n<ul>\n<li><strong>Direcci\u00f3n: <\/strong>2727 East Point Street, East Point, GA 30344.<\/li>\n<li><strong>Horario:<\/strong> Lunes a viernes, de 8AM a 5PM.<\/li>\n<\/ul>\n<li>Proporciona los detalles del accidente, como tu nombre y el n\u00famero del informe (si lo tienes), y sigue las instrucciones que te indiquen.<\/li>\n<\/ol>\n<h3>Por tel\u00e9fono<\/h3>\n<ol>\n<li>Llama al Departamento de Polic\u00eda de East Point al <a href=\"tel:+14047612177\">(404) 761-2177<\/a>.<\/li>\n<li>Solicita una copia del reporte de tu accidente proporcionando la informaci\u00f3n necesaria.<\/li>\n<\/ol>\n<h2>\u00bfQu\u00e9 incluye el informe de accidente?<\/h2>\n<p>Estos son algunos de los datos importantes que encontrar\u00e1s en el reporte policial:<\/p>\n<ul>\n<li><strong>Detalles del choque: <\/strong>Fecha, hora y lugar del accidente, as\u00ed como una descripci\u00f3n de los hechos.<\/li>\n<li><strong>Informaci\u00f3n de los involucrados: <\/strong>Datos de contacto y declaraciones de conductores, pasajeros y testigos.<\/li>\n<li><strong>Diagramas: <\/strong>Una representaci\u00f3n visual de la escena del accidente.<\/li>\n<li><strong>Conclusiones del oficial: <\/strong>Una evaluaci\u00f3n preliminar de las causas del accidente y, si corresponde, qui\u00e9n fue la parte responsable.<\/li>\n<\/ul>\n<h3>Discrepancias en el informe<\/h3>\n<p>Si no est\u00e1s de acuerdo con las conclusiones del oficial en el informe, sigue estas instrucciones:<\/p>\n<ol>\n<li>Revisa cuidadosamente el reporte y anota cualquier error.<\/li>\n<li>Recopila evidencia que respalde tu versi\u00f3n de los hechos.<\/li>\n<li>Comun\u00edcate respetuosamente con el oficial que redact\u00f3 el informe para expresar tus preocupaciones y proporcionar contexto adicional.<\/li>\n<li>Si es necesario, presenta un informe complementario con tu versi\u00f3n del accidente al departamento de polic\u00eda para su consideraci\u00f3n.<\/li>\n<li>Busca asesor\u00eda legal si estas discrepancias afectan tu reclamaci\u00f3n de seguro o caso legal; tu abogado podr\u00e1 orientarte sobre los pasos a seguir.<\/li>\n<\/ol>\n<h4>Visita el Departamento de Polic\u00eda de East Point<\/h4>\n<p>Si prefieres acudir a las oficinas del departamento para discutir en persona tu reporte, esto es lo que debes hacer:<\/p>\n<ol>\n<li>Acudir a esta direcci\u00f3n: 2727 East Point Street, East Point, GA 30344, entre 8AM y 5PM de lunes a viernes.<\/li>\n<li>Lleva una copia del reporte de tu accidente y la evidencia adicional.<\/li>\n<li>Explica claramente tus inquietudes con el oficial o el personal del departamento de registros.<\/li>\n<li>Mant\u00e9n una actitud calmada y respetuosa durante tu visita.<\/li>\n<li>Tambi\u00e9n es importante ser paciente, ya que los oficiales manejan varios casos al mismo tiempo.<\/li>\n<\/ol>\n<h4>Acude con tu representante legal<\/h4>\n<p>Tienes derecho a que un abogado te acompa\u00f1e para discutir el informe de tu accidente con el Departamento de Polic\u00eda de East Point. Aqu\u00ed est\u00e1n algunos beneficios:<\/p>\n<ul>\n<li>Tu abogado podr\u00e1 guiarte durante el proceso y asegurarse de que tus derechos sean respetados.<\/li>\n<li>Puede ayudarte a solicitar una revisi\u00f3n del caso.<\/li>\n<\/ul>\n<h2>Contacta a CEO Lawer para asesor\u00eda legal<\/h2>\n<p>Si estuviste involucrado en un accidente de auto y necesitas apoyo legal, considera acercarte a CEO Lawyer Personal Injury Law Firm. Nuestro <a href=\"https:\/\/ceolawyer.com\/georgia-personal-injury\/car-accident-lawyer\/\">equipo de abogados con experiencia en accidentes de tr\u00e1fico en Georgia<\/a> tienen una amplia trayectoria de \u00e9xitos:<\/p>\n<ul>\n<li>Accidentes con cami\u00f3n de remolque: Acuerdos de $3 millones de d\u00f3lares.<\/li>\n<li>Lesiones en el hombro: Acuerdos de #1.25 millones de d\u00f3lares.<\/li>\n<li>Casos de choque con fuga: Tenemos experiencia manejando casos de este tipo.<\/li>\n<\/ul>\n<p>Cont\u00e1ctanos al <a href=\"tel:+14708229057\"><strong>(470) 822-9057<\/strong><\/a> o <a href=\"https:\/\/ceolawyer.com\/contact-us\/\">solicita una consulta gratuita<\/a>. Recuerda que nos encargaremos de que tus derechos sean respetados y que logres obtener una indemnizaci\u00f3n por los da\u00f1os causados por el accidente de auto en East Point.<\/p>\n","protected":false},"excerpt":{"rendered":"<p>Admit\u00e1moslo: Lidiar con un accidente automovil\u00edstico es lo peor. No s\u00f3lo pueden dejarte en una situaci\u00f3n de estr\u00e9s, sino que tambi\u00e9n debes organizar todo el papeleo que conlleva. Un documento clave que vas a necesitar ser\u00e1 el reporte policial del accidente. Este informe es un registro de todo el accidente. Si tu accidente tuvo lugar [&hellip;]<\/p>\n","protected":false},"author":18,"featured_media":12826,"parent":12737,"menu_order":0,"comment_status":"closed","ping_status":"closed","template":"","meta":{"_acf_changed":false,"footnotes":""},"class_list":["post-12824","page","type-page","status-publish","has-post-thumbnail","hentry"],"acf":[],"yoast_head":"<!-- This site is optimized with the Yoast SEO plugin v27.5 - https:\/\/yoast.com\/product\/yoast-seo-wordpress\/ -->\n<title>C\u00f3mo Obtener el Informe de tu Accidente de Auto del Departamento de Polic\u00eda de East Point | CEO Lawyer<\/title>\n<meta name=\"description\" content=\"El reporte policial de tu accidente de auto del Departamento de Polic\u00eda de East Poin est\u00e1 al alcance de tus manos. Llama a CEO Lawyer Personal Injury Law Firm al (470) 822-9057 para m\u00e1s apoyo legal.\" \/>\n<meta name=\"robots\" content=\"index, follow, max-snippet:-1, max-image-preview:large, max-video-preview:-1\" \/>\n<link rel=\"canonical\" href=\"https:\/\/ceolawyer.com\/espanol\/informe-de-accidente\/informe-policial-de-un-accidente-de-auto-en-georgia\/east-point\/\" \/>\n<meta property=\"og:locale\" content=\"en_US\" \/>\n<meta property=\"og:type\" content=\"article\" \/>\n<meta property=\"og:title\" content=\"C\u00f3mo Obtener el Informe de tu Accidente de Auto del Departamento de Polic\u00eda de East Point | CEO Lawyer\" \/>\n<meta property=\"og:description\" content=\"El reporte policial de tu accidente de auto del Departamento de Polic\u00eda de East Poin est\u00e1 al alcance de tus manos. Llama a CEO Lawyer Personal Injury Law Firm al (470) 822-9057 para m\u00e1s apoyo legal.\" \/>\n<meta property=\"og:url\" content=\"https:\/\/ceolawyer.com\/espanol\/informe-de-accidente\/informe-policial-de-un-accidente-de-auto-en-georgia\/east-point\/\" \/>\n<meta property=\"og:site_name\" content=\"CEO Lawyer\" \/>\n<meta property=\"article:modified_time\" content=\"2025-12-19T16:28:51+00:00\" \/>\n<meta property=\"og:image\" content=\"https:\/\/ceolawyer.com\/espanol\/wp-content\/uploads\/sites\/2\/2025\/12\/Un-oficial-policial-sonriendo-con-manos-en-sus-caderas-mientras-ve-hacia-la-camara.webp\" \/>\n\t<meta property=\"og:image:width\" content=\"500\" \/>\n\t<meta property=\"og:image:height\" content=\"300\" \/>\n\t<meta property=\"og:image:type\" content=\"image\/webp\" \/>\n<meta name=\"twitter:card\" content=\"summary_large_image\" \/>\n<meta name=\"twitter:label1\" content=\"Est. reading time\" \/>\n\t<meta name=\"twitter:data1\" content=\"4 minutes\" \/>\n<script type=\"application\/ld+json\" class=\"yoast-schema-graph\">{\"@context\":\"https:\\\/\\\/schema.org\",\"@graph\":[{\"@type\":\"WebPage\",\"@id\":\"https:\\\/\\\/ceolawyer.com\\\/espanol\\\/informe-de-accidente\\\/informe-policial-de-un-accidente-de-auto-en-georgia\\\/east-point\\\/\",\"url\":\"https:\\\/\\\/ceolawyer.com\\\/espanol\\\/informe-de-accidente\\\/informe-policial-de-un-accidente-de-auto-en-georgia\\\/east-point\\\/\",\"name\":\"C\u00f3mo Obtener el Informe de tu Accidente de Auto del Departamento de Polic\u00eda de East Point | CEO Lawyer\",\"isPartOf\":{\"@id\":\"https:\\\/\\\/ceolawyer.com\\\/espanol\\\/#website\"},\"primaryImageOfPage\":{\"@id\":\"https:\\\/\\\/ceolawyer.com\\\/espanol\\\/informe-de-accidente\\\/informe-policial-de-un-accidente-de-auto-en-georgia\\\/east-point\\\/#primaryimage\"},\"image\":{\"@id\":\"https:\\\/\\\/ceolawyer.com\\\/espanol\\\/informe-de-accidente\\\/informe-policial-de-un-accidente-de-auto-en-georgia\\\/east-point\\\/#primaryimage\"},\"thumbnailUrl\":\"https:\\\/\\\/ceolawyer.com\\\/espanol\\\/wp-content\\\/uploads\\\/sites\\\/2\\\/2025\\\/12\\\/Un-oficial-policial-sonriendo-con-manos-en-sus-caderas-mientras-ve-hacia-la-camara.webp\",\"datePublished\":\"2025-12-19T16:23:54+00:00\",\"dateModified\":\"2025-12-19T16:28:51+00:00\",\"description\":\"El reporte policial de tu accidente de auto del Departamento de Polic\u00eda de East Poin est\u00e1 al alcance de tus manos. Llama a CEO Lawyer Personal Injury Law Firm al (470) 822-9057 para m\u00e1s apoyo legal.\",\"breadcrumb\":{\"@id\":\"https:\\\/\\\/ceolawyer.com\\\/espanol\\\/informe-de-accidente\\\/informe-policial-de-un-accidente-de-auto-en-georgia\\\/east-point\\\/#breadcrumb\"},\"inLanguage\":\"en-US\",\"potentialAction\":[{\"@type\":\"ReadAction\",\"target\":[\"https:\\\/\\\/ceolawyer.com\\\/espanol\\\/informe-de-accidente\\\/informe-policial-de-un-accidente-de-auto-en-georgia\\\/east-point\\\/\"]}]},{\"@type\":\"ImageObject\",\"inLanguage\":\"en-US\",\"@id\":\"https:\\\/\\\/ceolawyer.com\\\/espanol\\\/informe-de-accidente\\\/informe-policial-de-un-accidente-de-auto-en-georgia\\\/east-point\\\/#primaryimage\",\"url\":\"https:\\\/\\\/ceolawyer.com\\\/espanol\\\/wp-content\\\/uploads\\\/sites\\\/2\\\/2025\\\/12\\\/Un-oficial-policial-sonriendo-con-manos-en-sus-caderas-mientras-ve-hacia-la-camara.webp\",\"contentUrl\":\"https:\\\/\\\/ceolawyer.com\\\/espanol\\\/wp-content\\\/uploads\\\/sites\\\/2\\\/2025\\\/12\\\/Un-oficial-policial-sonriendo-con-manos-en-sus-caderas-mientras-ve-hacia-la-camara.webp\",\"width\":500,\"height\":300,\"caption\":\"Un oficial policial sonriendo con manos en sus caderas mientras ve hacia la c\u00e1mara.\"},{\"@type\":\"BreadcrumbList\",\"@id\":\"https:\\\/\\\/ceolawyer.com\\\/espanol\\\/informe-de-accidente\\\/informe-policial-de-un-accidente-de-auto-en-georgia\\\/east-point\\\/#breadcrumb\",\"itemListElement\":[{\"@type\":\"ListItem\",\"position\":1,\"name\":\"Home\",\"item\":\"https:\\\/\\\/ceolawyer.com\\\/espanol\\\/\"},{\"@type\":\"ListItem\",\"position\":2,\"name\":\"Consigue el Reporte Policial de tu Accidente de Auto\",\"item\":\"https:\\\/\\\/ceolawyer.com\\\/espanol\\\/informe-de-accidente\\\/\"},{\"@type\":\"ListItem\",\"position\":3,\"name\":\"C\u00f3mo Solicitar el Informe Policial de un Accidente de Auto en Georgia\",\"item\":\"https:\\\/\\\/ceolawyer.com\\\/espanol\\\/informe-de-accidente\\\/informe-policial-de-un-accidente-de-auto-en-georgia\\\/\"},{\"@type\":\"ListItem\",\"position\":4,\"name\":\"C\u00f3mo Obtener el Informe de tu Accidente de Auto del Departamento de Polic\u00eda de East Point\"}]},{\"@type\":\"WebSite\",\"@id\":\"https:\\\/\\\/ceolawyer.com\\\/espanol\\\/#website\",\"url\":\"https:\\\/\\\/ceolawyer.com\\\/espanol\\\/\",\"name\":\"CEO Lawyer\",\"description\":\"Personal Injury Attorney\",\"publisher\":{\"@id\":\"https:\\\/\\\/ceolawyer.com\\\/espanol\\\/#organization\"},\"potentialAction\":[{\"@type\":\"SearchAction\",\"target\":{\"@type\":\"EntryPoint\",\"urlTemplate\":\"https:\\\/\\\/ceolawyer.com\\\/espanol\\\/?s={search_term_string}\"},\"query-input\":{\"@type\":\"PropertyValueSpecification\",\"valueRequired\":true,\"valueName\":\"search_term_string\"}}],\"inLanguage\":\"en-US\"},{\"@type\":\"Organization\",\"@id\":\"https:\\\/\\\/ceolawyer.com\\\/espanol\\\/#organization\",\"name\":\"CEO Lawyer\",\"url\":\"https:\\\/\\\/ceolawyer.com\\\/espanol\\\/\",\"logo\":{\"@type\":\"ImageObject\",\"inLanguage\":\"en-US\",\"@id\":\"https:\\\/\\\/ceolawyer.com\\\/espanol\\\/#\\\/schema\\\/logo\\\/image\\\/\",\"url\":\"https:\\\/\\\/ceolawyer.com\\\/espanol\\\/wp-content\\\/uploads\\\/sites\\\/2\\\/2022\\\/05\\\/CEO_Logo.png\",\"contentUrl\":\"https:\\\/\\\/ceolawyer.com\\\/espanol\\\/wp-content\\\/uploads\\\/sites\\\/2\\\/2022\\\/05\\\/CEO_Logo.png\",\"width\":200,\"height\":108,\"caption\":\"CEO Lawyer\"},\"image\":{\"@id\":\"https:\\\/\\\/ceolawyer.com\\\/espanol\\\/#\\\/schema\\\/logo\\\/image\\\/\"}}]}<\/script>\n<!-- \/ Yoast SEO plugin. -->","yoast_head_json":{"title":"C\u00f3mo Obtener el Informe de tu Accidente de Auto del Departamento de Polic\u00eda de East Point | CEO Lawyer","description":"El reporte policial de tu accidente de auto del Departamento de Polic\u00eda de East Poin est\u00e1 al alcance de tus manos. Llama a CEO Lawyer Personal Injury Law Firm al (470) 822-9057 para m\u00e1s apoyo legal.","robots":{"index":"index","follow":"follow","max-snippet":"max-snippet:-1","max-image-preview":"max-image-preview:large","max-video-preview":"max-video-preview:-1"},"canonical":"https:\/\/ceolawyer.com\/espanol\/informe-de-accidente\/informe-policial-de-un-accidente-de-auto-en-georgia\/east-point\/","og_locale":"en_US","og_type":"article","og_title":"C\u00f3mo Obtener el Informe de tu Accidente de Auto del Departamento de Polic\u00eda de East Point | CEO Lawyer","og_description":"El reporte policial de tu accidente de auto del Departamento de Polic\u00eda de East Poin est\u00e1 al alcance de tus manos. Llama a CEO Lawyer Personal Injury Law Firm al (470) 822-9057 para m\u00e1s apoyo legal.","og_url":"https:\/\/ceolawyer.com\/espanol\/informe-de-accidente\/informe-policial-de-un-accidente-de-auto-en-georgia\/east-point\/","og_site_name":"CEO Lawyer","article_modified_time":"2025-12-19T16:28:51+00:00","og_image":[{"width":500,"height":300,"url":"https:\/\/ceolawyer.com\/espanol\/wp-content\/uploads\/sites\/2\/2025\/12\/Un-oficial-policial-sonriendo-con-manos-en-sus-caderas-mientras-ve-hacia-la-camara.webp","type":"image\/webp"}],"twitter_card":"summary_large_image","twitter_misc":{"Est. reading time":"4 minutes"},"schema":{"@context":"https:\/\/schema.org","@graph":[{"@type":"WebPage","@id":"https:\/\/ceolawyer.com\/espanol\/informe-de-accidente\/informe-policial-de-un-accidente-de-auto-en-georgia\/east-point\/","url":"https:\/\/ceolawyer.com\/espanol\/informe-de-accidente\/informe-policial-de-un-accidente-de-auto-en-georgia\/east-point\/","name":"C\u00f3mo Obtener el Informe de tu Accidente de Auto del Departamento de Polic\u00eda de East Point | CEO Lawyer","isPartOf":{"@id":"https:\/\/ceolawyer.com\/espanol\/#website"},"primaryImageOfPage":{"@id":"https:\/\/ceolawyer.com\/espanol\/informe-de-accidente\/informe-policial-de-un-accidente-de-auto-en-georgia\/east-point\/#primaryimage"},"image":{"@id":"https:\/\/ceolawyer.com\/espanol\/informe-de-accidente\/informe-policial-de-un-accidente-de-auto-en-georgia\/east-point\/#primaryimage"},"thumbnailUrl":"https:\/\/ceolawyer.com\/espanol\/wp-content\/uploads\/sites\/2\/2025\/12\/Un-oficial-policial-sonriendo-con-manos-en-sus-caderas-mientras-ve-hacia-la-camara.webp","datePublished":"2025-12-19T16:23:54+00:00","dateModified":"2025-12-19T16:28:51+00:00","description":"El reporte policial de tu accidente de auto del Departamento de Polic\u00eda de East Poin est\u00e1 al alcance de tus manos. Llama a CEO Lawyer Personal Injury Law Firm al (470) 822-9057 para m\u00e1s apoyo legal.","breadcrumb":{"@id":"https:\/\/ceolawyer.com\/espanol\/informe-de-accidente\/informe-policial-de-un-accidente-de-auto-en-georgia\/east-point\/#breadcrumb"},"inLanguage":"en-US","potentialAction":[{"@type":"ReadAction","target":["https:\/\/ceolawyer.com\/espanol\/informe-de-accidente\/informe-policial-de-un-accidente-de-auto-en-georgia\/east-point\/"]}]},{"@type":"ImageObject","inLanguage":"en-US","@id":"https:\/\/ceolawyer.com\/espanol\/informe-de-accidente\/informe-policial-de-un-accidente-de-auto-en-georgia\/east-point\/#primaryimage","url":"https:\/\/ceolawyer.com\/espanol\/wp-content\/uploads\/sites\/2\/2025\/12\/Un-oficial-policial-sonriendo-con-manos-en-sus-caderas-mientras-ve-hacia-la-camara.webp","contentUrl":"https:\/\/ceolawyer.com\/espanol\/wp-content\/uploads\/sites\/2\/2025\/12\/Un-oficial-policial-sonriendo-con-manos-en-sus-caderas-mientras-ve-hacia-la-camara.webp","width":500,"height":300,"caption":"Un oficial policial sonriendo con manos en sus caderas mientras ve hacia la c\u00e1mara."},{"@type":"BreadcrumbList","@id":"https:\/\/ceolawyer.com\/espanol\/informe-de-accidente\/informe-policial-de-un-accidente-de-auto-en-georgia\/east-point\/#breadcrumb","itemListElement":[{"@type":"ListItem","position":1,"name":"Home","item":"https:\/\/ceolawyer.com\/espanol\/"},{"@type":"ListItem","position":2,"name":"Consigue el Reporte Policial de tu Accidente de Auto","item":"https:\/\/ceolawyer.com\/espanol\/informe-de-accidente\/"},{"@type":"ListItem","position":3,"name":"C\u00f3mo Solicitar el Informe Policial de un Accidente de Auto en Georgia","item":"https:\/\/ceolawyer.com\/espanol\/informe-de-accidente\/informe-policial-de-un-accidente-de-auto-en-georgia\/"},{"@type":"ListItem","position":4,"name":"C\u00f3mo Obtener el Informe de tu Accidente de Auto del Departamento de Polic\u00eda de East Point"}]},{"@type":"WebSite","@id":"https:\/\/ceolawyer.com\/espanol\/#website","url":"https:\/\/ceolawyer.com\/espanol\/","name":"CEO Lawyer","description":"Personal Injury Attorney","publisher":{"@id":"https:\/\/ceolawyer.com\/espanol\/#organization"},"potentialAction":[{"@type":"SearchAction","target":{"@type":"EntryPoint","urlTemplate":"https:\/\/ceolawyer.com\/espanol\/?s={search_term_string}"},"query-input":{"@type":"PropertyValueSpecification","valueRequired":true,"valueName":"search_term_string"}}],"inLanguage":"en-US"},{"@type":"Organization","@id":"https:\/\/ceolawyer.com\/espanol\/#organization","name":"CEO Lawyer","url":"https:\/\/ceolawyer.com\/espanol\/","logo":{"@type":"ImageObject","inLanguage":"en-US","@id":"https:\/\/ceolawyer.com\/espanol\/#\/schema\/logo\/image\/","url":"https:\/\/ceolawyer.com\/espanol\/wp-content\/uploads\/sites\/2\/2022\/05\/CEO_Logo.png","contentUrl":"https:\/\/ceolawyer.com\/espanol\/wp-content\/uploads\/sites\/2\/2022\/05\/CEO_Logo.png","width":200,"height":108,"caption":"CEO Lawyer"},"image":{"@id":"https:\/\/ceolawyer.com\/espanol\/#\/schema\/logo\/image\/"}}]}},"_links":{"self":[{"href":"https:\/\/ceolawyer.com\/espanol\/wp-json\/wp\/v2\/pages\/12824","targetHints":{"allow":["GET"]}}],"collection":[{"href":"https:\/\/ceolawyer.com\/espanol\/wp-json\/wp\/v2\/pages"}],"about":[{"href":"https:\/\/ceolawyer.com\/espanol\/wp-json\/wp\/v2\/types\/page"}],"author":[{"embeddable":true,"href":"https:\/\/ceolawyer.com\/espanol\/wp-json\/wp\/v2\/users\/18"}],"replies":[{"embeddable":true,"href":"https:\/\/ceolawyer.com\/espanol\/wp-json\/wp\/v2\/comments?post=12824"}],"version-history":[{"count":0,"href":"https:\/\/ceolawyer.com\/espanol\/wp-json\/wp\/v2\/pages\/12824\/revisions"}],"up":[{"embeddable":true,"href":"https:\/\/ceolawyer.com\/espanol\/wp-json\/wp\/v2\/pages\/12737"}],"wp:featuredmedia":[{"embeddable":true,"href":"https:\/\/ceolawyer.com\/espanol\/wp-json\/wp\/v2\/media\/12826"}],"wp:attachment":[{"href":"https:\/\/ceolawyer.com\/espanol\/wp-json\/wp\/v2\/media?parent=12824"}],"curies":[{"name":"wp","href":"https:\/\/api.w.org\/{rel}","templated":true}]}}