{"id":12830,"date":"2025-12-19T16:37:30","date_gmt":"2025-12-19T16:37:30","guid":{"rendered":"https:\/\/ceolawyer.com\/espanol\/?page_id=12830"},"modified":"2025-12-19T16:42:11","modified_gmt":"2025-12-19T16:42:11","slug":"elberton","status":"publish","type":"page","link":"https:\/\/ceolawyer.com\/espanol\/informe-de-accidente\/informe-policial-de-un-accidente-de-auto-en-georgia\/elberton\/","title":{"rendered":"C\u00f3mo Obtener el Informe de tu Accidente de Auto del Departamento de Polic\u00eda de Elberton"},"content":{"rendered":"<p><img decoding=\"async\" class=\"alignright size-full wp-image-12832\" src=\"https:\/\/ceolawyer.com\/espanol\/wp-content\/uploads\/sites\/2\/2025\/12\/How-to-Obtain-Your-Elberton-Police-Department-Car-Accident-Report.webp\" alt=\"Las luces prendidas de un veh\u00edculo policial mientras maneja a trav\u00e9s de la calle de la ciudad de noche.\" width=\"500\" height=\"300\" srcset=\"https:\/\/ceolawyer.com\/espanol\/wp-content\/uploads\/sites\/2\/2025\/12\/How-to-Obtain-Your-Elberton-Police-Department-Car-Accident-Report.webp 500w, https:\/\/ceolawyer.com\/espanol\/wp-content\/uploads\/sites\/2\/2025\/12\/How-to-Obtain-Your-Elberton-Police-Department-Car-Accident-Report-300x180.webp 300w\" sizes=\"(max-width: 500px) 100vw, 500px\" \/>Los accidentes de tr\u00e1fico pueden ser una situaci\u00f3n de sumo estr\u00e9s, pero conseguir una copia de tu informe del Departamento de Polic\u00eda de Elberton es f\u00e1cil. Este documento es clave para reclamaciones de seguros, procesos legales o simplemente para tu registro personal.<\/p>\n<p>Aqu\u00ed te explicamos por qu\u00e9 medios puedes solicitarle al Departamento de Polic\u00eda de Elberton una copia del informe de tu accidente.<\/p>\n<h3>Sobre el Departamento de Polic\u00eda de Elberton<\/h3>\n<p>Esta entidad trabaja con integridad, respeto y profesionalismo para servir a la comunidad. Su equipo de 24 agentes brinda protecci\u00f3n las 24 horas del d\u00eda con tecnolog\u00eda y recursos de \u00faltima generaci\u00f3n.<\/p>\n<h2>M\u00e9todos para solicitar el informe de tu accidente<\/h2>\n<p>El Departamento de Polic\u00eda de Elberton ofrece varias opciones para que consigas una copia del reporte.<\/p>\n<h3>En l\u00ednea<\/h3>\n<h4>Por correo electr\u00f3nico<\/h4>\n<p>Env\u00eda un correo a <a href=\"mailto:coecourt@cityofelberton.net\">coecourt@cityofelberton.net<\/a> indicando que solicitas un informe de accidente. Es gratis y r\u00e1pido<\/p>\n<h4>BuyCrash<\/h4>\n<p>Puedes utilizar este servicio para descargar tu informe:<\/p>\n<ol>\n<li>Visita <a href=\"http:\/\/buycrash.com\">BuyCrash.com<\/a>.<\/li>\n<li>Selecciona \u201cGeorgia\u201d como estado.<\/li>\n<li>Elige \u201cElberton Police Department\u201d como la jurisdicci\u00f3n que investig\u00f3 tu accidente.<\/li>\n<li>Haz clic en \u201cStart Search\u201d.<\/li>\n<li>Ingresa estos datos:<\/li>\n<\/ol>\n<ul>\n<li>Apellido<\/li>\n<li>Fecha del accidente<\/li>\n<li>N\u00famero de informe del caso (si lo tienes)<\/li>\n<li>N\u00famero de Identificaci\u00f3n del Veh\u00edculo<\/li>\n<li>N\u00famero de licencia de conducir<\/li>\n<\/ul>\n<p><em>Nota: Este servicio puede tener un costo adicional.<\/em><\/p>\n<h3>Solicitud en persona<\/h3>\n<p>Visita el Departamento de Polic\u00eda de Elberton a esta direcci\u00f3n: 209 Elbert Street, Elberton, GA 30635.<\/p>\n<p>Solo aceptan pagos en efectivo.<\/p>\n<h3>Solicitud por correo postal<\/h3>\n<ol>\n<li>Redacta una carta con la fecha del accidente, tu nombre y, si lo tienes, el n\u00famero del informe.<\/li>\n<li>Adjunta $5.00 d\u00f3lares en efectivo o cheque a nombre de City of Elberton.<\/li>\n<li>Incluye un sobre sellado con la direcci\u00f3n a la que deseas recibir el informe.<\/li>\n<li>Env\u00eda la solicitud a:<\/li>\n<\/ol>\n<p>Elberton Police Department<\/p>\n<p>P.O. Box 70<\/p>\n<p>Elberton, GA 30735<\/p>\n<h3>Costo del informe<\/h3>\n<p>Cada informe cuesta $5.00 d\u00f3lares y suele estar disponible entre 3 y 5 d\u00edas h\u00e1biles tras el accidente.<\/p>\n<h2>Consejos para solicitar tu informe<\/h2>\n<ul>\n<li>Proporciona detalles precisos para agilizar la b\u00fasqueda.<\/li>\n<li>Ten paciencia, ya que el proceso puede tardar unos d\u00edas.<\/li>\n<li>Incluye tu informaci\u00f3n de contacto en caso de que necesiten comunicarse contigo.<\/li>\n<\/ul>\n<h3>Notas importantes<\/h3>\n<ul>\n<li>Si tienes el n\u00famero de informe, incl\u00fayelo en tu solicitud para acelerar el proceso.<\/li>\n<li>Los informes son documentos p\u00fablicos, pero podr\u00eda omitirse informaci\u00f3n privada como n\u00fameros de licencia o datos de contacto de otros individuos.<\/li>\n<li>Revisa el informe cuando lo recibas. Si encuentra alg\u00fan error, sigue los pasos a continuaci\u00f3n para solicitar una correcci\u00f3n.<\/li>\n<\/ul>\n<h2>C\u00f3mo corregir errores en tu informe de accidente<\/h2>\n<p>Si notas irregularidades o informaci\u00f3n err\u00f3nea, sigue estas instrucciones:<\/p>\n<ol>\n<li>Contacta al Departamento de Polic\u00eda de Elberton\n<ul>\n<li>Llama a la divisi\u00f3n de registros o al oficial que manej\u00f3 tu caso.<\/li>\n<li>Explica los errores y proporciona la informaci\u00f3n correcta.<\/li>\n<\/ul>\n<\/li>\n<li>Proporciona evidencia\n<ul>\n<li>Incluye pruebas como fotos, declaraciones de testigos, registros m\u00e9dicos o presupuestos de reparaciones.<\/li>\n<\/ul>\n<\/li>\n<li>Solicita la correcci\u00f3n\n<ul>\n<li>Pide amablemente que se corrija el informe con los datos correctos.<\/li>\n<\/ul>\n<\/li>\n<li>Haz un seguimiento\n<ul>\n<li>Guarda un registro de tus comunicaciones con el departamento y realiza seguimientos si es necesario.<\/li>\n<\/ul>\n<\/li>\n<li>Busca asesor\u00eda legal\n<ul>\n<li>Si el departamento no responde, consulta con un abogado.<\/li>\n<\/ul>\n<\/li>\n<\/ol>\n<p>Solicitar el informe policial es un paso clave tras un accidente. Aseg\u00farate de seguir los procedimientos correctos y revisar bien la informaci\u00f3n que recibas.<\/p>\n<h2>\u00bfPor qu\u00e9 elegir CEO Lawyer Personal Injury Law Firm?<\/h2>\n<p>Lidiar con un accidente de auto es un tema complicado, especialmente si incluye temas legales o con tu compa\u00f1\u00eda de seguros. CEO Lawyer Personal Injury Law Firm est\u00e1 aqu\u00ed para ayudarte.<\/p>\n<p>Nuestro equipo de <a href=\"https:\/\/ceolawyer.com\/georgia-personal-injury\/car-accident-lawyer\/\">abogados experimentados en accidentes en Georgia<\/a> se encargar\u00e1 de hacer valer tus derechos. Cont\u00e1ctanos hoy para una consulta gratuita.<\/p>\n","protected":false},"excerpt":{"rendered":"<p>Los accidentes de tr\u00e1fico pueden ser una situaci\u00f3n de sumo estr\u00e9s, pero conseguir una copia de tu informe del Departamento de Polic\u00eda de Elberton es f\u00e1cil. Este documento es clave para reclamaciones de seguros, procesos legales o simplemente para tu registro personal. Aqu\u00ed te explicamos por qu\u00e9 medios puedes solicitarle al Departamento de Polic\u00eda de [&hellip;]<\/p>\n","protected":false},"author":18,"featured_media":12832,"parent":12737,"menu_order":0,"comment_status":"closed","ping_status":"closed","template":"","meta":{"_acf_changed":false,"footnotes":""},"class_list":["post-12830","page","type-page","status-publish","has-post-thumbnail","hentry"],"acf":[],"yoast_head":"<!-- This site is optimized with the Yoast SEO plugin v27.2 - https:\/\/yoast.com\/product\/yoast-seo-wordpress\/ -->\n<title>C\u00f3mo Obtener el Informe de tu Accidente de Auto del Departamento de Polic\u00eda de Elberton | CEO Lawyer<\/title>\n<meta name=\"description\" content=\"El reporte policial de tu accidente de auto del Departamento de Polic\u00eda de Elberton es f\u00e1cil de conseguir si sigues nuestras instrucciones. Contacta a CEO Lawyer Personal Injury Law Firm para m\u00e1s asesor\u00eda legal.\" \/>\n<meta name=\"robots\" content=\"index, follow, max-snippet:-1, max-image-preview:large, max-video-preview:-1\" \/>\n<link rel=\"canonical\" href=\"https:\/\/ceolawyer.com\/espanol\/informe-de-accidente\/informe-policial-de-un-accidente-de-auto-en-georgia\/elberton\/\" \/>\n<meta property=\"og:locale\" content=\"en_US\" \/>\n<meta property=\"og:type\" content=\"article\" \/>\n<meta property=\"og:title\" content=\"C\u00f3mo Obtener el Informe de tu Accidente de Auto del Departamento de Polic\u00eda de Elberton | CEO Lawyer\" \/>\n<meta property=\"og:description\" content=\"El reporte policial de tu accidente de auto del Departamento de Polic\u00eda de Elberton es f\u00e1cil de conseguir si sigues nuestras instrucciones. Contacta a CEO Lawyer Personal Injury Law Firm para m\u00e1s asesor\u00eda legal.\" \/>\n<meta property=\"og:url\" content=\"https:\/\/ceolawyer.com\/espanol\/informe-de-accidente\/informe-policial-de-un-accidente-de-auto-en-georgia\/elberton\/\" \/>\n<meta property=\"og:site_name\" content=\"CEO Lawyer\" \/>\n<meta property=\"article:modified_time\" content=\"2025-12-19T16:42:11+00:00\" \/>\n<meta property=\"og:image\" content=\"https:\/\/ceolawyer.com\/espanol\/wp-content\/uploads\/sites\/2\/2025\/12\/How-to-Obtain-Your-Elberton-Police-Department-Car-Accident-Report.webp\" \/>\n\t<meta property=\"og:image:width\" content=\"500\" \/>\n\t<meta property=\"og:image:height\" content=\"300\" \/>\n\t<meta property=\"og:image:type\" content=\"image\/webp\" \/>\n<meta name=\"twitter:card\" content=\"summary_large_image\" \/>\n<meta name=\"twitter:label1\" content=\"Est. reading time\" \/>\n\t<meta name=\"twitter:data1\" content=\"4 minutes\" \/>\n<script type=\"application\/ld+json\" class=\"yoast-schema-graph\">{\"@context\":\"https:\/\/schema.org\",\"@graph\":[{\"@type\":\"WebPage\",\"@id\":\"https:\/\/ceolawyer.com\/espanol\/informe-de-accidente\/informe-policial-de-un-accidente-de-auto-en-georgia\/elberton\/\",\"url\":\"https:\/\/ceolawyer.com\/espanol\/informe-de-accidente\/informe-policial-de-un-accidente-de-auto-en-georgia\/elberton\/\",\"name\":\"C\u00f3mo Obtener el Informe de tu Accidente de Auto del Departamento de Polic\u00eda de Elberton | CEO Lawyer\",\"isPartOf\":{\"@id\":\"https:\/\/ceolawyer.com\/espanol\/#website\"},\"primaryImageOfPage\":{\"@id\":\"https:\/\/ceolawyer.com\/espanol\/informe-de-accidente\/informe-policial-de-un-accidente-de-auto-en-georgia\/elberton\/#primaryimage\"},\"image\":{\"@id\":\"https:\/\/ceolawyer.com\/espanol\/informe-de-accidente\/informe-policial-de-un-accidente-de-auto-en-georgia\/elberton\/#primaryimage\"},\"thumbnailUrl\":\"https:\/\/ceolawyer.com\/espanol\/wp-content\/uploads\/sites\/2\/2025\/12\/How-to-Obtain-Your-Elberton-Police-Department-Car-Accident-Report.webp\",\"datePublished\":\"2025-12-19T16:37:30+00:00\",\"dateModified\":\"2025-12-19T16:42:11+00:00\",\"description\":\"El reporte policial de tu accidente de auto del Departamento de Polic\u00eda de Elberton es f\u00e1cil de conseguir si sigues nuestras instrucciones. Contacta a CEO Lawyer Personal Injury Law Firm para m\u00e1s asesor\u00eda legal.\",\"breadcrumb\":{\"@id\":\"https:\/\/ceolawyer.com\/espanol\/informe-de-accidente\/informe-policial-de-un-accidente-de-auto-en-georgia\/elberton\/#breadcrumb\"},\"inLanguage\":\"en-US\",\"potentialAction\":[{\"@type\":\"ReadAction\",\"target\":[\"https:\/\/ceolawyer.com\/espanol\/informe-de-accidente\/informe-policial-de-un-accidente-de-auto-en-georgia\/elberton\/\"]}]},{\"@type\":\"ImageObject\",\"inLanguage\":\"en-US\",\"@id\":\"https:\/\/ceolawyer.com\/espanol\/informe-de-accidente\/informe-policial-de-un-accidente-de-auto-en-georgia\/elberton\/#primaryimage\",\"url\":\"https:\/\/ceolawyer.com\/espanol\/wp-content\/uploads\/sites\/2\/2025\/12\/How-to-Obtain-Your-Elberton-Police-Department-Car-Accident-Report.webp\",\"contentUrl\":\"https:\/\/ceolawyer.com\/espanol\/wp-content\/uploads\/sites\/2\/2025\/12\/How-to-Obtain-Your-Elberton-Police-Department-Car-Accident-Report.webp\",\"width\":500,\"height\":300,\"caption\":\"Las luces prendidas de un veh\u00edculo policial mientras maneja a trav\u00e9s de la calle de la ciudad de noche.\"},{\"@type\":\"BreadcrumbList\",\"@id\":\"https:\/\/ceolawyer.com\/espanol\/informe-de-accidente\/informe-policial-de-un-accidente-de-auto-en-georgia\/elberton\/#breadcrumb\",\"itemListElement\":[{\"@type\":\"ListItem\",\"position\":1,\"name\":\"Home\",\"item\":\"https:\/\/ceolawyer.com\/espanol\/\"},{\"@type\":\"ListItem\",\"position\":2,\"name\":\"Consigue el Reporte Policial de tu Accidente de Auto\",\"item\":\"https:\/\/ceolawyer.com\/espanol\/informe-de-accidente\/\"},{\"@type\":\"ListItem\",\"position\":3,\"name\":\"C\u00f3mo Solicitar el Informe Policial de un Accidente de Auto en Georgia\",\"item\":\"https:\/\/ceolawyer.com\/espanol\/informe-de-accidente\/informe-policial-de-un-accidente-de-auto-en-georgia\/\"},{\"@type\":\"ListItem\",\"position\":4,\"name\":\"C\u00f3mo Obtener el Informe de tu Accidente de Auto del Departamento de Polic\u00eda de Elberton\"}]},{\"@type\":\"WebSite\",\"@id\":\"https:\/\/ceolawyer.com\/espanol\/#website\",\"url\":\"https:\/\/ceolawyer.com\/espanol\/\",\"name\":\"CEO Lawyer\",\"description\":\"Personal Injury Attorney\",\"publisher\":{\"@id\":\"https:\/\/ceolawyer.com\/espanol\/#organization\"},\"potentialAction\":[{\"@type\":\"SearchAction\",\"target\":{\"@type\":\"EntryPoint\",\"urlTemplate\":\"https:\/\/ceolawyer.com\/espanol\/?s={search_term_string}\"},\"query-input\":{\"@type\":\"PropertyValueSpecification\",\"valueRequired\":true,\"valueName\":\"search_term_string\"}}],\"inLanguage\":\"en-US\"},{\"@type\":\"Organization\",\"@id\":\"https:\/\/ceolawyer.com\/espanol\/#organization\",\"name\":\"CEO Lawyer\",\"url\":\"https:\/\/ceolawyer.com\/espanol\/\",\"logo\":{\"@type\":\"ImageObject\",\"inLanguage\":\"en-US\",\"@id\":\"https:\/\/ceolawyer.com\/espanol\/#\/schema\/logo\/image\/\",\"url\":\"https:\/\/ceolawyer.com\/espanol\/wp-content\/uploads\/sites\/2\/2022\/05\/CEO_Logo.png\",\"contentUrl\":\"https:\/\/ceolawyer.com\/espanol\/wp-content\/uploads\/sites\/2\/2022\/05\/CEO_Logo.png\",\"width\":200,\"height\":108,\"caption\":\"CEO Lawyer\"},\"image\":{\"@id\":\"https:\/\/ceolawyer.com\/espanol\/#\/schema\/logo\/image\/\"}}]}<\/script>\n<!-- \/ Yoast SEO plugin. -->","yoast_head_json":{"title":"C\u00f3mo Obtener el Informe de tu Accidente de Auto del Departamento de Polic\u00eda de Elberton | CEO Lawyer","description":"El reporte policial de tu accidente de auto del Departamento de Polic\u00eda de Elberton es f\u00e1cil de conseguir si sigues nuestras instrucciones. Contacta a CEO Lawyer Personal Injury Law Firm para m\u00e1s asesor\u00eda legal.","robots":{"index":"index","follow":"follow","max-snippet":"max-snippet:-1","max-image-preview":"max-image-preview:large","max-video-preview":"max-video-preview:-1"},"canonical":"https:\/\/ceolawyer.com\/espanol\/informe-de-accidente\/informe-policial-de-un-accidente-de-auto-en-georgia\/elberton\/","og_locale":"en_US","og_type":"article","og_title":"C\u00f3mo Obtener el Informe de tu Accidente de Auto del Departamento de Polic\u00eda de Elberton | CEO Lawyer","og_description":"El reporte policial de tu accidente de auto del Departamento de Polic\u00eda de Elberton es f\u00e1cil de conseguir si sigues nuestras instrucciones. Contacta a CEO Lawyer Personal Injury Law Firm para m\u00e1s asesor\u00eda legal.","og_url":"https:\/\/ceolawyer.com\/espanol\/informe-de-accidente\/informe-policial-de-un-accidente-de-auto-en-georgia\/elberton\/","og_site_name":"CEO Lawyer","article_modified_time":"2025-12-19T16:42:11+00:00","og_image":[{"width":500,"height":300,"url":"https:\/\/ceolawyer.com\/espanol\/wp-content\/uploads\/sites\/2\/2025\/12\/How-to-Obtain-Your-Elberton-Police-Department-Car-Accident-Report.webp","type":"image\/webp"}],"twitter_card":"summary_large_image","twitter_misc":{"Est. reading time":"4 minutes"},"schema":{"@context":"https:\/\/schema.org","@graph":[{"@type":"WebPage","@id":"https:\/\/ceolawyer.com\/espanol\/informe-de-accidente\/informe-policial-de-un-accidente-de-auto-en-georgia\/elberton\/","url":"https:\/\/ceolawyer.com\/espanol\/informe-de-accidente\/informe-policial-de-un-accidente-de-auto-en-georgia\/elberton\/","name":"C\u00f3mo Obtener el Informe de tu Accidente de Auto del Departamento de Polic\u00eda de Elberton | CEO Lawyer","isPartOf":{"@id":"https:\/\/ceolawyer.com\/espanol\/#website"},"primaryImageOfPage":{"@id":"https:\/\/ceolawyer.com\/espanol\/informe-de-accidente\/informe-policial-de-un-accidente-de-auto-en-georgia\/elberton\/#primaryimage"},"image":{"@id":"https:\/\/ceolawyer.com\/espanol\/informe-de-accidente\/informe-policial-de-un-accidente-de-auto-en-georgia\/elberton\/#primaryimage"},"thumbnailUrl":"https:\/\/ceolawyer.com\/espanol\/wp-content\/uploads\/sites\/2\/2025\/12\/How-to-Obtain-Your-Elberton-Police-Department-Car-Accident-Report.webp","datePublished":"2025-12-19T16:37:30+00:00","dateModified":"2025-12-19T16:42:11+00:00","description":"El reporte policial de tu accidente de auto del Departamento de Polic\u00eda de Elberton es f\u00e1cil de conseguir si sigues nuestras instrucciones. Contacta a CEO Lawyer Personal Injury Law Firm para m\u00e1s asesor\u00eda legal.","breadcrumb":{"@id":"https:\/\/ceolawyer.com\/espanol\/informe-de-accidente\/informe-policial-de-un-accidente-de-auto-en-georgia\/elberton\/#breadcrumb"},"inLanguage":"en-US","potentialAction":[{"@type":"ReadAction","target":["https:\/\/ceolawyer.com\/espanol\/informe-de-accidente\/informe-policial-de-un-accidente-de-auto-en-georgia\/elberton\/"]}]},{"@type":"ImageObject","inLanguage":"en-US","@id":"https:\/\/ceolawyer.com\/espanol\/informe-de-accidente\/informe-policial-de-un-accidente-de-auto-en-georgia\/elberton\/#primaryimage","url":"https:\/\/ceolawyer.com\/espanol\/wp-content\/uploads\/sites\/2\/2025\/12\/How-to-Obtain-Your-Elberton-Police-Department-Car-Accident-Report.webp","contentUrl":"https:\/\/ceolawyer.com\/espanol\/wp-content\/uploads\/sites\/2\/2025\/12\/How-to-Obtain-Your-Elberton-Police-Department-Car-Accident-Report.webp","width":500,"height":300,"caption":"Las luces prendidas de un veh\u00edculo policial mientras maneja a trav\u00e9s de la calle de la ciudad de noche."},{"@type":"BreadcrumbList","@id":"https:\/\/ceolawyer.com\/espanol\/informe-de-accidente\/informe-policial-de-un-accidente-de-auto-en-georgia\/elberton\/#breadcrumb","itemListElement":[{"@type":"ListItem","position":1,"name":"Home","item":"https:\/\/ceolawyer.com\/espanol\/"},{"@type":"ListItem","position":2,"name":"Consigue el Reporte Policial de tu Accidente de Auto","item":"https:\/\/ceolawyer.com\/espanol\/informe-de-accidente\/"},{"@type":"ListItem","position":3,"name":"C\u00f3mo Solicitar el Informe Policial de un Accidente de Auto en Georgia","item":"https:\/\/ceolawyer.com\/espanol\/informe-de-accidente\/informe-policial-de-un-accidente-de-auto-en-georgia\/"},{"@type":"ListItem","position":4,"name":"C\u00f3mo Obtener el Informe de tu Accidente de Auto del Departamento de Polic\u00eda de Elberton"}]},{"@type":"WebSite","@id":"https:\/\/ceolawyer.com\/espanol\/#website","url":"https:\/\/ceolawyer.com\/espanol\/","name":"CEO Lawyer","description":"Personal Injury Attorney","publisher":{"@id":"https:\/\/ceolawyer.com\/espanol\/#organization"},"potentialAction":[{"@type":"SearchAction","target":{"@type":"EntryPoint","urlTemplate":"https:\/\/ceolawyer.com\/espanol\/?s={search_term_string}"},"query-input":{"@type":"PropertyValueSpecification","valueRequired":true,"valueName":"search_term_string"}}],"inLanguage":"en-US"},{"@type":"Organization","@id":"https:\/\/ceolawyer.com\/espanol\/#organization","name":"CEO Lawyer","url":"https:\/\/ceolawyer.com\/espanol\/","logo":{"@type":"ImageObject","inLanguage":"en-US","@id":"https:\/\/ceolawyer.com\/espanol\/#\/schema\/logo\/image\/","url":"https:\/\/ceolawyer.com\/espanol\/wp-content\/uploads\/sites\/2\/2022\/05\/CEO_Logo.png","contentUrl":"https:\/\/ceolawyer.com\/espanol\/wp-content\/uploads\/sites\/2\/2022\/05\/CEO_Logo.png","width":200,"height":108,"caption":"CEO Lawyer"},"image":{"@id":"https:\/\/ceolawyer.com\/espanol\/#\/schema\/logo\/image\/"}}]}},"_links":{"self":[{"href":"https:\/\/ceolawyer.com\/espanol\/wp-json\/wp\/v2\/pages\/12830","targetHints":{"allow":["GET"]}}],"collection":[{"href":"https:\/\/ceolawyer.com\/espanol\/wp-json\/wp\/v2\/pages"}],"about":[{"href":"https:\/\/ceolawyer.com\/espanol\/wp-json\/wp\/v2\/types\/page"}],"author":[{"embeddable":true,"href":"https:\/\/ceolawyer.com\/espanol\/wp-json\/wp\/v2\/users\/18"}],"replies":[{"embeddable":true,"href":"https:\/\/ceolawyer.com\/espanol\/wp-json\/wp\/v2\/comments?post=12830"}],"version-history":[{"count":0,"href":"https:\/\/ceolawyer.com\/espanol\/wp-json\/wp\/v2\/pages\/12830\/revisions"}],"up":[{"embeddable":true,"href":"https:\/\/ceolawyer.com\/espanol\/wp-json\/wp\/v2\/pages\/12737"}],"wp:featuredmedia":[{"embeddable":true,"href":"https:\/\/ceolawyer.com\/espanol\/wp-json\/wp\/v2\/media\/12832"}],"wp:attachment":[{"href":"https:\/\/ceolawyer.com\/espanol\/wp-json\/wp\/v2\/media?parent=12830"}],"curies":[{"name":"wp","href":"https:\/\/api.w.org\/{rel}","templated":true}]}}