{"id":12836,"date":"2025-12-19T16:59:29","date_gmt":"2025-12-19T16:59:29","guid":{"rendered":"https:\/\/ceolawyer.com\/espanol\/?page_id=12836"},"modified":"2025-12-19T17:03:53","modified_gmt":"2025-12-19T17:03:53","slug":"emory-university","status":"publish","type":"page","link":"https:\/\/ceolawyer.com\/espanol\/informe-de-accidente\/informe-policial-de-un-accidente-de-auto-en-georgia\/emory-university\/","title":{"rendered":"C\u00f3mo Obtener el Informe de tu Accidente de Auto del Departamento de Polic\u00eda de la Universidad de Emory"},"content":{"rendered":"<p><img decoding=\"async\" class=\"alignright size-full wp-image-12838\" src=\"https:\/\/ceolawyer.com\/espanol\/wp-content\/uploads\/sites\/2\/2025\/12\/How-to-Obtain-Your-Emory-University-Police-Dept-Car-Accident-Report.webp\" alt=\"La vista de una azotea de un veh\u00edculo policial y sus luces mientras maneja en la tarde.\" width=\"500\" height=\"300\" srcset=\"https:\/\/ceolawyer.com\/espanol\/wp-content\/uploads\/sites\/2\/2025\/12\/How-to-Obtain-Your-Emory-University-Police-Dept-Car-Accident-Report.webp 500w, https:\/\/ceolawyer.com\/espanol\/wp-content\/uploads\/sites\/2\/2025\/12\/How-to-Obtain-Your-Emory-University-Police-Dept-Car-Accident-Report-300x180.webp 300w\" sizes=\"(max-width: 500px) 100vw, 500px\" \/>Si estuviste en un accidente vehicular cerca de la universidad de Emory en Georgia, conseguir una copia del informe es un paso fundamental para entender lo que pas\u00f3, presentar reclamaciones al seguro y buscar asesoramiento legal si es necesario. El Departamento de Polic\u00eda de la Universidad gestiona estos informes, y aqu\u00ed tienes una gu\u00eda completa sobre c\u00f3mo obtener el tuyo.<\/p>\n<h2>Formas para obtener el informe<\/h2>\n<h3>Departamento de Polic\u00eda de la Universidad de Emory<\/h3>\n<p>Para recibir tu informe de accidente por correo electr\u00f3nico a trav\u00e9s del Departamento de Polic\u00eda de la Universidad de Emory, debes completar un <a href=\"https:\/\/police.emory.edu\/_includes\/documents\/sections\/records\/epd-report-request-form.pdf\">Formulario de Solicitud de Informe<\/a>:<\/p>\n<ul>\n<li>Imprime el formulario y rellena la informaci\u00f3n requerida.<\/li>\n<li>Presenta el formulario completo en persona en el Departamento de Polic\u00eda.<\/li>\n<li>Especifica que deseas recibir la copia por correo electr\u00f3nico. Los informes suelen estar listos dentro de los cinco d\u00edas h\u00e1biles siguientes a la presentaci\u00f3n de la solicitud.<\/li>\n<\/ul>\n<h3>Departamento de Transporte de Georgia<\/h3>\n<p>Si prefieres un m\u00e9todo m\u00e1s r\u00e1pido y conveniente, puedes acceder al sistema en l\u00ednea a trav\u00e9s del sitio web del Departamento de Transporte de Georgia (GDOT).<\/p>\n<ul>\n<li>Descarga el formulario <a href=\"https:\/\/www.dot.ga.gov\/DriveSmart\/Data\/Documents\/Crash%20Reports%20and%20Forms\/request_form.pdf#search=ACCIDENT%20REPORTS%2A\">Individual Crash Report Request<\/a>.<\/li>\n<li>Compl\u00e9talo y env\u00edalo por correo junto con el pago a:<\/li>\n<\/ul>\n<p>Georgia Dept. of Transportation<\/p>\n<p>935 United Ave. SE, Bldg 24<\/p>\n<p>Atlanta, GA, 30316<\/p>\n<ul>\n<li>Realiza el pago mediante giro postal o cheque de caja (NO efectivo ni cheques personales).<\/li>\n<li>El costo de los informes es de $5 cada uno. Si necesitas un informe certificado, hay un cargo adicional de $2.<\/li>\n<li>Los informes se enviar\u00e1n al solicitante por correo electr\u00f3nico o postal.<\/li>\n<\/ul>\n<h3>En persona<\/h3>\n<p>Si prefieres un enfoque m\u00e1s directo o necesitas asistencia inmediata, puedes visitar una de las sedes del Departamento de Polic\u00eda de la Universidad de Emory en persona. Estas son las direcciones:<\/p>\n<ul>\n<li>Sede y Comisaria del Campus de Atlanta<br \/>\n1784 N. Decatur Rd.<br \/>\nSuite G01<br \/>\nAtlanta, GA 30322<\/li>\n<li>Comisar\u00eda del Campus de Oxford<br \/>\n402 W. Moore St.<br \/>\nOxford, GA 30054<\/li>\n<li>Comisar\u00eda del Campus de Midtown<br \/>\n478 Peachtree St.<br \/>\nSuite OL812<br \/>\nAtlanta, GA 30308<\/li>\n<\/ul>\n<p>Cuando visites en persona, recuerda llevar contigo un <a href=\"https:\/\/police.emory.edu\/_includes\/documents\/sections\/records\/epd-report-request-form.pdf\">Formulario de Solicitud de Informe<\/a> completo y especificar si deseas recibir el informe por correo electr\u00f3nico o recogerlo en persona. Generalmente, los informes est\u00e1n disponibles dentro de los cinco d\u00edas h\u00e1biles posteriores a la solicitud.<\/p>\n<h3>Por correo postal<\/h3>\n<p>Si no puedes acudir en persona, tambi\u00e9n puedes solicitar tu informe por correo siguiendo estos pasos:<\/p>\n<ul>\n<li>Imprime y completa el <a href=\"https:\/\/police.emory.edu\/_includes\/documents\/sections\/records\/epd-report-request-form.pdf\">Formulario de Solicitud de Informe<\/a>, asegur\u00e1ndote de proporcionar toda la informaci\u00f3n requerida.<\/li>\n<li>Indica claramente que deseas recibir el informe por correo postal.<\/li>\n<li>Incluye tu direcci\u00f3n postal exacta para la entrega.<\/li>\n<li>Env\u00eda el formulario completo a una de las direcciones de las comisar\u00edas mencionadas anteriormente.<\/li>\n<li>Los informes suelen procesarse dentro de los cinco d\u00edas h\u00e1biles posteriores.<\/li>\n<\/ul>\n<h2>Qu\u00e9 informaci\u00f3n se incluye en el informe de accidente<\/h2>\n<p>El informe de accidente del Departamento de Polic\u00eda de la Universidad de Emory suele incluir informaci\u00f3n clave sobre el incidente, como:<\/p>\n<ul>\n<li>Fecha y hora del accidente<\/li>\n<li>Detalles de la ubicaci\u00f3n (calles, intersecciones o puntos de referencia)<\/li>\n<li>Informaci\u00f3n de los veh\u00edculos involucrados (marca, modelo, matr\u00edcula, VIN)<\/li>\n<li>Datos de los conductores (nombre, informaci\u00f3n de contacto, licencia de conducir)<\/li>\n<li>Testigos (nombres y datos de contacto)<\/li>\n<li>Descripci\u00f3n del accidente (factores como condiciones clim\u00e1ticas y estado de la carretera)<\/li>\n<li>Observaciones del oficial (evaluaci\u00f3n de responsabilidad, citaciones emitidas)<\/li>\n<li>Diagramas o bocetos del lugar del accidente<\/li>\n<li>Fotograf\u00edas del lugar, da\u00f1os a los veh\u00edculos y otras evidencias<\/li>\n<li>Registro de lesiones (si las hubo y su gravedad)<\/li>\n<li>Informaci\u00f3n del seguro (compa\u00f1\u00eda y n\u00famero de p\u00f3liza)<\/li>\n<li>Declaraciones de conductores, pasajeros y testigos<\/li>\n<\/ul>\n<h3>C\u00f3mo te ayuda el informe del accidente<\/h3>\n<p>Obtener una copia de tu informe es crucial para:<\/p>\n<ul>\n<li>Presentar reclamaciones al seguro.<\/li>\n<li>Evidencia para una demanda u otras acciones legales.<\/li>\n<li>Mantener un registro personal del accidente para futuras referencias.<\/li>\n<\/ul>\n<h2>\u00bfQu\u00e9 hacer si no est\u00e1s de acuerdo con las conclusiones del informe?<\/h2>\n<p>Si discrepas con la determinaci\u00f3n de culpa en el informe, puedes:<\/p>\n<ul>\n<li>Revisar el informe a detalle para identificar errores.<\/li>\n<li>Verificar las declaraciones de testigos, los diagramas y fotos.<\/li>\n<li>Recopilar evidencia adicional.<\/li>\n<li>Informar a tu aseguradora y presentar pruebas.<\/li>\n<li>Consultar a un abogado experimentado en accidentes.<\/li>\n<li>Preguntar al Departamento de Polic\u00eda de la Universidad de Emory sobre su proceso de apelaci\u00f3n.<\/li>\n<\/ul>\n<h3>Qu\u00e9 pasa si no hay testigos<\/h3>\n<p>Si nadie presenci\u00f3 el accidente, puedes:<\/p>\n<ul>\n<li>Tomar fotos detalladas del lugar, los da\u00f1os y lesiones.<\/li>\n<li>Registrar la fecha, hora y el lugar exacto del accidente.<\/li>\n<li>Solicitar un informe oficial con las autoridades.<\/li>\n<li>Escribir tu versi\u00f3n de los hechos, incluyendo todos los detalles.<\/li>\n<li>Consultar a un abogado de da\u00f1os personales.<\/li>\n<li>Informar a tu aseguradora y proporcionar toda la documentaci\u00f3n posible.<\/li>\n<\/ul>\n<h2>Beneficios de un abogado experimentado en accidentes de auto<\/h2>\n<p>Contar con un <a href=\"https:\/\/ceolawyer.com\/georgia-personal-injury\/car-accident-lawyer\/\">abogado en Georgia<\/a> que tenga experiencia en accidentes automovil\u00edsticos puede ser \u00fatil para:<\/p>\n<ul>\n<li>Obtener asesor\u00eda legal personalizada.<\/li>\n<li>Recopilar evidencia y entrevistar testigos.<\/li>\n<li>Negociar con aseguradoras para obtener una compensaci\u00f3n justa.<\/li>\n<li>Presentar demandas y contar con representaci\u00f3n en un juicio.<\/li>\n<li>Asegurar una indemnizaci\u00f3n por gastos m\u00e9dicos, salarios perdidos y da\u00f1o moral.<\/li>\n<li>Un abogado trabaja bajo un esquema de honorarios por \u00e9xito (solo pagas si ganas el caso).<\/li>\n<\/ul>\n<p>Para consultas sobre el informe de tu accidente de auto, puedes contactar directamente al Departamento de Polic\u00eda de la Universidad de Emory al <a href=\"tel:+14047276115\"><strong>(404) 727-6115<\/strong><\/a>.<\/p>\n<h2>Acude a CEO Lawyer Personal Injury Law Firm<\/h2>\n<p>Si sufriste lesiones en el accidente, nuestro equipo est\u00e1 aqu\u00ed para ayudarte. Contamos con un equipo experimentado que luchar\u00e1n para que recibas la compensaci\u00f3n que mereces.<\/p>\n","protected":false},"excerpt":{"rendered":"<p>Si estuviste en un accidente vehicular cerca de la universidad de Emory en Georgia, conseguir una copia del informe es un paso fundamental para entender lo que pas\u00f3, presentar reclamaciones al seguro y buscar asesoramiento legal si es necesario. El Departamento de Polic\u00eda de la Universidad gestiona estos informes, y aqu\u00ed tienes una gu\u00eda completa [&hellip;]<\/p>\n","protected":false},"author":18,"featured_media":12838,"parent":12737,"menu_order":0,"comment_status":"closed","ping_status":"closed","template":"","meta":{"_acf_changed":false,"footnotes":""},"class_list":["post-12836","page","type-page","status-publish","has-post-thumbnail","hentry"],"acf":[],"yoast_head":"<!-- This site is optimized with the Yoast SEO plugin v27.4 - https:\/\/yoast.com\/product\/yoast-seo-wordpress\/ -->\n<title>C\u00f3mo Obtener el Informe de tu Accidente de Auto del Departamento de Polic\u00eda de la Universidad de Emory | CEO Lawyer<\/title>\n<meta name=\"description\" content=\"Si necesitas obtener el reporte oficial de tu accidente de Auto del Departamento de Polic\u00eda de la Universidad de Emory, contacta a CEO Lawyer Personal Injury Law Firm.\" \/>\n<meta name=\"robots\" content=\"index, follow, max-snippet:-1, max-image-preview:large, max-video-preview:-1\" \/>\n<link rel=\"canonical\" href=\"https:\/\/ceolawyer.com\/espanol\/informe-de-accidente\/informe-policial-de-un-accidente-de-auto-en-georgia\/emory-university\/\" \/>\n<meta property=\"og:locale\" content=\"en_US\" \/>\n<meta property=\"og:type\" content=\"article\" \/>\n<meta property=\"og:title\" content=\"C\u00f3mo Obtener el Informe de tu Accidente de Auto del Departamento de Polic\u00eda de la Universidad de Emory | CEO Lawyer\" \/>\n<meta property=\"og:description\" content=\"Si necesitas obtener el reporte oficial de tu accidente de Auto del Departamento de Polic\u00eda de la Universidad de Emory, contacta a CEO Lawyer Personal Injury Law Firm.\" \/>\n<meta property=\"og:url\" content=\"https:\/\/ceolawyer.com\/espanol\/informe-de-accidente\/informe-policial-de-un-accidente-de-auto-en-georgia\/emory-university\/\" \/>\n<meta property=\"og:site_name\" content=\"CEO Lawyer\" \/>\n<meta property=\"article:modified_time\" content=\"2025-12-19T17:03:53+00:00\" \/>\n<meta property=\"og:image\" content=\"https:\/\/ceolawyer.com\/espanol\/wp-content\/uploads\/sites\/2\/2025\/12\/How-to-Obtain-Your-Emory-University-Police-Dept-Car-Accident-Report.webp\" \/>\n\t<meta property=\"og:image:width\" content=\"500\" \/>\n\t<meta property=\"og:image:height\" content=\"300\" \/>\n\t<meta property=\"og:image:type\" content=\"image\/webp\" \/>\n<meta name=\"twitter:card\" content=\"summary_large_image\" \/>\n<meta name=\"twitter:label1\" content=\"Est. reading time\" \/>\n\t<meta name=\"twitter:data1\" content=\"5 minutes\" \/>\n<script type=\"application\/ld+json\" class=\"yoast-schema-graph\">{\"@context\":\"https:\\\/\\\/schema.org\",\"@graph\":[{\"@type\":\"WebPage\",\"@id\":\"https:\\\/\\\/ceolawyer.com\\\/espanol\\\/informe-de-accidente\\\/informe-policial-de-un-accidente-de-auto-en-georgia\\\/emory-university\\\/\",\"url\":\"https:\\\/\\\/ceolawyer.com\\\/espanol\\\/informe-de-accidente\\\/informe-policial-de-un-accidente-de-auto-en-georgia\\\/emory-university\\\/\",\"name\":\"C\u00f3mo Obtener el Informe de tu Accidente de Auto del Departamento de Polic\u00eda de la Universidad de Emory | CEO Lawyer\",\"isPartOf\":{\"@id\":\"https:\\\/\\\/ceolawyer.com\\\/espanol\\\/#website\"},\"primaryImageOfPage\":{\"@id\":\"https:\\\/\\\/ceolawyer.com\\\/espanol\\\/informe-de-accidente\\\/informe-policial-de-un-accidente-de-auto-en-georgia\\\/emory-university\\\/#primaryimage\"},\"image\":{\"@id\":\"https:\\\/\\\/ceolawyer.com\\\/espanol\\\/informe-de-accidente\\\/informe-policial-de-un-accidente-de-auto-en-georgia\\\/emory-university\\\/#primaryimage\"},\"thumbnailUrl\":\"https:\\\/\\\/ceolawyer.com\\\/espanol\\\/wp-content\\\/uploads\\\/sites\\\/2\\\/2025\\\/12\\\/How-to-Obtain-Your-Emory-University-Police-Dept-Car-Accident-Report.webp\",\"datePublished\":\"2025-12-19T16:59:29+00:00\",\"dateModified\":\"2025-12-19T17:03:53+00:00\",\"description\":\"Si necesitas obtener el reporte oficial de tu accidente de Auto del Departamento de Polic\u00eda de la Universidad de Emory, contacta a CEO Lawyer Personal Injury Law Firm.\",\"breadcrumb\":{\"@id\":\"https:\\\/\\\/ceolawyer.com\\\/espanol\\\/informe-de-accidente\\\/informe-policial-de-un-accidente-de-auto-en-georgia\\\/emory-university\\\/#breadcrumb\"},\"inLanguage\":\"en-US\",\"potentialAction\":[{\"@type\":\"ReadAction\",\"target\":[\"https:\\\/\\\/ceolawyer.com\\\/espanol\\\/informe-de-accidente\\\/informe-policial-de-un-accidente-de-auto-en-georgia\\\/emory-university\\\/\"]}]},{\"@type\":\"ImageObject\",\"inLanguage\":\"en-US\",\"@id\":\"https:\\\/\\\/ceolawyer.com\\\/espanol\\\/informe-de-accidente\\\/informe-policial-de-un-accidente-de-auto-en-georgia\\\/emory-university\\\/#primaryimage\",\"url\":\"https:\\\/\\\/ceolawyer.com\\\/espanol\\\/wp-content\\\/uploads\\\/sites\\\/2\\\/2025\\\/12\\\/How-to-Obtain-Your-Emory-University-Police-Dept-Car-Accident-Report.webp\",\"contentUrl\":\"https:\\\/\\\/ceolawyer.com\\\/espanol\\\/wp-content\\\/uploads\\\/sites\\\/2\\\/2025\\\/12\\\/How-to-Obtain-Your-Emory-University-Police-Dept-Car-Accident-Report.webp\",\"width\":500,\"height\":300,\"caption\":\"La vista de una azotea de un veh\u00edculo policial y sus luces mientras maneja en la tarde.\"},{\"@type\":\"BreadcrumbList\",\"@id\":\"https:\\\/\\\/ceolawyer.com\\\/espanol\\\/informe-de-accidente\\\/informe-policial-de-un-accidente-de-auto-en-georgia\\\/emory-university\\\/#breadcrumb\",\"itemListElement\":[{\"@type\":\"ListItem\",\"position\":1,\"name\":\"Home\",\"item\":\"https:\\\/\\\/ceolawyer.com\\\/espanol\\\/\"},{\"@type\":\"ListItem\",\"position\":2,\"name\":\"Consigue el Reporte Policial de tu Accidente de Auto\",\"item\":\"https:\\\/\\\/ceolawyer.com\\\/espanol\\\/informe-de-accidente\\\/\"},{\"@type\":\"ListItem\",\"position\":3,\"name\":\"C\u00f3mo Solicitar el Informe Policial de un Accidente de Auto en Georgia\",\"item\":\"https:\\\/\\\/ceolawyer.com\\\/espanol\\\/informe-de-accidente\\\/informe-policial-de-un-accidente-de-auto-en-georgia\\\/\"},{\"@type\":\"ListItem\",\"position\":4,\"name\":\"C\u00f3mo Obtener el Informe de tu Accidente de Auto del Departamento de Polic\u00eda de la Universidad de Emory\"}]},{\"@type\":\"WebSite\",\"@id\":\"https:\\\/\\\/ceolawyer.com\\\/espanol\\\/#website\",\"url\":\"https:\\\/\\\/ceolawyer.com\\\/espanol\\\/\",\"name\":\"CEO Lawyer\",\"description\":\"Personal Injury Attorney\",\"publisher\":{\"@id\":\"https:\\\/\\\/ceolawyer.com\\\/espanol\\\/#organization\"},\"potentialAction\":[{\"@type\":\"SearchAction\",\"target\":{\"@type\":\"EntryPoint\",\"urlTemplate\":\"https:\\\/\\\/ceolawyer.com\\\/espanol\\\/?s={search_term_string}\"},\"query-input\":{\"@type\":\"PropertyValueSpecification\",\"valueRequired\":true,\"valueName\":\"search_term_string\"}}],\"inLanguage\":\"en-US\"},{\"@type\":\"Organization\",\"@id\":\"https:\\\/\\\/ceolawyer.com\\\/espanol\\\/#organization\",\"name\":\"CEO Lawyer\",\"url\":\"https:\\\/\\\/ceolawyer.com\\\/espanol\\\/\",\"logo\":{\"@type\":\"ImageObject\",\"inLanguage\":\"en-US\",\"@id\":\"https:\\\/\\\/ceolawyer.com\\\/espanol\\\/#\\\/schema\\\/logo\\\/image\\\/\",\"url\":\"https:\\\/\\\/ceolawyer.com\\\/espanol\\\/wp-content\\\/uploads\\\/sites\\\/2\\\/2022\\\/05\\\/CEO_Logo.png\",\"contentUrl\":\"https:\\\/\\\/ceolawyer.com\\\/espanol\\\/wp-content\\\/uploads\\\/sites\\\/2\\\/2022\\\/05\\\/CEO_Logo.png\",\"width\":200,\"height\":108,\"caption\":\"CEO Lawyer\"},\"image\":{\"@id\":\"https:\\\/\\\/ceolawyer.com\\\/espanol\\\/#\\\/schema\\\/logo\\\/image\\\/\"}}]}<\/script>\n<!-- \/ Yoast SEO plugin. -->","yoast_head_json":{"title":"C\u00f3mo Obtener el Informe de tu Accidente de Auto del Departamento de Polic\u00eda de la Universidad de Emory | CEO Lawyer","description":"Si necesitas obtener el reporte oficial de tu accidente de Auto del Departamento de Polic\u00eda de la Universidad de Emory, contacta a CEO Lawyer Personal Injury Law Firm.","robots":{"index":"index","follow":"follow","max-snippet":"max-snippet:-1","max-image-preview":"max-image-preview:large","max-video-preview":"max-video-preview:-1"},"canonical":"https:\/\/ceolawyer.com\/espanol\/informe-de-accidente\/informe-policial-de-un-accidente-de-auto-en-georgia\/emory-university\/","og_locale":"en_US","og_type":"article","og_title":"C\u00f3mo Obtener el Informe de tu Accidente de Auto del Departamento de Polic\u00eda de la Universidad de Emory | CEO Lawyer","og_description":"Si necesitas obtener el reporte oficial de tu accidente de Auto del Departamento de Polic\u00eda de la Universidad de Emory, contacta a CEO Lawyer Personal Injury Law Firm.","og_url":"https:\/\/ceolawyer.com\/espanol\/informe-de-accidente\/informe-policial-de-un-accidente-de-auto-en-georgia\/emory-university\/","og_site_name":"CEO Lawyer","article_modified_time":"2025-12-19T17:03:53+00:00","og_image":[{"width":500,"height":300,"url":"https:\/\/ceolawyer.com\/espanol\/wp-content\/uploads\/sites\/2\/2025\/12\/How-to-Obtain-Your-Emory-University-Police-Dept-Car-Accident-Report.webp","type":"image\/webp"}],"twitter_card":"summary_large_image","twitter_misc":{"Est. reading time":"5 minutes"},"schema":{"@context":"https:\/\/schema.org","@graph":[{"@type":"WebPage","@id":"https:\/\/ceolawyer.com\/espanol\/informe-de-accidente\/informe-policial-de-un-accidente-de-auto-en-georgia\/emory-university\/","url":"https:\/\/ceolawyer.com\/espanol\/informe-de-accidente\/informe-policial-de-un-accidente-de-auto-en-georgia\/emory-university\/","name":"C\u00f3mo Obtener el Informe de tu Accidente de Auto del Departamento de Polic\u00eda de la Universidad de Emory | CEO Lawyer","isPartOf":{"@id":"https:\/\/ceolawyer.com\/espanol\/#website"},"primaryImageOfPage":{"@id":"https:\/\/ceolawyer.com\/espanol\/informe-de-accidente\/informe-policial-de-un-accidente-de-auto-en-georgia\/emory-university\/#primaryimage"},"image":{"@id":"https:\/\/ceolawyer.com\/espanol\/informe-de-accidente\/informe-policial-de-un-accidente-de-auto-en-georgia\/emory-university\/#primaryimage"},"thumbnailUrl":"https:\/\/ceolawyer.com\/espanol\/wp-content\/uploads\/sites\/2\/2025\/12\/How-to-Obtain-Your-Emory-University-Police-Dept-Car-Accident-Report.webp","datePublished":"2025-12-19T16:59:29+00:00","dateModified":"2025-12-19T17:03:53+00:00","description":"Si necesitas obtener el reporte oficial de tu accidente de Auto del Departamento de Polic\u00eda de la Universidad de Emory, contacta a CEO Lawyer Personal Injury Law Firm.","breadcrumb":{"@id":"https:\/\/ceolawyer.com\/espanol\/informe-de-accidente\/informe-policial-de-un-accidente-de-auto-en-georgia\/emory-university\/#breadcrumb"},"inLanguage":"en-US","potentialAction":[{"@type":"ReadAction","target":["https:\/\/ceolawyer.com\/espanol\/informe-de-accidente\/informe-policial-de-un-accidente-de-auto-en-georgia\/emory-university\/"]}]},{"@type":"ImageObject","inLanguage":"en-US","@id":"https:\/\/ceolawyer.com\/espanol\/informe-de-accidente\/informe-policial-de-un-accidente-de-auto-en-georgia\/emory-university\/#primaryimage","url":"https:\/\/ceolawyer.com\/espanol\/wp-content\/uploads\/sites\/2\/2025\/12\/How-to-Obtain-Your-Emory-University-Police-Dept-Car-Accident-Report.webp","contentUrl":"https:\/\/ceolawyer.com\/espanol\/wp-content\/uploads\/sites\/2\/2025\/12\/How-to-Obtain-Your-Emory-University-Police-Dept-Car-Accident-Report.webp","width":500,"height":300,"caption":"La vista de una azotea de un veh\u00edculo policial y sus luces mientras maneja en la tarde."},{"@type":"BreadcrumbList","@id":"https:\/\/ceolawyer.com\/espanol\/informe-de-accidente\/informe-policial-de-un-accidente-de-auto-en-georgia\/emory-university\/#breadcrumb","itemListElement":[{"@type":"ListItem","position":1,"name":"Home","item":"https:\/\/ceolawyer.com\/espanol\/"},{"@type":"ListItem","position":2,"name":"Consigue el Reporte Policial de tu Accidente de Auto","item":"https:\/\/ceolawyer.com\/espanol\/informe-de-accidente\/"},{"@type":"ListItem","position":3,"name":"C\u00f3mo Solicitar el Informe Policial de un Accidente de Auto en Georgia","item":"https:\/\/ceolawyer.com\/espanol\/informe-de-accidente\/informe-policial-de-un-accidente-de-auto-en-georgia\/"},{"@type":"ListItem","position":4,"name":"C\u00f3mo Obtener el Informe de tu Accidente de Auto del Departamento de Polic\u00eda de la Universidad de Emory"}]},{"@type":"WebSite","@id":"https:\/\/ceolawyer.com\/espanol\/#website","url":"https:\/\/ceolawyer.com\/espanol\/","name":"CEO Lawyer","description":"Personal Injury Attorney","publisher":{"@id":"https:\/\/ceolawyer.com\/espanol\/#organization"},"potentialAction":[{"@type":"SearchAction","target":{"@type":"EntryPoint","urlTemplate":"https:\/\/ceolawyer.com\/espanol\/?s={search_term_string}"},"query-input":{"@type":"PropertyValueSpecification","valueRequired":true,"valueName":"search_term_string"}}],"inLanguage":"en-US"},{"@type":"Organization","@id":"https:\/\/ceolawyer.com\/espanol\/#organization","name":"CEO Lawyer","url":"https:\/\/ceolawyer.com\/espanol\/","logo":{"@type":"ImageObject","inLanguage":"en-US","@id":"https:\/\/ceolawyer.com\/espanol\/#\/schema\/logo\/image\/","url":"https:\/\/ceolawyer.com\/espanol\/wp-content\/uploads\/sites\/2\/2022\/05\/CEO_Logo.png","contentUrl":"https:\/\/ceolawyer.com\/espanol\/wp-content\/uploads\/sites\/2\/2022\/05\/CEO_Logo.png","width":200,"height":108,"caption":"CEO Lawyer"},"image":{"@id":"https:\/\/ceolawyer.com\/espanol\/#\/schema\/logo\/image\/"}}]}},"_links":{"self":[{"href":"https:\/\/ceolawyer.com\/espanol\/wp-json\/wp\/v2\/pages\/12836","targetHints":{"allow":["GET"]}}],"collection":[{"href":"https:\/\/ceolawyer.com\/espanol\/wp-json\/wp\/v2\/pages"}],"about":[{"href":"https:\/\/ceolawyer.com\/espanol\/wp-json\/wp\/v2\/types\/page"}],"author":[{"embeddable":true,"href":"https:\/\/ceolawyer.com\/espanol\/wp-json\/wp\/v2\/users\/18"}],"replies":[{"embeddable":true,"href":"https:\/\/ceolawyer.com\/espanol\/wp-json\/wp\/v2\/comments?post=12836"}],"version-history":[{"count":0,"href":"https:\/\/ceolawyer.com\/espanol\/wp-json\/wp\/v2\/pages\/12836\/revisions"}],"up":[{"embeddable":true,"href":"https:\/\/ceolawyer.com\/espanol\/wp-json\/wp\/v2\/pages\/12737"}],"wp:featuredmedia":[{"embeddable":true,"href":"https:\/\/ceolawyer.com\/espanol\/wp-json\/wp\/v2\/media\/12838"}],"wp:attachment":[{"href":"https:\/\/ceolawyer.com\/espanol\/wp-json\/wp\/v2\/media?parent=12836"}],"curies":[{"name":"wp","href":"https:\/\/api.w.org\/{rel}","templated":true}]}}