{"id":12839,"date":"2025-12-19T17:47:51","date_gmt":"2025-12-19T17:47:51","guid":{"rendered":"https:\/\/ceolawyer.com\/espanol\/?page_id=12839"},"modified":"2026-01-23T18:02:52","modified_gmt":"2026-01-23T18:02:52","slug":"fayette-county","status":"publish","type":"page","link":"https:\/\/ceolawyer.com\/espanol\/informe-de-accidente\/informe-policial-de-un-accidente-de-auto-en-georgia\/fayette-county\/","title":{"rendered":"C\u00f3mo Obtener el Informe de tu Accidente de Auto de la Oficina del Sheriff del Condado de Fayette"},"content":{"rendered":"<p><img decoding=\"async\" class=\"alignright size-full wp-image-12841\" src=\"https:\/\/ceolawyer.com\/espanol\/wp-content\/uploads\/sites\/2\/2025\/12\/How-to-Obtain-Your-Fayette-County-Sheriffs-Office-Car-Accident-Report.webp\" alt=\"Un equipo de oficiales policiales respondiendo a una escena de un accidente atr\u00e1s de cinta amarilla.\" width=\"500\" height=\"300\" srcset=\"https:\/\/ceolawyer.com\/espanol\/wp-content\/uploads\/sites\/2\/2025\/12\/How-to-Obtain-Your-Fayette-County-Sheriffs-Office-Car-Accident-Report.webp 500w, https:\/\/ceolawyer.com\/espanol\/wp-content\/uploads\/sites\/2\/2025\/12\/How-to-Obtain-Your-Fayette-County-Sheriffs-Office-Car-Accident-Report-300x180.webp 300w\" sizes=\"(max-width: 500px) 100vw, 500px\" \/>Lidiar con las consecuencias de un accidente automovil\u00edstico puede ser frustrante. Afortunadamente, obtener una copia de tu informe de accidente en la Oficina del Sheriff del Condado de Lafayette no tiene por qu\u00e9 ser otro motivo de estr\u00e9s.<\/p>\n<p>Esta gu\u00eda te explicar\u00e1 paso a paso c\u00f3mo solicitarlo de manera f\u00e1cil y r\u00e1pida, ya sea en l\u00ednea, en persona o por correo.<\/p>\n<h3>Sobre la Oficina del Sheriff del Condado de Lafayette<\/h3>\n<p>Es la entidad encargada de mantener el orden en el condado, garantizando la seguridad de sus ciudadanos y gestionando diversos procedimientos oficiales, como los informes de accidentes de auto.<\/p>\n<p>Se encuentran en 155 Johnson Ave, Fayetteville, GA 30214 y puedes comunicarte a sus oficinas, llamando al: <a href=\"tel:+7707164887\">(770) 716-4887<\/a>.<\/p>\n<h2>M\u00e9todos para solicitar el informe de tu accidente<\/h2>\n<h3>En l\u00ednea<\/h3>\n<p>Puedes pedir una copia del reporte de manera r\u00e1pida a trav\u00e9s de la p\u00e1gina de <a href=\"https:\/\/fayettesheriff.org\/resources\/\">Solicitud de Reportes de Incidentes y Accidentes<\/a>. Solo debes completar el formulario con los datos que solicitan, como la fecha y lugar del accidente, datos de las personas involucradas y tu informaci\u00f3n de contacto.<\/p>\n<p>Otra opci\u00f3n es utilizar la plataforma de <a href=\"https:\/\/buycrash.lexisnexisrisk.com\/ui\/home\">BuyCrash<\/a> para solicitar el informe:<\/p>\n<ol>\n<li>Ingresa al sitio y selecciona \u201cGeorgia\u201d como estado.<\/li>\n<li>En el segundo men\u00fa desplegable, elige \u201cFayette County Sheriff\u2019s Office\u201d como la jurisdicci\u00f3n.<\/li>\n<li>Ingresa los siguientes datos:\n<ul>\n<li>Apellido<\/li>\n<li>Fecha del accidente<\/li>\n<li>N\u00famero de informe del caso<\/li>\n<li>N\u00famero de Identificaci\u00f3n del Veh\u00edculo<\/li>\n<li>N\u00famero de licencia de conducir<\/li>\n<\/ul>\n<\/li>\n<li>Sigue las instrucciones para completar el proceso.<\/li>\n<\/ol>\n<p>El costo por descargar tu informe es de $13 d\u00f3lares, puedes usar tarjeta de cr\u00e9dito o d\u00e9bito.<\/p>\n<h3>En persona<\/h3>\n<p>Si prefieres hacer el tr\u00e1mite directamente, puedes acudir a las oficinas del Sheriff en 155 Johnson Avenue, Fayetteville, GA 30214.<\/p>\n<ul>\n<li>Los informes suelen estar disponibles entre 3 y 5 d\u00edas h\u00e1biles despu\u00e9s de la solicitud.<\/li>\n<li>Debes llevar la cantidad exacta de dinero en efectivo, cheques comerciales o cheques certificados, ya que no se aceptan cheques personales para pagar la tarifa por la copia del reporte.<\/li>\n<\/ul>\n<h3>Por correo<\/h3>\n<p>Si no puedes acudir a la oficina, tambi\u00e9n puedes solicitar el informe por correo.<\/p>\n<ul>\n<li>Accede a la p\u00e1gina de Solicitud de <a href=\"https:\/\/fayettesheriff.org\/resources\/\">Reportes de Incidentes y Accidentes<\/a>.<\/li>\n<li>Completa el formulario con la informaci\u00f3n requerida.<\/li>\n<li>Indica que deseas recibir el informe por correo.<\/li>\n<li>Tambi\u00e9n puedes solicitar una copia por fax si lo necesitas.<\/li>\n<\/ul>\n<h4>Informaci\u00f3n que necesitar\u00e1s proporcionar<\/h4>\n<p>Para solicitar tu informe de accidente, debes incluir esta informaci\u00f3n:<\/p>\n<ul>\n<li>Fecha, hora, lugar y nombres de los involucrados.<\/li>\n<li>Tu informaci\u00f3n personal (nombre completo, tel\u00e9fono, correo electr\u00f3nico) y tu relaci\u00f3n con el accidente (eres uno de los conductores, pasajero, testigo, etc.).<\/li>\n<li>Explica el motivo de tu solicitud (para una reclamaci\u00f3n de seguro, proceso legal o archivo personal).<\/li>\n<\/ul>\n<h4>Tarifas aplicables<\/h4>\n<p>Dependiendo del tipo de informe que solicites, podr\u00edan aplicarse las siguientes tarifas:<\/p>\n<ul>\n<li>Informes de accidentes: $5 d\u00f3lares por informe\/copia (gratuito para las personas involucradas en el accidente).<\/li>\n<li>Informes de incidentes: $0.10 centavos por p\u00e1gina (gratuito para las personas involucradas).<\/li>\n<\/ul>\n<h2>Qu\u00e9 hacer en caso de accidente automovil\u00edstico<\/h2>\n<ul>\n<li>Toma fotos y videos de la escena del accidente, los da\u00f1os a los veh\u00edculos y cualquier se\u00f1al de tr\u00e1fico relevante.<\/li>\n<li>Obt\u00e9n la informaci\u00f3n de contacto, licencias y datos del seguro de todas las partes involucradas.<\/li>\n<li>Aunque no haya testigos, un informe policial sirve como registro oficial del accidente.<\/li>\n<li>Busca atenci\u00f3n m\u00e9dica inmediata si hay lesiones.<\/li>\n<li>Reporta el accidente a tu aseguradora para iniciar el proceso de reclamaci\u00f3n.<\/li>\n<\/ul>\n<h2>C\u00f3mo responder a reclamaciones falsas<\/h2>\n<p>Si sospechas que alguien est\u00e1 proporcionando informaci\u00f3n falsa sobre el accidente, sigue estos pasos:<\/p>\n<ul>\n<li>Evita discusiones y enf\u00f3cate en recopilar datos objetivos.<\/li>\n<li>Toma notas, fotos y cualquier evidencia.<\/li>\n<li>Consulta a un <a href=\"https:\/\/ceolawyer.com\/georgia-personal-injury\/car-accident-lawyer\/\">abogado con experiencia en accidentes de auto en Georgia<\/a> para explorar tus opciones.<\/li>\n<\/ul>\n<h3>El papel de un abogado de da\u00f1os personales<\/h3>\n<p>Si enfrentas una disputa o reclamaci\u00f3n falsa, un abogado puede ayudarte con:<\/p>\n<ul>\n<li>Recopilar evidencia y verificar la informaci\u00f3n.<\/li>\n<li>Negociar con tu compa\u00f1\u00eda de seguros y representarte en caso de litigios.<\/li>\n<li>Calcular y solicitar una compensaci\u00f3n justa por los da\u00f1os y perjuicios que hayas sufrido.<\/li>\n<\/ul>\n<h2>Acude a CEO Lawyer Personal Injury Law Firm<\/h2>\n<p>Sufrir un accidente de auto es un asunto complejo, por lo que contar con asesor\u00eda legal adecuada es clave.<\/p>\n<p>Para obtener m\u00e1s informaci\u00f3n o una consulta de tu caso, ll\u00e1manos al <a href=\"tel:+14708229057\"><strong>(470) 822-9057<\/strong><\/a>.<\/p>\n<p>Nuestro equipo de abogados con experiencia est\u00e1 aqu\u00ed para garantizar que recibas el apoyo legal que necesitas. Y, sobre todo, recuerda conducir siempre con precauci\u00f3n para evitar accidentes.<\/p>\n","protected":false},"excerpt":{"rendered":"<p>Lidiar con las consecuencias de un accidente automovil\u00edstico puede ser frustrante. Afortunadamente, obtener una copia de tu informe de accidente en la Oficina del Sheriff del Condado de Lafayette no tiene por qu\u00e9 ser otro motivo de estr\u00e9s. Esta gu\u00eda te explicar\u00e1 paso a paso c\u00f3mo solicitarlo de manera f\u00e1cil y r\u00e1pida, ya sea en [&hellip;]<\/p>\n","protected":false},"author":18,"featured_media":12841,"parent":12737,"menu_order":0,"comment_status":"closed","ping_status":"closed","template":"","meta":{"_acf_changed":false,"footnotes":""},"class_list":["post-12839","page","type-page","status-publish","has-post-thumbnail","hentry"],"acf":[],"yoast_head":"<!-- This site is optimized with the Yoast SEO plugin v27.4 - https:\/\/yoast.com\/product\/yoast-seo-wordpress\/ -->\n<title>C\u00f3mo Obtener el Informe de tu Accidente de Auto de la Oficina del Sheriff del Condado de Fayette | CEO Lawyer<\/title>\n<meta name=\"description\" content=\"Llama a CEO Lawyer Personal Injury Law Firm al (470) 822-9057 y d\u00e9janos ayudarte a conseguir el reporte policial de tu accidente de auto de la oficina del Sheriff de Fayette.\" \/>\n<meta name=\"robots\" content=\"index, follow, max-snippet:-1, max-image-preview:large, max-video-preview:-1\" \/>\n<link rel=\"canonical\" href=\"https:\/\/ceolawyer.com\/espanol\/informe-de-accidente\/informe-policial-de-un-accidente-de-auto-en-georgia\/fayette-county\/\" \/>\n<meta property=\"og:locale\" content=\"en_US\" \/>\n<meta property=\"og:type\" content=\"article\" \/>\n<meta property=\"og:title\" content=\"C\u00f3mo Obtener el Informe de tu Accidente de Auto de la Oficina del Sheriff del Condado de Fayette | CEO Lawyer\" \/>\n<meta property=\"og:description\" content=\"Llama a CEO Lawyer Personal Injury Law Firm al (470) 822-9057 y d\u00e9janos ayudarte a conseguir el reporte policial de tu accidente de auto de la oficina del Sheriff de Fayette.\" \/>\n<meta property=\"og:url\" content=\"https:\/\/ceolawyer.com\/espanol\/informe-de-accidente\/informe-policial-de-un-accidente-de-auto-en-georgia\/fayette-county\/\" \/>\n<meta property=\"og:site_name\" content=\"CEO Lawyer\" \/>\n<meta property=\"article:modified_time\" content=\"2026-01-23T18:02:52+00:00\" \/>\n<meta property=\"og:image\" content=\"https:\/\/ceolawyer.com\/espanol\/wp-content\/uploads\/sites\/2\/2025\/12\/How-to-Obtain-Your-Fayette-County-Sheriffs-Office-Car-Accident-Report.webp\" \/>\n\t<meta property=\"og:image:width\" content=\"500\" \/>\n\t<meta property=\"og:image:height\" content=\"300\" \/>\n\t<meta property=\"og:image:type\" content=\"image\/webp\" \/>\n<meta name=\"twitter:card\" content=\"summary_large_image\" \/>\n<meta name=\"twitter:label1\" content=\"Est. reading time\" \/>\n\t<meta name=\"twitter:data1\" content=\"4 minutes\" \/>\n<script type=\"application\/ld+json\" class=\"yoast-schema-graph\">{\"@context\":\"https:\\\/\\\/schema.org\",\"@graph\":[{\"@type\":\"WebPage\",\"@id\":\"https:\\\/\\\/ceolawyer.com\\\/espanol\\\/informe-de-accidente\\\/informe-policial-de-un-accidente-de-auto-en-georgia\\\/fayette-county\\\/\",\"url\":\"https:\\\/\\\/ceolawyer.com\\\/espanol\\\/informe-de-accidente\\\/informe-policial-de-un-accidente-de-auto-en-georgia\\\/fayette-county\\\/\",\"name\":\"C\u00f3mo Obtener el Informe de tu Accidente de Auto de la Oficina del Sheriff del Condado de Fayette | CEO Lawyer\",\"isPartOf\":{\"@id\":\"https:\\\/\\\/ceolawyer.com\\\/espanol\\\/#website\"},\"primaryImageOfPage\":{\"@id\":\"https:\\\/\\\/ceolawyer.com\\\/espanol\\\/informe-de-accidente\\\/informe-policial-de-un-accidente-de-auto-en-georgia\\\/fayette-county\\\/#primaryimage\"},\"image\":{\"@id\":\"https:\\\/\\\/ceolawyer.com\\\/espanol\\\/informe-de-accidente\\\/informe-policial-de-un-accidente-de-auto-en-georgia\\\/fayette-county\\\/#primaryimage\"},\"thumbnailUrl\":\"https:\\\/\\\/ceolawyer.com\\\/espanol\\\/wp-content\\\/uploads\\\/sites\\\/2\\\/2025\\\/12\\\/How-to-Obtain-Your-Fayette-County-Sheriffs-Office-Car-Accident-Report.webp\",\"datePublished\":\"2025-12-19T17:47:51+00:00\",\"dateModified\":\"2026-01-23T18:02:52+00:00\",\"description\":\"Llama a CEO Lawyer Personal Injury Law Firm al (470) 822-9057 y d\u00e9janos ayudarte a conseguir el reporte policial de tu accidente de auto de la oficina del Sheriff de Fayette.\",\"breadcrumb\":{\"@id\":\"https:\\\/\\\/ceolawyer.com\\\/espanol\\\/informe-de-accidente\\\/informe-policial-de-un-accidente-de-auto-en-georgia\\\/fayette-county\\\/#breadcrumb\"},\"inLanguage\":\"en-US\",\"potentialAction\":[{\"@type\":\"ReadAction\",\"target\":[\"https:\\\/\\\/ceolawyer.com\\\/espanol\\\/informe-de-accidente\\\/informe-policial-de-un-accidente-de-auto-en-georgia\\\/fayette-county\\\/\"]}]},{\"@type\":\"ImageObject\",\"inLanguage\":\"en-US\",\"@id\":\"https:\\\/\\\/ceolawyer.com\\\/espanol\\\/informe-de-accidente\\\/informe-policial-de-un-accidente-de-auto-en-georgia\\\/fayette-county\\\/#primaryimage\",\"url\":\"https:\\\/\\\/ceolawyer.com\\\/espanol\\\/wp-content\\\/uploads\\\/sites\\\/2\\\/2025\\\/12\\\/How-to-Obtain-Your-Fayette-County-Sheriffs-Office-Car-Accident-Report.webp\",\"contentUrl\":\"https:\\\/\\\/ceolawyer.com\\\/espanol\\\/wp-content\\\/uploads\\\/sites\\\/2\\\/2025\\\/12\\\/How-to-Obtain-Your-Fayette-County-Sheriffs-Office-Car-Accident-Report.webp\",\"width\":500,\"height\":300,\"caption\":\"Un equipo de oficiales policiales respondiendo a una escena de un accidente atr\u00e1s de cinta amarilla.\"},{\"@type\":\"BreadcrumbList\",\"@id\":\"https:\\\/\\\/ceolawyer.com\\\/espanol\\\/informe-de-accidente\\\/informe-policial-de-un-accidente-de-auto-en-georgia\\\/fayette-county\\\/#breadcrumb\",\"itemListElement\":[{\"@type\":\"ListItem\",\"position\":1,\"name\":\"Home\",\"item\":\"https:\\\/\\\/ceolawyer.com\\\/espanol\\\/\"},{\"@type\":\"ListItem\",\"position\":2,\"name\":\"Consigue el Reporte Policial de tu Accidente de Auto\",\"item\":\"https:\\\/\\\/ceolawyer.com\\\/espanol\\\/informe-de-accidente\\\/\"},{\"@type\":\"ListItem\",\"position\":3,\"name\":\"C\u00f3mo Solicitar el Informe Policial de un Accidente de Auto en Georgia\",\"item\":\"https:\\\/\\\/ceolawyer.com\\\/espanol\\\/informe-de-accidente\\\/informe-policial-de-un-accidente-de-auto-en-georgia\\\/\"},{\"@type\":\"ListItem\",\"position\":4,\"name\":\"C\u00f3mo Obtener el Informe de tu Accidente de Auto de la Oficina del Sheriff del Condado de Fayette\"}]},{\"@type\":\"WebSite\",\"@id\":\"https:\\\/\\\/ceolawyer.com\\\/espanol\\\/#website\",\"url\":\"https:\\\/\\\/ceolawyer.com\\\/espanol\\\/\",\"name\":\"CEO Lawyer\",\"description\":\"Personal Injury Attorney\",\"publisher\":{\"@id\":\"https:\\\/\\\/ceolawyer.com\\\/espanol\\\/#organization\"},\"potentialAction\":[{\"@type\":\"SearchAction\",\"target\":{\"@type\":\"EntryPoint\",\"urlTemplate\":\"https:\\\/\\\/ceolawyer.com\\\/espanol\\\/?s={search_term_string}\"},\"query-input\":{\"@type\":\"PropertyValueSpecification\",\"valueRequired\":true,\"valueName\":\"search_term_string\"}}],\"inLanguage\":\"en-US\"},{\"@type\":\"Organization\",\"@id\":\"https:\\\/\\\/ceolawyer.com\\\/espanol\\\/#organization\",\"name\":\"CEO Lawyer\",\"url\":\"https:\\\/\\\/ceolawyer.com\\\/espanol\\\/\",\"logo\":{\"@type\":\"ImageObject\",\"inLanguage\":\"en-US\",\"@id\":\"https:\\\/\\\/ceolawyer.com\\\/espanol\\\/#\\\/schema\\\/logo\\\/image\\\/\",\"url\":\"https:\\\/\\\/ceolawyer.com\\\/espanol\\\/wp-content\\\/uploads\\\/sites\\\/2\\\/2022\\\/05\\\/CEO_Logo.png\",\"contentUrl\":\"https:\\\/\\\/ceolawyer.com\\\/espanol\\\/wp-content\\\/uploads\\\/sites\\\/2\\\/2022\\\/05\\\/CEO_Logo.png\",\"width\":200,\"height\":108,\"caption\":\"CEO Lawyer\"},\"image\":{\"@id\":\"https:\\\/\\\/ceolawyer.com\\\/espanol\\\/#\\\/schema\\\/logo\\\/image\\\/\"}}]}<\/script>\n<!-- \/ Yoast SEO plugin. -->","yoast_head_json":{"title":"C\u00f3mo Obtener el Informe de tu Accidente de Auto de la Oficina del Sheriff del Condado de Fayette | CEO Lawyer","description":"Llama a CEO Lawyer Personal Injury Law Firm al (470) 822-9057 y d\u00e9janos ayudarte a conseguir el reporte policial de tu accidente de auto de la oficina del Sheriff de Fayette.","robots":{"index":"index","follow":"follow","max-snippet":"max-snippet:-1","max-image-preview":"max-image-preview:large","max-video-preview":"max-video-preview:-1"},"canonical":"https:\/\/ceolawyer.com\/espanol\/informe-de-accidente\/informe-policial-de-un-accidente-de-auto-en-georgia\/fayette-county\/","og_locale":"en_US","og_type":"article","og_title":"C\u00f3mo Obtener el Informe de tu Accidente de Auto de la Oficina del Sheriff del Condado de Fayette | CEO Lawyer","og_description":"Llama a CEO Lawyer Personal Injury Law Firm al (470) 822-9057 y d\u00e9janos ayudarte a conseguir el reporte policial de tu accidente de auto de la oficina del Sheriff de Fayette.","og_url":"https:\/\/ceolawyer.com\/espanol\/informe-de-accidente\/informe-policial-de-un-accidente-de-auto-en-georgia\/fayette-county\/","og_site_name":"CEO Lawyer","article_modified_time":"2026-01-23T18:02:52+00:00","og_image":[{"width":500,"height":300,"url":"https:\/\/ceolawyer.com\/espanol\/wp-content\/uploads\/sites\/2\/2025\/12\/How-to-Obtain-Your-Fayette-County-Sheriffs-Office-Car-Accident-Report.webp","type":"image\/webp"}],"twitter_card":"summary_large_image","twitter_misc":{"Est. reading time":"4 minutes"},"schema":{"@context":"https:\/\/schema.org","@graph":[{"@type":"WebPage","@id":"https:\/\/ceolawyer.com\/espanol\/informe-de-accidente\/informe-policial-de-un-accidente-de-auto-en-georgia\/fayette-county\/","url":"https:\/\/ceolawyer.com\/espanol\/informe-de-accidente\/informe-policial-de-un-accidente-de-auto-en-georgia\/fayette-county\/","name":"C\u00f3mo Obtener el Informe de tu Accidente de Auto de la Oficina del Sheriff del Condado de Fayette | CEO Lawyer","isPartOf":{"@id":"https:\/\/ceolawyer.com\/espanol\/#website"},"primaryImageOfPage":{"@id":"https:\/\/ceolawyer.com\/espanol\/informe-de-accidente\/informe-policial-de-un-accidente-de-auto-en-georgia\/fayette-county\/#primaryimage"},"image":{"@id":"https:\/\/ceolawyer.com\/espanol\/informe-de-accidente\/informe-policial-de-un-accidente-de-auto-en-georgia\/fayette-county\/#primaryimage"},"thumbnailUrl":"https:\/\/ceolawyer.com\/espanol\/wp-content\/uploads\/sites\/2\/2025\/12\/How-to-Obtain-Your-Fayette-County-Sheriffs-Office-Car-Accident-Report.webp","datePublished":"2025-12-19T17:47:51+00:00","dateModified":"2026-01-23T18:02:52+00:00","description":"Llama a CEO Lawyer Personal Injury Law Firm al (470) 822-9057 y d\u00e9janos ayudarte a conseguir el reporte policial de tu accidente de auto de la oficina del Sheriff de Fayette.","breadcrumb":{"@id":"https:\/\/ceolawyer.com\/espanol\/informe-de-accidente\/informe-policial-de-un-accidente-de-auto-en-georgia\/fayette-county\/#breadcrumb"},"inLanguage":"en-US","potentialAction":[{"@type":"ReadAction","target":["https:\/\/ceolawyer.com\/espanol\/informe-de-accidente\/informe-policial-de-un-accidente-de-auto-en-georgia\/fayette-county\/"]}]},{"@type":"ImageObject","inLanguage":"en-US","@id":"https:\/\/ceolawyer.com\/espanol\/informe-de-accidente\/informe-policial-de-un-accidente-de-auto-en-georgia\/fayette-county\/#primaryimage","url":"https:\/\/ceolawyer.com\/espanol\/wp-content\/uploads\/sites\/2\/2025\/12\/How-to-Obtain-Your-Fayette-County-Sheriffs-Office-Car-Accident-Report.webp","contentUrl":"https:\/\/ceolawyer.com\/espanol\/wp-content\/uploads\/sites\/2\/2025\/12\/How-to-Obtain-Your-Fayette-County-Sheriffs-Office-Car-Accident-Report.webp","width":500,"height":300,"caption":"Un equipo de oficiales policiales respondiendo a una escena de un accidente atr\u00e1s de cinta amarilla."},{"@type":"BreadcrumbList","@id":"https:\/\/ceolawyer.com\/espanol\/informe-de-accidente\/informe-policial-de-un-accidente-de-auto-en-georgia\/fayette-county\/#breadcrumb","itemListElement":[{"@type":"ListItem","position":1,"name":"Home","item":"https:\/\/ceolawyer.com\/espanol\/"},{"@type":"ListItem","position":2,"name":"Consigue el Reporte Policial de tu Accidente de Auto","item":"https:\/\/ceolawyer.com\/espanol\/informe-de-accidente\/"},{"@type":"ListItem","position":3,"name":"C\u00f3mo Solicitar el Informe Policial de un Accidente de Auto en Georgia","item":"https:\/\/ceolawyer.com\/espanol\/informe-de-accidente\/informe-policial-de-un-accidente-de-auto-en-georgia\/"},{"@type":"ListItem","position":4,"name":"C\u00f3mo Obtener el Informe de tu Accidente de Auto de la Oficina del Sheriff del Condado de Fayette"}]},{"@type":"WebSite","@id":"https:\/\/ceolawyer.com\/espanol\/#website","url":"https:\/\/ceolawyer.com\/espanol\/","name":"CEO Lawyer","description":"Personal Injury Attorney","publisher":{"@id":"https:\/\/ceolawyer.com\/espanol\/#organization"},"potentialAction":[{"@type":"SearchAction","target":{"@type":"EntryPoint","urlTemplate":"https:\/\/ceolawyer.com\/espanol\/?s={search_term_string}"},"query-input":{"@type":"PropertyValueSpecification","valueRequired":true,"valueName":"search_term_string"}}],"inLanguage":"en-US"},{"@type":"Organization","@id":"https:\/\/ceolawyer.com\/espanol\/#organization","name":"CEO Lawyer","url":"https:\/\/ceolawyer.com\/espanol\/","logo":{"@type":"ImageObject","inLanguage":"en-US","@id":"https:\/\/ceolawyer.com\/espanol\/#\/schema\/logo\/image\/","url":"https:\/\/ceolawyer.com\/espanol\/wp-content\/uploads\/sites\/2\/2022\/05\/CEO_Logo.png","contentUrl":"https:\/\/ceolawyer.com\/espanol\/wp-content\/uploads\/sites\/2\/2022\/05\/CEO_Logo.png","width":200,"height":108,"caption":"CEO Lawyer"},"image":{"@id":"https:\/\/ceolawyer.com\/espanol\/#\/schema\/logo\/image\/"}}]}},"_links":{"self":[{"href":"https:\/\/ceolawyer.com\/espanol\/wp-json\/wp\/v2\/pages\/12839","targetHints":{"allow":["GET"]}}],"collection":[{"href":"https:\/\/ceolawyer.com\/espanol\/wp-json\/wp\/v2\/pages"}],"about":[{"href":"https:\/\/ceolawyer.com\/espanol\/wp-json\/wp\/v2\/types\/page"}],"author":[{"embeddable":true,"href":"https:\/\/ceolawyer.com\/espanol\/wp-json\/wp\/v2\/users\/18"}],"replies":[{"embeddable":true,"href":"https:\/\/ceolawyer.com\/espanol\/wp-json\/wp\/v2\/comments?post=12839"}],"version-history":[{"count":0,"href":"https:\/\/ceolawyer.com\/espanol\/wp-json\/wp\/v2\/pages\/12839\/revisions"}],"up":[{"embeddable":true,"href":"https:\/\/ceolawyer.com\/espanol\/wp-json\/wp\/v2\/pages\/12737"}],"wp:featuredmedia":[{"embeddable":true,"href":"https:\/\/ceolawyer.com\/espanol\/wp-json\/wp\/v2\/media\/12841"}],"wp:attachment":[{"href":"https:\/\/ceolawyer.com\/espanol\/wp-json\/wp\/v2\/media?parent=12839"}],"curies":[{"name":"wp","href":"https:\/\/api.w.org\/{rel}","templated":true}]}}