{"id":12851,"date":"2025-12-19T18:14:34","date_gmt":"2025-12-19T18:14:34","guid":{"rendered":"https:\/\/ceolawyer.com\/espanol\/?page_id=12851"},"modified":"2025-12-19T18:19:12","modified_gmt":"2025-12-19T18:19:12","slug":"fulton-county-sheriffs","status":"publish","type":"page","link":"https:\/\/ceolawyer.com\/espanol\/informe-de-accidente\/informe-policial-de-un-accidente-de-auto-en-georgia\/fulton-county-sheriffs\/","title":{"rendered":"C\u00f3mo Obtener el Informe de tu Accidente de Auto de la Oficina del Sheriff del Condado de Fulton"},"content":{"rendered":"<p><img decoding=\"async\" class=\"alignright size-full wp-image-12853\" src=\"https:\/\/ceolawyer.com\/espanol\/wp-content\/uploads\/sites\/2\/2025\/12\/How-to-Obtain-Your-Fulton-County-Sheriffs-Office-Car-Accident-Report.webp\" alt=\"Cinta amarilla en la escena de un accidente con los oficiales policiales respondiendo en el fondo.\" width=\"500\" height=\"300\" srcset=\"https:\/\/ceolawyer.com\/espanol\/wp-content\/uploads\/sites\/2\/2025\/12\/How-to-Obtain-Your-Fulton-County-Sheriffs-Office-Car-Accident-Report.webp 500w, https:\/\/ceolawyer.com\/espanol\/wp-content\/uploads\/sites\/2\/2025\/12\/How-to-Obtain-Your-Fulton-County-Sheriffs-Office-Car-Accident-Report-300x180.webp 300w\" sizes=\"(max-width: 500px) 100vw, 500px\" \/>Si tuviste un accidente de tr\u00e1nsito en el Condado de Fulton, Georgia, es importante que consigas una copia del informe policial del accidente. Este documento es una prueba oficial y pieza clave para reclamaciones de seguros, tomar acciones legales y para asegurarte de que todos los procesos posteriores al accidente se gestionen correctamente.<\/p>\n<h3>\u00bfPor qu\u00e9 es importante tener una copia de tu informe?<\/h3>\n<p>La Oficina del Sheriff del Condado de Fulton es la entidad responsable de muchas tareas de seguridad p\u00fablica, incluyendo la operaci\u00f3n de la c\u00e1rcel del condado y la seguridad en los tribunales. Adem\u00e1s, es la encargada de expedir los informes de accidentes, estos incluyen informaci\u00f3n importante como:<\/p>\n<ul>\n<li>Qui\u00e9nes estuvieron involucrados.<\/li>\n<li>Cu\u00e1ndo y d\u00f3nde ocurri\u00f3 el accidente.<\/li>\n<li>Una descripci\u00f3n detallada de los hechos.<\/li>\n<\/ul>\n<h2>M\u00e9todos para solicitar el reporte de tu accidente<\/h2>\n<h3>Solicitud en l\u00ednea<\/h3>\n<p>Para mayor comodidad, puedes obtener el informe a trav\u00e9s de BuyCrash, siguiendo estos pasos:<\/p>\n<ol>\n<li>Visita la<a href=\"https:\/\/buycrash.lexisnexisrisk.com\/ui\/home\"> p\u00e1gina web<\/a> y selecciona \u201cGeorgia\u201d como estado.<\/li>\n<li>Elige \u201cFulton County Sheriff\u2019s Office\u201d como la agencia encargada del informe.<\/li>\n<li>Haz clic en \u201cStart Search\u201d e ingresa los siguientes datos:<\/li>\n<\/ol>\n<ul>\n<li>Apellido del conductor involucrado.<\/li>\n<li>Fecha del accidente.<\/li>\n<li>N\u00famero de reporte del caso.<\/li>\n<li>N\u00famero de Identificaci\u00f3n del Veh\u00edculo.<\/li>\n<li>N\u00famero de licencia de conducir.<\/li>\n<\/ul>\n<p><em>Nota: Puede aplicarse una tarifa por este servicio.<\/em><\/p>\n<p>Otra alternativa es solicitar el informe a trav\u00e9s del <a href=\"https:\/\/fultoncountyga.mycusthelp.com\/WEBAPP\/_rs\/(S(2bx2txfxxpmxiom0w4moerm5))\/supporthome.aspx\">Centro de Registros del Condado de Fulton<\/a>:<\/p>\n<ol>\n<li>Si no tienes una cuenta, reg\u00edstrate en su sistema.<\/li>\n<li>En el men\u00fa desplegable, elige \u201cSheriff\u201d como el departamento encargado.<\/li>\n<li>Llena la solicitud con la mayor cantidad de detalles posible.<\/li>\n<li>Env\u00eda tu solicitud.<\/li>\n<\/ol>\n<h3>En persona<\/h3>\n<p>Si prefieres acudir a la oficina, dir\u00edgete a:<\/p>\n<p>141 Pryor St., SW, Atlanta, GA 30303.<\/p>\n<p>All\u00ed podr\u00e1s entregar tu solicitud y asegurarte de que se procese correctamente.<\/p>\n<h3>Contacto para consultas<\/h3>\n<p>Si necesitas ayuda con tu solicitud, comun\u00edcate a la Oficina del Sheriff del Condado de Fulton al <a href=\"tel:+14046125100\">(404) 612-5100<\/a>.<\/p>\n<h3>Qu\u00e9 hacer si no tienes toda la informaci\u00f3n<\/h3>\n<p>Si no cuentas con los detalles enlistados anteriormente, puedes:<\/p>\n<ul>\n<li>Proporcionar la informaci\u00f3n que <em>s\u00ed <\/em><\/li>\n<li>Contacta a la Oficina del Sheriff y pregunta si pueden ayudarte con tu solicitud.<\/li>\n<li>Acude a las oficinas, ya que el personal podr\u00eda encontrar tu informe con otros detalles del accidente.<\/li>\n<\/ul>\n<h2>Correcci\u00f3n de errores en el informe de tu accidente<\/h2>\n<p>Si la copia de tu reporte contiene informaci\u00f3n incorrecta, es importante que se corrijan de inmediato para evitar problemas. Sigue estos pasos:<\/p>\n<ol>\n<li>Revisa el informe detalladamente y anota cualquier error.<\/li>\n<li>Re\u00fane evidencia y documentos que respalden la informaci\u00f3n.<\/li>\n<li>Acude a la Oficina de Registros y Reportes del condado y presenta tu solicitud.<\/li>\n<li>Mantente en contacto con la oficina hasta que el error sea corregido.<\/li>\n<\/ol>\n<h3>\u00bfC\u00f3mo impactan estos errores en tu seguro?<\/h3>\n<p>Un error en el informe puede afectar tu reclamaci\u00f3n de seguro de distintas maneras:<\/p>\n<ul>\n<li>Tu compa\u00f1\u00eda de seguros podr\u00eda retrasar el proceso mientras investiga la informaci\u00f3n.<\/li>\n<li>Errores graves en el informe de tu accidente pueden causar que tu reclamaci\u00f3n sea rechazada.<\/li>\n<li>Si los errores favorecen a la parte contraria, podr\u00eda afectar el monto de tu compensaci\u00f3n.<\/li>\n<\/ul>\n<p>Por eso, es fundamental que cualquier error sea corregido cuanto antes.<\/p>\n<h2>Beneficios de contar con un abogado de accidentes<\/h2>\n<p>Un <a href=\"https:\/\/ceolawyer.com\/personal-injury\/car-accident-lawyer\/\">abogado experimentado en accidentes de auto<\/a> puede facilitar el proceso y aumentar las posibilidades de que obtengas una indemnizaci\u00f3n justa. As\u00ed es como un equipo legal con experiencia puede ayudarte:<\/p>\n<ul>\n<li>Se encarga de hablar y negociar con los ajustadores de seguro en tu nombre.<\/li>\n<li>Para recopilar evidencia (obtener el informe policial, declaraciones de testigos y registros m\u00e9dicos).<\/li>\n<li>Ser\u00e1 tu gu\u00eda durante todo el proceso legal.<\/li>\n<li>Se asegurar\u00e1 de proteger tus derechos y de que recibas la compensaci\u00f3n que te corresponde.<\/li>\n<li>Si es necesario, puede defender tu caso en la corte.<\/li>\n<\/ul>\n<p>Si necesitas asesor\u00eda legal, acude a CEO Lawyer Personal Injury Law Firm o llama al <a href=\"tel:+14708229057\"><strong>(470) 822-9057<\/strong><\/a>. Nuestro equipo est\u00e1 listo para defender tus derechos y asegurarse de que est\u00e9s protegido durante el proceso de reclamaci\u00f3n o tomar acciones legales en contra de las partes responsables en tu accidente de auto en el Condado de Fulton.<\/p>\n","protected":false},"excerpt":{"rendered":"<p>Si tuviste un accidente de tr\u00e1nsito en el Condado de Fulton, Georgia, es importante que consigas una copia del informe policial del accidente. Este documento es una prueba oficial y pieza clave para reclamaciones de seguros, tomar acciones legales y para asegurarte de que todos los procesos posteriores al accidente se gestionen correctamente. \u00bfPor qu\u00e9 [&hellip;]<\/p>\n","protected":false},"author":18,"featured_media":12853,"parent":12737,"menu_order":0,"comment_status":"closed","ping_status":"closed","template":"","meta":{"_acf_changed":false,"footnotes":""},"class_list":["post-12851","page","type-page","status-publish","has-post-thumbnail","hentry"],"acf":[],"yoast_head":"<!-- This site is optimized with the Yoast SEO plugin v27.5 - https:\/\/yoast.com\/product\/yoast-seo-wordpress\/ -->\n<title>C\u00f3mo Obtener el Informe de tu Accidente de Auto de la Oficina del Sheriff del Condado de Fulton | CEO Lawyer<\/title>\n<meta name=\"description\" content=\"\u00bfAccidente en Fulton? Te explicamos c\u00f3mo obtener tu informe. Consulta con CEO Lawyer Personal Injury Law Firm para saber qu\u00e9 hacer despu\u00e9s.\" \/>\n<meta name=\"robots\" content=\"index, follow, max-snippet:-1, max-image-preview:large, max-video-preview:-1\" \/>\n<link rel=\"canonical\" href=\"https:\/\/ceolawyer.com\/espanol\/informe-de-accidente\/informe-policial-de-un-accidente-de-auto-en-georgia\/fulton-county-sheriffs\/\" \/>\n<meta property=\"og:locale\" content=\"en_US\" \/>\n<meta property=\"og:type\" content=\"article\" \/>\n<meta property=\"og:title\" content=\"C\u00f3mo Obtener el Informe de tu Accidente de Auto de la Oficina del Sheriff del Condado de Fulton | CEO Lawyer\" \/>\n<meta property=\"og:description\" content=\"\u00bfAccidente en Fulton? Te explicamos c\u00f3mo obtener tu informe. Consulta con CEO Lawyer Personal Injury Law Firm para saber qu\u00e9 hacer despu\u00e9s.\" \/>\n<meta property=\"og:url\" content=\"https:\/\/ceolawyer.com\/espanol\/informe-de-accidente\/informe-policial-de-un-accidente-de-auto-en-georgia\/fulton-county-sheriffs\/\" \/>\n<meta property=\"og:site_name\" content=\"CEO Lawyer\" \/>\n<meta property=\"article:modified_time\" content=\"2025-12-19T18:19:12+00:00\" \/>\n<meta property=\"og:image\" content=\"https:\/\/ceolawyer.com\/espanol\/wp-content\/uploads\/sites\/2\/2025\/12\/How-to-Obtain-Your-Fulton-County-Sheriffs-Office-Car-Accident-Report.webp\" \/>\n\t<meta property=\"og:image:width\" content=\"500\" \/>\n\t<meta property=\"og:image:height\" content=\"300\" \/>\n\t<meta property=\"og:image:type\" content=\"image\/webp\" \/>\n<meta name=\"twitter:card\" content=\"summary_large_image\" \/>\n<meta name=\"twitter:label1\" content=\"Est. reading time\" \/>\n\t<meta name=\"twitter:data1\" content=\"4 minutes\" \/>\n<script type=\"application\/ld+json\" class=\"yoast-schema-graph\">{\"@context\":\"https:\\\/\\\/schema.org\",\"@graph\":[{\"@type\":\"WebPage\",\"@id\":\"https:\\\/\\\/ceolawyer.com\\\/espanol\\\/informe-de-accidente\\\/informe-policial-de-un-accidente-de-auto-en-georgia\\\/fulton-county-sheriffs\\\/\",\"url\":\"https:\\\/\\\/ceolawyer.com\\\/espanol\\\/informe-de-accidente\\\/informe-policial-de-un-accidente-de-auto-en-georgia\\\/fulton-county-sheriffs\\\/\",\"name\":\"C\u00f3mo Obtener el Informe de tu Accidente de Auto de la Oficina del Sheriff del Condado de Fulton | CEO Lawyer\",\"isPartOf\":{\"@id\":\"https:\\\/\\\/ceolawyer.com\\\/espanol\\\/#website\"},\"primaryImageOfPage\":{\"@id\":\"https:\\\/\\\/ceolawyer.com\\\/espanol\\\/informe-de-accidente\\\/informe-policial-de-un-accidente-de-auto-en-georgia\\\/fulton-county-sheriffs\\\/#primaryimage\"},\"image\":{\"@id\":\"https:\\\/\\\/ceolawyer.com\\\/espanol\\\/informe-de-accidente\\\/informe-policial-de-un-accidente-de-auto-en-georgia\\\/fulton-county-sheriffs\\\/#primaryimage\"},\"thumbnailUrl\":\"https:\\\/\\\/ceolawyer.com\\\/espanol\\\/wp-content\\\/uploads\\\/sites\\\/2\\\/2025\\\/12\\\/How-to-Obtain-Your-Fulton-County-Sheriffs-Office-Car-Accident-Report.webp\",\"datePublished\":\"2025-12-19T18:14:34+00:00\",\"dateModified\":\"2025-12-19T18:19:12+00:00\",\"description\":\"\u00bfAccidente en Fulton? Te explicamos c\u00f3mo obtener tu informe. Consulta con CEO Lawyer Personal Injury Law Firm para saber qu\u00e9 hacer despu\u00e9s.\",\"breadcrumb\":{\"@id\":\"https:\\\/\\\/ceolawyer.com\\\/espanol\\\/informe-de-accidente\\\/informe-policial-de-un-accidente-de-auto-en-georgia\\\/fulton-county-sheriffs\\\/#breadcrumb\"},\"inLanguage\":\"en-US\",\"potentialAction\":[{\"@type\":\"ReadAction\",\"target\":[\"https:\\\/\\\/ceolawyer.com\\\/espanol\\\/informe-de-accidente\\\/informe-policial-de-un-accidente-de-auto-en-georgia\\\/fulton-county-sheriffs\\\/\"]}]},{\"@type\":\"ImageObject\",\"inLanguage\":\"en-US\",\"@id\":\"https:\\\/\\\/ceolawyer.com\\\/espanol\\\/informe-de-accidente\\\/informe-policial-de-un-accidente-de-auto-en-georgia\\\/fulton-county-sheriffs\\\/#primaryimage\",\"url\":\"https:\\\/\\\/ceolawyer.com\\\/espanol\\\/wp-content\\\/uploads\\\/sites\\\/2\\\/2025\\\/12\\\/How-to-Obtain-Your-Fulton-County-Sheriffs-Office-Car-Accident-Report.webp\",\"contentUrl\":\"https:\\\/\\\/ceolawyer.com\\\/espanol\\\/wp-content\\\/uploads\\\/sites\\\/2\\\/2025\\\/12\\\/How-to-Obtain-Your-Fulton-County-Sheriffs-Office-Car-Accident-Report.webp\",\"width\":500,\"height\":300,\"caption\":\"Cinta amarilla en la escena de un accidente con los oficiales policiales respondiendo en el fondo.\"},{\"@type\":\"BreadcrumbList\",\"@id\":\"https:\\\/\\\/ceolawyer.com\\\/espanol\\\/informe-de-accidente\\\/informe-policial-de-un-accidente-de-auto-en-georgia\\\/fulton-county-sheriffs\\\/#breadcrumb\",\"itemListElement\":[{\"@type\":\"ListItem\",\"position\":1,\"name\":\"Home\",\"item\":\"https:\\\/\\\/ceolawyer.com\\\/espanol\\\/\"},{\"@type\":\"ListItem\",\"position\":2,\"name\":\"Consigue el Reporte Policial de tu Accidente de Auto\",\"item\":\"https:\\\/\\\/ceolawyer.com\\\/espanol\\\/informe-de-accidente\\\/\"},{\"@type\":\"ListItem\",\"position\":3,\"name\":\"C\u00f3mo Solicitar el Informe Policial de un Accidente de Auto en Georgia\",\"item\":\"https:\\\/\\\/ceolawyer.com\\\/espanol\\\/informe-de-accidente\\\/informe-policial-de-un-accidente-de-auto-en-georgia\\\/\"},{\"@type\":\"ListItem\",\"position\":4,\"name\":\"C\u00f3mo Obtener el Informe de tu Accidente de Auto de la Oficina del Sheriff del Condado de Fulton\"}]},{\"@type\":\"WebSite\",\"@id\":\"https:\\\/\\\/ceolawyer.com\\\/espanol\\\/#website\",\"url\":\"https:\\\/\\\/ceolawyer.com\\\/espanol\\\/\",\"name\":\"CEO Lawyer\",\"description\":\"Personal Injury Attorney\",\"publisher\":{\"@id\":\"https:\\\/\\\/ceolawyer.com\\\/espanol\\\/#organization\"},\"potentialAction\":[{\"@type\":\"SearchAction\",\"target\":{\"@type\":\"EntryPoint\",\"urlTemplate\":\"https:\\\/\\\/ceolawyer.com\\\/espanol\\\/?s={search_term_string}\"},\"query-input\":{\"@type\":\"PropertyValueSpecification\",\"valueRequired\":true,\"valueName\":\"search_term_string\"}}],\"inLanguage\":\"en-US\"},{\"@type\":\"Organization\",\"@id\":\"https:\\\/\\\/ceolawyer.com\\\/espanol\\\/#organization\",\"name\":\"CEO Lawyer\",\"url\":\"https:\\\/\\\/ceolawyer.com\\\/espanol\\\/\",\"logo\":{\"@type\":\"ImageObject\",\"inLanguage\":\"en-US\",\"@id\":\"https:\\\/\\\/ceolawyer.com\\\/espanol\\\/#\\\/schema\\\/logo\\\/image\\\/\",\"url\":\"https:\\\/\\\/ceolawyer.com\\\/espanol\\\/wp-content\\\/uploads\\\/sites\\\/2\\\/2022\\\/05\\\/CEO_Logo.png\",\"contentUrl\":\"https:\\\/\\\/ceolawyer.com\\\/espanol\\\/wp-content\\\/uploads\\\/sites\\\/2\\\/2022\\\/05\\\/CEO_Logo.png\",\"width\":200,\"height\":108,\"caption\":\"CEO Lawyer\"},\"image\":{\"@id\":\"https:\\\/\\\/ceolawyer.com\\\/espanol\\\/#\\\/schema\\\/logo\\\/image\\\/\"}}]}<\/script>\n<!-- \/ Yoast SEO plugin. -->","yoast_head_json":{"title":"C\u00f3mo Obtener el Informe de tu Accidente de Auto de la Oficina del Sheriff del Condado de Fulton | CEO Lawyer","description":"\u00bfAccidente en Fulton? Te explicamos c\u00f3mo obtener tu informe. Consulta con CEO Lawyer Personal Injury Law Firm para saber qu\u00e9 hacer despu\u00e9s.","robots":{"index":"index","follow":"follow","max-snippet":"max-snippet:-1","max-image-preview":"max-image-preview:large","max-video-preview":"max-video-preview:-1"},"canonical":"https:\/\/ceolawyer.com\/espanol\/informe-de-accidente\/informe-policial-de-un-accidente-de-auto-en-georgia\/fulton-county-sheriffs\/","og_locale":"en_US","og_type":"article","og_title":"C\u00f3mo Obtener el Informe de tu Accidente de Auto de la Oficina del Sheriff del Condado de Fulton | CEO Lawyer","og_description":"\u00bfAccidente en Fulton? Te explicamos c\u00f3mo obtener tu informe. Consulta con CEO Lawyer Personal Injury Law Firm para saber qu\u00e9 hacer despu\u00e9s.","og_url":"https:\/\/ceolawyer.com\/espanol\/informe-de-accidente\/informe-policial-de-un-accidente-de-auto-en-georgia\/fulton-county-sheriffs\/","og_site_name":"CEO Lawyer","article_modified_time":"2025-12-19T18:19:12+00:00","og_image":[{"width":500,"height":300,"url":"https:\/\/ceolawyer.com\/espanol\/wp-content\/uploads\/sites\/2\/2025\/12\/How-to-Obtain-Your-Fulton-County-Sheriffs-Office-Car-Accident-Report.webp","type":"image\/webp"}],"twitter_card":"summary_large_image","twitter_misc":{"Est. reading time":"4 minutes"},"schema":{"@context":"https:\/\/schema.org","@graph":[{"@type":"WebPage","@id":"https:\/\/ceolawyer.com\/espanol\/informe-de-accidente\/informe-policial-de-un-accidente-de-auto-en-georgia\/fulton-county-sheriffs\/","url":"https:\/\/ceolawyer.com\/espanol\/informe-de-accidente\/informe-policial-de-un-accidente-de-auto-en-georgia\/fulton-county-sheriffs\/","name":"C\u00f3mo Obtener el Informe de tu Accidente de Auto de la Oficina del Sheriff del Condado de Fulton | CEO Lawyer","isPartOf":{"@id":"https:\/\/ceolawyer.com\/espanol\/#website"},"primaryImageOfPage":{"@id":"https:\/\/ceolawyer.com\/espanol\/informe-de-accidente\/informe-policial-de-un-accidente-de-auto-en-georgia\/fulton-county-sheriffs\/#primaryimage"},"image":{"@id":"https:\/\/ceolawyer.com\/espanol\/informe-de-accidente\/informe-policial-de-un-accidente-de-auto-en-georgia\/fulton-county-sheriffs\/#primaryimage"},"thumbnailUrl":"https:\/\/ceolawyer.com\/espanol\/wp-content\/uploads\/sites\/2\/2025\/12\/How-to-Obtain-Your-Fulton-County-Sheriffs-Office-Car-Accident-Report.webp","datePublished":"2025-12-19T18:14:34+00:00","dateModified":"2025-12-19T18:19:12+00:00","description":"\u00bfAccidente en Fulton? Te explicamos c\u00f3mo obtener tu informe. Consulta con CEO Lawyer Personal Injury Law Firm para saber qu\u00e9 hacer despu\u00e9s.","breadcrumb":{"@id":"https:\/\/ceolawyer.com\/espanol\/informe-de-accidente\/informe-policial-de-un-accidente-de-auto-en-georgia\/fulton-county-sheriffs\/#breadcrumb"},"inLanguage":"en-US","potentialAction":[{"@type":"ReadAction","target":["https:\/\/ceolawyer.com\/espanol\/informe-de-accidente\/informe-policial-de-un-accidente-de-auto-en-georgia\/fulton-county-sheriffs\/"]}]},{"@type":"ImageObject","inLanguage":"en-US","@id":"https:\/\/ceolawyer.com\/espanol\/informe-de-accidente\/informe-policial-de-un-accidente-de-auto-en-georgia\/fulton-county-sheriffs\/#primaryimage","url":"https:\/\/ceolawyer.com\/espanol\/wp-content\/uploads\/sites\/2\/2025\/12\/How-to-Obtain-Your-Fulton-County-Sheriffs-Office-Car-Accident-Report.webp","contentUrl":"https:\/\/ceolawyer.com\/espanol\/wp-content\/uploads\/sites\/2\/2025\/12\/How-to-Obtain-Your-Fulton-County-Sheriffs-Office-Car-Accident-Report.webp","width":500,"height":300,"caption":"Cinta amarilla en la escena de un accidente con los oficiales policiales respondiendo en el fondo."},{"@type":"BreadcrumbList","@id":"https:\/\/ceolawyer.com\/espanol\/informe-de-accidente\/informe-policial-de-un-accidente-de-auto-en-georgia\/fulton-county-sheriffs\/#breadcrumb","itemListElement":[{"@type":"ListItem","position":1,"name":"Home","item":"https:\/\/ceolawyer.com\/espanol\/"},{"@type":"ListItem","position":2,"name":"Consigue el Reporte Policial de tu Accidente de Auto","item":"https:\/\/ceolawyer.com\/espanol\/informe-de-accidente\/"},{"@type":"ListItem","position":3,"name":"C\u00f3mo Solicitar el Informe Policial de un Accidente de Auto en Georgia","item":"https:\/\/ceolawyer.com\/espanol\/informe-de-accidente\/informe-policial-de-un-accidente-de-auto-en-georgia\/"},{"@type":"ListItem","position":4,"name":"C\u00f3mo Obtener el Informe de tu Accidente de Auto de la Oficina del Sheriff del Condado de Fulton"}]},{"@type":"WebSite","@id":"https:\/\/ceolawyer.com\/espanol\/#website","url":"https:\/\/ceolawyer.com\/espanol\/","name":"CEO Lawyer","description":"Personal Injury Attorney","publisher":{"@id":"https:\/\/ceolawyer.com\/espanol\/#organization"},"potentialAction":[{"@type":"SearchAction","target":{"@type":"EntryPoint","urlTemplate":"https:\/\/ceolawyer.com\/espanol\/?s={search_term_string}"},"query-input":{"@type":"PropertyValueSpecification","valueRequired":true,"valueName":"search_term_string"}}],"inLanguage":"en-US"},{"@type":"Organization","@id":"https:\/\/ceolawyer.com\/espanol\/#organization","name":"CEO Lawyer","url":"https:\/\/ceolawyer.com\/espanol\/","logo":{"@type":"ImageObject","inLanguage":"en-US","@id":"https:\/\/ceolawyer.com\/espanol\/#\/schema\/logo\/image\/","url":"https:\/\/ceolawyer.com\/espanol\/wp-content\/uploads\/sites\/2\/2022\/05\/CEO_Logo.png","contentUrl":"https:\/\/ceolawyer.com\/espanol\/wp-content\/uploads\/sites\/2\/2022\/05\/CEO_Logo.png","width":200,"height":108,"caption":"CEO Lawyer"},"image":{"@id":"https:\/\/ceolawyer.com\/espanol\/#\/schema\/logo\/image\/"}}]}},"_links":{"self":[{"href":"https:\/\/ceolawyer.com\/espanol\/wp-json\/wp\/v2\/pages\/12851","targetHints":{"allow":["GET"]}}],"collection":[{"href":"https:\/\/ceolawyer.com\/espanol\/wp-json\/wp\/v2\/pages"}],"about":[{"href":"https:\/\/ceolawyer.com\/espanol\/wp-json\/wp\/v2\/types\/page"}],"author":[{"embeddable":true,"href":"https:\/\/ceolawyer.com\/espanol\/wp-json\/wp\/v2\/users\/18"}],"replies":[{"embeddable":true,"href":"https:\/\/ceolawyer.com\/espanol\/wp-json\/wp\/v2\/comments?post=12851"}],"version-history":[{"count":0,"href":"https:\/\/ceolawyer.com\/espanol\/wp-json\/wp\/v2\/pages\/12851\/revisions"}],"up":[{"embeddable":true,"href":"https:\/\/ceolawyer.com\/espanol\/wp-json\/wp\/v2\/pages\/12737"}],"wp:featuredmedia":[{"embeddable":true,"href":"https:\/\/ceolawyer.com\/espanol\/wp-json\/wp\/v2\/media\/12853"}],"wp:attachment":[{"href":"https:\/\/ceolawyer.com\/espanol\/wp-json\/wp\/v2\/media?parent=12851"}],"curies":[{"name":"wp","href":"https:\/\/api.w.org\/{rel}","templated":true}]}}