{"id":12854,"date":"2025-12-19T18:23:35","date_gmt":"2025-12-19T18:23:35","guid":{"rendered":"https:\/\/ceolawyer.com\/espanol\/?page_id=12854"},"modified":"2025-12-19T18:28:50","modified_gmt":"2025-12-19T18:28:50","slug":"fulton-county","status":"publish","type":"page","link":"https:\/\/ceolawyer.com\/espanol\/informe-de-accidente\/informe-policial-de-un-accidente-de-auto-en-georgia\/fulton-county\/","title":{"rendered":"C\u00f3mo Obtener el Informe de tu Accidente del Departamento de Polic\u00eda del Condado de Fulton"},"content":{"rendered":"<p><img decoding=\"async\" class=\"alignright size-full wp-image-12856\" src=\"https:\/\/ceolawyer.com\/espanol\/wp-content\/uploads\/sites\/2\/2025\/12\/How-to-Obtain-Your-Fulton-County-Police-Department-Car-Accident-Report.webp\" alt=\"Una multitud de oficiales policiales y testigos a un accidente juntos y discutiendo cerca de un veh\u00edculo policial.\" width=\"500\" height=\"300\" srcset=\"https:\/\/ceolawyer.com\/espanol\/wp-content\/uploads\/sites\/2\/2025\/12\/How-to-Obtain-Your-Fulton-County-Police-Department-Car-Accident-Report.webp 500w, https:\/\/ceolawyer.com\/espanol\/wp-content\/uploads\/sites\/2\/2025\/12\/How-to-Obtain-Your-Fulton-County-Police-Department-Car-Accident-Report-300x180.webp 300w\" sizes=\"(max-width: 500px) 100vw, 500px\" \/>Los accidentes automovil\u00edsticos son una experiencia estresante, y el proceso para recibir el reporte oficial no deber\u00eda ser una carga adicional. Si estuviste involucrado en un choque dentro del Condado de Fulton, Georgia, aqu\u00ed est\u00e1 una gu\u00eda completa para conseguir una copia del informe de manera r\u00e1pida y c\u00f3moda.<\/p>\n<h3>Sobre el Departamento de Polic\u00eda del Condado de Fulton<\/h3>\n<p>Este departamento juega un papel importante en mantener el orden y la seguridad p\u00fablica. Acreditados por la Comisi\u00f3n de Acreditaci\u00f3n de Agencias de Aplicaci\u00f3n de la Ley, Inc. (CALEA), trabajan activamente para servir a la comunidad.<\/p>\n<p>Esto incluye responder a accidentes de auto, gestionar el tr\u00e1fico, realizar investigaciones y presentar informes detallados de estos accidentes.<\/p>\n<p>S\u00f3lo en 2021, el Condado de Fulton fue testigo de 55,045 accidentes de tr\u00e1fico. Estos accidentes requieren un manejo eficiente, desde la respuesta inicial en la escena hasta la finalizaci\u00f3n de reportes exhaustivos.<\/p>\n<p>Saber m\u00e1s sobre la entidad encargada de generar el informe de tu accidente y el proceso pueden agilizar tu camino hacia la resoluci\u00f3n de tu reclamaci\u00f3n de seguro y buscar asesor\u00eda legal.<\/p>\n<h2>M\u00e9todos para obtener el reporte de tu accidente<\/h2>\n<h3>En l\u00ednea<\/h3>\n<p>Para mayor comodidad y eficiencia, puedes solicitar el informe a trav\u00e9s de BuyCrash. Simplemente debes seguir las instrucciones y comprar tu reporte:<\/p>\n<ol>\n<li>Accede al sitio oficial y selecciona \u201cGeorgia\u201d como estado.<\/li>\n<li>En el segundo men\u00fa desplegable, elige al \u201cFulton County Police Department\u201d como la jurisdicci\u00f3n que investig\u00f3 el accidente.<\/li>\n<li>Haz clic en \u201cStart Search\u201d para continuar.<\/li>\n<li>Se te pedir\u00e1 que ingreses los siguientes datos:<\/li>\n<\/ol>\n<ul>\n<li>Apellido<\/li>\n<li>Fecha del Accidente<\/li>\n<li>N\u00famero de informe del caso<\/li>\n<li>El N\u00famero de Identificaci\u00f3n del Veh\u00edculo<\/li>\n<li>N\u00famero de licencia de conducir<\/li>\n<\/ul>\n<p><em>Nota: Este m\u00e9todo puede incluir una tarifa.<\/em><\/p>\n<h3>En persona<\/h3>\n<p>Si prefieres, puedes visitar estas locaciones para solicitar el reporte de tu accidente:<\/p>\n<ul>\n<li>Oficina de Registros e Informes\n<ul>\n<li>Direcci\u00f3n: 141 Pryor Street SW, Atlanta, GA, 30303<\/li>\n<li>Tel\u00e9fono: <a href=\"tel:+14046135700\">(404) 613-5700<\/a><\/li>\n<\/ul>\n<\/li>\n<li>Jefatura de Polic\u00eda\n<ul>\n<li>Direcci\u00f3n: 4701 Fulton Industrial Boulevard SW, Atlanta GA 30336<\/li>\n<li>Tel\u00e9fonos: <a href=\"tel:+14046136600\">(404) 613-6600<\/a><\/li>\n<\/ul>\n<\/li>\n<\/ul>\n<p>Estas oficinas operan de lunes a viernes de 8:30AM a 5PM. Es recomendable que lleves informaci\u00f3n relacionada con el accidente (n\u00famero de reporte) y una identificaci\u00f3n oficial.<\/p>\n<h3>Por correo postal<\/h3>\n<p>El Departamento de Polic\u00eda del Condado de Fulton no ofrece una opci\u00f3n para solicitar informes por correo. Sin embargo, los m\u00e9todos que enlistamos proporcionan alternativas eficientes para que consigas una copia del reporte f\u00e1cilmente.<\/p>\n<p>Llama al departamento al <a href=\"tel:+14046136600\">(404) 613-6600<\/a> para recibir m\u00e1s informaci\u00f3n de c\u00f3mo obtener el informe de tu accidente de auto.<\/p>\n<h2>Informaci\u00f3n y consejos adicionales<\/h2>\n<h3>\u00bfQu\u00e9 viene en el informe de accidente?<\/h3>\n<p>Es importante revisar la informaci\u00f3n descrita en el reporte policial de tu accidente de tr\u00e1fico. Generalmente, este informe incluye:<\/p>\n<ul>\n<li>La fecha, hora y lugar del accidente.<\/li>\n<li>Una descripci\u00f3n de la escena, incluyendo los da\u00f1os y lesiones.<\/li>\n<li>Informaci\u00f3n de los involucrados, testigos y el oficial de polic\u00eda.<\/li>\n<li>Condiciones del clima y de la carretera a la hora del accidente.<\/li>\n<\/ul>\n<h3>Sobre el seguro y apoyo legal<\/h3>\n<p>El reporte de tu accidente sirve como evidencia fundamental en los reclamos de seguro. Las compa\u00f1\u00edas de seguro a menudo solicitan este registro oficial para evaluar el alcance de los da\u00f1os y responsabilidades.<\/p>\n<p>Adem\u00e1s, si est\u00e1s pensando en tomar acciones legales o buscas asesor\u00eda legal, tu abogado se basar\u00e1 en los detalles descritos en el informe para armar tu caso.<\/p>\n<h2>Qu\u00e9 hacer si encuentras errores en el informe<\/h2>\n<p>Si encuentras datos err\u00f3neos u otras discrepancias en el reporte policial, sigue estos pasos para solicitar una correcci\u00f3n:<\/p>\n<ul>\n<li>Toma nota de todos los errores que encuentres en el informe.<\/li>\n<li>Junta evidencia que respalde tu reclamo.<\/li>\n<li>Contacta al Departamento de Polic\u00eda e informa de los errores que encontraste en el reporte. Tambi\u00e9n puedes acudir a la estaci\u00f3n o hablar directamente con el oficial que redact\u00f3 el informe.<\/li>\n<li>Tal vez necesites llenar un formulario o redactar una declaraci\u00f3n formal sobre los detalles que quieres disputar.<\/li>\n<li>Si esa solicitud tiene que ver con una infracci\u00f3n, puedes apelar ante la corte. En ese caso, te aconsejamos buscar asesor\u00eda legal para que te ayuden en este proceso.<\/li>\n<\/ul>\n<h2>\u00bfTu compa\u00f1\u00eda de seguros puede solicitar directamente el informe policial de tu accidente?<\/h2>\n<p>Absolutamente. De hecho, es una pr\u00e1ctica bastante com\u00fan en su proceso de investigaci\u00f3n.<\/p>\n<p>Estas son algunas razones por las que tu compa\u00f1\u00eda de seguros pide directamente una copia del reporte de tu accidente:<\/p>\n<ul>\n<li>Al solicitar el informe ellos mismos, se ahorran tiempo y posibles retrasos para procesar tu reclamaci\u00f3n.<\/li>\n<li>Como mencionamos, el reporte policial de tu accidente sirve como evidencia para la investigaci\u00f3n que realizan las compa\u00f1\u00edas de seguro para estimar los da\u00f1os y determinar qui\u00e9n tuvo la culpa del accidente.<\/li>\n<li>Los detalle sobre cu\u00e1ntos da\u00f1os hubo y las lesiones que sufriste juegan un rol importante en la estimaci\u00f3n que realiza tu compa\u00f1\u00eda de seguros y puede afectar la cantidad que te ofrezcan como indemnizaci\u00f3n.<\/li>\n<\/ul>\n<h3>\u00bfQu\u00e9 pasa si no est\u00e1s de acuerdo con el an\u00e1lisis que realiz\u00f3 tu compa\u00f1\u00eda de seguro?<\/h3>\n<p>Cualquier desacuerdo entre tu compa\u00f1\u00eda de seguros y t\u00fa sobre la informaci\u00f3n que figura en el reporte del accidente de auto puede ser frustrante. Aqu\u00ed tienes algunos consejos para gestionar esa situaci\u00f3n con eficacia:<\/p>\n<ul>\n<li>Expresa claramente tu inconformidad con la evaluaci\u00f3n que realiz\u00f3 tu agencia de seguros. Redacta una queja formal, indicando los detalles espec\u00edficos que consideras inexactos y por qu\u00e9.<\/li>\n<li>Re\u00fane evidencia (fotograf\u00edas, declaraciones de testigos, registros m\u00e9dicos, etc.) que apoyen tu caso.<\/li>\n<li>Revisa a detalle el informe, contacta al oficial que lo redact\u00f3 y pide que se hagan enmiendas al reporte que enmiende los errores o detalles que se omitieron en el informe original.<\/li>\n<li>Busca el apoyo legal de un <a href=\"https:\/\/ceolawyer.com\/fulton-county-personal-injury\/car-accident-lawyer\/\">abogado con experiencia en accidentes de auto en el Condado de Fulton<\/a>. Un abogado puede serte \u00fatil al:\n<ul>\n<li>Evaluar tu situaci\u00f3n legal y explicarte las opciones que tienes.<\/li>\n<li>Armar un caso que apoye tu versi\u00f3n de las cosas.<\/li>\n<li>Negociar con la aseguradora en tu nombre.<\/li>\n<\/ul>\n<\/li>\n<li>Si a\u00fan no hay un acuerdo con tu compa\u00f1\u00eda de seguros, explora otras v\u00edas para resolver el conflicto como la mediaci\u00f3n o el arbitraje. Pueden ofrecer una soluci\u00f3n m\u00e1s r\u00e1pida y, potencialmente, menos costosa que una demanda.<\/li>\n<li>Si todo lo anterior falla, considera tomar acciones legales en contra de tu compa\u00f1\u00eda de seguros. Este debe ser el \u00faltimo recurso, ya que los litigios pueden ser largos y costosos.<\/li>\n<\/ul>\n<p>Recuerda que tu seguridad es lo m\u00e1s importante y llamar al departamento de polic\u00eda o un abogado experimentado en da\u00f1os personales debe ser una de tus prioridades despu\u00e9s de sufrir un accidente de auto en el Condado de Fulton.<\/p>\n<p>Para m\u00e1s informaci\u00f3n sobre c\u00f3mo obtener el informe de tu accidente de auto u otra asesor\u00eda legal sobre accidentes, llama a CEO Lawyer Personal Injury Law al <a href=\"tel:+14708229057\"><strong>(470) 822-9057<\/strong><\/a>.<\/p>\n","protected":false},"excerpt":{"rendered":"<p>Los accidentes automovil\u00edsticos son una experiencia estresante, y el proceso para recibir el reporte oficial no deber\u00eda ser una carga adicional. Si estuviste involucrado en un choque dentro del Condado de Fulton, Georgia, aqu\u00ed est\u00e1 una gu\u00eda completa para conseguir una copia del informe de manera r\u00e1pida y c\u00f3moda. Sobre el Departamento de Polic\u00eda del [&hellip;]<\/p>\n","protected":false},"author":18,"featured_media":12856,"parent":12737,"menu_order":0,"comment_status":"closed","ping_status":"closed","template":"","meta":{"_acf_changed":false,"footnotes":""},"class_list":["post-12854","page","type-page","status-publish","has-post-thumbnail","hentry"],"acf":[],"yoast_head":"<!-- This site is optimized with the Yoast SEO plugin v27.2 - https:\/\/yoast.com\/product\/yoast-seo-wordpress\/ -->\n<title>C\u00f3mo Obtener el Informe de tu Accidente del Departamento de Polic\u00eda del Condado de Fulton | CEO Lawyer<\/title>\n<meta name=\"description\" content=\"Si chocaste en el Condado de Fulton, obt\u00e9n tu informe sin complicaciones. CEO Lawyer Personal Injury Law Firm puede ayudarte. \u00a1Ll\u00e1manos ya!\" \/>\n<meta name=\"robots\" content=\"index, follow, max-snippet:-1, max-image-preview:large, max-video-preview:-1\" \/>\n<link rel=\"canonical\" href=\"https:\/\/ceolawyer.com\/espanol\/informe-de-accidente\/informe-policial-de-un-accidente-de-auto-en-georgia\/fulton-county\/\" \/>\n<meta property=\"og:locale\" content=\"en_US\" \/>\n<meta property=\"og:type\" content=\"article\" \/>\n<meta property=\"og:title\" content=\"C\u00f3mo Obtener el Informe de tu Accidente del Departamento de Polic\u00eda del Condado de Fulton | CEO Lawyer\" \/>\n<meta property=\"og:description\" content=\"Si chocaste en el Condado de Fulton, obt\u00e9n tu informe sin complicaciones. CEO Lawyer Personal Injury Law Firm puede ayudarte. \u00a1Ll\u00e1manos ya!\" \/>\n<meta property=\"og:url\" content=\"https:\/\/ceolawyer.com\/espanol\/informe-de-accidente\/informe-policial-de-un-accidente-de-auto-en-georgia\/fulton-county\/\" \/>\n<meta property=\"og:site_name\" content=\"CEO Lawyer\" \/>\n<meta property=\"article:modified_time\" content=\"2025-12-19T18:28:50+00:00\" \/>\n<meta property=\"og:image\" content=\"https:\/\/ceolawyer.com\/espanol\/wp-content\/uploads\/sites\/2\/2025\/12\/How-to-Obtain-Your-Fulton-County-Police-Department-Car-Accident-Report.webp\" \/>\n\t<meta property=\"og:image:width\" content=\"500\" \/>\n\t<meta property=\"og:image:height\" content=\"300\" \/>\n\t<meta property=\"og:image:type\" content=\"image\/webp\" \/>\n<meta name=\"twitter:card\" content=\"summary_large_image\" \/>\n<meta name=\"twitter:label1\" content=\"Est. reading time\" \/>\n\t<meta name=\"twitter:data1\" content=\"6 minutes\" \/>\n<script type=\"application\/ld+json\" class=\"yoast-schema-graph\">{\"@context\":\"https:\/\/schema.org\",\"@graph\":[{\"@type\":\"WebPage\",\"@id\":\"https:\/\/ceolawyer.com\/espanol\/informe-de-accidente\/informe-policial-de-un-accidente-de-auto-en-georgia\/fulton-county\/\",\"url\":\"https:\/\/ceolawyer.com\/espanol\/informe-de-accidente\/informe-policial-de-un-accidente-de-auto-en-georgia\/fulton-county\/\",\"name\":\"C\u00f3mo Obtener el Informe de tu Accidente del Departamento de Polic\u00eda del Condado de Fulton | CEO Lawyer\",\"isPartOf\":{\"@id\":\"https:\/\/ceolawyer.com\/espanol\/#website\"},\"primaryImageOfPage\":{\"@id\":\"https:\/\/ceolawyer.com\/espanol\/informe-de-accidente\/informe-policial-de-un-accidente-de-auto-en-georgia\/fulton-county\/#primaryimage\"},\"image\":{\"@id\":\"https:\/\/ceolawyer.com\/espanol\/informe-de-accidente\/informe-policial-de-un-accidente-de-auto-en-georgia\/fulton-county\/#primaryimage\"},\"thumbnailUrl\":\"https:\/\/ceolawyer.com\/espanol\/wp-content\/uploads\/sites\/2\/2025\/12\/How-to-Obtain-Your-Fulton-County-Police-Department-Car-Accident-Report.webp\",\"datePublished\":\"2025-12-19T18:23:35+00:00\",\"dateModified\":\"2025-12-19T18:28:50+00:00\",\"description\":\"Si chocaste en el Condado de Fulton, obt\u00e9n tu informe sin complicaciones. CEO Lawyer Personal Injury Law Firm puede ayudarte. \u00a1Ll\u00e1manos ya!\",\"breadcrumb\":{\"@id\":\"https:\/\/ceolawyer.com\/espanol\/informe-de-accidente\/informe-policial-de-un-accidente-de-auto-en-georgia\/fulton-county\/#breadcrumb\"},\"inLanguage\":\"en-US\",\"potentialAction\":[{\"@type\":\"ReadAction\",\"target\":[\"https:\/\/ceolawyer.com\/espanol\/informe-de-accidente\/informe-policial-de-un-accidente-de-auto-en-georgia\/fulton-county\/\"]}]},{\"@type\":\"ImageObject\",\"inLanguage\":\"en-US\",\"@id\":\"https:\/\/ceolawyer.com\/espanol\/informe-de-accidente\/informe-policial-de-un-accidente-de-auto-en-georgia\/fulton-county\/#primaryimage\",\"url\":\"https:\/\/ceolawyer.com\/espanol\/wp-content\/uploads\/sites\/2\/2025\/12\/How-to-Obtain-Your-Fulton-County-Police-Department-Car-Accident-Report.webp\",\"contentUrl\":\"https:\/\/ceolawyer.com\/espanol\/wp-content\/uploads\/sites\/2\/2025\/12\/How-to-Obtain-Your-Fulton-County-Police-Department-Car-Accident-Report.webp\",\"width\":500,\"height\":300,\"caption\":\"Una multitud de oficiales policiales y testigos a un accidente juntos y discutiendo cerca de un veh\u00edculo policial.\"},{\"@type\":\"BreadcrumbList\",\"@id\":\"https:\/\/ceolawyer.com\/espanol\/informe-de-accidente\/informe-policial-de-un-accidente-de-auto-en-georgia\/fulton-county\/#breadcrumb\",\"itemListElement\":[{\"@type\":\"ListItem\",\"position\":1,\"name\":\"Home\",\"item\":\"https:\/\/ceolawyer.com\/espanol\/\"},{\"@type\":\"ListItem\",\"position\":2,\"name\":\"Consigue el Reporte Policial de tu Accidente de Auto\",\"item\":\"https:\/\/ceolawyer.com\/espanol\/informe-de-accidente\/\"},{\"@type\":\"ListItem\",\"position\":3,\"name\":\"C\u00f3mo Solicitar el Informe Policial de un Accidente de Auto en Georgia\",\"item\":\"https:\/\/ceolawyer.com\/espanol\/informe-de-accidente\/informe-policial-de-un-accidente-de-auto-en-georgia\/\"},{\"@type\":\"ListItem\",\"position\":4,\"name\":\"C\u00f3mo Obtener el Informe de tu Accidente del Departamento de Polic\u00eda del Condado de Fulton\"}]},{\"@type\":\"WebSite\",\"@id\":\"https:\/\/ceolawyer.com\/espanol\/#website\",\"url\":\"https:\/\/ceolawyer.com\/espanol\/\",\"name\":\"CEO Lawyer\",\"description\":\"Personal Injury Attorney\",\"publisher\":{\"@id\":\"https:\/\/ceolawyer.com\/espanol\/#organization\"},\"potentialAction\":[{\"@type\":\"SearchAction\",\"target\":{\"@type\":\"EntryPoint\",\"urlTemplate\":\"https:\/\/ceolawyer.com\/espanol\/?s={search_term_string}\"},\"query-input\":{\"@type\":\"PropertyValueSpecification\",\"valueRequired\":true,\"valueName\":\"search_term_string\"}}],\"inLanguage\":\"en-US\"},{\"@type\":\"Organization\",\"@id\":\"https:\/\/ceolawyer.com\/espanol\/#organization\",\"name\":\"CEO Lawyer\",\"url\":\"https:\/\/ceolawyer.com\/espanol\/\",\"logo\":{\"@type\":\"ImageObject\",\"inLanguage\":\"en-US\",\"@id\":\"https:\/\/ceolawyer.com\/espanol\/#\/schema\/logo\/image\/\",\"url\":\"https:\/\/ceolawyer.com\/espanol\/wp-content\/uploads\/sites\/2\/2022\/05\/CEO_Logo.png\",\"contentUrl\":\"https:\/\/ceolawyer.com\/espanol\/wp-content\/uploads\/sites\/2\/2022\/05\/CEO_Logo.png\",\"width\":200,\"height\":108,\"caption\":\"CEO Lawyer\"},\"image\":{\"@id\":\"https:\/\/ceolawyer.com\/espanol\/#\/schema\/logo\/image\/\"}}]}<\/script>\n<!-- \/ Yoast SEO plugin. -->","yoast_head_json":{"title":"C\u00f3mo Obtener el Informe de tu Accidente del Departamento de Polic\u00eda del Condado de Fulton | CEO Lawyer","description":"Si chocaste en el Condado de Fulton, obt\u00e9n tu informe sin complicaciones. CEO Lawyer Personal Injury Law Firm puede ayudarte. \u00a1Ll\u00e1manos ya!","robots":{"index":"index","follow":"follow","max-snippet":"max-snippet:-1","max-image-preview":"max-image-preview:large","max-video-preview":"max-video-preview:-1"},"canonical":"https:\/\/ceolawyer.com\/espanol\/informe-de-accidente\/informe-policial-de-un-accidente-de-auto-en-georgia\/fulton-county\/","og_locale":"en_US","og_type":"article","og_title":"C\u00f3mo Obtener el Informe de tu Accidente del Departamento de Polic\u00eda del Condado de Fulton | CEO Lawyer","og_description":"Si chocaste en el Condado de Fulton, obt\u00e9n tu informe sin complicaciones. CEO Lawyer Personal Injury Law Firm puede ayudarte. \u00a1Ll\u00e1manos ya!","og_url":"https:\/\/ceolawyer.com\/espanol\/informe-de-accidente\/informe-policial-de-un-accidente-de-auto-en-georgia\/fulton-county\/","og_site_name":"CEO Lawyer","article_modified_time":"2025-12-19T18:28:50+00:00","og_image":[{"width":500,"height":300,"url":"https:\/\/ceolawyer.com\/espanol\/wp-content\/uploads\/sites\/2\/2025\/12\/How-to-Obtain-Your-Fulton-County-Police-Department-Car-Accident-Report.webp","type":"image\/webp"}],"twitter_card":"summary_large_image","twitter_misc":{"Est. reading time":"6 minutes"},"schema":{"@context":"https:\/\/schema.org","@graph":[{"@type":"WebPage","@id":"https:\/\/ceolawyer.com\/espanol\/informe-de-accidente\/informe-policial-de-un-accidente-de-auto-en-georgia\/fulton-county\/","url":"https:\/\/ceolawyer.com\/espanol\/informe-de-accidente\/informe-policial-de-un-accidente-de-auto-en-georgia\/fulton-county\/","name":"C\u00f3mo Obtener el Informe de tu Accidente del Departamento de Polic\u00eda del Condado de Fulton | CEO Lawyer","isPartOf":{"@id":"https:\/\/ceolawyer.com\/espanol\/#website"},"primaryImageOfPage":{"@id":"https:\/\/ceolawyer.com\/espanol\/informe-de-accidente\/informe-policial-de-un-accidente-de-auto-en-georgia\/fulton-county\/#primaryimage"},"image":{"@id":"https:\/\/ceolawyer.com\/espanol\/informe-de-accidente\/informe-policial-de-un-accidente-de-auto-en-georgia\/fulton-county\/#primaryimage"},"thumbnailUrl":"https:\/\/ceolawyer.com\/espanol\/wp-content\/uploads\/sites\/2\/2025\/12\/How-to-Obtain-Your-Fulton-County-Police-Department-Car-Accident-Report.webp","datePublished":"2025-12-19T18:23:35+00:00","dateModified":"2025-12-19T18:28:50+00:00","description":"Si chocaste en el Condado de Fulton, obt\u00e9n tu informe sin complicaciones. CEO Lawyer Personal Injury Law Firm puede ayudarte. \u00a1Ll\u00e1manos ya!","breadcrumb":{"@id":"https:\/\/ceolawyer.com\/espanol\/informe-de-accidente\/informe-policial-de-un-accidente-de-auto-en-georgia\/fulton-county\/#breadcrumb"},"inLanguage":"en-US","potentialAction":[{"@type":"ReadAction","target":["https:\/\/ceolawyer.com\/espanol\/informe-de-accidente\/informe-policial-de-un-accidente-de-auto-en-georgia\/fulton-county\/"]}]},{"@type":"ImageObject","inLanguage":"en-US","@id":"https:\/\/ceolawyer.com\/espanol\/informe-de-accidente\/informe-policial-de-un-accidente-de-auto-en-georgia\/fulton-county\/#primaryimage","url":"https:\/\/ceolawyer.com\/espanol\/wp-content\/uploads\/sites\/2\/2025\/12\/How-to-Obtain-Your-Fulton-County-Police-Department-Car-Accident-Report.webp","contentUrl":"https:\/\/ceolawyer.com\/espanol\/wp-content\/uploads\/sites\/2\/2025\/12\/How-to-Obtain-Your-Fulton-County-Police-Department-Car-Accident-Report.webp","width":500,"height":300,"caption":"Una multitud de oficiales policiales y testigos a un accidente juntos y discutiendo cerca de un veh\u00edculo policial."},{"@type":"BreadcrumbList","@id":"https:\/\/ceolawyer.com\/espanol\/informe-de-accidente\/informe-policial-de-un-accidente-de-auto-en-georgia\/fulton-county\/#breadcrumb","itemListElement":[{"@type":"ListItem","position":1,"name":"Home","item":"https:\/\/ceolawyer.com\/espanol\/"},{"@type":"ListItem","position":2,"name":"Consigue el Reporte Policial de tu Accidente de Auto","item":"https:\/\/ceolawyer.com\/espanol\/informe-de-accidente\/"},{"@type":"ListItem","position":3,"name":"C\u00f3mo Solicitar el Informe Policial de un Accidente de Auto en Georgia","item":"https:\/\/ceolawyer.com\/espanol\/informe-de-accidente\/informe-policial-de-un-accidente-de-auto-en-georgia\/"},{"@type":"ListItem","position":4,"name":"C\u00f3mo Obtener el Informe de tu Accidente del Departamento de Polic\u00eda del Condado de Fulton"}]},{"@type":"WebSite","@id":"https:\/\/ceolawyer.com\/espanol\/#website","url":"https:\/\/ceolawyer.com\/espanol\/","name":"CEO Lawyer","description":"Personal Injury Attorney","publisher":{"@id":"https:\/\/ceolawyer.com\/espanol\/#organization"},"potentialAction":[{"@type":"SearchAction","target":{"@type":"EntryPoint","urlTemplate":"https:\/\/ceolawyer.com\/espanol\/?s={search_term_string}"},"query-input":{"@type":"PropertyValueSpecification","valueRequired":true,"valueName":"search_term_string"}}],"inLanguage":"en-US"},{"@type":"Organization","@id":"https:\/\/ceolawyer.com\/espanol\/#organization","name":"CEO Lawyer","url":"https:\/\/ceolawyer.com\/espanol\/","logo":{"@type":"ImageObject","inLanguage":"en-US","@id":"https:\/\/ceolawyer.com\/espanol\/#\/schema\/logo\/image\/","url":"https:\/\/ceolawyer.com\/espanol\/wp-content\/uploads\/sites\/2\/2022\/05\/CEO_Logo.png","contentUrl":"https:\/\/ceolawyer.com\/espanol\/wp-content\/uploads\/sites\/2\/2022\/05\/CEO_Logo.png","width":200,"height":108,"caption":"CEO Lawyer"},"image":{"@id":"https:\/\/ceolawyer.com\/espanol\/#\/schema\/logo\/image\/"}}]}},"_links":{"self":[{"href":"https:\/\/ceolawyer.com\/espanol\/wp-json\/wp\/v2\/pages\/12854","targetHints":{"allow":["GET"]}}],"collection":[{"href":"https:\/\/ceolawyer.com\/espanol\/wp-json\/wp\/v2\/pages"}],"about":[{"href":"https:\/\/ceolawyer.com\/espanol\/wp-json\/wp\/v2\/types\/page"}],"author":[{"embeddable":true,"href":"https:\/\/ceolawyer.com\/espanol\/wp-json\/wp\/v2\/users\/18"}],"replies":[{"embeddable":true,"href":"https:\/\/ceolawyer.com\/espanol\/wp-json\/wp\/v2\/comments?post=12854"}],"version-history":[{"count":0,"href":"https:\/\/ceolawyer.com\/espanol\/wp-json\/wp\/v2\/pages\/12854\/revisions"}],"up":[{"embeddable":true,"href":"https:\/\/ceolawyer.com\/espanol\/wp-json\/wp\/v2\/pages\/12737"}],"wp:featuredmedia":[{"embeddable":true,"href":"https:\/\/ceolawyer.com\/espanol\/wp-json\/wp\/v2\/media\/12856"}],"wp:attachment":[{"href":"https:\/\/ceolawyer.com\/espanol\/wp-json\/wp\/v2\/media?parent=12854"}],"curies":[{"name":"wp","href":"https:\/\/api.w.org\/{rel}","templated":true}]}}