{"id":12858,"date":"2025-12-22T11:06:55","date_gmt":"2025-12-22T11:06:55","guid":{"rendered":"https:\/\/ceolawyer.com\/espanol\/?page_id=12858"},"modified":"2025-12-22T11:12:35","modified_gmt":"2025-12-22T11:12:35","slug":"garden-city","status":"publish","type":"page","link":"https:\/\/ceolawyer.com\/espanol\/informe-de-accidente\/informe-policial-de-un-accidente-de-auto-en-georgia\/garden-city\/","title":{"rendered":"C\u00f3mo Obtener el Informe de tu Accidente de Auto del Departamento de Polic\u00eda de Garden City"},"content":{"rendered":"<p><img decoding=\"async\" class=\"alignright size-full wp-image-12860\" src=\"https:\/\/ceolawyer.com\/espanol\/wp-content\/uploads\/sites\/2\/2025\/12\/How-to-Obtain-Your-Garden-City-Police-Department-Car-Accident-Report.webp\" alt=\"Un veh\u00edculo policial con sus luces prendidas respondiendo a un accidente temprano en la tarde.\" width=\"500\" height=\"300\" srcset=\"https:\/\/ceolawyer.com\/espanol\/wp-content\/uploads\/sites\/2\/2025\/12\/How-to-Obtain-Your-Garden-City-Police-Department-Car-Accident-Report.webp 500w, https:\/\/ceolawyer.com\/espanol\/wp-content\/uploads\/sites\/2\/2025\/12\/How-to-Obtain-Your-Garden-City-Police-Department-Car-Accident-Report-300x180.webp 300w\" sizes=\"(max-width: 500px) 100vw, 500px\" \/>Un accidente de tr\u00e1fico en Garden City, Georgia, puede ser algo abrumador y conseguir la copia del reporte de polic\u00eda no deber\u00eda agregarte m\u00e1s estr\u00e9s. Sin embargo, este documento es crucial para gestionar reclamaciones de seguros e incluso para futuros procesos legales. Por eso te explicamos diferentes maneras de conseguirlo sin complicaciones.<\/p>\n<h3>Sobre el Departamento de Polic\u00eda de Garden City<\/h3>\n<p>Esta entidad tiene como prioridad la seguridad y bienestar de la comunidad. Estas son sus funciones clave:<\/p>\n<ul>\n<li>Maneja registros, capacitaciones y operaciones judiciales.<\/li>\n<li>Vigila la ciudad y controla el tr\u00e1fico.<\/li>\n<li>Lleva a cabo investigaciones criminales, gestiona evidencia y supervisa la confiscaci\u00f3n de bienes.<\/li>\n<\/ul>\n<p>El departamento est\u00e1 acreditado por la Comisi\u00f3n de Acreditaci\u00f3n para Agencias de Aplicaci\u00f3n de la Ley (CALEA), lo que garantiza un alto nivel de profesionalismo e integridad.<\/p>\n<h3>Qu\u00e9 hacer despu\u00e9s de un accidente<\/h3>\n<ol>\n<li>No importa cu\u00e1n leve parezca el accidente, es importante contactar a las autoridades para que haya un informe oficial.<\/li>\n<li>Aseg\u00farate de que todos los involucrados no corran peligro.<\/li>\n<li>Si puedes, mueve los veh\u00edculos fuera del tr\u00e1fico para evitar m\u00e1s riesgos.<\/li>\n<li>Si tienes cualquier duda, la polic\u00eda se encargar\u00e1 de documentar lo que sucedi\u00f3 y brindarte apoyo.<\/li>\n<\/ol>\n<h4>Otros pasos a seguir<\/h4>\n<ul>\n<li>Si la polic\u00eda llega al lugar, brinda una declaraci\u00f3n precisa de lo que sucedi\u00f3 y pide una copia del informe.<\/li>\n<li>No dejes pasar el tiempo y comun\u00edcate con tu compa\u00f1\u00eda de seguros.<\/li>\n<li>Es importante que consultes inmediatamente a un m\u00e9dico.<\/li>\n<li>Evita discutir con otros involucrados y coopera con las autoridades.<\/li>\n<li>Si el accidente es complicado, considera hablar con un abogado.<\/li>\n<\/ul>\n<h3>\u00bfQu\u00e9 informaci\u00f3n viene en el informe de polic\u00eda?<\/h3>\n<ul>\n<li><strong>Datos b\u00e1sicos: <\/strong>Fecha, hora y lugar del accidente. As\u00ed como informaci\u00f3n sobre los conductores, pasajeros y testigos.<\/li>\n<li><strong>Descripci\u00f3n del accidente: <\/strong>Detalles sobre c\u00f3mo ocurri\u00f3 el accidente, las condiciones del clima y la carretera. Tambi\u00e9n otros factores contribuyentes como exceso de velocidad o manejo irresponsable.<\/li>\n<li><strong>Diagrama del accidente: <\/strong>Apoyos visuales del accidente como bocetos con la posici\u00f3n de los veh\u00edculos y las se\u00f1ales de tr\u00e1nsito cercanas.<\/li>\n<li><strong>Testimonios: <\/strong>Un registro de las declaraciones de testigos y las observaciones del oficial encargado del caso.<\/li>\n<li><strong>Evidencia fotogr\u00e1fica: <\/strong>Im\u00e1genes de los da\u00f1os, la escena y cualquier lesi\u00f3n.<\/li>\n<li><strong>Notas adicionales: <\/strong>Detalles sobre las lesiones, si los veh\u00edculos fueron remolcados u otros comentarios relevantes.<\/li>\n<\/ul>\n<p>Saber todo esto te ayudar\u00e1 a presentar tu reclamo al seguro, de forma adecuada, y evaluar si es necesario tomar medidas legales.<\/p>\n<h2>M\u00e9todos para solicitar el informe<\/h2>\n<h3>En l\u00ednea<\/h3>\n<p>Puedes entrar al portal de <a href=\"https:\/\/cityofgardencityga.nextrequest.com\/\">Registros p\u00fablicos de Garden City<\/a>. Solo necesitas ingresar la fecha y lugar del accidente, junto a tus datos de contacto.<\/p>\n<h3>En persona<\/h3>\n<p>Puedes dirigirte al Departamento de Polic\u00eda de Garden City, ubicado en 100 Central Avenue, Garden City, GZ 31405. El personal te ayudar\u00e1 con tu solicitud y te entregar\u00e1 una copia de tu informe.<\/p>\n<p>Si necesitas asesor\u00eda legal despu\u00e9s de un accidente en Garden City, Georgia, contacta a CEO Lawyer Personal Injury Law Firm al <a href=\"tel:+14708229057\">(470) 822-9057<\/a>. Nuestro equipo <a href=\"https:\/\/ceolawyer.com\/georgia-personal-injury\/car-accident-lawyer\/\">de abogados con experiencia en accidentes de auto<\/a> est\u00e1 listo para brindarte el apoyo que necesitas con empat\u00eda y profesionalismo.<\/p>\n","protected":false},"excerpt":{"rendered":"<p>Un accidente de tr\u00e1fico en Garden City, Georgia, puede ser algo abrumador y conseguir la copia del reporte de polic\u00eda no deber\u00eda agregarte m\u00e1s estr\u00e9s. Sin embargo, este documento es crucial para gestionar reclamaciones de seguros e incluso para futuros procesos legales. Por eso te explicamos diferentes maneras de conseguirlo sin complicaciones. Sobre el Departamento [&hellip;]<\/p>\n","protected":false},"author":18,"featured_media":12860,"parent":12737,"menu_order":0,"comment_status":"closed","ping_status":"closed","template":"","meta":{"_acf_changed":false,"footnotes":""},"class_list":["post-12858","page","type-page","status-publish","has-post-thumbnail","hentry"],"acf":[],"yoast_head":"<!-- This site is optimized with the Yoast SEO plugin v27.2 - https:\/\/yoast.com\/product\/yoast-seo-wordpress\/ -->\n<title>C\u00f3mo Obtener el Informe de tu Accidente de Auto del Departamento de Polic\u00eda de Garden City | CEO Lawyer<\/title>\n<meta name=\"description\" content=\"Obt\u00e9n tu informe de accidente en Garden City sin estr\u00e9s. CEO Lawyer Personal Injury Law Firm te asesora en cada paso. \u00a1Cont\u00e1ctanos ahora!\" \/>\n<meta name=\"robots\" content=\"index, follow, max-snippet:-1, max-image-preview:large, max-video-preview:-1\" \/>\n<link rel=\"canonical\" href=\"https:\/\/ceolawyer.com\/espanol\/informe-de-accidente\/informe-policial-de-un-accidente-de-auto-en-georgia\/garden-city\/\" \/>\n<meta property=\"og:locale\" content=\"en_US\" \/>\n<meta property=\"og:type\" content=\"article\" \/>\n<meta property=\"og:title\" content=\"C\u00f3mo Obtener el Informe de tu Accidente de Auto del Departamento de Polic\u00eda de Garden City | CEO Lawyer\" \/>\n<meta property=\"og:description\" content=\"Obt\u00e9n tu informe de accidente en Garden City sin estr\u00e9s. CEO Lawyer Personal Injury Law Firm te asesora en cada paso. \u00a1Cont\u00e1ctanos ahora!\" \/>\n<meta property=\"og:url\" content=\"https:\/\/ceolawyer.com\/espanol\/informe-de-accidente\/informe-policial-de-un-accidente-de-auto-en-georgia\/garden-city\/\" \/>\n<meta property=\"og:site_name\" content=\"CEO Lawyer\" \/>\n<meta property=\"article:modified_time\" content=\"2025-12-22T11:12:35+00:00\" \/>\n<meta property=\"og:image\" content=\"https:\/\/ceolawyer.com\/espanol\/wp-content\/uploads\/sites\/2\/2025\/12\/How-to-Obtain-Your-Garden-City-Police-Department-Car-Accident-Report.webp\" \/>\n\t<meta property=\"og:image:width\" content=\"500\" \/>\n\t<meta property=\"og:image:height\" content=\"300\" \/>\n\t<meta property=\"og:image:type\" content=\"image\/webp\" \/>\n<meta name=\"twitter:card\" content=\"summary_large_image\" \/>\n<meta name=\"twitter:label1\" content=\"Est. reading time\" \/>\n\t<meta name=\"twitter:data1\" content=\"3 minutes\" \/>\n<script type=\"application\/ld+json\" class=\"yoast-schema-graph\">{\"@context\":\"https:\/\/schema.org\",\"@graph\":[{\"@type\":\"WebPage\",\"@id\":\"https:\/\/ceolawyer.com\/espanol\/informe-de-accidente\/informe-policial-de-un-accidente-de-auto-en-georgia\/garden-city\/\",\"url\":\"https:\/\/ceolawyer.com\/espanol\/informe-de-accidente\/informe-policial-de-un-accidente-de-auto-en-georgia\/garden-city\/\",\"name\":\"C\u00f3mo Obtener el Informe de tu Accidente de Auto del Departamento de Polic\u00eda de Garden City | CEO Lawyer\",\"isPartOf\":{\"@id\":\"https:\/\/ceolawyer.com\/espanol\/#website\"},\"primaryImageOfPage\":{\"@id\":\"https:\/\/ceolawyer.com\/espanol\/informe-de-accidente\/informe-policial-de-un-accidente-de-auto-en-georgia\/garden-city\/#primaryimage\"},\"image\":{\"@id\":\"https:\/\/ceolawyer.com\/espanol\/informe-de-accidente\/informe-policial-de-un-accidente-de-auto-en-georgia\/garden-city\/#primaryimage\"},\"thumbnailUrl\":\"https:\/\/ceolawyer.com\/espanol\/wp-content\/uploads\/sites\/2\/2025\/12\/How-to-Obtain-Your-Garden-City-Police-Department-Car-Accident-Report.webp\",\"datePublished\":\"2025-12-22T11:06:55+00:00\",\"dateModified\":\"2025-12-22T11:12:35+00:00\",\"description\":\"Obt\u00e9n tu informe de accidente en Garden City sin estr\u00e9s. CEO Lawyer Personal Injury Law Firm te asesora en cada paso. \u00a1Cont\u00e1ctanos ahora!\",\"breadcrumb\":{\"@id\":\"https:\/\/ceolawyer.com\/espanol\/informe-de-accidente\/informe-policial-de-un-accidente-de-auto-en-georgia\/garden-city\/#breadcrumb\"},\"inLanguage\":\"en-US\",\"potentialAction\":[{\"@type\":\"ReadAction\",\"target\":[\"https:\/\/ceolawyer.com\/espanol\/informe-de-accidente\/informe-policial-de-un-accidente-de-auto-en-georgia\/garden-city\/\"]}]},{\"@type\":\"ImageObject\",\"inLanguage\":\"en-US\",\"@id\":\"https:\/\/ceolawyer.com\/espanol\/informe-de-accidente\/informe-policial-de-un-accidente-de-auto-en-georgia\/garden-city\/#primaryimage\",\"url\":\"https:\/\/ceolawyer.com\/espanol\/wp-content\/uploads\/sites\/2\/2025\/12\/How-to-Obtain-Your-Garden-City-Police-Department-Car-Accident-Report.webp\",\"contentUrl\":\"https:\/\/ceolawyer.com\/espanol\/wp-content\/uploads\/sites\/2\/2025\/12\/How-to-Obtain-Your-Garden-City-Police-Department-Car-Accident-Report.webp\",\"width\":500,\"height\":300,\"caption\":\"Un veh\u00edculo policial con sus luces prendidas respondiendo a un accidente temprano en la tarde.\"},{\"@type\":\"BreadcrumbList\",\"@id\":\"https:\/\/ceolawyer.com\/espanol\/informe-de-accidente\/informe-policial-de-un-accidente-de-auto-en-georgia\/garden-city\/#breadcrumb\",\"itemListElement\":[{\"@type\":\"ListItem\",\"position\":1,\"name\":\"Home\",\"item\":\"https:\/\/ceolawyer.com\/espanol\/\"},{\"@type\":\"ListItem\",\"position\":2,\"name\":\"Consigue el Reporte Policial de tu Accidente de Auto\",\"item\":\"https:\/\/ceolawyer.com\/espanol\/informe-de-accidente\/\"},{\"@type\":\"ListItem\",\"position\":3,\"name\":\"C\u00f3mo Solicitar el Informe Policial de un Accidente de Auto en Georgia\",\"item\":\"https:\/\/ceolawyer.com\/espanol\/informe-de-accidente\/informe-policial-de-un-accidente-de-auto-en-georgia\/\"},{\"@type\":\"ListItem\",\"position\":4,\"name\":\"C\u00f3mo Obtener el Informe de tu Accidente de Auto del Departamento de Polic\u00eda de Garden City\"}]},{\"@type\":\"WebSite\",\"@id\":\"https:\/\/ceolawyer.com\/espanol\/#website\",\"url\":\"https:\/\/ceolawyer.com\/espanol\/\",\"name\":\"CEO Lawyer\",\"description\":\"Personal Injury Attorney\",\"publisher\":{\"@id\":\"https:\/\/ceolawyer.com\/espanol\/#organization\"},\"potentialAction\":[{\"@type\":\"SearchAction\",\"target\":{\"@type\":\"EntryPoint\",\"urlTemplate\":\"https:\/\/ceolawyer.com\/espanol\/?s={search_term_string}\"},\"query-input\":{\"@type\":\"PropertyValueSpecification\",\"valueRequired\":true,\"valueName\":\"search_term_string\"}}],\"inLanguage\":\"en-US\"},{\"@type\":\"Organization\",\"@id\":\"https:\/\/ceolawyer.com\/espanol\/#organization\",\"name\":\"CEO Lawyer\",\"url\":\"https:\/\/ceolawyer.com\/espanol\/\",\"logo\":{\"@type\":\"ImageObject\",\"inLanguage\":\"en-US\",\"@id\":\"https:\/\/ceolawyer.com\/espanol\/#\/schema\/logo\/image\/\",\"url\":\"https:\/\/ceolawyer.com\/espanol\/wp-content\/uploads\/sites\/2\/2022\/05\/CEO_Logo.png\",\"contentUrl\":\"https:\/\/ceolawyer.com\/espanol\/wp-content\/uploads\/sites\/2\/2022\/05\/CEO_Logo.png\",\"width\":200,\"height\":108,\"caption\":\"CEO Lawyer\"},\"image\":{\"@id\":\"https:\/\/ceolawyer.com\/espanol\/#\/schema\/logo\/image\/\"}}]}<\/script>\n<!-- \/ Yoast SEO plugin. -->","yoast_head_json":{"title":"C\u00f3mo Obtener el Informe de tu Accidente de Auto del Departamento de Polic\u00eda de Garden City | CEO Lawyer","description":"Obt\u00e9n tu informe de accidente en Garden City sin estr\u00e9s. CEO Lawyer Personal Injury Law Firm te asesora en cada paso. \u00a1Cont\u00e1ctanos ahora!","robots":{"index":"index","follow":"follow","max-snippet":"max-snippet:-1","max-image-preview":"max-image-preview:large","max-video-preview":"max-video-preview:-1"},"canonical":"https:\/\/ceolawyer.com\/espanol\/informe-de-accidente\/informe-policial-de-un-accidente-de-auto-en-georgia\/garden-city\/","og_locale":"en_US","og_type":"article","og_title":"C\u00f3mo Obtener el Informe de tu Accidente de Auto del Departamento de Polic\u00eda de Garden City | CEO Lawyer","og_description":"Obt\u00e9n tu informe de accidente en Garden City sin estr\u00e9s. CEO Lawyer Personal Injury Law Firm te asesora en cada paso. \u00a1Cont\u00e1ctanos ahora!","og_url":"https:\/\/ceolawyer.com\/espanol\/informe-de-accidente\/informe-policial-de-un-accidente-de-auto-en-georgia\/garden-city\/","og_site_name":"CEO Lawyer","article_modified_time":"2025-12-22T11:12:35+00:00","og_image":[{"width":500,"height":300,"url":"https:\/\/ceolawyer.com\/espanol\/wp-content\/uploads\/sites\/2\/2025\/12\/How-to-Obtain-Your-Garden-City-Police-Department-Car-Accident-Report.webp","type":"image\/webp"}],"twitter_card":"summary_large_image","twitter_misc":{"Est. reading time":"3 minutes"},"schema":{"@context":"https:\/\/schema.org","@graph":[{"@type":"WebPage","@id":"https:\/\/ceolawyer.com\/espanol\/informe-de-accidente\/informe-policial-de-un-accidente-de-auto-en-georgia\/garden-city\/","url":"https:\/\/ceolawyer.com\/espanol\/informe-de-accidente\/informe-policial-de-un-accidente-de-auto-en-georgia\/garden-city\/","name":"C\u00f3mo Obtener el Informe de tu Accidente de Auto del Departamento de Polic\u00eda de Garden City | CEO Lawyer","isPartOf":{"@id":"https:\/\/ceolawyer.com\/espanol\/#website"},"primaryImageOfPage":{"@id":"https:\/\/ceolawyer.com\/espanol\/informe-de-accidente\/informe-policial-de-un-accidente-de-auto-en-georgia\/garden-city\/#primaryimage"},"image":{"@id":"https:\/\/ceolawyer.com\/espanol\/informe-de-accidente\/informe-policial-de-un-accidente-de-auto-en-georgia\/garden-city\/#primaryimage"},"thumbnailUrl":"https:\/\/ceolawyer.com\/espanol\/wp-content\/uploads\/sites\/2\/2025\/12\/How-to-Obtain-Your-Garden-City-Police-Department-Car-Accident-Report.webp","datePublished":"2025-12-22T11:06:55+00:00","dateModified":"2025-12-22T11:12:35+00:00","description":"Obt\u00e9n tu informe de accidente en Garden City sin estr\u00e9s. CEO Lawyer Personal Injury Law Firm te asesora en cada paso. \u00a1Cont\u00e1ctanos ahora!","breadcrumb":{"@id":"https:\/\/ceolawyer.com\/espanol\/informe-de-accidente\/informe-policial-de-un-accidente-de-auto-en-georgia\/garden-city\/#breadcrumb"},"inLanguage":"en-US","potentialAction":[{"@type":"ReadAction","target":["https:\/\/ceolawyer.com\/espanol\/informe-de-accidente\/informe-policial-de-un-accidente-de-auto-en-georgia\/garden-city\/"]}]},{"@type":"ImageObject","inLanguage":"en-US","@id":"https:\/\/ceolawyer.com\/espanol\/informe-de-accidente\/informe-policial-de-un-accidente-de-auto-en-georgia\/garden-city\/#primaryimage","url":"https:\/\/ceolawyer.com\/espanol\/wp-content\/uploads\/sites\/2\/2025\/12\/How-to-Obtain-Your-Garden-City-Police-Department-Car-Accident-Report.webp","contentUrl":"https:\/\/ceolawyer.com\/espanol\/wp-content\/uploads\/sites\/2\/2025\/12\/How-to-Obtain-Your-Garden-City-Police-Department-Car-Accident-Report.webp","width":500,"height":300,"caption":"Un veh\u00edculo policial con sus luces prendidas respondiendo a un accidente temprano en la tarde."},{"@type":"BreadcrumbList","@id":"https:\/\/ceolawyer.com\/espanol\/informe-de-accidente\/informe-policial-de-un-accidente-de-auto-en-georgia\/garden-city\/#breadcrumb","itemListElement":[{"@type":"ListItem","position":1,"name":"Home","item":"https:\/\/ceolawyer.com\/espanol\/"},{"@type":"ListItem","position":2,"name":"Consigue el Reporte Policial de tu Accidente de Auto","item":"https:\/\/ceolawyer.com\/espanol\/informe-de-accidente\/"},{"@type":"ListItem","position":3,"name":"C\u00f3mo Solicitar el Informe Policial de un Accidente de Auto en Georgia","item":"https:\/\/ceolawyer.com\/espanol\/informe-de-accidente\/informe-policial-de-un-accidente-de-auto-en-georgia\/"},{"@type":"ListItem","position":4,"name":"C\u00f3mo Obtener el Informe de tu Accidente de Auto del Departamento de Polic\u00eda de Garden City"}]},{"@type":"WebSite","@id":"https:\/\/ceolawyer.com\/espanol\/#website","url":"https:\/\/ceolawyer.com\/espanol\/","name":"CEO Lawyer","description":"Personal Injury Attorney","publisher":{"@id":"https:\/\/ceolawyer.com\/espanol\/#organization"},"potentialAction":[{"@type":"SearchAction","target":{"@type":"EntryPoint","urlTemplate":"https:\/\/ceolawyer.com\/espanol\/?s={search_term_string}"},"query-input":{"@type":"PropertyValueSpecification","valueRequired":true,"valueName":"search_term_string"}}],"inLanguage":"en-US"},{"@type":"Organization","@id":"https:\/\/ceolawyer.com\/espanol\/#organization","name":"CEO Lawyer","url":"https:\/\/ceolawyer.com\/espanol\/","logo":{"@type":"ImageObject","inLanguage":"en-US","@id":"https:\/\/ceolawyer.com\/espanol\/#\/schema\/logo\/image\/","url":"https:\/\/ceolawyer.com\/espanol\/wp-content\/uploads\/sites\/2\/2022\/05\/CEO_Logo.png","contentUrl":"https:\/\/ceolawyer.com\/espanol\/wp-content\/uploads\/sites\/2\/2022\/05\/CEO_Logo.png","width":200,"height":108,"caption":"CEO Lawyer"},"image":{"@id":"https:\/\/ceolawyer.com\/espanol\/#\/schema\/logo\/image\/"}}]}},"_links":{"self":[{"href":"https:\/\/ceolawyer.com\/espanol\/wp-json\/wp\/v2\/pages\/12858","targetHints":{"allow":["GET"]}}],"collection":[{"href":"https:\/\/ceolawyer.com\/espanol\/wp-json\/wp\/v2\/pages"}],"about":[{"href":"https:\/\/ceolawyer.com\/espanol\/wp-json\/wp\/v2\/types\/page"}],"author":[{"embeddable":true,"href":"https:\/\/ceolawyer.com\/espanol\/wp-json\/wp\/v2\/users\/18"}],"replies":[{"embeddable":true,"href":"https:\/\/ceolawyer.com\/espanol\/wp-json\/wp\/v2\/comments?post=12858"}],"version-history":[{"count":0,"href":"https:\/\/ceolawyer.com\/espanol\/wp-json\/wp\/v2\/pages\/12858\/revisions"}],"up":[{"embeddable":true,"href":"https:\/\/ceolawyer.com\/espanol\/wp-json\/wp\/v2\/pages\/12737"}],"wp:featuredmedia":[{"embeddable":true,"href":"https:\/\/ceolawyer.com\/espanol\/wp-json\/wp\/v2\/media\/12860"}],"wp:attachment":[{"href":"https:\/\/ceolawyer.com\/espanol\/wp-json\/wp\/v2\/media?parent=12858"}],"curies":[{"name":"wp","href":"https:\/\/api.w.org\/{rel}","templated":true}]}}