{"id":12864,"date":"2025-12-22T11:19:18","date_gmt":"2025-12-22T11:19:18","guid":{"rendered":"https:\/\/ceolawyer.com\/espanol\/?page_id=12864"},"modified":"2026-04-29T17:32:09","modified_gmt":"2026-04-29T17:32:09","slug":"georgia-state-patrol","status":"publish","type":"page","link":"https:\/\/ceolawyer.com\/espanol\/informe-de-accidente\/informe-policial-de-un-accidente-de-auto-en-georgia\/georgia-state-patrol\/","title":{"rendered":"C\u00f3mo Obtener el Informe de tu Accidente de Auto de la Patrulla del Estado de Georgia"},"content":{"rendered":"<p><img decoding=\"async\" class=\"alignright size-full wp-image-12866\" src=\"https:\/\/ceolawyer.com\/espanol\/wp-content\/uploads\/sites\/2\/2025\/12\/How-to-Obtain-Your-Georgia-State-Patrol-Car-Accident-Report.webp\" alt=\"Una v\u00edctima de un accidente pidiendo ayuda con un dispositivo de advertencia temprana en primer plano.\" width=\"500\" height=\"300\" srcset=\"https:\/\/ceolawyer.com\/espanol\/wp-content\/uploads\/sites\/2\/2025\/12\/How-to-Obtain-Your-Georgia-State-Patrol-Car-Accident-Report.webp 500w, https:\/\/ceolawyer.com\/espanol\/wp-content\/uploads\/sites\/2\/2025\/12\/How-to-Obtain-Your-Georgia-State-Patrol-Car-Accident-Report-300x180.webp 300w\" sizes=\"(max-width: 500px) 100vw, 500px\" \/>Que te choquen por detr\u00e1s en un sem\u00e1foro o de costado en la carretera puede dejarte aturdido, adolorido y enfrentando una monta\u00f1a de papeleo. Uno de los documentos m\u00e1s importantes que vas a necesitar es el reporte emitido por la Patrulla Estatal de Georgia. Este informe detalla los hechos y es clave para presentar reclamaciones de seguro, buscar asesor\u00eda legal o simplemente como registro personal del accidente.<\/p>\n<h2>Sobre la Patrulla Estatal y el informe de tu accidente<\/h2>\n<p>Esta entidad juega un papel fundamental en la seguridad vial del estado. Cuando ocurren accidentes, especialmente accidentes graves, ellos lideran las investigaciones. A continuaci\u00f3n, te explicamos algunos aspectos clave sobre c\u00f3mo operan y c\u00f3mo se relaciona con el informe de tu accidente de auto.<\/p>\n<h3>El Equipo Especializado en Reconstrucci\u00f3n de Accidentes<\/h3>\n<p>Este equipo es el encargado de realizar una investigaci\u00f3n minuciosa de accidentes fatales. Su experiencia es crucial para:<\/p>\n<ul>\n<li><strong>Recolectar evidencia: <\/strong>Documentan cada detalle de la escena del accidente para posibles procesos legales.<\/li>\n<li><strong>Disponibilidad 24\/7: <\/strong>Est\u00e1n ubicados estrat\u00e9gicamente en todo el estado y est\u00e1n disponibles para asistir en la investigaci\u00f3n de accidentes fatales.<\/li>\n<li><strong>M\u00e1s all\u00e1 del Accidente: <\/strong>Sus servicios tambi\u00e9n son requeridos en casos de homicidios, tiroteos con participaci\u00f3n policial y otras escenas del crimen complejas.<\/li>\n<\/ul>\n<h3>Informes emitidos por la Patrulla Estatal<\/h3>\n<p>Estos informes son distintos a los que realiza la polic\u00eda local y son elaborados cuando la Patrulla estatal tiene la jurisdicci\u00f3n sobre el accidente, cuando tienen lugar en autopistas o carreteras principales.<\/p>\n<h3>Datos de accidentes y reportes<\/h3>\n<p>El Departamento de Transporte de Georgia administra una base de datos llamada GEARS, donde se almacenan todos los informes de accidentes del estado. Aunque el acceso individual est\u00e1 restringido, el departamento ofrece opciones para:<\/p>\n<ul>\n<li>Solicitar acceso a la informaci\u00f3n almacenada en GEARS.<\/li>\n<li>Apoyo a agencias policiales.<\/li>\n<li>Soporte t\u00e9cnico para el ingreso y gesti\u00f3n de datos en GEARS.<\/li>\n<\/ul>\n<h3>Investigaci\u00f3n forense<\/h3>\n<p>Para accidentes graves, el Equipo de Reconstrucci\u00f3n de Accidentes tambi\u00e9n ayuda en la investigaci\u00f3n forense. Sus reportes incluyen:<\/p>\n<ul>\n<li>Un an\u00e1lisis de las fuerzas y factores involucrados en el accidente.<\/li>\n<li>Un examen mec\u00e1nico detallado para saber si alguna falla en el motor contribuy\u00f3 al accidente.<\/li>\n<li>Recolecta testimonios de todas las partes involucradas y de testigos.<\/li>\n<li>Una reconstrucci\u00f3n del accidente que incluye c\u00e1lculos de velocidades, tiempos y distancias para crear una l\u00ednea del tiempo precisa.<\/li>\n<li>Descarga y an\u00e1lisis de datos de las computadoras de los veh\u00edculos.<\/li>\n<li>En algunos casos, el equipo usa animaciones generadas por computadora para recrear el accidente.<\/li>\n<\/ul>\n<p>Puedes encontrar m\u00e1s informaci\u00f3n en el <a href=\"https:\/\/dps.georgia.gov\/divisions\/georgia-state-patrol\">sitio oficial de la Patrulla Estatal de Georgia<\/a>.<\/p>\n<h2>M\u00e9todos para obtener el reporte de tu accidente<\/h2>\n<p>Hay tres opciones para solicitar el informe por parte de la Patrulla Estatal de Georgia y todas requieren un <a href=\"https:\/\/dps.georgia.gov\/document\/document\/open-records-request-form\/download\">Formulario de Solicitud de Registros P\u00fablicos<\/a>.<\/p>\n<h3>En l\u00ednea<\/h3>\n<ol>\n<li>Descarga el formulario.<\/li>\n<li>Ll\u00e9nalo con lo siguientes datos:\n<ul>\n<li>Tu nombre completo<\/li>\n<li>Direcci\u00f3n<\/li>\n<li>N\u00famero de tel\u00e9fono<\/li>\n<\/ul>\n<\/li>\n<li>Tambi\u00e9n incluye estos datos sobre el accidente:\n<ul>\n<li>Nombre de los involucrados<\/li>\n<li>Lugar y fecha del accidente<\/li>\n<li>N\u00famero de informe del caso<\/li>\n<\/ul>\n<\/li>\n<li>Env\u00eda el formulario a: <a href=\"mailto:openrecords@gsp.net\">openrecords@gsp.net<\/a>.<\/li>\n<\/ol>\n<h3>En persona<\/h3>\n<ol>\n<li>Descarga y completa el formulario.<\/li>\n<li>Visita la Oficina de la Unidad de Registros P\u00fablicos: 959 United Avenue S.E., Atlanta, GA 30316.<\/li>\n<\/ol>\n<ul>\n<li>Tambi\u00e9n puedes visitar cualquier oficina local de la Patrulla Estatal de Georgia. Consulta su directorio <a href=\"https:\/\/dps.georgia.gov\/\">aqu\u00ed<\/a>.<\/li>\n<\/ul>\n<h3>Por correo postal<\/h3>\n<ol>\n<li>Descarga y completa el formulario.<\/li>\n<li>Env\u00edalo a esta direcci\u00f3n: P.O. Box 1456, Attn: Open Records Unit, Atlanta, GA 30371.<\/li>\n<\/ol>\n<h3>Toma en cuenta que\u2026<\/h3>\n<ul>\n<li>Bajo la Ley de Registros P\u00fablicos de Georgia, puede haber una tarifa asociada para obtener una copia del informe de tu accidente. Consulta la secci\u00f3n \u201cCharging for Requests\u201d en el sitio web de la Unidad de Registros P\u00fablicos para saber m\u00e1s sobre estas posibles tarifas.<\/li>\n<li>Debes esperar entre 7 y 10 d\u00edas h\u00e1biles despu\u00e9s del accidente antes de solicitar el informe.<\/li>\n<\/ul>\n<h2>\u00bfTu aseguradora puede solicitar el informe por ti?<\/h2>\n<p>Absolutamente. Tu compa\u00f1\u00eda de seguros puede enviar a un representante autorizado a que solicite una copia del informe de tu accidente, proporcionando estos datos:<\/p>\n<ul>\n<li>T\u00fa nombre completo.<\/li>\n<li>Fecha y lugar del accidente.<\/li>\n<li>Detalles del accidente.<\/li>\n<\/ul>\n<p>Recuerda que, bajo la Ley de Registros P\u00fablicos de Georgia esta solicitud puede incluir una tarifa y el tiempo de espera es de 7-10 d\u00edas h\u00e1biles.<\/p>\n<h2>\u00bfY si obtener el informe no es suficiente?<\/h2>\n<p>Conseguir este reporte es el primer paso, pero si necesitas ayuda con tu reclamaci\u00f3n de seguro o necesitas asesor\u00eda legal, un <a href=\"https:\/\/ceolawyer.com\/georgia-personal-injury\/car-accident-lawyer\/\">abogado con experiencia en accidente de auto<\/a> en Georgia puede ser la opci\u00f3n que le conviene a tu caso.<\/p>\n<p>Un abogado experimentado en esta \u00e1rea puede:<\/p>\n<ul>\n<li>Analizar tu informe y encontrar los detalles clave para armar tu caso.<\/li>\n<li>Reunir evidencia adicional.<\/li>\n<li>Negociar con las compa\u00f1\u00edas de seguros para que consigas una compensaci\u00f3n justa.<\/li>\n<li>Representarte en un tribunal, si es necesario.<\/li>\n<\/ul>\n<p>El equipo de CEO Lawyer Personal Injury Law Firm cuenta con la experiencia para manejar tu caso de forma comprensiva y emp\u00e1tica.<\/p>\n<p>No dudes en contactarnos para una consulta gratuita y exploremos juntos las opciones que tienes para atender tu caso despu\u00e9s de un accidente de auto.<\/p>\n","protected":false},"excerpt":{"rendered":"<p>Que te choquen por detr\u00e1s en un sem\u00e1foro o de costado en la carretera puede dejarte aturdido, adolorido y enfrentando una monta\u00f1a de papeleo. Uno de los documentos m\u00e1s importantes que vas a necesitar es el reporte emitido por la Patrulla Estatal de Georgia. Este informe detalla los hechos y es clave para presentar reclamaciones [&hellip;]<\/p>\n","protected":false},"author":18,"featured_media":12866,"parent":12737,"menu_order":0,"comment_status":"closed","ping_status":"closed","template":"","meta":{"_acf_changed":false,"footnotes":""},"class_list":["post-12864","page","type-page","status-publish","has-post-thumbnail","hentry"],"acf":[],"yoast_head":"<!-- This site is optimized with the Yoast SEO plugin v27.5 - https:\/\/yoast.com\/product\/yoast-seo-wordpress\/ -->\n<title>C\u00f3mo Obtener el Informe de tu Accidente de Auto de la Patrulla del Estado de Georgia | CEO Lawyer<\/title>\n<meta name=\"description\" content=\"Si la Patrulla Estatal de Georgia registr\u00f3 tu accidente, te ayudamos a obtener el informe. Contacta a CEO Lawyer Personal Injury Law Firm hoy mismo.\" \/>\n<meta name=\"robots\" content=\"index, follow, max-snippet:-1, max-image-preview:large, max-video-preview:-1\" \/>\n<link rel=\"canonical\" href=\"https:\/\/ceolawyer.com\/espanol\/informe-de-accidente\/informe-policial-de-un-accidente-de-auto-en-georgia\/georgia-state-patrol\/\" \/>\n<meta property=\"og:locale\" content=\"en_US\" \/>\n<meta property=\"og:type\" content=\"article\" \/>\n<meta property=\"og:title\" content=\"C\u00f3mo Obtener el Informe de tu Accidente de Auto de la Patrulla del Estado de Georgia | CEO Lawyer\" \/>\n<meta property=\"og:description\" content=\"Si la Patrulla Estatal de Georgia registr\u00f3 tu accidente, te ayudamos a obtener el informe. Contacta a CEO Lawyer Personal Injury Law Firm hoy mismo.\" \/>\n<meta property=\"og:url\" content=\"https:\/\/ceolawyer.com\/espanol\/informe-de-accidente\/informe-policial-de-un-accidente-de-auto-en-georgia\/georgia-state-patrol\/\" \/>\n<meta property=\"og:site_name\" content=\"CEO Lawyer\" \/>\n<meta property=\"article:modified_time\" content=\"2026-04-29T17:32:09+00:00\" \/>\n<meta property=\"og:image\" content=\"https:\/\/ceolawyer.com\/espanol\/wp-content\/uploads\/sites\/2\/2025\/12\/How-to-Obtain-Your-Georgia-State-Patrol-Car-Accident-Report.webp\" \/>\n\t<meta property=\"og:image:width\" content=\"500\" \/>\n\t<meta property=\"og:image:height\" content=\"300\" \/>\n\t<meta property=\"og:image:type\" content=\"image\/webp\" \/>\n<meta name=\"twitter:card\" content=\"summary_large_image\" \/>\n<meta name=\"twitter:label1\" content=\"Est. reading time\" \/>\n\t<meta name=\"twitter:data1\" content=\"5 minutes\" \/>\n<script type=\"application\/ld+json\" class=\"yoast-schema-graph\">{\"@context\":\"https:\\\/\\\/schema.org\",\"@graph\":[{\"@type\":\"WebPage\",\"@id\":\"https:\\\/\\\/ceolawyer.com\\\/espanol\\\/informe-de-accidente\\\/informe-policial-de-un-accidente-de-auto-en-georgia\\\/georgia-state-patrol\\\/\",\"url\":\"https:\\\/\\\/ceolawyer.com\\\/espanol\\\/informe-de-accidente\\\/informe-policial-de-un-accidente-de-auto-en-georgia\\\/georgia-state-patrol\\\/\",\"name\":\"C\u00f3mo Obtener el Informe de tu Accidente de Auto de la Patrulla del Estado de Georgia | CEO Lawyer\",\"isPartOf\":{\"@id\":\"https:\\\/\\\/ceolawyer.com\\\/espanol\\\/#website\"},\"primaryImageOfPage\":{\"@id\":\"https:\\\/\\\/ceolawyer.com\\\/espanol\\\/informe-de-accidente\\\/informe-policial-de-un-accidente-de-auto-en-georgia\\\/georgia-state-patrol\\\/#primaryimage\"},\"image\":{\"@id\":\"https:\\\/\\\/ceolawyer.com\\\/espanol\\\/informe-de-accidente\\\/informe-policial-de-un-accidente-de-auto-en-georgia\\\/georgia-state-patrol\\\/#primaryimage\"},\"thumbnailUrl\":\"https:\\\/\\\/ceolawyer.com\\\/espanol\\\/wp-content\\\/uploads\\\/sites\\\/2\\\/2025\\\/12\\\/How-to-Obtain-Your-Georgia-State-Patrol-Car-Accident-Report.webp\",\"datePublished\":\"2025-12-22T11:19:18+00:00\",\"dateModified\":\"2026-04-29T17:32:09+00:00\",\"description\":\"Si la Patrulla Estatal de Georgia registr\u00f3 tu accidente, te ayudamos a obtener el informe. Contacta a CEO Lawyer Personal Injury Law Firm hoy mismo.\",\"breadcrumb\":{\"@id\":\"https:\\\/\\\/ceolawyer.com\\\/espanol\\\/informe-de-accidente\\\/informe-policial-de-un-accidente-de-auto-en-georgia\\\/georgia-state-patrol\\\/#breadcrumb\"},\"inLanguage\":\"en-US\",\"potentialAction\":[{\"@type\":\"ReadAction\",\"target\":[\"https:\\\/\\\/ceolawyer.com\\\/espanol\\\/informe-de-accidente\\\/informe-policial-de-un-accidente-de-auto-en-georgia\\\/georgia-state-patrol\\\/\"]}]},{\"@type\":\"ImageObject\",\"inLanguage\":\"en-US\",\"@id\":\"https:\\\/\\\/ceolawyer.com\\\/espanol\\\/informe-de-accidente\\\/informe-policial-de-un-accidente-de-auto-en-georgia\\\/georgia-state-patrol\\\/#primaryimage\",\"url\":\"https:\\\/\\\/ceolawyer.com\\\/espanol\\\/wp-content\\\/uploads\\\/sites\\\/2\\\/2025\\\/12\\\/How-to-Obtain-Your-Georgia-State-Patrol-Car-Accident-Report.webp\",\"contentUrl\":\"https:\\\/\\\/ceolawyer.com\\\/espanol\\\/wp-content\\\/uploads\\\/sites\\\/2\\\/2025\\\/12\\\/How-to-Obtain-Your-Georgia-State-Patrol-Car-Accident-Report.webp\",\"width\":500,\"height\":300,\"caption\":\"Una v\u00edctima de un accidente pidiendo ayuda con un dispositivo de advertencia temprana en primer plano.\"},{\"@type\":\"BreadcrumbList\",\"@id\":\"https:\\\/\\\/ceolawyer.com\\\/espanol\\\/informe-de-accidente\\\/informe-policial-de-un-accidente-de-auto-en-georgia\\\/georgia-state-patrol\\\/#breadcrumb\",\"itemListElement\":[{\"@type\":\"ListItem\",\"position\":1,\"name\":\"Home\",\"item\":\"https:\\\/\\\/ceolawyer.com\\\/espanol\\\/\"},{\"@type\":\"ListItem\",\"position\":2,\"name\":\"Consigue el Reporte Policial de tu Accidente de Auto\",\"item\":\"https:\\\/\\\/ceolawyer.com\\\/espanol\\\/informe-de-accidente\\\/\"},{\"@type\":\"ListItem\",\"position\":3,\"name\":\"C\u00f3mo Solicitar el Informe Policial de un Accidente de Auto en Georgia\",\"item\":\"https:\\\/\\\/ceolawyer.com\\\/espanol\\\/informe-de-accidente\\\/informe-policial-de-un-accidente-de-auto-en-georgia\\\/\"},{\"@type\":\"ListItem\",\"position\":4,\"name\":\"C\u00f3mo Obtener el Informe de tu Accidente de Auto de la Patrulla del Estado de Georgia\"}]},{\"@type\":\"WebSite\",\"@id\":\"https:\\\/\\\/ceolawyer.com\\\/espanol\\\/#website\",\"url\":\"https:\\\/\\\/ceolawyer.com\\\/espanol\\\/\",\"name\":\"CEO Lawyer\",\"description\":\"Personal Injury Attorney\",\"publisher\":{\"@id\":\"https:\\\/\\\/ceolawyer.com\\\/espanol\\\/#organization\"},\"potentialAction\":[{\"@type\":\"SearchAction\",\"target\":{\"@type\":\"EntryPoint\",\"urlTemplate\":\"https:\\\/\\\/ceolawyer.com\\\/espanol\\\/?s={search_term_string}\"},\"query-input\":{\"@type\":\"PropertyValueSpecification\",\"valueRequired\":true,\"valueName\":\"search_term_string\"}}],\"inLanguage\":\"en-US\"},{\"@type\":\"Organization\",\"@id\":\"https:\\\/\\\/ceolawyer.com\\\/espanol\\\/#organization\",\"name\":\"CEO Lawyer\",\"url\":\"https:\\\/\\\/ceolawyer.com\\\/espanol\\\/\",\"logo\":{\"@type\":\"ImageObject\",\"inLanguage\":\"en-US\",\"@id\":\"https:\\\/\\\/ceolawyer.com\\\/espanol\\\/#\\\/schema\\\/logo\\\/image\\\/\",\"url\":\"https:\\\/\\\/ceolawyer.com\\\/espanol\\\/wp-content\\\/uploads\\\/sites\\\/2\\\/2022\\\/05\\\/CEO_Logo.png\",\"contentUrl\":\"https:\\\/\\\/ceolawyer.com\\\/espanol\\\/wp-content\\\/uploads\\\/sites\\\/2\\\/2022\\\/05\\\/CEO_Logo.png\",\"width\":200,\"height\":108,\"caption\":\"CEO Lawyer\"},\"image\":{\"@id\":\"https:\\\/\\\/ceolawyer.com\\\/espanol\\\/#\\\/schema\\\/logo\\\/image\\\/\"}}]}<\/script>\n<!-- \/ Yoast SEO plugin. -->","yoast_head_json":{"title":"C\u00f3mo Obtener el Informe de tu Accidente de Auto de la Patrulla del Estado de Georgia | CEO Lawyer","description":"Si la Patrulla Estatal de Georgia registr\u00f3 tu accidente, te ayudamos a obtener el informe. Contacta a CEO Lawyer Personal Injury Law Firm hoy mismo.","robots":{"index":"index","follow":"follow","max-snippet":"max-snippet:-1","max-image-preview":"max-image-preview:large","max-video-preview":"max-video-preview:-1"},"canonical":"https:\/\/ceolawyer.com\/espanol\/informe-de-accidente\/informe-policial-de-un-accidente-de-auto-en-georgia\/georgia-state-patrol\/","og_locale":"en_US","og_type":"article","og_title":"C\u00f3mo Obtener el Informe de tu Accidente de Auto de la Patrulla del Estado de Georgia | CEO Lawyer","og_description":"Si la Patrulla Estatal de Georgia registr\u00f3 tu accidente, te ayudamos a obtener el informe. Contacta a CEO Lawyer Personal Injury Law Firm hoy mismo.","og_url":"https:\/\/ceolawyer.com\/espanol\/informe-de-accidente\/informe-policial-de-un-accidente-de-auto-en-georgia\/georgia-state-patrol\/","og_site_name":"CEO Lawyer","article_modified_time":"2026-04-29T17:32:09+00:00","og_image":[{"width":500,"height":300,"url":"https:\/\/ceolawyer.com\/espanol\/wp-content\/uploads\/sites\/2\/2025\/12\/How-to-Obtain-Your-Georgia-State-Patrol-Car-Accident-Report.webp","type":"image\/webp"}],"twitter_card":"summary_large_image","twitter_misc":{"Est. reading time":"5 minutes"},"schema":{"@context":"https:\/\/schema.org","@graph":[{"@type":"WebPage","@id":"https:\/\/ceolawyer.com\/espanol\/informe-de-accidente\/informe-policial-de-un-accidente-de-auto-en-georgia\/georgia-state-patrol\/","url":"https:\/\/ceolawyer.com\/espanol\/informe-de-accidente\/informe-policial-de-un-accidente-de-auto-en-georgia\/georgia-state-patrol\/","name":"C\u00f3mo Obtener el Informe de tu Accidente de Auto de la Patrulla del Estado de Georgia | CEO Lawyer","isPartOf":{"@id":"https:\/\/ceolawyer.com\/espanol\/#website"},"primaryImageOfPage":{"@id":"https:\/\/ceolawyer.com\/espanol\/informe-de-accidente\/informe-policial-de-un-accidente-de-auto-en-georgia\/georgia-state-patrol\/#primaryimage"},"image":{"@id":"https:\/\/ceolawyer.com\/espanol\/informe-de-accidente\/informe-policial-de-un-accidente-de-auto-en-georgia\/georgia-state-patrol\/#primaryimage"},"thumbnailUrl":"https:\/\/ceolawyer.com\/espanol\/wp-content\/uploads\/sites\/2\/2025\/12\/How-to-Obtain-Your-Georgia-State-Patrol-Car-Accident-Report.webp","datePublished":"2025-12-22T11:19:18+00:00","dateModified":"2026-04-29T17:32:09+00:00","description":"Si la Patrulla Estatal de Georgia registr\u00f3 tu accidente, te ayudamos a obtener el informe. Contacta a CEO Lawyer Personal Injury Law Firm hoy mismo.","breadcrumb":{"@id":"https:\/\/ceolawyer.com\/espanol\/informe-de-accidente\/informe-policial-de-un-accidente-de-auto-en-georgia\/georgia-state-patrol\/#breadcrumb"},"inLanguage":"en-US","potentialAction":[{"@type":"ReadAction","target":["https:\/\/ceolawyer.com\/espanol\/informe-de-accidente\/informe-policial-de-un-accidente-de-auto-en-georgia\/georgia-state-patrol\/"]}]},{"@type":"ImageObject","inLanguage":"en-US","@id":"https:\/\/ceolawyer.com\/espanol\/informe-de-accidente\/informe-policial-de-un-accidente-de-auto-en-georgia\/georgia-state-patrol\/#primaryimage","url":"https:\/\/ceolawyer.com\/espanol\/wp-content\/uploads\/sites\/2\/2025\/12\/How-to-Obtain-Your-Georgia-State-Patrol-Car-Accident-Report.webp","contentUrl":"https:\/\/ceolawyer.com\/espanol\/wp-content\/uploads\/sites\/2\/2025\/12\/How-to-Obtain-Your-Georgia-State-Patrol-Car-Accident-Report.webp","width":500,"height":300,"caption":"Una v\u00edctima de un accidente pidiendo ayuda con un dispositivo de advertencia temprana en primer plano."},{"@type":"BreadcrumbList","@id":"https:\/\/ceolawyer.com\/espanol\/informe-de-accidente\/informe-policial-de-un-accidente-de-auto-en-georgia\/georgia-state-patrol\/#breadcrumb","itemListElement":[{"@type":"ListItem","position":1,"name":"Home","item":"https:\/\/ceolawyer.com\/espanol\/"},{"@type":"ListItem","position":2,"name":"Consigue el Reporte Policial de tu Accidente de Auto","item":"https:\/\/ceolawyer.com\/espanol\/informe-de-accidente\/"},{"@type":"ListItem","position":3,"name":"C\u00f3mo Solicitar el Informe Policial de un Accidente de Auto en Georgia","item":"https:\/\/ceolawyer.com\/espanol\/informe-de-accidente\/informe-policial-de-un-accidente-de-auto-en-georgia\/"},{"@type":"ListItem","position":4,"name":"C\u00f3mo Obtener el Informe de tu Accidente de Auto de la Patrulla del Estado de Georgia"}]},{"@type":"WebSite","@id":"https:\/\/ceolawyer.com\/espanol\/#website","url":"https:\/\/ceolawyer.com\/espanol\/","name":"CEO Lawyer","description":"Personal Injury Attorney","publisher":{"@id":"https:\/\/ceolawyer.com\/espanol\/#organization"},"potentialAction":[{"@type":"SearchAction","target":{"@type":"EntryPoint","urlTemplate":"https:\/\/ceolawyer.com\/espanol\/?s={search_term_string}"},"query-input":{"@type":"PropertyValueSpecification","valueRequired":true,"valueName":"search_term_string"}}],"inLanguage":"en-US"},{"@type":"Organization","@id":"https:\/\/ceolawyer.com\/espanol\/#organization","name":"CEO Lawyer","url":"https:\/\/ceolawyer.com\/espanol\/","logo":{"@type":"ImageObject","inLanguage":"en-US","@id":"https:\/\/ceolawyer.com\/espanol\/#\/schema\/logo\/image\/","url":"https:\/\/ceolawyer.com\/espanol\/wp-content\/uploads\/sites\/2\/2022\/05\/CEO_Logo.png","contentUrl":"https:\/\/ceolawyer.com\/espanol\/wp-content\/uploads\/sites\/2\/2022\/05\/CEO_Logo.png","width":200,"height":108,"caption":"CEO Lawyer"},"image":{"@id":"https:\/\/ceolawyer.com\/espanol\/#\/schema\/logo\/image\/"}}]}},"_links":{"self":[{"href":"https:\/\/ceolawyer.com\/espanol\/wp-json\/wp\/v2\/pages\/12864","targetHints":{"allow":["GET"]}}],"collection":[{"href":"https:\/\/ceolawyer.com\/espanol\/wp-json\/wp\/v2\/pages"}],"about":[{"href":"https:\/\/ceolawyer.com\/espanol\/wp-json\/wp\/v2\/types\/page"}],"author":[{"embeddable":true,"href":"https:\/\/ceolawyer.com\/espanol\/wp-json\/wp\/v2\/users\/18"}],"replies":[{"embeddable":true,"href":"https:\/\/ceolawyer.com\/espanol\/wp-json\/wp\/v2\/comments?post=12864"}],"version-history":[{"count":0,"href":"https:\/\/ceolawyer.com\/espanol\/wp-json\/wp\/v2\/pages\/12864\/revisions"}],"up":[{"embeddable":true,"href":"https:\/\/ceolawyer.com\/espanol\/wp-json\/wp\/v2\/pages\/12737"}],"wp:featuredmedia":[{"embeddable":true,"href":"https:\/\/ceolawyer.com\/espanol\/wp-json\/wp\/v2\/media\/12866"}],"wp:attachment":[{"href":"https:\/\/ceolawyer.com\/espanol\/wp-json\/wp\/v2\/media?parent=12864"}],"curies":[{"name":"wp","href":"https:\/\/api.w.org\/{rel}","templated":true}]}}