{"id":12867,"date":"2025-12-22T11:27:03","date_gmt":"2025-12-22T11:27:03","guid":{"rendered":"https:\/\/ceolawyer.com\/espanol\/?page_id=12867"},"modified":"2025-12-22T11:33:02","modified_gmt":"2025-12-22T11:33:02","slug":"glynn-county","status":"publish","type":"page","link":"https:\/\/ceolawyer.com\/espanol\/informe-de-accidente\/informe-policial-de-un-accidente-de-auto-en-georgia\/glynn-county\/","title":{"rendered":"C\u00f3mo Obtener el Informe de tu Accidente de Auto del Departamento de Polic\u00eda del Condado de Glynn"},"content":{"rendered":"<p><img decoding=\"async\" class=\"alignright size-full wp-image-12869\" src=\"https:\/\/ceolawyer.com\/espanol\/wp-content\/uploads\/sites\/2\/2025\/12\/How-to-Obtain-Your-Glynn-County-Police-Department-Car-Accident-Report.webp\" alt=\"Un veh\u00edculo de patrullaje acerc\u00e1ndose a la escena de un accidente de m\u00faltiples veh\u00edculos en el fondo.\" width=\"500\" height=\"300\" srcset=\"https:\/\/ceolawyer.com\/espanol\/wp-content\/uploads\/sites\/2\/2025\/12\/How-to-Obtain-Your-Glynn-County-Police-Department-Car-Accident-Report.webp 500w, https:\/\/ceolawyer.com\/espanol\/wp-content\/uploads\/sites\/2\/2025\/12\/How-to-Obtain-Your-Glynn-County-Police-Department-Car-Accident-Report-300x180.webp 300w\" sizes=\"(max-width: 500px) 100vw, 500px\" \/>Si estuviste en un accidente de tr\u00e1fico en Glynn, Georgia, conseguir una copia del reporte es fundamental. Este documento contiene detalles clave del accidente y puede ser necesario para presentar una reclamaci\u00f3n al seguro o cuando consultes a un abogado para tomar acciones legales.<\/p>\n<h3>\u00bfPor qu\u00e9 lo necesitas?<\/h3>\n<p>Como lo mencionamos, el informe (redactado por los agentes que respondieron al accidente) tiene informaci\u00f3n importante como:<\/p>\n<ul>\n<li>Fecha, hora y lugar del accidente.<\/li>\n<li>Nombre y datos de contacto de las personas involucradas.<\/li>\n<li>Informaci\u00f3n de los testigos.<\/li>\n<li>Notas del agente de polic\u00eda, incluyendo evaluaciones iniciales sobre qui\u00e9n es el posible responsable.<\/li>\n<\/ul>\n<h2>M\u00e9todos para solicitar una copia del informe de tu accidente<\/h2>\n<h3>En l\u00ednea<\/h3>\n<p>Si buscas rapidez y comodidad, puedes solicitar el reporte a trav\u00e9s del portal de la <a href=\"https:\/\/glynncounty-ga.nextrequest.com\/\">Unidad de Registros P\u00fablicos<\/a> del Departamento de Polic\u00eda del Condado de Glynn, siguiendo estos pasos:<\/p>\n<ol>\n<li>Accede al portal y llena una solicitud con los siguientes datos:\n<ul>\n<li>N\u00famero de informe del caso (si lo tienes)<\/li>\n<li>Nombre de los involucrados<\/li>\n<li>Lugar, fecha y hora del accidente<\/li>\n<\/ul>\n<\/li>\n<li>Env\u00eda la solicitud y espera la respuesta de un oficial de registros en un plazo de tres (3) d\u00edas h\u00e1biles.<\/li>\n<\/ol>\n<p>Otra opci\u00f3n es usar el servicio de BuyCrash:<\/p>\n<ol>\n<li>Ingresa al sitio y selecciona \u201cGeorgia\u201d como estado.<\/li>\n<li>En el segundo men\u00fa desplegable, elige \u201cGlynn County Police Department\u201d como la jurisdicci\u00f3n encargada de tu caso.<\/li>\n<li>Ingresa estos datos:<\/li>\n<\/ol>\n<ul>\n<li>Apellido<\/li>\n<li>Fecha del accidente<\/li>\n<li>N\u00famero del informe (si lo tienes)<\/li>\n<li>N\u00famero de Identificaci\u00f3n del Veh\u00edculo<\/li>\n<li>N\u00famero de licencia de conducir<\/li>\n<\/ul>\n<p><em>Nota: Este servicio puede tener un costo adicional.<\/em><\/p>\n<h3>En persona<\/h3>\n<p>Si prefieres que te atiendan personalmente, puedes acudir a las siguientes oficinas:<\/p>\n<ul>\n<li><strong>Oficina principal:<\/strong><\/li>\n<\/ul>\n<p>Carl Alexander Public Safety Building<\/p>\n<p>157 Carl Alexander Way, Brunswick, GA 31525.<\/p>\n<ul>\n<li><strong>Subestaci\u00f3n en St. Simons Island:<\/strong><\/li>\n<\/ul>\n<p>1965 Demere Road, St. Simons Island, GA 31522.<\/p>\n<ul>\n<li><strong>Horario: <\/strong>Lunes a viernes, de 8AM a 4PM.<\/li>\n<\/ul>\n<p>Lleva toda la informaci\u00f3n posible sobre el accidente para agilizar el proceso.<\/p>\n<h3>Por correo electr\u00f3nico<\/h3>\n<p>Puedes enviar un correo a <a href=\"mailto:gcpdrecords@glynncounty-ga.gov\">gcpdrecords@glynncounty-ga.gov<\/a> con estos datos:<\/p>\n<ul>\n<li>N\u00famero de informe (si lo tienes).<\/li>\n<li>Nombre de las personas involucradas.<\/li>\n<li>Lugar, fecha y hora del accidente.<\/li>\n<li>Recibir\u00e1s una respuesta en, aproximadamente, tres (3) d\u00edas h\u00e1biles.<\/li>\n<\/ul>\n<h3>Seguimiento y consejos adicionales<\/h3>\n<p>Si no recibes respuesta en tres d\u00edas, puedes:<\/p>\n<ul>\n<li>Llamar a Registros al: <a href=\"tel:+19125547820\">(912) 554-7820<\/a> o <a href=\"tel:+19125547824\">(912) 554-7824<\/a>.<\/li>\n<li>Enviar un correo de seguimiento a: <a href=\"mailto:gcpdrecords@glynncounty-ga.gov\">gcpdrecords@glynncounty-ga.gov<\/a>.<\/li>\n<li>Acudir a las oficinas principales del Departamento de Polic\u00eda.<\/li>\n<li>Contactar a la Teniente Cheri Bashlor al: <a href=\"tel:+19125547832\">(912) 554-7832<\/a> o por correo a: <a href=\"mailto:cbashlor@glynncounty-ga.gov\">cbashlor@glynncounty-ga.gov<\/a>.<\/li>\n<\/ul>\n<h2>Correcci\u00f3n de errores en el informe de tu accidente<\/h2>\n<p>Si encuentras discrepancias en el reporte, sigue estos pasos:<\/p>\n<ol>\n<li>Toma nota de todos los errores (ya sean datos incorrectos o un error en la transcripci\u00f3n de tu declaraci\u00f3n).<\/li>\n<li>Re\u00fane evidencia que corrobore tu solicitud.<\/li>\n<li>Contacta al Departamento de Polic\u00eda llamando al <a href=\"tel:+19125547820\">(912) 554-7820<\/a> o al correo: <a href=\"mailto:gcpdrecords@glynncounty-ga.gov\">gcpdrecords@glynncounty-ga.gov<\/a>.<\/li>\n<li>Solicita la correcci\u00f3n y entrega la evidencia.<\/li>\n<li>Haz seguimiento si no recibes respuesta.<\/li>\n<\/ol>\n<h2>Busca asesor\u00eda legal<\/h2>\n<p>Si el accidente es complejo o hay una disputa legal, un <a href=\"https:\/\/ceolawyer.com\/georgia-personal-injury\/car-accident-lawyer\/\">abogado con experiencia en accidentes de auto<\/a> puede ayudarte con:<\/p>\n<ul>\n<li>Negociar con las compa\u00f1\u00edas de seguro o con los abogados de los otros involucrados.<\/li>\n<li>Recopilar evidencia.<\/li>\n<li>Armar tu caso y representarte legalmente en negociaciones o un juicio.<\/li>\n<\/ul>\n<p>Acude a CEO Lawyer Personal Injury Law Firm, nuestro equipo est\u00e1 listo para brindarte apoyo y trabajar contigo para que recibas la compensaci\u00f3n que mereces.<\/p>\n<p>Para m\u00e1s informaci\u00f3n y una consulta gratuita, ll\u00e1manos al <strong><a href=\"tel:+14708229057\">(470) 822-9057<\/a>.<\/strong><\/p>\n","protected":false},"excerpt":{"rendered":"<p>Si estuviste en un accidente de tr\u00e1fico en Glynn, Georgia, conseguir una copia del reporte es fundamental. Este documento contiene detalles clave del accidente y puede ser necesario para presentar una reclamaci\u00f3n al seguro o cuando consultes a un abogado para tomar acciones legales. \u00bfPor qu\u00e9 lo necesitas? Como lo mencionamos, el informe (redactado por [&hellip;]<\/p>\n","protected":false},"author":18,"featured_media":12869,"parent":12737,"menu_order":0,"comment_status":"closed","ping_status":"closed","template":"","meta":{"_acf_changed":false,"footnotes":""},"class_list":["post-12867","page","type-page","status-publish","has-post-thumbnail","hentry"],"acf":[],"yoast_head":"<!-- This site is optimized with the Yoast SEO plugin v27.4 - https:\/\/yoast.com\/product\/yoast-seo-wordpress\/ -->\n<title>C\u00f3mo Obtener el Informe de tu Accidente de Auto del Departamento de Polic\u00eda del Condado de Glynn | CEO Lawyer<\/title>\n<meta name=\"description\" content=\"Obt\u00e9n f\u00e1cilmente tu informe de accidente en el Condado de Glynn. CEO Lawyer Personal Injury Law Firm est\u00e1 listo para ayudarte. \u00a1Ll\u00e1manos ya!\" \/>\n<meta name=\"robots\" content=\"index, follow, max-snippet:-1, max-image-preview:large, max-video-preview:-1\" \/>\n<link rel=\"canonical\" href=\"https:\/\/ceolawyer.com\/espanol\/informe-de-accidente\/informe-policial-de-un-accidente-de-auto-en-georgia\/glynn-county\/\" \/>\n<meta property=\"og:locale\" content=\"en_US\" \/>\n<meta property=\"og:type\" content=\"article\" \/>\n<meta property=\"og:title\" content=\"C\u00f3mo Obtener el Informe de tu Accidente de Auto del Departamento de Polic\u00eda del Condado de Glynn | CEO Lawyer\" \/>\n<meta property=\"og:description\" content=\"Obt\u00e9n f\u00e1cilmente tu informe de accidente en el Condado de Glynn. CEO Lawyer Personal Injury Law Firm est\u00e1 listo para ayudarte. \u00a1Ll\u00e1manos ya!\" \/>\n<meta property=\"og:url\" content=\"https:\/\/ceolawyer.com\/espanol\/informe-de-accidente\/informe-policial-de-un-accidente-de-auto-en-georgia\/glynn-county\/\" \/>\n<meta property=\"og:site_name\" content=\"CEO Lawyer\" \/>\n<meta property=\"article:modified_time\" content=\"2025-12-22T11:33:02+00:00\" \/>\n<meta property=\"og:image\" content=\"https:\/\/ceolawyer.com\/espanol\/wp-content\/uploads\/sites\/2\/2025\/12\/How-to-Obtain-Your-Glynn-County-Police-Department-Car-Accident-Report.webp\" \/>\n\t<meta property=\"og:image:width\" content=\"500\" \/>\n\t<meta property=\"og:image:height\" content=\"300\" \/>\n\t<meta property=\"og:image:type\" content=\"image\/webp\" \/>\n<meta name=\"twitter:card\" content=\"summary_large_image\" \/>\n<meta name=\"twitter:label1\" content=\"Est. reading time\" \/>\n\t<meta name=\"twitter:data1\" content=\"3 minutes\" \/>\n<script type=\"application\/ld+json\" class=\"yoast-schema-graph\">{\"@context\":\"https:\\\/\\\/schema.org\",\"@graph\":[{\"@type\":\"WebPage\",\"@id\":\"https:\\\/\\\/ceolawyer.com\\\/espanol\\\/informe-de-accidente\\\/informe-policial-de-un-accidente-de-auto-en-georgia\\\/glynn-county\\\/\",\"url\":\"https:\\\/\\\/ceolawyer.com\\\/espanol\\\/informe-de-accidente\\\/informe-policial-de-un-accidente-de-auto-en-georgia\\\/glynn-county\\\/\",\"name\":\"C\u00f3mo Obtener el Informe de tu Accidente de Auto del Departamento de Polic\u00eda del Condado de Glynn | CEO Lawyer\",\"isPartOf\":{\"@id\":\"https:\\\/\\\/ceolawyer.com\\\/espanol\\\/#website\"},\"primaryImageOfPage\":{\"@id\":\"https:\\\/\\\/ceolawyer.com\\\/espanol\\\/informe-de-accidente\\\/informe-policial-de-un-accidente-de-auto-en-georgia\\\/glynn-county\\\/#primaryimage\"},\"image\":{\"@id\":\"https:\\\/\\\/ceolawyer.com\\\/espanol\\\/informe-de-accidente\\\/informe-policial-de-un-accidente-de-auto-en-georgia\\\/glynn-county\\\/#primaryimage\"},\"thumbnailUrl\":\"https:\\\/\\\/ceolawyer.com\\\/espanol\\\/wp-content\\\/uploads\\\/sites\\\/2\\\/2025\\\/12\\\/How-to-Obtain-Your-Glynn-County-Police-Department-Car-Accident-Report.webp\",\"datePublished\":\"2025-12-22T11:27:03+00:00\",\"dateModified\":\"2025-12-22T11:33:02+00:00\",\"description\":\"Obt\u00e9n f\u00e1cilmente tu informe de accidente en el Condado de Glynn. CEO Lawyer Personal Injury Law Firm est\u00e1 listo para ayudarte. \u00a1Ll\u00e1manos ya!\",\"breadcrumb\":{\"@id\":\"https:\\\/\\\/ceolawyer.com\\\/espanol\\\/informe-de-accidente\\\/informe-policial-de-un-accidente-de-auto-en-georgia\\\/glynn-county\\\/#breadcrumb\"},\"inLanguage\":\"en-US\",\"potentialAction\":[{\"@type\":\"ReadAction\",\"target\":[\"https:\\\/\\\/ceolawyer.com\\\/espanol\\\/informe-de-accidente\\\/informe-policial-de-un-accidente-de-auto-en-georgia\\\/glynn-county\\\/\"]}]},{\"@type\":\"ImageObject\",\"inLanguage\":\"en-US\",\"@id\":\"https:\\\/\\\/ceolawyer.com\\\/espanol\\\/informe-de-accidente\\\/informe-policial-de-un-accidente-de-auto-en-georgia\\\/glynn-county\\\/#primaryimage\",\"url\":\"https:\\\/\\\/ceolawyer.com\\\/espanol\\\/wp-content\\\/uploads\\\/sites\\\/2\\\/2025\\\/12\\\/How-to-Obtain-Your-Glynn-County-Police-Department-Car-Accident-Report.webp\",\"contentUrl\":\"https:\\\/\\\/ceolawyer.com\\\/espanol\\\/wp-content\\\/uploads\\\/sites\\\/2\\\/2025\\\/12\\\/How-to-Obtain-Your-Glynn-County-Police-Department-Car-Accident-Report.webp\",\"width\":500,\"height\":300,\"caption\":\"Un veh\u00edculo de patrullaje acerc\u00e1ndose a la escena de un accidente de m\u00faltiples veh\u00edculos en el fondo.\"},{\"@type\":\"BreadcrumbList\",\"@id\":\"https:\\\/\\\/ceolawyer.com\\\/espanol\\\/informe-de-accidente\\\/informe-policial-de-un-accidente-de-auto-en-georgia\\\/glynn-county\\\/#breadcrumb\",\"itemListElement\":[{\"@type\":\"ListItem\",\"position\":1,\"name\":\"Home\",\"item\":\"https:\\\/\\\/ceolawyer.com\\\/espanol\\\/\"},{\"@type\":\"ListItem\",\"position\":2,\"name\":\"Consigue el Reporte Policial de tu Accidente de Auto\",\"item\":\"https:\\\/\\\/ceolawyer.com\\\/espanol\\\/informe-de-accidente\\\/\"},{\"@type\":\"ListItem\",\"position\":3,\"name\":\"C\u00f3mo Solicitar el Informe Policial de un Accidente de Auto en Georgia\",\"item\":\"https:\\\/\\\/ceolawyer.com\\\/espanol\\\/informe-de-accidente\\\/informe-policial-de-un-accidente-de-auto-en-georgia\\\/\"},{\"@type\":\"ListItem\",\"position\":4,\"name\":\"C\u00f3mo Obtener el Informe de tu Accidente de Auto del Departamento de Polic\u00eda del Condado de Glynn\"}]},{\"@type\":\"WebSite\",\"@id\":\"https:\\\/\\\/ceolawyer.com\\\/espanol\\\/#website\",\"url\":\"https:\\\/\\\/ceolawyer.com\\\/espanol\\\/\",\"name\":\"CEO Lawyer\",\"description\":\"Personal Injury Attorney\",\"publisher\":{\"@id\":\"https:\\\/\\\/ceolawyer.com\\\/espanol\\\/#organization\"},\"potentialAction\":[{\"@type\":\"SearchAction\",\"target\":{\"@type\":\"EntryPoint\",\"urlTemplate\":\"https:\\\/\\\/ceolawyer.com\\\/espanol\\\/?s={search_term_string}\"},\"query-input\":{\"@type\":\"PropertyValueSpecification\",\"valueRequired\":true,\"valueName\":\"search_term_string\"}}],\"inLanguage\":\"en-US\"},{\"@type\":\"Organization\",\"@id\":\"https:\\\/\\\/ceolawyer.com\\\/espanol\\\/#organization\",\"name\":\"CEO Lawyer\",\"url\":\"https:\\\/\\\/ceolawyer.com\\\/espanol\\\/\",\"logo\":{\"@type\":\"ImageObject\",\"inLanguage\":\"en-US\",\"@id\":\"https:\\\/\\\/ceolawyer.com\\\/espanol\\\/#\\\/schema\\\/logo\\\/image\\\/\",\"url\":\"https:\\\/\\\/ceolawyer.com\\\/espanol\\\/wp-content\\\/uploads\\\/sites\\\/2\\\/2022\\\/05\\\/CEO_Logo.png\",\"contentUrl\":\"https:\\\/\\\/ceolawyer.com\\\/espanol\\\/wp-content\\\/uploads\\\/sites\\\/2\\\/2022\\\/05\\\/CEO_Logo.png\",\"width\":200,\"height\":108,\"caption\":\"CEO Lawyer\"},\"image\":{\"@id\":\"https:\\\/\\\/ceolawyer.com\\\/espanol\\\/#\\\/schema\\\/logo\\\/image\\\/\"}}]}<\/script>\n<!-- \/ Yoast SEO plugin. -->","yoast_head_json":{"title":"C\u00f3mo Obtener el Informe de tu Accidente de Auto del Departamento de Polic\u00eda del Condado de Glynn | CEO Lawyer","description":"Obt\u00e9n f\u00e1cilmente tu informe de accidente en el Condado de Glynn. CEO Lawyer Personal Injury Law Firm est\u00e1 listo para ayudarte. \u00a1Ll\u00e1manos ya!","robots":{"index":"index","follow":"follow","max-snippet":"max-snippet:-1","max-image-preview":"max-image-preview:large","max-video-preview":"max-video-preview:-1"},"canonical":"https:\/\/ceolawyer.com\/espanol\/informe-de-accidente\/informe-policial-de-un-accidente-de-auto-en-georgia\/glynn-county\/","og_locale":"en_US","og_type":"article","og_title":"C\u00f3mo Obtener el Informe de tu Accidente de Auto del Departamento de Polic\u00eda del Condado de Glynn | CEO Lawyer","og_description":"Obt\u00e9n f\u00e1cilmente tu informe de accidente en el Condado de Glynn. CEO Lawyer Personal Injury Law Firm est\u00e1 listo para ayudarte. \u00a1Ll\u00e1manos ya!","og_url":"https:\/\/ceolawyer.com\/espanol\/informe-de-accidente\/informe-policial-de-un-accidente-de-auto-en-georgia\/glynn-county\/","og_site_name":"CEO Lawyer","article_modified_time":"2025-12-22T11:33:02+00:00","og_image":[{"width":500,"height":300,"url":"https:\/\/ceolawyer.com\/espanol\/wp-content\/uploads\/sites\/2\/2025\/12\/How-to-Obtain-Your-Glynn-County-Police-Department-Car-Accident-Report.webp","type":"image\/webp"}],"twitter_card":"summary_large_image","twitter_misc":{"Est. reading time":"3 minutes"},"schema":{"@context":"https:\/\/schema.org","@graph":[{"@type":"WebPage","@id":"https:\/\/ceolawyer.com\/espanol\/informe-de-accidente\/informe-policial-de-un-accidente-de-auto-en-georgia\/glynn-county\/","url":"https:\/\/ceolawyer.com\/espanol\/informe-de-accidente\/informe-policial-de-un-accidente-de-auto-en-georgia\/glynn-county\/","name":"C\u00f3mo Obtener el Informe de tu Accidente de Auto del Departamento de Polic\u00eda del Condado de Glynn | CEO Lawyer","isPartOf":{"@id":"https:\/\/ceolawyer.com\/espanol\/#website"},"primaryImageOfPage":{"@id":"https:\/\/ceolawyer.com\/espanol\/informe-de-accidente\/informe-policial-de-un-accidente-de-auto-en-georgia\/glynn-county\/#primaryimage"},"image":{"@id":"https:\/\/ceolawyer.com\/espanol\/informe-de-accidente\/informe-policial-de-un-accidente-de-auto-en-georgia\/glynn-county\/#primaryimage"},"thumbnailUrl":"https:\/\/ceolawyer.com\/espanol\/wp-content\/uploads\/sites\/2\/2025\/12\/How-to-Obtain-Your-Glynn-County-Police-Department-Car-Accident-Report.webp","datePublished":"2025-12-22T11:27:03+00:00","dateModified":"2025-12-22T11:33:02+00:00","description":"Obt\u00e9n f\u00e1cilmente tu informe de accidente en el Condado de Glynn. CEO Lawyer Personal Injury Law Firm est\u00e1 listo para ayudarte. \u00a1Ll\u00e1manos ya!","breadcrumb":{"@id":"https:\/\/ceolawyer.com\/espanol\/informe-de-accidente\/informe-policial-de-un-accidente-de-auto-en-georgia\/glynn-county\/#breadcrumb"},"inLanguage":"en-US","potentialAction":[{"@type":"ReadAction","target":["https:\/\/ceolawyer.com\/espanol\/informe-de-accidente\/informe-policial-de-un-accidente-de-auto-en-georgia\/glynn-county\/"]}]},{"@type":"ImageObject","inLanguage":"en-US","@id":"https:\/\/ceolawyer.com\/espanol\/informe-de-accidente\/informe-policial-de-un-accidente-de-auto-en-georgia\/glynn-county\/#primaryimage","url":"https:\/\/ceolawyer.com\/espanol\/wp-content\/uploads\/sites\/2\/2025\/12\/How-to-Obtain-Your-Glynn-County-Police-Department-Car-Accident-Report.webp","contentUrl":"https:\/\/ceolawyer.com\/espanol\/wp-content\/uploads\/sites\/2\/2025\/12\/How-to-Obtain-Your-Glynn-County-Police-Department-Car-Accident-Report.webp","width":500,"height":300,"caption":"Un veh\u00edculo de patrullaje acerc\u00e1ndose a la escena de un accidente de m\u00faltiples veh\u00edculos en el fondo."},{"@type":"BreadcrumbList","@id":"https:\/\/ceolawyer.com\/espanol\/informe-de-accidente\/informe-policial-de-un-accidente-de-auto-en-georgia\/glynn-county\/#breadcrumb","itemListElement":[{"@type":"ListItem","position":1,"name":"Home","item":"https:\/\/ceolawyer.com\/espanol\/"},{"@type":"ListItem","position":2,"name":"Consigue el Reporte Policial de tu Accidente de Auto","item":"https:\/\/ceolawyer.com\/espanol\/informe-de-accidente\/"},{"@type":"ListItem","position":3,"name":"C\u00f3mo Solicitar el Informe Policial de un Accidente de Auto en Georgia","item":"https:\/\/ceolawyer.com\/espanol\/informe-de-accidente\/informe-policial-de-un-accidente-de-auto-en-georgia\/"},{"@type":"ListItem","position":4,"name":"C\u00f3mo Obtener el Informe de tu Accidente de Auto del Departamento de Polic\u00eda del Condado de Glynn"}]},{"@type":"WebSite","@id":"https:\/\/ceolawyer.com\/espanol\/#website","url":"https:\/\/ceolawyer.com\/espanol\/","name":"CEO Lawyer","description":"Personal Injury Attorney","publisher":{"@id":"https:\/\/ceolawyer.com\/espanol\/#organization"},"potentialAction":[{"@type":"SearchAction","target":{"@type":"EntryPoint","urlTemplate":"https:\/\/ceolawyer.com\/espanol\/?s={search_term_string}"},"query-input":{"@type":"PropertyValueSpecification","valueRequired":true,"valueName":"search_term_string"}}],"inLanguage":"en-US"},{"@type":"Organization","@id":"https:\/\/ceolawyer.com\/espanol\/#organization","name":"CEO Lawyer","url":"https:\/\/ceolawyer.com\/espanol\/","logo":{"@type":"ImageObject","inLanguage":"en-US","@id":"https:\/\/ceolawyer.com\/espanol\/#\/schema\/logo\/image\/","url":"https:\/\/ceolawyer.com\/espanol\/wp-content\/uploads\/sites\/2\/2022\/05\/CEO_Logo.png","contentUrl":"https:\/\/ceolawyer.com\/espanol\/wp-content\/uploads\/sites\/2\/2022\/05\/CEO_Logo.png","width":200,"height":108,"caption":"CEO Lawyer"},"image":{"@id":"https:\/\/ceolawyer.com\/espanol\/#\/schema\/logo\/image\/"}}]}},"_links":{"self":[{"href":"https:\/\/ceolawyer.com\/espanol\/wp-json\/wp\/v2\/pages\/12867","targetHints":{"allow":["GET"]}}],"collection":[{"href":"https:\/\/ceolawyer.com\/espanol\/wp-json\/wp\/v2\/pages"}],"about":[{"href":"https:\/\/ceolawyer.com\/espanol\/wp-json\/wp\/v2\/types\/page"}],"author":[{"embeddable":true,"href":"https:\/\/ceolawyer.com\/espanol\/wp-json\/wp\/v2\/users\/18"}],"replies":[{"embeddable":true,"href":"https:\/\/ceolawyer.com\/espanol\/wp-json\/wp\/v2\/comments?post=12867"}],"version-history":[{"count":0,"href":"https:\/\/ceolawyer.com\/espanol\/wp-json\/wp\/v2\/pages\/12867\/revisions"}],"up":[{"embeddable":true,"href":"https:\/\/ceolawyer.com\/espanol\/wp-json\/wp\/v2\/pages\/12737"}],"wp:featuredmedia":[{"embeddable":true,"href":"https:\/\/ceolawyer.com\/espanol\/wp-json\/wp\/v2\/media\/12869"}],"wp:attachment":[{"href":"https:\/\/ceolawyer.com\/espanol\/wp-json\/wp\/v2\/media?parent=12867"}],"curies":[{"name":"wp","href":"https:\/\/api.w.org\/{rel}","templated":true}]}}