{"id":12870,"date":"2025-12-22T11:34:33","date_gmt":"2025-12-22T11:34:33","guid":{"rendered":"https:\/\/ceolawyer.com\/espanol\/?page_id=12870"},"modified":"2026-01-23T18:03:43","modified_gmt":"2026-01-23T18:03:43","slug":"gordon-county","status":"publish","type":"page","link":"https:\/\/ceolawyer.com\/espanol\/informe-de-accidente\/informe-policial-de-un-accidente-de-auto-en-georgia\/gordon-county\/","title":{"rendered":"C\u00f3mo Obtener el Informe de tu Accidente de Auto de la Oficina del Sheriff del Condado de Gordon"},"content":{"rendered":"<p><img decoding=\"async\" class=\"alignright size-full wp-image-12872\" src=\"https:\/\/ceolawyer.com\/espanol\/wp-content\/uploads\/sites\/2\/2025\/12\/How-to-Obtain-Your-Gordon-County-Sheriffs-Office-Car-Accident-Report.webp\" alt=\"Una toma con poca profundidad de campo, mostrando a un oficial de polic\u00eda saliendo de su veh\u00edculo para responder a un accidente.\" width=\"500\" height=\"300\" srcset=\"https:\/\/ceolawyer.com\/espanol\/wp-content\/uploads\/sites\/2\/2025\/12\/How-to-Obtain-Your-Gordon-County-Sheriffs-Office-Car-Accident-Report.webp 500w, https:\/\/ceolawyer.com\/espanol\/wp-content\/uploads\/sites\/2\/2025\/12\/How-to-Obtain-Your-Gordon-County-Sheriffs-Office-Car-Accident-Report-300x180.webp 300w\" sizes=\"(max-width: 500px) 100vw, 500px\" \/>Sufrir un accidente de tr\u00e1fico en el Condado de Gordon puede ser una situaci\u00f3n complicada. Pero, algo importante que debes hacer es solicitar una copia del reporte policial emitido por la Oficina del Sheriff.<\/p>\n<p>Este informe es un registro importante del accidente y puede impactar tu reclamo del seguro o las acciones legales que decidas tomar.<\/p>\n<h3>\u00bfPor qu\u00e9 es importante?<\/h3>\n<p>El informe del accidente contiene informaci\u00f3n clave como:<\/p>\n<ul>\n<li>Fecha, hora y lugar del accidente.<\/li>\n<li>Informaci\u00f3n sobre los involucrados<\/li>\n<li>Declaraciones de testigos<\/li>\n<li>Evaluaci\u00f3n del agente de polic\u00eda que redact\u00f3 el informe.<\/li>\n<\/ul>\n<p>Toda esta informaci\u00f3n es esencial para cualquier proceso que derive del accidente.<\/p>\n<h2>M\u00e9todos para solicitar una copia del informe<\/h2>\n<h3>En l\u00ednea<\/h3>\n<p>La Oficina del Sheriff del Condado de Gordon ofrece un m\u00e9todo f\u00e1cil y conveniente para obtener el informe de tu accidente:<\/p>\n<ol>\n<li>Visita el sitio oficial de la <a href=\"https:\/\/gordonsheriff.org\/resources\/request-incident-accident-reports\/\">Oficina del Sheriff<\/a>.<\/li>\n<li>Llena el formulario con los datos del accidente.<\/li>\n<li>Espec\u00edfica que presentar\u00e1s tu solicitud en l\u00ednea.<\/li>\n<li>Env\u00eda tu solicitud.<\/li>\n<\/ol>\n<p>La oficina procesar\u00e1 tu solicitud y recibir\u00e1s instrucciones sobre c\u00f3mo tener acceso y descargar el reporte una vez que est\u00e9 disponible.<\/p>\n<p>Tambi\u00e9n puedes solicitar el informe a trav\u00e9s de <a href=\"https:\/\/buycrash.lexisnexisrisk.com\/ui\/home\">BuyCrash<\/a>. Esto es lo que debes hacer:<\/p>\n<ol>\n<li>Ingresa al sitio de BuyCrash y selecciona \u201cGeorgia\u201d como estado.<\/li>\n<li>En el segundo men\u00fa desplegable, elige \u201cGordon County Sheriff\u2019s Office\u201d como la jurisdicci\u00f3n que investig\u00f3 el accidente.<\/li>\n<li>Da clic en \u201cStart Search\u201d.<\/li>\n<li>Ingresa los siguientes datos:<\/li>\n<\/ol>\n<ul>\n<li>Apellido<\/li>\n<li>Fecha del accidente<\/li>\n<li>N\u00famero del reporte (si lo tienes)<\/li>\n<li>N\u00famero de Identificaci\u00f3n del Veh\u00edculo<\/li>\n<li>N\u00famero de licencia de conducir<\/li>\n<\/ul>\n<p><em>Nota: Este servicio puede incluir una tarifa<\/em><\/p>\n<h3>En persona<\/h3>\n<p>Si prefieres, puedes acudir directamente a la Oficina del Sheriff del Condado de Gordon: 2700 Highway 41 North, Calhoun, GA 30701, de lunes a viernes de 8:30AM a 5PM.<\/p>\n<ul>\n<li>Solicita una copia del informe de tu accidente a la Divisi\u00f3n de Registros.<\/li>\n<li><a href=\"https:\/\/gordonsheriff.org\/resources\/request-incident-accident-reports\/\">Llena el formato<\/a> con la informaci\u00f3n del accidente.<\/li>\n<li>Entrega el formulario y paga cualquier tarifa que te solicitan.<\/li>\n<\/ul>\n<h3>Por correo postal<\/h3>\n<p>Si no puedes acudir a las oficinas del Sheriff, tambi\u00e9n puedes solicitar la copia del informe por correo. Sigue estas instrucciones:<\/p>\n<ol>\n<li>Ve al sitio con el <a href=\"https:\/\/gordonsheriff.org\/resources\/request-incident-accident-reports\/\">formato de solicitud<\/a>.<\/li>\n<li>Ll\u00e9nalo y especifica que presentar\u00e1s tu solicitud por correo.<\/li>\n<li>Imprime el formato y m\u00e1ndalo a: 700 Highway 41 North, Calhoun, GA 30701.<\/li>\n<li>Aseg\u00farate de incluir cualquier tarifa con tu solicitud.<\/li>\n<\/ol>\n<h3>Por tel\u00e9fono<\/h3>\n<p>Si tienes dudas sobre el proceso de solicitud o necesitas ayuda, puedes contactar a la Oficina del Sheriff al: <a href=\"tel:+17068795450\">(706) 879-5450<\/a>. Su personal podr\u00e1 darte la informaci\u00f3n que necesitas para seguir con el proceso y contestar cualquier pregunta.<\/p>\n<h4>Qu\u00e9 vas a necesitar:<\/h4>\n<p>Para hacer ese proceso m\u00e1s f\u00e1cil, aseg\u00farate de tener la siguiente informaci\u00f3n a la mano:<\/p>\n<ul>\n<li>Fecha y hora del accidente.<\/li>\n<li>Tu nombre completo e informaci\u00f3n de contacto.<\/li>\n<li>Informaci\u00f3n sobre los otros involucrados.<\/li>\n<li>Detalles de los veh\u00edculos y de las compa\u00f1\u00edas de seguros.<\/li>\n<\/ul>\n<h3>Qu\u00e9 esperar<\/h3>\n<p>Una vez que hayas enviado tu solicitud, la Oficina del Sheriff la procesar\u00e1. Debes tener en cuenta que:<\/p>\n<ul>\n<li>El tiempo de espera puede variar. Generalmente, tarda entre 3 y 5 d\u00edas h\u00e1biles.<\/li>\n<li>Puede haber cargos asociados con la solicitud. Aseg\u00farate de contar con los fondos suficientes antes de hacer tu solicitud.<\/li>\n<li>Al momento de recibir la confirmaci\u00f3n de tu solicitud pueden venir instrucciones sobre c\u00f3mo acceder al reporte.<\/li>\n<\/ul>\n<h2>C\u00f3mo armar tu propio reporte del accidente<\/h2>\n<p>Aunque no sustituir\u00e1 un informe oficial, crear tu propia versi\u00f3n puede ser \u00fatil. Esta es la informaci\u00f3n que debes incluir:<\/p>\n<h3>Datos personales<\/h3>\n<ul>\n<li>Tu nombre completo, direcci\u00f3n, n\u00famero de tel\u00e9fono y correo electr\u00f3nico.<\/li>\n<li>N\u00famero de licencia de conducir.<\/li>\n<li>Informaci\u00f3n sobre tu compa\u00f1\u00eda de seguros (nombre, n\u00famero de p\u00f3liza).<\/li>\n<\/ul>\n<h3>Detalles del accidente<\/h3>\n<ul>\n<li>Fecha, hora y lugar del accidente<\/li>\n<li>Condiciones clim\u00e1ticas y viales (si estaba lloviendo, o era un d\u00eda soleado, si el pavimento estaba mojado, etc.).<\/li>\n<li>Una descripci\u00f3n clara de lo que sucedi\u00f3 antes, durante y despu\u00e9s del choque.<\/li>\n<\/ul>\n<h3>Informaci\u00f3n de tu veh\u00edculo<\/h3>\n<ul>\n<li>De tu auto (marca, modelo, a\u00f1o, color, matr\u00edcula y N\u00famero de Identificaci\u00f3n del Veh\u00edculo).<\/li>\n<li>Una descripci\u00f3n de todos los da\u00f1os.<\/li>\n<li>Informaci\u00f3n del otro conductor (si la tienes):\n<ul>\n<li>Nombre, direcci\u00f3n, n\u00famero de tel\u00e9fono, informaci\u00f3n sobre su seguro.<\/li>\n<li>Informaci\u00f3n del veh\u00edculo (marca, modelo, a\u00f1o, color, matr\u00edcula).<\/li>\n<\/ul>\n<\/li>\n<\/ul>\n<h3>Informaci\u00f3n de testigos (si est\u00e1 disponible)<\/h3>\n<ul>\n<li>Informaci\u00f3n personal y de contacto de cada testigo.<\/li>\n<li>Si es posible, incluye declaraciones por escrito de los testigos sobre los hechos.<\/li>\n<\/ul>\n<h3>Da\u00f1os y lesiones<\/h3>\n<ul>\n<li>Una lista de todas las heridas que sufriste o quienes iban contigo.<\/li>\n<li>Otra lista sobre las lesiones de los otros involucrados en el accidente.<\/li>\n<li>Una descripci\u00f3n de los da\u00f1os a todos los veh\u00edculos.<\/li>\n<\/ul>\n<h3>Fotograf\u00edas y diagramas<\/h3>\n<ul>\n<li>Toma fotos de la escena del accidente, incluyendo los da\u00f1os a tu veh\u00edculo y las lesiones.<\/li>\n<li>Si puedes, crea una representaci\u00f3n visual de las posiciones de los autom\u00f3viles, trayectorias y puntos de impacto.<\/li>\n<\/ul>\n<h3>Polic\u00eda y servicios de emergencia<\/h3>\n<ul>\n<li>Nombre del agente de polic\u00eda que lleg\u00f3 a la escena.<\/li>\n<li>N\u00famero del reporte del caso (si uno fue redactado).<\/li>\n<li>Detalles del servicio de emergencia (ambulancia, departamento de bomberos).<\/li>\n<\/ul>\n<h2>C\u00f3mo protegerte legalmente en caso de que el informe tenga informaci\u00f3n incorrecta o le faltan detalles<\/h2>\n<p>Estas discrepancias en el informe pueden complicar tu caso. Sigue estas instrucciones para que tus derechos sean protegidos:<\/p>\n<ul>\n<li>Revisa el informe y documenta todos los errores.<\/li>\n<li>Inf\u00f3rmale a tu compa\u00f1\u00eda de seguros.<\/li>\n<li>Tambi\u00e9n a tu asesor legal.<\/li>\n<li>Mant\u00e9n un registro ordenado (gastos m\u00e9dicos, reparaciones, etc.).<\/li>\n<li>Mantente en contacto con la oficina del Sheriff, tu compa\u00f1\u00eda de seguros y tu abogado.<\/li>\n<\/ul>\n<h2>Por qu\u00e9 un abogado de accidentes de auto es lo que necesitas<\/h2>\n<p>Un accidente de tr\u00e1fico puede ser algo abrumador y un abogado con amplia experiencia en accidentes de auto puede ayudarte en este momento dif\u00edcil:<\/p>\n<ul>\n<li>Un abogado podr\u00e1 evaluar tu caso y ofrecerte apoyo.<\/li>\n<li>Se encargar\u00e1 de negociar y mantenerse en comunicaci\u00f3n con tu compa\u00f1\u00eda de seguro y los abogados de la parte contraria.<\/li>\n<li>Armar un caso s\u00f3lido para que recibas la compensaci\u00f3n justa posible.<\/li>\n<li>En Georgia, la mayor\u00eda de los abogados con experiencia en accidentes de auto trabajan bajo honorarios condicionales. Esto quiere decir que s\u00f3lo pagar\u00e1s por sus servicios cuando recibas tu compensaci\u00f3n.<\/li>\n<\/ul>\n<p>Para m\u00e1s informaci\u00f3n, contacta a CEO Lawyer Personal Injury Law Firm al <a href=\"tel:+14708229057\"><strong>(470) 822-9057<\/strong><\/a>.<\/p>\n","protected":false},"excerpt":{"rendered":"<p>Sufrir un accidente de tr\u00e1fico en el Condado de Gordon puede ser una situaci\u00f3n complicada. Pero, algo importante que debes hacer es solicitar una copia del reporte policial emitido por la Oficina del Sheriff. Este informe es un registro importante del accidente y puede impactar tu reclamo del seguro o las acciones legales que decidas [&hellip;]<\/p>\n","protected":false},"author":18,"featured_media":12872,"parent":12737,"menu_order":0,"comment_status":"closed","ping_status":"closed","template":"","meta":{"_acf_changed":false,"footnotes":""},"class_list":["post-12870","page","type-page","status-publish","has-post-thumbnail","hentry"],"acf":[],"yoast_head":"<!-- This site is optimized with the Yoast SEO plugin v27.5 - https:\/\/yoast.com\/product\/yoast-seo-wordpress\/ -->\n<title>C\u00f3mo Obtener el Informe de tu Accidente de Auto de la Oficina del Sheriff del Condado de Gordon | CEO Lawyer<\/title>\n<meta name=\"description\" content=\"\u00bfAccidente en el Condado de Gordon? Aprende c\u00f3mo obtener tu informe. Contacta a CEO Lawyer Personal Injury Law Firm para asistencia legal hoy mismo.\" \/>\n<meta name=\"robots\" content=\"index, follow, max-snippet:-1, max-image-preview:large, max-video-preview:-1\" \/>\n<link rel=\"canonical\" href=\"https:\/\/ceolawyer.com\/espanol\/informe-de-accidente\/informe-policial-de-un-accidente-de-auto-en-georgia\/gordon-county\/\" \/>\n<meta property=\"og:locale\" content=\"en_US\" \/>\n<meta property=\"og:type\" content=\"article\" \/>\n<meta property=\"og:title\" content=\"C\u00f3mo Obtener el Informe de tu Accidente de Auto de la Oficina del Sheriff del Condado de Gordon | CEO Lawyer\" \/>\n<meta property=\"og:description\" content=\"\u00bfAccidente en el Condado de Gordon? Aprende c\u00f3mo obtener tu informe. Contacta a CEO Lawyer Personal Injury Law Firm para asistencia legal hoy mismo.\" \/>\n<meta property=\"og:url\" content=\"https:\/\/ceolawyer.com\/espanol\/informe-de-accidente\/informe-policial-de-un-accidente-de-auto-en-georgia\/gordon-county\/\" \/>\n<meta property=\"og:site_name\" content=\"CEO Lawyer\" \/>\n<meta property=\"article:modified_time\" content=\"2026-01-23T18:03:43+00:00\" \/>\n<meta property=\"og:image\" content=\"https:\/\/ceolawyer.com\/espanol\/wp-content\/uploads\/sites\/2\/2025\/12\/How-to-Obtain-Your-Gordon-County-Sheriffs-Office-Car-Accident-Report.webp\" \/>\n\t<meta property=\"og:image:width\" content=\"500\" \/>\n\t<meta property=\"og:image:height\" content=\"300\" \/>\n\t<meta property=\"og:image:type\" content=\"image\/webp\" \/>\n<meta name=\"twitter:card\" content=\"summary_large_image\" \/>\n<meta name=\"twitter:label1\" content=\"Est. reading time\" \/>\n\t<meta name=\"twitter:data1\" content=\"5 minutes\" \/>\n<script type=\"application\/ld+json\" class=\"yoast-schema-graph\">{\"@context\":\"https:\\\/\\\/schema.org\",\"@graph\":[{\"@type\":\"WebPage\",\"@id\":\"https:\\\/\\\/ceolawyer.com\\\/espanol\\\/informe-de-accidente\\\/informe-policial-de-un-accidente-de-auto-en-georgia\\\/gordon-county\\\/\",\"url\":\"https:\\\/\\\/ceolawyer.com\\\/espanol\\\/informe-de-accidente\\\/informe-policial-de-un-accidente-de-auto-en-georgia\\\/gordon-county\\\/\",\"name\":\"C\u00f3mo Obtener el Informe de tu Accidente de Auto de la Oficina del Sheriff del Condado de Gordon | CEO Lawyer\",\"isPartOf\":{\"@id\":\"https:\\\/\\\/ceolawyer.com\\\/espanol\\\/#website\"},\"primaryImageOfPage\":{\"@id\":\"https:\\\/\\\/ceolawyer.com\\\/espanol\\\/informe-de-accidente\\\/informe-policial-de-un-accidente-de-auto-en-georgia\\\/gordon-county\\\/#primaryimage\"},\"image\":{\"@id\":\"https:\\\/\\\/ceolawyer.com\\\/espanol\\\/informe-de-accidente\\\/informe-policial-de-un-accidente-de-auto-en-georgia\\\/gordon-county\\\/#primaryimage\"},\"thumbnailUrl\":\"https:\\\/\\\/ceolawyer.com\\\/espanol\\\/wp-content\\\/uploads\\\/sites\\\/2\\\/2025\\\/12\\\/How-to-Obtain-Your-Gordon-County-Sheriffs-Office-Car-Accident-Report.webp\",\"datePublished\":\"2025-12-22T11:34:33+00:00\",\"dateModified\":\"2026-01-23T18:03:43+00:00\",\"description\":\"\u00bfAccidente en el Condado de Gordon? Aprende c\u00f3mo obtener tu informe. Contacta a CEO Lawyer Personal Injury Law Firm para asistencia legal hoy mismo.\",\"breadcrumb\":{\"@id\":\"https:\\\/\\\/ceolawyer.com\\\/espanol\\\/informe-de-accidente\\\/informe-policial-de-un-accidente-de-auto-en-georgia\\\/gordon-county\\\/#breadcrumb\"},\"inLanguage\":\"en-US\",\"potentialAction\":[{\"@type\":\"ReadAction\",\"target\":[\"https:\\\/\\\/ceolawyer.com\\\/espanol\\\/informe-de-accidente\\\/informe-policial-de-un-accidente-de-auto-en-georgia\\\/gordon-county\\\/\"]}]},{\"@type\":\"ImageObject\",\"inLanguage\":\"en-US\",\"@id\":\"https:\\\/\\\/ceolawyer.com\\\/espanol\\\/informe-de-accidente\\\/informe-policial-de-un-accidente-de-auto-en-georgia\\\/gordon-county\\\/#primaryimage\",\"url\":\"https:\\\/\\\/ceolawyer.com\\\/espanol\\\/wp-content\\\/uploads\\\/sites\\\/2\\\/2025\\\/12\\\/How-to-Obtain-Your-Gordon-County-Sheriffs-Office-Car-Accident-Report.webp\",\"contentUrl\":\"https:\\\/\\\/ceolawyer.com\\\/espanol\\\/wp-content\\\/uploads\\\/sites\\\/2\\\/2025\\\/12\\\/How-to-Obtain-Your-Gordon-County-Sheriffs-Office-Car-Accident-Report.webp\",\"width\":500,\"height\":300,\"caption\":\"Una toma con poca profundidad de campo, mostrando a un oficial de polic\u00eda saliendo de su veh\u00edculo para responder a un accidente.\"},{\"@type\":\"BreadcrumbList\",\"@id\":\"https:\\\/\\\/ceolawyer.com\\\/espanol\\\/informe-de-accidente\\\/informe-policial-de-un-accidente-de-auto-en-georgia\\\/gordon-county\\\/#breadcrumb\",\"itemListElement\":[{\"@type\":\"ListItem\",\"position\":1,\"name\":\"Home\",\"item\":\"https:\\\/\\\/ceolawyer.com\\\/espanol\\\/\"},{\"@type\":\"ListItem\",\"position\":2,\"name\":\"Consigue el Reporte Policial de tu Accidente de Auto\",\"item\":\"https:\\\/\\\/ceolawyer.com\\\/espanol\\\/informe-de-accidente\\\/\"},{\"@type\":\"ListItem\",\"position\":3,\"name\":\"C\u00f3mo Solicitar el Informe Policial de un Accidente de Auto en Georgia\",\"item\":\"https:\\\/\\\/ceolawyer.com\\\/espanol\\\/informe-de-accidente\\\/informe-policial-de-un-accidente-de-auto-en-georgia\\\/\"},{\"@type\":\"ListItem\",\"position\":4,\"name\":\"C\u00f3mo Obtener el Informe de tu Accidente de Auto de la Oficina del Sheriff del Condado de Gordon\"}]},{\"@type\":\"WebSite\",\"@id\":\"https:\\\/\\\/ceolawyer.com\\\/espanol\\\/#website\",\"url\":\"https:\\\/\\\/ceolawyer.com\\\/espanol\\\/\",\"name\":\"CEO Lawyer\",\"description\":\"Personal Injury Attorney\",\"publisher\":{\"@id\":\"https:\\\/\\\/ceolawyer.com\\\/espanol\\\/#organization\"},\"potentialAction\":[{\"@type\":\"SearchAction\",\"target\":{\"@type\":\"EntryPoint\",\"urlTemplate\":\"https:\\\/\\\/ceolawyer.com\\\/espanol\\\/?s={search_term_string}\"},\"query-input\":{\"@type\":\"PropertyValueSpecification\",\"valueRequired\":true,\"valueName\":\"search_term_string\"}}],\"inLanguage\":\"en-US\"},{\"@type\":\"Organization\",\"@id\":\"https:\\\/\\\/ceolawyer.com\\\/espanol\\\/#organization\",\"name\":\"CEO Lawyer\",\"url\":\"https:\\\/\\\/ceolawyer.com\\\/espanol\\\/\",\"logo\":{\"@type\":\"ImageObject\",\"inLanguage\":\"en-US\",\"@id\":\"https:\\\/\\\/ceolawyer.com\\\/espanol\\\/#\\\/schema\\\/logo\\\/image\\\/\",\"url\":\"https:\\\/\\\/ceolawyer.com\\\/espanol\\\/wp-content\\\/uploads\\\/sites\\\/2\\\/2022\\\/05\\\/CEO_Logo.png\",\"contentUrl\":\"https:\\\/\\\/ceolawyer.com\\\/espanol\\\/wp-content\\\/uploads\\\/sites\\\/2\\\/2022\\\/05\\\/CEO_Logo.png\",\"width\":200,\"height\":108,\"caption\":\"CEO Lawyer\"},\"image\":{\"@id\":\"https:\\\/\\\/ceolawyer.com\\\/espanol\\\/#\\\/schema\\\/logo\\\/image\\\/\"}}]}<\/script>\n<!-- \/ Yoast SEO plugin. -->","yoast_head_json":{"title":"C\u00f3mo Obtener el Informe de tu Accidente de Auto de la Oficina del Sheriff del Condado de Gordon | CEO Lawyer","description":"\u00bfAccidente en el Condado de Gordon? Aprende c\u00f3mo obtener tu informe. Contacta a CEO Lawyer Personal Injury Law Firm para asistencia legal hoy mismo.","robots":{"index":"index","follow":"follow","max-snippet":"max-snippet:-1","max-image-preview":"max-image-preview:large","max-video-preview":"max-video-preview:-1"},"canonical":"https:\/\/ceolawyer.com\/espanol\/informe-de-accidente\/informe-policial-de-un-accidente-de-auto-en-georgia\/gordon-county\/","og_locale":"en_US","og_type":"article","og_title":"C\u00f3mo Obtener el Informe de tu Accidente de Auto de la Oficina del Sheriff del Condado de Gordon | CEO Lawyer","og_description":"\u00bfAccidente en el Condado de Gordon? Aprende c\u00f3mo obtener tu informe. Contacta a CEO Lawyer Personal Injury Law Firm para asistencia legal hoy mismo.","og_url":"https:\/\/ceolawyer.com\/espanol\/informe-de-accidente\/informe-policial-de-un-accidente-de-auto-en-georgia\/gordon-county\/","og_site_name":"CEO Lawyer","article_modified_time":"2026-01-23T18:03:43+00:00","og_image":[{"width":500,"height":300,"url":"https:\/\/ceolawyer.com\/espanol\/wp-content\/uploads\/sites\/2\/2025\/12\/How-to-Obtain-Your-Gordon-County-Sheriffs-Office-Car-Accident-Report.webp","type":"image\/webp"}],"twitter_card":"summary_large_image","twitter_misc":{"Est. reading time":"5 minutes"},"schema":{"@context":"https:\/\/schema.org","@graph":[{"@type":"WebPage","@id":"https:\/\/ceolawyer.com\/espanol\/informe-de-accidente\/informe-policial-de-un-accidente-de-auto-en-georgia\/gordon-county\/","url":"https:\/\/ceolawyer.com\/espanol\/informe-de-accidente\/informe-policial-de-un-accidente-de-auto-en-georgia\/gordon-county\/","name":"C\u00f3mo Obtener el Informe de tu Accidente de Auto de la Oficina del Sheriff del Condado de Gordon | CEO Lawyer","isPartOf":{"@id":"https:\/\/ceolawyer.com\/espanol\/#website"},"primaryImageOfPage":{"@id":"https:\/\/ceolawyer.com\/espanol\/informe-de-accidente\/informe-policial-de-un-accidente-de-auto-en-georgia\/gordon-county\/#primaryimage"},"image":{"@id":"https:\/\/ceolawyer.com\/espanol\/informe-de-accidente\/informe-policial-de-un-accidente-de-auto-en-georgia\/gordon-county\/#primaryimage"},"thumbnailUrl":"https:\/\/ceolawyer.com\/espanol\/wp-content\/uploads\/sites\/2\/2025\/12\/How-to-Obtain-Your-Gordon-County-Sheriffs-Office-Car-Accident-Report.webp","datePublished":"2025-12-22T11:34:33+00:00","dateModified":"2026-01-23T18:03:43+00:00","description":"\u00bfAccidente en el Condado de Gordon? Aprende c\u00f3mo obtener tu informe. Contacta a CEO Lawyer Personal Injury Law Firm para asistencia legal hoy mismo.","breadcrumb":{"@id":"https:\/\/ceolawyer.com\/espanol\/informe-de-accidente\/informe-policial-de-un-accidente-de-auto-en-georgia\/gordon-county\/#breadcrumb"},"inLanguage":"en-US","potentialAction":[{"@type":"ReadAction","target":["https:\/\/ceolawyer.com\/espanol\/informe-de-accidente\/informe-policial-de-un-accidente-de-auto-en-georgia\/gordon-county\/"]}]},{"@type":"ImageObject","inLanguage":"en-US","@id":"https:\/\/ceolawyer.com\/espanol\/informe-de-accidente\/informe-policial-de-un-accidente-de-auto-en-georgia\/gordon-county\/#primaryimage","url":"https:\/\/ceolawyer.com\/espanol\/wp-content\/uploads\/sites\/2\/2025\/12\/How-to-Obtain-Your-Gordon-County-Sheriffs-Office-Car-Accident-Report.webp","contentUrl":"https:\/\/ceolawyer.com\/espanol\/wp-content\/uploads\/sites\/2\/2025\/12\/How-to-Obtain-Your-Gordon-County-Sheriffs-Office-Car-Accident-Report.webp","width":500,"height":300,"caption":"Una toma con poca profundidad de campo, mostrando a un oficial de polic\u00eda saliendo de su veh\u00edculo para responder a un accidente."},{"@type":"BreadcrumbList","@id":"https:\/\/ceolawyer.com\/espanol\/informe-de-accidente\/informe-policial-de-un-accidente-de-auto-en-georgia\/gordon-county\/#breadcrumb","itemListElement":[{"@type":"ListItem","position":1,"name":"Home","item":"https:\/\/ceolawyer.com\/espanol\/"},{"@type":"ListItem","position":2,"name":"Consigue el Reporte Policial de tu Accidente de Auto","item":"https:\/\/ceolawyer.com\/espanol\/informe-de-accidente\/"},{"@type":"ListItem","position":3,"name":"C\u00f3mo Solicitar el Informe Policial de un Accidente de Auto en Georgia","item":"https:\/\/ceolawyer.com\/espanol\/informe-de-accidente\/informe-policial-de-un-accidente-de-auto-en-georgia\/"},{"@type":"ListItem","position":4,"name":"C\u00f3mo Obtener el Informe de tu Accidente de Auto de la Oficina del Sheriff del Condado de Gordon"}]},{"@type":"WebSite","@id":"https:\/\/ceolawyer.com\/espanol\/#website","url":"https:\/\/ceolawyer.com\/espanol\/","name":"CEO Lawyer","description":"Personal Injury Attorney","publisher":{"@id":"https:\/\/ceolawyer.com\/espanol\/#organization"},"potentialAction":[{"@type":"SearchAction","target":{"@type":"EntryPoint","urlTemplate":"https:\/\/ceolawyer.com\/espanol\/?s={search_term_string}"},"query-input":{"@type":"PropertyValueSpecification","valueRequired":true,"valueName":"search_term_string"}}],"inLanguage":"en-US"},{"@type":"Organization","@id":"https:\/\/ceolawyer.com\/espanol\/#organization","name":"CEO Lawyer","url":"https:\/\/ceolawyer.com\/espanol\/","logo":{"@type":"ImageObject","inLanguage":"en-US","@id":"https:\/\/ceolawyer.com\/espanol\/#\/schema\/logo\/image\/","url":"https:\/\/ceolawyer.com\/espanol\/wp-content\/uploads\/sites\/2\/2022\/05\/CEO_Logo.png","contentUrl":"https:\/\/ceolawyer.com\/espanol\/wp-content\/uploads\/sites\/2\/2022\/05\/CEO_Logo.png","width":200,"height":108,"caption":"CEO Lawyer"},"image":{"@id":"https:\/\/ceolawyer.com\/espanol\/#\/schema\/logo\/image\/"}}]}},"_links":{"self":[{"href":"https:\/\/ceolawyer.com\/espanol\/wp-json\/wp\/v2\/pages\/12870","targetHints":{"allow":["GET"]}}],"collection":[{"href":"https:\/\/ceolawyer.com\/espanol\/wp-json\/wp\/v2\/pages"}],"about":[{"href":"https:\/\/ceolawyer.com\/espanol\/wp-json\/wp\/v2\/types\/page"}],"author":[{"embeddable":true,"href":"https:\/\/ceolawyer.com\/espanol\/wp-json\/wp\/v2\/users\/18"}],"replies":[{"embeddable":true,"href":"https:\/\/ceolawyer.com\/espanol\/wp-json\/wp\/v2\/comments?post=12870"}],"version-history":[{"count":0,"href":"https:\/\/ceolawyer.com\/espanol\/wp-json\/wp\/v2\/pages\/12870\/revisions"}],"up":[{"embeddable":true,"href":"https:\/\/ceolawyer.com\/espanol\/wp-json\/wp\/v2\/pages\/12737"}],"wp:featuredmedia":[{"embeddable":true,"href":"https:\/\/ceolawyer.com\/espanol\/wp-json\/wp\/v2\/media\/12872"}],"wp:attachment":[{"href":"https:\/\/ceolawyer.com\/espanol\/wp-json\/wp\/v2\/media?parent=12870"}],"curies":[{"name":"wp","href":"https:\/\/api.w.org\/{rel}","templated":true}]}}