{"id":12879,"date":"2025-12-22T11:51:28","date_gmt":"2025-12-22T11:51:28","guid":{"rendered":"https:\/\/ceolawyer.com\/espanol\/?page_id=12879"},"modified":"2026-01-23T18:05:12","modified_gmt":"2026-01-23T18:05:12","slug":"hazlehurst","status":"publish","type":"page","link":"https:\/\/ceolawyer.com\/espanol\/informe-de-accidente\/informe-policial-de-un-accidente-de-auto-en-georgia\/hazlehurst\/","title":{"rendered":"C\u00f3mo Obtener el Informe de tu Accidente de Auto del Departamento de Polic\u00eda de Hazlehurst"},"content":{"rendered":"<p><img decoding=\"async\" class=\"alignright size-full wp-image-12881\" src=\"https:\/\/ceolawyer.com\/espanol\/wp-content\/uploads\/sites\/2\/2025\/12\/How-to-Obtain-Your-Hazlehurst-Police-Department-Car-Accident-Report.webp\" alt=\"Un oficial de patrulla de pie junto a un cono de tr\u00e1fico naranja vigilando la escena de un accidente. \" width=\"500\" height=\"300\" srcset=\"https:\/\/ceolawyer.com\/espanol\/wp-content\/uploads\/sites\/2\/2025\/12\/How-to-Obtain-Your-Hazlehurst-Police-Department-Car-Accident-Report.webp 500w, https:\/\/ceolawyer.com\/espanol\/wp-content\/uploads\/sites\/2\/2025\/12\/How-to-Obtain-Your-Hazlehurst-Police-Department-Car-Accident-Report-300x180.webp 300w\" sizes=\"(max-width: 500px) 100vw, 500px\" \/>Un accidente de tr\u00e1fico puede hacer que tu d\u00eda se arruine por completo. Las secuelas pueden ser confusas y estresantes, dej\u00e1ndote sin saber qu\u00e9 paso dar.<\/p>\n<p>Entre la adrenalina y los da\u00f1os a tu auto, es f\u00e1cil sentirse abrumado. \u00bfNuestro consejo? Consigue la copia del informe de tu accidente.<\/p>\n<h3>\u00bfPor qu\u00e9 es importante?<\/h3>\n<p>Este documento oficial incluye detalles importantes sobre el accidente, desde la fecha, hora y lugar, hasta qui\u00e9nes estuvieron involucrados, qui\u00e9n result\u00f3 herido y un recuento de lo que pas\u00f3.<\/p>\n<p>Tambi\u00e9n es importante porque:<\/p>\n<ul>\n<li>Las compa\u00f1\u00edas de seguro utilizan la informaci\u00f3n para calcular la gravedad de los da\u00f1os y la compensaci\u00f3n que recibir\u00e1s.<\/li>\n<li>Si tu caso se complica y debes empezar un proceso legal, el informe se convertir\u00e1 en parte de la evidencia que tu equipo legal utilizar\u00e1 para presentar tu caso.<\/li>\n<li>Tambi\u00e9n sirve como parte de tu registro personal y futuras referencias.<\/li>\n<\/ul>\n<h2>M\u00e9todos para solicitar el informe del accidente<\/h2>\n<h3>En l\u00ednea<\/h3>\n<p>Este es el m\u00e9todo m\u00e1s conveniente para conseguir una copia del informe. Para hacerlo, sigue estas instrucciones:<\/p>\n<ol>\n<li>Descarga el formulario de Solicitud de Registros P\u00fablicos.<\/li>\n<li>Ll\u00e9nalo con la informaci\u00f3n requerida, incluyendo detalles espec\u00edficos del accidente y de contacto.<\/li>\n<li>Env\u00eda el formulario a: <a href=\"mailto:openrecords@hazlehurstga.gov\">openrecords@hazlehurstga.gov<\/a>.<\/li>\n<\/ol>\n<p>Tambi\u00e9n puedes utilizar el servicio de <a href=\"https:\/\/buycrash.lexisnexisrisk.com\/ui\/home\">BuyCrash<\/a>:<\/p>\n<ol>\n<li>Entra al sitio y selecciona \u201cGeorgia\u201d como estado.<\/li>\n<li>En el segundo men\u00fa desplegable, elige \u201cHazlehurst Police Department\u201d como la jurisdicci\u00f3n que investig\u00f3 el accidente.<\/li>\n<li>Da clic en \u201cStart Search\u201d para continuar.<\/li>\n<li>Ingresa los siguientes datos:<\/li>\n<\/ol>\n<ul>\n<li>Apellido<\/li>\n<li>Fecha del accidente<\/li>\n<li>N\u00famero de reporte<\/li>\n<li>N\u00famero de Identificaci\u00f3n del Veh\u00edculo<\/li>\n<li>N\u00famero de licencia de conducir<\/li>\n<\/ul>\n<p><em>Nota: Puede haber un costo adicional por este servicio.<\/em><\/p>\n<h3>En persona<\/h3>\n<p>Puedes acudir directamente al Departamento de Polic\u00eda de Hazlehurst: 17 Johnson Street, Hazlehurst, GA 31539 de lunes a viernes, de 8AM a 5PM.<\/p>\n<ul>\n<li>Descarga el formulario de Solicitud de Registros P\u00fablicos.<\/li>\n<li>Ll\u00e9nalo con la informaci\u00f3n sobre el accidente.<\/li>\n<li>Entrega tu formulario completo en la recepci\u00f3n de la estaci\u00f3n de polic\u00eda.<\/li>\n<\/ul>\n<h3>Por tel\u00e9fono<\/h3>\n<p>Si tienes dudas o necesitas ayuda durante el proceso de solicitud, puedes contactar al Departamento de Polic\u00eda de Hazlehurst directamente al: <a href=\"tel:+19123756688\">(912) 375-6688<\/a>. El personal del departamento te guiar\u00e1 y te brindar\u00e1 la informaci\u00f3n que necesitas.<\/p>\n<h4>\u00bfQu\u00e9 necesitas?<\/h4>\n<p>Aseg\u00farate de tener esta informaci\u00f3n a la mano:<\/p>\n<ul>\n<li>Fecha, hora y lugar del accidente.<\/li>\n<li>Informaci\u00f3n de los involucrados.<\/li>\n<li>Detalles de los veh\u00edculos (marca, modelo, a\u00f1o, matr\u00edcula).<\/li>\n<li>Cualquier detalle relevante (n\u00famero de p\u00f3liza de seguro, por ejemplo).<\/li>\n<\/ul>\n<h2>\u00bfCu\u00e1l es el proceso?<\/h2>\n<p>El departamento trabaja arduamente para procesar las solicitudes de informes de accidentes. Entonces, ten esto en consideraci\u00f3n:<\/p>\n<ul>\n<li>Es posible que necesites pagar una tarifa para recibir una copia del informe de tu accidente.<\/li>\n<li>Generalmente, los informes est\u00e1n disponibles de 3 a 5 d\u00edas h\u00e1biles despu\u00e9s del accidente. Entonces, debes ser paciente.<\/li>\n<\/ul>\n<h2>\u00bfC\u00f3mo utilizar la informaci\u00f3n del reporte?<\/h2>\n<p>Ya que tengas la copia de tu reporte es importante seguir estos pasos:<\/p>\n<h3>Revisar la informaci\u00f3n<\/h3>\n<p>Lo primero que debes hacer es leer a detalle el informe y revisar que no haya errores. Si encuentras discrepancias o que falta informaci\u00f3n, dir\u00edgete al departamento y solicita una modificaci\u00f3n del reporte.<\/p>\n<h3>Inicia el proceso de reclamo del seguro<\/h3>\n<p>Una vez que hayas revisado que la informaci\u00f3n sea correcta, puedes enviarle una copia a tu compa\u00f1\u00eda de seguros. Tu aseguradora usar\u00e1 la informaci\u00f3n para iniciar el proceso de tu reclamo.<\/p>\n<h2>\u00bfNecesitas asesor\u00eda legal?<\/h2>\n<p>Dependiendo de qu\u00e9 tan severo fue tu accidente, contar con apoyo legal ser\u00eda una excelente opci\u00f3n \u2014 especialmente si sufriste lesiones o los da\u00f1os a tu auto o propiedad fueron extensos. Un <a href=\"https:\/\/ceolawyer.com\/georgia-personal-injury\/car-accident-lawyer\/\">abogado con experiencia en accidentes de auto en Georgia<\/a> puede ayudarte a:<\/p>\n<ul>\n<li>Revisar tu caso y proporcionar la informaci\u00f3n que necesitas.<\/li>\n<li>Armar una estrategia legal y explicarte qu\u00e9 opciones tienes para que tomes decisiones informadas.<\/li>\n<li>Ser un gu\u00eda durante todo el proceso, asegur\u00e1ndose de que tus derechos se respeten.<\/li>\n<\/ul>\n<p>En CEO Lawyer Personal Injury Law Firm, entendemos los desaf\u00edos con los que debes lidiar despu\u00e9s de un accidente de auto. Nuestro equipo de abogados experimentados puede proveerte de apoyo y ser tus representantes legales.<\/p>\n<p>No dudes en <a href=\"https:\/\/ceolawyer.com\/contact-us\/\">contactarnos<\/a> al <a href=\"tel:+14708229057\"><strong>(470) 822-9057<\/strong><\/a>.<\/p>\n","protected":false},"excerpt":{"rendered":"<p>Un accidente de tr\u00e1fico puede hacer que tu d\u00eda se arruine por completo. Las secuelas pueden ser confusas y estresantes, dej\u00e1ndote sin saber qu\u00e9 paso dar. Entre la adrenalina y los da\u00f1os a tu auto, es f\u00e1cil sentirse abrumado. \u00bfNuestro consejo? Consigue la copia del informe de tu accidente. \u00bfPor qu\u00e9 es importante? Este documento [&hellip;]<\/p>\n","protected":false},"author":18,"featured_media":12881,"parent":12737,"menu_order":0,"comment_status":"closed","ping_status":"closed","template":"","meta":{"_acf_changed":false,"footnotes":""},"class_list":["post-12879","page","type-page","status-publish","has-post-thumbnail","hentry"],"acf":[],"yoast_head":"<!-- This site is optimized with the Yoast SEO plugin v27.4 - https:\/\/yoast.com\/product\/yoast-seo-wordpress\/ -->\n<title>C\u00f3mo Obtener el Informe de tu Accidente de Auto del Departamento de Polic\u00eda de Hazlehurst | CEO Lawyer<\/title>\n<meta name=\"description\" content=\"Obt\u00e9n tu informe de accidente en Hazlehurst de manera r\u00e1pida y sencilla. CEO Lawyer Personal Injury Law Firm est\u00e1 listo para ayudarte. \u00a1Llama ahora!\" \/>\n<meta name=\"robots\" content=\"index, follow, max-snippet:-1, max-image-preview:large, max-video-preview:-1\" \/>\n<link rel=\"canonical\" href=\"https:\/\/ceolawyer.com\/espanol\/informe-de-accidente\/informe-policial-de-un-accidente-de-auto-en-georgia\/hazlehurst\/\" \/>\n<meta property=\"og:locale\" content=\"en_US\" \/>\n<meta property=\"og:type\" content=\"article\" \/>\n<meta property=\"og:title\" content=\"C\u00f3mo Obtener el Informe de tu Accidente de Auto del Departamento de Polic\u00eda de Hazlehurst | CEO Lawyer\" \/>\n<meta property=\"og:description\" content=\"Obt\u00e9n tu informe de accidente en Hazlehurst de manera r\u00e1pida y sencilla. CEO Lawyer Personal Injury Law Firm est\u00e1 listo para ayudarte. \u00a1Llama ahora!\" \/>\n<meta property=\"og:url\" content=\"https:\/\/ceolawyer.com\/espanol\/informe-de-accidente\/informe-policial-de-un-accidente-de-auto-en-georgia\/hazlehurst\/\" \/>\n<meta property=\"og:site_name\" content=\"CEO Lawyer\" \/>\n<meta property=\"article:modified_time\" content=\"2026-01-23T18:05:12+00:00\" \/>\n<meta property=\"og:image\" content=\"https:\/\/ceolawyer.com\/espanol\/wp-content\/uploads\/sites\/2\/2025\/12\/How-to-Obtain-Your-Hazlehurst-Police-Department-Car-Accident-Report.webp\" \/>\n\t<meta property=\"og:image:width\" content=\"500\" \/>\n\t<meta property=\"og:image:height\" content=\"300\" \/>\n\t<meta property=\"og:image:type\" content=\"image\/webp\" \/>\n<meta name=\"twitter:card\" content=\"summary_large_image\" \/>\n<meta name=\"twitter:label1\" content=\"Est. reading time\" \/>\n\t<meta name=\"twitter:data1\" content=\"4 minutes\" \/>\n<script type=\"application\/ld+json\" class=\"yoast-schema-graph\">{\"@context\":\"https:\\\/\\\/schema.org\",\"@graph\":[{\"@type\":\"WebPage\",\"@id\":\"https:\\\/\\\/ceolawyer.com\\\/espanol\\\/informe-de-accidente\\\/informe-policial-de-un-accidente-de-auto-en-georgia\\\/hazlehurst\\\/\",\"url\":\"https:\\\/\\\/ceolawyer.com\\\/espanol\\\/informe-de-accidente\\\/informe-policial-de-un-accidente-de-auto-en-georgia\\\/hazlehurst\\\/\",\"name\":\"C\u00f3mo Obtener el Informe de tu Accidente de Auto del Departamento de Polic\u00eda de Hazlehurst | CEO Lawyer\",\"isPartOf\":{\"@id\":\"https:\\\/\\\/ceolawyer.com\\\/espanol\\\/#website\"},\"primaryImageOfPage\":{\"@id\":\"https:\\\/\\\/ceolawyer.com\\\/espanol\\\/informe-de-accidente\\\/informe-policial-de-un-accidente-de-auto-en-georgia\\\/hazlehurst\\\/#primaryimage\"},\"image\":{\"@id\":\"https:\\\/\\\/ceolawyer.com\\\/espanol\\\/informe-de-accidente\\\/informe-policial-de-un-accidente-de-auto-en-georgia\\\/hazlehurst\\\/#primaryimage\"},\"thumbnailUrl\":\"https:\\\/\\\/ceolawyer.com\\\/espanol\\\/wp-content\\\/uploads\\\/sites\\\/2\\\/2025\\\/12\\\/How-to-Obtain-Your-Hazlehurst-Police-Department-Car-Accident-Report.webp\",\"datePublished\":\"2025-12-22T11:51:28+00:00\",\"dateModified\":\"2026-01-23T18:05:12+00:00\",\"description\":\"Obt\u00e9n tu informe de accidente en Hazlehurst de manera r\u00e1pida y sencilla. CEO Lawyer Personal Injury Law Firm est\u00e1 listo para ayudarte. \u00a1Llama ahora!\",\"breadcrumb\":{\"@id\":\"https:\\\/\\\/ceolawyer.com\\\/espanol\\\/informe-de-accidente\\\/informe-policial-de-un-accidente-de-auto-en-georgia\\\/hazlehurst\\\/#breadcrumb\"},\"inLanguage\":\"en-US\",\"potentialAction\":[{\"@type\":\"ReadAction\",\"target\":[\"https:\\\/\\\/ceolawyer.com\\\/espanol\\\/informe-de-accidente\\\/informe-policial-de-un-accidente-de-auto-en-georgia\\\/hazlehurst\\\/\"]}]},{\"@type\":\"ImageObject\",\"inLanguage\":\"en-US\",\"@id\":\"https:\\\/\\\/ceolawyer.com\\\/espanol\\\/informe-de-accidente\\\/informe-policial-de-un-accidente-de-auto-en-georgia\\\/hazlehurst\\\/#primaryimage\",\"url\":\"https:\\\/\\\/ceolawyer.com\\\/espanol\\\/wp-content\\\/uploads\\\/sites\\\/2\\\/2025\\\/12\\\/How-to-Obtain-Your-Hazlehurst-Police-Department-Car-Accident-Report.webp\",\"contentUrl\":\"https:\\\/\\\/ceolawyer.com\\\/espanol\\\/wp-content\\\/uploads\\\/sites\\\/2\\\/2025\\\/12\\\/How-to-Obtain-Your-Hazlehurst-Police-Department-Car-Accident-Report.webp\",\"width\":500,\"height\":300,\"caption\":\"Un oficial de patrulla de pie junto a un cono de tr\u00e1fico naranja vigilando la escena de un accidente.\"},{\"@type\":\"BreadcrumbList\",\"@id\":\"https:\\\/\\\/ceolawyer.com\\\/espanol\\\/informe-de-accidente\\\/informe-policial-de-un-accidente-de-auto-en-georgia\\\/hazlehurst\\\/#breadcrumb\",\"itemListElement\":[{\"@type\":\"ListItem\",\"position\":1,\"name\":\"Home\",\"item\":\"https:\\\/\\\/ceolawyer.com\\\/espanol\\\/\"},{\"@type\":\"ListItem\",\"position\":2,\"name\":\"Consigue el Reporte Policial de tu Accidente de Auto\",\"item\":\"https:\\\/\\\/ceolawyer.com\\\/espanol\\\/informe-de-accidente\\\/\"},{\"@type\":\"ListItem\",\"position\":3,\"name\":\"C\u00f3mo Solicitar el Informe Policial de un Accidente de Auto en Georgia\",\"item\":\"https:\\\/\\\/ceolawyer.com\\\/espanol\\\/informe-de-accidente\\\/informe-policial-de-un-accidente-de-auto-en-georgia\\\/\"},{\"@type\":\"ListItem\",\"position\":4,\"name\":\"C\u00f3mo Obtener el Informe de tu Accidente de Auto del Departamento de Polic\u00eda de Hazlehurst\"}]},{\"@type\":\"WebSite\",\"@id\":\"https:\\\/\\\/ceolawyer.com\\\/espanol\\\/#website\",\"url\":\"https:\\\/\\\/ceolawyer.com\\\/espanol\\\/\",\"name\":\"CEO Lawyer\",\"description\":\"Personal Injury Attorney\",\"publisher\":{\"@id\":\"https:\\\/\\\/ceolawyer.com\\\/espanol\\\/#organization\"},\"potentialAction\":[{\"@type\":\"SearchAction\",\"target\":{\"@type\":\"EntryPoint\",\"urlTemplate\":\"https:\\\/\\\/ceolawyer.com\\\/espanol\\\/?s={search_term_string}\"},\"query-input\":{\"@type\":\"PropertyValueSpecification\",\"valueRequired\":true,\"valueName\":\"search_term_string\"}}],\"inLanguage\":\"en-US\"},{\"@type\":\"Organization\",\"@id\":\"https:\\\/\\\/ceolawyer.com\\\/espanol\\\/#organization\",\"name\":\"CEO Lawyer\",\"url\":\"https:\\\/\\\/ceolawyer.com\\\/espanol\\\/\",\"logo\":{\"@type\":\"ImageObject\",\"inLanguage\":\"en-US\",\"@id\":\"https:\\\/\\\/ceolawyer.com\\\/espanol\\\/#\\\/schema\\\/logo\\\/image\\\/\",\"url\":\"https:\\\/\\\/ceolawyer.com\\\/espanol\\\/wp-content\\\/uploads\\\/sites\\\/2\\\/2022\\\/05\\\/CEO_Logo.png\",\"contentUrl\":\"https:\\\/\\\/ceolawyer.com\\\/espanol\\\/wp-content\\\/uploads\\\/sites\\\/2\\\/2022\\\/05\\\/CEO_Logo.png\",\"width\":200,\"height\":108,\"caption\":\"CEO Lawyer\"},\"image\":{\"@id\":\"https:\\\/\\\/ceolawyer.com\\\/espanol\\\/#\\\/schema\\\/logo\\\/image\\\/\"}}]}<\/script>\n<!-- \/ Yoast SEO plugin. -->","yoast_head_json":{"title":"C\u00f3mo Obtener el Informe de tu Accidente de Auto del Departamento de Polic\u00eda de Hazlehurst | CEO Lawyer","description":"Obt\u00e9n tu informe de accidente en Hazlehurst de manera r\u00e1pida y sencilla. CEO Lawyer Personal Injury Law Firm est\u00e1 listo para ayudarte. \u00a1Llama ahora!","robots":{"index":"index","follow":"follow","max-snippet":"max-snippet:-1","max-image-preview":"max-image-preview:large","max-video-preview":"max-video-preview:-1"},"canonical":"https:\/\/ceolawyer.com\/espanol\/informe-de-accidente\/informe-policial-de-un-accidente-de-auto-en-georgia\/hazlehurst\/","og_locale":"en_US","og_type":"article","og_title":"C\u00f3mo Obtener el Informe de tu Accidente de Auto del Departamento de Polic\u00eda de Hazlehurst | CEO Lawyer","og_description":"Obt\u00e9n tu informe de accidente en Hazlehurst de manera r\u00e1pida y sencilla. CEO Lawyer Personal Injury Law Firm est\u00e1 listo para ayudarte. \u00a1Llama ahora!","og_url":"https:\/\/ceolawyer.com\/espanol\/informe-de-accidente\/informe-policial-de-un-accidente-de-auto-en-georgia\/hazlehurst\/","og_site_name":"CEO Lawyer","article_modified_time":"2026-01-23T18:05:12+00:00","og_image":[{"width":500,"height":300,"url":"https:\/\/ceolawyer.com\/espanol\/wp-content\/uploads\/sites\/2\/2025\/12\/How-to-Obtain-Your-Hazlehurst-Police-Department-Car-Accident-Report.webp","type":"image\/webp"}],"twitter_card":"summary_large_image","twitter_misc":{"Est. reading time":"4 minutes"},"schema":{"@context":"https:\/\/schema.org","@graph":[{"@type":"WebPage","@id":"https:\/\/ceolawyer.com\/espanol\/informe-de-accidente\/informe-policial-de-un-accidente-de-auto-en-georgia\/hazlehurst\/","url":"https:\/\/ceolawyer.com\/espanol\/informe-de-accidente\/informe-policial-de-un-accidente-de-auto-en-georgia\/hazlehurst\/","name":"C\u00f3mo Obtener el Informe de tu Accidente de Auto del Departamento de Polic\u00eda de Hazlehurst | CEO Lawyer","isPartOf":{"@id":"https:\/\/ceolawyer.com\/espanol\/#website"},"primaryImageOfPage":{"@id":"https:\/\/ceolawyer.com\/espanol\/informe-de-accidente\/informe-policial-de-un-accidente-de-auto-en-georgia\/hazlehurst\/#primaryimage"},"image":{"@id":"https:\/\/ceolawyer.com\/espanol\/informe-de-accidente\/informe-policial-de-un-accidente-de-auto-en-georgia\/hazlehurst\/#primaryimage"},"thumbnailUrl":"https:\/\/ceolawyer.com\/espanol\/wp-content\/uploads\/sites\/2\/2025\/12\/How-to-Obtain-Your-Hazlehurst-Police-Department-Car-Accident-Report.webp","datePublished":"2025-12-22T11:51:28+00:00","dateModified":"2026-01-23T18:05:12+00:00","description":"Obt\u00e9n tu informe de accidente en Hazlehurst de manera r\u00e1pida y sencilla. CEO Lawyer Personal Injury Law Firm est\u00e1 listo para ayudarte. \u00a1Llama ahora!","breadcrumb":{"@id":"https:\/\/ceolawyer.com\/espanol\/informe-de-accidente\/informe-policial-de-un-accidente-de-auto-en-georgia\/hazlehurst\/#breadcrumb"},"inLanguage":"en-US","potentialAction":[{"@type":"ReadAction","target":["https:\/\/ceolawyer.com\/espanol\/informe-de-accidente\/informe-policial-de-un-accidente-de-auto-en-georgia\/hazlehurst\/"]}]},{"@type":"ImageObject","inLanguage":"en-US","@id":"https:\/\/ceolawyer.com\/espanol\/informe-de-accidente\/informe-policial-de-un-accidente-de-auto-en-georgia\/hazlehurst\/#primaryimage","url":"https:\/\/ceolawyer.com\/espanol\/wp-content\/uploads\/sites\/2\/2025\/12\/How-to-Obtain-Your-Hazlehurst-Police-Department-Car-Accident-Report.webp","contentUrl":"https:\/\/ceolawyer.com\/espanol\/wp-content\/uploads\/sites\/2\/2025\/12\/How-to-Obtain-Your-Hazlehurst-Police-Department-Car-Accident-Report.webp","width":500,"height":300,"caption":"Un oficial de patrulla de pie junto a un cono de tr\u00e1fico naranja vigilando la escena de un accidente."},{"@type":"BreadcrumbList","@id":"https:\/\/ceolawyer.com\/espanol\/informe-de-accidente\/informe-policial-de-un-accidente-de-auto-en-georgia\/hazlehurst\/#breadcrumb","itemListElement":[{"@type":"ListItem","position":1,"name":"Home","item":"https:\/\/ceolawyer.com\/espanol\/"},{"@type":"ListItem","position":2,"name":"Consigue el Reporte Policial de tu Accidente de Auto","item":"https:\/\/ceolawyer.com\/espanol\/informe-de-accidente\/"},{"@type":"ListItem","position":3,"name":"C\u00f3mo Solicitar el Informe Policial de un Accidente de Auto en Georgia","item":"https:\/\/ceolawyer.com\/espanol\/informe-de-accidente\/informe-policial-de-un-accidente-de-auto-en-georgia\/"},{"@type":"ListItem","position":4,"name":"C\u00f3mo Obtener el Informe de tu Accidente de Auto del Departamento de Polic\u00eda de Hazlehurst"}]},{"@type":"WebSite","@id":"https:\/\/ceolawyer.com\/espanol\/#website","url":"https:\/\/ceolawyer.com\/espanol\/","name":"CEO Lawyer","description":"Personal Injury Attorney","publisher":{"@id":"https:\/\/ceolawyer.com\/espanol\/#organization"},"potentialAction":[{"@type":"SearchAction","target":{"@type":"EntryPoint","urlTemplate":"https:\/\/ceolawyer.com\/espanol\/?s={search_term_string}"},"query-input":{"@type":"PropertyValueSpecification","valueRequired":true,"valueName":"search_term_string"}}],"inLanguage":"en-US"},{"@type":"Organization","@id":"https:\/\/ceolawyer.com\/espanol\/#organization","name":"CEO Lawyer","url":"https:\/\/ceolawyer.com\/espanol\/","logo":{"@type":"ImageObject","inLanguage":"en-US","@id":"https:\/\/ceolawyer.com\/espanol\/#\/schema\/logo\/image\/","url":"https:\/\/ceolawyer.com\/espanol\/wp-content\/uploads\/sites\/2\/2022\/05\/CEO_Logo.png","contentUrl":"https:\/\/ceolawyer.com\/espanol\/wp-content\/uploads\/sites\/2\/2022\/05\/CEO_Logo.png","width":200,"height":108,"caption":"CEO Lawyer"},"image":{"@id":"https:\/\/ceolawyer.com\/espanol\/#\/schema\/logo\/image\/"}}]}},"_links":{"self":[{"href":"https:\/\/ceolawyer.com\/espanol\/wp-json\/wp\/v2\/pages\/12879","targetHints":{"allow":["GET"]}}],"collection":[{"href":"https:\/\/ceolawyer.com\/espanol\/wp-json\/wp\/v2\/pages"}],"about":[{"href":"https:\/\/ceolawyer.com\/espanol\/wp-json\/wp\/v2\/types\/page"}],"author":[{"embeddable":true,"href":"https:\/\/ceolawyer.com\/espanol\/wp-json\/wp\/v2\/users\/18"}],"replies":[{"embeddable":true,"href":"https:\/\/ceolawyer.com\/espanol\/wp-json\/wp\/v2\/comments?post=12879"}],"version-history":[{"count":0,"href":"https:\/\/ceolawyer.com\/espanol\/wp-json\/wp\/v2\/pages\/12879\/revisions"}],"up":[{"embeddable":true,"href":"https:\/\/ceolawyer.com\/espanol\/wp-json\/wp\/v2\/pages\/12737"}],"wp:featuredmedia":[{"embeddable":true,"href":"https:\/\/ceolawyer.com\/espanol\/wp-json\/wp\/v2\/media\/12881"}],"wp:attachment":[{"href":"https:\/\/ceolawyer.com\/espanol\/wp-json\/wp\/v2\/media?parent=12879"}],"curies":[{"name":"wp","href":"https:\/\/api.w.org\/{rel}","templated":true}]}}