{"id":12882,"date":"2025-12-22T11:56:10","date_gmt":"2025-12-22T11:56:10","guid":{"rendered":"https:\/\/ceolawyer.com\/espanol\/?page_id=12882"},"modified":"2026-04-24T17:38:48","modified_gmt":"2026-04-24T17:38:48","slug":"henry-county","status":"publish","type":"page","link":"https:\/\/ceolawyer.com\/espanol\/informe-de-accidente\/informe-policial-de-un-accidente-de-auto-en-georgia\/henry-county\/","title":{"rendered":"C\u00f3mo Obtener el Informe de tu Accidente de Auto del Departamento de Polic\u00eda del Condado de Henry"},"content":{"rendered":"<p><img decoding=\"async\" class=\"alignright size-full wp-image-12884\" src=\"https:\/\/ceolawyer.com\/espanol\/wp-content\/uploads\/sites\/2\/2025\/12\/How-to-Obtain-Your-Henry-County-Police-Car-Accident-Report.webp\" alt=\"Un oficial de polic\u00eda caminando junto a una fila de conos de tr\u00e1fico en una calle de la ciudad durante el d\u00eda.\" width=\"500\" height=\"300\" srcset=\"https:\/\/ceolawyer.com\/espanol\/wp-content\/uploads\/sites\/2\/2025\/12\/How-to-Obtain-Your-Henry-County-Police-Car-Accident-Report.webp 500w, https:\/\/ceolawyer.com\/espanol\/wp-content\/uploads\/sites\/2\/2025\/12\/How-to-Obtain-Your-Henry-County-Police-Car-Accident-Report-300x180.webp 300w\" sizes=\"(max-width: 500px) 100vw, 500px\" \/>Los accidentes de tr\u00e1fico no tienen nada de divertido. Pueden dejarte lleno de confusi\u00f3n, especialmente sobre qu\u00e9 pasos tomar despu\u00e9s. Pero conseguir el reporte oficial del accidente no debe a\u00f1adir m\u00e1s estr\u00e9s a todo el proceso.<\/p>\n<p>Esta gu\u00eda te muestra los pasos que debes seguir para obtener una copia del informe de manera efectiva.<\/p>\n<h3>\u00bfPor qu\u00e9 es importante?<\/h3>\n<ul>\n<li>El reporte incluye informaci\u00f3n importante sobre el accidente: fecha, hora y lugar, qui\u00e9nes estuvieron involucrados y declaraciones.<\/li>\n<li>Tu compa\u00f1\u00eda de seguros lo utiliza para calcular los da\u00f1os e iniciar el proceso de tu reclamaci\u00f3n.<\/li>\n<li>Tambi\u00e9n puede ser una pieza importante si tu caso llega a juicio y ser parte de la evidencia presentada.<\/li>\n<li>Es importante mantener un registro organizado de tu accidente y mantener el informe como referencia para futuras ocasiones.<\/li>\n<\/ul>\n<h2>M\u00e9todos para solicitar el reporte de tu accidente<\/h2>\n<h3>En l\u00ednea<\/h3>\n<p>Puedes acudir a la Oficina del Sheriff del Condado de Henry:<\/p>\n<ul>\n<li>Visita el sitio oficial de la oficina y dir\u00edgete a <a href=\"https:\/\/henrycountysheriffga.gov\/open-records\/\">Registros P\u00fablicos<\/a>.<\/li>\n<li>Llena el formulario con la informaci\u00f3n que se requiera (fecha y lugar del accidente, informaci\u00f3n de los involucrados y tu informaci\u00f3n de contacto).<\/li>\n<li>Env\u00eda el formulario completo a: <a href=\"mailto:hcsoopenrecordsrequest@co.henry.ga.us\">hcsoopenrecordsrequest@co.henry.ga.us<\/a>.<\/li>\n<li>Aseg\u00farate de incluir toda la informaci\u00f3n necesaria para acelerar el proceso.<\/li>\n<\/ul>\n<p>Tambi\u00e9n puedes acceder a <a href=\"https:\/\/buycrash.lexisnexisrisk.com\/ui\/home\">BuyCrash<\/a> para conseguir el informe de tu accidente:<\/p>\n<ol>\n<li>Entra al sitio y selecciona \u201cGeorgia\u201d como tu estado.<\/li>\n<li>Elige \u201cHenry County Sheriff\u2019s Office\u201d como la jurisdicci\u00f3n que investig\u00f3 el accidente.<\/li>\n<li>Da clic en \u201cStart Search\u201d para continuar.<\/li>\n<li>Ingresa los siguientes datos:<\/li>\n<\/ol>\n<ul>\n<li>Apellido<\/li>\n<li>Fecha del accidente<\/li>\n<li>N\u00famero del caso<\/li>\n<li>N\u00famero de Identificaci\u00f3n del Veh\u00edculo<\/li>\n<li>N\u00famero de licencia de conducir<\/li>\n<\/ul>\n<h4>Departamento de Polic\u00eda del Condado de Henry<\/h4>\n<p>Sigue las mismas instrucciones, s\u00f3lo elige \u201cHenry County Police Department\u201d en el paso #2.<\/p>\n<p><em>Nota: Este servicio puede incluir una tarifa.<\/em><\/p>\n<h3>En persona<\/h3>\n<h4>Oficina del Sheriff del Condado de Henry<\/h4>\n<p>Dir\u00edgete a: 120 Pkwy, McDonough, GA 30253. El horario de atenci\u00f3n es de lunes a viernes de 8AM a 4:30PM.<\/p>\n<h4>Departamento de Polic\u00eda del Condado de Henry.<\/h4>\n<p>Tambi\u00e9n puedes visitar las estaciones de la polic\u00eda local:<\/p>\n<ul>\n<li><strong>Precinto Sur: <\/strong>108 S Zack Hinton Parkway, McDonough, GA 30253.<\/li>\n<li><strong>Precinto Norte: <\/strong>3000 Hwy, 42 North, Stockbridge, GA 30281.<\/li>\n<li><strong>Departamento de Polic\u00eda &#8211; Fairview: <\/strong>16 Fairview Road, Ellenwood, GA 30294.<\/li>\n<\/ul>\n<h3>Por correo<\/h3>\n<p>Env\u00eda tu solicitud a: Henry County Sheriff\u2019s Office, ATTN: Open Records, 120 Henry Pkwy, McDonough, GA 30253.<\/p>\n<ul>\n<li>Aseg\u00farate de incluir los datos del accidente (fecha, lugar y hora), tu nombre, el n\u00famero de reporte del caso (si lo tienes).<\/li>\n<li>Incluye dentro del sobre un cheque por $5 d\u00f3lares a nombre del Departamento de Polic\u00eda del Condado de Henry.<\/li>\n<\/ul>\n<p>Tambi\u00e9n puedes enviar tu solicitud a la Unidad de Registros P\u00fablicos del Departamento de Polic\u00eda:<\/p>\n<p>Henry County Police Departament<\/p>\n<p>Records Unit<\/p>\n<p>108 South Zack Hinton Parkway<\/p>\n<p>McDonough, GA 30253<\/p>\n<h3>Cosas a considerar<\/h3>\n<ul>\n<li>Solicitar una copia del reporte de tu accidente de auto puede incluir una tarifa.<\/li>\n<li>El departamento trata de cumplir con todas las solicitudes lo antes posible, entonces, es importante que seas paciente.<\/li>\n<li>Tener toda la informaci\u00f3n necesaria a mano har\u00e1 que el proceso sea m\u00e1s f\u00e1cil.<\/li>\n<\/ul>\n<h2>\u00bfC\u00f3mo utilizar la informaci\u00f3n del reporte?<\/h2>\n<p>Ya que tengas la copia de tu reporte es importante seguir estos pasos:<\/p>\n<h3>Revisar la informaci\u00f3n<\/h3>\n<p>Lo primero que debes hacer es leer a detalle el informe y revisar que no haya errores. Si encuentras discrepancias o que falta informaci\u00f3n, dir\u00edgete al departamento y solicita una modificaci\u00f3n del reporte.<\/p>\n<h3>Inicia el proceso de reclamo del seguro<\/h3>\n<p>Una vez que hayas revisado que la informaci\u00f3n sea correcta, puedes enviarle una copia a tu compa\u00f1\u00eda de seguros. Tu aseguradora usar\u00e1 la informaci\u00f3n para iniciar el proceso de tu reclamo.<\/p>\n<h2>\u00bfNecesitas asesor\u00eda legal?<\/h2>\n<p>Dependiendo de qu\u00e9 tan severo fue tu accidente, contar con apoyo legal ser\u00eda una excelente opci\u00f3n, especialmente si sufriste lesiones o los da\u00f1os a tu auto o propiedad fueron extensos. Un <a href=\"https:\/\/ceolawyer.com\/georgia-personal-injury\/car-accident-lawyer\/\">abogado experimentado en accidentes de auto en Georgia<\/a> puede ayudarte a:<\/p>\n<ul>\n<li>Revisar tu caso y proporcionar la informaci\u00f3n que necesitas.<\/li>\n<li>Armar una estrategia legal y explicarte qu\u00e9 opciones tienes para que tomes decisiones informadas.<\/li>\n<li>Ser un gu\u00eda durante todo el proceso, asegur\u00e1ndose de que tus derechos se respeten.<\/li>\n<\/ul>\n<p>En CEO Lawyer Personal Injury Law Firm, entendemos los desaf\u00edos con los que debes lidiar despu\u00e9s de un accidente de auto. Nuestro equipo de abogados experimentados puede proveerte de apoyo y ser tus representantes legales.<\/p>\n<p>No dudes en <a href=\"https:\/\/ceolawyer.com\/contact-us\/\">contactarnos<\/a> al <a href=\"tel:+14708229057\"><strong>(470) 822-9057<\/strong><\/a>.<\/p>\n","protected":false},"excerpt":{"rendered":"<p>Los accidentes de tr\u00e1fico no tienen nada de divertido. Pueden dejarte lleno de confusi\u00f3n, especialmente sobre qu\u00e9 pasos tomar despu\u00e9s. Pero conseguir el reporte oficial del accidente no debe a\u00f1adir m\u00e1s estr\u00e9s a todo el proceso. Esta gu\u00eda te muestra los pasos que debes seguir para obtener una copia del informe de manera efectiva. \u00bfPor [&hellip;]<\/p>\n","protected":false},"author":18,"featured_media":12884,"parent":12737,"menu_order":0,"comment_status":"closed","ping_status":"closed","template":"","meta":{"_acf_changed":false,"footnotes":""},"class_list":["post-12882","page","type-page","status-publish","has-post-thumbnail","hentry"],"acf":[],"yoast_head":"<!-- This site is optimized with the Yoast SEO plugin v27.5 - https:\/\/yoast.com\/product\/yoast-seo-wordpress\/ -->\n<title>C\u00f3mo Obtener el Informe de tu Accidente de Auto del Departamento de Polic\u00eda del Condado de Henry | CEO Lawyer<\/title>\n<meta name=\"description\" content=\"Si tu accidente ocurri\u00f3 en el Condado de Henry, te ayudamos a obtener tu informe. Contacta a CEO Lawyer Personal Injury Law Firm para asesor\u00eda legal.\" \/>\n<meta name=\"robots\" content=\"index, follow, max-snippet:-1, max-image-preview:large, max-video-preview:-1\" \/>\n<link rel=\"canonical\" href=\"https:\/\/ceolawyer.com\/espanol\/informe-de-accidente\/informe-policial-de-un-accidente-de-auto-en-georgia\/henry-county\/\" \/>\n<meta property=\"og:locale\" content=\"en_US\" \/>\n<meta property=\"og:type\" content=\"article\" \/>\n<meta property=\"og:title\" content=\"C\u00f3mo Obtener el Informe de tu Accidente de Auto del Departamento de Polic\u00eda del Condado de Henry | CEO Lawyer\" \/>\n<meta property=\"og:description\" content=\"Si tu accidente ocurri\u00f3 en el Condado de Henry, te ayudamos a obtener tu informe. Contacta a CEO Lawyer Personal Injury Law Firm para asesor\u00eda legal.\" \/>\n<meta property=\"og:url\" content=\"https:\/\/ceolawyer.com\/espanol\/informe-de-accidente\/informe-policial-de-un-accidente-de-auto-en-georgia\/henry-county\/\" \/>\n<meta property=\"og:site_name\" content=\"CEO Lawyer\" \/>\n<meta property=\"article:modified_time\" content=\"2026-04-24T17:38:48+00:00\" \/>\n<meta property=\"og:image\" content=\"https:\/\/ceolawyer.com\/espanol\/wp-content\/uploads\/sites\/2\/2025\/12\/How-to-Obtain-Your-Henry-County-Police-Car-Accident-Report.webp\" \/>\n\t<meta property=\"og:image:width\" content=\"500\" \/>\n\t<meta property=\"og:image:height\" content=\"300\" \/>\n\t<meta property=\"og:image:type\" content=\"image\/webp\" \/>\n<meta name=\"twitter:card\" content=\"summary_large_image\" \/>\n<meta name=\"twitter:label1\" content=\"Est. reading time\" \/>\n\t<meta name=\"twitter:data1\" content=\"4 minutes\" \/>\n<script type=\"application\/ld+json\" class=\"yoast-schema-graph\">{\"@context\":\"https:\\\/\\\/schema.org\",\"@graph\":[{\"@type\":\"WebPage\",\"@id\":\"https:\\\/\\\/ceolawyer.com\\\/espanol\\\/informe-de-accidente\\\/informe-policial-de-un-accidente-de-auto-en-georgia\\\/henry-county\\\/\",\"url\":\"https:\\\/\\\/ceolawyer.com\\\/espanol\\\/informe-de-accidente\\\/informe-policial-de-un-accidente-de-auto-en-georgia\\\/henry-county\\\/\",\"name\":\"C\u00f3mo Obtener el Informe de tu Accidente de Auto del Departamento de Polic\u00eda del Condado de Henry | CEO Lawyer\",\"isPartOf\":{\"@id\":\"https:\\\/\\\/ceolawyer.com\\\/espanol\\\/#website\"},\"primaryImageOfPage\":{\"@id\":\"https:\\\/\\\/ceolawyer.com\\\/espanol\\\/informe-de-accidente\\\/informe-policial-de-un-accidente-de-auto-en-georgia\\\/henry-county\\\/#primaryimage\"},\"image\":{\"@id\":\"https:\\\/\\\/ceolawyer.com\\\/espanol\\\/informe-de-accidente\\\/informe-policial-de-un-accidente-de-auto-en-georgia\\\/henry-county\\\/#primaryimage\"},\"thumbnailUrl\":\"https:\\\/\\\/ceolawyer.com\\\/espanol\\\/wp-content\\\/uploads\\\/sites\\\/2\\\/2025\\\/12\\\/How-to-Obtain-Your-Henry-County-Police-Car-Accident-Report.webp\",\"datePublished\":\"2025-12-22T11:56:10+00:00\",\"dateModified\":\"2026-04-24T17:38:48+00:00\",\"description\":\"Si tu accidente ocurri\u00f3 en el Condado de Henry, te ayudamos a obtener tu informe. Contacta a CEO Lawyer Personal Injury Law Firm para asesor\u00eda legal.\",\"breadcrumb\":{\"@id\":\"https:\\\/\\\/ceolawyer.com\\\/espanol\\\/informe-de-accidente\\\/informe-policial-de-un-accidente-de-auto-en-georgia\\\/henry-county\\\/#breadcrumb\"},\"inLanguage\":\"en-US\",\"potentialAction\":[{\"@type\":\"ReadAction\",\"target\":[\"https:\\\/\\\/ceolawyer.com\\\/espanol\\\/informe-de-accidente\\\/informe-policial-de-un-accidente-de-auto-en-georgia\\\/henry-county\\\/\"]}]},{\"@type\":\"ImageObject\",\"inLanguage\":\"en-US\",\"@id\":\"https:\\\/\\\/ceolawyer.com\\\/espanol\\\/informe-de-accidente\\\/informe-policial-de-un-accidente-de-auto-en-georgia\\\/henry-county\\\/#primaryimage\",\"url\":\"https:\\\/\\\/ceolawyer.com\\\/espanol\\\/wp-content\\\/uploads\\\/sites\\\/2\\\/2025\\\/12\\\/How-to-Obtain-Your-Henry-County-Police-Car-Accident-Report.webp\",\"contentUrl\":\"https:\\\/\\\/ceolawyer.com\\\/espanol\\\/wp-content\\\/uploads\\\/sites\\\/2\\\/2025\\\/12\\\/How-to-Obtain-Your-Henry-County-Police-Car-Accident-Report.webp\",\"width\":500,\"height\":300,\"caption\":\"Un oficial de polic\u00eda caminando junto a una fila de conos de tr\u00e1fico en una calle de la ciudad durante el d\u00eda.\"},{\"@type\":\"BreadcrumbList\",\"@id\":\"https:\\\/\\\/ceolawyer.com\\\/espanol\\\/informe-de-accidente\\\/informe-policial-de-un-accidente-de-auto-en-georgia\\\/henry-county\\\/#breadcrumb\",\"itemListElement\":[{\"@type\":\"ListItem\",\"position\":1,\"name\":\"Home\",\"item\":\"https:\\\/\\\/ceolawyer.com\\\/espanol\\\/\"},{\"@type\":\"ListItem\",\"position\":2,\"name\":\"Consigue el Reporte Policial de tu Accidente de Auto\",\"item\":\"https:\\\/\\\/ceolawyer.com\\\/espanol\\\/informe-de-accidente\\\/\"},{\"@type\":\"ListItem\",\"position\":3,\"name\":\"C\u00f3mo Solicitar el Informe Policial de un Accidente de Auto en Georgia\",\"item\":\"https:\\\/\\\/ceolawyer.com\\\/espanol\\\/informe-de-accidente\\\/informe-policial-de-un-accidente-de-auto-en-georgia\\\/\"},{\"@type\":\"ListItem\",\"position\":4,\"name\":\"C\u00f3mo Obtener el Informe de tu Accidente de Auto del Departamento de Polic\u00eda del Condado de Henry\"}]},{\"@type\":\"WebSite\",\"@id\":\"https:\\\/\\\/ceolawyer.com\\\/espanol\\\/#website\",\"url\":\"https:\\\/\\\/ceolawyer.com\\\/espanol\\\/\",\"name\":\"CEO Lawyer\",\"description\":\"Personal Injury Attorney\",\"publisher\":{\"@id\":\"https:\\\/\\\/ceolawyer.com\\\/espanol\\\/#organization\"},\"potentialAction\":[{\"@type\":\"SearchAction\",\"target\":{\"@type\":\"EntryPoint\",\"urlTemplate\":\"https:\\\/\\\/ceolawyer.com\\\/espanol\\\/?s={search_term_string}\"},\"query-input\":{\"@type\":\"PropertyValueSpecification\",\"valueRequired\":true,\"valueName\":\"search_term_string\"}}],\"inLanguage\":\"en-US\"},{\"@type\":\"Organization\",\"@id\":\"https:\\\/\\\/ceolawyer.com\\\/espanol\\\/#organization\",\"name\":\"CEO Lawyer\",\"url\":\"https:\\\/\\\/ceolawyer.com\\\/espanol\\\/\",\"logo\":{\"@type\":\"ImageObject\",\"inLanguage\":\"en-US\",\"@id\":\"https:\\\/\\\/ceolawyer.com\\\/espanol\\\/#\\\/schema\\\/logo\\\/image\\\/\",\"url\":\"https:\\\/\\\/ceolawyer.com\\\/espanol\\\/wp-content\\\/uploads\\\/sites\\\/2\\\/2022\\\/05\\\/CEO_Logo.png\",\"contentUrl\":\"https:\\\/\\\/ceolawyer.com\\\/espanol\\\/wp-content\\\/uploads\\\/sites\\\/2\\\/2022\\\/05\\\/CEO_Logo.png\",\"width\":200,\"height\":108,\"caption\":\"CEO Lawyer\"},\"image\":{\"@id\":\"https:\\\/\\\/ceolawyer.com\\\/espanol\\\/#\\\/schema\\\/logo\\\/image\\\/\"}}]}<\/script>\n<!-- \/ Yoast SEO plugin. -->","yoast_head_json":{"title":"C\u00f3mo Obtener el Informe de tu Accidente de Auto del Departamento de Polic\u00eda del Condado de Henry | CEO Lawyer","description":"Si tu accidente ocurri\u00f3 en el Condado de Henry, te ayudamos a obtener tu informe. Contacta a CEO Lawyer Personal Injury Law Firm para asesor\u00eda legal.","robots":{"index":"index","follow":"follow","max-snippet":"max-snippet:-1","max-image-preview":"max-image-preview:large","max-video-preview":"max-video-preview:-1"},"canonical":"https:\/\/ceolawyer.com\/espanol\/informe-de-accidente\/informe-policial-de-un-accidente-de-auto-en-georgia\/henry-county\/","og_locale":"en_US","og_type":"article","og_title":"C\u00f3mo Obtener el Informe de tu Accidente de Auto del Departamento de Polic\u00eda del Condado de Henry | CEO Lawyer","og_description":"Si tu accidente ocurri\u00f3 en el Condado de Henry, te ayudamos a obtener tu informe. Contacta a CEO Lawyer Personal Injury Law Firm para asesor\u00eda legal.","og_url":"https:\/\/ceolawyer.com\/espanol\/informe-de-accidente\/informe-policial-de-un-accidente-de-auto-en-georgia\/henry-county\/","og_site_name":"CEO Lawyer","article_modified_time":"2026-04-24T17:38:48+00:00","og_image":[{"width":500,"height":300,"url":"https:\/\/ceolawyer.com\/espanol\/wp-content\/uploads\/sites\/2\/2025\/12\/How-to-Obtain-Your-Henry-County-Police-Car-Accident-Report.webp","type":"image\/webp"}],"twitter_card":"summary_large_image","twitter_misc":{"Est. reading time":"4 minutes"},"schema":{"@context":"https:\/\/schema.org","@graph":[{"@type":"WebPage","@id":"https:\/\/ceolawyer.com\/espanol\/informe-de-accidente\/informe-policial-de-un-accidente-de-auto-en-georgia\/henry-county\/","url":"https:\/\/ceolawyer.com\/espanol\/informe-de-accidente\/informe-policial-de-un-accidente-de-auto-en-georgia\/henry-county\/","name":"C\u00f3mo Obtener el Informe de tu Accidente de Auto del Departamento de Polic\u00eda del Condado de Henry | CEO Lawyer","isPartOf":{"@id":"https:\/\/ceolawyer.com\/espanol\/#website"},"primaryImageOfPage":{"@id":"https:\/\/ceolawyer.com\/espanol\/informe-de-accidente\/informe-policial-de-un-accidente-de-auto-en-georgia\/henry-county\/#primaryimage"},"image":{"@id":"https:\/\/ceolawyer.com\/espanol\/informe-de-accidente\/informe-policial-de-un-accidente-de-auto-en-georgia\/henry-county\/#primaryimage"},"thumbnailUrl":"https:\/\/ceolawyer.com\/espanol\/wp-content\/uploads\/sites\/2\/2025\/12\/How-to-Obtain-Your-Henry-County-Police-Car-Accident-Report.webp","datePublished":"2025-12-22T11:56:10+00:00","dateModified":"2026-04-24T17:38:48+00:00","description":"Si tu accidente ocurri\u00f3 en el Condado de Henry, te ayudamos a obtener tu informe. Contacta a CEO Lawyer Personal Injury Law Firm para asesor\u00eda legal.","breadcrumb":{"@id":"https:\/\/ceolawyer.com\/espanol\/informe-de-accidente\/informe-policial-de-un-accidente-de-auto-en-georgia\/henry-county\/#breadcrumb"},"inLanguage":"en-US","potentialAction":[{"@type":"ReadAction","target":["https:\/\/ceolawyer.com\/espanol\/informe-de-accidente\/informe-policial-de-un-accidente-de-auto-en-georgia\/henry-county\/"]}]},{"@type":"ImageObject","inLanguage":"en-US","@id":"https:\/\/ceolawyer.com\/espanol\/informe-de-accidente\/informe-policial-de-un-accidente-de-auto-en-georgia\/henry-county\/#primaryimage","url":"https:\/\/ceolawyer.com\/espanol\/wp-content\/uploads\/sites\/2\/2025\/12\/How-to-Obtain-Your-Henry-County-Police-Car-Accident-Report.webp","contentUrl":"https:\/\/ceolawyer.com\/espanol\/wp-content\/uploads\/sites\/2\/2025\/12\/How-to-Obtain-Your-Henry-County-Police-Car-Accident-Report.webp","width":500,"height":300,"caption":"Un oficial de polic\u00eda caminando junto a una fila de conos de tr\u00e1fico en una calle de la ciudad durante el d\u00eda."},{"@type":"BreadcrumbList","@id":"https:\/\/ceolawyer.com\/espanol\/informe-de-accidente\/informe-policial-de-un-accidente-de-auto-en-georgia\/henry-county\/#breadcrumb","itemListElement":[{"@type":"ListItem","position":1,"name":"Home","item":"https:\/\/ceolawyer.com\/espanol\/"},{"@type":"ListItem","position":2,"name":"Consigue el Reporte Policial de tu Accidente de Auto","item":"https:\/\/ceolawyer.com\/espanol\/informe-de-accidente\/"},{"@type":"ListItem","position":3,"name":"C\u00f3mo Solicitar el Informe Policial de un Accidente de Auto en Georgia","item":"https:\/\/ceolawyer.com\/espanol\/informe-de-accidente\/informe-policial-de-un-accidente-de-auto-en-georgia\/"},{"@type":"ListItem","position":4,"name":"C\u00f3mo Obtener el Informe de tu Accidente de Auto del Departamento de Polic\u00eda del Condado de Henry"}]},{"@type":"WebSite","@id":"https:\/\/ceolawyer.com\/espanol\/#website","url":"https:\/\/ceolawyer.com\/espanol\/","name":"CEO Lawyer","description":"Personal Injury Attorney","publisher":{"@id":"https:\/\/ceolawyer.com\/espanol\/#organization"},"potentialAction":[{"@type":"SearchAction","target":{"@type":"EntryPoint","urlTemplate":"https:\/\/ceolawyer.com\/espanol\/?s={search_term_string}"},"query-input":{"@type":"PropertyValueSpecification","valueRequired":true,"valueName":"search_term_string"}}],"inLanguage":"en-US"},{"@type":"Organization","@id":"https:\/\/ceolawyer.com\/espanol\/#organization","name":"CEO Lawyer","url":"https:\/\/ceolawyer.com\/espanol\/","logo":{"@type":"ImageObject","inLanguage":"en-US","@id":"https:\/\/ceolawyer.com\/espanol\/#\/schema\/logo\/image\/","url":"https:\/\/ceolawyer.com\/espanol\/wp-content\/uploads\/sites\/2\/2022\/05\/CEO_Logo.png","contentUrl":"https:\/\/ceolawyer.com\/espanol\/wp-content\/uploads\/sites\/2\/2022\/05\/CEO_Logo.png","width":200,"height":108,"caption":"CEO Lawyer"},"image":{"@id":"https:\/\/ceolawyer.com\/espanol\/#\/schema\/logo\/image\/"}}]}},"_links":{"self":[{"href":"https:\/\/ceolawyer.com\/espanol\/wp-json\/wp\/v2\/pages\/12882","targetHints":{"allow":["GET"]}}],"collection":[{"href":"https:\/\/ceolawyer.com\/espanol\/wp-json\/wp\/v2\/pages"}],"about":[{"href":"https:\/\/ceolawyer.com\/espanol\/wp-json\/wp\/v2\/types\/page"}],"author":[{"embeddable":true,"href":"https:\/\/ceolawyer.com\/espanol\/wp-json\/wp\/v2\/users\/18"}],"replies":[{"embeddable":true,"href":"https:\/\/ceolawyer.com\/espanol\/wp-json\/wp\/v2\/comments?post=12882"}],"version-history":[{"count":0,"href":"https:\/\/ceolawyer.com\/espanol\/wp-json\/wp\/v2\/pages\/12882\/revisions"}],"up":[{"embeddable":true,"href":"https:\/\/ceolawyer.com\/espanol\/wp-json\/wp\/v2\/pages\/12737"}],"wp:featuredmedia":[{"embeddable":true,"href":"https:\/\/ceolawyer.com\/espanol\/wp-json\/wp\/v2\/media\/12884"}],"wp:attachment":[{"href":"https:\/\/ceolawyer.com\/espanol\/wp-json\/wp\/v2\/media?parent=12882"}],"curies":[{"name":"wp","href":"https:\/\/api.w.org\/{rel}","templated":true}]}}