{"id":12892,"date":"2025-12-22T12:14:49","date_gmt":"2025-12-22T12:14:49","guid":{"rendered":"https:\/\/ceolawyer.com\/espanol\/?page_id=12892"},"modified":"2025-12-22T12:17:51","modified_gmt":"2025-12-22T12:17:51","slug":"jacksonville","status":"publish","type":"page","link":"https:\/\/ceolawyer.com\/espanol\/informe-de-accidente\/informe-policial-de-un-accidente-de-auto-en-georgia\/jacksonville\/","title":{"rendered":"C\u00f3mo Obtener el Informe de tu Accidente de Auto del Departamento de Polic\u00eda de Jacksonville"},"content":{"rendered":"<p><img decoding=\"async\" class=\"alignright size-full wp-image-12894\" src=\"https:\/\/ceolawyer.com\/espanol\/wp-content\/uploads\/sites\/2\/2025\/12\/How-to-Obtain-Your-Jacksonville-Police-Department-Car-Accident-Report.webp\" alt=\"Una oficial de polic\u00eda con la mano en su radio mirando a la distancia despu\u00e9s de salir de su veh\u00edculo.\" width=\"500\" height=\"300\" srcset=\"https:\/\/ceolawyer.com\/espanol\/wp-content\/uploads\/sites\/2\/2025\/12\/How-to-Obtain-Your-Jacksonville-Police-Department-Car-Accident-Report.webp 500w, https:\/\/ceolawyer.com\/espanol\/wp-content\/uploads\/sites\/2\/2025\/12\/How-to-Obtain-Your-Jacksonville-Police-Department-Car-Accident-Report-300x180.webp 300w\" sizes=\"(max-width: 500px) 100vw, 500px\" \/>Los accidentes pasan y es normal sentirte aturdido y abrumado, pero un paso crucial para seguir adelante es conseguir el reporte oficial emitido por el Departamento de Polic\u00eda de Jacksonville.<\/p>\n<p>Incluso accidentes menores requieren la documentaci\u00f3n correcta y es por eso que reportar cualquier incidente es importante. Aqu\u00ed tienes una gu\u00eda para hacer del proceso algo sencillo.<\/p>\n<h3>Por qu\u00e9 es importante<\/h3>\n<p>Aunque parezca algo tedioso, solicitar un informe por parte del Departamento de Polic\u00eda de Jacksonville sirve como un registro oficial del accidente y puede ser \u00fatil para:<\/p>\n<ul>\n<li><strong>Reclamos del seguro: <\/strong>Tu compa\u00f1\u00eda de seguros, probablemente, te solicite una copia del informe para evaluar la situaci\u00f3n y determinar qui\u00e9n tiene la responsabilidad del accidente.<\/li>\n<li><strong>Asuntos legales: <\/strong>Si tu accidente escala, el reporte ser\u00e1 un recuento imparcial del accidente y podr\u00eda ser usado como evidencia.<\/li>\n<li><strong>Registros personales: <\/strong>No solo estar\u00e1s m\u00e1s tranquilo(a) de que tomaste todas las medidas necesarias para superar el accidente, el reporte tambi\u00e9n sirve como referencia para el futuro.<\/li>\n<\/ul>\n<h3>El proceso para reportar un accidente<\/h3>\n<ol>\n<li>Aseg\u00farate de que todos est\u00e9n fuera de peligro y, de ser posible, aleja los veh\u00edculos del tr\u00e1fico y enciende las luces de emergencia.<\/li>\n<li>\u00a0Intercambia tu informaci\u00f3n de contacto (nombre, tel\u00e9fono e informaci\u00f3n de tu seguro) con el otro conductor.<\/li>\n<li>Documenta todo. Usa tu tel\u00e9fono para tomar fotograf\u00edas de la escena del accidente, de los da\u00f1os a tu auto, la matr\u00edcula del otro veh\u00edculo. Toma nota de la fecha y la hora del accidente.<\/li>\n<li>Llama al n\u00famero de no emergencia de la polic\u00eda de Jacksonville y solicita que un oficial vaya para generar el informe del accidente.<\/li>\n<li>Contacta a tu compa\u00f1\u00eda de seguros inmediatamente. Ellos te guiar\u00e1n con el proceso para tu reclamaci\u00f3n.<\/li>\n<\/ol>\n<h2>M\u00e9todos para solicitar el informe de tu accidente<\/h2>\n<h3>En l\u00ednea<\/h3>\n<p>La manera m\u00e1s conveniente y r\u00e1pida para obtener una copia del informe de tu accidente de auto es a trav\u00e9s de BuyCrash, una plataforma de LexisNexis Risk Solutions. Sigue estos pasos:<\/p>\n<ol>\n<li>Dir\u00edgete a <a href=\"http:\/\/buycrash.com\">BuyCrash.com<\/a>.<\/li>\n<li>Ingresa la informaci\u00f3n necesaria sobre el accidente (fecha, lugar y hora del accidente, los nombres de los involucrados, etc.).<\/li>\n<li>Probablemente haya una tarifa por tramitar el informe. Aseg\u00farate de realizar un pago seguro en l\u00ednea.<\/li>\n<li>Una vez que se procese tu solicitud, recibir\u00e1s una copia digital del reporte emitido por el Departamento de Polic\u00eda de Jacksonville.<\/li>\n<\/ol>\n<h3>En persona<\/h3>\n<p>Si prefieres ir directamente a la fuente, puedes solicitar el informe en las oficinas principales del Departamento de Polic\u00eda de Jacksonville. Dir\u00edgete a 12 Water Tower Rd, Jacksonville, GA 31544, y sigue estas instrucciones:<\/p>\n<ol>\n<li>Ac\u00e9rcate a la recepci\u00f3n o al miembro del personal encargado de los informes de accidentes.<\/li>\n<li>Ten a la mano toda la informaci\u00f3n del accidente para que sea m\u00e1s f\u00e1cil el proceso de localizar tu reporte.<\/li>\n<li>Probablemente haya una tarifa por tramitar el informe. Los precios pueden variar, entonces, prep\u00e1rate para realizar ese gasto.<\/li>\n<li>Una vez que se procese tu solicitud, recibir\u00e1s una copia impresa del reporte. Puedes recibirla en el momento o dentro de un periodo de 3-5 d\u00edas h\u00e1biles.<\/li>\n<\/ol>\n<h3>Por correo<\/h3>\n<p>Actualmente, el Departamento de Polic\u00eda de Jacksonville no recibe solicitudes enviadas por correo. Pero puedes enviar una al Departamento de Transportes de Georgia siguiendo estos pasos:<\/p>\n<ul>\n<li>Llena el formulario de <a href=\"https:\/\/www.dot.ga.gov\/DriveSmart\/Data\/Documents\/Crash%20Reports%20and%20Forms\/request_form.pdf\">Solicitud de Reportes de Accidentes Individuales<\/a>.<\/li>\n<li>Env\u00edalo junto al pago a:<\/li>\n<\/ul>\n<p>Georgia Department of Transportation<\/p>\n<p>935 United Ave. SE, Bldg 24<\/p>\n<p>Atlanta, GA 30316<\/p>\n<ul>\n<li>El informe ser\u00e1 enviado por correo electr\u00f3nico o postal.<\/li>\n<\/ul>\n<p>Los informes tienen un costo de $5 d\u00f3lares. Se aplica un extra de $2 d\u00f3lares si el reporte debe estar certificado. Realiza el pago mediante giro postal o cheque de caja (no se acepta efectivo ni cheques personales).<\/p>\n<h2>\u00bfQu\u00e9 informaci\u00f3n viene incluida en el informe?<\/h2>\n<p>Una vez que tengas el reporte, estos son los detalles que encontrar\u00e1s:<\/p>\n<ul>\n<li>Fecha, lugar y hora del accidente<\/li>\n<li>Condiciones del clima y de la carretera a la hora del accidente.<\/li>\n<li>Informaci\u00f3n de los veh\u00edculos (marca, modelo, a\u00f1o, matr\u00edculas, N\u00fameros de Identificaci\u00f3n de los Veh\u00edculos).<\/li>\n<li>Informaci\u00f3n de los involucrados (nombres, direcciones, n\u00fameros de licencia, n\u00fameros de p\u00f3lizas de seguro).<\/li>\n<li>Declaraciones de conductores, pasajeros y testigos.<\/li>\n<li>Un recuento de los hechos redactado por el oficial de polic\u00eda.<\/li>\n<li>Diagramas o bosquejos de la escena.<\/li>\n<li>Una lista y descripci\u00f3n de los da\u00f1os y lesiones.<\/li>\n<li>Una lista de cualquier infracci\u00f3n generada.<\/li>\n<\/ul>\n<h2>\u00bfQu\u00e9 sigue despu\u00e9s de obtener el informe de tu accidente?<\/h2>\n<p>Si sufriste lesiones graves, perdiste dinero por no poder ir a trabajar o tu auto fue da\u00f1ado significativamente, navegar el complejo mundo legal para obtener la compensaci\u00f3n que mereces puede ser abrumador.<\/p>\n<p>Es por eso que contar con el apoyo de un <a href=\"https:\/\/ceolawyer.com\/georgia-personal-injury\/car-accident-lawyer\/\">abogado experimentado en accidentes de auto<\/a> de CEO Lawyer Personal Injury Law Firm es un segundo gran paso. As\u00ed es como nuestro equipo puede ayudarte:<\/p>\n<ul>\n<li>Nuestro equipo evaluar\u00e1 meticulosamente tu caso y examinar\u00e1 todas las pruebas (el informe del accidente, reportes m\u00e9dicos, etc.) para armar un caso a tu favor.<\/li>\n<li>Negociaremos cualquier acuerdo con tu compa\u00f1\u00eda de seguros para que recibas la indemnizaci\u00f3n que necesitas para cubrir el da\u00f1o total.<\/li>\n<li>Gestionaremos cada parte del proceso legal por ti, para que s\u00f3lo te enfoques en recuperarte.<\/li>\n<li>De ser necesario, te representaremos ante los tribunales si es necesario presentar una demanda.<\/li>\n<\/ul>\n<p>Cont\u00e1ctanos hoy para una consulta gratuita y d\u00e9janos ayudarte a conseguir la compensaci\u00f3n que mereces.<\/p>\n","protected":false},"excerpt":{"rendered":"<p>Los accidentes pasan y es normal sentirte aturdido y abrumado, pero un paso crucial para seguir adelante es conseguir el reporte oficial emitido por el Departamento de Polic\u00eda de Jacksonville. Incluso accidentes menores requieren la documentaci\u00f3n correcta y es por eso que reportar cualquier incidente es importante. Aqu\u00ed tienes una gu\u00eda para hacer del proceso [&hellip;]<\/p>\n","protected":false},"author":18,"featured_media":12894,"parent":12737,"menu_order":0,"comment_status":"closed","ping_status":"closed","template":"","meta":{"_acf_changed":false,"footnotes":""},"class_list":["post-12892","page","type-page","status-publish","has-post-thumbnail","hentry"],"acf":[],"yoast_head":"<!-- This site is optimized with the Yoast SEO plugin v27.2 - https:\/\/yoast.com\/product\/yoast-seo-wordpress\/ -->\n<title>C\u00f3mo Obtener el Informe de tu Accidente de Auto del Departamento de Polic\u00eda de Jacksonville | CEO Lawyer<\/title>\n<meta name=\"description\" content=\"\u00bfTuviste un accidente en Jacksonville? Te ayudamos a obtener tu informe. Contacta a CEO Lawyer Personal Injury Law Firm para orientaci\u00f3n legal.\" \/>\n<meta name=\"robots\" content=\"index, follow, max-snippet:-1, max-image-preview:large, max-video-preview:-1\" \/>\n<link rel=\"canonical\" href=\"https:\/\/ceolawyer.com\/espanol\/informe-de-accidente\/informe-policial-de-un-accidente-de-auto-en-georgia\/jacksonville\/\" \/>\n<meta property=\"og:locale\" content=\"en_US\" \/>\n<meta property=\"og:type\" content=\"article\" \/>\n<meta property=\"og:title\" content=\"C\u00f3mo Obtener el Informe de tu Accidente de Auto del Departamento de Polic\u00eda de Jacksonville | CEO Lawyer\" \/>\n<meta property=\"og:description\" content=\"\u00bfTuviste un accidente en Jacksonville? Te ayudamos a obtener tu informe. Contacta a CEO Lawyer Personal Injury Law Firm para orientaci\u00f3n legal.\" \/>\n<meta property=\"og:url\" content=\"https:\/\/ceolawyer.com\/espanol\/informe-de-accidente\/informe-policial-de-un-accidente-de-auto-en-georgia\/jacksonville\/\" \/>\n<meta property=\"og:site_name\" content=\"CEO Lawyer\" \/>\n<meta property=\"article:modified_time\" content=\"2025-12-22T12:17:51+00:00\" \/>\n<meta property=\"og:image\" content=\"https:\/\/ceolawyer.com\/espanol\/wp-content\/uploads\/sites\/2\/2025\/12\/How-to-Obtain-Your-Jacksonville-Police-Department-Car-Accident-Report.webp\" \/>\n\t<meta property=\"og:image:width\" content=\"500\" \/>\n\t<meta property=\"og:image:height\" content=\"300\" \/>\n\t<meta property=\"og:image:type\" content=\"image\/webp\" \/>\n<meta name=\"twitter:card\" content=\"summary_large_image\" \/>\n<meta name=\"twitter:label1\" content=\"Est. reading time\" \/>\n\t<meta name=\"twitter:data1\" content=\"5 minutes\" \/>\n<script type=\"application\/ld+json\" class=\"yoast-schema-graph\">{\"@context\":\"https:\/\/schema.org\",\"@graph\":[{\"@type\":\"WebPage\",\"@id\":\"https:\/\/ceolawyer.com\/espanol\/informe-de-accidente\/informe-policial-de-un-accidente-de-auto-en-georgia\/jacksonville\/\",\"url\":\"https:\/\/ceolawyer.com\/espanol\/informe-de-accidente\/informe-policial-de-un-accidente-de-auto-en-georgia\/jacksonville\/\",\"name\":\"C\u00f3mo Obtener el Informe de tu Accidente de Auto del Departamento de Polic\u00eda de Jacksonville | CEO Lawyer\",\"isPartOf\":{\"@id\":\"https:\/\/ceolawyer.com\/espanol\/#website\"},\"primaryImageOfPage\":{\"@id\":\"https:\/\/ceolawyer.com\/espanol\/informe-de-accidente\/informe-policial-de-un-accidente-de-auto-en-georgia\/jacksonville\/#primaryimage\"},\"image\":{\"@id\":\"https:\/\/ceolawyer.com\/espanol\/informe-de-accidente\/informe-policial-de-un-accidente-de-auto-en-georgia\/jacksonville\/#primaryimage\"},\"thumbnailUrl\":\"https:\/\/ceolawyer.com\/espanol\/wp-content\/uploads\/sites\/2\/2025\/12\/How-to-Obtain-Your-Jacksonville-Police-Department-Car-Accident-Report.webp\",\"datePublished\":\"2025-12-22T12:14:49+00:00\",\"dateModified\":\"2025-12-22T12:17:51+00:00\",\"description\":\"\u00bfTuviste un accidente en Jacksonville? Te ayudamos a obtener tu informe. Contacta a CEO Lawyer Personal Injury Law Firm para orientaci\u00f3n legal.\",\"breadcrumb\":{\"@id\":\"https:\/\/ceolawyer.com\/espanol\/informe-de-accidente\/informe-policial-de-un-accidente-de-auto-en-georgia\/jacksonville\/#breadcrumb\"},\"inLanguage\":\"en-US\",\"potentialAction\":[{\"@type\":\"ReadAction\",\"target\":[\"https:\/\/ceolawyer.com\/espanol\/informe-de-accidente\/informe-policial-de-un-accidente-de-auto-en-georgia\/jacksonville\/\"]}]},{\"@type\":\"ImageObject\",\"inLanguage\":\"en-US\",\"@id\":\"https:\/\/ceolawyer.com\/espanol\/informe-de-accidente\/informe-policial-de-un-accidente-de-auto-en-georgia\/jacksonville\/#primaryimage\",\"url\":\"https:\/\/ceolawyer.com\/espanol\/wp-content\/uploads\/sites\/2\/2025\/12\/How-to-Obtain-Your-Jacksonville-Police-Department-Car-Accident-Report.webp\",\"contentUrl\":\"https:\/\/ceolawyer.com\/espanol\/wp-content\/uploads\/sites\/2\/2025\/12\/How-to-Obtain-Your-Jacksonville-Police-Department-Car-Accident-Report.webp\",\"width\":500,\"height\":300,\"caption\":\"Una oficial de polic\u00eda con la mano en su radio mirando a la distancia despu\u00e9s de salir de su veh\u00edculo.\"},{\"@type\":\"BreadcrumbList\",\"@id\":\"https:\/\/ceolawyer.com\/espanol\/informe-de-accidente\/informe-policial-de-un-accidente-de-auto-en-georgia\/jacksonville\/#breadcrumb\",\"itemListElement\":[{\"@type\":\"ListItem\",\"position\":1,\"name\":\"Home\",\"item\":\"https:\/\/ceolawyer.com\/espanol\/\"},{\"@type\":\"ListItem\",\"position\":2,\"name\":\"Consigue el Reporte Policial de tu Accidente de Auto\",\"item\":\"https:\/\/ceolawyer.com\/espanol\/informe-de-accidente\/\"},{\"@type\":\"ListItem\",\"position\":3,\"name\":\"C\u00f3mo Solicitar el Informe Policial de un Accidente de Auto en Georgia\",\"item\":\"https:\/\/ceolawyer.com\/espanol\/informe-de-accidente\/informe-policial-de-un-accidente-de-auto-en-georgia\/\"},{\"@type\":\"ListItem\",\"position\":4,\"name\":\"C\u00f3mo Obtener el Informe de tu Accidente de Auto del Departamento de Polic\u00eda de Jacksonville\"}]},{\"@type\":\"WebSite\",\"@id\":\"https:\/\/ceolawyer.com\/espanol\/#website\",\"url\":\"https:\/\/ceolawyer.com\/espanol\/\",\"name\":\"CEO Lawyer\",\"description\":\"Personal Injury Attorney\",\"publisher\":{\"@id\":\"https:\/\/ceolawyer.com\/espanol\/#organization\"},\"potentialAction\":[{\"@type\":\"SearchAction\",\"target\":{\"@type\":\"EntryPoint\",\"urlTemplate\":\"https:\/\/ceolawyer.com\/espanol\/?s={search_term_string}\"},\"query-input\":{\"@type\":\"PropertyValueSpecification\",\"valueRequired\":true,\"valueName\":\"search_term_string\"}}],\"inLanguage\":\"en-US\"},{\"@type\":\"Organization\",\"@id\":\"https:\/\/ceolawyer.com\/espanol\/#organization\",\"name\":\"CEO Lawyer\",\"url\":\"https:\/\/ceolawyer.com\/espanol\/\",\"logo\":{\"@type\":\"ImageObject\",\"inLanguage\":\"en-US\",\"@id\":\"https:\/\/ceolawyer.com\/espanol\/#\/schema\/logo\/image\/\",\"url\":\"https:\/\/ceolawyer.com\/espanol\/wp-content\/uploads\/sites\/2\/2022\/05\/CEO_Logo.png\",\"contentUrl\":\"https:\/\/ceolawyer.com\/espanol\/wp-content\/uploads\/sites\/2\/2022\/05\/CEO_Logo.png\",\"width\":200,\"height\":108,\"caption\":\"CEO Lawyer\"},\"image\":{\"@id\":\"https:\/\/ceolawyer.com\/espanol\/#\/schema\/logo\/image\/\"}}]}<\/script>\n<!-- \/ Yoast SEO plugin. -->","yoast_head_json":{"title":"C\u00f3mo Obtener el Informe de tu Accidente de Auto del Departamento de Polic\u00eda de Jacksonville | CEO Lawyer","description":"\u00bfTuviste un accidente en Jacksonville? Te ayudamos a obtener tu informe. Contacta a CEO Lawyer Personal Injury Law Firm para orientaci\u00f3n legal.","robots":{"index":"index","follow":"follow","max-snippet":"max-snippet:-1","max-image-preview":"max-image-preview:large","max-video-preview":"max-video-preview:-1"},"canonical":"https:\/\/ceolawyer.com\/espanol\/informe-de-accidente\/informe-policial-de-un-accidente-de-auto-en-georgia\/jacksonville\/","og_locale":"en_US","og_type":"article","og_title":"C\u00f3mo Obtener el Informe de tu Accidente de Auto del Departamento de Polic\u00eda de Jacksonville | CEO Lawyer","og_description":"\u00bfTuviste un accidente en Jacksonville? Te ayudamos a obtener tu informe. Contacta a CEO Lawyer Personal Injury Law Firm para orientaci\u00f3n legal.","og_url":"https:\/\/ceolawyer.com\/espanol\/informe-de-accidente\/informe-policial-de-un-accidente-de-auto-en-georgia\/jacksonville\/","og_site_name":"CEO Lawyer","article_modified_time":"2025-12-22T12:17:51+00:00","og_image":[{"width":500,"height":300,"url":"https:\/\/ceolawyer.com\/espanol\/wp-content\/uploads\/sites\/2\/2025\/12\/How-to-Obtain-Your-Jacksonville-Police-Department-Car-Accident-Report.webp","type":"image\/webp"}],"twitter_card":"summary_large_image","twitter_misc":{"Est. reading time":"5 minutes"},"schema":{"@context":"https:\/\/schema.org","@graph":[{"@type":"WebPage","@id":"https:\/\/ceolawyer.com\/espanol\/informe-de-accidente\/informe-policial-de-un-accidente-de-auto-en-georgia\/jacksonville\/","url":"https:\/\/ceolawyer.com\/espanol\/informe-de-accidente\/informe-policial-de-un-accidente-de-auto-en-georgia\/jacksonville\/","name":"C\u00f3mo Obtener el Informe de tu Accidente de Auto del Departamento de Polic\u00eda de Jacksonville | CEO Lawyer","isPartOf":{"@id":"https:\/\/ceolawyer.com\/espanol\/#website"},"primaryImageOfPage":{"@id":"https:\/\/ceolawyer.com\/espanol\/informe-de-accidente\/informe-policial-de-un-accidente-de-auto-en-georgia\/jacksonville\/#primaryimage"},"image":{"@id":"https:\/\/ceolawyer.com\/espanol\/informe-de-accidente\/informe-policial-de-un-accidente-de-auto-en-georgia\/jacksonville\/#primaryimage"},"thumbnailUrl":"https:\/\/ceolawyer.com\/espanol\/wp-content\/uploads\/sites\/2\/2025\/12\/How-to-Obtain-Your-Jacksonville-Police-Department-Car-Accident-Report.webp","datePublished":"2025-12-22T12:14:49+00:00","dateModified":"2025-12-22T12:17:51+00:00","description":"\u00bfTuviste un accidente en Jacksonville? Te ayudamos a obtener tu informe. Contacta a CEO Lawyer Personal Injury Law Firm para orientaci\u00f3n legal.","breadcrumb":{"@id":"https:\/\/ceolawyer.com\/espanol\/informe-de-accidente\/informe-policial-de-un-accidente-de-auto-en-georgia\/jacksonville\/#breadcrumb"},"inLanguage":"en-US","potentialAction":[{"@type":"ReadAction","target":["https:\/\/ceolawyer.com\/espanol\/informe-de-accidente\/informe-policial-de-un-accidente-de-auto-en-georgia\/jacksonville\/"]}]},{"@type":"ImageObject","inLanguage":"en-US","@id":"https:\/\/ceolawyer.com\/espanol\/informe-de-accidente\/informe-policial-de-un-accidente-de-auto-en-georgia\/jacksonville\/#primaryimage","url":"https:\/\/ceolawyer.com\/espanol\/wp-content\/uploads\/sites\/2\/2025\/12\/How-to-Obtain-Your-Jacksonville-Police-Department-Car-Accident-Report.webp","contentUrl":"https:\/\/ceolawyer.com\/espanol\/wp-content\/uploads\/sites\/2\/2025\/12\/How-to-Obtain-Your-Jacksonville-Police-Department-Car-Accident-Report.webp","width":500,"height":300,"caption":"Una oficial de polic\u00eda con la mano en su radio mirando a la distancia despu\u00e9s de salir de su veh\u00edculo."},{"@type":"BreadcrumbList","@id":"https:\/\/ceolawyer.com\/espanol\/informe-de-accidente\/informe-policial-de-un-accidente-de-auto-en-georgia\/jacksonville\/#breadcrumb","itemListElement":[{"@type":"ListItem","position":1,"name":"Home","item":"https:\/\/ceolawyer.com\/espanol\/"},{"@type":"ListItem","position":2,"name":"Consigue el Reporte Policial de tu Accidente de Auto","item":"https:\/\/ceolawyer.com\/espanol\/informe-de-accidente\/"},{"@type":"ListItem","position":3,"name":"C\u00f3mo Solicitar el Informe Policial de un Accidente de Auto en Georgia","item":"https:\/\/ceolawyer.com\/espanol\/informe-de-accidente\/informe-policial-de-un-accidente-de-auto-en-georgia\/"},{"@type":"ListItem","position":4,"name":"C\u00f3mo Obtener el Informe de tu Accidente de Auto del Departamento de Polic\u00eda de Jacksonville"}]},{"@type":"WebSite","@id":"https:\/\/ceolawyer.com\/espanol\/#website","url":"https:\/\/ceolawyer.com\/espanol\/","name":"CEO Lawyer","description":"Personal Injury Attorney","publisher":{"@id":"https:\/\/ceolawyer.com\/espanol\/#organization"},"potentialAction":[{"@type":"SearchAction","target":{"@type":"EntryPoint","urlTemplate":"https:\/\/ceolawyer.com\/espanol\/?s={search_term_string}"},"query-input":{"@type":"PropertyValueSpecification","valueRequired":true,"valueName":"search_term_string"}}],"inLanguage":"en-US"},{"@type":"Organization","@id":"https:\/\/ceolawyer.com\/espanol\/#organization","name":"CEO Lawyer","url":"https:\/\/ceolawyer.com\/espanol\/","logo":{"@type":"ImageObject","inLanguage":"en-US","@id":"https:\/\/ceolawyer.com\/espanol\/#\/schema\/logo\/image\/","url":"https:\/\/ceolawyer.com\/espanol\/wp-content\/uploads\/sites\/2\/2022\/05\/CEO_Logo.png","contentUrl":"https:\/\/ceolawyer.com\/espanol\/wp-content\/uploads\/sites\/2\/2022\/05\/CEO_Logo.png","width":200,"height":108,"caption":"CEO Lawyer"},"image":{"@id":"https:\/\/ceolawyer.com\/espanol\/#\/schema\/logo\/image\/"}}]}},"_links":{"self":[{"href":"https:\/\/ceolawyer.com\/espanol\/wp-json\/wp\/v2\/pages\/12892","targetHints":{"allow":["GET"]}}],"collection":[{"href":"https:\/\/ceolawyer.com\/espanol\/wp-json\/wp\/v2\/pages"}],"about":[{"href":"https:\/\/ceolawyer.com\/espanol\/wp-json\/wp\/v2\/types\/page"}],"author":[{"embeddable":true,"href":"https:\/\/ceolawyer.com\/espanol\/wp-json\/wp\/v2\/users\/18"}],"replies":[{"embeddable":true,"href":"https:\/\/ceolawyer.com\/espanol\/wp-json\/wp\/v2\/comments?post=12892"}],"version-history":[{"count":0,"href":"https:\/\/ceolawyer.com\/espanol\/wp-json\/wp\/v2\/pages\/12892\/revisions"}],"up":[{"embeddable":true,"href":"https:\/\/ceolawyer.com\/espanol\/wp-json\/wp\/v2\/pages\/12737"}],"wp:featuredmedia":[{"embeddable":true,"href":"https:\/\/ceolawyer.com\/espanol\/wp-json\/wp\/v2\/media\/12894"}],"wp:attachment":[{"href":"https:\/\/ceolawyer.com\/espanol\/wp-json\/wp\/v2\/media?parent=12892"}],"curies":[{"name":"wp","href":"https:\/\/api.w.org\/{rel}","templated":true}]}}