{"id":12895,"date":"2025-12-22T12:18:30","date_gmt":"2025-12-22T12:18:30","guid":{"rendered":"https:\/\/ceolawyer.com\/espanol\/?page_id=12895"},"modified":"2025-12-22T12:22:02","modified_gmt":"2025-12-22T12:22:02","slug":"jesup","status":"publish","type":"page","link":"https:\/\/ceolawyer.com\/espanol\/informe-de-accidente\/informe-policial-de-un-accidente-de-auto-en-georgia\/jesup\/","title":{"rendered":"C\u00f3mo Obtener el Informe de tu Accidente de Auto del Departamento de Polic\u00eda de Jesup"},"content":{"rendered":"<p><img decoding=\"async\" class=\"alignright size-full wp-image-12897\" src=\"https:\/\/ceolawyer.com\/espanol\/wp-content\/uploads\/sites\/2\/2025\/12\/How-to-Obtain-Your-Jesup-Police-Department-Car-Accident-Report.webp\" alt=\"Un coche de polic\u00eda parando al lado de la carretera por la noche con sus luces de emergencia encendidas.\" width=\"500\" height=\"300\" srcset=\"https:\/\/ceolawyer.com\/espanol\/wp-content\/uploads\/sites\/2\/2025\/12\/How-to-Obtain-Your-Jesup-Police-Department-Car-Accident-Report.webp 500w, https:\/\/ceolawyer.com\/espanol\/wp-content\/uploads\/sites\/2\/2025\/12\/How-to-Obtain-Your-Jesup-Police-Department-Car-Accident-Report-300x180.webp 300w\" sizes=\"(max-width: 500px) 100vw, 500px\" \/>\u00bfSufriste un accidente de tr\u00e1fico en Jesup, Georgia? Tranquilo, respira y sigue leyendo esta gu\u00eda de c\u00f3mo solicitar una copia del reporte oficial emitido por el Departamento de Polic\u00eda local.<\/p>\n<p>Este documento es clave para proteger tus derechos y que cualquier proceso que requieras seguir sea f\u00e1cil y sin problemas. El informe es importante para:<\/p>\n<ul>\n<li><strong>Reclamos del seguro: <\/strong>El reporte es un recuento imparcial que tu aseguradora utilizar\u00e1 para iniciar el proceso para compensar los da\u00f1os que sufriste por el accidente.<\/li>\n<li><strong>Evidencia legal: <\/strong>En caso de que tu caso requiera tomar acciones legales, el informe se convertir\u00e1 en una herramienta crucial.<\/li>\n<li><strong>Registro personal: <\/strong>Tener una referencia oficial puede traerte paz mental y ser \u00fatil en el futuro.<\/li>\n<\/ul>\n<h2>M\u00e9todos para solicitar el informe de tu accidente<\/h2>\n<h3>En l\u00ednea<\/h3>\n<p>La manera m\u00e1s conveniente y r\u00e1pida para obtener una copia del informe de tu accidente de auto es a trav\u00e9s de BuyCrash, una plataforma de LexisNexis Risk Solutions. Sigue estos pasos:<\/p>\n<ol>\n<li>Dir\u00edgete a <a href=\"http:\/\/buycrash.com\">BuyCrash.com<\/a>.<\/li>\n<li>Ingresa la informaci\u00f3n necesaria sobre el accidente (fecha, lugar y hora del accidente, los nombres de los involucrados, etc.).<\/li>\n<li>Probablemente haya una tarifa por tramitar el informe. Aseg\u00farate de realizar un pago seguro en l\u00ednea.<\/li>\n<li>Una vez que se procese tu solicitud, recibir\u00e1s una copia digital del reporte emitido por el Departamento de Polic\u00eda de Jesup.<\/li>\n<\/ol>\n<h3>En persona<\/h3>\n<p>Si prefieres ir directamente a la fuente, puedes solicitar el informe en las oficinas principales del Departamento de Polic\u00eda de Jesup. Dir\u00edgete a 642 E Plum St, Jesup, GA 31546, de lunes a viernes de 8AM a 5PM.<\/p>\n<p>Recuerda llevar tu identificaci\u00f3n y cualquier informaci\u00f3n relevante del accidente para que sea m\u00e1s f\u00e1cil recuperarlo.<\/p>\n<p>Si tienes dudas o necesitas asistencia durante el proceso, contacta directamente al Departamento de Polic\u00eda de Jesup al: <a href=\"tel:+19124271300\">(912) 427-1300<\/a>.<\/p>\n<h3>Departamento de Transportes de Georgia<\/h3>\n<p>Puedes enviar una al Departamento de Transportes de Georgia siguiendo estos pasos:<\/p>\n<ul>\n<li>Llena el formulario de <a href=\"https:\/\/www.dot.ga.gov\/DriveSmart\/Data\/Documents\/Crash%20Reports%20and%20Forms\/request_form.pdf\">Solicitud de Reportes de Accidentes Individuales<\/a>.<\/li>\n<li>Env\u00edalo junto al pago a:<\/li>\n<\/ul>\n<p>Georgia Department of Transportation<\/p>\n<p>935 United Ave. SE, Bldg 24<\/p>\n<p>Atlanta, GA 30316<\/p>\n<ul>\n<li>El informe ser\u00e1 enviado por correo electr\u00f3nico o postal.<\/li>\n<\/ul>\n<p>Los informes tienen un costo de $5 d\u00f3lares. Se aplica un extra de $2 d\u00f3lares si el reporte debe estar certificado. Realiza el pago mediante giro postal o cheque de caja (no se acepta efectivo ni cheques personales).<\/p>\n<h2>Sobre las leyes de accidentes de auto en georgia<\/h2>\n<p>Es importante saber que, con respecto a accidentes de tr\u00e1fico, Georgia es un estado de culpa, lo que significa que el conductor que caus\u00f3 el accidente es responsable de cubrir los da\u00f1os.<\/p>\n<p>Si puedes demostrar que el otro conductor fue negligente o acciones ilegales fueron las causantes del accidente, entonces tienes derecho a solicitar una indemnizaci\u00f3n por gastos m\u00e9dicos, reparaciones que tu auto necesite, salarios perdidos y otros costos relacionados con el accidente.<\/p>\n<h3>Busca asesor\u00eda legal<\/h3>\n<p>Si necesitas ayuda sobre c\u00f3mo proceder despu\u00e9s de tu accidente de auto, o est\u00e1s considerando tomar acciones legales, un <a href=\"https:\/\/ceolawyer.com\/georgia-personal-injury\/\">abogado con experiencia en leyes de da\u00f1os personales<\/a> es el compa\u00f1ero indicado para navegar estos procesos.<\/p>\n<p>En CEO Lawyer Personal Injury Law Firm contamos con un equipo de abogados experimentados en accidentes de auto en Georgia y est\u00e1n listos para ayudarte a responder tus preguntas y luchar por que consigas la compensaci\u00f3n que mereces. \u00a1<a href=\"https:\/\/ceolawyer.com\/contact-us\/\">Agenda tu consulta gratis<\/a> hoy!<\/p>\n","protected":false},"excerpt":{"rendered":"<p>\u00bfSufriste un accidente de tr\u00e1fico en Jesup, Georgia? Tranquilo, respira y sigue leyendo esta gu\u00eda de c\u00f3mo solicitar una copia del reporte oficial emitido por el Departamento de Polic\u00eda local. Este documento es clave para proteger tus derechos y que cualquier proceso que requieras seguir sea f\u00e1cil y sin problemas. El informe es importante para: [&hellip;]<\/p>\n","protected":false},"author":18,"featured_media":12897,"parent":12737,"menu_order":0,"comment_status":"closed","ping_status":"closed","template":"","meta":{"_acf_changed":false,"footnotes":""},"class_list":["post-12895","page","type-page","status-publish","has-post-thumbnail","hentry"],"acf":[],"yoast_head":"<!-- This site is optimized with the Yoast SEO plugin v27.5 - https:\/\/yoast.com\/product\/yoast-seo-wordpress\/ -->\n<title>C\u00f3mo Obtener el Informe de tu Accidente de Auto del Departamento de Polic\u00eda de Jesup | CEO Lawyer<\/title>\n<meta name=\"description\" content=\"Obt\u00e9n tu informe de accidente en Jesup de forma sencilla. CEO Lawyer Personal Injury Law Firm puede asesorarte en cada paso. \u00a1Cont\u00e1ctanos hoy!\" \/>\n<meta name=\"robots\" content=\"index, follow, max-snippet:-1, max-image-preview:large, max-video-preview:-1\" \/>\n<link rel=\"canonical\" href=\"https:\/\/ceolawyer.com\/espanol\/informe-de-accidente\/informe-policial-de-un-accidente-de-auto-en-georgia\/jesup\/\" \/>\n<meta property=\"og:locale\" content=\"en_US\" \/>\n<meta property=\"og:type\" content=\"article\" \/>\n<meta property=\"og:title\" content=\"C\u00f3mo Obtener el Informe de tu Accidente de Auto del Departamento de Polic\u00eda de Jesup | CEO Lawyer\" \/>\n<meta property=\"og:description\" content=\"Obt\u00e9n tu informe de accidente en Jesup de forma sencilla. CEO Lawyer Personal Injury Law Firm puede asesorarte en cada paso. \u00a1Cont\u00e1ctanos hoy!\" \/>\n<meta property=\"og:url\" content=\"https:\/\/ceolawyer.com\/espanol\/informe-de-accidente\/informe-policial-de-un-accidente-de-auto-en-georgia\/jesup\/\" \/>\n<meta property=\"og:site_name\" content=\"CEO Lawyer\" \/>\n<meta property=\"article:modified_time\" content=\"2025-12-22T12:22:02+00:00\" \/>\n<meta property=\"og:image\" content=\"https:\/\/ceolawyer.com\/espanol\/wp-content\/uploads\/sites\/2\/2025\/12\/How-to-Obtain-Your-Jesup-Police-Department-Car-Accident-Report.webp\" \/>\n\t<meta property=\"og:image:width\" content=\"500\" \/>\n\t<meta property=\"og:image:height\" content=\"300\" \/>\n\t<meta property=\"og:image:type\" content=\"image\/webp\" \/>\n<meta name=\"twitter:card\" content=\"summary_large_image\" \/>\n<meta name=\"twitter:label1\" content=\"Est. reading time\" \/>\n\t<meta name=\"twitter:data1\" content=\"3 minutes\" \/>\n<script type=\"application\/ld+json\" class=\"yoast-schema-graph\">{\"@context\":\"https:\\\/\\\/schema.org\",\"@graph\":[{\"@type\":\"WebPage\",\"@id\":\"https:\\\/\\\/ceolawyer.com\\\/espanol\\\/informe-de-accidente\\\/informe-policial-de-un-accidente-de-auto-en-georgia\\\/jesup\\\/\",\"url\":\"https:\\\/\\\/ceolawyer.com\\\/espanol\\\/informe-de-accidente\\\/informe-policial-de-un-accidente-de-auto-en-georgia\\\/jesup\\\/\",\"name\":\"C\u00f3mo Obtener el Informe de tu Accidente de Auto del Departamento de Polic\u00eda de Jesup | CEO Lawyer\",\"isPartOf\":{\"@id\":\"https:\\\/\\\/ceolawyer.com\\\/espanol\\\/#website\"},\"primaryImageOfPage\":{\"@id\":\"https:\\\/\\\/ceolawyer.com\\\/espanol\\\/informe-de-accidente\\\/informe-policial-de-un-accidente-de-auto-en-georgia\\\/jesup\\\/#primaryimage\"},\"image\":{\"@id\":\"https:\\\/\\\/ceolawyer.com\\\/espanol\\\/informe-de-accidente\\\/informe-policial-de-un-accidente-de-auto-en-georgia\\\/jesup\\\/#primaryimage\"},\"thumbnailUrl\":\"https:\\\/\\\/ceolawyer.com\\\/espanol\\\/wp-content\\\/uploads\\\/sites\\\/2\\\/2025\\\/12\\\/How-to-Obtain-Your-Jesup-Police-Department-Car-Accident-Report.webp\",\"datePublished\":\"2025-12-22T12:18:30+00:00\",\"dateModified\":\"2025-12-22T12:22:02+00:00\",\"description\":\"Obt\u00e9n tu informe de accidente en Jesup de forma sencilla. CEO Lawyer Personal Injury Law Firm puede asesorarte en cada paso. \u00a1Cont\u00e1ctanos hoy!\",\"breadcrumb\":{\"@id\":\"https:\\\/\\\/ceolawyer.com\\\/espanol\\\/informe-de-accidente\\\/informe-policial-de-un-accidente-de-auto-en-georgia\\\/jesup\\\/#breadcrumb\"},\"inLanguage\":\"en-US\",\"potentialAction\":[{\"@type\":\"ReadAction\",\"target\":[\"https:\\\/\\\/ceolawyer.com\\\/espanol\\\/informe-de-accidente\\\/informe-policial-de-un-accidente-de-auto-en-georgia\\\/jesup\\\/\"]}]},{\"@type\":\"ImageObject\",\"inLanguage\":\"en-US\",\"@id\":\"https:\\\/\\\/ceolawyer.com\\\/espanol\\\/informe-de-accidente\\\/informe-policial-de-un-accidente-de-auto-en-georgia\\\/jesup\\\/#primaryimage\",\"url\":\"https:\\\/\\\/ceolawyer.com\\\/espanol\\\/wp-content\\\/uploads\\\/sites\\\/2\\\/2025\\\/12\\\/How-to-Obtain-Your-Jesup-Police-Department-Car-Accident-Report.webp\",\"contentUrl\":\"https:\\\/\\\/ceolawyer.com\\\/espanol\\\/wp-content\\\/uploads\\\/sites\\\/2\\\/2025\\\/12\\\/How-to-Obtain-Your-Jesup-Police-Department-Car-Accident-Report.webp\",\"width\":500,\"height\":300,\"caption\":\"Un coche de polic\u00eda parando al lado de la carretera por la noche con sus luces de emergencia encendidas.\"},{\"@type\":\"BreadcrumbList\",\"@id\":\"https:\\\/\\\/ceolawyer.com\\\/espanol\\\/informe-de-accidente\\\/informe-policial-de-un-accidente-de-auto-en-georgia\\\/jesup\\\/#breadcrumb\",\"itemListElement\":[{\"@type\":\"ListItem\",\"position\":1,\"name\":\"Home\",\"item\":\"https:\\\/\\\/ceolawyer.com\\\/espanol\\\/\"},{\"@type\":\"ListItem\",\"position\":2,\"name\":\"Consigue el Reporte Policial de tu Accidente de Auto\",\"item\":\"https:\\\/\\\/ceolawyer.com\\\/espanol\\\/informe-de-accidente\\\/\"},{\"@type\":\"ListItem\",\"position\":3,\"name\":\"C\u00f3mo Solicitar el Informe Policial de un Accidente de Auto en Georgia\",\"item\":\"https:\\\/\\\/ceolawyer.com\\\/espanol\\\/informe-de-accidente\\\/informe-policial-de-un-accidente-de-auto-en-georgia\\\/\"},{\"@type\":\"ListItem\",\"position\":4,\"name\":\"C\u00f3mo Obtener el Informe de tu Accidente de Auto del Departamento de Polic\u00eda de Jesup\"}]},{\"@type\":\"WebSite\",\"@id\":\"https:\\\/\\\/ceolawyer.com\\\/espanol\\\/#website\",\"url\":\"https:\\\/\\\/ceolawyer.com\\\/espanol\\\/\",\"name\":\"CEO Lawyer\",\"description\":\"Personal Injury Attorney\",\"publisher\":{\"@id\":\"https:\\\/\\\/ceolawyer.com\\\/espanol\\\/#organization\"},\"potentialAction\":[{\"@type\":\"SearchAction\",\"target\":{\"@type\":\"EntryPoint\",\"urlTemplate\":\"https:\\\/\\\/ceolawyer.com\\\/espanol\\\/?s={search_term_string}\"},\"query-input\":{\"@type\":\"PropertyValueSpecification\",\"valueRequired\":true,\"valueName\":\"search_term_string\"}}],\"inLanguage\":\"en-US\"},{\"@type\":\"Organization\",\"@id\":\"https:\\\/\\\/ceolawyer.com\\\/espanol\\\/#organization\",\"name\":\"CEO Lawyer\",\"url\":\"https:\\\/\\\/ceolawyer.com\\\/espanol\\\/\",\"logo\":{\"@type\":\"ImageObject\",\"inLanguage\":\"en-US\",\"@id\":\"https:\\\/\\\/ceolawyer.com\\\/espanol\\\/#\\\/schema\\\/logo\\\/image\\\/\",\"url\":\"https:\\\/\\\/ceolawyer.com\\\/espanol\\\/wp-content\\\/uploads\\\/sites\\\/2\\\/2022\\\/05\\\/CEO_Logo.png\",\"contentUrl\":\"https:\\\/\\\/ceolawyer.com\\\/espanol\\\/wp-content\\\/uploads\\\/sites\\\/2\\\/2022\\\/05\\\/CEO_Logo.png\",\"width\":200,\"height\":108,\"caption\":\"CEO Lawyer\"},\"image\":{\"@id\":\"https:\\\/\\\/ceolawyer.com\\\/espanol\\\/#\\\/schema\\\/logo\\\/image\\\/\"}}]}<\/script>\n<!-- \/ Yoast SEO plugin. -->","yoast_head_json":{"title":"C\u00f3mo Obtener el Informe de tu Accidente de Auto del Departamento de Polic\u00eda de Jesup | CEO Lawyer","description":"Obt\u00e9n tu informe de accidente en Jesup de forma sencilla. CEO Lawyer Personal Injury Law Firm puede asesorarte en cada paso. \u00a1Cont\u00e1ctanos hoy!","robots":{"index":"index","follow":"follow","max-snippet":"max-snippet:-1","max-image-preview":"max-image-preview:large","max-video-preview":"max-video-preview:-1"},"canonical":"https:\/\/ceolawyer.com\/espanol\/informe-de-accidente\/informe-policial-de-un-accidente-de-auto-en-georgia\/jesup\/","og_locale":"en_US","og_type":"article","og_title":"C\u00f3mo Obtener el Informe de tu Accidente de Auto del Departamento de Polic\u00eda de Jesup | CEO Lawyer","og_description":"Obt\u00e9n tu informe de accidente en Jesup de forma sencilla. CEO Lawyer Personal Injury Law Firm puede asesorarte en cada paso. \u00a1Cont\u00e1ctanos hoy!","og_url":"https:\/\/ceolawyer.com\/espanol\/informe-de-accidente\/informe-policial-de-un-accidente-de-auto-en-georgia\/jesup\/","og_site_name":"CEO Lawyer","article_modified_time":"2025-12-22T12:22:02+00:00","og_image":[{"width":500,"height":300,"url":"https:\/\/ceolawyer.com\/espanol\/wp-content\/uploads\/sites\/2\/2025\/12\/How-to-Obtain-Your-Jesup-Police-Department-Car-Accident-Report.webp","type":"image\/webp"}],"twitter_card":"summary_large_image","twitter_misc":{"Est. reading time":"3 minutes"},"schema":{"@context":"https:\/\/schema.org","@graph":[{"@type":"WebPage","@id":"https:\/\/ceolawyer.com\/espanol\/informe-de-accidente\/informe-policial-de-un-accidente-de-auto-en-georgia\/jesup\/","url":"https:\/\/ceolawyer.com\/espanol\/informe-de-accidente\/informe-policial-de-un-accidente-de-auto-en-georgia\/jesup\/","name":"C\u00f3mo Obtener el Informe de tu Accidente de Auto del Departamento de Polic\u00eda de Jesup | CEO Lawyer","isPartOf":{"@id":"https:\/\/ceolawyer.com\/espanol\/#website"},"primaryImageOfPage":{"@id":"https:\/\/ceolawyer.com\/espanol\/informe-de-accidente\/informe-policial-de-un-accidente-de-auto-en-georgia\/jesup\/#primaryimage"},"image":{"@id":"https:\/\/ceolawyer.com\/espanol\/informe-de-accidente\/informe-policial-de-un-accidente-de-auto-en-georgia\/jesup\/#primaryimage"},"thumbnailUrl":"https:\/\/ceolawyer.com\/espanol\/wp-content\/uploads\/sites\/2\/2025\/12\/How-to-Obtain-Your-Jesup-Police-Department-Car-Accident-Report.webp","datePublished":"2025-12-22T12:18:30+00:00","dateModified":"2025-12-22T12:22:02+00:00","description":"Obt\u00e9n tu informe de accidente en Jesup de forma sencilla. CEO Lawyer Personal Injury Law Firm puede asesorarte en cada paso. \u00a1Cont\u00e1ctanos hoy!","breadcrumb":{"@id":"https:\/\/ceolawyer.com\/espanol\/informe-de-accidente\/informe-policial-de-un-accidente-de-auto-en-georgia\/jesup\/#breadcrumb"},"inLanguage":"en-US","potentialAction":[{"@type":"ReadAction","target":["https:\/\/ceolawyer.com\/espanol\/informe-de-accidente\/informe-policial-de-un-accidente-de-auto-en-georgia\/jesup\/"]}]},{"@type":"ImageObject","inLanguage":"en-US","@id":"https:\/\/ceolawyer.com\/espanol\/informe-de-accidente\/informe-policial-de-un-accidente-de-auto-en-georgia\/jesup\/#primaryimage","url":"https:\/\/ceolawyer.com\/espanol\/wp-content\/uploads\/sites\/2\/2025\/12\/How-to-Obtain-Your-Jesup-Police-Department-Car-Accident-Report.webp","contentUrl":"https:\/\/ceolawyer.com\/espanol\/wp-content\/uploads\/sites\/2\/2025\/12\/How-to-Obtain-Your-Jesup-Police-Department-Car-Accident-Report.webp","width":500,"height":300,"caption":"Un coche de polic\u00eda parando al lado de la carretera por la noche con sus luces de emergencia encendidas."},{"@type":"BreadcrumbList","@id":"https:\/\/ceolawyer.com\/espanol\/informe-de-accidente\/informe-policial-de-un-accidente-de-auto-en-georgia\/jesup\/#breadcrumb","itemListElement":[{"@type":"ListItem","position":1,"name":"Home","item":"https:\/\/ceolawyer.com\/espanol\/"},{"@type":"ListItem","position":2,"name":"Consigue el Reporte Policial de tu Accidente de Auto","item":"https:\/\/ceolawyer.com\/espanol\/informe-de-accidente\/"},{"@type":"ListItem","position":3,"name":"C\u00f3mo Solicitar el Informe Policial de un Accidente de Auto en Georgia","item":"https:\/\/ceolawyer.com\/espanol\/informe-de-accidente\/informe-policial-de-un-accidente-de-auto-en-georgia\/"},{"@type":"ListItem","position":4,"name":"C\u00f3mo Obtener el Informe de tu Accidente de Auto del Departamento de Polic\u00eda de Jesup"}]},{"@type":"WebSite","@id":"https:\/\/ceolawyer.com\/espanol\/#website","url":"https:\/\/ceolawyer.com\/espanol\/","name":"CEO Lawyer","description":"Personal Injury Attorney","publisher":{"@id":"https:\/\/ceolawyer.com\/espanol\/#organization"},"potentialAction":[{"@type":"SearchAction","target":{"@type":"EntryPoint","urlTemplate":"https:\/\/ceolawyer.com\/espanol\/?s={search_term_string}"},"query-input":{"@type":"PropertyValueSpecification","valueRequired":true,"valueName":"search_term_string"}}],"inLanguage":"en-US"},{"@type":"Organization","@id":"https:\/\/ceolawyer.com\/espanol\/#organization","name":"CEO Lawyer","url":"https:\/\/ceolawyer.com\/espanol\/","logo":{"@type":"ImageObject","inLanguage":"en-US","@id":"https:\/\/ceolawyer.com\/espanol\/#\/schema\/logo\/image\/","url":"https:\/\/ceolawyer.com\/espanol\/wp-content\/uploads\/sites\/2\/2022\/05\/CEO_Logo.png","contentUrl":"https:\/\/ceolawyer.com\/espanol\/wp-content\/uploads\/sites\/2\/2022\/05\/CEO_Logo.png","width":200,"height":108,"caption":"CEO Lawyer"},"image":{"@id":"https:\/\/ceolawyer.com\/espanol\/#\/schema\/logo\/image\/"}}]}},"_links":{"self":[{"href":"https:\/\/ceolawyer.com\/espanol\/wp-json\/wp\/v2\/pages\/12895","targetHints":{"allow":["GET"]}}],"collection":[{"href":"https:\/\/ceolawyer.com\/espanol\/wp-json\/wp\/v2\/pages"}],"about":[{"href":"https:\/\/ceolawyer.com\/espanol\/wp-json\/wp\/v2\/types\/page"}],"author":[{"embeddable":true,"href":"https:\/\/ceolawyer.com\/espanol\/wp-json\/wp\/v2\/users\/18"}],"replies":[{"embeddable":true,"href":"https:\/\/ceolawyer.com\/espanol\/wp-json\/wp\/v2\/comments?post=12895"}],"version-history":[{"count":0,"href":"https:\/\/ceolawyer.com\/espanol\/wp-json\/wp\/v2\/pages\/12895\/revisions"}],"up":[{"embeddable":true,"href":"https:\/\/ceolawyer.com\/espanol\/wp-json\/wp\/v2\/pages\/12737"}],"wp:featuredmedia":[{"embeddable":true,"href":"https:\/\/ceolawyer.com\/espanol\/wp-json\/wp\/v2\/media\/12897"}],"wp:attachment":[{"href":"https:\/\/ceolawyer.com\/espanol\/wp-json\/wp\/v2\/media?parent=12895"}],"curies":[{"name":"wp","href":"https:\/\/api.w.org\/{rel}","templated":true}]}}