{"id":12904,"date":"2025-12-22T12:34:03","date_gmt":"2025-12-22T12:34:03","guid":{"rendered":"https:\/\/ceolawyer.com\/espanol\/?page_id=12904"},"modified":"2025-12-22T12:39:20","modified_gmt":"2025-12-22T12:39:20","slug":"lagrange","status":"publish","type":"page","link":"https:\/\/ceolawyer.com\/espanol\/informe-de-accidente\/informe-policial-de-un-accidente-de-auto-en-georgia\/lagrange\/","title":{"rendered":"C\u00f3mo Obtener el Informe de tu Accidente de Auto del Departamento de Polic\u00eda de LaGrange"},"content":{"rendered":"<p><img decoding=\"async\" class=\"alignright size-full wp-image-12906\" src=\"https:\/\/ceolawyer.com\/espanol\/wp-content\/uploads\/sites\/2\/2025\/12\/How-to-Obtain-Your-LaGrange-Police-Department-Car-Accident-Report.webp\" alt=\"Un oficial de polic\u00eda saliendo de su veh\u00edculo y sosteniendo la puerta respondiendo a un accidente.\" width=\"500\" height=\"300\" srcset=\"https:\/\/ceolawyer.com\/espanol\/wp-content\/uploads\/sites\/2\/2025\/12\/How-to-Obtain-Your-LaGrange-Police-Department-Car-Accident-Report.webp 500w, https:\/\/ceolawyer.com\/espanol\/wp-content\/uploads\/sites\/2\/2025\/12\/How-to-Obtain-Your-LaGrange-Police-Department-Car-Accident-Report-300x180.webp 300w\" sizes=\"(max-width: 500px) 100vw, 500px\" \/>\u00bfSufriste un accidente? Uno de los pasos a seguir es conseguir el informe policial. Este documento es clave para tu reclamaci\u00f3n del seguro, tomar decisiones legales y para futuras referencias.<\/p>\n<p>Esta gu\u00eda se enfoca en los protocolos del Departamento de Polic\u00eda de LaGrange para solicitar una copia del reporte. Sigue estos consejos para que el proceso sea sencillo y no le a\u00f1ada m\u00e1s estr\u00e9s a tu situaci\u00f3n.<\/p>\n<h3>Sobre el Departamento de Polic\u00eda de LaGrange<\/h3>\n<p>Esta entidad es crucial para mantener la seguridad vial, hacer cumplir las leyes y mantener el orden en la comunidad de LaGrange. Una de sus unidades, la Unidad de Tr\u00e1fico, se enfoca en investigar accidentes automovil\u00edsticos y participar en la educaci\u00f3n vial, promoviendo la seguridad en carreteras.<\/p>\n<h3>Causas comunes de accidentes en LaGrange<\/h3>\n<p>Antes de adentrarnos al proceso para obtener el informe de tu accidente, es crucial que sepas cu\u00e1les son las causas comunes de un accidente automovil\u00edstico en el \u00e1rea. Factores como:<\/p>\n<ul>\n<li>Exceso de velocidad.<\/li>\n<li>pasarse un sem\u00e1foro en rojo o una se\u00f1al de alto.<\/li>\n<li>Distracciones al volante.<\/li>\n<li>Conducir de forma imprudente.<\/li>\n<li>Manejar bajo la influencia del alcohol o drogas.<\/li>\n<li>Malas condiciones del clima o de la carretera.<\/li>\n<\/ul>\n<h2>M\u00e9todos para solicitar el informe de tu accidente<\/h2>\n<h3>En l\u00ednea<\/h3>\n<p>Puedes usar el servicio de BuyCrash para obtener una copia digital del reporte policial. Sigue estas instrucciones:<\/p>\n<ol>\n<li>Entra a BuyCrash.com y selecciona \u201cGeorgia\u201d como estado.<\/li>\n<li>Elige \u201cLaGrange Police Department\u201d como la jurisdicci\u00f3n a cargo del reporte.<\/li>\n<li>Da clic en \u201cStart Search\u201d e incluye los siguientes datos:<\/li>\n<\/ol>\n<ul>\n<li>Apellido<\/li>\n<li>Fecha del accidente.<\/li>\n<li>N\u00famero de reporte del caso.<\/li>\n<li>N\u00famero de Identificaci\u00f3n del Veh\u00edculo.<\/li>\n<li>N\u00famero de licencia de conducir.<\/li>\n<\/ul>\n<p><em>Nota: Este servicio incluye una tarifa.<\/em><\/p>\n<h3>En persona<\/h3>\n<p>Dir\u00edgete a la Estaci\u00f3n de Registros para hablar con el personal. Direcci\u00f3n: 100 Haralson St, LaGrange, GA 30241.<\/p>\n<h3>Por correo\/fax<\/h3>\n<ul>\n<li>Entra al sitio oficial del Departamento de Polic\u00eda de LaGrange, dir\u00edgete a la secci\u00f3n de Registros P\u00fablicos y descarga el <a href=\"https:\/\/lagrangega.govqa.us\/WEBAPP\/_rs\/(S(usvmlv1onhyjmsni5abtnrnn))\/supporthome.aspx\">formulario<\/a>.<\/li>\n<li>Una vez que hayas llenado el formulario, impr\u00edmelo y env\u00edalo por fax al: <a href=\"tel:+17068832606\">(706) 883-2606<\/a>.<\/li>\n<li>Tambi\u00e9n puedes contactar directamente a Registros P\u00fablicos al <a href=\"tel:+17068832603\">(706) 883-2603<\/a> para solicitar el formulario y enviarlo por correo posta.<\/li>\n<\/ul>\n<h3>\u00bfQu\u00e9 informaci\u00f3n vas a necesitar?<\/h3>\n<p>Cuando solicites tu informe, es \u00fatil tener estos datos a la mano:<\/p>\n<ul>\n<li>Fecha, hora y lugar del accidente.<\/li>\n<li>Informaci\u00f3n de las partes involucradas (n\u00fameros de licencia de conducir, datos de contacto, etc.).<\/li>\n<li>Informaci\u00f3n de los veh\u00edculos (matr\u00edcula, descripciones de los autos y los da\u00f1os).<\/li>\n<li>N\u00famero del reporte (si lo tienes).<\/li>\n<\/ul>\n<p>Sin importar qu\u00e9 m\u00e9todo elijas para solicitar tu copia del reporte, tener estos datos disponibles har\u00e1n que el proceso tome menos tiempo.<\/p>\n<h2>\u00bfPor qu\u00e9 es importante tener una copia del informe?<\/h2>\n<h3>Reclamaciones de seguro<\/h3>\n<p>El reporte incluye informaci\u00f3n que har\u00e1 que el proceso de reclamaci\u00f3n sea m\u00e1s eficiente.<\/p>\n<h3>Acciones legales<\/h3>\n<p>Si es necesario tomar acciones legales, el informe sirve como parte de la evidencia para apoyar tu caso.<\/p>\n<h3>Referencia<\/h3>\n<p>Es importante tener un registro imparcial para futuras referencias.<\/p>\n<h2>\u00bfQu\u00e9 pasa si no recuerdas todos los detalles?<\/h2>\n<p>Esto es lo que debes hacer:<\/p>\n<ol>\n<li>Contacta al Departamento de Polic\u00eda de LaGrange al <a href=\"tel:+17068832603\">(706) 883-2603<\/a> y expl\u00edcales la situaci\u00f3n.<\/li>\n<li>Comparte con el personal del departamento todos los detalles que recuerdes.<\/li>\n<li>El departamento puede solicitar tu nombre, n\u00famero de licencia de conducir y otros detalles para confirmar tu identidad.<\/li>\n<li>Inf\u00f3rmales que necesitas una copia del reporte y pregunta si hay tarifas.<\/li>\n<\/ol>\n<h2>\u00bfY si el informe tiene declaraciones contradictorias?<\/h2>\n<p>A veces, estos reporte pueden incluir testimonios de las partes involucradas que no coinciden. Si ese es el caso, sigue estas instrucciones:<\/p>\n<ul>\n<li>Lee detalladamente el informe y anota cualquier dato con el que no est\u00e9s de acuerdo.<\/li>\n<li>Si hubo testigos, intenta conseguir una declaraci\u00f3n de su parte.<\/li>\n<li>Re\u00fane evidencia que apoye tu versi\u00f3n de los hechos (fotograf\u00edas, declaraciones, videos).<\/li>\n<li>El departamento empezar\u00e1 una investigaci\u00f3n bas\u00e1ndose en las declaraciones de testigos, evidencia y su experiencia profesional.<\/li>\n<li>Informa a tu compa\u00f1\u00eda de seguros sobre las irregularidades que encontraste en el reporte y solicita su apoyo.<\/li>\n<li>Si la situaci\u00f3n no se resuelve, considera consultar a un abogado con amplia experiencia en accidentes de auto.<\/li>\n<\/ul>\n<h3>Si no est\u00e1s de acuerdo con tu compa\u00f1\u00eda de seguros o el reporte de accidente<\/h3>\n<p>Lo primero que tienes que hacer es revisar el informe y la evaluaci\u00f3n de tu aseguradora.<\/p>\n<ul>\n<li>Arma tu caso y re\u00fane la evidencia necesaria (fotograf\u00edas, declaraciones de testigos y registros m\u00e9dicos).<\/li>\n<li>Mant\u00e9n una comunicaci\u00f3n abierta con tu compa\u00f1\u00eda de seguros y enf\u00f3cate en presentar una explicaci\u00f3n clara y concisa, apoy\u00e1ndote de la evidencia que reuniste.<\/li>\n<li>Solicita una reevaluaci\u00f3n de tu caso.<\/li>\n<li>Busca apoyo legal por parte de un <a href=\"https:\/\/ceolawyer.com\/georgia-personal-injury\/car-accident-lawyer\/\">abogado con experiencia en accidentes de auto en Georgia<\/a>.<\/li>\n<\/ul>\n<h2>Encuentra un aliado en CEO Lawyer Personal Injury Law Firm<\/h2>\n<p>Nuestro equipo cuenta con la experiencia legal que necesitas para navegar estos procesos y buscar la compensaci\u00f3n que necesitas para cubrir los gastos despu\u00e9s de tu accidente de auto.<\/p>\n<p>Cont\u00e1ctanos para una <a href=\"https:\/\/ceolawyer.com\/contact-us\/\">consulta gratuita<\/a>.<\/p>\n","protected":false},"excerpt":{"rendered":"<p>\u00bfSufriste un accidente? Uno de los pasos a seguir es conseguir el informe policial. Este documento es clave para tu reclamaci\u00f3n del seguro, tomar decisiones legales y para futuras referencias. Esta gu\u00eda se enfoca en los protocolos del Departamento de Polic\u00eda de LaGrange para solicitar una copia del reporte. Sigue estos consejos para que el [&hellip;]<\/p>\n","protected":false},"author":18,"featured_media":12906,"parent":12737,"menu_order":0,"comment_status":"closed","ping_status":"closed","template":"","meta":{"_acf_changed":false,"footnotes":""},"class_list":["post-12904","page","type-page","status-publish","has-post-thumbnail","hentry"],"acf":[],"yoast_head":"<!-- This site is optimized with the Yoast SEO plugin v27.2 - https:\/\/yoast.com\/product\/yoast-seo-wordpress\/ -->\n<title>C\u00f3mo Obtener el Informe de tu Accidente de Auto del Departamento de Polic\u00eda de LaGrange | CEO Lawyer<\/title>\n<meta name=\"description\" content=\"Need your LaGrange accident report? Get it hassle-free. CEO Lawyer Personal Injury Law Firm is here to help. Call today!\" \/>\n<meta name=\"robots\" content=\"index, follow, max-snippet:-1, max-image-preview:large, max-video-preview:-1\" \/>\n<link rel=\"canonical\" href=\"https:\/\/ceolawyer.com\/espanol\/informe-de-accidente\/informe-policial-de-un-accidente-de-auto-en-georgia\/lagrange\/\" \/>\n<meta property=\"og:locale\" content=\"en_US\" \/>\n<meta property=\"og:type\" content=\"article\" \/>\n<meta property=\"og:title\" content=\"C\u00f3mo Obtener el Informe de tu Accidente de Auto del Departamento de Polic\u00eda de LaGrange | CEO Lawyer\" \/>\n<meta property=\"og:description\" content=\"Need your LaGrange accident report? Get it hassle-free. CEO Lawyer Personal Injury Law Firm is here to help. Call today!\" \/>\n<meta property=\"og:url\" content=\"https:\/\/ceolawyer.com\/espanol\/informe-de-accidente\/informe-policial-de-un-accidente-de-auto-en-georgia\/lagrange\/\" \/>\n<meta property=\"og:site_name\" content=\"CEO Lawyer\" \/>\n<meta property=\"article:modified_time\" content=\"2025-12-22T12:39:20+00:00\" \/>\n<meta property=\"og:image\" content=\"https:\/\/ceolawyer.com\/espanol\/wp-content\/uploads\/sites\/2\/2025\/12\/How-to-Obtain-Your-LaGrange-Police-Department-Car-Accident-Report.webp\" \/>\n\t<meta property=\"og:image:width\" content=\"500\" \/>\n\t<meta property=\"og:image:height\" content=\"300\" \/>\n\t<meta property=\"og:image:type\" content=\"image\/webp\" \/>\n<meta name=\"twitter:card\" content=\"summary_large_image\" \/>\n<meta name=\"twitter:label1\" content=\"Est. reading time\" \/>\n\t<meta name=\"twitter:data1\" content=\"4 minutes\" \/>\n<script type=\"application\/ld+json\" class=\"yoast-schema-graph\">{\"@context\":\"https:\/\/schema.org\",\"@graph\":[{\"@type\":\"WebPage\",\"@id\":\"https:\/\/ceolawyer.com\/espanol\/informe-de-accidente\/informe-policial-de-un-accidente-de-auto-en-georgia\/lagrange\/\",\"url\":\"https:\/\/ceolawyer.com\/espanol\/informe-de-accidente\/informe-policial-de-un-accidente-de-auto-en-georgia\/lagrange\/\",\"name\":\"C\u00f3mo Obtener el Informe de tu Accidente de Auto del Departamento de Polic\u00eda de LaGrange | CEO Lawyer\",\"isPartOf\":{\"@id\":\"https:\/\/ceolawyer.com\/espanol\/#website\"},\"primaryImageOfPage\":{\"@id\":\"https:\/\/ceolawyer.com\/espanol\/informe-de-accidente\/informe-policial-de-un-accidente-de-auto-en-georgia\/lagrange\/#primaryimage\"},\"image\":{\"@id\":\"https:\/\/ceolawyer.com\/espanol\/informe-de-accidente\/informe-policial-de-un-accidente-de-auto-en-georgia\/lagrange\/#primaryimage\"},\"thumbnailUrl\":\"https:\/\/ceolawyer.com\/espanol\/wp-content\/uploads\/sites\/2\/2025\/12\/How-to-Obtain-Your-LaGrange-Police-Department-Car-Accident-Report.webp\",\"datePublished\":\"2025-12-22T12:34:03+00:00\",\"dateModified\":\"2025-12-22T12:39:20+00:00\",\"description\":\"Need your LaGrange accident report? Get it hassle-free. CEO Lawyer Personal Injury Law Firm is here to help. Call today!\",\"breadcrumb\":{\"@id\":\"https:\/\/ceolawyer.com\/espanol\/informe-de-accidente\/informe-policial-de-un-accidente-de-auto-en-georgia\/lagrange\/#breadcrumb\"},\"inLanguage\":\"en-US\",\"potentialAction\":[{\"@type\":\"ReadAction\",\"target\":[\"https:\/\/ceolawyer.com\/espanol\/informe-de-accidente\/informe-policial-de-un-accidente-de-auto-en-georgia\/lagrange\/\"]}]},{\"@type\":\"ImageObject\",\"inLanguage\":\"en-US\",\"@id\":\"https:\/\/ceolawyer.com\/espanol\/informe-de-accidente\/informe-policial-de-un-accidente-de-auto-en-georgia\/lagrange\/#primaryimage\",\"url\":\"https:\/\/ceolawyer.com\/espanol\/wp-content\/uploads\/sites\/2\/2025\/12\/How-to-Obtain-Your-LaGrange-Police-Department-Car-Accident-Report.webp\",\"contentUrl\":\"https:\/\/ceolawyer.com\/espanol\/wp-content\/uploads\/sites\/2\/2025\/12\/How-to-Obtain-Your-LaGrange-Police-Department-Car-Accident-Report.webp\",\"width\":500,\"height\":300,\"caption\":\"Un oficial de polic\u00eda saliendo de su veh\u00edculo y sosteniendo la puerta respondiendo a un accidente.\"},{\"@type\":\"BreadcrumbList\",\"@id\":\"https:\/\/ceolawyer.com\/espanol\/informe-de-accidente\/informe-policial-de-un-accidente-de-auto-en-georgia\/lagrange\/#breadcrumb\",\"itemListElement\":[{\"@type\":\"ListItem\",\"position\":1,\"name\":\"Home\",\"item\":\"https:\/\/ceolawyer.com\/espanol\/\"},{\"@type\":\"ListItem\",\"position\":2,\"name\":\"Consigue el Reporte Policial de tu Accidente de Auto\",\"item\":\"https:\/\/ceolawyer.com\/espanol\/informe-de-accidente\/\"},{\"@type\":\"ListItem\",\"position\":3,\"name\":\"C\u00f3mo Solicitar el Informe Policial de un Accidente de Auto en Georgia\",\"item\":\"https:\/\/ceolawyer.com\/espanol\/informe-de-accidente\/informe-policial-de-un-accidente-de-auto-en-georgia\/\"},{\"@type\":\"ListItem\",\"position\":4,\"name\":\"C\u00f3mo Obtener el Informe de tu Accidente de Auto del Departamento de Polic\u00eda de LaGrange\"}]},{\"@type\":\"WebSite\",\"@id\":\"https:\/\/ceolawyer.com\/espanol\/#website\",\"url\":\"https:\/\/ceolawyer.com\/espanol\/\",\"name\":\"CEO Lawyer\",\"description\":\"Personal Injury Attorney\",\"publisher\":{\"@id\":\"https:\/\/ceolawyer.com\/espanol\/#organization\"},\"potentialAction\":[{\"@type\":\"SearchAction\",\"target\":{\"@type\":\"EntryPoint\",\"urlTemplate\":\"https:\/\/ceolawyer.com\/espanol\/?s={search_term_string}\"},\"query-input\":{\"@type\":\"PropertyValueSpecification\",\"valueRequired\":true,\"valueName\":\"search_term_string\"}}],\"inLanguage\":\"en-US\"},{\"@type\":\"Organization\",\"@id\":\"https:\/\/ceolawyer.com\/espanol\/#organization\",\"name\":\"CEO Lawyer\",\"url\":\"https:\/\/ceolawyer.com\/espanol\/\",\"logo\":{\"@type\":\"ImageObject\",\"inLanguage\":\"en-US\",\"@id\":\"https:\/\/ceolawyer.com\/espanol\/#\/schema\/logo\/image\/\",\"url\":\"https:\/\/ceolawyer.com\/espanol\/wp-content\/uploads\/sites\/2\/2022\/05\/CEO_Logo.png\",\"contentUrl\":\"https:\/\/ceolawyer.com\/espanol\/wp-content\/uploads\/sites\/2\/2022\/05\/CEO_Logo.png\",\"width\":200,\"height\":108,\"caption\":\"CEO Lawyer\"},\"image\":{\"@id\":\"https:\/\/ceolawyer.com\/espanol\/#\/schema\/logo\/image\/\"}}]}<\/script>\n<!-- \/ Yoast SEO plugin. -->","yoast_head_json":{"title":"C\u00f3mo Obtener el Informe de tu Accidente de Auto del Departamento de Polic\u00eda de LaGrange | CEO Lawyer","description":"Need your LaGrange accident report? Get it hassle-free. CEO Lawyer Personal Injury Law Firm is here to help. Call today!","robots":{"index":"index","follow":"follow","max-snippet":"max-snippet:-1","max-image-preview":"max-image-preview:large","max-video-preview":"max-video-preview:-1"},"canonical":"https:\/\/ceolawyer.com\/espanol\/informe-de-accidente\/informe-policial-de-un-accidente-de-auto-en-georgia\/lagrange\/","og_locale":"en_US","og_type":"article","og_title":"C\u00f3mo Obtener el Informe de tu Accidente de Auto del Departamento de Polic\u00eda de LaGrange | CEO Lawyer","og_description":"Need your LaGrange accident report? Get it hassle-free. CEO Lawyer Personal Injury Law Firm is here to help. Call today!","og_url":"https:\/\/ceolawyer.com\/espanol\/informe-de-accidente\/informe-policial-de-un-accidente-de-auto-en-georgia\/lagrange\/","og_site_name":"CEO Lawyer","article_modified_time":"2025-12-22T12:39:20+00:00","og_image":[{"width":500,"height":300,"url":"https:\/\/ceolawyer.com\/espanol\/wp-content\/uploads\/sites\/2\/2025\/12\/How-to-Obtain-Your-LaGrange-Police-Department-Car-Accident-Report.webp","type":"image\/webp"}],"twitter_card":"summary_large_image","twitter_misc":{"Est. reading time":"4 minutes"},"schema":{"@context":"https:\/\/schema.org","@graph":[{"@type":"WebPage","@id":"https:\/\/ceolawyer.com\/espanol\/informe-de-accidente\/informe-policial-de-un-accidente-de-auto-en-georgia\/lagrange\/","url":"https:\/\/ceolawyer.com\/espanol\/informe-de-accidente\/informe-policial-de-un-accidente-de-auto-en-georgia\/lagrange\/","name":"C\u00f3mo Obtener el Informe de tu Accidente de Auto del Departamento de Polic\u00eda de LaGrange | CEO Lawyer","isPartOf":{"@id":"https:\/\/ceolawyer.com\/espanol\/#website"},"primaryImageOfPage":{"@id":"https:\/\/ceolawyer.com\/espanol\/informe-de-accidente\/informe-policial-de-un-accidente-de-auto-en-georgia\/lagrange\/#primaryimage"},"image":{"@id":"https:\/\/ceolawyer.com\/espanol\/informe-de-accidente\/informe-policial-de-un-accidente-de-auto-en-georgia\/lagrange\/#primaryimage"},"thumbnailUrl":"https:\/\/ceolawyer.com\/espanol\/wp-content\/uploads\/sites\/2\/2025\/12\/How-to-Obtain-Your-LaGrange-Police-Department-Car-Accident-Report.webp","datePublished":"2025-12-22T12:34:03+00:00","dateModified":"2025-12-22T12:39:20+00:00","description":"Need your LaGrange accident report? Get it hassle-free. CEO Lawyer Personal Injury Law Firm is here to help. Call today!","breadcrumb":{"@id":"https:\/\/ceolawyer.com\/espanol\/informe-de-accidente\/informe-policial-de-un-accidente-de-auto-en-georgia\/lagrange\/#breadcrumb"},"inLanguage":"en-US","potentialAction":[{"@type":"ReadAction","target":["https:\/\/ceolawyer.com\/espanol\/informe-de-accidente\/informe-policial-de-un-accidente-de-auto-en-georgia\/lagrange\/"]}]},{"@type":"ImageObject","inLanguage":"en-US","@id":"https:\/\/ceolawyer.com\/espanol\/informe-de-accidente\/informe-policial-de-un-accidente-de-auto-en-georgia\/lagrange\/#primaryimage","url":"https:\/\/ceolawyer.com\/espanol\/wp-content\/uploads\/sites\/2\/2025\/12\/How-to-Obtain-Your-LaGrange-Police-Department-Car-Accident-Report.webp","contentUrl":"https:\/\/ceolawyer.com\/espanol\/wp-content\/uploads\/sites\/2\/2025\/12\/How-to-Obtain-Your-LaGrange-Police-Department-Car-Accident-Report.webp","width":500,"height":300,"caption":"Un oficial de polic\u00eda saliendo de su veh\u00edculo y sosteniendo la puerta respondiendo a un accidente."},{"@type":"BreadcrumbList","@id":"https:\/\/ceolawyer.com\/espanol\/informe-de-accidente\/informe-policial-de-un-accidente-de-auto-en-georgia\/lagrange\/#breadcrumb","itemListElement":[{"@type":"ListItem","position":1,"name":"Home","item":"https:\/\/ceolawyer.com\/espanol\/"},{"@type":"ListItem","position":2,"name":"Consigue el Reporte Policial de tu Accidente de Auto","item":"https:\/\/ceolawyer.com\/espanol\/informe-de-accidente\/"},{"@type":"ListItem","position":3,"name":"C\u00f3mo Solicitar el Informe Policial de un Accidente de Auto en Georgia","item":"https:\/\/ceolawyer.com\/espanol\/informe-de-accidente\/informe-policial-de-un-accidente-de-auto-en-georgia\/"},{"@type":"ListItem","position":4,"name":"C\u00f3mo Obtener el Informe de tu Accidente de Auto del Departamento de Polic\u00eda de LaGrange"}]},{"@type":"WebSite","@id":"https:\/\/ceolawyer.com\/espanol\/#website","url":"https:\/\/ceolawyer.com\/espanol\/","name":"CEO Lawyer","description":"Personal Injury Attorney","publisher":{"@id":"https:\/\/ceolawyer.com\/espanol\/#organization"},"potentialAction":[{"@type":"SearchAction","target":{"@type":"EntryPoint","urlTemplate":"https:\/\/ceolawyer.com\/espanol\/?s={search_term_string}"},"query-input":{"@type":"PropertyValueSpecification","valueRequired":true,"valueName":"search_term_string"}}],"inLanguage":"en-US"},{"@type":"Organization","@id":"https:\/\/ceolawyer.com\/espanol\/#organization","name":"CEO Lawyer","url":"https:\/\/ceolawyer.com\/espanol\/","logo":{"@type":"ImageObject","inLanguage":"en-US","@id":"https:\/\/ceolawyer.com\/espanol\/#\/schema\/logo\/image\/","url":"https:\/\/ceolawyer.com\/espanol\/wp-content\/uploads\/sites\/2\/2022\/05\/CEO_Logo.png","contentUrl":"https:\/\/ceolawyer.com\/espanol\/wp-content\/uploads\/sites\/2\/2022\/05\/CEO_Logo.png","width":200,"height":108,"caption":"CEO Lawyer"},"image":{"@id":"https:\/\/ceolawyer.com\/espanol\/#\/schema\/logo\/image\/"}}]}},"_links":{"self":[{"href":"https:\/\/ceolawyer.com\/espanol\/wp-json\/wp\/v2\/pages\/12904","targetHints":{"allow":["GET"]}}],"collection":[{"href":"https:\/\/ceolawyer.com\/espanol\/wp-json\/wp\/v2\/pages"}],"about":[{"href":"https:\/\/ceolawyer.com\/espanol\/wp-json\/wp\/v2\/types\/page"}],"author":[{"embeddable":true,"href":"https:\/\/ceolawyer.com\/espanol\/wp-json\/wp\/v2\/users\/18"}],"replies":[{"embeddable":true,"href":"https:\/\/ceolawyer.com\/espanol\/wp-json\/wp\/v2\/comments?post=12904"}],"version-history":[{"count":0,"href":"https:\/\/ceolawyer.com\/espanol\/wp-json\/wp\/v2\/pages\/12904\/revisions"}],"up":[{"embeddable":true,"href":"https:\/\/ceolawyer.com\/espanol\/wp-json\/wp\/v2\/pages\/12737"}],"wp:featuredmedia":[{"embeddable":true,"href":"https:\/\/ceolawyer.com\/espanol\/wp-json\/wp\/v2\/media\/12906"}],"wp:attachment":[{"href":"https:\/\/ceolawyer.com\/espanol\/wp-json\/wp\/v2\/media?parent=12904"}],"curies":[{"name":"wp","href":"https:\/\/api.w.org\/{rel}","templated":true}]}}