{"id":12920,"date":"2025-12-22T13:08:25","date_gmt":"2025-12-22T13:08:25","guid":{"rendered":"https:\/\/ceolawyer.com\/espanol\/?page_id=12920"},"modified":"2026-03-30T13:13:56","modified_gmt":"2026-03-30T13:13:56","slug":"lowndes-county","status":"publish","type":"page","link":"https:\/\/ceolawyer.com\/espanol\/informe-de-accidente\/informe-policial-de-un-accidente-de-auto-en-georgia\/lowndes-county\/","title":{"rendered":"C\u00f3mo obtener tu informe de accidente automovil\u00edstico de la oficina del alguacil de Lowndes County"},"content":{"rendered":"<p><img decoding=\"async\" class=\"alignright size-full wp-image-12922\" src=\"https:\/\/ceolawyer.com\/espanol\/wp-content\/uploads\/sites\/2\/2025\/12\/How-to-Obtain-Your-Lowndes-County-Sheriffs-Office-Car-Accident-Report.webp\" alt=\"Una mujer explicando a dos oficiales de polic\u00eda lo que sucedi\u00f3 en la escena de un accidente.\" width=\"500\" height=\"300\" srcset=\"https:\/\/ceolawyer.com\/espanol\/wp-content\/uploads\/sites\/2\/2025\/12\/How-to-Obtain-Your-Lowndes-County-Sheriffs-Office-Car-Accident-Report.webp 500w, https:\/\/ceolawyer.com\/espanol\/wp-content\/uploads\/sites\/2\/2025\/12\/How-to-Obtain-Your-Lowndes-County-Sheriffs-Office-Car-Accident-Report-300x180.webp 300w\" sizes=\"(max-width: 500px) 100vw, 500px\" \/>\u00bfHas estado involucrado en un accidente automovil\u00edstico en Lowndes County? Puede ser una experiencia estresante, y obtener una copia oficial del informe policial (tambi\u00e9n conocido como un informe de accidente automovil\u00edstico o un informe policial de accidente) es un pr\u00f3ximo paso importante.<\/p>\n<p>Este informe sirve como una pieza cr\u00edtica de documentaci\u00f3n por varios prop\u00f3sitos, incluyendo presentar un reclamo de seguro con tu compa\u00f1\u00eda de seguro, perseguir asesor\u00eda legal y simplemente tener un registro de los detalles del accidente.<\/p>\n<h2>Obt\u00e9n tu informe de accidente automovil\u00edstico de la oficina del alguacil de Lowndes County<\/h2>\n<p>El informe policial de accidente sirve como documentaci\u00f3n clave para reclamos de seguro y materias legales, as\u00ed como mantener un registro personal de los detalles del accidente. Aqu\u00ed hay un desglose de las diferentes maneras en que puedes obtener tu informe de accidente automovil\u00edstico de la oficina del alguacil de Lowndes County.<\/p>\n<h3>Por tel\u00e9fono<\/h3>\n<p>Esta es una opci\u00f3n conveniente para aquellos que prefieren una llamada r\u00e1pida. Simplemente marca al <a href=\"tel:+12996712900\">(299) 671-2900<\/a> y con\u00e9ctate con la divisi\u00f3n de registros de la oficina del alguacil.<\/p>\n<p>Prep\u00e1rate para otorgar detalles sobre tu accidente, como la fecha, la hora y el lugar para agilizar el proceso.<\/p>\n<h3>En persona<\/h3>\n<p>Si prefieres una interacci\u00f3n cara a cara, ve a la oficina del alguacil de Lowndes County localizado en 120 Prison Farm Road, Valdosta, GA 31601. Ya ah\u00ed, habla con un representante en la divisi\u00f3n de registros y pide tu informe de accidente.<\/p>\n<p>Recuerda traer detalles sobre el accidente para ayudar a localizarlo eficientemente.<\/p>\n<h3>Por email<\/h3>\n<p>Esta opci\u00f3n ofrece flexibilidad. Puedes enviar tu pedido a <a href=\"mailto:sgin@lowndescounty.com\">sgin@lowndescounty.com<\/a> con toda la informaci\u00f3n relevante del accidente, incluyendo la fecha, la hora y el lugar. La oficina del alguacil procesar\u00e1 tu pedido y otorgar\u00e1 m\u00e1s instrucciones para obtener tu informe.<\/p>\n<h3>En l\u00ednea<\/h3>\n<h4>Registros del condado<\/h4>\n<ul>\n<li>Descarga una copia del formulario de pedido de registros abiertos.<\/li>\n<li>Llena el formulario electr\u00f3nicamente o impr\u00edmelo, ll\u00e9nalo a mano, y env\u00edalo electr\u00f3nicamente a <a href=\"mailto:sgin@lowndescounty.com\">sgin@lowndescounty.com<\/a>.<\/li>\n<\/ul>\n<h4>BuyCrash<\/h4>\n<p>Aqu\u00ed est\u00e1 lo que tienes que hacer:<\/p>\n<ul>\n<li>Hacer clic en el link hacia <a href=\"https:\/\/buycrash.lexisnexisrisk.com\/ui\/home\">com<\/a>.<\/li>\n<li>En la p\u00e1gina de buycrash.com, selecciona <strong>Georgia <\/strong>como tu estado.<\/li>\n<li>Escoge la jurisdicci\u00f3n que investig\u00f3 tu accidente automovil\u00edstico del segundo men\u00fa desplegable, es decir, el <strong>Alguacil de Lowndes County.<\/strong><\/li>\n<li>Haz clic en <strong>empezar b\u00fasqueda <\/strong>para proceder.<\/li>\n<li>Te pedir\u00e1n dar detalles como:\n<ul>\n<li>Apellidos<\/li>\n<li>Fecha del accidente<\/li>\n<li>N\u00famero de informe del caso<\/li>\n<li>VIN (n\u00famero de identificaci\u00f3n vehicular)<\/li>\n<li>N\u00famero de licencia de conducir<\/li>\n<\/ul>\n<\/li>\n<\/ul>\n<p><strong>Nota: <\/strong>puede haber tarifas asociadas a este m\u00e9todo.<\/p>\n<p>Recuerda\u2026 No importa el m\u00e9todo que escojas, otorgar detalles relevantes sobre tu accidente (fecha, hora, lugar) acelerar\u00e1 significativamente el proceso de obtener tu informe.<\/p>\n<h3>Tiempo de procesamiento<\/h3>\n<p>Mientras que no hay un tiempo espec\u00edfico para recibir tu informe, generalmente es influenciado por unos cuantos factores:<\/p>\n<ul>\n<li><strong>Peso de trabajo: <\/strong>El peso de trabajo de la oficina del alguacil puede impactar los tiempos de procesamiento. Si est\u00e1n manejando varios pedidos, puede tomar un poco m\u00e1s.<\/li>\n<li><strong>Complejidad: <\/strong>Los accidentes complejos con muchos detalles pueden requerir investigaci\u00f3n adicional, potencialmente extendiendo los tiempos de procesamiento.<\/li>\n<li><strong>M\u00e9todo de comunicaci\u00f3n: <\/strong>Los pedidos en persona pueden a veces ser procesados m\u00e1s r\u00e1pido que los de tel\u00e9fono o por email.<\/li>\n<li><strong>Precisi\u00f3n de informaci\u00f3n: <\/strong>Asegura otorgar detalles precisos cuando hagas tu pedido. Cualquier discrepancia o informaci\u00f3n faltante puede demorar el proceso.<\/li>\n<li><strong>Seguimiento: <\/strong>Es mejor dar seguimiento con la oficina del alguacil si no has recibido el informe dentro de un periodo de tiempo razonable (generalmente 3 d\u00edas o una semana).<\/li>\n<\/ul>\n<h2>\u00bfQ\u00fae si hay errores en mi informe de accidente automovil\u00edstico de la oficina del alguacil de Lowndes County?<\/h2>\n<p>Mientras que los informes de accidente automovil\u00edstico son documentos cruciales, hay una posibilidad de que puedan contener informaci\u00f3n imprecisa o incompleta. Aqu\u00ed est\u00e1 c\u00f3mo disputar cualquier error en tu informe de accidente automovil\u00edstico de la oficina del alguacil de Lowndes County.<\/p>\n<h3>Revisa y analiza el informe<\/h3>\n<p>Lo primero es lo primero, examina meticulosamente el informe entero. Resalta o haz nota de cualquier discrepancia o error factual que encuentres. Esto puede ser cualquier cosa, desde una fecha incorrecta u hora, hasta un mal entendimiento del accidente en s\u00ed.<\/p>\n<h3>Recolecta evidencia que apoye<\/h3>\n<p>Armar un caso fuerte requiere evidencia para apoyar tus afirmaciones. Aqu\u00ed hay algunos recursos de ayuda:<\/p>\n<ul>\n<li>Fotos: Si capturaste fotos de la escena del accidente, incluyendo da\u00f1o vehicular, marcas de llantas o cualquier detalle relevante, incl\u00fayelo como evidencia.<\/li>\n<li>Testimonios de testigos: Si hubo testigos del accidente, obt\u00e9n testimonios escritos de ellos detallando sus observaciones de los eventos.<\/li>\n<li>Registros m\u00e9dicos: Si sufriste lesiones y buscaste atenci\u00f3n m\u00e9dica, copias de tus registros m\u00e9dicos pueden solidificar tu reclamo.<\/li>\n<\/ul>\n<h3>Contacta a la oficina del alguacil<\/h3>\n<p>El pr\u00f3ximo paso es iniciar comunicaci\u00f3n con la oficina del alguacil. Tienes dos opciones:<\/p>\n<ul>\n<li>Tel\u00e9fono: Ll\u00e1males directamente al <a href=\"tel:+12296712900\">(229) 671-2900<\/a> y explica la situaci\u00f3n a un representante en la divisi\u00f3n de registros.<\/li>\n<li>En persona: Visita la oficina del alguacil localizada en 120 Prison Farm Rd, Valdosta, GA 31601. Habla con un representante en la divisi\u00f3n de registros y explica el error que encontraste en el informe.<\/li>\n<\/ul>\n<h4>Durante tu comunicaci\u00f3n asegura:<\/h4>\n<ul>\n<li>Explicar claramente la informaci\u00f3n espec\u00edfica que crees que es imprecisa.<\/li>\n<li>Otorga cualquier evidencia que recolectaste que apoya tu afirmaci\u00f3n.<\/li>\n<li>Mant\u00e9n la calma, se profesional y respetuoso durante la conversaci\u00f3n.<\/li>\n<\/ul>\n<h3>Proceso de disputa formal<\/h3>\n<p>Algunas oficinas de alguaciles tienen un proceso formal para disputar informaci\u00f3n del informe. Pregunta sobre este proceso y sigue los pasos necesarios si aplican a tu situaci\u00f3n.<\/p>\n<h3>Asistencia legal<\/h3>\n<p>Si la oficina del alguacil no quiere corregir el informe despu\u00e9s de que presentaste tu evidencia, considera buscar asesor\u00eda legal. Un abogado puede guiarte a trav\u00e9s del proceso, representar tus intereses y explorar m\u00e1s opciones para resolver la disputa.<\/p>\n<h2>Usando el informe de accidente para reclamos de seguro<\/h2>\n<ul>\n<li><strong>Presentando un reclamo: <\/strong>Despu\u00e9s del accidente, r\u00e1pidamente contacta a tu compa\u00f1\u00eda de seguro. Ot\u00f3rgales detalles clave del informe, incluyendo el n\u00famero de informe, la fecha y el lugar.<\/li>\n<li><strong>Evidencia: <\/strong>El informe sirve como evidencia vital, documentando los detalles del accidente como las partes involucradas, testimonios de testigos y las observaciones del oficial.<\/li>\n<li><strong>Determinaci\u00f3n de la culpa: <\/strong>Las compa\u00f1\u00edas de seguro dependen del informe para determinar la culpa. Si muestra la negligencia del otro conductor, fortalece tu reclamo.<\/li>\n<li><strong>Reclamos m\u00e9dicos: <\/strong>Si fuiste lesionado, el informe puede ayudar a establecer una conexi\u00f3n clara entre el accidente y tu tratamiento m\u00e9dico.<\/li>\n<\/ul>\n<h2>Buscando asistencia legal de un abogado de accidente automovil\u00edstico<\/h2>\n<p>Mientras que el informe juega un papel clave, navegar las complejidades de un reclamo de seguro y conseguir\u00a0 tu compensaci\u00f3n, podr\u00eda requerir un profesional legal h\u00e1bil. Aqu\u00ed est\u00e1 c\u00f3mo un abogado de accidente automovil\u00edstico del bufete de abogados de lesi\u00f3n personal de CEO Lawyer te puede ayudar:<\/p>\n<ul>\n<li><strong>Asesor\u00eda legal: <\/strong>Nuestros abogados experimentados otorgan asesor\u00eda legal personalizada basada en tu situaci\u00f3n espec\u00edfica. Entendemos las complejidades de los reclamos de seguro y la ley sobre lesi\u00f3n personal.<\/li>\n<li><strong>Investigaci\u00f3n profunda: <\/strong>No solamente dependemos del informe. Nuestro equipo hace una investigaci\u00f3n comprensiva, recolectando evidencia adicional, entrevistando testigos y evaluando la precisi\u00f3n del informe.<\/li>\n<li><strong>Negociaci\u00f3n h\u00e1bil: <\/strong>Manejamos negociaciones con las compa\u00f1\u00edas de seguro en tu nombre, apuntando a una compensaci\u00f3n justa para los gastos m\u00e9dicos, da\u00f1o vehicular, p\u00e9rdida salarial y dolor y sufrimiento.<\/li>\n<li><strong>Revisi\u00f3n de la liquidaci\u00f3n: <\/strong>Si el asegurador ofrece una liquidaci\u00f3n, nuestros abogados la revisan meticulosamente. Aseguramos que cubra todas tus p\u00e9rdidas y represente tus intereses.<\/li>\n<li><strong>Experiencia en litigio: <\/strong>Si las negociaciones llegan a un alto, tenemos la experiencia para presentar una demanda y representarte confiadamente en la corte.<\/li>\n<\/ul>\n<p>Cada caso es \u00fanico. Consultar con <a href=\"https:\/\/ceolawyer.com\/personal-injury\/car-accident-lawyer\/\">un abogado de accidente automovil\u00edstico de Georgia<\/a> tempranamente puede ser instrumental en proteger tus derechos y asegurar la compensaci\u00f3n que mereces.<\/p>\n<p>No dudes en <a href=\"https:\/\/ceolawyer.com\/contact-us\/\">contactar al bufete de abogados de lesi\u00f3n personal de CEO Lawyer hoy<\/a>. Estamos aqu\u00ed para guiarte a trav\u00e9s de este momento retador y pelear por la compensaci\u00f3n que mereces.<\/p>\n<h3>Detalles de contacto<\/h3>\n<p><u>Tel\u00e9fono<\/u>:<\/p>\n<p>Atlanta: <a href=\"tel:+14047774833\">404-777-4833<\/a><\/p>\n<p>Chattanooga: <a href=\"tel:+14234019807\">423-401-9807<\/a><\/p>\n<p>Llamada gratuita: <a href=\"tel:+14708229057\">(470) 822-9057<\/a><\/p>\n<p>Descargo de responsabilidad: Esta entrada de blog es para prop\u00f3sitos informativos solamente y no constituye asesor\u00eda legal. Para una gu\u00eda espec\u00edfica legal de tu accidente automovil\u00edstico, por favor consulta con nosotros o tu abogado.<\/p>\n","protected":false},"excerpt":{"rendered":"<p>\u00bfHas estado involucrado en un accidente automovil\u00edstico en Lowndes County? Puede ser una experiencia estresante, y obtener una copia oficial del informe policial (tambi\u00e9n conocido como un informe de accidente automovil\u00edstico o un informe policial de accidente) es un pr\u00f3ximo paso importante. Este informe sirve como una pieza cr\u00edtica de documentaci\u00f3n por varios prop\u00f3sitos, incluyendo [&hellip;]<\/p>\n","protected":false},"author":18,"featured_media":12922,"parent":12737,"menu_order":0,"comment_status":"closed","ping_status":"closed","template":"","meta":{"_acf_changed":false,"footnotes":""},"class_list":["post-12920","page","type-page","status-publish","has-post-thumbnail","hentry"],"acf":[],"yoast_head":"<!-- This site is optimized with the Yoast SEO plugin v27.2 - https:\/\/yoast.com\/product\/yoast-seo-wordpress\/ -->\n<title>C\u00f3mo obtener tu informe de accidente automovil\u00edstico de la oficina del alguacil de Lowndes County | CEO Lawyer<\/title>\n<meta name=\"description\" content=\"La polic\u00eda de Lowndes County te hace tu informe policial para recolectar evidencia de tu accidente automovil\u00edstico. M\u00e1rcanos al (470) 822-9057 para que nuestros abogados te asesoren.\" \/>\n<meta name=\"robots\" content=\"index, follow, max-snippet:-1, max-image-preview:large, max-video-preview:-1\" \/>\n<link rel=\"canonical\" href=\"https:\/\/ceolawyer.com\/espanol\/informe-de-accidente\/informe-policial-de-un-accidente-de-auto-en-georgia\/lowndes-county\/\" \/>\n<meta property=\"og:locale\" content=\"en_US\" \/>\n<meta property=\"og:type\" content=\"article\" \/>\n<meta property=\"og:title\" content=\"C\u00f3mo obtener tu informe de accidente automovil\u00edstico de la oficina del alguacil de Lowndes County | CEO Lawyer\" \/>\n<meta property=\"og:description\" content=\"La polic\u00eda de Lowndes County te hace tu informe policial para recolectar evidencia de tu accidente automovil\u00edstico. M\u00e1rcanos al (470) 822-9057 para que nuestros abogados te asesoren.\" \/>\n<meta property=\"og:url\" content=\"https:\/\/ceolawyer.com\/espanol\/informe-de-accidente\/informe-policial-de-un-accidente-de-auto-en-georgia\/lowndes-county\/\" \/>\n<meta property=\"og:site_name\" content=\"CEO Lawyer\" \/>\n<meta property=\"article:modified_time\" content=\"2026-03-30T13:13:56+00:00\" \/>\n<meta property=\"og:image\" content=\"https:\/\/ceolawyer.com\/espanol\/wp-content\/uploads\/sites\/2\/2025\/12\/How-to-Obtain-Your-Lowndes-County-Sheriffs-Office-Car-Accident-Report.webp\" \/>\n\t<meta property=\"og:image:width\" content=\"500\" \/>\n\t<meta property=\"og:image:height\" content=\"300\" \/>\n\t<meta property=\"og:image:type\" content=\"image\/webp\" \/>\n<meta name=\"twitter:card\" content=\"summary_large_image\" \/>\n<meta name=\"twitter:label1\" content=\"Est. reading time\" \/>\n\t<meta name=\"twitter:data1\" content=\"7 minutes\" \/>\n<script type=\"application\/ld+json\" class=\"yoast-schema-graph\">{\"@context\":\"https:\/\/schema.org\",\"@graph\":[{\"@type\":\"WebPage\",\"@id\":\"https:\/\/ceolawyer.com\/espanol\/informe-de-accidente\/informe-policial-de-un-accidente-de-auto-en-georgia\/lowndes-county\/\",\"url\":\"https:\/\/ceolawyer.com\/espanol\/informe-de-accidente\/informe-policial-de-un-accidente-de-auto-en-georgia\/lowndes-county\/\",\"name\":\"C\u00f3mo obtener tu informe de accidente automovil\u00edstico de la oficina del alguacil de Lowndes County | CEO Lawyer\",\"isPartOf\":{\"@id\":\"https:\/\/ceolawyer.com\/espanol\/#website\"},\"primaryImageOfPage\":{\"@id\":\"https:\/\/ceolawyer.com\/espanol\/informe-de-accidente\/informe-policial-de-un-accidente-de-auto-en-georgia\/lowndes-county\/#primaryimage\"},\"image\":{\"@id\":\"https:\/\/ceolawyer.com\/espanol\/informe-de-accidente\/informe-policial-de-un-accidente-de-auto-en-georgia\/lowndes-county\/#primaryimage\"},\"thumbnailUrl\":\"https:\/\/ceolawyer.com\/espanol\/wp-content\/uploads\/sites\/2\/2025\/12\/How-to-Obtain-Your-Lowndes-County-Sheriffs-Office-Car-Accident-Report.webp\",\"datePublished\":\"2025-12-22T13:08:25+00:00\",\"dateModified\":\"2026-03-30T13:13:56+00:00\",\"description\":\"La polic\u00eda de Lowndes County te hace tu informe policial para recolectar evidencia de tu accidente automovil\u00edstico. M\u00e1rcanos al (470) 822-9057 para que nuestros abogados te asesoren.\",\"breadcrumb\":{\"@id\":\"https:\/\/ceolawyer.com\/espanol\/informe-de-accidente\/informe-policial-de-un-accidente-de-auto-en-georgia\/lowndes-county\/#breadcrumb\"},\"inLanguage\":\"en-US\",\"potentialAction\":[{\"@type\":\"ReadAction\",\"target\":[\"https:\/\/ceolawyer.com\/espanol\/informe-de-accidente\/informe-policial-de-un-accidente-de-auto-en-georgia\/lowndes-county\/\"]}]},{\"@type\":\"ImageObject\",\"inLanguage\":\"en-US\",\"@id\":\"https:\/\/ceolawyer.com\/espanol\/informe-de-accidente\/informe-policial-de-un-accidente-de-auto-en-georgia\/lowndes-county\/#primaryimage\",\"url\":\"https:\/\/ceolawyer.com\/espanol\/wp-content\/uploads\/sites\/2\/2025\/12\/How-to-Obtain-Your-Lowndes-County-Sheriffs-Office-Car-Accident-Report.webp\",\"contentUrl\":\"https:\/\/ceolawyer.com\/espanol\/wp-content\/uploads\/sites\/2\/2025\/12\/How-to-Obtain-Your-Lowndes-County-Sheriffs-Office-Car-Accident-Report.webp\",\"width\":500,\"height\":300,\"caption\":\"Una mujer explicando a dos oficiales de polic\u00eda lo que sucedi\u00f3 en la escena de un accidente.\"},{\"@type\":\"BreadcrumbList\",\"@id\":\"https:\/\/ceolawyer.com\/espanol\/informe-de-accidente\/informe-policial-de-un-accidente-de-auto-en-georgia\/lowndes-county\/#breadcrumb\",\"itemListElement\":[{\"@type\":\"ListItem\",\"position\":1,\"name\":\"Home\",\"item\":\"https:\/\/ceolawyer.com\/espanol\/\"},{\"@type\":\"ListItem\",\"position\":2,\"name\":\"Consigue el Reporte Policial de tu Accidente de Auto\",\"item\":\"https:\/\/ceolawyer.com\/espanol\/informe-de-accidente\/\"},{\"@type\":\"ListItem\",\"position\":3,\"name\":\"C\u00f3mo Solicitar el Informe Policial de un Accidente de Auto en Georgia\",\"item\":\"https:\/\/ceolawyer.com\/espanol\/informe-de-accidente\/informe-policial-de-un-accidente-de-auto-en-georgia\/\"},{\"@type\":\"ListItem\",\"position\":4,\"name\":\"C\u00f3mo obtener tu informe de accidente automovil\u00edstico de la oficina del alguacil de Lowndes County\"}]},{\"@type\":\"WebSite\",\"@id\":\"https:\/\/ceolawyer.com\/espanol\/#website\",\"url\":\"https:\/\/ceolawyer.com\/espanol\/\",\"name\":\"CEO Lawyer\",\"description\":\"Personal Injury Attorney\",\"publisher\":{\"@id\":\"https:\/\/ceolawyer.com\/espanol\/#organization\"},\"potentialAction\":[{\"@type\":\"SearchAction\",\"target\":{\"@type\":\"EntryPoint\",\"urlTemplate\":\"https:\/\/ceolawyer.com\/espanol\/?s={search_term_string}\"},\"query-input\":{\"@type\":\"PropertyValueSpecification\",\"valueRequired\":true,\"valueName\":\"search_term_string\"}}],\"inLanguage\":\"en-US\"},{\"@type\":\"Organization\",\"@id\":\"https:\/\/ceolawyer.com\/espanol\/#organization\",\"name\":\"CEO Lawyer\",\"url\":\"https:\/\/ceolawyer.com\/espanol\/\",\"logo\":{\"@type\":\"ImageObject\",\"inLanguage\":\"en-US\",\"@id\":\"https:\/\/ceolawyer.com\/espanol\/#\/schema\/logo\/image\/\",\"url\":\"https:\/\/ceolawyer.com\/espanol\/wp-content\/uploads\/sites\/2\/2022\/05\/CEO_Logo.png\",\"contentUrl\":\"https:\/\/ceolawyer.com\/espanol\/wp-content\/uploads\/sites\/2\/2022\/05\/CEO_Logo.png\",\"width\":200,\"height\":108,\"caption\":\"CEO Lawyer\"},\"image\":{\"@id\":\"https:\/\/ceolawyer.com\/espanol\/#\/schema\/logo\/image\/\"}}]}<\/script>\n<!-- \/ Yoast SEO plugin. -->","yoast_head_json":{"title":"C\u00f3mo obtener tu informe de accidente automovil\u00edstico de la oficina del alguacil de Lowndes County | CEO Lawyer","description":"La polic\u00eda de Lowndes County te hace tu informe policial para recolectar evidencia de tu accidente automovil\u00edstico. M\u00e1rcanos al (470) 822-9057 para que nuestros abogados te asesoren.","robots":{"index":"index","follow":"follow","max-snippet":"max-snippet:-1","max-image-preview":"max-image-preview:large","max-video-preview":"max-video-preview:-1"},"canonical":"https:\/\/ceolawyer.com\/espanol\/informe-de-accidente\/informe-policial-de-un-accidente-de-auto-en-georgia\/lowndes-county\/","og_locale":"en_US","og_type":"article","og_title":"C\u00f3mo obtener tu informe de accidente automovil\u00edstico de la oficina del alguacil de Lowndes County | CEO Lawyer","og_description":"La polic\u00eda de Lowndes County te hace tu informe policial para recolectar evidencia de tu accidente automovil\u00edstico. M\u00e1rcanos al (470) 822-9057 para que nuestros abogados te asesoren.","og_url":"https:\/\/ceolawyer.com\/espanol\/informe-de-accidente\/informe-policial-de-un-accidente-de-auto-en-georgia\/lowndes-county\/","og_site_name":"CEO Lawyer","article_modified_time":"2026-03-30T13:13:56+00:00","og_image":[{"width":500,"height":300,"url":"https:\/\/ceolawyer.com\/espanol\/wp-content\/uploads\/sites\/2\/2025\/12\/How-to-Obtain-Your-Lowndes-County-Sheriffs-Office-Car-Accident-Report.webp","type":"image\/webp"}],"twitter_card":"summary_large_image","twitter_misc":{"Est. reading time":"7 minutes"},"schema":{"@context":"https:\/\/schema.org","@graph":[{"@type":"WebPage","@id":"https:\/\/ceolawyer.com\/espanol\/informe-de-accidente\/informe-policial-de-un-accidente-de-auto-en-georgia\/lowndes-county\/","url":"https:\/\/ceolawyer.com\/espanol\/informe-de-accidente\/informe-policial-de-un-accidente-de-auto-en-georgia\/lowndes-county\/","name":"C\u00f3mo obtener tu informe de accidente automovil\u00edstico de la oficina del alguacil de Lowndes County | CEO Lawyer","isPartOf":{"@id":"https:\/\/ceolawyer.com\/espanol\/#website"},"primaryImageOfPage":{"@id":"https:\/\/ceolawyer.com\/espanol\/informe-de-accidente\/informe-policial-de-un-accidente-de-auto-en-georgia\/lowndes-county\/#primaryimage"},"image":{"@id":"https:\/\/ceolawyer.com\/espanol\/informe-de-accidente\/informe-policial-de-un-accidente-de-auto-en-georgia\/lowndes-county\/#primaryimage"},"thumbnailUrl":"https:\/\/ceolawyer.com\/espanol\/wp-content\/uploads\/sites\/2\/2025\/12\/How-to-Obtain-Your-Lowndes-County-Sheriffs-Office-Car-Accident-Report.webp","datePublished":"2025-12-22T13:08:25+00:00","dateModified":"2026-03-30T13:13:56+00:00","description":"La polic\u00eda de Lowndes County te hace tu informe policial para recolectar evidencia de tu accidente automovil\u00edstico. M\u00e1rcanos al (470) 822-9057 para que nuestros abogados te asesoren.","breadcrumb":{"@id":"https:\/\/ceolawyer.com\/espanol\/informe-de-accidente\/informe-policial-de-un-accidente-de-auto-en-georgia\/lowndes-county\/#breadcrumb"},"inLanguage":"en-US","potentialAction":[{"@type":"ReadAction","target":["https:\/\/ceolawyer.com\/espanol\/informe-de-accidente\/informe-policial-de-un-accidente-de-auto-en-georgia\/lowndes-county\/"]}]},{"@type":"ImageObject","inLanguage":"en-US","@id":"https:\/\/ceolawyer.com\/espanol\/informe-de-accidente\/informe-policial-de-un-accidente-de-auto-en-georgia\/lowndes-county\/#primaryimage","url":"https:\/\/ceolawyer.com\/espanol\/wp-content\/uploads\/sites\/2\/2025\/12\/How-to-Obtain-Your-Lowndes-County-Sheriffs-Office-Car-Accident-Report.webp","contentUrl":"https:\/\/ceolawyer.com\/espanol\/wp-content\/uploads\/sites\/2\/2025\/12\/How-to-Obtain-Your-Lowndes-County-Sheriffs-Office-Car-Accident-Report.webp","width":500,"height":300,"caption":"Una mujer explicando a dos oficiales de polic\u00eda lo que sucedi\u00f3 en la escena de un accidente."},{"@type":"BreadcrumbList","@id":"https:\/\/ceolawyer.com\/espanol\/informe-de-accidente\/informe-policial-de-un-accidente-de-auto-en-georgia\/lowndes-county\/#breadcrumb","itemListElement":[{"@type":"ListItem","position":1,"name":"Home","item":"https:\/\/ceolawyer.com\/espanol\/"},{"@type":"ListItem","position":2,"name":"Consigue el Reporte Policial de tu Accidente de Auto","item":"https:\/\/ceolawyer.com\/espanol\/informe-de-accidente\/"},{"@type":"ListItem","position":3,"name":"C\u00f3mo Solicitar el Informe Policial de un Accidente de Auto en Georgia","item":"https:\/\/ceolawyer.com\/espanol\/informe-de-accidente\/informe-policial-de-un-accidente-de-auto-en-georgia\/"},{"@type":"ListItem","position":4,"name":"C\u00f3mo obtener tu informe de accidente automovil\u00edstico de la oficina del alguacil de Lowndes County"}]},{"@type":"WebSite","@id":"https:\/\/ceolawyer.com\/espanol\/#website","url":"https:\/\/ceolawyer.com\/espanol\/","name":"CEO Lawyer","description":"Personal Injury Attorney","publisher":{"@id":"https:\/\/ceolawyer.com\/espanol\/#organization"},"potentialAction":[{"@type":"SearchAction","target":{"@type":"EntryPoint","urlTemplate":"https:\/\/ceolawyer.com\/espanol\/?s={search_term_string}"},"query-input":{"@type":"PropertyValueSpecification","valueRequired":true,"valueName":"search_term_string"}}],"inLanguage":"en-US"},{"@type":"Organization","@id":"https:\/\/ceolawyer.com\/espanol\/#organization","name":"CEO Lawyer","url":"https:\/\/ceolawyer.com\/espanol\/","logo":{"@type":"ImageObject","inLanguage":"en-US","@id":"https:\/\/ceolawyer.com\/espanol\/#\/schema\/logo\/image\/","url":"https:\/\/ceolawyer.com\/espanol\/wp-content\/uploads\/sites\/2\/2022\/05\/CEO_Logo.png","contentUrl":"https:\/\/ceolawyer.com\/espanol\/wp-content\/uploads\/sites\/2\/2022\/05\/CEO_Logo.png","width":200,"height":108,"caption":"CEO Lawyer"},"image":{"@id":"https:\/\/ceolawyer.com\/espanol\/#\/schema\/logo\/image\/"}}]}},"_links":{"self":[{"href":"https:\/\/ceolawyer.com\/espanol\/wp-json\/wp\/v2\/pages\/12920","targetHints":{"allow":["GET"]}}],"collection":[{"href":"https:\/\/ceolawyer.com\/espanol\/wp-json\/wp\/v2\/pages"}],"about":[{"href":"https:\/\/ceolawyer.com\/espanol\/wp-json\/wp\/v2\/types\/page"}],"author":[{"embeddable":true,"href":"https:\/\/ceolawyer.com\/espanol\/wp-json\/wp\/v2\/users\/18"}],"replies":[{"embeddable":true,"href":"https:\/\/ceolawyer.com\/espanol\/wp-json\/wp\/v2\/comments?post=12920"}],"version-history":[{"count":0,"href":"https:\/\/ceolawyer.com\/espanol\/wp-json\/wp\/v2\/pages\/12920\/revisions"}],"up":[{"embeddable":true,"href":"https:\/\/ceolawyer.com\/espanol\/wp-json\/wp\/v2\/pages\/12737"}],"wp:featuredmedia":[{"embeddable":true,"href":"https:\/\/ceolawyer.com\/espanol\/wp-json\/wp\/v2\/media\/12922"}],"wp:attachment":[{"href":"https:\/\/ceolawyer.com\/espanol\/wp-json\/wp\/v2\/media?parent=12920"}],"curies":[{"name":"wp","href":"https:\/\/api.w.org\/{rel}","templated":true}]}}