{"id":12941,"date":"2025-12-22T14:02:58","date_gmt":"2025-12-22T14:02:58","guid":{"rendered":"https:\/\/ceolawyer.com\/espanol\/?page_id=12941"},"modified":"2025-12-22T14:08:31","modified_gmt":"2025-12-22T14:08:31","slug":"paulding-county","status":"publish","type":"page","link":"https:\/\/ceolawyer.com\/espanol\/informe-de-accidente\/informe-policial-de-un-accidente-de-auto-en-georgia\/paulding-county\/","title":{"rendered":"C\u00f3mo obtener tu informe de accidente automovil\u00edstico del departamento del alguacil de Paulding County GA"},"content":{"rendered":"<p><img decoding=\"async\" class=\"alignright size-full wp-image-12943\" src=\"https:\/\/ceolawyer.com\/espanol\/wp-content\/uploads\/sites\/2\/2025\/12\/How-to-Obtain-Your-Paulding-County-GA-Sheriffs-Department-Car-Accident-Report.webp\" alt=\"Una toma a la altura del pecho de un oficial de polic\u00eda de pie con las manos en la cintura.\" width=\"500\" height=\"300\" srcset=\"https:\/\/ceolawyer.com\/espanol\/wp-content\/uploads\/sites\/2\/2025\/12\/How-to-Obtain-Your-Paulding-County-GA-Sheriffs-Department-Car-Accident-Report.webp 500w, https:\/\/ceolawyer.com\/espanol\/wp-content\/uploads\/sites\/2\/2025\/12\/How-to-Obtain-Your-Paulding-County-GA-Sheriffs-Department-Car-Accident-Report-300x180.webp 300w\" sizes=\"(max-width: 500px) 100vw, 500px\" \/>En las secuelas de un accidente automovil\u00edstico, hasta uno afortunadamente menos dram\u00e1tico, obtener una copia del informe oficial policial de accidente del departamento del alguacil de Paulding County es un paso importante. Este informe sirve como una pieza cr\u00edtica de documentaci\u00f3n para varios prop\u00f3sitos, incluyendo presentar un reclamo de seguro con tu compa\u00f1\u00eda de seguro, potencialmente perseguir asesor\u00eda legal y mantener un registro del accidente para futura referencia.<\/p>\n<p>En esta entrada de blog, te guiaremos a trav\u00e9s del proceso de adquirir un informe de accidente automovil\u00edstico del departamento del alguacil de Paulding County, ya si lo necesitas para tu compa\u00f1\u00eda de seguro, un abogado o simplemente para tus registros.<\/p>\n<p>La oficina del alguacil de Paulding County en Georgia juega un papel vital en mantener nuestra comunidad segura. Ellos responden a accidentes, mantienen la c\u00e1rcel del condado, aseguran las cortes y dan documentos legales \u2013 asegurando la orden y defendiendo la ley.<\/p>\n<h2>Obt\u00e9n tu informe de accidente automovil\u00edstico del departamento del alguacil de Paulding County GA<\/h2>\n<h3>Obtener tu informe en l\u00ednea<\/h3>\n<h4>Email<\/h4>\n<p>La divisi\u00f3n de registros del departamento del alguacil de Paulding County ofrece email como una opci\u00f3n. Puedes enviar un formulario de pedido de registros abiertos directamente al oficial primario de registros, Lisa Sheirling, a <a href=\"mailto:Lisa.Sheirling@paulding.gov\">Lisa.Sheirling@paulding.gov<\/a>, o al oficial secundario, Elizabeth Conville, a <a href=\"mailto:Elizabeth.Conville@paulding.gov\">Elizabeth.Conville@paulding.gov<\/a>.<\/p>\n<h4>BuyCrash.com<\/h4>\n<p>Una opci\u00f3n alternativa es BuyCrash.com, un servicio que otorga informes oficiales de accidente del estado de Georgia a las partes involucradas. Mientras que esto puede ser conveniente, ten en mente que BuyCrash.com cobra una tarifa m\u00e1s alta comparada con obtener el informe directamente de la oficina del alguacil.<\/p>\n<p>Aqu\u00ed es lo que tienes que hacer:<\/p>\n<ul>\n<li>Haz clic en el link hacia <a href=\"https:\/\/buycrash.lexisnexisrisk.com\/ui\/home\">com<\/a>.<\/li>\n<li>En la p\u00e1gina de buycrash.com, selecciona <strong>Georgia <\/strong>como tu estado.<\/li>\n<li>Escoge tu jurisdicci\u00f3n que investig\u00f3 tu accidente automovil\u00edstico del segundo men\u00fa desplegable, es decir, la <strong>oficina del alguacil de Paulding County.<\/strong><\/li>\n<li>Haz clic en <strong>empezar b\u00fasqueda <\/strong>para proceder.<\/li>\n<li>Te pedir\u00e1n otorgar detalles como:\n<ul>\n<li>Apellidos<\/li>\n<li>Fecha de accidente<\/li>\n<li>N\u00famero de informe del caso<\/li>\n<li>VIN (n\u00famero de identificaci\u00f3n vehicular)<\/li>\n<li>N\u00famero de licencia de conductor<\/li>\n<\/ul>\n<\/li>\n<\/ul>\n<p><strong>Nota: <\/strong>Puede haber tarifas asociadas a este m\u00e9todo.<\/p>\n<h3>Obteniendo tu informe en persona<\/h3>\n<p>Visita la oficina del alguacil: si prefieres una interacci\u00f3n cara a cara, ve a la oficina del alguacil de Paulding County localizado en 180 Constitution Blvd, Dallas, GA 30132. Ya ah\u00ed, puedes pedir al oficial primario de registros Lisa Sheirling o al oficial secundario Elizabeth Conville para que te asista con tu pedido.<\/p>\n<h3>Obteniendo tu informe v\u00eda tel\u00e9fono\/fax<\/h3>\n<h4>Tel\u00e9fono<\/h4>\n<p>Para aquellos que prefieren manejar las cosas a trav\u00e9s del tel\u00e9fono, puedes llamar a la divisi\u00f3n de registros directamente al <a href=\"tel:+17704453010\">(770) 445-3010<\/a> y habla con el oficial de registros sobre obtener tu informe de accidente.<\/p>\n<h4>Fax<\/h4>\n<p>Mientras que email es el m\u00e9todo preferido, la divisi\u00f3n de registros tambi\u00e9n acepta pedidos v\u00eda fax al <a href=\"tel:+17705055524\">(770) 505-5524<\/a>.<\/p>\n<h3>Obtener tu informe v\u00eda correo<\/h3>\n<p>Si prefieres la ruta tradicional, puedes enviar tu pedido a la oficina del alguacil de County Paulding al 180 Constitution Boulevard, Dallas, Georgia 30132. Asegura decir claramente que est\u00e1s pidiendo un informe de accidente e incluye cualquier detalle relevante, como la fecha y el lugar del accidente, si es posible.<\/p>\n<h3>Notas importantes<\/h3>\n<h4>Informes de incidente vs. de accidente<\/h4>\n<p>La oficina del alguacil diferencia entre informes de incidente y de accidente. Aseg\u00farate usar el formulario apropiado para tu pedido, que est\u00e1 disponible en el sitio web de Paulding County.<\/p>\n<h4>Costo<\/h4>\n<p>Obtener tu informe de accidente directamente de la divisi\u00f3n de registros de la oficina del alguacil de Paulding County cuesta $5 por informe, y efectivo es la \u00fanica forma de pago aceptada.<\/p>\n<h3>Contactando a la divisi\u00f3n de registros<\/h3>\n<p>Si tienes cualquier pregunta o requieres mayor asistencia para obtener tu informe, la divisi\u00f3n de registros est\u00e1 disponible durante horas de servicio, lunes a viernes, de 8:00 AM a 4:30 PM, excluyendo d\u00edas festivos. Puedes contactarlos por tel\u00e9fono al <a href=\"tel:+17704433010\">(770) 443-3010<\/a>.<\/p>\n<p>Al seguir estos pasos y mantener estos detalles en mente, deber\u00edas poder obtener tu informe de accidente automovil\u00edstico eficientemente del departamento del alguacil de Paulding County y tener una preocupaci\u00f3n menos durante este tiempo angustiante.<\/p>\n<h2>Informaci\u00f3n necesaria al pedir tu informe<\/h2>\n<ul>\n<li>Fecha y hora: Especifica la fecha y la hora aproximada del accidente.<\/li>\n<li>Lugar: Otorga el lugar donde ocurri\u00f3 el accidente (nombre de la calle, la intersecci\u00f3n, etc.).<\/li>\n<li>Nombres: Nombres de los conductores involucrados en el accidente.<\/li>\n<li>Informaci\u00f3n vehicular: Marca, modelo y n\u00fameros de placas de los veh\u00edculos involucrados.<\/li>\n<li>Tu informaci\u00f3n de contacto.<\/li>\n<li>Raz\u00f3n para el pedido: Indicar por qu\u00e9 necesitas el informe de accidente (ejemplo, reclamo de seguro, procesos legales, registro personal).<\/li>\n<\/ul>\n<h2>\u00bfC\u00f3mo ayuda tu informe de accidente automovil\u00edstico de la oficina del alguacil de Paulding County con los reclamos de seguro?<\/h2>\n<p>Tu informe de accidente automovil\u00edstico de la oficina del alguacil de Paulding County es un documento crucial que puede usarse de varias maneras, especialmente cuando lidias con reclamos de seguro. Aqu\u00ed est\u00e1 c\u00f3mo puede ser beneficioso:<\/p>\n<ul>\n<li><strong>Documentaci\u00f3n de evidencia: <\/strong>El informe de accidente sirve como un registro oficial del incidente. Incluye detalles vitales como la fecha, la hora, el lugar del accidente y las partes involucradas. Las compa\u00f1\u00edas de seguro dependen de este informe para evaluar la responsabilidad y determinar qui\u00e9n tuvo la culpa del accidente.<\/li>\n<li><strong>Proceso de reclamo de seguro: <\/strong>Al presentar un reclamo de seguro, te requerir\u00e1n otorgar informaci\u00f3n detallada sobre el accidente. El informe ayuda a describir precisamente la secuencia de eventos, los factores contribuyentes al accidente y los da\u00f1os sufridos. Esta informaci\u00f3n asiste a los ajustadores de seguro en evaluar tu reclamo y tomar decisiones informadas sobre tu cobertura.<\/li>\n<li><strong>Reclamos de terceros: <\/strong>Si otro conductor caus\u00f3 el accidente, su compa\u00f1\u00eda de seguro probablemente pida una copia del informe de accidente. Este informe establece la culpa y fortalece tu reclamo contra la p\u00f3liza de seguro del otro conductor.<\/li>\n<li><strong>Reclamos de lesi\u00f3n personal: <\/strong>Si fuiste lesionado en el accidente, el informe documenta el impacto del accidente en tu salud y bienestar. Los gastos m\u00e9dicos, dolor y sufrimiento y las p\u00e9rdidas de ingreso pueden ser sustanciados por los detalles otorgados en el informe.<\/li>\n<li><strong>Reclamos de da\u00f1os de propiedad: <\/strong>El informe incluye detalles sobre da\u00f1o vehicular, da\u00f1o de propiedad sufrida (si aplica), y cualquier lesi\u00f3n sufrida por las partes involucradas. Esta informaci\u00f3n ayuda a las compa\u00f1\u00edas de seguro calcular los costos de reparaci\u00f3n y determinar el alcance del da\u00f1o.<\/li>\n<li><strong>Procedimientos legales: <\/strong>En el evento de acci\u00f3n legal, como una demanda, el informe de accidente sirve como una pieza de evidencia. Los abogados lo pueden usar para armar su caso y negociar acuerdos en tu nombre.<\/li>\n<li><strong>Evitar disputas: <\/strong>Tener un informe oficial minimiza disputas entre las partes involucradas en el accidente. Esto otorga un recuento consistente de los eventos, reduciendo las posibilidades de narrativas conflictivas y echar la culpa.<\/li>\n<\/ul>\n<h2>Contacta al bufete de abogados de lesi\u00f3n personal de CEO Lawyer hoy<\/h2>\n<p>El bufete de abogados de lesi\u00f3n personal de CEO Lawyer puede ayudarte a navegar las complejidades de los reclamos de accidentes automovil\u00edsticos y asegurar que recibas compensaci\u00f3n justa por tus lesiones. Nuestro <a href=\"https:\/\/ceolawyer.com\/georgia-personal-injury\/car-accident-lawyer\/\">equipo de abogados experimentados de accidentes automovil\u00edsticos de Georgia<\/a> tiene un r\u00e9cord de \u00e9xito demostrable en ayudar a clientes a trav\u00e9s de Georgia.<\/p>\n","protected":false},"excerpt":{"rendered":"<p>En las secuelas de un accidente automovil\u00edstico, hasta uno afortunadamente menos dram\u00e1tico, obtener una copia del informe oficial policial de accidente del departamento del alguacil de Paulding County es un paso importante. Este informe sirve como una pieza cr\u00edtica de documentaci\u00f3n para varios prop\u00f3sitos, incluyendo presentar un reclamo de seguro con tu compa\u00f1\u00eda de seguro, [&hellip;]<\/p>\n","protected":false},"author":18,"featured_media":12943,"parent":12737,"menu_order":0,"comment_status":"closed","ping_status":"closed","template":"","meta":{"_acf_changed":false,"footnotes":""},"class_list":["post-12941","page","type-page","status-publish","has-post-thumbnail","hentry"],"acf":[],"yoast_head":"<!-- This site is optimized with the Yoast SEO plugin v27.2 - https:\/\/yoast.com\/product\/yoast-seo-wordpress\/ -->\n<title>C\u00f3mo obtener tu informe de accidente automovil\u00edstico del departamento del alguacil de Paulding County GA | CEO Lawyer<\/title>\n<meta name=\"description\" content=\"Tus opciones se benefician de tener tu informe policial desp\u00faes de tu accidente automovil\u00edstico en Paulding County. M\u00e1rcanos al (470) 822-9057 para decirte c\u00f3mo te podemos ayudar.\" \/>\n<meta name=\"robots\" content=\"index, follow, max-snippet:-1, max-image-preview:large, max-video-preview:-1\" \/>\n<link rel=\"canonical\" href=\"https:\/\/ceolawyer.com\/espanol\/informe-de-accidente\/informe-policial-de-un-accidente-de-auto-en-georgia\/paulding-county\/\" \/>\n<meta property=\"og:locale\" content=\"en_US\" \/>\n<meta property=\"og:type\" content=\"article\" \/>\n<meta property=\"og:title\" content=\"C\u00f3mo obtener tu informe de accidente automovil\u00edstico del departamento del alguacil de Paulding County GA | CEO Lawyer\" \/>\n<meta property=\"og:description\" content=\"Tus opciones se benefician de tener tu informe policial desp\u00faes de tu accidente automovil\u00edstico en Paulding County. M\u00e1rcanos al (470) 822-9057 para decirte c\u00f3mo te podemos ayudar.\" \/>\n<meta property=\"og:url\" content=\"https:\/\/ceolawyer.com\/espanol\/informe-de-accidente\/informe-policial-de-un-accidente-de-auto-en-georgia\/paulding-county\/\" \/>\n<meta property=\"og:site_name\" content=\"CEO Lawyer\" \/>\n<meta property=\"article:modified_time\" content=\"2025-12-22T14:08:31+00:00\" \/>\n<meta property=\"og:image\" content=\"https:\/\/ceolawyer.com\/espanol\/wp-content\/uploads\/sites\/2\/2025\/12\/How-to-Obtain-Your-Paulding-County-GA-Sheriffs-Department-Car-Accident-Report.webp\" \/>\n\t<meta property=\"og:image:width\" content=\"500\" \/>\n\t<meta property=\"og:image:height\" content=\"300\" \/>\n\t<meta property=\"og:image:type\" content=\"image\/webp\" \/>\n<meta name=\"twitter:card\" content=\"summary_large_image\" \/>\n<meta name=\"twitter:label1\" content=\"Est. reading time\" \/>\n\t<meta name=\"twitter:data1\" content=\"6 minutes\" \/>\n<script type=\"application\/ld+json\" class=\"yoast-schema-graph\">{\"@context\":\"https:\/\/schema.org\",\"@graph\":[{\"@type\":\"WebPage\",\"@id\":\"https:\/\/ceolawyer.com\/espanol\/informe-de-accidente\/informe-policial-de-un-accidente-de-auto-en-georgia\/paulding-county\/\",\"url\":\"https:\/\/ceolawyer.com\/espanol\/informe-de-accidente\/informe-policial-de-un-accidente-de-auto-en-georgia\/paulding-county\/\",\"name\":\"C\u00f3mo obtener tu informe de accidente automovil\u00edstico del departamento del alguacil de Paulding County GA | CEO Lawyer\",\"isPartOf\":{\"@id\":\"https:\/\/ceolawyer.com\/espanol\/#website\"},\"primaryImageOfPage\":{\"@id\":\"https:\/\/ceolawyer.com\/espanol\/informe-de-accidente\/informe-policial-de-un-accidente-de-auto-en-georgia\/paulding-county\/#primaryimage\"},\"image\":{\"@id\":\"https:\/\/ceolawyer.com\/espanol\/informe-de-accidente\/informe-policial-de-un-accidente-de-auto-en-georgia\/paulding-county\/#primaryimage\"},\"thumbnailUrl\":\"https:\/\/ceolawyer.com\/espanol\/wp-content\/uploads\/sites\/2\/2025\/12\/How-to-Obtain-Your-Paulding-County-GA-Sheriffs-Department-Car-Accident-Report.webp\",\"datePublished\":\"2025-12-22T14:02:58+00:00\",\"dateModified\":\"2025-12-22T14:08:31+00:00\",\"description\":\"Tus opciones se benefician de tener tu informe policial desp\u00faes de tu accidente automovil\u00edstico en Paulding County. M\u00e1rcanos al (470) 822-9057 para decirte c\u00f3mo te podemos ayudar.\",\"breadcrumb\":{\"@id\":\"https:\/\/ceolawyer.com\/espanol\/informe-de-accidente\/informe-policial-de-un-accidente-de-auto-en-georgia\/paulding-county\/#breadcrumb\"},\"inLanguage\":\"en-US\",\"potentialAction\":[{\"@type\":\"ReadAction\",\"target\":[\"https:\/\/ceolawyer.com\/espanol\/informe-de-accidente\/informe-policial-de-un-accidente-de-auto-en-georgia\/paulding-county\/\"]}]},{\"@type\":\"ImageObject\",\"inLanguage\":\"en-US\",\"@id\":\"https:\/\/ceolawyer.com\/espanol\/informe-de-accidente\/informe-policial-de-un-accidente-de-auto-en-georgia\/paulding-county\/#primaryimage\",\"url\":\"https:\/\/ceolawyer.com\/espanol\/wp-content\/uploads\/sites\/2\/2025\/12\/How-to-Obtain-Your-Paulding-County-GA-Sheriffs-Department-Car-Accident-Report.webp\",\"contentUrl\":\"https:\/\/ceolawyer.com\/espanol\/wp-content\/uploads\/sites\/2\/2025\/12\/How-to-Obtain-Your-Paulding-County-GA-Sheriffs-Department-Car-Accident-Report.webp\",\"width\":500,\"height\":300,\"caption\":\"Una toma a la altura del pecho de un oficial de polic\u00eda de pie con las manos en la cintura.\"},{\"@type\":\"BreadcrumbList\",\"@id\":\"https:\/\/ceolawyer.com\/espanol\/informe-de-accidente\/informe-policial-de-un-accidente-de-auto-en-georgia\/paulding-county\/#breadcrumb\",\"itemListElement\":[{\"@type\":\"ListItem\",\"position\":1,\"name\":\"Home\",\"item\":\"https:\/\/ceolawyer.com\/espanol\/\"},{\"@type\":\"ListItem\",\"position\":2,\"name\":\"Consigue el Reporte Policial de tu Accidente de Auto\",\"item\":\"https:\/\/ceolawyer.com\/espanol\/informe-de-accidente\/\"},{\"@type\":\"ListItem\",\"position\":3,\"name\":\"C\u00f3mo Solicitar el Informe Policial de un Accidente de Auto en Georgia\",\"item\":\"https:\/\/ceolawyer.com\/espanol\/informe-de-accidente\/informe-policial-de-un-accidente-de-auto-en-georgia\/\"},{\"@type\":\"ListItem\",\"position\":4,\"name\":\"C\u00f3mo obtener tu informe de accidente automovil\u00edstico del departamento del alguacil de Paulding County GA\"}]},{\"@type\":\"WebSite\",\"@id\":\"https:\/\/ceolawyer.com\/espanol\/#website\",\"url\":\"https:\/\/ceolawyer.com\/espanol\/\",\"name\":\"CEO Lawyer\",\"description\":\"Personal Injury Attorney\",\"publisher\":{\"@id\":\"https:\/\/ceolawyer.com\/espanol\/#organization\"},\"potentialAction\":[{\"@type\":\"SearchAction\",\"target\":{\"@type\":\"EntryPoint\",\"urlTemplate\":\"https:\/\/ceolawyer.com\/espanol\/?s={search_term_string}\"},\"query-input\":{\"@type\":\"PropertyValueSpecification\",\"valueRequired\":true,\"valueName\":\"search_term_string\"}}],\"inLanguage\":\"en-US\"},{\"@type\":\"Organization\",\"@id\":\"https:\/\/ceolawyer.com\/espanol\/#organization\",\"name\":\"CEO Lawyer\",\"url\":\"https:\/\/ceolawyer.com\/espanol\/\",\"logo\":{\"@type\":\"ImageObject\",\"inLanguage\":\"en-US\",\"@id\":\"https:\/\/ceolawyer.com\/espanol\/#\/schema\/logo\/image\/\",\"url\":\"https:\/\/ceolawyer.com\/espanol\/wp-content\/uploads\/sites\/2\/2022\/05\/CEO_Logo.png\",\"contentUrl\":\"https:\/\/ceolawyer.com\/espanol\/wp-content\/uploads\/sites\/2\/2022\/05\/CEO_Logo.png\",\"width\":200,\"height\":108,\"caption\":\"CEO Lawyer\"},\"image\":{\"@id\":\"https:\/\/ceolawyer.com\/espanol\/#\/schema\/logo\/image\/\"}}]}<\/script>\n<!-- \/ Yoast SEO plugin. -->","yoast_head_json":{"title":"C\u00f3mo obtener tu informe de accidente automovil\u00edstico del departamento del alguacil de Paulding County GA | CEO Lawyer","description":"Tus opciones se benefician de tener tu informe policial desp\u00faes de tu accidente automovil\u00edstico en Paulding County. M\u00e1rcanos al (470) 822-9057 para decirte c\u00f3mo te podemos ayudar.","robots":{"index":"index","follow":"follow","max-snippet":"max-snippet:-1","max-image-preview":"max-image-preview:large","max-video-preview":"max-video-preview:-1"},"canonical":"https:\/\/ceolawyer.com\/espanol\/informe-de-accidente\/informe-policial-de-un-accidente-de-auto-en-georgia\/paulding-county\/","og_locale":"en_US","og_type":"article","og_title":"C\u00f3mo obtener tu informe de accidente automovil\u00edstico del departamento del alguacil de Paulding County GA | CEO Lawyer","og_description":"Tus opciones se benefician de tener tu informe policial desp\u00faes de tu accidente automovil\u00edstico en Paulding County. M\u00e1rcanos al (470) 822-9057 para decirte c\u00f3mo te podemos ayudar.","og_url":"https:\/\/ceolawyer.com\/espanol\/informe-de-accidente\/informe-policial-de-un-accidente-de-auto-en-georgia\/paulding-county\/","og_site_name":"CEO Lawyer","article_modified_time":"2025-12-22T14:08:31+00:00","og_image":[{"width":500,"height":300,"url":"https:\/\/ceolawyer.com\/espanol\/wp-content\/uploads\/sites\/2\/2025\/12\/How-to-Obtain-Your-Paulding-County-GA-Sheriffs-Department-Car-Accident-Report.webp","type":"image\/webp"}],"twitter_card":"summary_large_image","twitter_misc":{"Est. reading time":"6 minutes"},"schema":{"@context":"https:\/\/schema.org","@graph":[{"@type":"WebPage","@id":"https:\/\/ceolawyer.com\/espanol\/informe-de-accidente\/informe-policial-de-un-accidente-de-auto-en-georgia\/paulding-county\/","url":"https:\/\/ceolawyer.com\/espanol\/informe-de-accidente\/informe-policial-de-un-accidente-de-auto-en-georgia\/paulding-county\/","name":"C\u00f3mo obtener tu informe de accidente automovil\u00edstico del departamento del alguacil de Paulding County GA | CEO Lawyer","isPartOf":{"@id":"https:\/\/ceolawyer.com\/espanol\/#website"},"primaryImageOfPage":{"@id":"https:\/\/ceolawyer.com\/espanol\/informe-de-accidente\/informe-policial-de-un-accidente-de-auto-en-georgia\/paulding-county\/#primaryimage"},"image":{"@id":"https:\/\/ceolawyer.com\/espanol\/informe-de-accidente\/informe-policial-de-un-accidente-de-auto-en-georgia\/paulding-county\/#primaryimage"},"thumbnailUrl":"https:\/\/ceolawyer.com\/espanol\/wp-content\/uploads\/sites\/2\/2025\/12\/How-to-Obtain-Your-Paulding-County-GA-Sheriffs-Department-Car-Accident-Report.webp","datePublished":"2025-12-22T14:02:58+00:00","dateModified":"2025-12-22T14:08:31+00:00","description":"Tus opciones se benefician de tener tu informe policial desp\u00faes de tu accidente automovil\u00edstico en Paulding County. M\u00e1rcanos al (470) 822-9057 para decirte c\u00f3mo te podemos ayudar.","breadcrumb":{"@id":"https:\/\/ceolawyer.com\/espanol\/informe-de-accidente\/informe-policial-de-un-accidente-de-auto-en-georgia\/paulding-county\/#breadcrumb"},"inLanguage":"en-US","potentialAction":[{"@type":"ReadAction","target":["https:\/\/ceolawyer.com\/espanol\/informe-de-accidente\/informe-policial-de-un-accidente-de-auto-en-georgia\/paulding-county\/"]}]},{"@type":"ImageObject","inLanguage":"en-US","@id":"https:\/\/ceolawyer.com\/espanol\/informe-de-accidente\/informe-policial-de-un-accidente-de-auto-en-georgia\/paulding-county\/#primaryimage","url":"https:\/\/ceolawyer.com\/espanol\/wp-content\/uploads\/sites\/2\/2025\/12\/How-to-Obtain-Your-Paulding-County-GA-Sheriffs-Department-Car-Accident-Report.webp","contentUrl":"https:\/\/ceolawyer.com\/espanol\/wp-content\/uploads\/sites\/2\/2025\/12\/How-to-Obtain-Your-Paulding-County-GA-Sheriffs-Department-Car-Accident-Report.webp","width":500,"height":300,"caption":"Una toma a la altura del pecho de un oficial de polic\u00eda de pie con las manos en la cintura."},{"@type":"BreadcrumbList","@id":"https:\/\/ceolawyer.com\/espanol\/informe-de-accidente\/informe-policial-de-un-accidente-de-auto-en-georgia\/paulding-county\/#breadcrumb","itemListElement":[{"@type":"ListItem","position":1,"name":"Home","item":"https:\/\/ceolawyer.com\/espanol\/"},{"@type":"ListItem","position":2,"name":"Consigue el Reporte Policial de tu Accidente de Auto","item":"https:\/\/ceolawyer.com\/espanol\/informe-de-accidente\/"},{"@type":"ListItem","position":3,"name":"C\u00f3mo Solicitar el Informe Policial de un Accidente de Auto en Georgia","item":"https:\/\/ceolawyer.com\/espanol\/informe-de-accidente\/informe-policial-de-un-accidente-de-auto-en-georgia\/"},{"@type":"ListItem","position":4,"name":"C\u00f3mo obtener tu informe de accidente automovil\u00edstico del departamento del alguacil de Paulding County GA"}]},{"@type":"WebSite","@id":"https:\/\/ceolawyer.com\/espanol\/#website","url":"https:\/\/ceolawyer.com\/espanol\/","name":"CEO Lawyer","description":"Personal Injury Attorney","publisher":{"@id":"https:\/\/ceolawyer.com\/espanol\/#organization"},"potentialAction":[{"@type":"SearchAction","target":{"@type":"EntryPoint","urlTemplate":"https:\/\/ceolawyer.com\/espanol\/?s={search_term_string}"},"query-input":{"@type":"PropertyValueSpecification","valueRequired":true,"valueName":"search_term_string"}}],"inLanguage":"en-US"},{"@type":"Organization","@id":"https:\/\/ceolawyer.com\/espanol\/#organization","name":"CEO Lawyer","url":"https:\/\/ceolawyer.com\/espanol\/","logo":{"@type":"ImageObject","inLanguage":"en-US","@id":"https:\/\/ceolawyer.com\/espanol\/#\/schema\/logo\/image\/","url":"https:\/\/ceolawyer.com\/espanol\/wp-content\/uploads\/sites\/2\/2022\/05\/CEO_Logo.png","contentUrl":"https:\/\/ceolawyer.com\/espanol\/wp-content\/uploads\/sites\/2\/2022\/05\/CEO_Logo.png","width":200,"height":108,"caption":"CEO Lawyer"},"image":{"@id":"https:\/\/ceolawyer.com\/espanol\/#\/schema\/logo\/image\/"}}]}},"_links":{"self":[{"href":"https:\/\/ceolawyer.com\/espanol\/wp-json\/wp\/v2\/pages\/12941","targetHints":{"allow":["GET"]}}],"collection":[{"href":"https:\/\/ceolawyer.com\/espanol\/wp-json\/wp\/v2\/pages"}],"about":[{"href":"https:\/\/ceolawyer.com\/espanol\/wp-json\/wp\/v2\/types\/page"}],"author":[{"embeddable":true,"href":"https:\/\/ceolawyer.com\/espanol\/wp-json\/wp\/v2\/users\/18"}],"replies":[{"embeddable":true,"href":"https:\/\/ceolawyer.com\/espanol\/wp-json\/wp\/v2\/comments?post=12941"}],"version-history":[{"count":0,"href":"https:\/\/ceolawyer.com\/espanol\/wp-json\/wp\/v2\/pages\/12941\/revisions"}],"up":[{"embeddable":true,"href":"https:\/\/ceolawyer.com\/espanol\/wp-json\/wp\/v2\/pages\/12737"}],"wp:featuredmedia":[{"embeddable":true,"href":"https:\/\/ceolawyer.com\/espanol\/wp-json\/wp\/v2\/media\/12943"}],"wp:attachment":[{"href":"https:\/\/ceolawyer.com\/espanol\/wp-json\/wp\/v2\/media?parent=12941"}],"curies":[{"name":"wp","href":"https:\/\/api.w.org\/{rel}","templated":true}]}}