{"id":12953,"date":"2025-12-22T14:52:15","date_gmt":"2025-12-22T14:52:15","guid":{"rendered":"https:\/\/ceolawyer.com\/espanol\/?page_id=12953"},"modified":"2025-12-22T14:57:11","modified_gmt":"2025-12-22T14:57:11","slug":"richmond-county","status":"publish","type":"page","link":"https:\/\/ceolawyer.com\/espanol\/informe-de-accidente\/informe-policial-de-un-accidente-de-auto-en-georgia\/richmond-county\/","title":{"rendered":"C\u00f3mo obtener tu informe de accidente automovil\u00edstico del departamento del alguacil de Richmond County"},"content":{"rendered":"<p><img decoding=\"async\" class=\"alignright size-full wp-image-12955\" src=\"https:\/\/ceolawyer.com\/espanol\/wp-content\/uploads\/sites\/2\/2025\/12\/How-to-Obtain-Your-Richmond-County-Sheriffs-Department-Car-Accident-Report.webp\" alt=\"Un oficial de polic\u00eda entregando formularios para que los completes.\" width=\"500\" height=\"300\" srcset=\"https:\/\/ceolawyer.com\/espanol\/wp-content\/uploads\/sites\/2\/2025\/12\/How-to-Obtain-Your-Richmond-County-Sheriffs-Department-Car-Accident-Report.webp 500w, https:\/\/ceolawyer.com\/espanol\/wp-content\/uploads\/sites\/2\/2025\/12\/How-to-Obtain-Your-Richmond-County-Sheriffs-Department-Car-Accident-Report-300x180.webp 300w\" sizes=\"(max-width: 500px) 100vw, 500px\" \/>Si has estado involucrado en un accidente automovil\u00edstico en Richmond County, Georgia, obtener tu informe oficial polic\u00edaco de accidente del departamento del alguacil de Richmond County es un paso esencial. Este informe guarda detalles cruciales sobre el incidente, que son necesarios para los reclamos de seguro, los procesos legales y para asegurar que tus derechos sean protegidos.<\/p>\n<p>Te guiaremos a trav\u00e9s del proceso para obtener tu informe tanto en persona como en l\u00ednea, dando claridad en requerimientos, costos y la importancia de este documento en las secuelas de una colisi\u00f3n.<\/p>\n<h2>Por qu\u00e9 necesitas tu informe polic\u00edaco de accidente<\/h2>\n<p>Despu\u00e9s de un accidente automovil\u00edstico, tu compa\u00f1\u00eda de seguro y tus representantes legales dependen mucho del informe polic\u00edaco de accidente. Este documento contiene una descripci\u00f3n general del incidente, incluyendo las partes involucradas, las lesiones sufridas, la informaci\u00f3n del seguro y las observaciones del oficial.<\/p>\n<p>Forma la base para los reclamos de seguro, acuerdos y procesos legales, haci\u00e9ndolo crucial para proteger tus derechos y asegurar una resoluci\u00f3n justa.<\/p>\n<h3>Obteniendo tu informe en persona<\/h3>\n<h4>Direcci\u00f3n del departamento del alguacil de Richmond County:<\/h4>\n<p>400 Walton Way, Augusta, GA 30901<\/p>\n<h4>Business Hours:<\/h4>\n<p>Lunes a viernes, 9:00 AM &#8211; 4:00 PM<\/p>\n<p>Para obtener tu informe de accidente automovil\u00edstico en persona, puedes visitar el departamento del alguacil de Richmond County durante sus horas de servicio regulares. Aqu\u00ed, necesitar\u00e1s otorgar informaci\u00f3n espec\u00edfica para confirmar tu involucramiento en el incidente. Esto incluye tu n\u00famero de caso, tu identificaci\u00f3n y ser una parte nombrada en el caso o un representante autorizado.<\/p>\n<p>El costo de obtener una copia f\u00edsica de tu informe es diez centavos por p\u00e1gina. Puedes pagar usando efectivo, giros postales, cheques o tarjetas de cr\u00e9dito. Es aconsejable llamar antes de tiempo para asegurar que tu informe est\u00e9 listo para recogerse y para confirmar los m\u00e9todos aceptados de pago.<\/p>\n<h3>Pedido en l\u00ednea a trav\u00e9s de BuyCrash.com<\/h3>\n<p>Para una opci\u00f3n m\u00e1s conveniente, el departamento del alguacil de Richmond County ofrece acceso en l\u00ednea a los informes de accidentes a trav\u00e9s de BuyCrash.com. Este servicio te permite descargar una copia digital del informe desde la comodidad de tu casa.<\/p>\n<h4>Pasos para pedir tu informe de accidente en l\u00ednea<\/h4>\n<ul>\n<li>Haz clic en el link hacia <a href=\"https:\/\/buycrash.lexisnexisrisk.com\/ui\/home\">com<\/a>.<\/li>\n<li>En la p\u00e1gina de buycrash.com, selecciona <strong>Georgia <\/strong>como tu estado.<\/li>\n<li>Escoge tu jurisdicci\u00f3n que investig\u00f3 tu accidente automovil\u00edstico del segundo men\u00fa desplegable, es decir, el <strong>departamento del alguacil de Richmond County.<\/strong><\/li>\n<li>Haz clic en <strong>empezar b\u00fasqueda <\/strong>para proceder.<\/li>\n<li>Te pedir\u00e1n otorgar detalles como:\n<ul>\n<li>Apellidos<\/li>\n<li>Fecha de accidente<\/li>\n<li>N\u00famero de informe del caso<\/li>\n<li>VIN (n\u00famero de identificaci\u00f3n vehicular)<\/li>\n<li>N\u00famero de licencia de conductor<\/li>\n<\/ul>\n<\/li>\n<li>Sigue las instrucciones para completar tu proceso de pedido.<\/li>\n<\/ul>\n<p>La tarifa por descargar tu informe en l\u00ednea es de $11, pagable usando tarjeta de cr\u00e9dito o d\u00e9bito. Esta opci\u00f3n ofrece una manera r\u00e1pida y eficiente para accesar tu informe sin la necesidad de visitar al departamento del alguacil en persona.<\/p>\n<h2>Qu\u00e9 esperar en tu informe polic\u00edaco de accidente<\/h2>\n<p>Tu informe de accidente oficial de Georgia consiste de cuatro secciones esenciales detallando los espec\u00edficos de la colisi\u00f3n:<\/p>\n<ul>\n<li><strong>Partes involucradas: <\/strong>Nombres, direcciones e informaci\u00f3n de contacto de todas las partes involucradas.<\/li>\n<li><strong>Tipo de accidente: <\/strong>Descripci\u00f3n del tipo de accidente (ejemplo, detenido, en movimiento, de peat\u00f3n, de bicicleta).<\/li>\n<li><strong>Informaci\u00f3n de seguro: <\/strong>Detalles de la p\u00f3liza de seguro vehicular involucrada.<\/li>\n<li><strong>Lesiones y fatalidades: <\/strong>Informe cualquier lesi\u00f3n o fatalidad resultando del accidente.<\/li>\n<\/ul>\n<p>El departamento del oficial que reporta, nombre y n\u00famero de placa tambi\u00e9n est\u00e1n incluidos. Este documento comprensivo sirve como un recurso vital para los reclamos de seguro, procesos legales y para entender las circunstancias alrededor del accidente.<\/p>\n<h2>\u00bfEs un desaf\u00edo obtener un informe polic\u00edaco de accidente?<\/h2>\n<p>Para v\u00edctimas de accidentes automovil\u00edsticos en Richmond County, obtener un informe polic\u00edaco de accidente es t\u00edpicamente directo. Sin embargo, ciertos factores, como demoras en el proceso o informaci\u00f3n incompleta, puede ser un reto.<\/p>\n<p>Para agilizar el proceso, es crucial tener los detalles necesarios a la mano.<\/p>\n<h3>Consejos para recogerlo f\u00e1cilmente<\/h3>\n<ul>\n<li><strong>N\u00famero de nota de informe <\/strong>\u2013 Pide a los oficiales de la aplicaci\u00f3n de la ley por el n\u00famero del informe en la escena del accidente.<\/li>\n<li><strong>Otorga informaci\u00f3n correcta \u2013 <\/strong>Asegura tu nombre, detalles de contacto y n\u00famero de caso (si est\u00e1 disponible) sean correctos.<\/li>\n<li><strong>Llama antes de tiempo \u2013 <\/strong>Antes de visitar en persona, llama al departamento del alguacil para confirmar la disponibilidad de tu informe.<\/li>\n<\/ul>\n<h3>Costo de obtener tu informe de accidente<\/h3>\n<p>El costo de obtener tu informe polic\u00edaco de accidente en Richmond County var\u00eda basado en el m\u00e9todo escogido:<\/p>\n<ul>\n<li><strong>Recogerlo en persona: <\/strong>$0.10 por p\u00e1gina<\/li>\n<li><strong>Descarga en l\u00ednea (BuyCrash.com): <\/strong>$11<\/li>\n<\/ul>\n<p>Mientras que estas tarifas son relativamente asequibles, la informaci\u00f3n en tu informe de accidente es invaluable. Otorga detalles cruciales para tus reclamos de seguro, consultas legales y armar un caso para compensaci\u00f3n contra partes negligentes.<\/p>\n<h2>Accidentes automovil\u00edsticos en Richmond Count, GA<\/h2>\n<p>Richmond County, como muchas \u00e1reas, experimenta su parte de accidentes automovil\u00edsticos cada a\u00f1o. Los accidentes y fatalidades de tr\u00e1fico son un problema significativo de seguridad p\u00fablica. En 2021, <a href=\"https:\/\/www.gahighwaysafety.org\/traffic-data\/\">Richmond County registr\u00f3 41 choques fatales<\/a>, tomando las vidas de 48 personas.<\/p>\n<p>Esto fue el segundo mayor n\u00famero de fatalidades de tr\u00e1fico en la historia del condado, solo superado por los 44 en 2012. Estas estad\u00edsticas resaltan la importancia de tener acceso a los informes precisos de accidentes automovil\u00edsticos para prop\u00f3sitos de seguro y prop\u00f3sitos legales.<\/p>\n<h2>El impacto de los informes polic\u00edacos defectuosos de accidente en los reclamos de seguro<\/h2>\n<p>El informe polic\u00edaco de accidente es un documento cr\u00edtico usado por las compa\u00f1\u00edas de seguro para evaluar reclamos. Sin embargo, si un informe contiene errores, puede impactar significativamente el resultado de un reclamo de seguro.<\/p>\n<p>Informaci\u00f3n incorrecta o incompleta en un informe polic\u00edaco de accidente puede llevar a disputas y puede resultar en el rechazo del reclamo o una evaluaci\u00f3n incorrecta de responsabilidad. Los individuos involucrados en un accidente necesitan revisar su informe policial por precisi\u00f3n y tomar pasos para corregir cualquier error r\u00e1pidamente.<\/p>\n<p>Esto asegura que el proceso de reclamo de seguro sea basado en informaci\u00f3n completa y factual, lo que es crucial para un acuerdo justo.<\/p>\n<h3>Podemos ayudar<\/h3>\n<p>Si has estado lesionado en un accidente automovil\u00edstico, obtener el informe policial es solo un paso del proceso. El bufete de abogados de lesi\u00f3n personal de CEO Lawyer est\u00e1 aqu\u00ed para ayudarte a navegar las complejidades legales del reclamo de accidentes automovil\u00edsticos.<\/p>\n<p>Nuestros <a href=\"https:\/\/ceolawyer.com\/georgia-personal-injury\/car-accident-lawyer\/\">abogados experimentados de accidentes automovil\u00edsticos de Georgia<\/a> pueden asistirte con lo siguiente:<\/p>\n<ul>\n<li>Entendiendo tus derechos y opciones.<\/li>\n<li>Recolectando evidencia para apoyar tu reclamo, incluyendo potencialmente disputando un informe defectuoso.<\/li>\n<li>Negociando con compa\u00f1\u00edas de seguro.<\/li>\n<li>Presentando una demanda si es necesario.<\/li>\n<\/ul>\n<p><a href=\"https:\/\/ceolawyer.com\/contact-us\/\">Contacta<\/a> al bufete de abogados de lesi\u00f3n personal de CEO Lawyer para una consulta. Llama al <a href=\"tel:+14708229057\"><strong>(470) 822-9057<\/strong><\/a> para saber m\u00e1s.<\/p>\n","protected":false},"excerpt":{"rendered":"<p>Si has estado involucrado en un accidente automovil\u00edstico en Richmond County, Georgia, obtener tu informe oficial polic\u00edaco de accidente del departamento del alguacil de Richmond County es un paso esencial. Este informe guarda detalles cruciales sobre el incidente, que son necesarios para los reclamos de seguro, los procesos legales y para asegurar que tus derechos [&hellip;]<\/p>\n","protected":false},"author":18,"featured_media":12955,"parent":12737,"menu_order":0,"comment_status":"closed","ping_status":"closed","template":"","meta":{"_acf_changed":false,"footnotes":""},"class_list":["post-12953","page","type-page","status-publish","has-post-thumbnail","hentry"],"acf":[],"yoast_head":"<!-- This site is optimized with the Yoast SEO plugin v27.2 - https:\/\/yoast.com\/product\/yoast-seo-wordpress\/ -->\n<title>C\u00f3mo obtener tu informe de accidente automovil\u00edstico del departamento del alguacil de Richmond County | CEO Lawyer<\/title>\n<meta name=\"description\" content=\"Las compa\u00f1\u00edas de seguro te pedir\u00e1n tu informe policial hecho por la oficina del alguacil de Richmond County despu\u00e9s de tu accidente automovil\u00edstico. Ll\u00e1manos al (470) 822-9057 para asesorarte.\" \/>\n<meta name=\"robots\" content=\"index, follow, max-snippet:-1, max-image-preview:large, max-video-preview:-1\" \/>\n<link rel=\"canonical\" href=\"https:\/\/ceolawyer.com\/espanol\/informe-de-accidente\/informe-policial-de-un-accidente-de-auto-en-georgia\/richmond-county\/\" \/>\n<meta property=\"og:locale\" content=\"en_US\" \/>\n<meta property=\"og:type\" content=\"article\" \/>\n<meta property=\"og:title\" content=\"C\u00f3mo obtener tu informe de accidente automovil\u00edstico del departamento del alguacil de Richmond County | CEO Lawyer\" \/>\n<meta property=\"og:description\" content=\"Las compa\u00f1\u00edas de seguro te pedir\u00e1n tu informe policial hecho por la oficina del alguacil de Richmond County despu\u00e9s de tu accidente automovil\u00edstico. Ll\u00e1manos al (470) 822-9057 para asesorarte.\" \/>\n<meta property=\"og:url\" content=\"https:\/\/ceolawyer.com\/espanol\/informe-de-accidente\/informe-policial-de-un-accidente-de-auto-en-georgia\/richmond-county\/\" \/>\n<meta property=\"og:site_name\" content=\"CEO Lawyer\" \/>\n<meta property=\"article:modified_time\" content=\"2025-12-22T14:57:11+00:00\" \/>\n<meta property=\"og:image\" content=\"https:\/\/ceolawyer.com\/espanol\/wp-content\/uploads\/sites\/2\/2025\/12\/How-to-Obtain-Your-Richmond-County-Sheriffs-Department-Car-Accident-Report.webp\" \/>\n\t<meta property=\"og:image:width\" content=\"500\" \/>\n\t<meta property=\"og:image:height\" content=\"300\" \/>\n\t<meta property=\"og:image:type\" content=\"image\/webp\" \/>\n<meta name=\"twitter:card\" content=\"summary_large_image\" \/>\n<meta name=\"twitter:label1\" content=\"Est. reading time\" \/>\n\t<meta name=\"twitter:data1\" content=\"6 minutes\" \/>\n<script type=\"application\/ld+json\" class=\"yoast-schema-graph\">{\"@context\":\"https:\/\/schema.org\",\"@graph\":[{\"@type\":\"WebPage\",\"@id\":\"https:\/\/ceolawyer.com\/espanol\/informe-de-accidente\/informe-policial-de-un-accidente-de-auto-en-georgia\/richmond-county\/\",\"url\":\"https:\/\/ceolawyer.com\/espanol\/informe-de-accidente\/informe-policial-de-un-accidente-de-auto-en-georgia\/richmond-county\/\",\"name\":\"C\u00f3mo obtener tu informe de accidente automovil\u00edstico del departamento del alguacil de Richmond County | CEO Lawyer\",\"isPartOf\":{\"@id\":\"https:\/\/ceolawyer.com\/espanol\/#website\"},\"primaryImageOfPage\":{\"@id\":\"https:\/\/ceolawyer.com\/espanol\/informe-de-accidente\/informe-policial-de-un-accidente-de-auto-en-georgia\/richmond-county\/#primaryimage\"},\"image\":{\"@id\":\"https:\/\/ceolawyer.com\/espanol\/informe-de-accidente\/informe-policial-de-un-accidente-de-auto-en-georgia\/richmond-county\/#primaryimage\"},\"thumbnailUrl\":\"https:\/\/ceolawyer.com\/espanol\/wp-content\/uploads\/sites\/2\/2025\/12\/How-to-Obtain-Your-Richmond-County-Sheriffs-Department-Car-Accident-Report.webp\",\"datePublished\":\"2025-12-22T14:52:15+00:00\",\"dateModified\":\"2025-12-22T14:57:11+00:00\",\"description\":\"Las compa\u00f1\u00edas de seguro te pedir\u00e1n tu informe policial hecho por la oficina del alguacil de Richmond County despu\u00e9s de tu accidente automovil\u00edstico. Ll\u00e1manos al (470) 822-9057 para asesorarte.\",\"breadcrumb\":{\"@id\":\"https:\/\/ceolawyer.com\/espanol\/informe-de-accidente\/informe-policial-de-un-accidente-de-auto-en-georgia\/richmond-county\/#breadcrumb\"},\"inLanguage\":\"en-US\",\"potentialAction\":[{\"@type\":\"ReadAction\",\"target\":[\"https:\/\/ceolawyer.com\/espanol\/informe-de-accidente\/informe-policial-de-un-accidente-de-auto-en-georgia\/richmond-county\/\"]}]},{\"@type\":\"ImageObject\",\"inLanguage\":\"en-US\",\"@id\":\"https:\/\/ceolawyer.com\/espanol\/informe-de-accidente\/informe-policial-de-un-accidente-de-auto-en-georgia\/richmond-county\/#primaryimage\",\"url\":\"https:\/\/ceolawyer.com\/espanol\/wp-content\/uploads\/sites\/2\/2025\/12\/How-to-Obtain-Your-Richmond-County-Sheriffs-Department-Car-Accident-Report.webp\",\"contentUrl\":\"https:\/\/ceolawyer.com\/espanol\/wp-content\/uploads\/sites\/2\/2025\/12\/How-to-Obtain-Your-Richmond-County-Sheriffs-Department-Car-Accident-Report.webp\",\"width\":500,\"height\":300,\"caption\":\"Un oficial de polic\u00eda entregando formularios para que los completes.\"},{\"@type\":\"BreadcrumbList\",\"@id\":\"https:\/\/ceolawyer.com\/espanol\/informe-de-accidente\/informe-policial-de-un-accidente-de-auto-en-georgia\/richmond-county\/#breadcrumb\",\"itemListElement\":[{\"@type\":\"ListItem\",\"position\":1,\"name\":\"Home\",\"item\":\"https:\/\/ceolawyer.com\/espanol\/\"},{\"@type\":\"ListItem\",\"position\":2,\"name\":\"Consigue el Reporte Policial de tu Accidente de Auto\",\"item\":\"https:\/\/ceolawyer.com\/espanol\/informe-de-accidente\/\"},{\"@type\":\"ListItem\",\"position\":3,\"name\":\"C\u00f3mo Solicitar el Informe Policial de un Accidente de Auto en Georgia\",\"item\":\"https:\/\/ceolawyer.com\/espanol\/informe-de-accidente\/informe-policial-de-un-accidente-de-auto-en-georgia\/\"},{\"@type\":\"ListItem\",\"position\":4,\"name\":\"C\u00f3mo obtener tu informe de accidente automovil\u00edstico del departamento del alguacil de Richmond County\"}]},{\"@type\":\"WebSite\",\"@id\":\"https:\/\/ceolawyer.com\/espanol\/#website\",\"url\":\"https:\/\/ceolawyer.com\/espanol\/\",\"name\":\"CEO Lawyer\",\"description\":\"Personal Injury Attorney\",\"publisher\":{\"@id\":\"https:\/\/ceolawyer.com\/espanol\/#organization\"},\"potentialAction\":[{\"@type\":\"SearchAction\",\"target\":{\"@type\":\"EntryPoint\",\"urlTemplate\":\"https:\/\/ceolawyer.com\/espanol\/?s={search_term_string}\"},\"query-input\":{\"@type\":\"PropertyValueSpecification\",\"valueRequired\":true,\"valueName\":\"search_term_string\"}}],\"inLanguage\":\"en-US\"},{\"@type\":\"Organization\",\"@id\":\"https:\/\/ceolawyer.com\/espanol\/#organization\",\"name\":\"CEO Lawyer\",\"url\":\"https:\/\/ceolawyer.com\/espanol\/\",\"logo\":{\"@type\":\"ImageObject\",\"inLanguage\":\"en-US\",\"@id\":\"https:\/\/ceolawyer.com\/espanol\/#\/schema\/logo\/image\/\",\"url\":\"https:\/\/ceolawyer.com\/espanol\/wp-content\/uploads\/sites\/2\/2022\/05\/CEO_Logo.png\",\"contentUrl\":\"https:\/\/ceolawyer.com\/espanol\/wp-content\/uploads\/sites\/2\/2022\/05\/CEO_Logo.png\",\"width\":200,\"height\":108,\"caption\":\"CEO Lawyer\"},\"image\":{\"@id\":\"https:\/\/ceolawyer.com\/espanol\/#\/schema\/logo\/image\/\"}}]}<\/script>\n<!-- \/ Yoast SEO plugin. -->","yoast_head_json":{"title":"C\u00f3mo obtener tu informe de accidente automovil\u00edstico del departamento del alguacil de Richmond County | CEO Lawyer","description":"Las compa\u00f1\u00edas de seguro te pedir\u00e1n tu informe policial hecho por la oficina del alguacil de Richmond County despu\u00e9s de tu accidente automovil\u00edstico. Ll\u00e1manos al (470) 822-9057 para asesorarte.","robots":{"index":"index","follow":"follow","max-snippet":"max-snippet:-1","max-image-preview":"max-image-preview:large","max-video-preview":"max-video-preview:-1"},"canonical":"https:\/\/ceolawyer.com\/espanol\/informe-de-accidente\/informe-policial-de-un-accidente-de-auto-en-georgia\/richmond-county\/","og_locale":"en_US","og_type":"article","og_title":"C\u00f3mo obtener tu informe de accidente automovil\u00edstico del departamento del alguacil de Richmond County | CEO Lawyer","og_description":"Las compa\u00f1\u00edas de seguro te pedir\u00e1n tu informe policial hecho por la oficina del alguacil de Richmond County despu\u00e9s de tu accidente automovil\u00edstico. Ll\u00e1manos al (470) 822-9057 para asesorarte.","og_url":"https:\/\/ceolawyer.com\/espanol\/informe-de-accidente\/informe-policial-de-un-accidente-de-auto-en-georgia\/richmond-county\/","og_site_name":"CEO Lawyer","article_modified_time":"2025-12-22T14:57:11+00:00","og_image":[{"width":500,"height":300,"url":"https:\/\/ceolawyer.com\/espanol\/wp-content\/uploads\/sites\/2\/2025\/12\/How-to-Obtain-Your-Richmond-County-Sheriffs-Department-Car-Accident-Report.webp","type":"image\/webp"}],"twitter_card":"summary_large_image","twitter_misc":{"Est. reading time":"6 minutes"},"schema":{"@context":"https:\/\/schema.org","@graph":[{"@type":"WebPage","@id":"https:\/\/ceolawyer.com\/espanol\/informe-de-accidente\/informe-policial-de-un-accidente-de-auto-en-georgia\/richmond-county\/","url":"https:\/\/ceolawyer.com\/espanol\/informe-de-accidente\/informe-policial-de-un-accidente-de-auto-en-georgia\/richmond-county\/","name":"C\u00f3mo obtener tu informe de accidente automovil\u00edstico del departamento del alguacil de Richmond County | CEO Lawyer","isPartOf":{"@id":"https:\/\/ceolawyer.com\/espanol\/#website"},"primaryImageOfPage":{"@id":"https:\/\/ceolawyer.com\/espanol\/informe-de-accidente\/informe-policial-de-un-accidente-de-auto-en-georgia\/richmond-county\/#primaryimage"},"image":{"@id":"https:\/\/ceolawyer.com\/espanol\/informe-de-accidente\/informe-policial-de-un-accidente-de-auto-en-georgia\/richmond-county\/#primaryimage"},"thumbnailUrl":"https:\/\/ceolawyer.com\/espanol\/wp-content\/uploads\/sites\/2\/2025\/12\/How-to-Obtain-Your-Richmond-County-Sheriffs-Department-Car-Accident-Report.webp","datePublished":"2025-12-22T14:52:15+00:00","dateModified":"2025-12-22T14:57:11+00:00","description":"Las compa\u00f1\u00edas de seguro te pedir\u00e1n tu informe policial hecho por la oficina del alguacil de Richmond County despu\u00e9s de tu accidente automovil\u00edstico. Ll\u00e1manos al (470) 822-9057 para asesorarte.","breadcrumb":{"@id":"https:\/\/ceolawyer.com\/espanol\/informe-de-accidente\/informe-policial-de-un-accidente-de-auto-en-georgia\/richmond-county\/#breadcrumb"},"inLanguage":"en-US","potentialAction":[{"@type":"ReadAction","target":["https:\/\/ceolawyer.com\/espanol\/informe-de-accidente\/informe-policial-de-un-accidente-de-auto-en-georgia\/richmond-county\/"]}]},{"@type":"ImageObject","inLanguage":"en-US","@id":"https:\/\/ceolawyer.com\/espanol\/informe-de-accidente\/informe-policial-de-un-accidente-de-auto-en-georgia\/richmond-county\/#primaryimage","url":"https:\/\/ceolawyer.com\/espanol\/wp-content\/uploads\/sites\/2\/2025\/12\/How-to-Obtain-Your-Richmond-County-Sheriffs-Department-Car-Accident-Report.webp","contentUrl":"https:\/\/ceolawyer.com\/espanol\/wp-content\/uploads\/sites\/2\/2025\/12\/How-to-Obtain-Your-Richmond-County-Sheriffs-Department-Car-Accident-Report.webp","width":500,"height":300,"caption":"Un oficial de polic\u00eda entregando formularios para que los completes."},{"@type":"BreadcrumbList","@id":"https:\/\/ceolawyer.com\/espanol\/informe-de-accidente\/informe-policial-de-un-accidente-de-auto-en-georgia\/richmond-county\/#breadcrumb","itemListElement":[{"@type":"ListItem","position":1,"name":"Home","item":"https:\/\/ceolawyer.com\/espanol\/"},{"@type":"ListItem","position":2,"name":"Consigue el Reporte Policial de tu Accidente de Auto","item":"https:\/\/ceolawyer.com\/espanol\/informe-de-accidente\/"},{"@type":"ListItem","position":3,"name":"C\u00f3mo Solicitar el Informe Policial de un Accidente de Auto en Georgia","item":"https:\/\/ceolawyer.com\/espanol\/informe-de-accidente\/informe-policial-de-un-accidente-de-auto-en-georgia\/"},{"@type":"ListItem","position":4,"name":"C\u00f3mo obtener tu informe de accidente automovil\u00edstico del departamento del alguacil de Richmond County"}]},{"@type":"WebSite","@id":"https:\/\/ceolawyer.com\/espanol\/#website","url":"https:\/\/ceolawyer.com\/espanol\/","name":"CEO Lawyer","description":"Personal Injury Attorney","publisher":{"@id":"https:\/\/ceolawyer.com\/espanol\/#organization"},"potentialAction":[{"@type":"SearchAction","target":{"@type":"EntryPoint","urlTemplate":"https:\/\/ceolawyer.com\/espanol\/?s={search_term_string}"},"query-input":{"@type":"PropertyValueSpecification","valueRequired":true,"valueName":"search_term_string"}}],"inLanguage":"en-US"},{"@type":"Organization","@id":"https:\/\/ceolawyer.com\/espanol\/#organization","name":"CEO Lawyer","url":"https:\/\/ceolawyer.com\/espanol\/","logo":{"@type":"ImageObject","inLanguage":"en-US","@id":"https:\/\/ceolawyer.com\/espanol\/#\/schema\/logo\/image\/","url":"https:\/\/ceolawyer.com\/espanol\/wp-content\/uploads\/sites\/2\/2022\/05\/CEO_Logo.png","contentUrl":"https:\/\/ceolawyer.com\/espanol\/wp-content\/uploads\/sites\/2\/2022\/05\/CEO_Logo.png","width":200,"height":108,"caption":"CEO Lawyer"},"image":{"@id":"https:\/\/ceolawyer.com\/espanol\/#\/schema\/logo\/image\/"}}]}},"_links":{"self":[{"href":"https:\/\/ceolawyer.com\/espanol\/wp-json\/wp\/v2\/pages\/12953","targetHints":{"allow":["GET"]}}],"collection":[{"href":"https:\/\/ceolawyer.com\/espanol\/wp-json\/wp\/v2\/pages"}],"about":[{"href":"https:\/\/ceolawyer.com\/espanol\/wp-json\/wp\/v2\/types\/page"}],"author":[{"embeddable":true,"href":"https:\/\/ceolawyer.com\/espanol\/wp-json\/wp\/v2\/users\/18"}],"replies":[{"embeddable":true,"href":"https:\/\/ceolawyer.com\/espanol\/wp-json\/wp\/v2\/comments?post=12953"}],"version-history":[{"count":0,"href":"https:\/\/ceolawyer.com\/espanol\/wp-json\/wp\/v2\/pages\/12953\/revisions"}],"up":[{"embeddable":true,"href":"https:\/\/ceolawyer.com\/espanol\/wp-json\/wp\/v2\/pages\/12737"}],"wp:featuredmedia":[{"embeddable":true,"href":"https:\/\/ceolawyer.com\/espanol\/wp-json\/wp\/v2\/media\/12955"}],"wp:attachment":[{"href":"https:\/\/ceolawyer.com\/espanol\/wp-json\/wp\/v2\/media?parent=12953"}],"curies":[{"name":"wp","href":"https:\/\/api.w.org\/{rel}","templated":true}]}}