{"id":12960,"date":"2025-12-22T16:04:03","date_gmt":"2025-12-22T16:04:03","guid":{"rendered":"https:\/\/ceolawyer.com\/espanol\/?page_id=12960"},"modified":"2025-12-22T16:08:44","modified_gmt":"2025-12-22T16:08:44","slug":"riverdale","status":"publish","type":"page","link":"https:\/\/ceolawyer.com\/espanol\/informe-de-accidente\/informe-policial-de-un-accidente-de-auto-en-georgia\/riverdale\/","title":{"rendered":"C\u00f3mo obtener tu informe de accidente automovil\u00edstico del departamento de polic\u00eda de Riverdale"},"content":{"rendered":"<p><img decoding=\"async\" class=\"alignright size-full wp-image-12962\" src=\"https:\/\/ceolawyer.com\/espanol\/wp-content\/uploads\/sites\/2\/2025\/12\/How-to-Obtain-Your-Riverdale-Police-Department-Car-Accident-Report.webp\" alt=\"El coche de un oficial de polic\u00eda detenido junto a un cami\u00f3n con una se\u00f1al LED de carretera cerrada advirtiendo sobre un accidente.\" width=\"500\" height=\"300\" srcset=\"https:\/\/ceolawyer.com\/espanol\/wp-content\/uploads\/sites\/2\/2025\/12\/How-to-Obtain-Your-Riverdale-Police-Department-Car-Accident-Report.webp 500w, https:\/\/ceolawyer.com\/espanol\/wp-content\/uploads\/sites\/2\/2025\/12\/How-to-Obtain-Your-Riverdale-Police-Department-Car-Accident-Report-300x180.webp 300w\" sizes=\"(max-width: 500px) 100vw, 500px\" \/>Estar involucrado en un accidente automovil\u00edstico puede ser una experiencia estresante y abrumadora. Adem\u00e1s del da\u00f1o f\u00edsico y emocional, lidiar con las compa\u00f1\u00edas de seguro y materias legales puede a\u00f1adir otra capa de complejidad.<\/p>\n<p>Una parte crucial de este proceso es obtener tu informe oficial polic\u00edaco del departamento de polic\u00eda de Riverdale. Este informe sirve como un documento vital para tu reclamo de seguro y puede ser esencial para cualquier consideraci\u00f3n legal despu\u00e9s del accidente.<\/p>\n<h2>Recogiendo tu informe de accidente automovil\u00edstico del departamento de polic\u00eda de Riverdale<\/h2>\n<p>Obtener tu informe oficial de accidente automovil\u00edstico del departamento de polic\u00eda de Riverdale es un paso clave despu\u00e9s del incidente. Este documento sirve como evidencia cr\u00edtica para tu reclamo de seguro y puede ser necesario para materias legales que puedan surgir.<\/p>\n<p>Afortunadamente, el departamento de polic\u00eda de Riverdale ofrece varias maneras para pedir tu informe, permiti\u00e9ndote escoger el m\u00e9todo m\u00e1s conveniente para tu situaci\u00f3n.<\/p>\n<h3>Pedido de registros abiertos<\/h3>\n<p>Para una soluci\u00f3n r\u00e1pida y eficiente, puedes enviar un pedido de registros abiertos a trav\u00e9s del <a href=\"https:\/\/riverdalega.justfoia.com\/publicportal\/home\/newrequest\">portal en l\u00ednea del departamento de polic\u00eda de Riverdale<\/a>.<\/p>\n<ol>\n<li>Inicia un nuevo pedido.<\/li>\n<li>Durante el proceso de pedido, especifica claramente que quieres una copia de tu informe de accidente automovil\u00edstico.<\/li>\n<li>Indica tu preferencia de una copia electr\u00f3nica si est\u00e1 disponible. Esto puede acelerar el proceso de entrega.<\/li>\n<li>Si una versi\u00f3n electr\u00f3nica no est\u00e1 disponible, el departamento te enviar\u00e1 una copia autom\u00e1ticamente por correo.<\/li>\n<\/ol>\n<h3>Pedido por correo<\/h3>\n<p>Si prefieres un acercamiento m\u00e1s tradicional, puedes tambi\u00e9n enviar un pedido de registros abiertos por correo. Simplemente sigue estos pasos.<\/p>\n<ul>\n<li>Visita el mismo portal en l\u00ednea.<\/li>\n<li>Inicia un nuevo pedido.<\/li>\n<li>Durante el proceso, especifica tu preferencia por una copia en papel de tu informe de accidente automovil\u00edstico.<\/li>\n<\/ul>\n<h3>Recogerlo en persona<\/h3>\n<p>Para aquellos que prefieren una interacci\u00f3n cara a cara, puedes visitar el vest\u00edbulo de registros del departamento de polic\u00eda de Riverdale en persona:<\/p>\n<ul>\n<li>El vest\u00edbulo est\u00e1 localizado en 6690 Church St., Riverdale, GA 30274 (asegura anotar esta direcci\u00f3n para una referencia f\u00e1cil).<\/li>\n<li>Ya ah\u00ed, ac\u00e9rcate al personal y pide una copia de tu informe de accidente.<\/li>\n<li>Prep\u00e1rate para otorgar detalles como la fecha, la hora y el lugar del accidente para ayudarles a localizar tu informe eficientemente.<\/li>\n<\/ul>\n<h3>Buycrash.com<\/h3>\n<p>Mientras que no est\u00e1 directamente afiliado al departamento de polic\u00eda de Riverdale, algunos sitios web como Buycrash.com ofrecen servicios para ayudarte a obtener informes de accidentes. Sin embargo, es recomendable explorar los canales oficiales mencionados arriba primero, ya que a menudo son la manera m\u00e1s eficiente y rentable para obtener tu informe.<\/p>\n<p>Aqu\u00ed est\u00e1 lo que tienes que hacer:<\/p>\n<ul>\n<li>Haz clic en el link hacia <a href=\"https:\/\/buycrash.lexisnexisrisk.com\/ui\/home\">com<\/a>.<\/li>\n<li>En la p\u00e1gina de buycrash.com, selecciona <strong>Georgia <\/strong>como tu estado.<\/li>\n<li>Escoge tu jurisdicci\u00f3n que investig\u00f3 tu accidente automovil\u00edstico del segundo men\u00fa desplegable, es decir, el <strong>departamento de polic\u00eda de Riverdale.<\/strong><\/li>\n<li>Haz clic en <strong>empezar b\u00fasqueda <\/strong>para proceder.<\/li>\n<li>Te pedir\u00e1n otorgar detalles como:\n<ul>\n<li>Apellidos<\/li>\n<li>Fecha de accidente<\/li>\n<li>N\u00famero de informe del caso<\/li>\n<li>VIN (n\u00famero de identificaci\u00f3n vehicular)<\/li>\n<li>N\u00famero de licencia de conductor<\/li>\n<\/ul>\n<\/li>\n<\/ul>\n<p><strong>Nota: <\/strong>Puede haber tarifas asociadas a este m\u00e9todo.<\/p>\n<h3>Tarifas y consideraciones adicionales<\/h3>\n<p>Hay tarifas asociadas por obtener tu informe:<\/p>\n<ul>\n<li>Informe de accidente: $5.00 (Esta informaci\u00f3n es crucial de recordar)<\/li>\n<li>Informe de incidente: $2.00 para pedidos en persona o $5.00 para copias por correo.<\/li>\n<\/ul>\n<h3>Consejos adicionales<\/h3>\n<ul>\n<li>Siempre lleva una identificaci\u00f3n v\u00e1lida cuando visites el vest\u00edbulo de registros en persona.<\/li>\n<li>Tener cualquier informaci\u00f3n adicional relacionada al accidente en mano puede agilizar el proceso.<\/li>\n<li>El tel\u00e9fono del departamento de polic\u00eda de Riverdale, <a href=\"tel:+17709963382\">(770) 996-3382<\/a>, est\u00e1 disponible para cualquier pregunta o asistencia que puedas necesitar. Est\u00e1n ah\u00ed para guiarte a trav\u00e9s del proceso.<\/li>\n<\/ul>\n<h2>Maximizando el impacto de tu informe de accidente automovil\u00edstico en la corte<\/h2>\n<p>Mientras que obtener tu informe de accidente automovil\u00edstico es un paso crucial, entender c\u00f3mo usarlo en los procesos de la corte es igual de importante. Aqu\u00ed hay un desglose de los pasos clave:<\/p>\n<h3>Revisa meticulosamente el informe<\/h3>\n<p>Antes de depender del informe en la corte, toma tiempo para revisarlo meticulosamente. Asegura que todos los detalles sean precisos y completos. Identifica cualquier discrepancia o informaci\u00f3n faltante que pueda debilitar tu caso.<\/p>\n<h3>Mejora tu caso con evidencia adicional<\/h3>\n<p>El informe es solo un pedazo del rompecabezas. Recolecta evidencia adicional para apoyar tus afirmaciones. Esto puede incluir:<\/p>\n<ul>\n<li><strong>Fotos: <\/strong>Fotograf\u00edas tomadas en la escena del accidente pueden ser extremadamente valiosas si se alinean con los detalles del informe.<\/li>\n<li><strong>Testimonios de testigos: <\/strong>Si hubo testigos del accidente, obt\u00e9n testimonios firmados detallando sus observaciones.<\/li>\n<li><strong>Registros m\u00e9dicos: <\/strong>Si hubo lesiones sufridas, recolecta registros m\u00e9dicos documentando tu tratamiento.<\/li>\n<\/ul>\n<h3>Busca asesoramiento legal<\/h3>\n<p>Consultar con un abogado experimentado especializado en casos de lesi\u00f3n personal es crucial. Tu abogado puede:<\/p>\n<ul>\n<li>Asesorarte en c\u00f3mo presentar tu informe de accidente automovil\u00edstico en la corte efectivamente.<\/li>\n<li>Analizar las fortalezas y las debilidades del informe como evidencia en tu caso espec\u00edfico.<\/li>\n<\/ul>\n<h3>Asegurar testimonios de los testigos y del oficial<\/h3>\n<p>Si es necesario, considera citar los testigos relevantes o el oficial polic\u00edaco que present\u00f3 el informe. Su testimonio puede fortalecer tu caso significativamente al corroborar los detalles dentro del informe.<\/p>\n<h3>La autenticaci\u00f3n es clave<\/h3>\n<p>El informe de accidente automovil\u00edstico necesita autenticaci\u00f3n apropiada antes de ser admitida como evidencia en la corte. Esto t\u00edpicamente involucra:<\/p>\n<ul>\n<li>Verificar la firma del oficial que present\u00f3 el informe.<\/li>\n<li>Confirmar que el informe es un documento oficial del departamento de polic\u00eda de Riverdale.<\/li>\n<\/ul>\n<h3>Presentando tu caso<\/h3>\n<p>Durante tu juicio, tu abogado introducir\u00e1 estrat\u00e9gicamente el informe de accidente y resaltar puntos clave que mejoran tu caso.<\/p>\n<h3>Prep\u00e1rate para un contrainterrogatorio<\/h3>\n<p>S\u00e9 consciente que la asesor\u00eda contraria podr\u00eda retar tu informe. Aseg\u00farate de entender sus contenidos profundamente para atender cualquier pregunta o contra argumento efectivamente.<\/p>\n<p>Los debates legales pueden ser intrincados, y cada caso es \u00fanico. Consulta con tu abogado para adaptar estos pasos a tus circunstancias espec\u00edficas.<\/p>\n<p>El informe de accidente automovil\u00edstico es una pieza valiosa de evidencia, as\u00ed que asegura su precisi\u00f3n y relevancia para maximizar su impacto en la corte.<\/p>\n<h2>\u00bfNecesitas ayuda navegando tu caso de lesi\u00f3n personal?<\/h2>\n<p>Contacta al bufete de abogados de lesi\u00f3n personal de CEO Lawyer, un <a href=\"https:\/\/ceolawyer.com\/georgia-personal-injury\/car-accident-lawyer\/\">equipo experimentado de abogados de accidentes automovil\u00edsticos en Georgia<\/a> dedicado a proteger tus derechos y maximizar tu compensaci\u00f3n.<\/p>\n","protected":false},"excerpt":{"rendered":"<p>Estar involucrado en un accidente automovil\u00edstico puede ser una experiencia estresante y abrumadora. Adem\u00e1s del da\u00f1o f\u00edsico y emocional, lidiar con las compa\u00f1\u00edas de seguro y materias legales puede a\u00f1adir otra capa de complejidad. Una parte crucial de este proceso es obtener tu informe oficial polic\u00edaco del departamento de polic\u00eda de Riverdale. Este informe sirve [&hellip;]<\/p>\n","protected":false},"author":18,"featured_media":12962,"parent":12737,"menu_order":0,"comment_status":"closed","ping_status":"closed","template":"","meta":{"_acf_changed":false,"footnotes":""},"class_list":["post-12960","page","type-page","status-publish","has-post-thumbnail","hentry"],"acf":[],"yoast_head":"<!-- This site is optimized with the Yoast SEO plugin v27.5 - https:\/\/yoast.com\/product\/yoast-seo-wordpress\/ -->\n<title>C\u00f3mo obtener tu informe de accidente automovil\u00edstico del departamento de polic\u00eda de Riverdale | CEO Lawyer<\/title>\n<meta name=\"description\" content=\"En las calles de Riverdale tambi\u00e9n hay accidentes automovil\u00edsticos. Si fuiste v\u00edctima de uno, consigue tu informe policial y ll\u00e1manos al (470) 822-9057 para que nuestros abogados te asesoren.\" \/>\n<meta name=\"robots\" content=\"index, follow, max-snippet:-1, max-image-preview:large, max-video-preview:-1\" \/>\n<link rel=\"canonical\" href=\"https:\/\/ceolawyer.com\/espanol\/informe-de-accidente\/informe-policial-de-un-accidente-de-auto-en-georgia\/riverdale\/\" \/>\n<meta property=\"og:locale\" content=\"en_US\" \/>\n<meta property=\"og:type\" content=\"article\" \/>\n<meta property=\"og:title\" content=\"C\u00f3mo obtener tu informe de accidente automovil\u00edstico del departamento de polic\u00eda de Riverdale | CEO Lawyer\" \/>\n<meta property=\"og:description\" content=\"En las calles de Riverdale tambi\u00e9n hay accidentes automovil\u00edsticos. Si fuiste v\u00edctima de uno, consigue tu informe policial y ll\u00e1manos al (470) 822-9057 para que nuestros abogados te asesoren.\" \/>\n<meta property=\"og:url\" content=\"https:\/\/ceolawyer.com\/espanol\/informe-de-accidente\/informe-policial-de-un-accidente-de-auto-en-georgia\/riverdale\/\" \/>\n<meta property=\"og:site_name\" content=\"CEO Lawyer\" \/>\n<meta property=\"article:modified_time\" content=\"2025-12-22T16:08:44+00:00\" \/>\n<meta property=\"og:image\" content=\"https:\/\/ceolawyer.com\/espanol\/wp-content\/uploads\/sites\/2\/2025\/12\/How-to-Obtain-Your-Riverdale-Police-Department-Car-Accident-Report.webp\" \/>\n\t<meta property=\"og:image:width\" content=\"500\" \/>\n\t<meta property=\"og:image:height\" content=\"300\" \/>\n\t<meta property=\"og:image:type\" content=\"image\/webp\" \/>\n<meta name=\"twitter:card\" content=\"summary_large_image\" \/>\n<meta name=\"twitter:label1\" content=\"Est. reading time\" \/>\n\t<meta name=\"twitter:data1\" content=\"5 minutes\" \/>\n<script type=\"application\/ld+json\" class=\"yoast-schema-graph\">{\"@context\":\"https:\\\/\\\/schema.org\",\"@graph\":[{\"@type\":\"WebPage\",\"@id\":\"https:\\\/\\\/ceolawyer.com\\\/espanol\\\/informe-de-accidente\\\/informe-policial-de-un-accidente-de-auto-en-georgia\\\/riverdale\\\/\",\"url\":\"https:\\\/\\\/ceolawyer.com\\\/espanol\\\/informe-de-accidente\\\/informe-policial-de-un-accidente-de-auto-en-georgia\\\/riverdale\\\/\",\"name\":\"C\u00f3mo obtener tu informe de accidente automovil\u00edstico del departamento de polic\u00eda de Riverdale | CEO Lawyer\",\"isPartOf\":{\"@id\":\"https:\\\/\\\/ceolawyer.com\\\/espanol\\\/#website\"},\"primaryImageOfPage\":{\"@id\":\"https:\\\/\\\/ceolawyer.com\\\/espanol\\\/informe-de-accidente\\\/informe-policial-de-un-accidente-de-auto-en-georgia\\\/riverdale\\\/#primaryimage\"},\"image\":{\"@id\":\"https:\\\/\\\/ceolawyer.com\\\/espanol\\\/informe-de-accidente\\\/informe-policial-de-un-accidente-de-auto-en-georgia\\\/riverdale\\\/#primaryimage\"},\"thumbnailUrl\":\"https:\\\/\\\/ceolawyer.com\\\/espanol\\\/wp-content\\\/uploads\\\/sites\\\/2\\\/2025\\\/12\\\/How-to-Obtain-Your-Riverdale-Police-Department-Car-Accident-Report.webp\",\"datePublished\":\"2025-12-22T16:04:03+00:00\",\"dateModified\":\"2025-12-22T16:08:44+00:00\",\"description\":\"En las calles de Riverdale tambi\u00e9n hay accidentes automovil\u00edsticos. Si fuiste v\u00edctima de uno, consigue tu informe policial y ll\u00e1manos al (470) 822-9057 para que nuestros abogados te asesoren.\",\"breadcrumb\":{\"@id\":\"https:\\\/\\\/ceolawyer.com\\\/espanol\\\/informe-de-accidente\\\/informe-policial-de-un-accidente-de-auto-en-georgia\\\/riverdale\\\/#breadcrumb\"},\"inLanguage\":\"en-US\",\"potentialAction\":[{\"@type\":\"ReadAction\",\"target\":[\"https:\\\/\\\/ceolawyer.com\\\/espanol\\\/informe-de-accidente\\\/informe-policial-de-un-accidente-de-auto-en-georgia\\\/riverdale\\\/\"]}]},{\"@type\":\"ImageObject\",\"inLanguage\":\"en-US\",\"@id\":\"https:\\\/\\\/ceolawyer.com\\\/espanol\\\/informe-de-accidente\\\/informe-policial-de-un-accidente-de-auto-en-georgia\\\/riverdale\\\/#primaryimage\",\"url\":\"https:\\\/\\\/ceolawyer.com\\\/espanol\\\/wp-content\\\/uploads\\\/sites\\\/2\\\/2025\\\/12\\\/How-to-Obtain-Your-Riverdale-Police-Department-Car-Accident-Report.webp\",\"contentUrl\":\"https:\\\/\\\/ceolawyer.com\\\/espanol\\\/wp-content\\\/uploads\\\/sites\\\/2\\\/2025\\\/12\\\/How-to-Obtain-Your-Riverdale-Police-Department-Car-Accident-Report.webp\",\"width\":500,\"height\":300,\"caption\":\"El coche de un oficial de polic\u00eda detenido junto a un cami\u00f3n con una se\u00f1al LED de carretera cerrada advirtiendo sobre un accidente.\"},{\"@type\":\"BreadcrumbList\",\"@id\":\"https:\\\/\\\/ceolawyer.com\\\/espanol\\\/informe-de-accidente\\\/informe-policial-de-un-accidente-de-auto-en-georgia\\\/riverdale\\\/#breadcrumb\",\"itemListElement\":[{\"@type\":\"ListItem\",\"position\":1,\"name\":\"Home\",\"item\":\"https:\\\/\\\/ceolawyer.com\\\/espanol\\\/\"},{\"@type\":\"ListItem\",\"position\":2,\"name\":\"Consigue el Reporte Policial de tu Accidente de Auto\",\"item\":\"https:\\\/\\\/ceolawyer.com\\\/espanol\\\/informe-de-accidente\\\/\"},{\"@type\":\"ListItem\",\"position\":3,\"name\":\"C\u00f3mo Solicitar el Informe Policial de un Accidente de Auto en Georgia\",\"item\":\"https:\\\/\\\/ceolawyer.com\\\/espanol\\\/informe-de-accidente\\\/informe-policial-de-un-accidente-de-auto-en-georgia\\\/\"},{\"@type\":\"ListItem\",\"position\":4,\"name\":\"C\u00f3mo obtener tu informe de accidente automovil\u00edstico del departamento de polic\u00eda de Riverdale\"}]},{\"@type\":\"WebSite\",\"@id\":\"https:\\\/\\\/ceolawyer.com\\\/espanol\\\/#website\",\"url\":\"https:\\\/\\\/ceolawyer.com\\\/espanol\\\/\",\"name\":\"CEO Lawyer\",\"description\":\"Personal Injury Attorney\",\"publisher\":{\"@id\":\"https:\\\/\\\/ceolawyer.com\\\/espanol\\\/#organization\"},\"potentialAction\":[{\"@type\":\"SearchAction\",\"target\":{\"@type\":\"EntryPoint\",\"urlTemplate\":\"https:\\\/\\\/ceolawyer.com\\\/espanol\\\/?s={search_term_string}\"},\"query-input\":{\"@type\":\"PropertyValueSpecification\",\"valueRequired\":true,\"valueName\":\"search_term_string\"}}],\"inLanguage\":\"en-US\"},{\"@type\":\"Organization\",\"@id\":\"https:\\\/\\\/ceolawyer.com\\\/espanol\\\/#organization\",\"name\":\"CEO Lawyer\",\"url\":\"https:\\\/\\\/ceolawyer.com\\\/espanol\\\/\",\"logo\":{\"@type\":\"ImageObject\",\"inLanguage\":\"en-US\",\"@id\":\"https:\\\/\\\/ceolawyer.com\\\/espanol\\\/#\\\/schema\\\/logo\\\/image\\\/\",\"url\":\"https:\\\/\\\/ceolawyer.com\\\/espanol\\\/wp-content\\\/uploads\\\/sites\\\/2\\\/2022\\\/05\\\/CEO_Logo.png\",\"contentUrl\":\"https:\\\/\\\/ceolawyer.com\\\/espanol\\\/wp-content\\\/uploads\\\/sites\\\/2\\\/2022\\\/05\\\/CEO_Logo.png\",\"width\":200,\"height\":108,\"caption\":\"CEO Lawyer\"},\"image\":{\"@id\":\"https:\\\/\\\/ceolawyer.com\\\/espanol\\\/#\\\/schema\\\/logo\\\/image\\\/\"}}]}<\/script>\n<!-- \/ Yoast SEO plugin. -->","yoast_head_json":{"title":"C\u00f3mo obtener tu informe de accidente automovil\u00edstico del departamento de polic\u00eda de Riverdale | CEO Lawyer","description":"En las calles de Riverdale tambi\u00e9n hay accidentes automovil\u00edsticos. Si fuiste v\u00edctima de uno, consigue tu informe policial y ll\u00e1manos al (470) 822-9057 para que nuestros abogados te asesoren.","robots":{"index":"index","follow":"follow","max-snippet":"max-snippet:-1","max-image-preview":"max-image-preview:large","max-video-preview":"max-video-preview:-1"},"canonical":"https:\/\/ceolawyer.com\/espanol\/informe-de-accidente\/informe-policial-de-un-accidente-de-auto-en-georgia\/riverdale\/","og_locale":"en_US","og_type":"article","og_title":"C\u00f3mo obtener tu informe de accidente automovil\u00edstico del departamento de polic\u00eda de Riverdale | CEO Lawyer","og_description":"En las calles de Riverdale tambi\u00e9n hay accidentes automovil\u00edsticos. Si fuiste v\u00edctima de uno, consigue tu informe policial y ll\u00e1manos al (470) 822-9057 para que nuestros abogados te asesoren.","og_url":"https:\/\/ceolawyer.com\/espanol\/informe-de-accidente\/informe-policial-de-un-accidente-de-auto-en-georgia\/riverdale\/","og_site_name":"CEO Lawyer","article_modified_time":"2025-12-22T16:08:44+00:00","og_image":[{"width":500,"height":300,"url":"https:\/\/ceolawyer.com\/espanol\/wp-content\/uploads\/sites\/2\/2025\/12\/How-to-Obtain-Your-Riverdale-Police-Department-Car-Accident-Report.webp","type":"image\/webp"}],"twitter_card":"summary_large_image","twitter_misc":{"Est. reading time":"5 minutes"},"schema":{"@context":"https:\/\/schema.org","@graph":[{"@type":"WebPage","@id":"https:\/\/ceolawyer.com\/espanol\/informe-de-accidente\/informe-policial-de-un-accidente-de-auto-en-georgia\/riverdale\/","url":"https:\/\/ceolawyer.com\/espanol\/informe-de-accidente\/informe-policial-de-un-accidente-de-auto-en-georgia\/riverdale\/","name":"C\u00f3mo obtener tu informe de accidente automovil\u00edstico del departamento de polic\u00eda de Riverdale | CEO Lawyer","isPartOf":{"@id":"https:\/\/ceolawyer.com\/espanol\/#website"},"primaryImageOfPage":{"@id":"https:\/\/ceolawyer.com\/espanol\/informe-de-accidente\/informe-policial-de-un-accidente-de-auto-en-georgia\/riverdale\/#primaryimage"},"image":{"@id":"https:\/\/ceolawyer.com\/espanol\/informe-de-accidente\/informe-policial-de-un-accidente-de-auto-en-georgia\/riverdale\/#primaryimage"},"thumbnailUrl":"https:\/\/ceolawyer.com\/espanol\/wp-content\/uploads\/sites\/2\/2025\/12\/How-to-Obtain-Your-Riverdale-Police-Department-Car-Accident-Report.webp","datePublished":"2025-12-22T16:04:03+00:00","dateModified":"2025-12-22T16:08:44+00:00","description":"En las calles de Riverdale tambi\u00e9n hay accidentes automovil\u00edsticos. Si fuiste v\u00edctima de uno, consigue tu informe policial y ll\u00e1manos al (470) 822-9057 para que nuestros abogados te asesoren.","breadcrumb":{"@id":"https:\/\/ceolawyer.com\/espanol\/informe-de-accidente\/informe-policial-de-un-accidente-de-auto-en-georgia\/riverdale\/#breadcrumb"},"inLanguage":"en-US","potentialAction":[{"@type":"ReadAction","target":["https:\/\/ceolawyer.com\/espanol\/informe-de-accidente\/informe-policial-de-un-accidente-de-auto-en-georgia\/riverdale\/"]}]},{"@type":"ImageObject","inLanguage":"en-US","@id":"https:\/\/ceolawyer.com\/espanol\/informe-de-accidente\/informe-policial-de-un-accidente-de-auto-en-georgia\/riverdale\/#primaryimage","url":"https:\/\/ceolawyer.com\/espanol\/wp-content\/uploads\/sites\/2\/2025\/12\/How-to-Obtain-Your-Riverdale-Police-Department-Car-Accident-Report.webp","contentUrl":"https:\/\/ceolawyer.com\/espanol\/wp-content\/uploads\/sites\/2\/2025\/12\/How-to-Obtain-Your-Riverdale-Police-Department-Car-Accident-Report.webp","width":500,"height":300,"caption":"El coche de un oficial de polic\u00eda detenido junto a un cami\u00f3n con una se\u00f1al LED de carretera cerrada advirtiendo sobre un accidente."},{"@type":"BreadcrumbList","@id":"https:\/\/ceolawyer.com\/espanol\/informe-de-accidente\/informe-policial-de-un-accidente-de-auto-en-georgia\/riverdale\/#breadcrumb","itemListElement":[{"@type":"ListItem","position":1,"name":"Home","item":"https:\/\/ceolawyer.com\/espanol\/"},{"@type":"ListItem","position":2,"name":"Consigue el Reporte Policial de tu Accidente de Auto","item":"https:\/\/ceolawyer.com\/espanol\/informe-de-accidente\/"},{"@type":"ListItem","position":3,"name":"C\u00f3mo Solicitar el Informe Policial de un Accidente de Auto en Georgia","item":"https:\/\/ceolawyer.com\/espanol\/informe-de-accidente\/informe-policial-de-un-accidente-de-auto-en-georgia\/"},{"@type":"ListItem","position":4,"name":"C\u00f3mo obtener tu informe de accidente automovil\u00edstico del departamento de polic\u00eda de Riverdale"}]},{"@type":"WebSite","@id":"https:\/\/ceolawyer.com\/espanol\/#website","url":"https:\/\/ceolawyer.com\/espanol\/","name":"CEO Lawyer","description":"Personal Injury Attorney","publisher":{"@id":"https:\/\/ceolawyer.com\/espanol\/#organization"},"potentialAction":[{"@type":"SearchAction","target":{"@type":"EntryPoint","urlTemplate":"https:\/\/ceolawyer.com\/espanol\/?s={search_term_string}"},"query-input":{"@type":"PropertyValueSpecification","valueRequired":true,"valueName":"search_term_string"}}],"inLanguage":"en-US"},{"@type":"Organization","@id":"https:\/\/ceolawyer.com\/espanol\/#organization","name":"CEO Lawyer","url":"https:\/\/ceolawyer.com\/espanol\/","logo":{"@type":"ImageObject","inLanguage":"en-US","@id":"https:\/\/ceolawyer.com\/espanol\/#\/schema\/logo\/image\/","url":"https:\/\/ceolawyer.com\/espanol\/wp-content\/uploads\/sites\/2\/2022\/05\/CEO_Logo.png","contentUrl":"https:\/\/ceolawyer.com\/espanol\/wp-content\/uploads\/sites\/2\/2022\/05\/CEO_Logo.png","width":200,"height":108,"caption":"CEO Lawyer"},"image":{"@id":"https:\/\/ceolawyer.com\/espanol\/#\/schema\/logo\/image\/"}}]}},"_links":{"self":[{"href":"https:\/\/ceolawyer.com\/espanol\/wp-json\/wp\/v2\/pages\/12960","targetHints":{"allow":["GET"]}}],"collection":[{"href":"https:\/\/ceolawyer.com\/espanol\/wp-json\/wp\/v2\/pages"}],"about":[{"href":"https:\/\/ceolawyer.com\/espanol\/wp-json\/wp\/v2\/types\/page"}],"author":[{"embeddable":true,"href":"https:\/\/ceolawyer.com\/espanol\/wp-json\/wp\/v2\/users\/18"}],"replies":[{"embeddable":true,"href":"https:\/\/ceolawyer.com\/espanol\/wp-json\/wp\/v2\/comments?post=12960"}],"version-history":[{"count":0,"href":"https:\/\/ceolawyer.com\/espanol\/wp-json\/wp\/v2\/pages\/12960\/revisions"}],"up":[{"embeddable":true,"href":"https:\/\/ceolawyer.com\/espanol\/wp-json\/wp\/v2\/pages\/12737"}],"wp:featuredmedia":[{"embeddable":true,"href":"https:\/\/ceolawyer.com\/espanol\/wp-json\/wp\/v2\/media\/12962"}],"wp:attachment":[{"href":"https:\/\/ceolawyer.com\/espanol\/wp-json\/wp\/v2\/media?parent=12960"}],"curies":[{"name":"wp","href":"https:\/\/api.w.org\/{rel}","templated":true}]}}