{"id":12983,"date":"2025-12-23T11:41:40","date_gmt":"2025-12-23T11:41:40","guid":{"rendered":"https:\/\/ceolawyer.com\/espanol\/?page_id=12983"},"modified":"2026-01-23T13:30:07","modified_gmt":"2026-01-23T13:30:07","slug":"st-marys","status":"publish","type":"page","link":"https:\/\/ceolawyer.com\/espanol\/informe-de-accidente\/informe-policial-de-un-accidente-de-auto-en-georgia\/st-marys\/","title":{"rendered":"C\u00f3mo obtener tu informe de accidente automovil\u00edstico del departamento de polic\u00eda de St. Marys"},"content":{"rendered":"<p><img decoding=\"async\" class=\"alignright size-full wp-image-12985\" src=\"https:\/\/ceolawyer.com\/espanol\/wp-content\/uploads\/sites\/2\/2025\/12\/How-to-Obtain-Your-St-Marys-Police-Department-Car-Accident-Report.webp\" alt=\"Un coche de polic\u00eda detenido al lado de la carretera con sus luces de emergencia encendidas por la noche.\" width=\"500\" height=\"300\" srcset=\"https:\/\/ceolawyer.com\/espanol\/wp-content\/uploads\/sites\/2\/2025\/12\/How-to-Obtain-Your-St-Marys-Police-Department-Car-Accident-Report.webp 500w, https:\/\/ceolawyer.com\/espanol\/wp-content\/uploads\/sites\/2\/2025\/12\/How-to-Obtain-Your-St-Marys-Police-Department-Car-Accident-Report-300x180.webp 300w\" sizes=\"(max-width: 500px) 100vw, 500px\" \/>Despu\u00e9s de que se calme la conmoci\u00f3n de un accidente automovil\u00edstico, puede surgir una inundaci\u00f3n de preguntas. Uno de los pasos m\u00e1s importantes que vas a tomar es obtener tu copia del informe oficial polic\u00edaco del accidente del departamento de polic\u00eda de St. Mary\u2019s.<\/p>\n<p>Este documento sirve como una pieza crucial de evidencia para tu compa\u00f1\u00eda de seguro y puede ser vital si buscas asesor\u00eda legal.<\/p>\n<h2>Entender el rol del departamento de polic\u00eda de St. Mary\u2019s en los accidentes automovil\u00edsticos<\/h2>\n<p>El departamento de polic\u00eda de St. Mary\u2019s juega un papel crucial en asegurar la seguridad y manejar los accidentes automovil\u00edsticos dentro de los l\u00edmites de la ciudad. Aqu\u00ed hay una vista m\u00e1s cercana a sus operaciones y c\u00f3mo se relacionan con obtener tu informe de accidente automovil\u00edstico:<\/p>\n<h3>Servir a la comunidad<\/h3>\n<p>Con una poblaci\u00f3n de alrededor de 21,000 ciudadanos extendidos a lo largo de 14 millas cuadradas, el departamento de polic\u00eda de St. Mary\u2019s es una agencia de servicio completo con 30 oficiales jurados y personal ciudadano adicional dedicado a la seguridad p\u00fablica. Su acercamiento proactivo ayuda a mantener una tasa de crimen baja, fomentando una sensaci\u00f3n de seguridad para los residentes y visitantes.<\/p>\n<h3>Respondiendo a emergencias y vigilancia proactiva<\/h3>\n<p>El departamento recibe m\u00e1s de 10,000 llamadas de servicio anualmente a trav\u00e9s de su centro 911. Adicionalmente, los oficiales inician m\u00e1s de 17,000 acciones de servicio proactivamente, incluyendo investigaciones de accidentes y detenciones de tr\u00e1fico, apuntando a prevenir los incidentes antes de que ocurran.<\/p>\n<h3>Compromiso con la comunidad<\/h3>\n<p>El departamento de polic\u00eda de St. Mary\u2019s prioriza su compromiso con la comunidad al afiliarse con escuelas, negocios locales y otros grupos de la comunidad. Esta colaboraci\u00f3n asegura que los oficiales est\u00e9n familiarizados con la ciudad y sus residentes, llevando a un acercamiento m\u00e1s responsivo a incidentes y un entendimiento m\u00e1s profundo de las necesidades de la comunidad.<\/p>\n<h2>Recogiendo tu informe de accidente automovil\u00edstico del departamento de polic\u00eda de St. Mary\u2019s<\/h2>\n<p>Ahora que entiendes el rol del departamento de polic\u00eda de St. Mary\u2019s en un accidente automovil\u00edstico profundicemos en las especificidades de obtener tu informe oficial. Aqu\u00ed est\u00e1n los m\u00e9todos disponibles:<\/p>\n<h3>En l\u00ednea a trav\u00e9s de un pedido a registros abiertos<\/h3>\n<p>El sitio web del gobierno de St. Mary\u2019s ofrece un portal en l\u00ednea para pedir registros abiertos, incluyendo los informes polic\u00edacos de accidentes. Aqu\u00ed est\u00e1 lo que tienes que hacer:<\/p>\n<ul>\n<li>Visita el link de la p\u00e1gina de registros abiertos de St. Mary\u2019s hacia la p\u00e1gina de pedidos de registros abiertos de Mary\u2019s<\/li>\n<li>Completa el formulario en l\u00ednea meticulosamente. Asegura dar todos los detalles necesarios, incluyendo tu informaci\u00f3n de contacto, la fecha del accidente y cualquier n\u00famero de caso relevante que puedas tener.<\/li>\n<li>Env\u00eda el formulario electr\u00f3nicamente.<\/li>\n<\/ul>\n<h3>En l\u00ednea a trav\u00e9s de un pedido por email (alternativa)<\/h3>\n<p>Mientras el formulario en l\u00ednea parezca indisponible, St. Mary\u2019s tambi\u00e9n permite env\u00edos v\u00eda email. Manda tu pedido a deborah.walker-reed@stMary\u2019sga.gov.<\/p>\n<p><strong>Nota importante: <\/strong>Al mandar tu pedido por email, d\u00ed claramente que es para un informe de accidente automovil\u00edstico e incluye todos los detalles necesarios mencionados arriba.<\/p>\n<h3>En l\u00ednea a trav\u00e9s de Buycrash.com (un servicio tercero)<\/h3>\n<p>Mientras que no est\u00e1 directamente afiliado al departamento de polic\u00eda de St. Mary\u2019s, Buycrash.com es un servicio tercero que otorga acceso a tu informe de accidente por una tarifa.<\/p>\n<p>Aqu\u00ed est\u00e1 lo que tienes que hacer:<\/p>\n<ul>\n<li>Haz clic en el link hacia <a href=\"https:\/\/buycrash.lexisnexisrisk.com\/ui\/home\">com<\/a>.<\/li>\n<li>En la p\u00e1gina de buycrash.com, selecciona <strong>Georgia <\/strong>como tu estado.<\/li>\n<li>Escoge la jurisdicci\u00f3n que investig\u00f3 tu accidente automovil\u00edstico del segundo men\u00fa desplegable, es decir, el <strong>departamento de polic\u00eda de St.<\/strong><\/li>\n<li>Haz clic en <strong>empezar b\u00fasqueda <\/strong>para proceder.<\/li>\n<li>Te pedir\u00e1n dar detalles como:\n<ul>\n<li>Apellidos<\/li>\n<li>Fecha del accidente<\/li>\n<li>N\u00famero de informe del caso<\/li>\n<li>VIN (n\u00famero de identificaci\u00f3n vehicular)<\/li>\n<li>N\u00famero de licencia de conductor<\/li>\n<\/ul>\n<\/li>\n<\/ul>\n<p><strong>Nota: <\/strong>puede haber una tarifa asociada con este m\u00e9todo.<\/p>\n<h3>Por correo<\/h3>\n<p>Si prefieres un acercamiento no digital, puedes enviar un pedido escrito v\u00eda correo. Sigue las mismas pautas del formulario en l\u00ednea, incluyendo tu informaci\u00f3n de contacto, la fecha del accidente y cualquier n\u00famero de caso relevante.<\/p>\n<p>Escribe tu carta hacia:<\/p>\n<p>Departamento de polic\u00eda de St. Mary\u2019s<\/p>\n<p>Divisi\u00f3n de registros<\/p>\n<p>563 Point Peter Drive<\/p>\n<p>St. Mary\u2019s, GA 31558<\/p>\n<h3>Pedido por tel\u00e9fono<\/h3>\n<p>Para una respuesta m\u00e1s r\u00e1pida, considera llamar al departamento de polic\u00eda de St. Mary\u2019s al <a href=\"tel:+19128824488\">(912) 882-4488<\/a>. Dales los detalles del accidente y ellos te guiar\u00e1n a trav\u00e9s del proceso para obtener tu informe.<\/p>\n<h3>Visita en persona<\/h3>\n<p>El departamento de polic\u00eda de St. Mary\u2019s tambi\u00e9n acepta pedidos en persona en su sede localizada en 563 Point Peter Drive, St. Mary\u2019s, GA 31558. Sus horas de servicio son de 8:00 AM a 5:00 PM entre semana.<\/p>\n<p>Recuerda, los tiempos de procesamiento pueden variar dependiendo de la complejidad de la investigaci\u00f3n del accidente.<\/p>\n<h2>\u00bfTe faltan detalles? Aqu\u00ed est\u00e1 c\u00f3mo obtener tu informe polic\u00edaco de St. Mary\u2019s de todos modos<\/h2>\n<p>Entendemos que despu\u00e9s de un accidente automovil\u00edstico, recolectar todos los detalles puede ser abrumador. No te angusties si te falta alguna informaci\u00f3n cuando pidas tu informe de accidente automovil\u00edstico del departamento de polic\u00eda de St. Mary\u2019s.<\/p>\n<p>Aqu\u00ed est\u00e1 c\u00f3mo proceder:<\/p>\n<h3>Otorga lo que sabes<\/h3>\n<p>Hasta con detalles limitados, cualquier informaci\u00f3n es valiosa. Comparte todo lo que puedas recordar, incluyendo:<\/p>\n<ul>\n<li>La fecha del accidente<\/li>\n<li>La hora aproximada del accidente<\/li>\n<li>El lugar del accidente (intersecci\u00f3n, nombres de calles, marcas)<\/li>\n<\/ul>\n<h3>Contacta al departamento de polic\u00eda de St. Mary\u2019s<\/h3>\n<p>El departamento de polic\u00eda de St. Mary\u2019s est\u00e1 aqu\u00ed para ayudar. Cont\u00e1ctalos a trav\u00e9s del tel\u00e9fono al <a href=\"tel:+19128824488\">(912) 882-4488<\/a> o vis\u00edtalos en persona en 563 Point Peter Drive, St. Mary\u2019s, GA 31558.<\/p>\n<p>Su personal puede guiarte a trav\u00e9s del proceso para obtener tu informe, hasta con detalles faltantes.<\/p>\n<h3>Est\u00e1te preparado para verificar tu identidad<\/h3>\n<p>Al pedir tu informe, podr\u00edan requerirte verificar tu identidad. Lleva una identificaci\u00f3n con foto v\u00e1lida, como tu licencia de manejo o tu pasaporte para agilizar el proceso.<\/p>\n<h3>La paciencia es clave<\/h3>\n<p>Los tiempos de procesamiento de los informes de accidentes pueden variar dependiendo de la complejidad de la investigaci\u00f3n. Se paciente y entiende que el departamento est\u00e1 trabajando diligentemente para darte la documentaci\u00f3n precisa.<\/p>\n<h3>El departamento de polic\u00eda est\u00e1 aqu\u00ed para ayudar<\/h3>\n<p>Si te faltan datos espec\u00edficos, no dudes en explicar la situaci\u00f3n al departamento de polic\u00eda de St. Mary\u2019s. Ellos trabajar\u00e1n con la informaci\u00f3n que tienen disponible para localizar tu informe.<\/p>\n<p>Recuerda, la meta es entregarte con un informe preciso del accidente. Entre m\u00e1s informaci\u00f3n puedas dar, m\u00e1s fluido ser\u00e1 el proceso.<\/p>\n<h2>\u00bfNecesitas representaci\u00f3n legal despu\u00e9s de un accidente automovil\u00edstico?<\/h2>\n<p>Mientras que esta publicaci\u00f3n de blog te equipa con el conocimiento para obtener tu informe de accidente automovil\u00edstico, las materias legales alrededor del accidente pueden ser complejas. Si requieres gu\u00eda o representaci\u00f3n legal despu\u00e9s de un accidente automovil\u00edstico, considera contactar a un abogado calificado de accidentes automovil\u00edsticos.<\/p>\n<p>El bufete de abogados de lesi\u00f3n personal de CEO Lawyer tiene <a href=\"https:\/\/ceolawyer.com\/georgia-personal-injury\/car-accident-lawyer\/\">abogados especializados en accidentes automovil\u00edsticos en Georgia<\/a> y pueden ofrecer asesor\u00eda experta y pelear por tus derechos.<\/p>\n","protected":false},"excerpt":{"rendered":"<p>Despu\u00e9s de que se calme la conmoci\u00f3n de un accidente automovil\u00edstico, puede surgir una inundaci\u00f3n de preguntas. Uno de los pasos m\u00e1s importantes que vas a tomar es obtener tu copia del informe oficial polic\u00edaco del accidente del departamento de polic\u00eda de St. Mary\u2019s. Este documento sirve como una pieza crucial de evidencia para tu [&hellip;]<\/p>\n","protected":false},"author":18,"featured_media":12985,"parent":12737,"menu_order":0,"comment_status":"closed","ping_status":"closed","template":"","meta":{"_acf_changed":false,"footnotes":""},"class_list":["post-12983","page","type-page","status-publish","has-post-thumbnail","hentry"],"acf":[],"yoast_head":"<!-- This site is optimized with the Yoast SEO plugin v27.2 - https:\/\/yoast.com\/product\/yoast-seo-wordpress\/ -->\n<title>C\u00f3mo obtener tu informe de accidente automovil\u00edstico del departamento de polic\u00eda de St. Marys | CEO Lawyer<\/title>\n<meta name=\"description\" content=\"Si un ser querido ha sido v\u00edctima de un accidente automovil\u00edstico en St. Mary&#039;s, consigue la copia de su informe policial y m\u00e1rcanos al (470) 822-9057 para saber qu\u00e9 pasos tomar despu\u00e9s.\" \/>\n<meta name=\"robots\" content=\"index, follow, max-snippet:-1, max-image-preview:large, max-video-preview:-1\" \/>\n<link rel=\"canonical\" href=\"https:\/\/ceolawyer.com\/espanol\/informe-de-accidente\/informe-policial-de-un-accidente-de-auto-en-georgia\/st-marys\/\" \/>\n<meta property=\"og:locale\" content=\"en_US\" \/>\n<meta property=\"og:type\" content=\"article\" \/>\n<meta property=\"og:title\" content=\"C\u00f3mo obtener tu informe de accidente automovil\u00edstico del departamento de polic\u00eda de St. Marys | CEO Lawyer\" \/>\n<meta property=\"og:description\" content=\"Si un ser querido ha sido v\u00edctima de un accidente automovil\u00edstico en St. Mary&#039;s, consigue la copia de su informe policial y m\u00e1rcanos al (470) 822-9057 para saber qu\u00e9 pasos tomar despu\u00e9s.\" \/>\n<meta property=\"og:url\" content=\"https:\/\/ceolawyer.com\/espanol\/informe-de-accidente\/informe-policial-de-un-accidente-de-auto-en-georgia\/st-marys\/\" \/>\n<meta property=\"og:site_name\" content=\"CEO Lawyer\" \/>\n<meta property=\"article:modified_time\" content=\"2026-01-23T13:30:07+00:00\" \/>\n<meta property=\"og:image\" content=\"https:\/\/ceolawyer.com\/espanol\/wp-content\/uploads\/sites\/2\/2025\/12\/How-to-Obtain-Your-St-Marys-Police-Department-Car-Accident-Report.webp\" \/>\n\t<meta property=\"og:image:width\" content=\"500\" \/>\n\t<meta property=\"og:image:height\" content=\"300\" \/>\n\t<meta property=\"og:image:type\" content=\"image\/webp\" \/>\n<meta name=\"twitter:card\" content=\"summary_large_image\" \/>\n<meta name=\"twitter:label1\" content=\"Est. reading time\" \/>\n\t<meta name=\"twitter:data1\" content=\"6 minutes\" \/>\n<script type=\"application\/ld+json\" class=\"yoast-schema-graph\">{\"@context\":\"https:\/\/schema.org\",\"@graph\":[{\"@type\":\"WebPage\",\"@id\":\"https:\/\/ceolawyer.com\/espanol\/informe-de-accidente\/informe-policial-de-un-accidente-de-auto-en-georgia\/st-marys\/\",\"url\":\"https:\/\/ceolawyer.com\/espanol\/informe-de-accidente\/informe-policial-de-un-accidente-de-auto-en-georgia\/st-marys\/\",\"name\":\"C\u00f3mo obtener tu informe de accidente automovil\u00edstico del departamento de polic\u00eda de St. Marys | CEO Lawyer\",\"isPartOf\":{\"@id\":\"https:\/\/ceolawyer.com\/espanol\/#website\"},\"primaryImageOfPage\":{\"@id\":\"https:\/\/ceolawyer.com\/espanol\/informe-de-accidente\/informe-policial-de-un-accidente-de-auto-en-georgia\/st-marys\/#primaryimage\"},\"image\":{\"@id\":\"https:\/\/ceolawyer.com\/espanol\/informe-de-accidente\/informe-policial-de-un-accidente-de-auto-en-georgia\/st-marys\/#primaryimage\"},\"thumbnailUrl\":\"https:\/\/ceolawyer.com\/espanol\/wp-content\/uploads\/sites\/2\/2025\/12\/How-to-Obtain-Your-St-Marys-Police-Department-Car-Accident-Report.webp\",\"datePublished\":\"2025-12-23T11:41:40+00:00\",\"dateModified\":\"2026-01-23T13:30:07+00:00\",\"description\":\"Si un ser querido ha sido v\u00edctima de un accidente automovil\u00edstico en St. Mary's, consigue la copia de su informe policial y m\u00e1rcanos al (470) 822-9057 para saber qu\u00e9 pasos tomar despu\u00e9s.\",\"breadcrumb\":{\"@id\":\"https:\/\/ceolawyer.com\/espanol\/informe-de-accidente\/informe-policial-de-un-accidente-de-auto-en-georgia\/st-marys\/#breadcrumb\"},\"inLanguage\":\"en-US\",\"potentialAction\":[{\"@type\":\"ReadAction\",\"target\":[\"https:\/\/ceolawyer.com\/espanol\/informe-de-accidente\/informe-policial-de-un-accidente-de-auto-en-georgia\/st-marys\/\"]}]},{\"@type\":\"ImageObject\",\"inLanguage\":\"en-US\",\"@id\":\"https:\/\/ceolawyer.com\/espanol\/informe-de-accidente\/informe-policial-de-un-accidente-de-auto-en-georgia\/st-marys\/#primaryimage\",\"url\":\"https:\/\/ceolawyer.com\/espanol\/wp-content\/uploads\/sites\/2\/2025\/12\/How-to-Obtain-Your-St-Marys-Police-Department-Car-Accident-Report.webp\",\"contentUrl\":\"https:\/\/ceolawyer.com\/espanol\/wp-content\/uploads\/sites\/2\/2025\/12\/How-to-Obtain-Your-St-Marys-Police-Department-Car-Accident-Report.webp\",\"width\":500,\"height\":300,\"caption\":\"Un coche de polic\u00eda detenido al lado de la carretera con sus luces de emergencia encendidas por la noche.\"},{\"@type\":\"BreadcrumbList\",\"@id\":\"https:\/\/ceolawyer.com\/espanol\/informe-de-accidente\/informe-policial-de-un-accidente-de-auto-en-georgia\/st-marys\/#breadcrumb\",\"itemListElement\":[{\"@type\":\"ListItem\",\"position\":1,\"name\":\"Home\",\"item\":\"https:\/\/ceolawyer.com\/espanol\/\"},{\"@type\":\"ListItem\",\"position\":2,\"name\":\"Consigue el Reporte Policial de tu Accidente de Auto\",\"item\":\"https:\/\/ceolawyer.com\/espanol\/informe-de-accidente\/\"},{\"@type\":\"ListItem\",\"position\":3,\"name\":\"C\u00f3mo Solicitar el Informe Policial de un Accidente de Auto en Georgia\",\"item\":\"https:\/\/ceolawyer.com\/espanol\/informe-de-accidente\/informe-policial-de-un-accidente-de-auto-en-georgia\/\"},{\"@type\":\"ListItem\",\"position\":4,\"name\":\"C\u00f3mo obtener tu informe de accidente automovil\u00edstico del departamento de polic\u00eda de St. Marys\"}]},{\"@type\":\"WebSite\",\"@id\":\"https:\/\/ceolawyer.com\/espanol\/#website\",\"url\":\"https:\/\/ceolawyer.com\/espanol\/\",\"name\":\"CEO Lawyer\",\"description\":\"Personal Injury Attorney\",\"publisher\":{\"@id\":\"https:\/\/ceolawyer.com\/espanol\/#organization\"},\"potentialAction\":[{\"@type\":\"SearchAction\",\"target\":{\"@type\":\"EntryPoint\",\"urlTemplate\":\"https:\/\/ceolawyer.com\/espanol\/?s={search_term_string}\"},\"query-input\":{\"@type\":\"PropertyValueSpecification\",\"valueRequired\":true,\"valueName\":\"search_term_string\"}}],\"inLanguage\":\"en-US\"},{\"@type\":\"Organization\",\"@id\":\"https:\/\/ceolawyer.com\/espanol\/#organization\",\"name\":\"CEO Lawyer\",\"url\":\"https:\/\/ceolawyer.com\/espanol\/\",\"logo\":{\"@type\":\"ImageObject\",\"inLanguage\":\"en-US\",\"@id\":\"https:\/\/ceolawyer.com\/espanol\/#\/schema\/logo\/image\/\",\"url\":\"https:\/\/ceolawyer.com\/espanol\/wp-content\/uploads\/sites\/2\/2022\/05\/CEO_Logo.png\",\"contentUrl\":\"https:\/\/ceolawyer.com\/espanol\/wp-content\/uploads\/sites\/2\/2022\/05\/CEO_Logo.png\",\"width\":200,\"height\":108,\"caption\":\"CEO Lawyer\"},\"image\":{\"@id\":\"https:\/\/ceolawyer.com\/espanol\/#\/schema\/logo\/image\/\"}}]}<\/script>\n<!-- \/ Yoast SEO plugin. -->","yoast_head_json":{"title":"C\u00f3mo obtener tu informe de accidente automovil\u00edstico del departamento de polic\u00eda de St. Marys | CEO Lawyer","description":"Si un ser querido ha sido v\u00edctima de un accidente automovil\u00edstico en St. Mary's, consigue la copia de su informe policial y m\u00e1rcanos al (470) 822-9057 para saber qu\u00e9 pasos tomar despu\u00e9s.","robots":{"index":"index","follow":"follow","max-snippet":"max-snippet:-1","max-image-preview":"max-image-preview:large","max-video-preview":"max-video-preview:-1"},"canonical":"https:\/\/ceolawyer.com\/espanol\/informe-de-accidente\/informe-policial-de-un-accidente-de-auto-en-georgia\/st-marys\/","og_locale":"en_US","og_type":"article","og_title":"C\u00f3mo obtener tu informe de accidente automovil\u00edstico del departamento de polic\u00eda de St. Marys | CEO Lawyer","og_description":"Si un ser querido ha sido v\u00edctima de un accidente automovil\u00edstico en St. Mary's, consigue la copia de su informe policial y m\u00e1rcanos al (470) 822-9057 para saber qu\u00e9 pasos tomar despu\u00e9s.","og_url":"https:\/\/ceolawyer.com\/espanol\/informe-de-accidente\/informe-policial-de-un-accidente-de-auto-en-georgia\/st-marys\/","og_site_name":"CEO Lawyer","article_modified_time":"2026-01-23T13:30:07+00:00","og_image":[{"width":500,"height":300,"url":"https:\/\/ceolawyer.com\/espanol\/wp-content\/uploads\/sites\/2\/2025\/12\/How-to-Obtain-Your-St-Marys-Police-Department-Car-Accident-Report.webp","type":"image\/webp"}],"twitter_card":"summary_large_image","twitter_misc":{"Est. reading time":"6 minutes"},"schema":{"@context":"https:\/\/schema.org","@graph":[{"@type":"WebPage","@id":"https:\/\/ceolawyer.com\/espanol\/informe-de-accidente\/informe-policial-de-un-accidente-de-auto-en-georgia\/st-marys\/","url":"https:\/\/ceolawyer.com\/espanol\/informe-de-accidente\/informe-policial-de-un-accidente-de-auto-en-georgia\/st-marys\/","name":"C\u00f3mo obtener tu informe de accidente automovil\u00edstico del departamento de polic\u00eda de St. Marys | CEO Lawyer","isPartOf":{"@id":"https:\/\/ceolawyer.com\/espanol\/#website"},"primaryImageOfPage":{"@id":"https:\/\/ceolawyer.com\/espanol\/informe-de-accidente\/informe-policial-de-un-accidente-de-auto-en-georgia\/st-marys\/#primaryimage"},"image":{"@id":"https:\/\/ceolawyer.com\/espanol\/informe-de-accidente\/informe-policial-de-un-accidente-de-auto-en-georgia\/st-marys\/#primaryimage"},"thumbnailUrl":"https:\/\/ceolawyer.com\/espanol\/wp-content\/uploads\/sites\/2\/2025\/12\/How-to-Obtain-Your-St-Marys-Police-Department-Car-Accident-Report.webp","datePublished":"2025-12-23T11:41:40+00:00","dateModified":"2026-01-23T13:30:07+00:00","description":"Si un ser querido ha sido v\u00edctima de un accidente automovil\u00edstico en St. Mary's, consigue la copia de su informe policial y m\u00e1rcanos al (470) 822-9057 para saber qu\u00e9 pasos tomar despu\u00e9s.","breadcrumb":{"@id":"https:\/\/ceolawyer.com\/espanol\/informe-de-accidente\/informe-policial-de-un-accidente-de-auto-en-georgia\/st-marys\/#breadcrumb"},"inLanguage":"en-US","potentialAction":[{"@type":"ReadAction","target":["https:\/\/ceolawyer.com\/espanol\/informe-de-accidente\/informe-policial-de-un-accidente-de-auto-en-georgia\/st-marys\/"]}]},{"@type":"ImageObject","inLanguage":"en-US","@id":"https:\/\/ceolawyer.com\/espanol\/informe-de-accidente\/informe-policial-de-un-accidente-de-auto-en-georgia\/st-marys\/#primaryimage","url":"https:\/\/ceolawyer.com\/espanol\/wp-content\/uploads\/sites\/2\/2025\/12\/How-to-Obtain-Your-St-Marys-Police-Department-Car-Accident-Report.webp","contentUrl":"https:\/\/ceolawyer.com\/espanol\/wp-content\/uploads\/sites\/2\/2025\/12\/How-to-Obtain-Your-St-Marys-Police-Department-Car-Accident-Report.webp","width":500,"height":300,"caption":"Un coche de polic\u00eda detenido al lado de la carretera con sus luces de emergencia encendidas por la noche."},{"@type":"BreadcrumbList","@id":"https:\/\/ceolawyer.com\/espanol\/informe-de-accidente\/informe-policial-de-un-accidente-de-auto-en-georgia\/st-marys\/#breadcrumb","itemListElement":[{"@type":"ListItem","position":1,"name":"Home","item":"https:\/\/ceolawyer.com\/espanol\/"},{"@type":"ListItem","position":2,"name":"Consigue el Reporte Policial de tu Accidente de Auto","item":"https:\/\/ceolawyer.com\/espanol\/informe-de-accidente\/"},{"@type":"ListItem","position":3,"name":"C\u00f3mo Solicitar el Informe Policial de un Accidente de Auto en Georgia","item":"https:\/\/ceolawyer.com\/espanol\/informe-de-accidente\/informe-policial-de-un-accidente-de-auto-en-georgia\/"},{"@type":"ListItem","position":4,"name":"C\u00f3mo obtener tu informe de accidente automovil\u00edstico del departamento de polic\u00eda de St. Marys"}]},{"@type":"WebSite","@id":"https:\/\/ceolawyer.com\/espanol\/#website","url":"https:\/\/ceolawyer.com\/espanol\/","name":"CEO Lawyer","description":"Personal Injury Attorney","publisher":{"@id":"https:\/\/ceolawyer.com\/espanol\/#organization"},"potentialAction":[{"@type":"SearchAction","target":{"@type":"EntryPoint","urlTemplate":"https:\/\/ceolawyer.com\/espanol\/?s={search_term_string}"},"query-input":{"@type":"PropertyValueSpecification","valueRequired":true,"valueName":"search_term_string"}}],"inLanguage":"en-US"},{"@type":"Organization","@id":"https:\/\/ceolawyer.com\/espanol\/#organization","name":"CEO Lawyer","url":"https:\/\/ceolawyer.com\/espanol\/","logo":{"@type":"ImageObject","inLanguage":"en-US","@id":"https:\/\/ceolawyer.com\/espanol\/#\/schema\/logo\/image\/","url":"https:\/\/ceolawyer.com\/espanol\/wp-content\/uploads\/sites\/2\/2022\/05\/CEO_Logo.png","contentUrl":"https:\/\/ceolawyer.com\/espanol\/wp-content\/uploads\/sites\/2\/2022\/05\/CEO_Logo.png","width":200,"height":108,"caption":"CEO Lawyer"},"image":{"@id":"https:\/\/ceolawyer.com\/espanol\/#\/schema\/logo\/image\/"}}]}},"_links":{"self":[{"href":"https:\/\/ceolawyer.com\/espanol\/wp-json\/wp\/v2\/pages\/12983","targetHints":{"allow":["GET"]}}],"collection":[{"href":"https:\/\/ceolawyer.com\/espanol\/wp-json\/wp\/v2\/pages"}],"about":[{"href":"https:\/\/ceolawyer.com\/espanol\/wp-json\/wp\/v2\/types\/page"}],"author":[{"embeddable":true,"href":"https:\/\/ceolawyer.com\/espanol\/wp-json\/wp\/v2\/users\/18"}],"replies":[{"embeddable":true,"href":"https:\/\/ceolawyer.com\/espanol\/wp-json\/wp\/v2\/comments?post=12983"}],"version-history":[{"count":0,"href":"https:\/\/ceolawyer.com\/espanol\/wp-json\/wp\/v2\/pages\/12983\/revisions"}],"up":[{"embeddable":true,"href":"https:\/\/ceolawyer.com\/espanol\/wp-json\/wp\/v2\/pages\/12737"}],"wp:featuredmedia":[{"embeddable":true,"href":"https:\/\/ceolawyer.com\/espanol\/wp-json\/wp\/v2\/media\/12985"}],"wp:attachment":[{"href":"https:\/\/ceolawyer.com\/espanol\/wp-json\/wp\/v2\/media?parent=12983"}],"curies":[{"name":"wp","href":"https:\/\/api.w.org\/{rel}","templated":true}]}}