{"id":12986,"date":"2025-12-23T11:47:37","date_gmt":"2025-12-23T11:47:37","guid":{"rendered":"https:\/\/ceolawyer.com\/espanol\/?page_id=12986"},"modified":"2025-12-23T11:51:41","modified_gmt":"2025-12-23T11:51:41","slug":"stone-mountain","status":"publish","type":"page","link":"https:\/\/ceolawyer.com\/espanol\/informe-de-accidente\/informe-policial-de-un-accidente-de-auto-en-georgia\/stone-mountain\/","title":{"rendered":"C\u00f3mo obtener tu informe de accidente automovil\u00edstico del departamento de polic\u00eda de Stone Mountain"},"content":{"rendered":"<p><img decoding=\"async\" class=\"alignright size-full wp-image-12988\" src=\"https:\/\/ceolawyer.com\/espanol\/wp-content\/uploads\/sites\/2\/2025\/12\/How-to-Obtain-Your-Stone-Mountain-Police-Department-Car-Accident-Report.webp\" alt=\"Las luces rojas y azules de un coche de polic\u00eda parpadeando en su techo por la noche.\" width=\"500\" height=\"300\" srcset=\"https:\/\/ceolawyer.com\/espanol\/wp-content\/uploads\/sites\/2\/2025\/12\/How-to-Obtain-Your-Stone-Mountain-Police-Department-Car-Accident-Report.webp 500w, https:\/\/ceolawyer.com\/espanol\/wp-content\/uploads\/sites\/2\/2025\/12\/How-to-Obtain-Your-Stone-Mountain-Police-Department-Car-Accident-Report-300x180.webp 300w\" sizes=\"(max-width: 500px) 100vw, 500px\" \/>Los accidentes automovil\u00edsticos pueden ser experiencias estresantes. En las secuelas de un accidente automovil\u00edstico en Stone Mountain, Georgia, lidiar con el informe polic\u00edaco parece otro obst\u00e1culo.<\/p>\n<p>Sin embargo, ese informe es crucial por varias razones. No importa si est\u00e1s presentando un reclamo de seguro, buscando asesor\u00eda legal o simplemente necesitas un registro del evento, obtener tu informe de accidente automovil\u00edstico del departamento de polic\u00eda de Stone Mountain es un paso importante.<\/p>\n<h2>Entendiendo el departamento de polic\u00eda de Stone Mountain<\/h2>\n<p>El departamento de polic\u00eda de Stone Mountain, una agencia de la aplicaci\u00f3n de la ley dentro de DeKalb County, Georgia, juega un rol vital en mantener la seguridad p\u00fablica. Sus funciones primordiales incluyen:<\/p>\n<ul>\n<li><strong>Impedimento del crimen<\/strong>: El departamento proactivamente trabaja para prevenir actividades criminales dentro de la comunidad.<\/li>\n<li><strong>Respuesta al crimen: <\/strong>Ellos intervienen durante los cr\u00edmenes en progreso, asegurando una respuesta r\u00e1pida a emergencias.<\/li>\n<li><strong>Investigaciones: <\/strong>Siguiendo cr\u00edmenes reportados, la polic\u00eda conduce investigaciones profundas para identificar perpetradores y traerlos a la justicia.<\/li>\n<li><strong>Respuesta de emergencia: <\/strong>Ellos sirven como primeros respondientes durante emergencias y situaciones que amenazan la seguridad p\u00fablica, actuando como una l\u00ednea crucial de defensa para los residentes de Stone Mountain.<\/li>\n<\/ul>\n<h2>Obteniendo tu informe de accidente automovil\u00edstico del departamento de polic\u00eda de Stone Mountain<\/h2>\n<p>Ahora que entiendes los diferentes m\u00e9todos para obtener tu informe, abordemos los espec\u00edficos de cada opci\u00f3n.<\/p>\n<h3>En l\u00ednea<\/h3>\n<p>Ve hacia BuyCrash para acceder a los informes de accidentes. Ten en mente que estos informes t\u00edpicamente se vuelven disponibles dentro de tres a cinco d\u00edas h\u00e1biles despu\u00e9s de que el oficial presente el reporte.<\/p>\n<p>Puede haber tarifas asociadas con este servicio, as\u00ed que aseg\u00farate checar el sitio web para los precios actuales.<\/p>\n<p>Aqu\u00ed es lo que tienes que hacer:<\/p>\n<ul>\n<li>Haz clic en el link a <a href=\"https:\/\/buycrash.lexisnexisrisk.com\/ui\/home\">com<\/a>.<\/li>\n<li>En la p\u00e1gina de buycrash.com, selecciona <strong>Georgia <\/strong>como tu estado.<\/li>\n<li>Escoge la jurisdicci\u00f3n que investig\u00f3 tu accidente automovil\u00edstico del segundo men\u00fa desplegable, es decir, el <strong>departamento de polic\u00eda de Stone Mountain.<\/strong><\/li>\n<li>Haz clic en <strong>empezar b\u00fasqueda <\/strong>para proceder.<\/li>\n<li>Te dir\u00e1n que des detalles, como:\n<ul>\n<li>Apellidos<\/li>\n<li>Fecha de accidente<\/li>\n<li>N\u00famero de informe de casos<\/li>\n<li>VIN (n\u00famero de identificaci\u00f3n vehicular)<\/li>\n<li>N\u00famero de licencia de conducir<\/li>\n<\/ul>\n<\/li>\n<\/ul>\n<h3>En persona<\/h3>\n<ul>\n<li><strong>Lugar: <\/strong>Visita el departamento de polic\u00eda de Stone Mountain en persona en 875 Main St, Stone Mountain, GA 30083.<\/li>\n<li><strong>Horas: <\/strong>Sus horas de servicio son de lunes a viernes, de 9:00 am a 4:00 pm.<\/li>\n<li><strong>Pago: <\/strong>No se te olvide llevar un $5.00 pago en la forma de efectivo, cheque o giro postal para cubrir la tarifa del informe.<\/li>\n<li><strong>Reclamar tu informe: <\/strong>Ya que llegas al departamento, ve hacia el custodio polic\u00edaco de registros de la ciudad de Stone Mountain para reclamar tu informe.<\/li>\n<\/ul>\n<h3>Por correo<\/h3>\n<ul>\n<li><strong>Pago: <\/strong>Si la opci\u00f3n en persona no es posible, puedes pedir tu informe por correo. Incluye un cheque o giro postal por $5.00 pagable al \u201cpolic\u00eda de la ciudad de Stone Mountain\u201d.<\/li>\n<li><strong>Informaci\u00f3n importante: <\/strong>Para acelerar el proceso, aseg\u00farate de incluir cualquier informaci\u00f3n pertinente en el pedido, como el n\u00famero de caso, fecha del accidente o nombres de los conductores involucrados. Esto ayudar\u00e1 al departamento a localizar tu informe r\u00e1pidamente.<\/li>\n<li><strong>Direcci\u00f3n de correo: <\/strong>Manda tu pedido y tu pago a:<\/li>\n<\/ul>\n<p>Polic\u00eda de la ciudad de Mountain Stone<\/p>\n<p>Custodio de registros<\/p>\n<p>875 Main Street<\/p>\n<p>Stone Mountain, GA 30083<\/p>\n<h3>Notas adicionales<\/h3>\n<p>Es importante recordar que puede haber un retraso peque\u00f1o entre cuando el accidente ocurri\u00f3 y cuando el informe est\u00e1 disponible. Planea acorde y permite tres a cinco d\u00edas h\u00e1biles para su procesamiento.<\/p>\n<p>Esta informaci\u00f3n aplica espec\u00edficamente para obtener los informes de accidentes automovil\u00edsticos del departamento de polic\u00eda de Stone Mountain. Si fuiste involucrado en un accidente fuera de su jurisdicci\u00f3n, necesitar\u00e1s contactar a la agencia apropiada de la aplicaci\u00f3n de la ley para sus procesos espec\u00edficos.<\/p>\n<h2>Por qu\u00e9 tu informe de accidente automovil\u00edstico importa<\/h2>\n<p>Tu informe de accidente automovil\u00edstico del departamento de polic\u00eda de Stone Mountain sirve como un informe oficial del evento. Es un tesoro de detalles que pueden influenciar significativamente tu reclamo de seguro.<\/p>\n<p>Aqu\u00ed est\u00e1 un desglose de los elementos clave que encontrar\u00e1s en tu informe:<\/p>\n<ul>\n<li><strong>Detalles precisos: <\/strong>El informe otorga un recuento factual del accidente, incluyendo la fecha, la hora y el lugar. Delinea la secuencia de los eventos, factores contribuyentes y las partes involucradas. Las compa\u00f1\u00edas de seguro dependen de esta data objetiva para evaluar responsabilidad.<\/li>\n<li><strong>Informaci\u00f3n del conductor: <\/strong>El informe enlista los nombres, detalles de contacto y n\u00fameros de licencias de conductor de todas las partes involucradas. Esta informaci\u00f3n ayuda a las aseguradoras a verificar identidades y establecer qui\u00e9n podr\u00eda ser responsable por el accidente.<\/li>\n<li><strong>Informaci\u00f3n vehicular:<\/strong> Detalles de los veh\u00edculos involucrados, como la marca, el modelo, a\u00f1o y n\u00fameros de placas son documentados en el informe. Esta informaci\u00f3n ayuda a las aseguradoras a determinar la cobertura aplicable y evaluar el alcance del da\u00f1o vehicular.<\/li>\n<li><strong>Testimonios de testigos: <\/strong>Si los testigos estuvieron presentes en la escena, sus testimonios son documentados en el informe. Estos testimonios pueden ser invaluables para corroborar tu versi\u00f3n de los eventos y apoyar tu reclamo.<\/li>\n<li><strong>Observaciones del oficial polic\u00edaco: <\/strong>Las observaciones del oficial en la escena tienen un peso significativo. El informe detalla su evaluaci\u00f3n de la escena, incluyendo condiciones de la calle y factores potencialmente contribuyentes como rebasar el l\u00edmite de velocidad, el clima o se\u00f1ales de tr\u00e1fico. Estas observaciones pueden influenciar c\u00f3mo se determina la culpa.<\/li>\n<li><strong>Citaciones y violaciones: <\/strong>Si cualquier citaci\u00f3n de tr\u00e1fico fue dada, ser\u00e1n documentadas en este informe. Las compa\u00f1\u00edas de seguro consideran las citaciones cuando asignan la culpa por el accidente.<\/li>\n<li><strong>Diagramas y fotos: <\/strong>El informe podr\u00eda incluir retratos o diagramas de la escena del accidente. Adicionalmente, las fotos podr\u00edan capturar el da\u00f1o vehicular, las condiciones de la calle y se\u00f1ales relevantes. Estos apoyos visuales otorgan contexto valioso y sirven como evidencia.<\/li>\n<li><strong>Informaci\u00f3n de seguro: <\/strong>El informe enlista las compa\u00f1\u00edas de seguro de todas las partes involucradas. Esta informaci\u00f3n permite a las aseguradoras coordinar los reclamos eficientemente al comunicarse directamente entre ellos.<\/li>\n<\/ul>\n<h2>C\u00f3mo ayuda esto a tu reclamo de seguro<\/h2>\n<p>Ahora que entiendes la riqueza de la informaci\u00f3n dentro de tu informe, exploremos c\u00f3mo te beneficia durante tu proceso de reclamo de seguro:<\/p>\n<ul>\n<li><strong>Verificaci\u00f3n de reclamo: <\/strong>Las aseguradoras comparar\u00e1n tu recuento del accidente con el informe de polic\u00eda oficial. La consistencia entre estos dos apoya tu reclamo y demuestra su validez.<\/li>\n<li><strong>Determinaci\u00f3n de la culpa: <\/strong>El informe juega un papel crucial en establecer la culpa del accidente. Si t\u00fa no fuiste culpable, el informe apoya tu reclamo por compensaci\u00f3n de la compa\u00f1\u00eda de seguros de la parte responsable.<\/li>\n<li><strong>Evidencia: <\/strong>Fotos, diagramas y testimonios de testigos documentados en el informe sirven como evidencia valiosa. Otorgan apoyo concreto de tu versi\u00f3n de los eventos y mejoran tu reclamo.<\/li>\n<li><strong>Procesamiento r\u00e1pido: <\/strong>Otorgar a tu compa\u00f1\u00eda de seguro con una copia del informe polic\u00edaco agiliza el proceso de reclamo. Con el informe a la mano, las aseguradoras pueden evaluar el da\u00f1o de manera r\u00e1pida y eficaz.<\/li>\n<\/ul>\n<h2>\u00bfNecesitas ayuda maximizando tu compensaci\u00f3n por el accidente automovil\u00edstico?<\/h2>\n<p>Mientras que esta guia te empodera para entender tu informe polic\u00edaco, navegar las complejidades del reclamo de seguro puede ser un reto. Si has sido lesionado en un accidente automovil\u00edstico y necesitas m\u00fasculo legal para asegurar que recibas una compensaci\u00f3n justa, no veas m\u00e1s all\u00e1 del equipo del bufete de abogados de lesi\u00f3n personal de CEO Lawyer de abogados de accidente automovil\u00edstico.<\/p>\n<p>Nuestro <a href=\"https:\/\/ceolawyer.com\/georgia-personal-injury\/car-accident-lawyer\/\">bufete de abogados experimentados de accidentes automovil\u00edsticos en Georgia<\/a> tienen un r\u00e9cord demostrable de \u00e9xito en ayudar a clientes a asegurar la m\u00e1xima compensaci\u00f3n que merecen por lesiones de accidentes automovil\u00edsticos. Contacta al bufete de abogados de lesi\u00f3n personal de CEO Lawyer hoy para una consulta gratis, y \u00a1d\u00e9janos pelear por lo que mereces!<\/p>\n","protected":false},"excerpt":{"rendered":"<p>Los accidentes automovil\u00edsticos pueden ser experiencias estresantes. En las secuelas de un accidente automovil\u00edstico en Stone Mountain, Georgia, lidiar con el informe polic\u00edaco parece otro obst\u00e1culo. Sin embargo, ese informe es crucial por varias razones. No importa si est\u00e1s presentando un reclamo de seguro, buscando asesor\u00eda legal o simplemente necesitas un registro del evento, obtener [&hellip;]<\/p>\n","protected":false},"author":18,"featured_media":12988,"parent":12737,"menu_order":0,"comment_status":"closed","ping_status":"closed","template":"","meta":{"_acf_changed":false,"footnotes":""},"class_list":["post-12986","page","type-page","status-publish","has-post-thumbnail","hentry"],"acf":[],"yoast_head":"<!-- This site is optimized with the Yoast SEO plugin v27.2 - https:\/\/yoast.com\/product\/yoast-seo-wordpress\/ -->\n<title>C\u00f3mo obtener tu informe de accidente automovil\u00edstico del departamento de polic\u00eda de Stone Mountain | CEO Lawyer<\/title>\n<meta name=\"description\" content=\"El departamento de polic\u00eda de Stone Mountain te puede otorgar una copia de tu informe policial de accidente. M\u00e1rcanos para asesorarte en los pasos que siguen al (470) 822-9057.\" \/>\n<meta name=\"robots\" content=\"index, follow, max-snippet:-1, max-image-preview:large, max-video-preview:-1\" \/>\n<link rel=\"canonical\" href=\"https:\/\/ceolawyer.com\/espanol\/informe-de-accidente\/informe-policial-de-un-accidente-de-auto-en-georgia\/stone-mountain\/\" \/>\n<meta property=\"og:locale\" content=\"en_US\" \/>\n<meta property=\"og:type\" content=\"article\" \/>\n<meta property=\"og:title\" content=\"C\u00f3mo obtener tu informe de accidente automovil\u00edstico del departamento de polic\u00eda de Stone Mountain | CEO Lawyer\" \/>\n<meta property=\"og:description\" content=\"El departamento de polic\u00eda de Stone Mountain te puede otorgar una copia de tu informe policial de accidente. M\u00e1rcanos para asesorarte en los pasos que siguen al (470) 822-9057.\" \/>\n<meta property=\"og:url\" content=\"https:\/\/ceolawyer.com\/espanol\/informe-de-accidente\/informe-policial-de-un-accidente-de-auto-en-georgia\/stone-mountain\/\" \/>\n<meta property=\"og:site_name\" content=\"CEO Lawyer\" \/>\n<meta property=\"article:modified_time\" content=\"2025-12-23T11:51:41+00:00\" \/>\n<meta property=\"og:image\" content=\"https:\/\/ceolawyer.com\/espanol\/wp-content\/uploads\/sites\/2\/2025\/12\/How-to-Obtain-Your-Stone-Mountain-Police-Department-Car-Accident-Report.webp\" \/>\n\t<meta property=\"og:image:width\" content=\"500\" \/>\n\t<meta property=\"og:image:height\" content=\"300\" \/>\n\t<meta property=\"og:image:type\" content=\"image\/webp\" \/>\n<meta name=\"twitter:card\" content=\"summary_large_image\" \/>\n<meta name=\"twitter:label1\" content=\"Est. reading time\" \/>\n\t<meta name=\"twitter:data1\" content=\"6 minutes\" \/>\n<script type=\"application\/ld+json\" class=\"yoast-schema-graph\">{\"@context\":\"https:\/\/schema.org\",\"@graph\":[{\"@type\":\"WebPage\",\"@id\":\"https:\/\/ceolawyer.com\/espanol\/informe-de-accidente\/informe-policial-de-un-accidente-de-auto-en-georgia\/stone-mountain\/\",\"url\":\"https:\/\/ceolawyer.com\/espanol\/informe-de-accidente\/informe-policial-de-un-accidente-de-auto-en-georgia\/stone-mountain\/\",\"name\":\"C\u00f3mo obtener tu informe de accidente automovil\u00edstico del departamento de polic\u00eda de Stone Mountain | CEO Lawyer\",\"isPartOf\":{\"@id\":\"https:\/\/ceolawyer.com\/espanol\/#website\"},\"primaryImageOfPage\":{\"@id\":\"https:\/\/ceolawyer.com\/espanol\/informe-de-accidente\/informe-policial-de-un-accidente-de-auto-en-georgia\/stone-mountain\/#primaryimage\"},\"image\":{\"@id\":\"https:\/\/ceolawyer.com\/espanol\/informe-de-accidente\/informe-policial-de-un-accidente-de-auto-en-georgia\/stone-mountain\/#primaryimage\"},\"thumbnailUrl\":\"https:\/\/ceolawyer.com\/espanol\/wp-content\/uploads\/sites\/2\/2025\/12\/How-to-Obtain-Your-Stone-Mountain-Police-Department-Car-Accident-Report.webp\",\"datePublished\":\"2025-12-23T11:47:37+00:00\",\"dateModified\":\"2025-12-23T11:51:41+00:00\",\"description\":\"El departamento de polic\u00eda de Stone Mountain te puede otorgar una copia de tu informe policial de accidente. M\u00e1rcanos para asesorarte en los pasos que siguen al (470) 822-9057.\",\"breadcrumb\":{\"@id\":\"https:\/\/ceolawyer.com\/espanol\/informe-de-accidente\/informe-policial-de-un-accidente-de-auto-en-georgia\/stone-mountain\/#breadcrumb\"},\"inLanguage\":\"en-US\",\"potentialAction\":[{\"@type\":\"ReadAction\",\"target\":[\"https:\/\/ceolawyer.com\/espanol\/informe-de-accidente\/informe-policial-de-un-accidente-de-auto-en-georgia\/stone-mountain\/\"]}]},{\"@type\":\"ImageObject\",\"inLanguage\":\"en-US\",\"@id\":\"https:\/\/ceolawyer.com\/espanol\/informe-de-accidente\/informe-policial-de-un-accidente-de-auto-en-georgia\/stone-mountain\/#primaryimage\",\"url\":\"https:\/\/ceolawyer.com\/espanol\/wp-content\/uploads\/sites\/2\/2025\/12\/How-to-Obtain-Your-Stone-Mountain-Police-Department-Car-Accident-Report.webp\",\"contentUrl\":\"https:\/\/ceolawyer.com\/espanol\/wp-content\/uploads\/sites\/2\/2025\/12\/How-to-Obtain-Your-Stone-Mountain-Police-Department-Car-Accident-Report.webp\",\"width\":500,\"height\":300,\"caption\":\"Las luces rojas y azules de un coche de polic\u00eda parpadeando en su techo por la noche.\"},{\"@type\":\"BreadcrumbList\",\"@id\":\"https:\/\/ceolawyer.com\/espanol\/informe-de-accidente\/informe-policial-de-un-accidente-de-auto-en-georgia\/stone-mountain\/#breadcrumb\",\"itemListElement\":[{\"@type\":\"ListItem\",\"position\":1,\"name\":\"Home\",\"item\":\"https:\/\/ceolawyer.com\/espanol\/\"},{\"@type\":\"ListItem\",\"position\":2,\"name\":\"Consigue el Reporte Policial de tu Accidente de Auto\",\"item\":\"https:\/\/ceolawyer.com\/espanol\/informe-de-accidente\/\"},{\"@type\":\"ListItem\",\"position\":3,\"name\":\"C\u00f3mo Solicitar el Informe Policial de un Accidente de Auto en Georgia\",\"item\":\"https:\/\/ceolawyer.com\/espanol\/informe-de-accidente\/informe-policial-de-un-accidente-de-auto-en-georgia\/\"},{\"@type\":\"ListItem\",\"position\":4,\"name\":\"C\u00f3mo obtener tu informe de accidente automovil\u00edstico del departamento de polic\u00eda de Stone Mountain\"}]},{\"@type\":\"WebSite\",\"@id\":\"https:\/\/ceolawyer.com\/espanol\/#website\",\"url\":\"https:\/\/ceolawyer.com\/espanol\/\",\"name\":\"CEO Lawyer\",\"description\":\"Personal Injury Attorney\",\"publisher\":{\"@id\":\"https:\/\/ceolawyer.com\/espanol\/#organization\"},\"potentialAction\":[{\"@type\":\"SearchAction\",\"target\":{\"@type\":\"EntryPoint\",\"urlTemplate\":\"https:\/\/ceolawyer.com\/espanol\/?s={search_term_string}\"},\"query-input\":{\"@type\":\"PropertyValueSpecification\",\"valueRequired\":true,\"valueName\":\"search_term_string\"}}],\"inLanguage\":\"en-US\"},{\"@type\":\"Organization\",\"@id\":\"https:\/\/ceolawyer.com\/espanol\/#organization\",\"name\":\"CEO Lawyer\",\"url\":\"https:\/\/ceolawyer.com\/espanol\/\",\"logo\":{\"@type\":\"ImageObject\",\"inLanguage\":\"en-US\",\"@id\":\"https:\/\/ceolawyer.com\/espanol\/#\/schema\/logo\/image\/\",\"url\":\"https:\/\/ceolawyer.com\/espanol\/wp-content\/uploads\/sites\/2\/2022\/05\/CEO_Logo.png\",\"contentUrl\":\"https:\/\/ceolawyer.com\/espanol\/wp-content\/uploads\/sites\/2\/2022\/05\/CEO_Logo.png\",\"width\":200,\"height\":108,\"caption\":\"CEO Lawyer\"},\"image\":{\"@id\":\"https:\/\/ceolawyer.com\/espanol\/#\/schema\/logo\/image\/\"}}]}<\/script>\n<!-- \/ Yoast SEO plugin. -->","yoast_head_json":{"title":"C\u00f3mo obtener tu informe de accidente automovil\u00edstico del departamento de polic\u00eda de Stone Mountain | CEO Lawyer","description":"El departamento de polic\u00eda de Stone Mountain te puede otorgar una copia de tu informe policial de accidente. M\u00e1rcanos para asesorarte en los pasos que siguen al (470) 822-9057.","robots":{"index":"index","follow":"follow","max-snippet":"max-snippet:-1","max-image-preview":"max-image-preview:large","max-video-preview":"max-video-preview:-1"},"canonical":"https:\/\/ceolawyer.com\/espanol\/informe-de-accidente\/informe-policial-de-un-accidente-de-auto-en-georgia\/stone-mountain\/","og_locale":"en_US","og_type":"article","og_title":"C\u00f3mo obtener tu informe de accidente automovil\u00edstico del departamento de polic\u00eda de Stone Mountain | CEO Lawyer","og_description":"El departamento de polic\u00eda de Stone Mountain te puede otorgar una copia de tu informe policial de accidente. M\u00e1rcanos para asesorarte en los pasos que siguen al (470) 822-9057.","og_url":"https:\/\/ceolawyer.com\/espanol\/informe-de-accidente\/informe-policial-de-un-accidente-de-auto-en-georgia\/stone-mountain\/","og_site_name":"CEO Lawyer","article_modified_time":"2025-12-23T11:51:41+00:00","og_image":[{"width":500,"height":300,"url":"https:\/\/ceolawyer.com\/espanol\/wp-content\/uploads\/sites\/2\/2025\/12\/How-to-Obtain-Your-Stone-Mountain-Police-Department-Car-Accident-Report.webp","type":"image\/webp"}],"twitter_card":"summary_large_image","twitter_misc":{"Est. reading time":"6 minutes"},"schema":{"@context":"https:\/\/schema.org","@graph":[{"@type":"WebPage","@id":"https:\/\/ceolawyer.com\/espanol\/informe-de-accidente\/informe-policial-de-un-accidente-de-auto-en-georgia\/stone-mountain\/","url":"https:\/\/ceolawyer.com\/espanol\/informe-de-accidente\/informe-policial-de-un-accidente-de-auto-en-georgia\/stone-mountain\/","name":"C\u00f3mo obtener tu informe de accidente automovil\u00edstico del departamento de polic\u00eda de Stone Mountain | CEO Lawyer","isPartOf":{"@id":"https:\/\/ceolawyer.com\/espanol\/#website"},"primaryImageOfPage":{"@id":"https:\/\/ceolawyer.com\/espanol\/informe-de-accidente\/informe-policial-de-un-accidente-de-auto-en-georgia\/stone-mountain\/#primaryimage"},"image":{"@id":"https:\/\/ceolawyer.com\/espanol\/informe-de-accidente\/informe-policial-de-un-accidente-de-auto-en-georgia\/stone-mountain\/#primaryimage"},"thumbnailUrl":"https:\/\/ceolawyer.com\/espanol\/wp-content\/uploads\/sites\/2\/2025\/12\/How-to-Obtain-Your-Stone-Mountain-Police-Department-Car-Accident-Report.webp","datePublished":"2025-12-23T11:47:37+00:00","dateModified":"2025-12-23T11:51:41+00:00","description":"El departamento de polic\u00eda de Stone Mountain te puede otorgar una copia de tu informe policial de accidente. M\u00e1rcanos para asesorarte en los pasos que siguen al (470) 822-9057.","breadcrumb":{"@id":"https:\/\/ceolawyer.com\/espanol\/informe-de-accidente\/informe-policial-de-un-accidente-de-auto-en-georgia\/stone-mountain\/#breadcrumb"},"inLanguage":"en-US","potentialAction":[{"@type":"ReadAction","target":["https:\/\/ceolawyer.com\/espanol\/informe-de-accidente\/informe-policial-de-un-accidente-de-auto-en-georgia\/stone-mountain\/"]}]},{"@type":"ImageObject","inLanguage":"en-US","@id":"https:\/\/ceolawyer.com\/espanol\/informe-de-accidente\/informe-policial-de-un-accidente-de-auto-en-georgia\/stone-mountain\/#primaryimage","url":"https:\/\/ceolawyer.com\/espanol\/wp-content\/uploads\/sites\/2\/2025\/12\/How-to-Obtain-Your-Stone-Mountain-Police-Department-Car-Accident-Report.webp","contentUrl":"https:\/\/ceolawyer.com\/espanol\/wp-content\/uploads\/sites\/2\/2025\/12\/How-to-Obtain-Your-Stone-Mountain-Police-Department-Car-Accident-Report.webp","width":500,"height":300,"caption":"Las luces rojas y azules de un coche de polic\u00eda parpadeando en su techo por la noche."},{"@type":"BreadcrumbList","@id":"https:\/\/ceolawyer.com\/espanol\/informe-de-accidente\/informe-policial-de-un-accidente-de-auto-en-georgia\/stone-mountain\/#breadcrumb","itemListElement":[{"@type":"ListItem","position":1,"name":"Home","item":"https:\/\/ceolawyer.com\/espanol\/"},{"@type":"ListItem","position":2,"name":"Consigue el Reporte Policial de tu Accidente de Auto","item":"https:\/\/ceolawyer.com\/espanol\/informe-de-accidente\/"},{"@type":"ListItem","position":3,"name":"C\u00f3mo Solicitar el Informe Policial de un Accidente de Auto en Georgia","item":"https:\/\/ceolawyer.com\/espanol\/informe-de-accidente\/informe-policial-de-un-accidente-de-auto-en-georgia\/"},{"@type":"ListItem","position":4,"name":"C\u00f3mo obtener tu informe de accidente automovil\u00edstico del departamento de polic\u00eda de Stone Mountain"}]},{"@type":"WebSite","@id":"https:\/\/ceolawyer.com\/espanol\/#website","url":"https:\/\/ceolawyer.com\/espanol\/","name":"CEO Lawyer","description":"Personal Injury Attorney","publisher":{"@id":"https:\/\/ceolawyer.com\/espanol\/#organization"},"potentialAction":[{"@type":"SearchAction","target":{"@type":"EntryPoint","urlTemplate":"https:\/\/ceolawyer.com\/espanol\/?s={search_term_string}"},"query-input":{"@type":"PropertyValueSpecification","valueRequired":true,"valueName":"search_term_string"}}],"inLanguage":"en-US"},{"@type":"Organization","@id":"https:\/\/ceolawyer.com\/espanol\/#organization","name":"CEO Lawyer","url":"https:\/\/ceolawyer.com\/espanol\/","logo":{"@type":"ImageObject","inLanguage":"en-US","@id":"https:\/\/ceolawyer.com\/espanol\/#\/schema\/logo\/image\/","url":"https:\/\/ceolawyer.com\/espanol\/wp-content\/uploads\/sites\/2\/2022\/05\/CEO_Logo.png","contentUrl":"https:\/\/ceolawyer.com\/espanol\/wp-content\/uploads\/sites\/2\/2022\/05\/CEO_Logo.png","width":200,"height":108,"caption":"CEO Lawyer"},"image":{"@id":"https:\/\/ceolawyer.com\/espanol\/#\/schema\/logo\/image\/"}}]}},"_links":{"self":[{"href":"https:\/\/ceolawyer.com\/espanol\/wp-json\/wp\/v2\/pages\/12986","targetHints":{"allow":["GET"]}}],"collection":[{"href":"https:\/\/ceolawyer.com\/espanol\/wp-json\/wp\/v2\/pages"}],"about":[{"href":"https:\/\/ceolawyer.com\/espanol\/wp-json\/wp\/v2\/types\/page"}],"author":[{"embeddable":true,"href":"https:\/\/ceolawyer.com\/espanol\/wp-json\/wp\/v2\/users\/18"}],"replies":[{"embeddable":true,"href":"https:\/\/ceolawyer.com\/espanol\/wp-json\/wp\/v2\/comments?post=12986"}],"version-history":[{"count":0,"href":"https:\/\/ceolawyer.com\/espanol\/wp-json\/wp\/v2\/pages\/12986\/revisions"}],"up":[{"embeddable":true,"href":"https:\/\/ceolawyer.com\/espanol\/wp-json\/wp\/v2\/pages\/12737"}],"wp:featuredmedia":[{"embeddable":true,"href":"https:\/\/ceolawyer.com\/espanol\/wp-json\/wp\/v2\/media\/12988"}],"wp:attachment":[{"href":"https:\/\/ceolawyer.com\/espanol\/wp-json\/wp\/v2\/media?parent=12986"}],"curies":[{"name":"wp","href":"https:\/\/api.w.org\/{rel}","templated":true}]}}