{"id":12989,"date":"2025-12-23T11:52:41","date_gmt":"2025-12-23T11:52:41","guid":{"rendered":"https:\/\/ceolawyer.com\/espanol\/?page_id=12989"},"modified":"2025-12-23T11:57:06","modified_gmt":"2025-12-23T11:57:06","slug":"sumter-county","status":"publish","type":"page","link":"https:\/\/ceolawyer.com\/espanol\/informe-de-accidente\/informe-policial-de-un-accidente-de-auto-en-georgia\/sumter-county\/","title":{"rendered":"C\u00f3mo obtener tu informe de accidente automovil\u00edstico de la oficina del alguacil de Sumter County"},"content":{"rendered":"<p><img decoding=\"async\" class=\"alignright size-full wp-image-12991\" src=\"https:\/\/ceolawyer.com\/espanol\/wp-content\/uploads\/sites\/2\/2025\/12\/How-to-Obtain-Your-Sumter-County-Sheriffs-Office-Car-Accident-Report.webp\" alt=\"Dos oficiales de polic\u00eda hablando con uno de ellos sosteniendo un portapapeles bajo el brazo.\" width=\"500\" height=\"300\" srcset=\"https:\/\/ceolawyer.com\/espanol\/wp-content\/uploads\/sites\/2\/2025\/12\/How-to-Obtain-Your-Sumter-County-Sheriffs-Office-Car-Accident-Report.webp 500w, https:\/\/ceolawyer.com\/espanol\/wp-content\/uploads\/sites\/2\/2025\/12\/How-to-Obtain-Your-Sumter-County-Sheriffs-Office-Car-Accident-Report-300x180.webp 300w\" sizes=\"(max-width: 500px) 100vw, 500px\" \/>Experimentar un accidente automovil\u00edstico puede ser estresante, dej\u00e1ndote agitado e inseguro de los pr\u00f3ximos pasos. Una de las cosas m\u00e1s importantes de obtener despu\u00e9s de un accidente automovil\u00edstico es una copia del informe polic\u00edaco.<\/p>\n<p>Este informe, compilado por la oficina del alguacil de Sumter County, sirve como un informe oficial del accidente y contiene detalles vitales que tu compa\u00f1\u00eda de seguros probablemente te pida para procesar tu reclamo.<\/p>\n<h2>Obtener tu informe de accidente automovil\u00edstico de la oficina del alguacil de Sumter County<\/h2>\n<p>La oficina del alguacil de Sumter County ofrece varias maneras de obtener tu informe de accidente automovil\u00edstico, atendiendo a tu conveniencia. Exploremos cada m\u00e9todo en detalle.<\/p>\n<h3>En persona<\/h3>\n<p>Esta opci\u00f3n permite una interacci\u00f3n con el personal de la divisi\u00f3n de registros. Visita la oficina del alguacil en 352 McMath Mill Rd, Americus, GA 31719.<\/p>\n<p>Sus horas de operaci\u00f3n son de lunes a viernes, 8:00 AM a 5:00 PM. Ya ah\u00ed, simplemente informales que requieres una copia del informe polic\u00edaco de un accidente automovil\u00edstico espec\u00edfico.<\/p>\n<h3>Por tel\u00e9fono<\/h3>\n<p>Si visitar una persona no es posible, puedes llamar a la divisi\u00f3n de registros directamente al <a href=\"tel:+12299284635\">(229) 928-4635<\/a>. Est\u00e1te preparado para dar detalles sobre el accidente, como la fecha, lugar y cualquier n\u00famero de informe que te podr\u00edan haber dado en la escena.<\/p>\n<h3>Pedido de registro abierto en l\u00ednea<\/h3>\n<ul>\n<li>Puedes enviar un <a href=\"https:\/\/www.sumtercountyga.us\/DocumentCenter\/View\/1189\/Open-Records-Request-Form?bidId=\">pedido de registro abierto<\/a> al obtener el formulario a trav\u00e9s del sitio web de Sumter County.<\/li>\n<li>Llena el formulario. Aseg\u00farate de especificar \u201cpara obtener copias\u201d y da tanto detalle como sea posible sobre el accidente para un procesamiento r\u00e1pido.<\/li>\n<\/ul>\n<p>Mientras que el sitio web de la oficina del alguacil ofrece un formulario de pedido de registro abierto, no hay actualmente un portal en l\u00ednea dedicado para descargar informes de accidentes automovil\u00edsticos directamente.<\/p>\n<h3>En l\u00ednea<\/h3>\n<p>La oficina del alguacil de Sumter County tambi\u00e9n se afilia con BuyCrash, un servicio tercero que te permite comprar una copia digital del informe de accidente convenientemente en l\u00ednea.<\/p>\n<p>Aqu\u00ed est\u00e1 lo que tienes que hacer:<\/p>\n<ul>\n<li>Haz clic en el link a <a href=\"https:\/\/buycrash.lexisnexisrisk.com\/ui\/home\">com<\/a>.<\/li>\n<li>En la p\u00e1gina de buycrash.com, selecciona <strong>Georgia <\/strong>como tu estado.<\/li>\n<li>Escoge la jurisdicci\u00f3n que investig\u00f3 tu accidente automovil\u00edstico del segundo men\u00fa desplegable, es decir, la <strong>oficina del alguacil de Sumter Co.<\/strong><\/li>\n<li>Haz clic en <strong>empezar b\u00fasqueda <\/strong>para proceder.<\/li>\n<li>Te dir\u00e1n que des detalles, como:\n<ul>\n<li>Apellidos<\/li>\n<li>Fecha de accidente<\/li>\n<li>N\u00famero de informe de casos<\/li>\n<li>VIN (n\u00famero de identificaci\u00f3n vehicular)<\/li>\n<li>N\u00famero de licencia de conducir<\/li>\n<\/ul>\n<\/li>\n<\/ul>\n<p><strong>Nota: <\/strong>puede haber tarifas asociadas a este m\u00e9todo.<\/p>\n<h3>Consejos adicionales<\/h3>\n<ul>\n<li>No importa qu\u00e9 m\u00e9todo escojas, tener la fecha, lugar y n\u00famero de informe (si lo tienes) del accidente acelerar\u00e1 el proceso.<\/li>\n<li>Puede haber tarifas asociadas para obtener una copia del informe. Confirma estas tarifas con la divisi\u00f3n de registros antes de enviar tu pedido.<\/li>\n<\/ul>\n<h2>\u00bfQu\u00e9 si no me s\u00e9 el n\u00famero de caso?<\/h2>\n<p>Mientras que el n\u00famero de caso ciertamente puede acelerar el proceso, no es un obst\u00e1culo para obtener tu informe de accidente automovil\u00edstico de la oficina del alguacil de Sumter County. Aqu\u00ed est\u00e1 lo que puedes hacer si no lo tienes:<\/p>\n<h3>Est\u00e1te preparado con los detalles<\/h3>\n<p>La clave para una experiencia fluida depende en entregar tanta informaci\u00f3n como sea posible sobre el accidente. Entre m\u00e1s detalles compartas, m\u00e1s f\u00e1cil ser\u00e1 para la divisi\u00f3n de registros encontrar tu informe.<\/p>\n<p>Aqu\u00ed hay una lista para que empieces:<\/p>\n<ul>\n<li><strong>Fecha y hora: <\/strong>Escribe la fecha y hora aproximada del accidente. Hasta una estimaci\u00f3n fundamentada es de ayuda.<\/li>\n<li><strong>Lugar:<\/strong> Describe la escena del accidente a detalle. Esto puede incluir el nombre de la calle, los detalles de la intersecci\u00f3n o cualquier marca cercana.<\/li>\n<li><strong>Gente involucrada: <\/strong>Si recuerdas los nombres de los conductores o tienes informaci\u00f3n sobre los veh\u00edculos involucrados (marca, modelo, placas), incl\u00fayelo en tu informe.<\/li>\n<li><strong>Tu informaci\u00f3n: <\/strong>Entrega tu nombre completo y tus detalles de contacto, incluyendo tu n\u00famero de tel\u00e9fono o tu direcci\u00f3n de email.<\/li>\n<li><strong>Tu rol: <\/strong>Especifica tu conexi\u00f3n al accidente. \u00bfFuiste conductor, pasajero o testigo?<\/li>\n<\/ul>\n<h2>\u00bfVes un error? Aqu\u00ed est\u00e1 c\u00f3mo hacer que corrijan el informe de accidente<\/h2>\n<p>Mientras que la oficina del alguacil de Sumter County se esfuerza por ser precisos en un informe de accidente, los errores pueden ocurrir a veces. Si descubres discrepancias en el informe que recibes, aqu\u00ed est\u00e1n los pasos que puedes tomar para que se solucione.<\/p>\n<h3>La comunicaci\u00f3n r\u00e1pida es clave<\/h3>\n<p>El tiempo es esencial cuando lidias con las correcciones de un informe. Mientras m\u00e1s r\u00e1pido contactes la oficina del alguacil, m\u00e1s f\u00e1cil ser\u00e1 solucionar el problema.<\/p>\n<ul>\n<li><strong>Llamada por tel\u00e9fono: <\/strong>Para una respuesta r\u00e1pida, llama a la divisi\u00f3n de registros directamente al <a href=\"tel:+12299284635\">(229) 928-4635<\/a> y explica la situaci\u00f3n.<\/li>\n<li><strong>Visita en persona: <\/strong>Alternativamente, puedes visitar la oficina del alguacil en persona al 352 McMath Mill Rd, Americus, GA 31719, durante sus horas de servicio (lunes a viernes, 8:00 AM a 5:00 PM).<\/li>\n<\/ul>\n<h3>Se claro y preparado<\/h3>\n<p>Al contactar a la oficina del alguacil, est\u00e1te preparado para entregar detalles espec\u00edficos de los errores que encontraste. Entre m\u00e1s preciso seas, m\u00e1s r\u00e1pido pueden investigar e implementar los cambios necesarios.<\/p>\n<p>Aqu\u00ed es lo que tienes que tener a la mano:<\/p>\n<ul>\n<li><strong>Errores espec\u00edficos: <\/strong>Explica claramente las inconsistencias que identificaste en el informe. S\u00e9 espec\u00edfico sobre los detalles que necesitan correcci\u00f3n.<\/li>\n<li><strong>Informaci\u00f3n de apoyo: <\/strong>Si es posible, recolecta cualquier informaci\u00f3n o contexto adicional que apoye tu caso para correcci\u00f3n.<\/li>\n<\/ul>\n<h3>Pide la correcci\u00f3n<\/h3>\n<p>Ya que explicaste los errores, pide claramente que la oficina del alguacil revise el informe. Si tienes cualquier informaci\u00f3n precisa para apoyar los cambios, entr\u00e9galos en este momento.<\/p>\n<h3>Mant\u00e9n un registro de tus documentos<\/h3>\n<p>Documentar tu interacci\u00f3n con la oficina del alguacil es crucial. Escribe la fecha, la hora y el nombre de la persona con la que hablaste. Este registro ser\u00e1 \u00fatil para futura referencia si es necesario.<\/p>\n<h2>\u00bfQu\u00e9 tal si el accidente no fue tu culpa?<\/h2>\n<p>Si el accidente resulta en lesiones o da\u00f1o de propiedad debido a la negligencia de alguien m\u00e1s, podr\u00edas tener el derecho a obtener compensaci\u00f3n. Un <a href=\"https:\/\/ceolawyer.com\/georgia-personal-injury\/car-accident-lawyer\/\">abogado experimentado de accidente automovil\u00edstico<\/a> puede asesorarte sobre tus opciones legales y asegurar que recibas tratamiento justo durante el proceso.<\/p>\n<h3>El bufete de abogados de lesi\u00f3n personal de CEO Lawyer est\u00e1 aqu\u00ed para ti<\/h3>\n<p>El bufete de abogados de lesi\u00f3n personal de CEO Lawyer entiende las complejidades de un reclamo de accidente automovil\u00edstico. Nuestro equipo de abogados dedicados pelear\u00e1 por tus derechos y se esforzar\u00e1 en obtener la compensaci\u00f3n m\u00e1xima que mereces.<\/p>\n<p>Contacta al bufete de abogados de lesi\u00f3n personal de CEO Lawyer para una consulta gratis<\/p>\n<p>\u00a1No dudes en contactarnos! Contacta al bufete de abogados de lesi\u00f3n personal de CEO Lawyer a trav\u00e9s de los siguientes m\u00e9todos:<\/p>\n","protected":false},"excerpt":{"rendered":"<p>Experimentar un accidente automovil\u00edstico puede ser estresante, dej\u00e1ndote agitado e inseguro de los pr\u00f3ximos pasos. Una de las cosas m\u00e1s importantes de obtener despu\u00e9s de un accidente automovil\u00edstico es una copia del informe polic\u00edaco. Este informe, compilado por la oficina del alguacil de Sumter County, sirve como un informe oficial del accidente y contiene detalles [&hellip;]<\/p>\n","protected":false},"author":18,"featured_media":12991,"parent":12737,"menu_order":0,"comment_status":"closed","ping_status":"closed","template":"","meta":{"_acf_changed":false,"footnotes":""},"class_list":["post-12989","page","type-page","status-publish","has-post-thumbnail","hentry"],"acf":[],"yoast_head":"<!-- This site is optimized with the Yoast SEO plugin v27.2 - https:\/\/yoast.com\/product\/yoast-seo-wordpress\/ -->\n<title>C\u00f3mo obtener tu informe de accidente automovil\u00edstico de la oficina del alguacil de Sumter County | CEO Lawyer<\/title>\n<meta name=\"description\" content=\"\u00bfTu accidente automovil\u00edstico en Sumter County te dej\u00f3 con problemas f\u00edsicos, emocionales o mentales y no tienes tu informe policial? Ll\u00e1manos al (470) 822-9057 para asesorarte.\" \/>\n<meta name=\"robots\" content=\"index, follow, max-snippet:-1, max-image-preview:large, max-video-preview:-1\" \/>\n<link rel=\"canonical\" href=\"https:\/\/ceolawyer.com\/espanol\/informe-de-accidente\/informe-policial-de-un-accidente-de-auto-en-georgia\/sumter-county\/\" \/>\n<meta property=\"og:locale\" content=\"en_US\" \/>\n<meta property=\"og:type\" content=\"article\" \/>\n<meta property=\"og:title\" content=\"C\u00f3mo obtener tu informe de accidente automovil\u00edstico de la oficina del alguacil de Sumter County | CEO Lawyer\" \/>\n<meta property=\"og:description\" content=\"\u00bfTu accidente automovil\u00edstico en Sumter County te dej\u00f3 con problemas f\u00edsicos, emocionales o mentales y no tienes tu informe policial? Ll\u00e1manos al (470) 822-9057 para asesorarte.\" \/>\n<meta property=\"og:url\" content=\"https:\/\/ceolawyer.com\/espanol\/informe-de-accidente\/informe-policial-de-un-accidente-de-auto-en-georgia\/sumter-county\/\" \/>\n<meta property=\"og:site_name\" content=\"CEO Lawyer\" \/>\n<meta property=\"article:modified_time\" content=\"2025-12-23T11:57:06+00:00\" \/>\n<meta property=\"og:image\" content=\"https:\/\/ceolawyer.com\/espanol\/wp-content\/uploads\/sites\/2\/2025\/12\/How-to-Obtain-Your-Sumter-County-Sheriffs-Office-Car-Accident-Report.webp\" \/>\n\t<meta property=\"og:image:width\" content=\"500\" \/>\n\t<meta property=\"og:image:height\" content=\"300\" \/>\n\t<meta property=\"og:image:type\" content=\"image\/webp\" \/>\n<meta name=\"twitter:card\" content=\"summary_large_image\" \/>\n<meta name=\"twitter:label1\" content=\"Est. reading time\" \/>\n\t<meta name=\"twitter:data1\" content=\"6 minutes\" \/>\n<script type=\"application\/ld+json\" class=\"yoast-schema-graph\">{\"@context\":\"https:\/\/schema.org\",\"@graph\":[{\"@type\":\"WebPage\",\"@id\":\"https:\/\/ceolawyer.com\/espanol\/informe-de-accidente\/informe-policial-de-un-accidente-de-auto-en-georgia\/sumter-county\/\",\"url\":\"https:\/\/ceolawyer.com\/espanol\/informe-de-accidente\/informe-policial-de-un-accidente-de-auto-en-georgia\/sumter-county\/\",\"name\":\"C\u00f3mo obtener tu informe de accidente automovil\u00edstico de la oficina del alguacil de Sumter County | CEO Lawyer\",\"isPartOf\":{\"@id\":\"https:\/\/ceolawyer.com\/espanol\/#website\"},\"primaryImageOfPage\":{\"@id\":\"https:\/\/ceolawyer.com\/espanol\/informe-de-accidente\/informe-policial-de-un-accidente-de-auto-en-georgia\/sumter-county\/#primaryimage\"},\"image\":{\"@id\":\"https:\/\/ceolawyer.com\/espanol\/informe-de-accidente\/informe-policial-de-un-accidente-de-auto-en-georgia\/sumter-county\/#primaryimage\"},\"thumbnailUrl\":\"https:\/\/ceolawyer.com\/espanol\/wp-content\/uploads\/sites\/2\/2025\/12\/How-to-Obtain-Your-Sumter-County-Sheriffs-Office-Car-Accident-Report.webp\",\"datePublished\":\"2025-12-23T11:52:41+00:00\",\"dateModified\":\"2025-12-23T11:57:06+00:00\",\"description\":\"\u00bfTu accidente automovil\u00edstico en Sumter County te dej\u00f3 con problemas f\u00edsicos, emocionales o mentales y no tienes tu informe policial? Ll\u00e1manos al (470) 822-9057 para asesorarte.\",\"breadcrumb\":{\"@id\":\"https:\/\/ceolawyer.com\/espanol\/informe-de-accidente\/informe-policial-de-un-accidente-de-auto-en-georgia\/sumter-county\/#breadcrumb\"},\"inLanguage\":\"en-US\",\"potentialAction\":[{\"@type\":\"ReadAction\",\"target\":[\"https:\/\/ceolawyer.com\/espanol\/informe-de-accidente\/informe-policial-de-un-accidente-de-auto-en-georgia\/sumter-county\/\"]}]},{\"@type\":\"ImageObject\",\"inLanguage\":\"en-US\",\"@id\":\"https:\/\/ceolawyer.com\/espanol\/informe-de-accidente\/informe-policial-de-un-accidente-de-auto-en-georgia\/sumter-county\/#primaryimage\",\"url\":\"https:\/\/ceolawyer.com\/espanol\/wp-content\/uploads\/sites\/2\/2025\/12\/How-to-Obtain-Your-Sumter-County-Sheriffs-Office-Car-Accident-Report.webp\",\"contentUrl\":\"https:\/\/ceolawyer.com\/espanol\/wp-content\/uploads\/sites\/2\/2025\/12\/How-to-Obtain-Your-Sumter-County-Sheriffs-Office-Car-Accident-Report.webp\",\"width\":500,\"height\":300,\"caption\":\"Dos oficiales de polic\u00eda hablando con uno de ellos sosteniendo un portapapeles bajo el brazo.\"},{\"@type\":\"BreadcrumbList\",\"@id\":\"https:\/\/ceolawyer.com\/espanol\/informe-de-accidente\/informe-policial-de-un-accidente-de-auto-en-georgia\/sumter-county\/#breadcrumb\",\"itemListElement\":[{\"@type\":\"ListItem\",\"position\":1,\"name\":\"Home\",\"item\":\"https:\/\/ceolawyer.com\/espanol\/\"},{\"@type\":\"ListItem\",\"position\":2,\"name\":\"Consigue el Reporte Policial de tu Accidente de Auto\",\"item\":\"https:\/\/ceolawyer.com\/espanol\/informe-de-accidente\/\"},{\"@type\":\"ListItem\",\"position\":3,\"name\":\"C\u00f3mo Solicitar el Informe Policial de un Accidente de Auto en Georgia\",\"item\":\"https:\/\/ceolawyer.com\/espanol\/informe-de-accidente\/informe-policial-de-un-accidente-de-auto-en-georgia\/\"},{\"@type\":\"ListItem\",\"position\":4,\"name\":\"C\u00f3mo obtener tu informe de accidente automovil\u00edstico de la oficina del alguacil de Sumter County\"}]},{\"@type\":\"WebSite\",\"@id\":\"https:\/\/ceolawyer.com\/espanol\/#website\",\"url\":\"https:\/\/ceolawyer.com\/espanol\/\",\"name\":\"CEO Lawyer\",\"description\":\"Personal Injury Attorney\",\"publisher\":{\"@id\":\"https:\/\/ceolawyer.com\/espanol\/#organization\"},\"potentialAction\":[{\"@type\":\"SearchAction\",\"target\":{\"@type\":\"EntryPoint\",\"urlTemplate\":\"https:\/\/ceolawyer.com\/espanol\/?s={search_term_string}\"},\"query-input\":{\"@type\":\"PropertyValueSpecification\",\"valueRequired\":true,\"valueName\":\"search_term_string\"}}],\"inLanguage\":\"en-US\"},{\"@type\":\"Organization\",\"@id\":\"https:\/\/ceolawyer.com\/espanol\/#organization\",\"name\":\"CEO Lawyer\",\"url\":\"https:\/\/ceolawyer.com\/espanol\/\",\"logo\":{\"@type\":\"ImageObject\",\"inLanguage\":\"en-US\",\"@id\":\"https:\/\/ceolawyer.com\/espanol\/#\/schema\/logo\/image\/\",\"url\":\"https:\/\/ceolawyer.com\/espanol\/wp-content\/uploads\/sites\/2\/2022\/05\/CEO_Logo.png\",\"contentUrl\":\"https:\/\/ceolawyer.com\/espanol\/wp-content\/uploads\/sites\/2\/2022\/05\/CEO_Logo.png\",\"width\":200,\"height\":108,\"caption\":\"CEO Lawyer\"},\"image\":{\"@id\":\"https:\/\/ceolawyer.com\/espanol\/#\/schema\/logo\/image\/\"}}]}<\/script>\n<!-- \/ Yoast SEO plugin. -->","yoast_head_json":{"title":"C\u00f3mo obtener tu informe de accidente automovil\u00edstico de la oficina del alguacil de Sumter County | CEO Lawyer","description":"\u00bfTu accidente automovil\u00edstico en Sumter County te dej\u00f3 con problemas f\u00edsicos, emocionales o mentales y no tienes tu informe policial? Ll\u00e1manos al (470) 822-9057 para asesorarte.","robots":{"index":"index","follow":"follow","max-snippet":"max-snippet:-1","max-image-preview":"max-image-preview:large","max-video-preview":"max-video-preview:-1"},"canonical":"https:\/\/ceolawyer.com\/espanol\/informe-de-accidente\/informe-policial-de-un-accidente-de-auto-en-georgia\/sumter-county\/","og_locale":"en_US","og_type":"article","og_title":"C\u00f3mo obtener tu informe de accidente automovil\u00edstico de la oficina del alguacil de Sumter County | CEO Lawyer","og_description":"\u00bfTu accidente automovil\u00edstico en Sumter County te dej\u00f3 con problemas f\u00edsicos, emocionales o mentales y no tienes tu informe policial? Ll\u00e1manos al (470) 822-9057 para asesorarte.","og_url":"https:\/\/ceolawyer.com\/espanol\/informe-de-accidente\/informe-policial-de-un-accidente-de-auto-en-georgia\/sumter-county\/","og_site_name":"CEO Lawyer","article_modified_time":"2025-12-23T11:57:06+00:00","og_image":[{"width":500,"height":300,"url":"https:\/\/ceolawyer.com\/espanol\/wp-content\/uploads\/sites\/2\/2025\/12\/How-to-Obtain-Your-Sumter-County-Sheriffs-Office-Car-Accident-Report.webp","type":"image\/webp"}],"twitter_card":"summary_large_image","twitter_misc":{"Est. reading time":"6 minutes"},"schema":{"@context":"https:\/\/schema.org","@graph":[{"@type":"WebPage","@id":"https:\/\/ceolawyer.com\/espanol\/informe-de-accidente\/informe-policial-de-un-accidente-de-auto-en-georgia\/sumter-county\/","url":"https:\/\/ceolawyer.com\/espanol\/informe-de-accidente\/informe-policial-de-un-accidente-de-auto-en-georgia\/sumter-county\/","name":"C\u00f3mo obtener tu informe de accidente automovil\u00edstico de la oficina del alguacil de Sumter County | CEO Lawyer","isPartOf":{"@id":"https:\/\/ceolawyer.com\/espanol\/#website"},"primaryImageOfPage":{"@id":"https:\/\/ceolawyer.com\/espanol\/informe-de-accidente\/informe-policial-de-un-accidente-de-auto-en-georgia\/sumter-county\/#primaryimage"},"image":{"@id":"https:\/\/ceolawyer.com\/espanol\/informe-de-accidente\/informe-policial-de-un-accidente-de-auto-en-georgia\/sumter-county\/#primaryimage"},"thumbnailUrl":"https:\/\/ceolawyer.com\/espanol\/wp-content\/uploads\/sites\/2\/2025\/12\/How-to-Obtain-Your-Sumter-County-Sheriffs-Office-Car-Accident-Report.webp","datePublished":"2025-12-23T11:52:41+00:00","dateModified":"2025-12-23T11:57:06+00:00","description":"\u00bfTu accidente automovil\u00edstico en Sumter County te dej\u00f3 con problemas f\u00edsicos, emocionales o mentales y no tienes tu informe policial? Ll\u00e1manos al (470) 822-9057 para asesorarte.","breadcrumb":{"@id":"https:\/\/ceolawyer.com\/espanol\/informe-de-accidente\/informe-policial-de-un-accidente-de-auto-en-georgia\/sumter-county\/#breadcrumb"},"inLanguage":"en-US","potentialAction":[{"@type":"ReadAction","target":["https:\/\/ceolawyer.com\/espanol\/informe-de-accidente\/informe-policial-de-un-accidente-de-auto-en-georgia\/sumter-county\/"]}]},{"@type":"ImageObject","inLanguage":"en-US","@id":"https:\/\/ceolawyer.com\/espanol\/informe-de-accidente\/informe-policial-de-un-accidente-de-auto-en-georgia\/sumter-county\/#primaryimage","url":"https:\/\/ceolawyer.com\/espanol\/wp-content\/uploads\/sites\/2\/2025\/12\/How-to-Obtain-Your-Sumter-County-Sheriffs-Office-Car-Accident-Report.webp","contentUrl":"https:\/\/ceolawyer.com\/espanol\/wp-content\/uploads\/sites\/2\/2025\/12\/How-to-Obtain-Your-Sumter-County-Sheriffs-Office-Car-Accident-Report.webp","width":500,"height":300,"caption":"Dos oficiales de polic\u00eda hablando con uno de ellos sosteniendo un portapapeles bajo el brazo."},{"@type":"BreadcrumbList","@id":"https:\/\/ceolawyer.com\/espanol\/informe-de-accidente\/informe-policial-de-un-accidente-de-auto-en-georgia\/sumter-county\/#breadcrumb","itemListElement":[{"@type":"ListItem","position":1,"name":"Home","item":"https:\/\/ceolawyer.com\/espanol\/"},{"@type":"ListItem","position":2,"name":"Consigue el Reporte Policial de tu Accidente de Auto","item":"https:\/\/ceolawyer.com\/espanol\/informe-de-accidente\/"},{"@type":"ListItem","position":3,"name":"C\u00f3mo Solicitar el Informe Policial de un Accidente de Auto en Georgia","item":"https:\/\/ceolawyer.com\/espanol\/informe-de-accidente\/informe-policial-de-un-accidente-de-auto-en-georgia\/"},{"@type":"ListItem","position":4,"name":"C\u00f3mo obtener tu informe de accidente automovil\u00edstico de la oficina del alguacil de Sumter County"}]},{"@type":"WebSite","@id":"https:\/\/ceolawyer.com\/espanol\/#website","url":"https:\/\/ceolawyer.com\/espanol\/","name":"CEO Lawyer","description":"Personal Injury Attorney","publisher":{"@id":"https:\/\/ceolawyer.com\/espanol\/#organization"},"potentialAction":[{"@type":"SearchAction","target":{"@type":"EntryPoint","urlTemplate":"https:\/\/ceolawyer.com\/espanol\/?s={search_term_string}"},"query-input":{"@type":"PropertyValueSpecification","valueRequired":true,"valueName":"search_term_string"}}],"inLanguage":"en-US"},{"@type":"Organization","@id":"https:\/\/ceolawyer.com\/espanol\/#organization","name":"CEO Lawyer","url":"https:\/\/ceolawyer.com\/espanol\/","logo":{"@type":"ImageObject","inLanguage":"en-US","@id":"https:\/\/ceolawyer.com\/espanol\/#\/schema\/logo\/image\/","url":"https:\/\/ceolawyer.com\/espanol\/wp-content\/uploads\/sites\/2\/2022\/05\/CEO_Logo.png","contentUrl":"https:\/\/ceolawyer.com\/espanol\/wp-content\/uploads\/sites\/2\/2022\/05\/CEO_Logo.png","width":200,"height":108,"caption":"CEO Lawyer"},"image":{"@id":"https:\/\/ceolawyer.com\/espanol\/#\/schema\/logo\/image\/"}}]}},"_links":{"self":[{"href":"https:\/\/ceolawyer.com\/espanol\/wp-json\/wp\/v2\/pages\/12989","targetHints":{"allow":["GET"]}}],"collection":[{"href":"https:\/\/ceolawyer.com\/espanol\/wp-json\/wp\/v2\/pages"}],"about":[{"href":"https:\/\/ceolawyer.com\/espanol\/wp-json\/wp\/v2\/types\/page"}],"author":[{"embeddable":true,"href":"https:\/\/ceolawyer.com\/espanol\/wp-json\/wp\/v2\/users\/18"}],"replies":[{"embeddable":true,"href":"https:\/\/ceolawyer.com\/espanol\/wp-json\/wp\/v2\/comments?post=12989"}],"version-history":[{"count":0,"href":"https:\/\/ceolawyer.com\/espanol\/wp-json\/wp\/v2\/pages\/12989\/revisions"}],"up":[{"embeddable":true,"href":"https:\/\/ceolawyer.com\/espanol\/wp-json\/wp\/v2\/pages\/12737"}],"wp:featuredmedia":[{"embeddable":true,"href":"https:\/\/ceolawyer.com\/espanol\/wp-json\/wp\/v2\/media\/12991"}],"wp:attachment":[{"href":"https:\/\/ceolawyer.com\/espanol\/wp-json\/wp\/v2\/media?parent=12989"}],"curies":[{"name":"wp","href":"https:\/\/api.w.org\/{rel}","templated":true}]}}