{"id":13001,"date":"2025-12-23T12:16:26","date_gmt":"2025-12-23T12:16:26","guid":{"rendered":"https:\/\/ceolawyer.com\/espanol\/?page_id=13001"},"modified":"2025-12-23T12:23:49","modified_gmt":"2025-12-23T12:23:49","slug":"tift-county","status":"publish","type":"page","link":"https:\/\/ceolawyer.com\/espanol\/informe-de-accidente\/informe-policial-de-un-accidente-de-auto-en-georgia\/tift-county\/","title":{"rendered":"C\u00f3mo obtener tu informe de accidente automovil\u00edstico de la oficina del alguacil de Tift County"},"content":{"rendered":"<p><img decoding=\"async\" class=\"alignright size-full wp-image-13003\" src=\"https:\/\/ceolawyer.com\/espanol\/wp-content\/uploads\/sites\/2\/2025\/12\/How-to-Obtain-Your-Tift-County-Sheriffs-Office-Car-Accident-Report.webp\" alt=\"Un conductor involucrado en un accidente proporcionando detalles a un oficial de polic\u00eda que responde y sostiene un portapapeles.\" width=\"500\" height=\"300\" srcset=\"https:\/\/ceolawyer.com\/espanol\/wp-content\/uploads\/sites\/2\/2025\/12\/How-to-Obtain-Your-Tift-County-Sheriffs-Office-Car-Accident-Report.webp 500w, https:\/\/ceolawyer.com\/espanol\/wp-content\/uploads\/sites\/2\/2025\/12\/How-to-Obtain-Your-Tift-County-Sheriffs-Office-Car-Accident-Report-300x180.webp 300w\" sizes=\"(max-width: 500px) 100vw, 500px\" \/>\u00bfHas estado involucrado en un accidente en Tift County, Georgia? Despu\u00e9s de que la adrenalina disminuye y todos est\u00e9n a salvo, el pr\u00f3ximo paso es recolectar informaci\u00f3n y moverte hacia adelante.<\/p>\n<p>Un pedazo crucial del rompecabezas es el informe de accidente automovil\u00edstico del departamento de alguacil de Tift County. Este informe sirve como un registro oficial del accidente, documentando detalles vitales para tu reclamo de seguro, representaci\u00f3n legal o simplemente para entender lo que sucedi\u00f3.<\/p>\n<p>No importa si est\u00e1s lidiando con un choque peque\u00f1o o una colisi\u00f3n m\u00e1s severa, tener el informe polic\u00edaco de accidente a la mano puede agilizar significativamente el proceso para presentar un reclamo de seguros y recibir las reparaciones necesarias. \u00a1No vayas a trav\u00e9s de esta situaci\u00f3n solo! Consigamos ese n\u00famero de informe para ti y avancemos con tu reclamaci\u00f3n.<\/p>\n<h2>Obt\u00e9n tu informe de accidente automovil\u00edstico del departamento de alguacil de Tift County<\/h2>\n<p>Hay varias maneras para pedir tu informe de accidente automovil\u00edstico de la oficina de alguacil de Tift County.<\/p>\n<h3>En l\u00ednea<\/h3>\n<h4>Email<\/h4>\n<p>Puedes enviar un pedido de registro abierto v\u00eda email a <a href=\"mailto:info@tiftsheriff.org\">info@tiftsheriff.org<\/a>. Aseg\u00farate de incluir la siguiente informaci\u00f3n en tu email:<\/p>\n<p>Tu nombre completo y tu informaci\u00f3n de contacto<\/p>\n<p>La fecha del accidente<\/p>\n<p>El lugar del accidente (incluyendo la intersecci\u00f3n m\u00e1s pr\u00f3xima si aplica)<\/p>\n<p>Una declaraci\u00f3n clara de que est\u00e1s pidiendo una copia del informe de accidente automovil\u00edstico<\/p>\n<h4>BuyCrash.com<\/h4>\n<p>Considera usar un servicio tercero como BuyCrash. Estos servicios pueden agilizar el proceso para obtener tu informe pero t\u00edpicamente vienen con una tarifa de conveniencia.<\/p>\n<p>Aqu\u00ed est\u00e1 lo que tienes que hacer:<\/p>\n<ul>\n<li>Haz clic en el link hacia <a href=\"https:\/\/buycrash.lexisnexisrisk.com\/ui\/home\">com.<\/a><\/li>\n<li>En la p\u00e1gina de buycrash.com, selecciona <strong>Georgia <\/strong>como tu estado.<\/li>\n<li>Escoge la jurisdicci\u00f3n que investig\u00f3 tu accidente automovil\u00edstico del segundo men\u00fa desplegable, es decir, la <strong>oficina de alguacil de Tift Co.<\/strong><\/li>\n<li>Haz clic en <strong>empezar b\u00fasqueda <\/strong>para proceder.<\/li>\n<li>Te pedir\u00e1n que des detalles, como:\n<ul>\n<li>Apellidos<\/li>\n<li>Fecha del accidente<\/li>\n<li>N\u00famero de caso de informe<\/li>\n<li>VIN (n\u00famero de identificaci\u00f3n vehicular)<\/li>\n<li>N\u00famero de licencia de conductor<\/li>\n<\/ul>\n<\/li>\n<\/ul>\n<h3>En persona<\/h3>\n<p>Ve hacia la oficina de alguacil de Tift County localizada en 500 Morgan Dr, Tifton, GA 31794. Sus horas de servicio son de lunes a viernes, 8:00 am a 6:00 pm.<\/p>\n<p>Pide hablar con el oficial de informaci\u00f3n p\u00fablica, David Haire o, alternativamente, con el oficial de registros abiertos, el capit\u00e1n Chad Davis.<\/p>\n<p>Ellos te guiar\u00e1n a trav\u00e9s del proceso de pedido y te contestar\u00e1n cualquier pregunta que puedas tener.<\/p>\n<h3>Por correo<\/h3>\n<p>Si visitar en persona no es una opci\u00f3n, puedes mandar un correo de pedido a:<\/p>\n<p>Oficina del alguacil de Tift County \u2013 Registros abiertos<\/p>\n<p>500 Morgan Drive<\/p>\n<p>PO Box 46<\/p>\n<p>Tifton, Georgia 31793<\/p>\n<p>Incluye la misma informaci\u00f3n que usar\u00edas en un pedido por email (mencionado arriba) en tu pedido escrito.<\/p>\n<h3>Informaci\u00f3n adicional<\/h3>\n<p><strong>Costo: <\/strong>Hay una tarifa asociada de $5 para obtener tu informe de accidente automovil\u00edstico de la oficina del alguacil de Tift County. Aseg\u00farate traer efectivo o un cheque si se pide el informe en persona.<\/p>\n<p><strong>Tiempo de procesamiento: <\/strong>Mientras que el sitio web dice que los informes est\u00e1n disponibles durante las 72 horas a partir de completarse, es mejor preguntar sobre los tiempos de espera cuando hagas tu pedido.<\/p>\n<p>Tener detalles como el n\u00famero de informe (si lo tienes) o los nombres de los oficiales involucrados puede acelerar el proceso de recolecci\u00f3n.<\/p>\n<p>Para mayor asistencia, puedes contactar la oficina del alguacil de Tift County al <a href=\"tel:+12293886020\">(229) 388-6020<\/a>.<\/p>\n<p>Te recomendamos escoger el m\u00e9todo que mejor se adhiera a tus necesidades. Para el resultado m\u00e1s r\u00e1pido, visitar la oficina puede ser ideal.<\/p>\n<p>Sin embargo, si prefieres la conveniencia de un email o tienes limitaciones que te previenen una visita en persona, las otras opciones son perfectamente viables.<\/p>\n<h2>\u00bfQu\u00e9 hacer si hay errores en tu informe?<\/h2>\n<p>Mientras que los informes de accidente automovil\u00edstico se esfuerzan por ser precisos, los errores pueden ocurrir a veces. Aqu\u00ed est\u00e1 lo que tienes que hacer si descubres errores en tu informe de accidente automovil\u00edstico de la oficina del alguacil en Tift County:<\/p>\n<p>T\u00f3mate tu tiempo para leer cuidadosamente el informe entero. Pon atenci\u00f3n cercana a detalles como:<\/p>\n<ul>\n<li>Fecha y lugar del accidente<\/li>\n<li>Lugar del accidente<\/li>\n<li>Nombres e informaci\u00f3n de contacto de todas las partes involucradas (conductores, pasajeros, testigos)<\/li>\n<li>Descripci\u00f3n de la escena del accidente y los eventos<\/li>\n<li>La informaci\u00f3n vehicular (marca, modelo, n\u00famero de placa)<\/li>\n<li>Citaciones dadas (si hubo)<\/li>\n<\/ul>\n<ol>\n<li>No dudes en contactar a la oficina del alguacil de Tift County si encuentras cualquier inconsistencia, informaci\u00f3n faltante o discrepancias. Ll\u00e1malos al <a href=\"tel:+12293886020\">(229) 388-6020<\/a> y explica los errores que identificaste. S\u00e9 espec\u00edfico sobre los detalles que crees incorrectos.<\/li>\n<li>Ya que explicaste los errores, pide educadamente que la oficina del alguacil haga las correcciones necesarias al informe. Podr\u00edan pedirte informaci\u00f3n adicional o documentaci\u00f3n para apoyar tu reclamo.<\/li>\n<li>Mant\u00e9n un registro de los errores que encontraste en el informe. Toma fotos o haz copias claras de las secciones que contienen informaci\u00f3n incorrecta. La documentaci\u00f3n ser\u00e1 \u00fatil si necesitas hacer un seguimiento con la oficina.<\/li>\n<li>Si los errores no se corrigen r\u00e1pidamente, no tengas miedo de darle seguimiento con la oficina del alguacil. La persistencia puede ser clave para asegurar que el informe refleje precisamente los eventos del accidente.<\/li>\n<\/ol>\n<h2>Disputando tu informe de accidente con tu compa\u00f1\u00eda de seguros<\/h2>\n<p>En algunos casos, la informaci\u00f3n del informe de accidente podr\u00eda no alinearse con tu versi\u00f3n de los eventos. Aqu\u00ed est\u00e1 c\u00f3mo manejar una situaci\u00f3n donde necesitas disputar este informe con tu compa\u00f1\u00eda de seguros:<\/p>\n<ol>\n<li>Examina meticulosamente el informe de accidente que recibiste de la oficina del alguacil de Tift County. Resalta cualquier discrepancia o imprecisiones que encuentres, especialmente detalles que puedan impactar tu reclamo de seguro.<\/li>\n<li>Armar un caso fuerte a menudo depende de evidencia s\u00f3lida. Aqu\u00ed hay unas cosas que puedes recolectar para apoyar tu reclamo:<\/li>\n<\/ol>\n<ul>\n<li><strong>Fotos: <\/strong>Si capturaste fotos de la escena del accidente, da\u00f1o a tu veh\u00edculo o condiciones de la calle al tiempo del accidente, comp\u00e1rtelas con tu compa\u00f1\u00eda de seguros. La evidencia visual puede ser muy persuasiva.<\/li>\n<li><strong>Testimonios de testigos: <\/strong>Si los transe\u00fantes vieron el accidente, obt\u00e9n su informaci\u00f3n de contacto y declaraci\u00f3n escrita de lo que vieron. Los testimonios pueden ser invaluables para clarificar detalles en disputa.<\/li>\n<li><strong>Registros m\u00e9dicos: <\/strong>Si sufriste lesiones por el accidente, recolecta registros m\u00e9dicos documentando tu tratamiento. Esta documentaci\u00f3n ayuda a establecer el alcance de tus lesiones y su conexi\u00f3n al accidente.<\/li>\n<\/ul>\n<ol>\n<li>No te esperes a contactar a tu proveedor de seguro. Inf\u00f3rmales sobre las discrepancias en tu informe y explica tu perspectiva de los eventos. Otorga la evidencia que has juntado para apoyar tu caso.<\/li>\n<li>Tu compa\u00f1\u00eda de seguros delinear\u00e1 el proceso de disputa y los pasos involucrados. Podr\u00edan pedir documentaci\u00f3n adicional o declaraciones para apoyar tu reclamo. Coopera enteramente y otorga toda la informaci\u00f3n que necesiten.<\/li>\n<li>Si la respuesta inicial de tu compa\u00f1\u00eda de seguros no es satisfactoria, no te desanimes. Aboga por ti y s\u00e9 persistente en buscar una resoluci\u00f3n justa. Mientras m\u00e1s informaci\u00f3n puedas dar, m\u00e1s fuerte ser\u00e1 tu caso.<\/li>\n<\/ol>\n<p>La informaci\u00f3n precisa en tu informe de accidente es crucial para un proceso de reclamo de seguro fluido y justo. Al seguir estos pasos y recolectar evidencia para apoyar tu versi\u00f3n de los eventos, puedes trabajar hacia resolver cualquier discrepancia y asegurar un resultado justo.<\/p>\n<p>Si navegar por una disputa de seguro se siente abrumante, considera buscar asistencia legal. Aqu\u00ed en el bufete de abogados de lesi\u00f3n personal de CEO Lawyer, tenemos experiencia extensiva ayudando a clientes a trav\u00e9s de las complejidades de los accidentes automovil\u00edsticos.<\/p>\n<p>Cont\u00e1ctanos hoy para una consulta gratis para discutir tu caso. \u00a1Pelearemos por la compensaci\u00f3n que mereces!<\/p>\n","protected":false},"excerpt":{"rendered":"<p>\u00bfHas estado involucrado en un accidente en Tift County, Georgia? Despu\u00e9s de que la adrenalina disminuye y todos est\u00e9n a salvo, el pr\u00f3ximo paso es recolectar informaci\u00f3n y moverte hacia adelante. Un pedazo crucial del rompecabezas es el informe de accidente automovil\u00edstico del departamento de alguacil de Tift County. Este informe sirve como un registro [&hellip;]<\/p>\n","protected":false},"author":18,"featured_media":13003,"parent":12737,"menu_order":0,"comment_status":"closed","ping_status":"closed","template":"","meta":{"_acf_changed":false,"footnotes":""},"class_list":["post-13001","page","type-page","status-publish","has-post-thumbnail","hentry"],"acf":[],"yoast_head":"<!-- This site is optimized with the Yoast SEO plugin v27.5 - https:\/\/yoast.com\/product\/yoast-seo-wordpress\/ -->\n<title>C\u00f3mo obtener tu informe de accidente automovil\u00edstico de la oficina del alguacil de Tift County | CEO Lawyer<\/title>\n<meta name=\"description\" content=\"Las secuelas de un accidente automovil\u00edstico en Tift County te pueden dejar confundido de qu\u00e9 hacer. Llama al (470) 822-9057 para que te aesoremos y te ayudemos a conseguir tu informe policial.\" \/>\n<meta name=\"robots\" content=\"index, follow, max-snippet:-1, max-image-preview:large, max-video-preview:-1\" \/>\n<link rel=\"canonical\" href=\"https:\/\/ceolawyer.com\/espanol\/informe-de-accidente\/informe-policial-de-un-accidente-de-auto-en-georgia\/tift-county\/\" \/>\n<meta property=\"og:locale\" content=\"en_US\" \/>\n<meta property=\"og:type\" content=\"article\" \/>\n<meta property=\"og:title\" content=\"C\u00f3mo obtener tu informe de accidente automovil\u00edstico de la oficina del alguacil de Tift County | CEO Lawyer\" \/>\n<meta property=\"og:description\" content=\"Las secuelas de un accidente automovil\u00edstico en Tift County te pueden dejar confundido de qu\u00e9 hacer. Llama al (470) 822-9057 para que te aesoremos y te ayudemos a conseguir tu informe policial.\" \/>\n<meta property=\"og:url\" content=\"https:\/\/ceolawyer.com\/espanol\/informe-de-accidente\/informe-policial-de-un-accidente-de-auto-en-georgia\/tift-county\/\" \/>\n<meta property=\"og:site_name\" content=\"CEO Lawyer\" \/>\n<meta property=\"article:modified_time\" content=\"2025-12-23T12:23:49+00:00\" \/>\n<meta property=\"og:image\" content=\"https:\/\/ceolawyer.com\/espanol\/wp-content\/uploads\/sites\/2\/2025\/12\/How-to-Obtain-Your-Tift-County-Sheriffs-Office-Car-Accident-Report.webp\" \/>\n\t<meta property=\"og:image:width\" content=\"500\" \/>\n\t<meta property=\"og:image:height\" content=\"300\" \/>\n\t<meta property=\"og:image:type\" content=\"image\/webp\" \/>\n<meta name=\"twitter:card\" content=\"summary_large_image\" \/>\n<meta name=\"twitter:label1\" content=\"Est. reading time\" \/>\n\t<meta name=\"twitter:data1\" content=\"6 minutes\" \/>\n<script type=\"application\/ld+json\" class=\"yoast-schema-graph\">{\"@context\":\"https:\\\/\\\/schema.org\",\"@graph\":[{\"@type\":\"WebPage\",\"@id\":\"https:\\\/\\\/ceolawyer.com\\\/espanol\\\/informe-de-accidente\\\/informe-policial-de-un-accidente-de-auto-en-georgia\\\/tift-county\\\/\",\"url\":\"https:\\\/\\\/ceolawyer.com\\\/espanol\\\/informe-de-accidente\\\/informe-policial-de-un-accidente-de-auto-en-georgia\\\/tift-county\\\/\",\"name\":\"C\u00f3mo obtener tu informe de accidente automovil\u00edstico de la oficina del alguacil de Tift County | CEO Lawyer\",\"isPartOf\":{\"@id\":\"https:\\\/\\\/ceolawyer.com\\\/espanol\\\/#website\"},\"primaryImageOfPage\":{\"@id\":\"https:\\\/\\\/ceolawyer.com\\\/espanol\\\/informe-de-accidente\\\/informe-policial-de-un-accidente-de-auto-en-georgia\\\/tift-county\\\/#primaryimage\"},\"image\":{\"@id\":\"https:\\\/\\\/ceolawyer.com\\\/espanol\\\/informe-de-accidente\\\/informe-policial-de-un-accidente-de-auto-en-georgia\\\/tift-county\\\/#primaryimage\"},\"thumbnailUrl\":\"https:\\\/\\\/ceolawyer.com\\\/espanol\\\/wp-content\\\/uploads\\\/sites\\\/2\\\/2025\\\/12\\\/How-to-Obtain-Your-Tift-County-Sheriffs-Office-Car-Accident-Report.webp\",\"datePublished\":\"2025-12-23T12:16:26+00:00\",\"dateModified\":\"2025-12-23T12:23:49+00:00\",\"description\":\"Las secuelas de un accidente automovil\u00edstico en Tift County te pueden dejar confundido de qu\u00e9 hacer. Llama al (470) 822-9057 para que te aesoremos y te ayudemos a conseguir tu informe policial.\",\"breadcrumb\":{\"@id\":\"https:\\\/\\\/ceolawyer.com\\\/espanol\\\/informe-de-accidente\\\/informe-policial-de-un-accidente-de-auto-en-georgia\\\/tift-county\\\/#breadcrumb\"},\"inLanguage\":\"en-US\",\"potentialAction\":[{\"@type\":\"ReadAction\",\"target\":[\"https:\\\/\\\/ceolawyer.com\\\/espanol\\\/informe-de-accidente\\\/informe-policial-de-un-accidente-de-auto-en-georgia\\\/tift-county\\\/\"]}]},{\"@type\":\"ImageObject\",\"inLanguage\":\"en-US\",\"@id\":\"https:\\\/\\\/ceolawyer.com\\\/espanol\\\/informe-de-accidente\\\/informe-policial-de-un-accidente-de-auto-en-georgia\\\/tift-county\\\/#primaryimage\",\"url\":\"https:\\\/\\\/ceolawyer.com\\\/espanol\\\/wp-content\\\/uploads\\\/sites\\\/2\\\/2025\\\/12\\\/How-to-Obtain-Your-Tift-County-Sheriffs-Office-Car-Accident-Report.webp\",\"contentUrl\":\"https:\\\/\\\/ceolawyer.com\\\/espanol\\\/wp-content\\\/uploads\\\/sites\\\/2\\\/2025\\\/12\\\/How-to-Obtain-Your-Tift-County-Sheriffs-Office-Car-Accident-Report.webp\",\"width\":500,\"height\":300,\"caption\":\"Un conductor involucrado en un accidente proporcionando detalles a un oficial de polic\u00eda que responde y sostiene un portapapeles.\"},{\"@type\":\"BreadcrumbList\",\"@id\":\"https:\\\/\\\/ceolawyer.com\\\/espanol\\\/informe-de-accidente\\\/informe-policial-de-un-accidente-de-auto-en-georgia\\\/tift-county\\\/#breadcrumb\",\"itemListElement\":[{\"@type\":\"ListItem\",\"position\":1,\"name\":\"Home\",\"item\":\"https:\\\/\\\/ceolawyer.com\\\/espanol\\\/\"},{\"@type\":\"ListItem\",\"position\":2,\"name\":\"Consigue el Reporte Policial de tu Accidente de Auto\",\"item\":\"https:\\\/\\\/ceolawyer.com\\\/espanol\\\/informe-de-accidente\\\/\"},{\"@type\":\"ListItem\",\"position\":3,\"name\":\"C\u00f3mo Solicitar el Informe Policial de un Accidente de Auto en Georgia\",\"item\":\"https:\\\/\\\/ceolawyer.com\\\/espanol\\\/informe-de-accidente\\\/informe-policial-de-un-accidente-de-auto-en-georgia\\\/\"},{\"@type\":\"ListItem\",\"position\":4,\"name\":\"C\u00f3mo obtener tu informe de accidente automovil\u00edstico de la oficina del alguacil de Tift County\"}]},{\"@type\":\"WebSite\",\"@id\":\"https:\\\/\\\/ceolawyer.com\\\/espanol\\\/#website\",\"url\":\"https:\\\/\\\/ceolawyer.com\\\/espanol\\\/\",\"name\":\"CEO Lawyer\",\"description\":\"Personal Injury Attorney\",\"publisher\":{\"@id\":\"https:\\\/\\\/ceolawyer.com\\\/espanol\\\/#organization\"},\"potentialAction\":[{\"@type\":\"SearchAction\",\"target\":{\"@type\":\"EntryPoint\",\"urlTemplate\":\"https:\\\/\\\/ceolawyer.com\\\/espanol\\\/?s={search_term_string}\"},\"query-input\":{\"@type\":\"PropertyValueSpecification\",\"valueRequired\":true,\"valueName\":\"search_term_string\"}}],\"inLanguage\":\"en-US\"},{\"@type\":\"Organization\",\"@id\":\"https:\\\/\\\/ceolawyer.com\\\/espanol\\\/#organization\",\"name\":\"CEO Lawyer\",\"url\":\"https:\\\/\\\/ceolawyer.com\\\/espanol\\\/\",\"logo\":{\"@type\":\"ImageObject\",\"inLanguage\":\"en-US\",\"@id\":\"https:\\\/\\\/ceolawyer.com\\\/espanol\\\/#\\\/schema\\\/logo\\\/image\\\/\",\"url\":\"https:\\\/\\\/ceolawyer.com\\\/espanol\\\/wp-content\\\/uploads\\\/sites\\\/2\\\/2022\\\/05\\\/CEO_Logo.png\",\"contentUrl\":\"https:\\\/\\\/ceolawyer.com\\\/espanol\\\/wp-content\\\/uploads\\\/sites\\\/2\\\/2022\\\/05\\\/CEO_Logo.png\",\"width\":200,\"height\":108,\"caption\":\"CEO Lawyer\"},\"image\":{\"@id\":\"https:\\\/\\\/ceolawyer.com\\\/espanol\\\/#\\\/schema\\\/logo\\\/image\\\/\"}}]}<\/script>\n<!-- \/ Yoast SEO plugin. -->","yoast_head_json":{"title":"C\u00f3mo obtener tu informe de accidente automovil\u00edstico de la oficina del alguacil de Tift County | CEO Lawyer","description":"Las secuelas de un accidente automovil\u00edstico en Tift County te pueden dejar confundido de qu\u00e9 hacer. Llama al (470) 822-9057 para que te aesoremos y te ayudemos a conseguir tu informe policial.","robots":{"index":"index","follow":"follow","max-snippet":"max-snippet:-1","max-image-preview":"max-image-preview:large","max-video-preview":"max-video-preview:-1"},"canonical":"https:\/\/ceolawyer.com\/espanol\/informe-de-accidente\/informe-policial-de-un-accidente-de-auto-en-georgia\/tift-county\/","og_locale":"en_US","og_type":"article","og_title":"C\u00f3mo obtener tu informe de accidente automovil\u00edstico de la oficina del alguacil de Tift County | CEO Lawyer","og_description":"Las secuelas de un accidente automovil\u00edstico en Tift County te pueden dejar confundido de qu\u00e9 hacer. Llama al (470) 822-9057 para que te aesoremos y te ayudemos a conseguir tu informe policial.","og_url":"https:\/\/ceolawyer.com\/espanol\/informe-de-accidente\/informe-policial-de-un-accidente-de-auto-en-georgia\/tift-county\/","og_site_name":"CEO Lawyer","article_modified_time":"2025-12-23T12:23:49+00:00","og_image":[{"width":500,"height":300,"url":"https:\/\/ceolawyer.com\/espanol\/wp-content\/uploads\/sites\/2\/2025\/12\/How-to-Obtain-Your-Tift-County-Sheriffs-Office-Car-Accident-Report.webp","type":"image\/webp"}],"twitter_card":"summary_large_image","twitter_misc":{"Est. reading time":"6 minutes"},"schema":{"@context":"https:\/\/schema.org","@graph":[{"@type":"WebPage","@id":"https:\/\/ceolawyer.com\/espanol\/informe-de-accidente\/informe-policial-de-un-accidente-de-auto-en-georgia\/tift-county\/","url":"https:\/\/ceolawyer.com\/espanol\/informe-de-accidente\/informe-policial-de-un-accidente-de-auto-en-georgia\/tift-county\/","name":"C\u00f3mo obtener tu informe de accidente automovil\u00edstico de la oficina del alguacil de Tift County | CEO Lawyer","isPartOf":{"@id":"https:\/\/ceolawyer.com\/espanol\/#website"},"primaryImageOfPage":{"@id":"https:\/\/ceolawyer.com\/espanol\/informe-de-accidente\/informe-policial-de-un-accidente-de-auto-en-georgia\/tift-county\/#primaryimage"},"image":{"@id":"https:\/\/ceolawyer.com\/espanol\/informe-de-accidente\/informe-policial-de-un-accidente-de-auto-en-georgia\/tift-county\/#primaryimage"},"thumbnailUrl":"https:\/\/ceolawyer.com\/espanol\/wp-content\/uploads\/sites\/2\/2025\/12\/How-to-Obtain-Your-Tift-County-Sheriffs-Office-Car-Accident-Report.webp","datePublished":"2025-12-23T12:16:26+00:00","dateModified":"2025-12-23T12:23:49+00:00","description":"Las secuelas de un accidente automovil\u00edstico en Tift County te pueden dejar confundido de qu\u00e9 hacer. Llama al (470) 822-9057 para que te aesoremos y te ayudemos a conseguir tu informe policial.","breadcrumb":{"@id":"https:\/\/ceolawyer.com\/espanol\/informe-de-accidente\/informe-policial-de-un-accidente-de-auto-en-georgia\/tift-county\/#breadcrumb"},"inLanguage":"en-US","potentialAction":[{"@type":"ReadAction","target":["https:\/\/ceolawyer.com\/espanol\/informe-de-accidente\/informe-policial-de-un-accidente-de-auto-en-georgia\/tift-county\/"]}]},{"@type":"ImageObject","inLanguage":"en-US","@id":"https:\/\/ceolawyer.com\/espanol\/informe-de-accidente\/informe-policial-de-un-accidente-de-auto-en-georgia\/tift-county\/#primaryimage","url":"https:\/\/ceolawyer.com\/espanol\/wp-content\/uploads\/sites\/2\/2025\/12\/How-to-Obtain-Your-Tift-County-Sheriffs-Office-Car-Accident-Report.webp","contentUrl":"https:\/\/ceolawyer.com\/espanol\/wp-content\/uploads\/sites\/2\/2025\/12\/How-to-Obtain-Your-Tift-County-Sheriffs-Office-Car-Accident-Report.webp","width":500,"height":300,"caption":"Un conductor involucrado en un accidente proporcionando detalles a un oficial de polic\u00eda que responde y sostiene un portapapeles."},{"@type":"BreadcrumbList","@id":"https:\/\/ceolawyer.com\/espanol\/informe-de-accidente\/informe-policial-de-un-accidente-de-auto-en-georgia\/tift-county\/#breadcrumb","itemListElement":[{"@type":"ListItem","position":1,"name":"Home","item":"https:\/\/ceolawyer.com\/espanol\/"},{"@type":"ListItem","position":2,"name":"Consigue el Reporte Policial de tu Accidente de Auto","item":"https:\/\/ceolawyer.com\/espanol\/informe-de-accidente\/"},{"@type":"ListItem","position":3,"name":"C\u00f3mo Solicitar el Informe Policial de un Accidente de Auto en Georgia","item":"https:\/\/ceolawyer.com\/espanol\/informe-de-accidente\/informe-policial-de-un-accidente-de-auto-en-georgia\/"},{"@type":"ListItem","position":4,"name":"C\u00f3mo obtener tu informe de accidente automovil\u00edstico de la oficina del alguacil de Tift County"}]},{"@type":"WebSite","@id":"https:\/\/ceolawyer.com\/espanol\/#website","url":"https:\/\/ceolawyer.com\/espanol\/","name":"CEO Lawyer","description":"Personal Injury Attorney","publisher":{"@id":"https:\/\/ceolawyer.com\/espanol\/#organization"},"potentialAction":[{"@type":"SearchAction","target":{"@type":"EntryPoint","urlTemplate":"https:\/\/ceolawyer.com\/espanol\/?s={search_term_string}"},"query-input":{"@type":"PropertyValueSpecification","valueRequired":true,"valueName":"search_term_string"}}],"inLanguage":"en-US"},{"@type":"Organization","@id":"https:\/\/ceolawyer.com\/espanol\/#organization","name":"CEO Lawyer","url":"https:\/\/ceolawyer.com\/espanol\/","logo":{"@type":"ImageObject","inLanguage":"en-US","@id":"https:\/\/ceolawyer.com\/espanol\/#\/schema\/logo\/image\/","url":"https:\/\/ceolawyer.com\/espanol\/wp-content\/uploads\/sites\/2\/2022\/05\/CEO_Logo.png","contentUrl":"https:\/\/ceolawyer.com\/espanol\/wp-content\/uploads\/sites\/2\/2022\/05\/CEO_Logo.png","width":200,"height":108,"caption":"CEO Lawyer"},"image":{"@id":"https:\/\/ceolawyer.com\/espanol\/#\/schema\/logo\/image\/"}}]}},"_links":{"self":[{"href":"https:\/\/ceolawyer.com\/espanol\/wp-json\/wp\/v2\/pages\/13001","targetHints":{"allow":["GET"]}}],"collection":[{"href":"https:\/\/ceolawyer.com\/espanol\/wp-json\/wp\/v2\/pages"}],"about":[{"href":"https:\/\/ceolawyer.com\/espanol\/wp-json\/wp\/v2\/types\/page"}],"author":[{"embeddable":true,"href":"https:\/\/ceolawyer.com\/espanol\/wp-json\/wp\/v2\/users\/18"}],"replies":[{"embeddable":true,"href":"https:\/\/ceolawyer.com\/espanol\/wp-json\/wp\/v2\/comments?post=13001"}],"version-history":[{"count":0,"href":"https:\/\/ceolawyer.com\/espanol\/wp-json\/wp\/v2\/pages\/13001\/revisions"}],"up":[{"embeddable":true,"href":"https:\/\/ceolawyer.com\/espanol\/wp-json\/wp\/v2\/pages\/12737"}],"wp:featuredmedia":[{"embeddable":true,"href":"https:\/\/ceolawyer.com\/espanol\/wp-json\/wp\/v2\/media\/13003"}],"wp:attachment":[{"href":"https:\/\/ceolawyer.com\/espanol\/wp-json\/wp\/v2\/media?parent=13001"}],"curies":[{"name":"wp","href":"https:\/\/api.w.org\/{rel}","templated":true}]}}