{"id":13007,"date":"2025-12-23T12:32:28","date_gmt":"2025-12-23T12:32:28","guid":{"rendered":"https:\/\/ceolawyer.com\/espanol\/?page_id=13007"},"modified":"2025-12-23T12:37:47","modified_gmt":"2025-12-23T12:37:47","slug":"tybee-island","status":"publish","type":"page","link":"https:\/\/ceolawyer.com\/espanol\/informe-de-accidente\/informe-policial-de-un-accidente-de-auto-en-georgia\/tybee-island\/","title":{"rendered":"C\u00f3mo obtener tu informe de accidente automovil\u00edstico del departamento de polic\u00eda de Tybee Island"},"content":{"rendered":"<p><img decoding=\"async\" class=\"alignright size-full wp-image-13009\" src=\"https:\/\/ceolawyer.com\/espanol\/wp-content\/uploads\/sites\/2\/2025\/12\/How-to-Obtain-Your-Tybee-Island-Police-Department-Car-Accident-Report.webp\" alt=\"Una oficial hablando por su radio mientras su compa\u00f1ero entrevista a un testigo de un accidente.\" width=\"500\" height=\"300\" srcset=\"https:\/\/ceolawyer.com\/espanol\/wp-content\/uploads\/sites\/2\/2025\/12\/How-to-Obtain-Your-Tybee-Island-Police-Department-Car-Accident-Report.webp 500w, https:\/\/ceolawyer.com\/espanol\/wp-content\/uploads\/sites\/2\/2025\/12\/How-to-Obtain-Your-Tybee-Island-Police-Department-Car-Accident-Report-300x180.webp 300w\" sizes=\"(max-width: 500px) 100vw, 500px\" \/>Si has estado involucrado en un accidente automovil\u00edstico en las orillas soleadas de Tybee Island, podr\u00edas estar sintiendo una ola de estr\u00e9s junto con la brisa del oc\u00e9ano. No te preocupes; obtener el informe polic\u00edaco oficial no tiene que ser un proceso catastr\u00f3fico.<\/p>\n<p>Esta gu\u00eda te navegar\u00e1 fluidamente a trav\u00e9s de la obtenci\u00f3n de tu informe de accidente automovil\u00edstico del departamento de polic\u00eda de Tybee Island, un documento crucial para tu reclamo de seguro, tus necesidades legales y tu paz mental.<\/p>\n<p>Si es un choque peque\u00f1o o un accidente de auto m\u00e1s serio, tener una copia del informe polic\u00edaco es vital. Tu compa\u00f1\u00eda de seguros probablemente te lo pida para procesar tu reclamo, y puede servir como evidencia importante en caso de necesitar asesor\u00eda legal.<\/p>\n<h2>Maneras para obtener tu informe de accidente automovil\u00edstico del departamento de polic\u00eda de Tybee Island<\/h2>\n<p>Exploremos las diferentes v\u00edas disponibles para recoger tu informe de accidente automovil\u00edstico del departamento de polic\u00eda de Tybee Island<\/p>\n<h3>Pedido en l\u00ednea \u2013 sistema JustFOIA<\/h3>\n<p>Para una opci\u00f3n r\u00e1pida y conveniente, ve hacia el sistema JustFOIA. Esta <a href=\"https:\/\/tybeeislandga.justfoia.com\/publicportal\/home\/newrequest\">plataforma en l\u00ednea<\/a> acelera todo el proceso. Aqu\u00ed est\u00e1 c\u00f3mo funciona:<\/p>\n<ul>\n<li>Navega al <a href=\"https:\/\/tybeeislandga.justfoia.com\/publicportal\/home\/newrequest\">pedido de registros p\u00fablicos<\/a> y sigue las instrucciones en la pantalla para hacer un nuevo pedido.<\/li>\n<li>Aseg\u00farate escoger \u201cPedido de registros polic\u00edacos\u201d como el tipo de registro.<\/li>\n<li>Llena la informaci\u00f3n requerida, incluyendo detalles como la fecha y el lugar del accidente, si se saben. Entre m\u00e1s detalles otorgues, m\u00e1s f\u00e1cil ser\u00e1 localizar el informe espec\u00edfico.<\/li>\n<li>Ya presentado, tu pedido ser\u00e1 dirigido electr\u00f3nicamente al departamento apropiado para procesarse.<\/li>\n<\/ul>\n<p>Si te enfrentas con cualquier dificultad con el sistema JustFOIA o tienes preguntas sobre el proceso, no dudes en contactar al secretario del consejo. \u00c9l sirve como el oficial designado de los registros abiertos y puede otorgar asesoramiento valioso.<\/p>\n<p>Puedes contactarlo por tel\u00e9fono al departamento de polic\u00eda de Tybee Island o al buscar su informaci\u00f3n de contacto en el sitio de la ciudad de Tybee Island.<\/p>\n<h3>Pedido en l\u00ednea \u2013 BuyCrash.com<\/h3>\n<p>El departamento de polic\u00eda de Tybee Island tambi\u00e9n se asocia con BuyCrash, un servicio tercero que te permite comprar convenientemente una copia digital del informe de accidente en l\u00ednea.<\/p>\n<p>Aqu\u00ed est\u00e1 lo que tienes que hacer:<\/p>\n<ul>\n<li>Haz clic en el link hacia <a href=\"https:\/\/buycrash.lexisnexisrisk.com\/ui\/home\">com<\/a>.<\/li>\n<li>En la p\u00e1gina de buycrash.com, selecciona <strong>Georgia<\/strong> como tu estado.<\/li>\n<li>Escoge la jurisdicci\u00f3n que investig\u00f3 tu accidente automovil\u00edstico del segundo men\u00fa desplegable, es decir, el <strong>departamento de polic\u00eda de Tybee Island.<\/strong><\/li>\n<li>Haz clic en <strong>empezar b\u00fasqueda <\/strong>para proceder.<\/li>\n<li>Te pedir\u00e1n dar detalles, como:\n<ul>\n<li>Apellidos<\/li>\n<li>Fecha del accidente<\/li>\n<li>N\u00famero de caso de informe<\/li>\n<li>VIN (n\u00famero de identificaci\u00f3n vehicular)<\/li>\n<li>N\u00famero de licencia de conductor<\/li>\n<\/ul>\n<\/li>\n<\/ul>\n<p><strong>Nota: <\/strong>puede haber tarifas asociadas a este m\u00e9todo.<\/p>\n<h3>Recogerlo en persona<\/h3>\n<p>Mientras que el sistema JustFOIA es ideal para obtener tu informe polic\u00edaco en s\u00ed, podr\u00eda haber situaciones donde necesitas recoger propiedad o evidencia relacionada al accidente. Para estos casos, contacta a la unidad de propiedad y evidencia del departamento de polic\u00eda de Tybee Island.<\/p>\n<p>Aqu\u00ed est\u00e1 c\u00f3mo contactarlos:<\/p>\n<ul>\n<li>M\u00e1rcales directamente al <a href=\"tel:+19124725099\">912-472-5099<\/a>.<\/li>\n<li>Alternativamente, puedes mandar un email al jefe asistente Whitley a <a href=\"mailto:bwhitley@cityoftybee.gov\">bwhitley@cityoftybee.gov<\/a>.<\/li>\n<\/ul>\n<p>Al contactar a la unidad de propiedad y evidencia, es crucial programar una cita de antemano. Esto asegura que tengan tiempo adecuado para preparar y localizar tus pertenencias espec\u00edficas.<\/p>\n<h3>Tarifas y m\u00e1s consultas<\/h3>\n<p>Ten en mente que podr\u00eda haber una tarifa razonable asociada con obtener tu informe de accidente automovil\u00edstico. Esta tarifa est\u00e1 determinada por la cantidad de informaci\u00f3n incluida en el informe y el tiempo de procesamiento requerido.<\/p>\n<p>Los detalles espec\u00edficos respecto a esta estructura de tarifas son t\u00edpicamente delineados en el sistema JustFOIA o son disponibles al contactar al secretario del consejo.<\/p>\n<p>Para cualquier pregunta o duda adicional, siempre puedes contactar a la recepci\u00f3n de env\u00edo del departamento de polic\u00eda de Tybee Island al <a href=\"tel:+19127865600\">912-786-5600<\/a>. Su personal amigable est\u00e1 ah\u00ed para asistirte.<\/p>\n<h2>Los informes de accidente polic\u00edaco en la corte y c\u00f3mo un abogado de accidente automovil\u00edstico puede ayudar<\/h2>\n<p>Mientras que obtener tu informe de accidente automovil\u00edstico del departamento de polic\u00eda de Tybee Island es un primer paso crucial, entender c\u00f3mo podr\u00eda ser usado en juicio y el rol de un abogado de accidente automovil\u00edstico es igual de importante.<\/p>\n<h3>El rol del informe polic\u00edaco en la corte<\/h3>\n<p>El informe polic\u00edaco sirve como un registro oficial de la escena del accidente y como investigaci\u00f3n inicial. T\u00edpicamente incluye detalles como:<\/p>\n<ul>\n<li><strong>Fecha, tiempo y lugar:<\/strong> estableciendo el contexto del accidente.<\/li>\n<li><strong>Partes involucradas: <\/strong>Nombres e informaci\u00f3n de contacto de los conductores, pasajeros y cualquier testigo.<\/li>\n<li><strong>Descripci\u00f3n del accidente: <\/strong>Una narrativa delineando el entendimiento del oficial de c\u00f3mo sucedi\u00f3 el accidente.<\/li>\n<li><strong>Da\u00f1o del veh\u00edculo: <\/strong>Calificaci\u00f3n del da\u00f1o sufrido por los veh\u00edculos involucrados.<\/li>\n<li><strong>Citaciones otorgadas (si hay):<\/strong> Detalles de cualquier citaci\u00f3n otorgada a las partes involucradas en el accidente.<\/li>\n<\/ul>\n<p>El informe de polic\u00eda es solo un pedazo del rompecabezas. No siempre es considerado como la verdad absoluta, y los detalles dentro de \u00e9l pueden ser impugnados en juicio.<\/p>\n<h2>Porqu\u00e9 necesitas un abogado de accidente automovil\u00edstico<\/h2>\n<p>Tener un abogado h\u00e1bil de accidente automovil\u00edstico a tu lado puede ser invaluable en navegar las complejidades legales que podr\u00edan surgir despu\u00e9s de tu accidente. Aqu\u00ed est\u00e1 c\u00f3mo pueden marcar la diferencia:<\/p>\n<ul>\n<li><strong>Proteger tus derechos: <\/strong>un abogado asegura que tus derechos sean protegidos durante el proceso legal.<\/li>\n<li><strong>Investigar el accidente: <\/strong>\u00c9l puede hacer una investigaci\u00f3n profunda independiente, potencialmente descubriendo detalles que el informe polic\u00edaco podr\u00eda haber perdido de vista.<\/li>\n<li><strong>Armar un caso fuerte: <\/strong>Usando su experiencia, tu abogado puede usar el informe polic\u00edaco junto con otra evidencia para armar un caso fuerte que apoye tu posici\u00f3n.<\/li>\n<li><strong>Negociar con compa\u00f1\u00edas de seguro: <\/strong>Las compa\u00f1\u00edas de seguro a menudo intentan minimizar las liquidaciones. Tu abogado puede negociar en tu nombre para asegurar que recibas compensaci\u00f3n justa por tus lesiones y da\u00f1os.<\/li>\n<li><strong>Representaci\u00f3n en la corte: <\/strong>si tu caso va a juicio, tu abogado te representar\u00e1 efectivamente, presentando evidencia y argumentando tu caso persuasivamente.<\/li>\n<\/ul>\n<h3>No lo hagas solo \u2013 Contacta al bufete de abogados de lesi\u00f3n personal de CEO Lawyer hoy<\/h3>\n<p>El bufete de abogados de lesi\u00f3n personal de CEO Lawyer tiene un equipo de <a href=\"https:\/\/ceolawyer.com\/georgia-personal-injury\/car-accident-lawyer\/\">abogados experimentados de accidentes automovil\u00edsticos en Georgia<\/a> dedicado a pelear por tus derechos y otorgarte la compensaci\u00f3n que mereces. Entendemos las complejidades de los casos de accidentes automovil\u00edsticos y trabajaremos sin descanso para conseguir el mejor resultado posible para ti.<\/p>\n<p>No dudes en programar una consulta gratis con el bufete de abogados de lesi\u00f3n personal de CEO Lawyer hoy. Te ayudaremos a entender tus opciones legales y guiarte a trav\u00e9s del proceso en cada paso del camino.<\/p>\n","protected":false},"excerpt":{"rendered":"<p>Si has estado involucrado en un accidente automovil\u00edstico en las orillas soleadas de Tybee Island, podr\u00edas estar sintiendo una ola de estr\u00e9s junto con la brisa del oc\u00e9ano. No te preocupes; obtener el informe polic\u00edaco oficial no tiene que ser un proceso catastr\u00f3fico. Esta gu\u00eda te navegar\u00e1 fluidamente a trav\u00e9s de la obtenci\u00f3n de tu [&hellip;]<\/p>\n","protected":false},"author":18,"featured_media":13009,"parent":12737,"menu_order":0,"comment_status":"closed","ping_status":"closed","template":"","meta":{"_acf_changed":false,"footnotes":""},"class_list":["post-13007","page","type-page","status-publish","has-post-thumbnail","hentry"],"acf":[],"yoast_head":"<!-- This site is optimized with the Yoast SEO plugin v27.4 - https:\/\/yoast.com\/product\/yoast-seo-wordpress\/ -->\n<title>C\u00f3mo obtener tu informe de accidente automovil\u00edstico del departamento de polic\u00eda de Tybee Island | CEO Lawyer<\/title>\n<meta name=\"description\" content=\"Conseguir tu informe policial de accidente automovil\u00edstico del departamento de polic\u00eda de Tybee Island no tiene que ser un dolor de cabeza. Llama al (470) 822-9057 para saber c\u00f3mo conseguir la compensaci\u00f3n que mereces.\" \/>\n<meta name=\"robots\" content=\"index, follow, max-snippet:-1, max-image-preview:large, max-video-preview:-1\" \/>\n<link rel=\"canonical\" href=\"https:\/\/ceolawyer.com\/espanol\/informe-de-accidente\/informe-policial-de-un-accidente-de-auto-en-georgia\/tybee-island\/\" \/>\n<meta property=\"og:locale\" content=\"en_US\" \/>\n<meta property=\"og:type\" content=\"article\" \/>\n<meta property=\"og:title\" content=\"C\u00f3mo obtener tu informe de accidente automovil\u00edstico del departamento de polic\u00eda de Tybee Island | CEO Lawyer\" \/>\n<meta property=\"og:description\" content=\"Conseguir tu informe policial de accidente automovil\u00edstico del departamento de polic\u00eda de Tybee Island no tiene que ser un dolor de cabeza. Llama al (470) 822-9057 para saber c\u00f3mo conseguir la compensaci\u00f3n que mereces.\" \/>\n<meta property=\"og:url\" content=\"https:\/\/ceolawyer.com\/espanol\/informe-de-accidente\/informe-policial-de-un-accidente-de-auto-en-georgia\/tybee-island\/\" \/>\n<meta property=\"og:site_name\" content=\"CEO Lawyer\" \/>\n<meta property=\"article:modified_time\" content=\"2025-12-23T12:37:47+00:00\" \/>\n<meta property=\"og:image\" content=\"https:\/\/ceolawyer.com\/espanol\/wp-content\/uploads\/sites\/2\/2025\/12\/How-to-Obtain-Your-Tybee-Island-Police-Department-Car-Accident-Report.webp\" \/>\n\t<meta property=\"og:image:width\" content=\"500\" \/>\n\t<meta property=\"og:image:height\" content=\"300\" \/>\n\t<meta property=\"og:image:type\" content=\"image\/webp\" \/>\n<meta name=\"twitter:card\" content=\"summary_large_image\" \/>\n<meta name=\"twitter:label1\" content=\"Est. reading time\" \/>\n\t<meta name=\"twitter:data1\" content=\"6 minutes\" \/>\n<script type=\"application\/ld+json\" class=\"yoast-schema-graph\">{\"@context\":\"https:\\\/\\\/schema.org\",\"@graph\":[{\"@type\":\"WebPage\",\"@id\":\"https:\\\/\\\/ceolawyer.com\\\/espanol\\\/informe-de-accidente\\\/informe-policial-de-un-accidente-de-auto-en-georgia\\\/tybee-island\\\/\",\"url\":\"https:\\\/\\\/ceolawyer.com\\\/espanol\\\/informe-de-accidente\\\/informe-policial-de-un-accidente-de-auto-en-georgia\\\/tybee-island\\\/\",\"name\":\"C\u00f3mo obtener tu informe de accidente automovil\u00edstico del departamento de polic\u00eda de Tybee Island | CEO Lawyer\",\"isPartOf\":{\"@id\":\"https:\\\/\\\/ceolawyer.com\\\/espanol\\\/#website\"},\"primaryImageOfPage\":{\"@id\":\"https:\\\/\\\/ceolawyer.com\\\/espanol\\\/informe-de-accidente\\\/informe-policial-de-un-accidente-de-auto-en-georgia\\\/tybee-island\\\/#primaryimage\"},\"image\":{\"@id\":\"https:\\\/\\\/ceolawyer.com\\\/espanol\\\/informe-de-accidente\\\/informe-policial-de-un-accidente-de-auto-en-georgia\\\/tybee-island\\\/#primaryimage\"},\"thumbnailUrl\":\"https:\\\/\\\/ceolawyer.com\\\/espanol\\\/wp-content\\\/uploads\\\/sites\\\/2\\\/2025\\\/12\\\/How-to-Obtain-Your-Tybee-Island-Police-Department-Car-Accident-Report.webp\",\"datePublished\":\"2025-12-23T12:32:28+00:00\",\"dateModified\":\"2025-12-23T12:37:47+00:00\",\"description\":\"Conseguir tu informe policial de accidente automovil\u00edstico del departamento de polic\u00eda de Tybee Island no tiene que ser un dolor de cabeza. Llama al (470) 822-9057 para saber c\u00f3mo conseguir la compensaci\u00f3n que mereces.\",\"breadcrumb\":{\"@id\":\"https:\\\/\\\/ceolawyer.com\\\/espanol\\\/informe-de-accidente\\\/informe-policial-de-un-accidente-de-auto-en-georgia\\\/tybee-island\\\/#breadcrumb\"},\"inLanguage\":\"en-US\",\"potentialAction\":[{\"@type\":\"ReadAction\",\"target\":[\"https:\\\/\\\/ceolawyer.com\\\/espanol\\\/informe-de-accidente\\\/informe-policial-de-un-accidente-de-auto-en-georgia\\\/tybee-island\\\/\"]}]},{\"@type\":\"ImageObject\",\"inLanguage\":\"en-US\",\"@id\":\"https:\\\/\\\/ceolawyer.com\\\/espanol\\\/informe-de-accidente\\\/informe-policial-de-un-accidente-de-auto-en-georgia\\\/tybee-island\\\/#primaryimage\",\"url\":\"https:\\\/\\\/ceolawyer.com\\\/espanol\\\/wp-content\\\/uploads\\\/sites\\\/2\\\/2025\\\/12\\\/How-to-Obtain-Your-Tybee-Island-Police-Department-Car-Accident-Report.webp\",\"contentUrl\":\"https:\\\/\\\/ceolawyer.com\\\/espanol\\\/wp-content\\\/uploads\\\/sites\\\/2\\\/2025\\\/12\\\/How-to-Obtain-Your-Tybee-Island-Police-Department-Car-Accident-Report.webp\",\"width\":500,\"height\":300,\"caption\":\"Una oficial hablando por su radio mientras su compa\u00f1ero entrevista a un testigo de un accidente.\"},{\"@type\":\"BreadcrumbList\",\"@id\":\"https:\\\/\\\/ceolawyer.com\\\/espanol\\\/informe-de-accidente\\\/informe-policial-de-un-accidente-de-auto-en-georgia\\\/tybee-island\\\/#breadcrumb\",\"itemListElement\":[{\"@type\":\"ListItem\",\"position\":1,\"name\":\"Home\",\"item\":\"https:\\\/\\\/ceolawyer.com\\\/espanol\\\/\"},{\"@type\":\"ListItem\",\"position\":2,\"name\":\"Consigue el Reporte Policial de tu Accidente de Auto\",\"item\":\"https:\\\/\\\/ceolawyer.com\\\/espanol\\\/informe-de-accidente\\\/\"},{\"@type\":\"ListItem\",\"position\":3,\"name\":\"C\u00f3mo Solicitar el Informe Policial de un Accidente de Auto en Georgia\",\"item\":\"https:\\\/\\\/ceolawyer.com\\\/espanol\\\/informe-de-accidente\\\/informe-policial-de-un-accidente-de-auto-en-georgia\\\/\"},{\"@type\":\"ListItem\",\"position\":4,\"name\":\"C\u00f3mo obtener tu informe de accidente automovil\u00edstico del departamento de polic\u00eda de Tybee Island\"}]},{\"@type\":\"WebSite\",\"@id\":\"https:\\\/\\\/ceolawyer.com\\\/espanol\\\/#website\",\"url\":\"https:\\\/\\\/ceolawyer.com\\\/espanol\\\/\",\"name\":\"CEO Lawyer\",\"description\":\"Personal Injury Attorney\",\"publisher\":{\"@id\":\"https:\\\/\\\/ceolawyer.com\\\/espanol\\\/#organization\"},\"potentialAction\":[{\"@type\":\"SearchAction\",\"target\":{\"@type\":\"EntryPoint\",\"urlTemplate\":\"https:\\\/\\\/ceolawyer.com\\\/espanol\\\/?s={search_term_string}\"},\"query-input\":{\"@type\":\"PropertyValueSpecification\",\"valueRequired\":true,\"valueName\":\"search_term_string\"}}],\"inLanguage\":\"en-US\"},{\"@type\":\"Organization\",\"@id\":\"https:\\\/\\\/ceolawyer.com\\\/espanol\\\/#organization\",\"name\":\"CEO Lawyer\",\"url\":\"https:\\\/\\\/ceolawyer.com\\\/espanol\\\/\",\"logo\":{\"@type\":\"ImageObject\",\"inLanguage\":\"en-US\",\"@id\":\"https:\\\/\\\/ceolawyer.com\\\/espanol\\\/#\\\/schema\\\/logo\\\/image\\\/\",\"url\":\"https:\\\/\\\/ceolawyer.com\\\/espanol\\\/wp-content\\\/uploads\\\/sites\\\/2\\\/2022\\\/05\\\/CEO_Logo.png\",\"contentUrl\":\"https:\\\/\\\/ceolawyer.com\\\/espanol\\\/wp-content\\\/uploads\\\/sites\\\/2\\\/2022\\\/05\\\/CEO_Logo.png\",\"width\":200,\"height\":108,\"caption\":\"CEO Lawyer\"},\"image\":{\"@id\":\"https:\\\/\\\/ceolawyer.com\\\/espanol\\\/#\\\/schema\\\/logo\\\/image\\\/\"}}]}<\/script>\n<!-- \/ Yoast SEO plugin. -->","yoast_head_json":{"title":"C\u00f3mo obtener tu informe de accidente automovil\u00edstico del departamento de polic\u00eda de Tybee Island | CEO Lawyer","description":"Conseguir tu informe policial de accidente automovil\u00edstico del departamento de polic\u00eda de Tybee Island no tiene que ser un dolor de cabeza. Llama al (470) 822-9057 para saber c\u00f3mo conseguir la compensaci\u00f3n que mereces.","robots":{"index":"index","follow":"follow","max-snippet":"max-snippet:-1","max-image-preview":"max-image-preview:large","max-video-preview":"max-video-preview:-1"},"canonical":"https:\/\/ceolawyer.com\/espanol\/informe-de-accidente\/informe-policial-de-un-accidente-de-auto-en-georgia\/tybee-island\/","og_locale":"en_US","og_type":"article","og_title":"C\u00f3mo obtener tu informe de accidente automovil\u00edstico del departamento de polic\u00eda de Tybee Island | CEO Lawyer","og_description":"Conseguir tu informe policial de accidente automovil\u00edstico del departamento de polic\u00eda de Tybee Island no tiene que ser un dolor de cabeza. Llama al (470) 822-9057 para saber c\u00f3mo conseguir la compensaci\u00f3n que mereces.","og_url":"https:\/\/ceolawyer.com\/espanol\/informe-de-accidente\/informe-policial-de-un-accidente-de-auto-en-georgia\/tybee-island\/","og_site_name":"CEO Lawyer","article_modified_time":"2025-12-23T12:37:47+00:00","og_image":[{"width":500,"height":300,"url":"https:\/\/ceolawyer.com\/espanol\/wp-content\/uploads\/sites\/2\/2025\/12\/How-to-Obtain-Your-Tybee-Island-Police-Department-Car-Accident-Report.webp","type":"image\/webp"}],"twitter_card":"summary_large_image","twitter_misc":{"Est. reading time":"6 minutes"},"schema":{"@context":"https:\/\/schema.org","@graph":[{"@type":"WebPage","@id":"https:\/\/ceolawyer.com\/espanol\/informe-de-accidente\/informe-policial-de-un-accidente-de-auto-en-georgia\/tybee-island\/","url":"https:\/\/ceolawyer.com\/espanol\/informe-de-accidente\/informe-policial-de-un-accidente-de-auto-en-georgia\/tybee-island\/","name":"C\u00f3mo obtener tu informe de accidente automovil\u00edstico del departamento de polic\u00eda de Tybee Island | CEO Lawyer","isPartOf":{"@id":"https:\/\/ceolawyer.com\/espanol\/#website"},"primaryImageOfPage":{"@id":"https:\/\/ceolawyer.com\/espanol\/informe-de-accidente\/informe-policial-de-un-accidente-de-auto-en-georgia\/tybee-island\/#primaryimage"},"image":{"@id":"https:\/\/ceolawyer.com\/espanol\/informe-de-accidente\/informe-policial-de-un-accidente-de-auto-en-georgia\/tybee-island\/#primaryimage"},"thumbnailUrl":"https:\/\/ceolawyer.com\/espanol\/wp-content\/uploads\/sites\/2\/2025\/12\/How-to-Obtain-Your-Tybee-Island-Police-Department-Car-Accident-Report.webp","datePublished":"2025-12-23T12:32:28+00:00","dateModified":"2025-12-23T12:37:47+00:00","description":"Conseguir tu informe policial de accidente automovil\u00edstico del departamento de polic\u00eda de Tybee Island no tiene que ser un dolor de cabeza. Llama al (470) 822-9057 para saber c\u00f3mo conseguir la compensaci\u00f3n que mereces.","breadcrumb":{"@id":"https:\/\/ceolawyer.com\/espanol\/informe-de-accidente\/informe-policial-de-un-accidente-de-auto-en-georgia\/tybee-island\/#breadcrumb"},"inLanguage":"en-US","potentialAction":[{"@type":"ReadAction","target":["https:\/\/ceolawyer.com\/espanol\/informe-de-accidente\/informe-policial-de-un-accidente-de-auto-en-georgia\/tybee-island\/"]}]},{"@type":"ImageObject","inLanguage":"en-US","@id":"https:\/\/ceolawyer.com\/espanol\/informe-de-accidente\/informe-policial-de-un-accidente-de-auto-en-georgia\/tybee-island\/#primaryimage","url":"https:\/\/ceolawyer.com\/espanol\/wp-content\/uploads\/sites\/2\/2025\/12\/How-to-Obtain-Your-Tybee-Island-Police-Department-Car-Accident-Report.webp","contentUrl":"https:\/\/ceolawyer.com\/espanol\/wp-content\/uploads\/sites\/2\/2025\/12\/How-to-Obtain-Your-Tybee-Island-Police-Department-Car-Accident-Report.webp","width":500,"height":300,"caption":"Una oficial hablando por su radio mientras su compa\u00f1ero entrevista a un testigo de un accidente."},{"@type":"BreadcrumbList","@id":"https:\/\/ceolawyer.com\/espanol\/informe-de-accidente\/informe-policial-de-un-accidente-de-auto-en-georgia\/tybee-island\/#breadcrumb","itemListElement":[{"@type":"ListItem","position":1,"name":"Home","item":"https:\/\/ceolawyer.com\/espanol\/"},{"@type":"ListItem","position":2,"name":"Consigue el Reporte Policial de tu Accidente de Auto","item":"https:\/\/ceolawyer.com\/espanol\/informe-de-accidente\/"},{"@type":"ListItem","position":3,"name":"C\u00f3mo Solicitar el Informe Policial de un Accidente de Auto en Georgia","item":"https:\/\/ceolawyer.com\/espanol\/informe-de-accidente\/informe-policial-de-un-accidente-de-auto-en-georgia\/"},{"@type":"ListItem","position":4,"name":"C\u00f3mo obtener tu informe de accidente automovil\u00edstico del departamento de polic\u00eda de Tybee Island"}]},{"@type":"WebSite","@id":"https:\/\/ceolawyer.com\/espanol\/#website","url":"https:\/\/ceolawyer.com\/espanol\/","name":"CEO Lawyer","description":"Personal Injury Attorney","publisher":{"@id":"https:\/\/ceolawyer.com\/espanol\/#organization"},"potentialAction":[{"@type":"SearchAction","target":{"@type":"EntryPoint","urlTemplate":"https:\/\/ceolawyer.com\/espanol\/?s={search_term_string}"},"query-input":{"@type":"PropertyValueSpecification","valueRequired":true,"valueName":"search_term_string"}}],"inLanguage":"en-US"},{"@type":"Organization","@id":"https:\/\/ceolawyer.com\/espanol\/#organization","name":"CEO Lawyer","url":"https:\/\/ceolawyer.com\/espanol\/","logo":{"@type":"ImageObject","inLanguage":"en-US","@id":"https:\/\/ceolawyer.com\/espanol\/#\/schema\/logo\/image\/","url":"https:\/\/ceolawyer.com\/espanol\/wp-content\/uploads\/sites\/2\/2022\/05\/CEO_Logo.png","contentUrl":"https:\/\/ceolawyer.com\/espanol\/wp-content\/uploads\/sites\/2\/2022\/05\/CEO_Logo.png","width":200,"height":108,"caption":"CEO Lawyer"},"image":{"@id":"https:\/\/ceolawyer.com\/espanol\/#\/schema\/logo\/image\/"}}]}},"_links":{"self":[{"href":"https:\/\/ceolawyer.com\/espanol\/wp-json\/wp\/v2\/pages\/13007","targetHints":{"allow":["GET"]}}],"collection":[{"href":"https:\/\/ceolawyer.com\/espanol\/wp-json\/wp\/v2\/pages"}],"about":[{"href":"https:\/\/ceolawyer.com\/espanol\/wp-json\/wp\/v2\/types\/page"}],"author":[{"embeddable":true,"href":"https:\/\/ceolawyer.com\/espanol\/wp-json\/wp\/v2\/users\/18"}],"replies":[{"embeddable":true,"href":"https:\/\/ceolawyer.com\/espanol\/wp-json\/wp\/v2\/comments?post=13007"}],"version-history":[{"count":0,"href":"https:\/\/ceolawyer.com\/espanol\/wp-json\/wp\/v2\/pages\/13007\/revisions"}],"up":[{"embeddable":true,"href":"https:\/\/ceolawyer.com\/espanol\/wp-json\/wp\/v2\/pages\/12737"}],"wp:featuredmedia":[{"embeddable":true,"href":"https:\/\/ceolawyer.com\/espanol\/wp-json\/wp\/v2\/media\/13009"}],"wp:attachment":[{"href":"https:\/\/ceolawyer.com\/espanol\/wp-json\/wp\/v2\/media?parent=13007"}],"curies":[{"name":"wp","href":"https:\/\/api.w.org\/{rel}","templated":true}]}}