{"id":13010,"date":"2025-12-23T12:39:18","date_gmt":"2025-12-23T12:39:18","guid":{"rendered":"https:\/\/ceolawyer.com\/espanol\/?page_id=13010"},"modified":"2025-12-23T12:45:06","modified_gmt":"2025-12-23T12:45:06","slug":"tyrone","status":"publish","type":"page","link":"https:\/\/ceolawyer.com\/espanol\/informe-de-accidente\/informe-policial-de-un-accidente-de-auto-en-georgia\/tyrone\/","title":{"rendered":"C\u00f3mo obtener tu informe de accidente automovil\u00edstico del departamento de seguridad p\u00fablica de Tyrone"},"content":{"rendered":"<p><img decoding=\"async\" class=\"alignright size-full wp-image-13012\" src=\"https:\/\/ceolawyer.com\/espanol\/wp-content\/uploads\/sites\/2\/2025\/12\/How-to-Obtain-Your-Tyrone-Public-Safety-Department-Car-Accident-Report.webp\" alt=\"Dos oficiales de polic\u00eda con chalecos de seguridad hablando por radio sobre un accidente.\" width=\"500\" height=\"300\" srcset=\"https:\/\/ceolawyer.com\/espanol\/wp-content\/uploads\/sites\/2\/2025\/12\/How-to-Obtain-Your-Tyrone-Public-Safety-Department-Car-Accident-Report.webp 500w, https:\/\/ceolawyer.com\/espanol\/wp-content\/uploads\/sites\/2\/2025\/12\/How-to-Obtain-Your-Tyrone-Public-Safety-Department-Car-Accident-Report-300x180.webp 300w\" sizes=\"(max-width: 500px) 100vw, 500px\" \/>\u00bfHas estado recientemente involucrado en un accidente automovil\u00edstico en Tyrone, Georgia? Si fue solo un choque peque\u00f1o o una colisi\u00f3n m\u00e1s severa, obtener una copia de tu informe polic\u00edaco de accidente del departamento de seguridad p\u00fablica de Tyrone es un paso importante.<\/p>\n<p>Este informe sirve como un registro oficial del accidente y puede ser crucial por varias razones, incluyendo:<\/p>\n<ul>\n<li><strong>Presentar un reclamo de seguro: <\/strong>Tu compa\u00f1\u00eda de seguros probablemente requiera una copia del informe polic\u00edaco para procesar tu reclamo.<\/li>\n<li><strong>Recolectar evidencia: <\/strong>El informe detalla la escena del accidente, testimonios de testigos y las observaciones del oficial respondiente. Esta informaci\u00f3n puede ser valiosa si necesitas asesor\u00eda legal o decides perseguir m\u00e1s acciones.<\/li>\n<li><strong>Refrescar tu memoria: <\/strong>Los accidentes pueden ser estresantes, y los detalles se pueden difuminar con el tiempo. El informe te puede ayudar a recordar las especificidades del evento.<\/li>\n<\/ul>\n<h2>Obtener tu informe de accidente automovil\u00edstico del departamento de seguridad p\u00fablica de Tyrone<\/h2>\n<p>Hay tres v\u00edas primarias para obtener tu informe de accidente automovil\u00edstico del departamento de seguridad p\u00fablica de Tyrone.<\/p>\n<h3>Visita en persona<\/h3>\n<p>Esta es la opci\u00f3n m\u00e1s directa si vives cerca de Tyrone o puedes visitar el departamento durante horas laborales. Aqu\u00ed est\u00e1 lo que necesitas hacer:<\/p>\n<ul>\n<li><strong>Ve hacia el departamento de seguridad p\u00fablica de Tyrone: <\/strong>El departamento est\u00e1 localizado en 950 Senoia Rd STE B, Tyrone, GA 30290, United States.<\/li>\n<li><strong>Horas de servicio: <\/strong>Est\u00e1n abiertos de lunes a viernes de 8:00 AM a 5:00 PM.<\/li>\n<li><strong>Lleva identificaci\u00f3n: <\/strong>Prep\u00e1rate para ense\u00f1ar una identificaci\u00f3n v\u00e1lida para demostrar que estuviste involucrado en el accidente.<\/li>\n<li><strong>Gratis para las partes involucradas: <\/strong>No hay cobro por una copia del informe si fuiste directamente involucrado en accidente (conductor, pasajero, etc.).<\/li>\n<\/ul>\n<h3>Pedido en l\u00ednea a trav\u00e9s de BuyCrash<\/h3>\n<p>Si prefieres una v\u00eda m\u00e1s conveniente, considera usar BuyCrash, un servicio tercero autorizado por el departamento de seguridad p\u00fablica de Tyrone. Aqu\u00ed est\u00e1 c\u00f3mo funciona:<\/p>\n<ul>\n<li>Visita el <a href=\"https:\/\/buycrash.lexisnexisrisk.com\/ui\/home\">sitio de BuyCrash<\/a>.<\/li>\n<li>BuyCrash te guiar\u00e1 a trav\u00e9s del proceso, lo que probablemente involucra escribir los detalles del accidente y pagar una tarifa de procesamiento (separado de cualquier tarifa cobrada por el departamento de seguridad p\u00fablica de Tyrone).<\/li>\n<\/ul>\n<h3>Pedido de registros abiertos (para terceros)<\/h3>\n<p>Este m\u00e9todo aplica si no fuiste directamente involucrado en el accidente o si el informe tiene restricciones que requieren un pedido por registros abiertos. Aqu\u00ed est\u00e1 lo que debes hacer:<\/p>\n<ul>\n<li><strong>Formulario de pedido en l\u00ednea: <\/strong>El gobierno de Tyrone <a href=\"https:\/\/www.tyronega.gov\/find\/open-records-request\">ofrece un formulario en l\u00ednea<\/a> para pedidos de registro abierto.<\/li>\n<li><strong>Informaci\u00f3n necesaria: <\/strong>Prep\u00e1rate para dar detalles sobre el accidente, incluyendo la fecha, el lugar y el n\u00famero de informe (si lo tienes).<\/li>\n<li><strong>Tiempo de procesamiento: <\/strong>Los pedidos de registros abiertos pueden tomar unos d\u00edas h\u00e1biles para procesarse. Tambi\u00e9n puede haber tarifas asociadas dependiendo de la complejidad del pedido.<\/li>\n<\/ul>\n<h3>Cosas que debes recordar<\/h3>\n<ul>\n<li>El <a href=\"http:\/\/www.tyronepd.org\/reports.html\">sitio web del departamento de polic\u00eda de Tyrone<\/a> otorga informaci\u00f3n y recursos adicionales.<\/li>\n<li>Si tienes cualquier pregunta o requieres asistencia adicional, no dudes en contactar al departamento directamente al <a href=\"tel:+17704874732\">770-487-4732<\/a>.<\/li>\n<\/ul>\n<p>Tener este documento a la mano puede ser crucial para resolver los reclamos de seguro, recolectar evidencia, o simplemente refrescar tu memoria del incidente.<\/p>\n<h2>Documentos esenciales a recolectar para tu reclamo de seguro<\/h2>\n<p>Estar involucrado en un accidente automovil\u00edstico puede ser estresante, y lidiar con las secuelas, incluyendo los reclamos de seguro, puede a\u00f1adir otra capa de complejidad. Sin embargo, al recolectar la documentaci\u00f3n necesaria, puedes agilizar el proceso del reclamo y asegurar una resoluci\u00f3n m\u00e1s tranquila.<\/p>\n<p>Aqu\u00ed hay un desglose de los documentos clave que tu compa\u00f1\u00eda de seguros probablemente requiera cuando presentes un reclamo de accidente automovil\u00edstico:<\/p>\n<h3>El informe de accidente todo-importante<\/h3>\n<p>Este documento, obtenido del departamento de seguridad p\u00fablica de Tyrone descrito anteriormente, sirve como una base para tu reclamo. Provee documentaci\u00f3n oficial del accidente, incluyendo detalles como:<\/p>\n<ul>\n<li>Fecha y tiempo del accidente<\/li>\n<li>Lugar del accidente<\/li>\n<li>Nombres e informaci\u00f3n de contacto de todas las partes involucradas<\/li>\n<li>Descripci\u00f3n del accidente (incluyendo factores contribuyentes y culpa potencial)<\/li>\n<\/ul>\n<h3>Capturando la escena: fotos y videos<\/h3>\n<p>Las im\u00e1genes valen mil palabras, y eso tambi\u00e9n es cierto para accidentes automovil\u00edsticos. Cualquier foto o video capturada en la escena puede ser evidencia invaluable. Estos visuales pueden ayudar a establecer lo siguiente:<\/p>\n<ul>\n<li>El alcance del da\u00f1o a los veh\u00edculos involucrados<\/li>\n<li>El lugar del accidente y las condiciones circundantes<\/li>\n<li>Cualquier lesi\u00f3n visible (si aplica)<\/li>\n<\/ul>\n<h3>Identificaci\u00f3n y cobertura: licencia de conducir e informaci\u00f3n de seguro<\/h3>\n<p>Estos documentos son esenciales para verificar tu identidad y asegurar que tu p\u00f3liza de seguro est\u00e9 activa y aplique para el incidente. Asegura dar:<\/p>\n<ul>\n<li>Tu licencia de conducir (verifica tus credenciales para conducir)<\/li>\n<li>Tu tarjeta de seguro (detalles de tu cobertura e informaci\u00f3n de p\u00f3liza)<\/li>\n<\/ul>\n<h3>Encontrando testigos: Informaci\u00f3n de contacto<\/h3>\n<p>Los testimonios de testigos pueden ser cruciales para determinar la culpa, especialmente en escenarios de accidentes complejos. Si hubo testigos en la escena, recolecta sus detalles de contacto, incluyendo:<\/p>\n<ul>\n<li>Nombres<\/li>\n<li>N\u00fameros de tel\u00e9fono<\/li>\n<li>Direcciones (si es posible)<\/li>\n<\/ul>\n<h3>Documentaci\u00f3n m\u00e9dica: Cuando ocurren lesiones<\/h3>\n<p>Si sufriste lesiones debido al accidente, tus registros m\u00e9dicos se vuelven cruciales para procesar tus reclamos m\u00e9dicos. Estos documentos deber\u00edan incluir:<\/p>\n<ul>\n<li>Facturas de hospital<\/li>\n<li>Notas del doctor<\/li>\n<li>Recibos por medicamentos o tratamientos<\/li>\n<\/ul>\n<h3>Estimados de reparaci\u00f3n: calcular el da\u00f1o<\/h3>\n<p>Obtener estimados de reparaci\u00f3n de talleres calificados de reparaci\u00f3n permite que tu compa\u00f1\u00eda de seguros verifique el costo de arreglar tu veh\u00edculo. Es mejor obtener m\u00faltiples estimados para comparar.<\/p>\n<h3>Prueba de propiedad: el t\u00edtulo o registro de tu veh\u00edculo<\/h3>\n<p>Este documento establece que t\u00fa eres due\u00f1o del veh\u00edculo da\u00f1ado. Puede ser tu t\u00edtulo del coche o papeles de registro.<\/p>\n<h3>Detalles de la p\u00f3liza: entender tu cobertura<\/h3>\n<p>Compartir tu informaci\u00f3n de p\u00f3liza de seguro asegura que tu reclamo sea llevado acorde a los l\u00edmites espec\u00edficos de tu cobertura. Da detalles c\u00f3mo:<\/p>\n<ul>\n<li>Tu n\u00famero de p\u00f3liza<\/li>\n<li>Detalles espec\u00edficos de cobertura (responsabilidad, colisi\u00f3n, comprensiva, etc.)<\/li>\n<\/ul>\n<h3>Guardar copias y tomar acci\u00f3n<\/h3>\n<p>Recuerda hacer copias de todos los documentos que presentes a tu compa\u00f1\u00eda de seguros para tus registros. Ya que recolectaste esta informaci\u00f3n, pres\u00e9ntala a tu compa\u00f1\u00eda de seguros r\u00e1pidamente para iniciar los procesos de reclamo eficientemente.<\/p>\n<p>Al estar preparado con la documentaci\u00f3n necesaria, puedes ayudar a asegurar una resoluci\u00f3n m\u00e1s fluida y optimizada para tu reclamo de seguro.<\/p>\n<h2>\u00bfC\u00f3mo te puede ayudar un abogado de accidente automovil\u00edstico?<\/h2>\n<p>Mientras que navegar las secuelas de un accidente automovil\u00edstico puede ser desalentador, tener un abogado calificado de accidente automovil\u00edstico a tu lado puede hacer una diferencia significativa. Aqu\u00ed hay un vistazo de c\u00f3mo un <a href=\"https:\/\/ceolawyer.com\/georgia-personal-injury\/car-accident-lawyer\/\">abogado de accidente automovil\u00edstico en Georgia<\/a> del bufete de abogados de lesi\u00f3n personal de CEO Lawyer puede ayudarte:<\/p>\n<ul>\n<li><strong>Negociar un acuerdo justo: <\/strong>Las compa\u00f1\u00edas de seguro son notorias por ofrecer menos de lo que realmente mereces. Un abogado experimentado entiende las p\u00f3lizas de seguros y sabe c\u00f3mo negociar agresivamente en tu nombre para asegurar la m\u00e1xima compensaci\u00f3n que mereces.<\/li>\n<li><strong>Recolectar evidencia y mejorar tu caso: <\/strong>Armar un caso fuerte depende de la recolecci\u00f3n meticulosa de evidencia. Un abogado recolectar\u00e1 meticulosamente toda la evidencia necesaria, incluyendo informes polic\u00edacos, registros m\u00e9dicos, testimonios de testigos y fotos del accidente para solidificar tu reclamo.<\/li>\n<li><strong>Asesoramiento experto durante el proceso legal: <\/strong>El sistema legal puede ser complejo e intimidante. Un abogado experimentado te dar\u00e1 asesor\u00eda experta y apoyo durante todo el proceso legal, asegurando tu entendimiento y tus derechos y pasos siguientes.<\/li>\n<li><strong>Representaci\u00f3n en la corte (si es necesario): <\/strong>Si tu reclamo necesita ir a juicio, un abogado h\u00e1bil te representar\u00e1 tenazmente en la corte, luchando para asegurar una sentencia favorable.<\/li>\n<\/ul>\n<h3>Contacta al bufete de abogados de lesi\u00f3n personal de CEO Lawyer<\/h3>\n<p>No navegues solo por las complejidades legales de un accidente automovil\u00edstico. El bufete de abogados de lesi\u00f3n personal de CEO Lawyer est\u00e1\u00a0 comprometido a proteger tus derechos y maximizar la compensaci\u00f3n que mereces.<\/p>\n<p>Cont\u00e1ctanos hoy para una consulta gratis y para discutir tu caso.<\/p>\n","protected":false},"excerpt":{"rendered":"<p>\u00bfHas estado recientemente involucrado en un accidente automovil\u00edstico en Tyrone, Georgia? Si fue solo un choque peque\u00f1o o una colisi\u00f3n m\u00e1s severa, obtener una copia de tu informe polic\u00edaco de accidente del departamento de seguridad p\u00fablica de Tyrone es un paso importante. Este informe sirve como un registro oficial del accidente y puede ser crucial [&hellip;]<\/p>\n","protected":false},"author":18,"featured_media":13012,"parent":12737,"menu_order":0,"comment_status":"closed","ping_status":"closed","template":"","meta":{"_acf_changed":false,"footnotes":""},"class_list":["post-13010","page","type-page","status-publish","has-post-thumbnail","hentry"],"acf":[],"yoast_head":"<!-- This site is optimized with the Yoast SEO plugin v27.2 - https:\/\/yoast.com\/product\/yoast-seo-wordpress\/ -->\n<title>C\u00f3mo obtener tu informe de accidente automovil\u00edstico del departamento de seguridad p\u00fablica de Tyrone | CEO Lawyer<\/title>\n<meta name=\"description\" content=\"\u00bfNo sabes qu\u00e9 hacer despu\u00e9s de conseguir tu informe policial de accidente automovil\u00edstico del departamento de seguridad p\u00fablica de Tyrone? Marca al (470) 822-9057 para que te asesoremos.\" \/>\n<meta name=\"robots\" content=\"index, follow, max-snippet:-1, max-image-preview:large, max-video-preview:-1\" \/>\n<link rel=\"canonical\" href=\"https:\/\/ceolawyer.com\/espanol\/informe-de-accidente\/informe-policial-de-un-accidente-de-auto-en-georgia\/tyrone\/\" \/>\n<meta property=\"og:locale\" content=\"en_US\" \/>\n<meta property=\"og:type\" content=\"article\" \/>\n<meta property=\"og:title\" content=\"C\u00f3mo obtener tu informe de accidente automovil\u00edstico del departamento de seguridad p\u00fablica de Tyrone | CEO Lawyer\" \/>\n<meta property=\"og:description\" content=\"\u00bfNo sabes qu\u00e9 hacer despu\u00e9s de conseguir tu informe policial de accidente automovil\u00edstico del departamento de seguridad p\u00fablica de Tyrone? Marca al (470) 822-9057 para que te asesoremos.\" \/>\n<meta property=\"og:url\" content=\"https:\/\/ceolawyer.com\/espanol\/informe-de-accidente\/informe-policial-de-un-accidente-de-auto-en-georgia\/tyrone\/\" \/>\n<meta property=\"og:site_name\" content=\"CEO Lawyer\" \/>\n<meta property=\"article:modified_time\" content=\"2025-12-23T12:45:06+00:00\" \/>\n<meta property=\"og:image\" content=\"https:\/\/ceolawyer.com\/espanol\/wp-content\/uploads\/sites\/2\/2025\/12\/How-to-Obtain-Your-Tyrone-Public-Safety-Department-Car-Accident-Report.webp\" \/>\n\t<meta property=\"og:image:width\" content=\"500\" \/>\n\t<meta property=\"og:image:height\" content=\"300\" \/>\n\t<meta property=\"og:image:type\" content=\"image\/webp\" \/>\n<meta name=\"twitter:card\" content=\"summary_large_image\" \/>\n<meta name=\"twitter:label1\" content=\"Est. reading time\" \/>\n\t<meta name=\"twitter:data1\" content=\"6 minutes\" \/>\n<script type=\"application\/ld+json\" class=\"yoast-schema-graph\">{\"@context\":\"https:\/\/schema.org\",\"@graph\":[{\"@type\":\"WebPage\",\"@id\":\"https:\/\/ceolawyer.com\/espanol\/informe-de-accidente\/informe-policial-de-un-accidente-de-auto-en-georgia\/tyrone\/\",\"url\":\"https:\/\/ceolawyer.com\/espanol\/informe-de-accidente\/informe-policial-de-un-accidente-de-auto-en-georgia\/tyrone\/\",\"name\":\"C\u00f3mo obtener tu informe de accidente automovil\u00edstico del departamento de seguridad p\u00fablica de Tyrone | CEO Lawyer\",\"isPartOf\":{\"@id\":\"https:\/\/ceolawyer.com\/espanol\/#website\"},\"primaryImageOfPage\":{\"@id\":\"https:\/\/ceolawyer.com\/espanol\/informe-de-accidente\/informe-policial-de-un-accidente-de-auto-en-georgia\/tyrone\/#primaryimage\"},\"image\":{\"@id\":\"https:\/\/ceolawyer.com\/espanol\/informe-de-accidente\/informe-policial-de-un-accidente-de-auto-en-georgia\/tyrone\/#primaryimage\"},\"thumbnailUrl\":\"https:\/\/ceolawyer.com\/espanol\/wp-content\/uploads\/sites\/2\/2025\/12\/How-to-Obtain-Your-Tyrone-Public-Safety-Department-Car-Accident-Report.webp\",\"datePublished\":\"2025-12-23T12:39:18+00:00\",\"dateModified\":\"2025-12-23T12:45:06+00:00\",\"description\":\"\u00bfNo sabes qu\u00e9 hacer despu\u00e9s de conseguir tu informe policial de accidente automovil\u00edstico del departamento de seguridad p\u00fablica de Tyrone? Marca al (470) 822-9057 para que te asesoremos.\",\"breadcrumb\":{\"@id\":\"https:\/\/ceolawyer.com\/espanol\/informe-de-accidente\/informe-policial-de-un-accidente-de-auto-en-georgia\/tyrone\/#breadcrumb\"},\"inLanguage\":\"en-US\",\"potentialAction\":[{\"@type\":\"ReadAction\",\"target\":[\"https:\/\/ceolawyer.com\/espanol\/informe-de-accidente\/informe-policial-de-un-accidente-de-auto-en-georgia\/tyrone\/\"]}]},{\"@type\":\"ImageObject\",\"inLanguage\":\"en-US\",\"@id\":\"https:\/\/ceolawyer.com\/espanol\/informe-de-accidente\/informe-policial-de-un-accidente-de-auto-en-georgia\/tyrone\/#primaryimage\",\"url\":\"https:\/\/ceolawyer.com\/espanol\/wp-content\/uploads\/sites\/2\/2025\/12\/How-to-Obtain-Your-Tyrone-Public-Safety-Department-Car-Accident-Report.webp\",\"contentUrl\":\"https:\/\/ceolawyer.com\/espanol\/wp-content\/uploads\/sites\/2\/2025\/12\/How-to-Obtain-Your-Tyrone-Public-Safety-Department-Car-Accident-Report.webp\",\"width\":500,\"height\":300,\"caption\":\"Dos oficiales de polic\u00eda con chalecos de seguridad hablando por radio sobre un accidente.\"},{\"@type\":\"BreadcrumbList\",\"@id\":\"https:\/\/ceolawyer.com\/espanol\/informe-de-accidente\/informe-policial-de-un-accidente-de-auto-en-georgia\/tyrone\/#breadcrumb\",\"itemListElement\":[{\"@type\":\"ListItem\",\"position\":1,\"name\":\"Home\",\"item\":\"https:\/\/ceolawyer.com\/espanol\/\"},{\"@type\":\"ListItem\",\"position\":2,\"name\":\"Consigue el Reporte Policial de tu Accidente de Auto\",\"item\":\"https:\/\/ceolawyer.com\/espanol\/informe-de-accidente\/\"},{\"@type\":\"ListItem\",\"position\":3,\"name\":\"C\u00f3mo Solicitar el Informe Policial de un Accidente de Auto en Georgia\",\"item\":\"https:\/\/ceolawyer.com\/espanol\/informe-de-accidente\/informe-policial-de-un-accidente-de-auto-en-georgia\/\"},{\"@type\":\"ListItem\",\"position\":4,\"name\":\"C\u00f3mo obtener tu informe de accidente automovil\u00edstico del departamento de seguridad p\u00fablica de Tyrone\"}]},{\"@type\":\"WebSite\",\"@id\":\"https:\/\/ceolawyer.com\/espanol\/#website\",\"url\":\"https:\/\/ceolawyer.com\/espanol\/\",\"name\":\"CEO Lawyer\",\"description\":\"Personal Injury Attorney\",\"publisher\":{\"@id\":\"https:\/\/ceolawyer.com\/espanol\/#organization\"},\"potentialAction\":[{\"@type\":\"SearchAction\",\"target\":{\"@type\":\"EntryPoint\",\"urlTemplate\":\"https:\/\/ceolawyer.com\/espanol\/?s={search_term_string}\"},\"query-input\":{\"@type\":\"PropertyValueSpecification\",\"valueRequired\":true,\"valueName\":\"search_term_string\"}}],\"inLanguage\":\"en-US\"},{\"@type\":\"Organization\",\"@id\":\"https:\/\/ceolawyer.com\/espanol\/#organization\",\"name\":\"CEO Lawyer\",\"url\":\"https:\/\/ceolawyer.com\/espanol\/\",\"logo\":{\"@type\":\"ImageObject\",\"inLanguage\":\"en-US\",\"@id\":\"https:\/\/ceolawyer.com\/espanol\/#\/schema\/logo\/image\/\",\"url\":\"https:\/\/ceolawyer.com\/espanol\/wp-content\/uploads\/sites\/2\/2022\/05\/CEO_Logo.png\",\"contentUrl\":\"https:\/\/ceolawyer.com\/espanol\/wp-content\/uploads\/sites\/2\/2022\/05\/CEO_Logo.png\",\"width\":200,\"height\":108,\"caption\":\"CEO Lawyer\"},\"image\":{\"@id\":\"https:\/\/ceolawyer.com\/espanol\/#\/schema\/logo\/image\/\"}}]}<\/script>\n<!-- \/ Yoast SEO plugin. -->","yoast_head_json":{"title":"C\u00f3mo obtener tu informe de accidente automovil\u00edstico del departamento de seguridad p\u00fablica de Tyrone | CEO Lawyer","description":"\u00bfNo sabes qu\u00e9 hacer despu\u00e9s de conseguir tu informe policial de accidente automovil\u00edstico del departamento de seguridad p\u00fablica de Tyrone? Marca al (470) 822-9057 para que te asesoremos.","robots":{"index":"index","follow":"follow","max-snippet":"max-snippet:-1","max-image-preview":"max-image-preview:large","max-video-preview":"max-video-preview:-1"},"canonical":"https:\/\/ceolawyer.com\/espanol\/informe-de-accidente\/informe-policial-de-un-accidente-de-auto-en-georgia\/tyrone\/","og_locale":"en_US","og_type":"article","og_title":"C\u00f3mo obtener tu informe de accidente automovil\u00edstico del departamento de seguridad p\u00fablica de Tyrone | CEO Lawyer","og_description":"\u00bfNo sabes qu\u00e9 hacer despu\u00e9s de conseguir tu informe policial de accidente automovil\u00edstico del departamento de seguridad p\u00fablica de Tyrone? Marca al (470) 822-9057 para que te asesoremos.","og_url":"https:\/\/ceolawyer.com\/espanol\/informe-de-accidente\/informe-policial-de-un-accidente-de-auto-en-georgia\/tyrone\/","og_site_name":"CEO Lawyer","article_modified_time":"2025-12-23T12:45:06+00:00","og_image":[{"width":500,"height":300,"url":"https:\/\/ceolawyer.com\/espanol\/wp-content\/uploads\/sites\/2\/2025\/12\/How-to-Obtain-Your-Tyrone-Public-Safety-Department-Car-Accident-Report.webp","type":"image\/webp"}],"twitter_card":"summary_large_image","twitter_misc":{"Est. reading time":"6 minutes"},"schema":{"@context":"https:\/\/schema.org","@graph":[{"@type":"WebPage","@id":"https:\/\/ceolawyer.com\/espanol\/informe-de-accidente\/informe-policial-de-un-accidente-de-auto-en-georgia\/tyrone\/","url":"https:\/\/ceolawyer.com\/espanol\/informe-de-accidente\/informe-policial-de-un-accidente-de-auto-en-georgia\/tyrone\/","name":"C\u00f3mo obtener tu informe de accidente automovil\u00edstico del departamento de seguridad p\u00fablica de Tyrone | CEO Lawyer","isPartOf":{"@id":"https:\/\/ceolawyer.com\/espanol\/#website"},"primaryImageOfPage":{"@id":"https:\/\/ceolawyer.com\/espanol\/informe-de-accidente\/informe-policial-de-un-accidente-de-auto-en-georgia\/tyrone\/#primaryimage"},"image":{"@id":"https:\/\/ceolawyer.com\/espanol\/informe-de-accidente\/informe-policial-de-un-accidente-de-auto-en-georgia\/tyrone\/#primaryimage"},"thumbnailUrl":"https:\/\/ceolawyer.com\/espanol\/wp-content\/uploads\/sites\/2\/2025\/12\/How-to-Obtain-Your-Tyrone-Public-Safety-Department-Car-Accident-Report.webp","datePublished":"2025-12-23T12:39:18+00:00","dateModified":"2025-12-23T12:45:06+00:00","description":"\u00bfNo sabes qu\u00e9 hacer despu\u00e9s de conseguir tu informe policial de accidente automovil\u00edstico del departamento de seguridad p\u00fablica de Tyrone? Marca al (470) 822-9057 para que te asesoremos.","breadcrumb":{"@id":"https:\/\/ceolawyer.com\/espanol\/informe-de-accidente\/informe-policial-de-un-accidente-de-auto-en-georgia\/tyrone\/#breadcrumb"},"inLanguage":"en-US","potentialAction":[{"@type":"ReadAction","target":["https:\/\/ceolawyer.com\/espanol\/informe-de-accidente\/informe-policial-de-un-accidente-de-auto-en-georgia\/tyrone\/"]}]},{"@type":"ImageObject","inLanguage":"en-US","@id":"https:\/\/ceolawyer.com\/espanol\/informe-de-accidente\/informe-policial-de-un-accidente-de-auto-en-georgia\/tyrone\/#primaryimage","url":"https:\/\/ceolawyer.com\/espanol\/wp-content\/uploads\/sites\/2\/2025\/12\/How-to-Obtain-Your-Tyrone-Public-Safety-Department-Car-Accident-Report.webp","contentUrl":"https:\/\/ceolawyer.com\/espanol\/wp-content\/uploads\/sites\/2\/2025\/12\/How-to-Obtain-Your-Tyrone-Public-Safety-Department-Car-Accident-Report.webp","width":500,"height":300,"caption":"Dos oficiales de polic\u00eda con chalecos de seguridad hablando por radio sobre un accidente."},{"@type":"BreadcrumbList","@id":"https:\/\/ceolawyer.com\/espanol\/informe-de-accidente\/informe-policial-de-un-accidente-de-auto-en-georgia\/tyrone\/#breadcrumb","itemListElement":[{"@type":"ListItem","position":1,"name":"Home","item":"https:\/\/ceolawyer.com\/espanol\/"},{"@type":"ListItem","position":2,"name":"Consigue el Reporte Policial de tu Accidente de Auto","item":"https:\/\/ceolawyer.com\/espanol\/informe-de-accidente\/"},{"@type":"ListItem","position":3,"name":"C\u00f3mo Solicitar el Informe Policial de un Accidente de Auto en Georgia","item":"https:\/\/ceolawyer.com\/espanol\/informe-de-accidente\/informe-policial-de-un-accidente-de-auto-en-georgia\/"},{"@type":"ListItem","position":4,"name":"C\u00f3mo obtener tu informe de accidente automovil\u00edstico del departamento de seguridad p\u00fablica de Tyrone"}]},{"@type":"WebSite","@id":"https:\/\/ceolawyer.com\/espanol\/#website","url":"https:\/\/ceolawyer.com\/espanol\/","name":"CEO Lawyer","description":"Personal Injury Attorney","publisher":{"@id":"https:\/\/ceolawyer.com\/espanol\/#organization"},"potentialAction":[{"@type":"SearchAction","target":{"@type":"EntryPoint","urlTemplate":"https:\/\/ceolawyer.com\/espanol\/?s={search_term_string}"},"query-input":{"@type":"PropertyValueSpecification","valueRequired":true,"valueName":"search_term_string"}}],"inLanguage":"en-US"},{"@type":"Organization","@id":"https:\/\/ceolawyer.com\/espanol\/#organization","name":"CEO Lawyer","url":"https:\/\/ceolawyer.com\/espanol\/","logo":{"@type":"ImageObject","inLanguage":"en-US","@id":"https:\/\/ceolawyer.com\/espanol\/#\/schema\/logo\/image\/","url":"https:\/\/ceolawyer.com\/espanol\/wp-content\/uploads\/sites\/2\/2022\/05\/CEO_Logo.png","contentUrl":"https:\/\/ceolawyer.com\/espanol\/wp-content\/uploads\/sites\/2\/2022\/05\/CEO_Logo.png","width":200,"height":108,"caption":"CEO Lawyer"},"image":{"@id":"https:\/\/ceolawyer.com\/espanol\/#\/schema\/logo\/image\/"}}]}},"_links":{"self":[{"href":"https:\/\/ceolawyer.com\/espanol\/wp-json\/wp\/v2\/pages\/13010","targetHints":{"allow":["GET"]}}],"collection":[{"href":"https:\/\/ceolawyer.com\/espanol\/wp-json\/wp\/v2\/pages"}],"about":[{"href":"https:\/\/ceolawyer.com\/espanol\/wp-json\/wp\/v2\/types\/page"}],"author":[{"embeddable":true,"href":"https:\/\/ceolawyer.com\/espanol\/wp-json\/wp\/v2\/users\/18"}],"replies":[{"embeddable":true,"href":"https:\/\/ceolawyer.com\/espanol\/wp-json\/wp\/v2\/comments?post=13010"}],"version-history":[{"count":0,"href":"https:\/\/ceolawyer.com\/espanol\/wp-json\/wp\/v2\/pages\/13010\/revisions"}],"up":[{"embeddable":true,"href":"https:\/\/ceolawyer.com\/espanol\/wp-json\/wp\/v2\/pages\/12737"}],"wp:featuredmedia":[{"embeddable":true,"href":"https:\/\/ceolawyer.com\/espanol\/wp-json\/wp\/v2\/media\/13012"}],"wp:attachment":[{"href":"https:\/\/ceolawyer.com\/espanol\/wp-json\/wp\/v2\/media?parent=13010"}],"curies":[{"name":"wp","href":"https:\/\/api.w.org\/{rel}","templated":true}]}}