{"id":13020,"date":"2025-12-23T13:02:45","date_gmt":"2025-12-23T13:02:45","guid":{"rendered":"https:\/\/ceolawyer.com\/espanol\/?page_id=13020"},"modified":"2026-02-16T14:08:48","modified_gmt":"2026-02-16T14:08:48","slug":"warner-robins","status":"publish","type":"page","link":"https:\/\/ceolawyer.com\/espanol\/informe-de-accidente\/informe-policial-de-un-accidente-de-auto-en-georgia\/warner-robins\/","title":{"rendered":"C\u00f3mo obtener tu informe de accidente automovil\u00edstico del departamento de polic\u00eda de Warner Robins"},"content":{"rendered":"<p><img decoding=\"async\" class=\"alignright size-full wp-image-13022\" src=\"https:\/\/ceolawyer.com\/espanol\/wp-content\/uploads\/sites\/2\/2025\/12\/How-to-Obtain-Your-Warner-Robins-Police-Department-Car-Accident-Report.webp\" alt=\"Un oficial de polic\u00eda sosteniendo un cuaderno y revisando los detalles recopilados para un informe.\" width=\"500\" height=\"300\" srcset=\"https:\/\/ceolawyer.com\/espanol\/wp-content\/uploads\/sites\/2\/2025\/12\/How-to-Obtain-Your-Warner-Robins-Police-Department-Car-Accident-Report.webp 500w, https:\/\/ceolawyer.com\/espanol\/wp-content\/uploads\/sites\/2\/2025\/12\/How-to-Obtain-Your-Warner-Robins-Police-Department-Car-Accident-Report-300x180.webp 300w\" sizes=\"(max-width: 500px) 100vw, 500px\" \/>Los accidentes suceden \u2013 hasta los conductores m\u00e1s cuidadosos pueden encontrarse lidiando con las secuelas de un choque peque\u00f1o o una colisi\u00f3n m\u00e1s severa. Si has estado en un accidente automovil\u00edstico reciente en Warner Robins, Georgia, obtener una copia de tu informe polic\u00edaco es un primer paso crucial.<\/p>\n<p>Este informe sirve como un registro oficial del accidente, detallando informaci\u00f3n vital para ti, tu compa\u00f1\u00eda de seguros y, potencialmente, tu asesor legal.<\/p>\n<h2>Obtener tu informe de accidente automovil\u00edstico del departamento de polic\u00eda de Warner Robins<\/h2>\n<p>Hay varias maneras de conseguir tu informe de accidente automovil\u00edstico del departamento de polic\u00eda de Warner Robins. Te diremos los detalles de cada opci\u00f3n para que escojas el m\u00e9todo que m\u00e1s te conviene.<\/p>\n<h3>En l\u00ednea: Sitio P2C<\/h3>\n<p>El departamento de polic\u00eda de Warner Robins ofrece un portal en l\u00ednea f\u00e1cil de usar llamado P2C (Polic\u00eda a Civil). Este sitio web te permite buscar y pedir tu informe de accidente desde la comodidad de tu hogar.<\/p>\n<p>Aqu\u00ed est\u00e1 c\u00f3mo:<\/p>\n<ul>\n<li>Visita el sitio P2C.<\/li>\n<li>Navega hacia la secci\u00f3n \u201cb\u00fasqueda de informe de accidente\u201d.<\/li>\n<li>Est\u00e1te preparado para dar la siguiente informaci\u00f3n:\n<ul>\n<li>Tu nombre (de pila y apellidos)<\/li>\n<li>N\u00famero de licencia de conductor y estado que lo otorg\u00f3<\/li>\n<li>Fecha del accidente<\/li>\n<li>N\u00famero de informe del accidente (si lo tienes)<\/li>\n<li>N\u00famero de p\u00f3liza de seguro (opcional, pero puede ayudar a acelerar el proceso)<\/li>\n<\/ul>\n<\/li>\n<\/ul>\n<h3>Formularios de pedido en l\u00ednea alternativos<\/h3>\n<p>La ciudad de Warner Robins ofrece dos formularios en l\u00ednea adicionales para pedir registros abiertos, incluyendo informes polic\u00edacos. Estos formularios pueden ser \u00fatiles si el sitio P2C no te sirve:<\/p>\n<ul>\n<li>Formulario de pedido de registros abiertos<\/li>\n<li>Formulario de pedido de registros polic\u00edacos abiertos<\/li>\n<\/ul>\n<h3>BuyCrash.com: una opci\u00f3n de un tercero<\/h3>\n<p>Mientras que no est\u00e1 directamente afiliado con el departamento de polic\u00eda de Warner Robins, algunos residentes escogen usar BuyCrash.com, un servicio de un tercero que te permite comprar informes de accidente en l\u00ednea. Es importante notar que puede haber tarifas asociadas con usar el servicio.<\/p>\n<p>Aqu\u00ed est\u00e1 lo que debes hacer:<\/p>\n<ul>\n<li>Haz clic en el link hacia <a href=\"http:\/\/buycrash.com\">com<\/a>.<\/li>\n<li>En la p\u00e1gina de buycrash.com, selecciona Georgia como tu estado.<\/li>\n<li>Escoge la jurisdicci\u00f3n que investig\u00f3 tu accidente automovil\u00edstico del segundo men\u00fa desplegable, es decir, el departamento de polic\u00eda de Warner Robins.<\/li>\n<li>Haz clic en <strong>empezar b\u00fasqueda <\/strong>para proceder.<\/li>\n<li>Te van a pedir detalles como:\n<ul>\n<li>Apellidos<\/li>\n<li>Fecha del accidente<\/li>\n<li>N\u00famero de caso del informe<\/li>\n<li>VIN (N\u00famero de identificaci\u00f3n vehicular)<\/li>\n<li>N\u00famero de licencia de conductor<\/li>\n<\/ul>\n<\/li>\n<\/ul>\n<p><strong>Nota: <\/strong>puede haber tarifas asociadas a este m\u00e9todo.<\/p>\n<h3>Pedido en persona<\/h3>\n<p>Para aquellos que prefieren una interacci\u00f3n cara a cara, pueden visitar la sede del departamento de polic\u00eda de Warner Robins localizado en 100 Watson Blvd, Warner Robins, GA 31093. Puedes preguntar c\u00f3mo obtener una copia de tu informe de accidente ah\u00ed.<\/p>\n<p>Cualquier m\u00e9todo que escojas, ten asegurada tu informaci\u00f3n de identificaci\u00f3n y los detalles de tu accidente a la mano para acelerar tu proceso.<\/p>\n<h3>Consejos Adicionales<\/h3>\n<ul>\n<li>El sitio del departamento de polic\u00eda de Warner Robins ofrece una variedad de recursos m\u00e1s all\u00e1 de los informes de accidentes, incluyendo b\u00fasquedas por incidentes de seguridad y arrestos.<\/li>\n<li>No dudes en contactar al departamento de polic\u00eda de Warner Robins directamente al <a href=\"tel:+14783025378\">(478) 302-5378<\/a> si tienes cualquier pregunta o te enfrentas con dificultades para obtener tu informe.<\/li>\n<\/ul>\n<h2>\u00bfAlguien m\u00e1s puede obtener mi informe?<\/h2>\n<p>La vida se complica, y a veces, delegar tareas es necesario. La buena noticia es que puedes autorizar a alguien m\u00e1s para que pida tu informe de accidente automovil\u00edstico del departamento de polic\u00eda de Warner Robins en tu nombre.<\/p>\n<p>Esto es lo que tendr\u00e1n que hacer:<\/p>\n<ul>\n<li>Primero que nada, necesitar\u00e1n una carta de autorizaci\u00f3n firmada por ti. Esta carta debe indicar claramente que permites que obtengan tu informe de accidente.<\/li>\n<li>Para acelerar el proceso, deben tener la siguiente informaci\u00f3n a la mano:\n<ul>\n<li>Tu nombre completo<\/li>\n<li>Tu n\u00famero de licencia de conductor<\/li>\n<li>La fecha del accidente<\/li>\n<li>El n\u00famero de informe de accidente (si lo tienen)<\/li>\n<li>Tu n\u00famero de p\u00f3liza de seguro (si aplica)<\/li>\n<\/ul>\n<\/li>\n<li>Ya armado con la carta de autorizaci\u00f3n y los detalles, la persona autorizada puede contactar al departamento de polic\u00eda de Warner Robins directamente al <a href=\"tel:+14783025378\">(478) 302-5378<\/a>. Necesitan mencionar que tienen tu autorizaci\u00f3n escrita para pedir el informe.<\/li>\n<\/ul>\n<p>Al seguir estos pasos, tu representante puede obtener tu informe de accidente en tu nombre. Recuerda, la comunicaci\u00f3n clara y autorizaci\u00f3n propia son esenciales durante el proceso.<\/p>\n<h2>Consideraciones de tiempo para tu informe<\/h2>\n<p>Hay un par de factores importantes de tiempo para considerar cuando obtienes tu informe de accidente automovil\u00edstico del departamento de polic\u00eda de Warner Robins:<\/p>\n<ul>\n<li><strong>Acci\u00f3n legal y necesidades de seguro: <\/strong>Si est\u00e1s contemplando acci\u00f3n legal o requieres el informe para prop\u00f3sitos del seguro, hay un l\u00edmite de tiempo crucial que recordar. En Georgia, el estatuto de limitaciones para presentar un reclamo de lesi\u00f3n personal que resulta de un accidente automovil\u00edstico es de dos a\u00f1os a partir de la fecha del accidente. Esto significa que obtener tu informe dentro de este l\u00edmite de tiempo es esencial para un recurso legal potencial o para el reclamo del seguro.<\/li>\n<li><strong>Obtener el informe en s\u00ed: <\/strong>Afortunadamente, no hay un tiempo l\u00edmite estricto para pedir tu informe actual de accidente del departamento de polic\u00eda de Warner Robins. Sin embargo, pedirlo lo antes posible despu\u00e9s del accidente es altamente recomendado. Las memorias pueden esfumarse a trav\u00e9s del tiempo, y los detalles se vuelven cada vez menos claros. Un informe a tiempo asegura que la informaci\u00f3n m\u00e1s precisa y completa est\u00e9 documentada.<\/li>\n<\/ul>\n<h2>Cu\u00e1ndo considerar representaci\u00f3n legal despu\u00e9s de un accidente automovil\u00edstico.<\/h2>\n<p>Mientras que obtener tu informe de polic\u00eda es un primer paso crucial, navegar las secuelas de un accidente automovil\u00edstico puede ser complicado, especialmente si has sufrido lesiones o da\u00f1o de propiedad. Un abogado de accidentes automovil\u00edsticos puede ser un activo valioso en estas situaciones.<\/p>\n<ul>\n<li><strong>Entender tus derechos: <\/strong>Las leyes de accidentes automovil\u00edsticos pueden ser complejas. Un abogado puede explicarte tus derechos legales y tus opciones despu\u00e9s de las secuelas del accidente.<\/li>\n<li><strong>Recolectar evidencia: <\/strong>Armar un caso fuerte a menudo requiere recolectar evidencia, como registros m\u00e9dicos, testimonios de testigos y fotos de la escena del accidente. Un abogado puede ayudar con este proceso para asegurar que tengas la documentaci\u00f3n necesaria para apoyar tu reclamo.<\/li>\n<li><strong>Negociar con compa\u00f1\u00edas de seguro: <\/strong>Las compa\u00f1\u00edas de seguro no siempre ofrecen liquidaciones justas. Un abogado puede negociar a tu nombre para asegurar que recibas la compensaci\u00f3n que mereces por tus p\u00e9rdidas.<\/li>\n<li><strong>Representaci\u00f3n legal en la corte: <\/strong>Si tu caso va a juicio, un abogado te representar\u00e1 en las procedencias legales y pelear\u00e1 por un resultado justo.<\/li>\n<\/ul>\n<h3>No te esperes a conseguir la ayuda que mereces<\/h3>\n<p>Si has estado en un accidente automovil\u00edstico y est\u00e1s inseguro de c\u00f3mo proceder, considera contactar al bufete de abogados de lesi\u00f3n personal de CEO Lawyer. Nuestro equipo experimentado de <a href=\"https:\/\/ceolawyer.com\/georgia-personal-injury\/car-accident-lawyer\/\">abogados en accidentes de choques automovil\u00edsticos en Georgia<\/a> puede guiarte a trav\u00e9s del proceso legal y pelear por la compensaci\u00f3n que mereces.<\/p>\n","protected":false},"excerpt":{"rendered":"<p>Los accidentes suceden \u2013 hasta los conductores m\u00e1s cuidadosos pueden encontrarse lidiando con las secuelas de un choque peque\u00f1o o una colisi\u00f3n m\u00e1s severa. Si has estado en un accidente automovil\u00edstico reciente en Warner Robins, Georgia, obtener una copia de tu informe polic\u00edaco es un primer paso crucial. Este informe sirve como un registro oficial [&hellip;]<\/p>\n","protected":false},"author":18,"featured_media":13022,"parent":12737,"menu_order":0,"comment_status":"closed","ping_status":"closed","template":"","meta":{"_acf_changed":false,"footnotes":""},"class_list":["post-13020","page","type-page","status-publish","has-post-thumbnail","hentry"],"acf":[],"yoast_head":"<!-- This site is optimized with the Yoast SEO plugin v27.5 - https:\/\/yoast.com\/product\/yoast-seo-wordpress\/ -->\n<title>C\u00f3mo obtener tu informe de accidente automovil\u00edstico del departamento de polic\u00eda de Warner Robins | CEO Lawyer<\/title>\n<meta name=\"description\" content=\"\u00bfTe hace falta tu informe policial de accidente del departamento de polic\u00eda de Warner Robins? M\u00e1rcanos al (470) 822-9057 para asesorarte en tus opciones.\" \/>\n<meta name=\"robots\" content=\"index, follow, max-snippet:-1, max-image-preview:large, max-video-preview:-1\" \/>\n<link rel=\"canonical\" href=\"https:\/\/ceolawyer.com\/espanol\/informe-de-accidente\/informe-policial-de-un-accidente-de-auto-en-georgia\/warner-robins\/\" \/>\n<meta property=\"og:locale\" content=\"en_US\" \/>\n<meta property=\"og:type\" content=\"article\" \/>\n<meta property=\"og:title\" content=\"C\u00f3mo obtener tu informe de accidente automovil\u00edstico del departamento de polic\u00eda de Warner Robins | CEO Lawyer\" \/>\n<meta property=\"og:description\" content=\"\u00bfTe hace falta tu informe policial de accidente del departamento de polic\u00eda de Warner Robins? M\u00e1rcanos al (470) 822-9057 para asesorarte en tus opciones.\" \/>\n<meta property=\"og:url\" content=\"https:\/\/ceolawyer.com\/espanol\/informe-de-accidente\/informe-policial-de-un-accidente-de-auto-en-georgia\/warner-robins\/\" \/>\n<meta property=\"og:site_name\" content=\"CEO Lawyer\" \/>\n<meta property=\"article:modified_time\" content=\"2026-02-16T14:08:48+00:00\" \/>\n<meta property=\"og:image\" content=\"https:\/\/ceolawyer.com\/espanol\/wp-content\/uploads\/sites\/2\/2025\/12\/How-to-Obtain-Your-Warner-Robins-Police-Department-Car-Accident-Report.webp\" \/>\n\t<meta property=\"og:image:width\" content=\"500\" \/>\n\t<meta property=\"og:image:height\" content=\"300\" \/>\n\t<meta property=\"og:image:type\" content=\"image\/webp\" \/>\n<meta name=\"twitter:card\" content=\"summary_large_image\" \/>\n<meta name=\"twitter:label1\" content=\"Est. reading time\" \/>\n\t<meta name=\"twitter:data1\" content=\"6 minutes\" \/>\n<script type=\"application\/ld+json\" class=\"yoast-schema-graph\">{\"@context\":\"https:\\\/\\\/schema.org\",\"@graph\":[{\"@type\":\"WebPage\",\"@id\":\"https:\\\/\\\/ceolawyer.com\\\/espanol\\\/informe-de-accidente\\\/informe-policial-de-un-accidente-de-auto-en-georgia\\\/warner-robins\\\/\",\"url\":\"https:\\\/\\\/ceolawyer.com\\\/espanol\\\/informe-de-accidente\\\/informe-policial-de-un-accidente-de-auto-en-georgia\\\/warner-robins\\\/\",\"name\":\"C\u00f3mo obtener tu informe de accidente automovil\u00edstico del departamento de polic\u00eda de Warner Robins | CEO Lawyer\",\"isPartOf\":{\"@id\":\"https:\\\/\\\/ceolawyer.com\\\/espanol\\\/#website\"},\"primaryImageOfPage\":{\"@id\":\"https:\\\/\\\/ceolawyer.com\\\/espanol\\\/informe-de-accidente\\\/informe-policial-de-un-accidente-de-auto-en-georgia\\\/warner-robins\\\/#primaryimage\"},\"image\":{\"@id\":\"https:\\\/\\\/ceolawyer.com\\\/espanol\\\/informe-de-accidente\\\/informe-policial-de-un-accidente-de-auto-en-georgia\\\/warner-robins\\\/#primaryimage\"},\"thumbnailUrl\":\"https:\\\/\\\/ceolawyer.com\\\/espanol\\\/wp-content\\\/uploads\\\/sites\\\/2\\\/2025\\\/12\\\/How-to-Obtain-Your-Warner-Robins-Police-Department-Car-Accident-Report.webp\",\"datePublished\":\"2025-12-23T13:02:45+00:00\",\"dateModified\":\"2026-02-16T14:08:48+00:00\",\"description\":\"\u00bfTe hace falta tu informe policial de accidente del departamento de polic\u00eda de Warner Robins? M\u00e1rcanos al (470) 822-9057 para asesorarte en tus opciones.\",\"breadcrumb\":{\"@id\":\"https:\\\/\\\/ceolawyer.com\\\/espanol\\\/informe-de-accidente\\\/informe-policial-de-un-accidente-de-auto-en-georgia\\\/warner-robins\\\/#breadcrumb\"},\"inLanguage\":\"en-US\",\"potentialAction\":[{\"@type\":\"ReadAction\",\"target\":[\"https:\\\/\\\/ceolawyer.com\\\/espanol\\\/informe-de-accidente\\\/informe-policial-de-un-accidente-de-auto-en-georgia\\\/warner-robins\\\/\"]}]},{\"@type\":\"ImageObject\",\"inLanguage\":\"en-US\",\"@id\":\"https:\\\/\\\/ceolawyer.com\\\/espanol\\\/informe-de-accidente\\\/informe-policial-de-un-accidente-de-auto-en-georgia\\\/warner-robins\\\/#primaryimage\",\"url\":\"https:\\\/\\\/ceolawyer.com\\\/espanol\\\/wp-content\\\/uploads\\\/sites\\\/2\\\/2025\\\/12\\\/How-to-Obtain-Your-Warner-Robins-Police-Department-Car-Accident-Report.webp\",\"contentUrl\":\"https:\\\/\\\/ceolawyer.com\\\/espanol\\\/wp-content\\\/uploads\\\/sites\\\/2\\\/2025\\\/12\\\/How-to-Obtain-Your-Warner-Robins-Police-Department-Car-Accident-Report.webp\",\"width\":500,\"height\":300,\"caption\":\"Un oficial de polic\u00eda sosteniendo un cuaderno y revisando los detalles recopilados para un informe.\"},{\"@type\":\"BreadcrumbList\",\"@id\":\"https:\\\/\\\/ceolawyer.com\\\/espanol\\\/informe-de-accidente\\\/informe-policial-de-un-accidente-de-auto-en-georgia\\\/warner-robins\\\/#breadcrumb\",\"itemListElement\":[{\"@type\":\"ListItem\",\"position\":1,\"name\":\"Home\",\"item\":\"https:\\\/\\\/ceolawyer.com\\\/espanol\\\/\"},{\"@type\":\"ListItem\",\"position\":2,\"name\":\"Consigue el Reporte Policial de tu Accidente de Auto\",\"item\":\"https:\\\/\\\/ceolawyer.com\\\/espanol\\\/informe-de-accidente\\\/\"},{\"@type\":\"ListItem\",\"position\":3,\"name\":\"C\u00f3mo Solicitar el Informe Policial de un Accidente de Auto en Georgia\",\"item\":\"https:\\\/\\\/ceolawyer.com\\\/espanol\\\/informe-de-accidente\\\/informe-policial-de-un-accidente-de-auto-en-georgia\\\/\"},{\"@type\":\"ListItem\",\"position\":4,\"name\":\"C\u00f3mo obtener tu informe de accidente automovil\u00edstico del departamento de polic\u00eda de Warner Robins\"}]},{\"@type\":\"WebSite\",\"@id\":\"https:\\\/\\\/ceolawyer.com\\\/espanol\\\/#website\",\"url\":\"https:\\\/\\\/ceolawyer.com\\\/espanol\\\/\",\"name\":\"CEO Lawyer\",\"description\":\"Personal Injury Attorney\",\"publisher\":{\"@id\":\"https:\\\/\\\/ceolawyer.com\\\/espanol\\\/#organization\"},\"potentialAction\":[{\"@type\":\"SearchAction\",\"target\":{\"@type\":\"EntryPoint\",\"urlTemplate\":\"https:\\\/\\\/ceolawyer.com\\\/espanol\\\/?s={search_term_string}\"},\"query-input\":{\"@type\":\"PropertyValueSpecification\",\"valueRequired\":true,\"valueName\":\"search_term_string\"}}],\"inLanguage\":\"en-US\"},{\"@type\":\"Organization\",\"@id\":\"https:\\\/\\\/ceolawyer.com\\\/espanol\\\/#organization\",\"name\":\"CEO Lawyer\",\"url\":\"https:\\\/\\\/ceolawyer.com\\\/espanol\\\/\",\"logo\":{\"@type\":\"ImageObject\",\"inLanguage\":\"en-US\",\"@id\":\"https:\\\/\\\/ceolawyer.com\\\/espanol\\\/#\\\/schema\\\/logo\\\/image\\\/\",\"url\":\"https:\\\/\\\/ceolawyer.com\\\/espanol\\\/wp-content\\\/uploads\\\/sites\\\/2\\\/2022\\\/05\\\/CEO_Logo.png\",\"contentUrl\":\"https:\\\/\\\/ceolawyer.com\\\/espanol\\\/wp-content\\\/uploads\\\/sites\\\/2\\\/2022\\\/05\\\/CEO_Logo.png\",\"width\":200,\"height\":108,\"caption\":\"CEO Lawyer\"},\"image\":{\"@id\":\"https:\\\/\\\/ceolawyer.com\\\/espanol\\\/#\\\/schema\\\/logo\\\/image\\\/\"}}]}<\/script>\n<!-- \/ Yoast SEO plugin. -->","yoast_head_json":{"title":"C\u00f3mo obtener tu informe de accidente automovil\u00edstico del departamento de polic\u00eda de Warner Robins | CEO Lawyer","description":"\u00bfTe hace falta tu informe policial de accidente del departamento de polic\u00eda de Warner Robins? M\u00e1rcanos al (470) 822-9057 para asesorarte en tus opciones.","robots":{"index":"index","follow":"follow","max-snippet":"max-snippet:-1","max-image-preview":"max-image-preview:large","max-video-preview":"max-video-preview:-1"},"canonical":"https:\/\/ceolawyer.com\/espanol\/informe-de-accidente\/informe-policial-de-un-accidente-de-auto-en-georgia\/warner-robins\/","og_locale":"en_US","og_type":"article","og_title":"C\u00f3mo obtener tu informe de accidente automovil\u00edstico del departamento de polic\u00eda de Warner Robins | CEO Lawyer","og_description":"\u00bfTe hace falta tu informe policial de accidente del departamento de polic\u00eda de Warner Robins? M\u00e1rcanos al (470) 822-9057 para asesorarte en tus opciones.","og_url":"https:\/\/ceolawyer.com\/espanol\/informe-de-accidente\/informe-policial-de-un-accidente-de-auto-en-georgia\/warner-robins\/","og_site_name":"CEO Lawyer","article_modified_time":"2026-02-16T14:08:48+00:00","og_image":[{"width":500,"height":300,"url":"https:\/\/ceolawyer.com\/espanol\/wp-content\/uploads\/sites\/2\/2025\/12\/How-to-Obtain-Your-Warner-Robins-Police-Department-Car-Accident-Report.webp","type":"image\/webp"}],"twitter_card":"summary_large_image","twitter_misc":{"Est. reading time":"6 minutes"},"schema":{"@context":"https:\/\/schema.org","@graph":[{"@type":"WebPage","@id":"https:\/\/ceolawyer.com\/espanol\/informe-de-accidente\/informe-policial-de-un-accidente-de-auto-en-georgia\/warner-robins\/","url":"https:\/\/ceolawyer.com\/espanol\/informe-de-accidente\/informe-policial-de-un-accidente-de-auto-en-georgia\/warner-robins\/","name":"C\u00f3mo obtener tu informe de accidente automovil\u00edstico del departamento de polic\u00eda de Warner Robins | CEO Lawyer","isPartOf":{"@id":"https:\/\/ceolawyer.com\/espanol\/#website"},"primaryImageOfPage":{"@id":"https:\/\/ceolawyer.com\/espanol\/informe-de-accidente\/informe-policial-de-un-accidente-de-auto-en-georgia\/warner-robins\/#primaryimage"},"image":{"@id":"https:\/\/ceolawyer.com\/espanol\/informe-de-accidente\/informe-policial-de-un-accidente-de-auto-en-georgia\/warner-robins\/#primaryimage"},"thumbnailUrl":"https:\/\/ceolawyer.com\/espanol\/wp-content\/uploads\/sites\/2\/2025\/12\/How-to-Obtain-Your-Warner-Robins-Police-Department-Car-Accident-Report.webp","datePublished":"2025-12-23T13:02:45+00:00","dateModified":"2026-02-16T14:08:48+00:00","description":"\u00bfTe hace falta tu informe policial de accidente del departamento de polic\u00eda de Warner Robins? M\u00e1rcanos al (470) 822-9057 para asesorarte en tus opciones.","breadcrumb":{"@id":"https:\/\/ceolawyer.com\/espanol\/informe-de-accidente\/informe-policial-de-un-accidente-de-auto-en-georgia\/warner-robins\/#breadcrumb"},"inLanguage":"en-US","potentialAction":[{"@type":"ReadAction","target":["https:\/\/ceolawyer.com\/espanol\/informe-de-accidente\/informe-policial-de-un-accidente-de-auto-en-georgia\/warner-robins\/"]}]},{"@type":"ImageObject","inLanguage":"en-US","@id":"https:\/\/ceolawyer.com\/espanol\/informe-de-accidente\/informe-policial-de-un-accidente-de-auto-en-georgia\/warner-robins\/#primaryimage","url":"https:\/\/ceolawyer.com\/espanol\/wp-content\/uploads\/sites\/2\/2025\/12\/How-to-Obtain-Your-Warner-Robins-Police-Department-Car-Accident-Report.webp","contentUrl":"https:\/\/ceolawyer.com\/espanol\/wp-content\/uploads\/sites\/2\/2025\/12\/How-to-Obtain-Your-Warner-Robins-Police-Department-Car-Accident-Report.webp","width":500,"height":300,"caption":"Un oficial de polic\u00eda sosteniendo un cuaderno y revisando los detalles recopilados para un informe."},{"@type":"BreadcrumbList","@id":"https:\/\/ceolawyer.com\/espanol\/informe-de-accidente\/informe-policial-de-un-accidente-de-auto-en-georgia\/warner-robins\/#breadcrumb","itemListElement":[{"@type":"ListItem","position":1,"name":"Home","item":"https:\/\/ceolawyer.com\/espanol\/"},{"@type":"ListItem","position":2,"name":"Consigue el Reporte Policial de tu Accidente de Auto","item":"https:\/\/ceolawyer.com\/espanol\/informe-de-accidente\/"},{"@type":"ListItem","position":3,"name":"C\u00f3mo Solicitar el Informe Policial de un Accidente de Auto en Georgia","item":"https:\/\/ceolawyer.com\/espanol\/informe-de-accidente\/informe-policial-de-un-accidente-de-auto-en-georgia\/"},{"@type":"ListItem","position":4,"name":"C\u00f3mo obtener tu informe de accidente automovil\u00edstico del departamento de polic\u00eda de Warner Robins"}]},{"@type":"WebSite","@id":"https:\/\/ceolawyer.com\/espanol\/#website","url":"https:\/\/ceolawyer.com\/espanol\/","name":"CEO Lawyer","description":"Personal Injury Attorney","publisher":{"@id":"https:\/\/ceolawyer.com\/espanol\/#organization"},"potentialAction":[{"@type":"SearchAction","target":{"@type":"EntryPoint","urlTemplate":"https:\/\/ceolawyer.com\/espanol\/?s={search_term_string}"},"query-input":{"@type":"PropertyValueSpecification","valueRequired":true,"valueName":"search_term_string"}}],"inLanguage":"en-US"},{"@type":"Organization","@id":"https:\/\/ceolawyer.com\/espanol\/#organization","name":"CEO Lawyer","url":"https:\/\/ceolawyer.com\/espanol\/","logo":{"@type":"ImageObject","inLanguage":"en-US","@id":"https:\/\/ceolawyer.com\/espanol\/#\/schema\/logo\/image\/","url":"https:\/\/ceolawyer.com\/espanol\/wp-content\/uploads\/sites\/2\/2022\/05\/CEO_Logo.png","contentUrl":"https:\/\/ceolawyer.com\/espanol\/wp-content\/uploads\/sites\/2\/2022\/05\/CEO_Logo.png","width":200,"height":108,"caption":"CEO Lawyer"},"image":{"@id":"https:\/\/ceolawyer.com\/espanol\/#\/schema\/logo\/image\/"}}]}},"_links":{"self":[{"href":"https:\/\/ceolawyer.com\/espanol\/wp-json\/wp\/v2\/pages\/13020","targetHints":{"allow":["GET"]}}],"collection":[{"href":"https:\/\/ceolawyer.com\/espanol\/wp-json\/wp\/v2\/pages"}],"about":[{"href":"https:\/\/ceolawyer.com\/espanol\/wp-json\/wp\/v2\/types\/page"}],"author":[{"embeddable":true,"href":"https:\/\/ceolawyer.com\/espanol\/wp-json\/wp\/v2\/users\/18"}],"replies":[{"embeddable":true,"href":"https:\/\/ceolawyer.com\/espanol\/wp-json\/wp\/v2\/comments?post=13020"}],"version-history":[{"count":0,"href":"https:\/\/ceolawyer.com\/espanol\/wp-json\/wp\/v2\/pages\/13020\/revisions"}],"up":[{"embeddable":true,"href":"https:\/\/ceolawyer.com\/espanol\/wp-json\/wp\/v2\/pages\/12737"}],"wp:featuredmedia":[{"embeddable":true,"href":"https:\/\/ceolawyer.com\/espanol\/wp-json\/wp\/v2\/media\/13022"}],"wp:attachment":[{"href":"https:\/\/ceolawyer.com\/espanol\/wp-json\/wp\/v2\/media?parent=13020"}],"curies":[{"name":"wp","href":"https:\/\/api.w.org\/{rel}","templated":true}]}}