{"id":13023,"date":"2025-12-23T13:09:06","date_gmt":"2025-12-23T13:09:06","guid":{"rendered":"https:\/\/ceolawyer.com\/espanol\/?page_id=13023"},"modified":"2025-12-23T13:13:35","modified_gmt":"2025-12-23T13:13:35","slug":"wilkes-county","status":"publish","type":"page","link":"https:\/\/ceolawyer.com\/espanol\/informe-de-accidente\/informe-policial-de-un-accidente-de-auto-en-georgia\/wilkes-county\/","title":{"rendered":"C\u00f3mo obtener tu informe de accidente automovil\u00edstico del departamento de alguacil de Wilkes County"},"content":{"rendered":"<p><img decoding=\"async\" class=\"alignright size-full wp-image-13025\" src=\"https:\/\/ceolawyer.com\/espanol\/wp-content\/uploads\/sites\/2\/2025\/12\/How-to-Obtain-Your-Wilkes-County-Sheriffs-Department-Car-Accident-Report.webp\" alt=\"Un abogado ayudando a un cliente a completar formularios para complementar un informe de accidente.\" width=\"500\" height=\"300\" srcset=\"https:\/\/ceolawyer.com\/espanol\/wp-content\/uploads\/sites\/2\/2025\/12\/How-to-Obtain-Your-Wilkes-County-Sheriffs-Department-Car-Accident-Report.webp 500w, https:\/\/ceolawyer.com\/espanol\/wp-content\/uploads\/sites\/2\/2025\/12\/How-to-Obtain-Your-Wilkes-County-Sheriffs-Department-Car-Accident-Report-300x180.webp 300w\" sizes=\"(max-width: 500px) 100vw, 500px\" \/>Seamos realistas: los accidentes de auto son parte de la vida (y no del tipo divertido). Si has estado en un choque peque\u00f1o o una colisi\u00f3n m\u00e1s seria en Wilkes County, Georgia, probablemente necesites una copia del informe polic\u00edaco del departamento de alguacil de Wilkes County.<\/p>\n<p>Este informe es crucial para presentar tu reclamo de seguro, obtener asesoramiento legal y asegurar que exista un registro del accidente.<\/p>\n<p>\u00bfPero c\u00f3mo consigues este documento esencial? No te preocupes; esta gu\u00eda te navegar\u00e1 a trav\u00e9s del proceso f\u00e1cilmente para que te enfoques en regresar a manejar (\u00a1sin perder la cordura!).<\/p>\n<h2>Conseguir tu informe de accidente automovil\u00edstico del departamento de alguacil de Wilkes County<\/h2>\n<p>As\u00ed que necesitas ese informe de accidente automovil\u00edstico del departamento de alguacil de Wilkes County. Ahora, exploremos las tres maneras principales para conseguirlo:<\/p>\n<h3>Recogerlo en persona<\/h3>\n<p>A veces, una interacci\u00f3n cara a cara puede ser la ruta m\u00e1s eficiente. Ve al centro de aplicaci\u00f3n de la ley Cecil A. Moore en Washington, GA (225 Andrew Drive, Washington, GA 30673). El departamento de alguacil est\u00e1 localizado ah\u00ed mismo y est\u00e1n listos para asistirte.<\/p>\n<h3>Tel\u00e9fono<\/h3>\n<p>Si un viaje no es posible, \u00a1no te preocupes! La oficina del alguacil te tiene cubierto. Aqu\u00ed est\u00e1 su n\u00famero para pedir un informe: <a href=\"tel:+17066782224\">(706) 678-2224<\/a>. Recuerda tener tu n\u00famero de informe a la mano (si lo tienes) \u2013 esto har\u00e1 el proceso mucho m\u00e1s f\u00e1cil. \u00bfNo tienes el n\u00famero de informe? Tambi\u00e9n pueden probablemente encontrar tu informe usando detalles como la fecha del accidente, tu n\u00famero de licencia de manejo o tu nombre.<\/p>\n<h3>En l\u00ednea<\/h3>\n<p>Puedes conseguir tu informe en l\u00ednea a trav\u00e9s de una plataforma segura llamada BuyCrash.com. Este sitio es como una tienda de ventanilla para informes de accidentes, ofreciendo informaci\u00f3n detallada del accidente, incluyendo a la gente involucrada y un recuento de lo que sucedi\u00f3.<\/p>\n<p>BuyCrash.com es respetado por abogados, cortes y compa\u00f1\u00edas de seguro, entonces sabes que el informe tiene peso.<\/p>\n<p>Esto es lo que tienes que hacer:<\/p>\n<ul>\n<li>Haz clic en el link hacia <a href=\"https:\/\/buycrash.lexisnexisrisk.com\/ui\/home\">com<\/a>.<\/li>\n<li>En la p\u00e1gina de buycrash.com escoge Georgia como tu estado.<\/li>\n<li>Escoge la jurisdicci\u00f3n que investig\u00f3 tu accidente automovil\u00edstico del segundo men\u00fa desplegable, es decir, el departamento de alguacil de Wilkes County.<\/li>\n<li>Haz clic en empezar b\u00fasqueda para seguir.<\/li>\n<li>Te pedir\u00e1n escribir detalles, como:\n<ul>\n<li>Apellidos<\/li>\n<li>Fecha del accidente<\/li>\n<li>N\u00famero de caso del informe<\/li>\n<li>VIN (n\u00famero de identificaci\u00f3n vehicular)<\/li>\n<li>N\u00famero de tu licencia de manejo<\/li>\n<\/ul>\n<\/li>\n<\/ul>\n<p>Nota: puede haber una tarifa asociada a este m\u00e9todo.<\/p>\n<h2>Entendiendo tu informe de accidente polic\u00edaco<\/h2>\n<p>Ahora que tienes tu informe de accidente del departamento de alguacil de Wilkes County, \u00bfQu\u00e9 es lo que est\u00e1s viendo? Decodificamos el c\u00f3digo y entendamos los detalles comunes incluidos en estos informes:<\/p>\n<h3>Lo b\u00e1sico<\/h3>\n<p>Esta secci\u00f3n prepara el escenario para el accidente. Busca informaci\u00f3n como:<\/p>\n<ul>\n<li>Fecha, tiempo y lugar: \u00bfCu\u00e1ndo y d\u00f3nde sucedi\u00f3 el accidente? Esta precisi\u00f3n es crucial.<\/li>\n<li>Condiciones del clima y del camino: \u00bfEra un d\u00eda lluvioso o era una situaci\u00f3n de hielo en el pavimento? Las condiciones del camino pueden jugar un rol importante.<\/li>\n<li>Gente involucrada: Esta secci\u00f3n enumera los nombres y la informaci\u00f3n de contacto de todos los conductores, pasajeros y cualquier testigo que se present\u00f3.<\/li>\n<\/ul>\n<p>Acerca de los veh\u00edculos<\/p>\n<p>Ahora, el informe se enfoca en los coches involucrados en el accidente. Vas a t\u00edpicamente encontrar detalles como:<\/p>\n<ul>\n<li>Marca, modelo y a\u00f1o: \u00bfExactamente qu\u00e9 tipos de veh\u00edculos fueron involucrados?<\/li>\n<li>N\u00famero de placa: Escribe estos n\u00fameros de placa para futura referencia.<\/li>\n<li>Informaci\u00f3n de seguro: Esta secci\u00f3n enumera las compa\u00f1\u00edas de seguro de cada veh\u00edculo. \u00a1\u00datil para presentar reclamos!<\/li>\n<\/ul>\n<h3>Descripci\u00f3n del accidente<\/h3>\n<p>La descripci\u00f3n del accidente profundiza en los detalles de lo que sucedi\u00f3, incluyendo:<\/p>\n<ul>\n<li>Narrativa de los eventos: Este es un recuento jugada por jugada de c\u00f3mo se desenvolvi\u00f3 el accidente.<\/li>\n<li>Secuencia de los eventos: \u00bfQu\u00e9 sucedi\u00f3 en el choque? Esto ayuda a tener una idea completa del evento.<\/li>\n<li>Factores contribuyentes: El informe puede mencionar las posibles causas del accidente, como manejar por encima del l\u00edmite de velocidad, manejar distra\u00eddo o hasta condiciones clim\u00e1ticas.<\/li>\n<\/ul>\n<h3>Las secuelas<\/h3>\n<p>Esta secci\u00f3n detalla los costos humanos y f\u00edsicos del accidente:<\/p>\n<ul>\n<li>Lesiones: \u00bfHubo alg\u00fan conductor, pasajero o peat\u00f3n lesionado? El informe detallar\u00e1 el alcance de las lesiones, si hubo.<\/li>\n<li>Da\u00f1os de propiedad: \u00bfEl accidente caus\u00f3 da\u00f1o a los veh\u00edculos, estructuras cercanas u otra propiedad? Esta secci\u00f3n otorgar\u00e1 una descripci\u00f3n general.<\/li>\n<\/ul>\n<h3>Testimonios de testigos<\/h3>\n<p>A veces, hay testigos oculares de un accidente. Si hay, el informe incluir\u00e1:<\/p>\n<ul>\n<li>Declaraciones de testigos: \u00bfQu\u00e9 vi\u00f3 el testigo suceder? Sus recuentos pueden ser piezas valiosas de evidencia.<\/li>\n<li>Informaci\u00f3n de contacto de testigos: En caso de que necesites contactarlos para m\u00e1s informaci\u00f3n, sus detalles de contacto probablemente est\u00e9n listados aqu\u00ed.<\/li>\n<\/ul>\n<h3>El testimonio del oficial<\/h3>\n<p>Esta secci\u00f3n detalla la perspectiva de la agencia de la aplicaci\u00f3n de la ley del accidente:<\/p>\n<ul>\n<li>Detalles del oficial: \u00bfQui\u00e9n respondi\u00f3 a la escena del accidente? El informe incluir\u00e1 el nombre del oficial y su n\u00famero de placa.<\/li>\n<li>La agencia de aplicaci\u00f3n de la ley: Que agencia de aplicaci\u00f3n de la ley estuvo involucrada (el departamento de alguacil de Wilkes County, por ejemplo).<\/li>\n<li>Las observaciones y citaciones del oficial: \u00bfQu\u00e9 observ\u00f3 el oficial en la escena? \u00bfHubo citaciones emitidas?<\/li>\n<\/ul>\n<h3>Ver es creer<\/h3>\n<p>A veces, una foto (o diagrama) vale mil palabras. El informe puede incluir:<\/p>\n<ul>\n<li>Diagramas y fotos: Dibujos o diagramas pueden ilustrar la escena del accidente, posiciones de los veh\u00edculos y puntos de referencia relevantes. Las fotos de los veh\u00edculos, da\u00f1os y hasta condiciones del camino tambi\u00e9n se pueden incluir.<\/li>\n<\/ul>\n<h3>Atando cabos sueltos<\/h3>\n<p>Esta \u00faltima secci\u00f3n puede contener:<\/p>\n<ul>\n<li>Notas adicionales: El oficial investigador podr\u00eda incluir cualquier otra informaci\u00f3n relevante que crea importante.<\/li>\n<li>Testimonios de las partes involucradas: Si es posible, el oficial podr\u00eda obtener testimonios de la gente involucrada en el accidente.<\/li>\n<\/ul>\n<h2>Qu\u00e9 hacer si tu informe necesita ajustes<\/h2>\n<p>Mientras que el departamento de alguacil de Wilkes County se esmera para ser precisos, a veces los informes pueden tener errores.<\/p>\n<p>Si ves un error en tu informe, \u00a1no te angusties! Aqu\u00ed te dejamos c\u00f3mo arreglarlo:<\/p>\n<ol>\n<li>Contacta al oficial de tu caso: M\u00e1rcales y explica la discrepancia que encontraste. Tener cualquier evidencia que apoye (fotos, testimonios) a la mano mejorar\u00e1 tu caso para un cambio.<\/li>\n<li>Checa el sitio del departamento de alguacil de Wilkes County: Ve al sitio del departamento de alguacil de Wilkes County y ve si esta opci\u00f3n est\u00e1 disponible.<\/li>\n<li>La documentaci\u00f3n es clave: Recolecta cualquier foto de la escena del accidente, testimonios que hayas recolectado o cualquier detalle adicional que creas que falt\u00f3 en el informe inicial. Presenta esta informaci\u00f3n al oficial para que lo revise.<\/li>\n<li>Act\u00faa r\u00e1pido, no te esperes: Entre m\u00e1s r\u00e1pido te encargues de cualquier discrepancia, m\u00e1s f\u00e1cil ser\u00e1 que se arregle. No dejes que el tiempo convierta un peque\u00f1o error en un dolor de cabeza enorme.<\/li>\n<\/ol>\n<p>Los peque\u00f1os errores como errores de dedo se rectifican usualmente r\u00e1pido. Sin embargo, para un cambio significativo (como alterar la secuencia de eventos que result\u00f3 en el accidente), una investigaci\u00f3n m\u00e1s a fondo y la aprobaci\u00f3n de autoridades superiores podr\u00eda requerirse.<\/p>\n<p>Siempre mant\u00e9n una copia del informe original para tus registros.<\/p>\n<h2>\u00bfAbrumado por el laberinto legal?<\/h2>\n<p>Navegar los efectos legales de un accidente automovil\u00edstico puede ser estresante. Si necesitas una representaci\u00f3n legal fuerte para asegurar que tus derechos sean protegidos, no veas m\u00e1s all\u00e1 del bufete de abogados de lesi\u00f3n personal de CEO Lawyer. Nuestro equipo de <a href=\"https:\/\/ceolawyer.com\/georgia-personal-injury\/car-accident-lawyer\/\">abogados experimentados en accidentes automovil\u00edsticos en Georgia<\/a> pelear\u00e1n por la compensaci\u00f3n que mereces.<\/p>\n<p>Contacta al bufete de abogados de lesi\u00f3n personal de CEO Lawyer para una consulta gratis hoy.<\/p>\n","protected":false},"excerpt":{"rendered":"<p>Seamos realistas: los accidentes de auto son parte de la vida (y no del tipo divertido). Si has estado en un choque peque\u00f1o o una colisi\u00f3n m\u00e1s seria en Wilkes County, Georgia, probablemente necesites una copia del informe polic\u00edaco del departamento de alguacil de Wilkes County. Este informe es crucial para presentar tu reclamo de [&hellip;]<\/p>\n","protected":false},"author":18,"featured_media":13025,"parent":12737,"menu_order":0,"comment_status":"closed","ping_status":"closed","template":"","meta":{"_acf_changed":false,"footnotes":""},"class_list":["post-13023","page","type-page","status-publish","has-post-thumbnail","hentry"],"acf":[],"yoast_head":"<!-- This site is optimized with the Yoast SEO plugin v27.2 - https:\/\/yoast.com\/product\/yoast-seo-wordpress\/ -->\n<title>C\u00f3mo obtener tu informe de accidente automovil\u00edstico del departamento de alguacil de Wilkes County | CEO Lawyer<\/title>\n<meta name=\"description\" content=\"Consigue tu informe policial de accidente del departamento de polic\u00eda de Wilkes County y ll\u00e1manos al (470) 822-9057 para una consulta gratis.\" \/>\n<meta name=\"robots\" content=\"index, follow, max-snippet:-1, max-image-preview:large, max-video-preview:-1\" \/>\n<link rel=\"canonical\" href=\"https:\/\/ceolawyer.com\/espanol\/informe-de-accidente\/informe-policial-de-un-accidente-de-auto-en-georgia\/wilkes-county\/\" \/>\n<meta property=\"og:locale\" content=\"en_US\" \/>\n<meta property=\"og:type\" content=\"article\" \/>\n<meta property=\"og:title\" content=\"C\u00f3mo obtener tu informe de accidente automovil\u00edstico del departamento de alguacil de Wilkes County | CEO Lawyer\" \/>\n<meta property=\"og:description\" content=\"Consigue tu informe policial de accidente del departamento de polic\u00eda de Wilkes County y ll\u00e1manos al (470) 822-9057 para una consulta gratis.\" \/>\n<meta property=\"og:url\" content=\"https:\/\/ceolawyer.com\/espanol\/informe-de-accidente\/informe-policial-de-un-accidente-de-auto-en-georgia\/wilkes-county\/\" \/>\n<meta property=\"og:site_name\" content=\"CEO Lawyer\" \/>\n<meta property=\"article:modified_time\" content=\"2025-12-23T13:13:35+00:00\" \/>\n<meta property=\"og:image\" content=\"https:\/\/ceolawyer.com\/espanol\/wp-content\/uploads\/sites\/2\/2025\/12\/How-to-Obtain-Your-Wilkes-County-Sheriffs-Department-Car-Accident-Report.webp\" \/>\n\t<meta property=\"og:image:width\" content=\"500\" \/>\n\t<meta property=\"og:image:height\" content=\"300\" \/>\n\t<meta property=\"og:image:type\" content=\"image\/webp\" \/>\n<meta name=\"twitter:card\" content=\"summary_large_image\" \/>\n<meta name=\"twitter:label1\" content=\"Est. reading time\" \/>\n\t<meta name=\"twitter:data1\" content=\"6 minutes\" \/>\n<script type=\"application\/ld+json\" class=\"yoast-schema-graph\">{\"@context\":\"https:\/\/schema.org\",\"@graph\":[{\"@type\":\"WebPage\",\"@id\":\"https:\/\/ceolawyer.com\/espanol\/informe-de-accidente\/informe-policial-de-un-accidente-de-auto-en-georgia\/wilkes-county\/\",\"url\":\"https:\/\/ceolawyer.com\/espanol\/informe-de-accidente\/informe-policial-de-un-accidente-de-auto-en-georgia\/wilkes-county\/\",\"name\":\"C\u00f3mo obtener tu informe de accidente automovil\u00edstico del departamento de alguacil de Wilkes County | CEO Lawyer\",\"isPartOf\":{\"@id\":\"https:\/\/ceolawyer.com\/espanol\/#website\"},\"primaryImageOfPage\":{\"@id\":\"https:\/\/ceolawyer.com\/espanol\/informe-de-accidente\/informe-policial-de-un-accidente-de-auto-en-georgia\/wilkes-county\/#primaryimage\"},\"image\":{\"@id\":\"https:\/\/ceolawyer.com\/espanol\/informe-de-accidente\/informe-policial-de-un-accidente-de-auto-en-georgia\/wilkes-county\/#primaryimage\"},\"thumbnailUrl\":\"https:\/\/ceolawyer.com\/espanol\/wp-content\/uploads\/sites\/2\/2025\/12\/How-to-Obtain-Your-Wilkes-County-Sheriffs-Department-Car-Accident-Report.webp\",\"datePublished\":\"2025-12-23T13:09:06+00:00\",\"dateModified\":\"2025-12-23T13:13:35+00:00\",\"description\":\"Consigue tu informe policial de accidente del departamento de polic\u00eda de Wilkes County y ll\u00e1manos al (470) 822-9057 para una consulta gratis.\",\"breadcrumb\":{\"@id\":\"https:\/\/ceolawyer.com\/espanol\/informe-de-accidente\/informe-policial-de-un-accidente-de-auto-en-georgia\/wilkes-county\/#breadcrumb\"},\"inLanguage\":\"en-US\",\"potentialAction\":[{\"@type\":\"ReadAction\",\"target\":[\"https:\/\/ceolawyer.com\/espanol\/informe-de-accidente\/informe-policial-de-un-accidente-de-auto-en-georgia\/wilkes-county\/\"]}]},{\"@type\":\"ImageObject\",\"inLanguage\":\"en-US\",\"@id\":\"https:\/\/ceolawyer.com\/espanol\/informe-de-accidente\/informe-policial-de-un-accidente-de-auto-en-georgia\/wilkes-county\/#primaryimage\",\"url\":\"https:\/\/ceolawyer.com\/espanol\/wp-content\/uploads\/sites\/2\/2025\/12\/How-to-Obtain-Your-Wilkes-County-Sheriffs-Department-Car-Accident-Report.webp\",\"contentUrl\":\"https:\/\/ceolawyer.com\/espanol\/wp-content\/uploads\/sites\/2\/2025\/12\/How-to-Obtain-Your-Wilkes-County-Sheriffs-Department-Car-Accident-Report.webp\",\"width\":500,\"height\":300,\"caption\":\"Un abogado ayudando a un cliente a completar formularios para complementar un informe de accidente.\"},{\"@type\":\"BreadcrumbList\",\"@id\":\"https:\/\/ceolawyer.com\/espanol\/informe-de-accidente\/informe-policial-de-un-accidente-de-auto-en-georgia\/wilkes-county\/#breadcrumb\",\"itemListElement\":[{\"@type\":\"ListItem\",\"position\":1,\"name\":\"Home\",\"item\":\"https:\/\/ceolawyer.com\/espanol\/\"},{\"@type\":\"ListItem\",\"position\":2,\"name\":\"Consigue el Reporte Policial de tu Accidente de Auto\",\"item\":\"https:\/\/ceolawyer.com\/espanol\/informe-de-accidente\/\"},{\"@type\":\"ListItem\",\"position\":3,\"name\":\"C\u00f3mo Solicitar el Informe Policial de un Accidente de Auto en Georgia\",\"item\":\"https:\/\/ceolawyer.com\/espanol\/informe-de-accidente\/informe-policial-de-un-accidente-de-auto-en-georgia\/\"},{\"@type\":\"ListItem\",\"position\":4,\"name\":\"C\u00f3mo obtener tu informe de accidente automovil\u00edstico del departamento de alguacil de Wilkes County\"}]},{\"@type\":\"WebSite\",\"@id\":\"https:\/\/ceolawyer.com\/espanol\/#website\",\"url\":\"https:\/\/ceolawyer.com\/espanol\/\",\"name\":\"CEO Lawyer\",\"description\":\"Personal Injury Attorney\",\"publisher\":{\"@id\":\"https:\/\/ceolawyer.com\/espanol\/#organization\"},\"potentialAction\":[{\"@type\":\"SearchAction\",\"target\":{\"@type\":\"EntryPoint\",\"urlTemplate\":\"https:\/\/ceolawyer.com\/espanol\/?s={search_term_string}\"},\"query-input\":{\"@type\":\"PropertyValueSpecification\",\"valueRequired\":true,\"valueName\":\"search_term_string\"}}],\"inLanguage\":\"en-US\"},{\"@type\":\"Organization\",\"@id\":\"https:\/\/ceolawyer.com\/espanol\/#organization\",\"name\":\"CEO Lawyer\",\"url\":\"https:\/\/ceolawyer.com\/espanol\/\",\"logo\":{\"@type\":\"ImageObject\",\"inLanguage\":\"en-US\",\"@id\":\"https:\/\/ceolawyer.com\/espanol\/#\/schema\/logo\/image\/\",\"url\":\"https:\/\/ceolawyer.com\/espanol\/wp-content\/uploads\/sites\/2\/2022\/05\/CEO_Logo.png\",\"contentUrl\":\"https:\/\/ceolawyer.com\/espanol\/wp-content\/uploads\/sites\/2\/2022\/05\/CEO_Logo.png\",\"width\":200,\"height\":108,\"caption\":\"CEO Lawyer\"},\"image\":{\"@id\":\"https:\/\/ceolawyer.com\/espanol\/#\/schema\/logo\/image\/\"}}]}<\/script>\n<!-- \/ Yoast SEO plugin. -->","yoast_head_json":{"title":"C\u00f3mo obtener tu informe de accidente automovil\u00edstico del departamento de alguacil de Wilkes County | CEO Lawyer","description":"Consigue tu informe policial de accidente del departamento de polic\u00eda de Wilkes County y ll\u00e1manos al (470) 822-9057 para una consulta gratis.","robots":{"index":"index","follow":"follow","max-snippet":"max-snippet:-1","max-image-preview":"max-image-preview:large","max-video-preview":"max-video-preview:-1"},"canonical":"https:\/\/ceolawyer.com\/espanol\/informe-de-accidente\/informe-policial-de-un-accidente-de-auto-en-georgia\/wilkes-county\/","og_locale":"en_US","og_type":"article","og_title":"C\u00f3mo obtener tu informe de accidente automovil\u00edstico del departamento de alguacil de Wilkes County | CEO Lawyer","og_description":"Consigue tu informe policial de accidente del departamento de polic\u00eda de Wilkes County y ll\u00e1manos al (470) 822-9057 para una consulta gratis.","og_url":"https:\/\/ceolawyer.com\/espanol\/informe-de-accidente\/informe-policial-de-un-accidente-de-auto-en-georgia\/wilkes-county\/","og_site_name":"CEO Lawyer","article_modified_time":"2025-12-23T13:13:35+00:00","og_image":[{"width":500,"height":300,"url":"https:\/\/ceolawyer.com\/espanol\/wp-content\/uploads\/sites\/2\/2025\/12\/How-to-Obtain-Your-Wilkes-County-Sheriffs-Department-Car-Accident-Report.webp","type":"image\/webp"}],"twitter_card":"summary_large_image","twitter_misc":{"Est. reading time":"6 minutes"},"schema":{"@context":"https:\/\/schema.org","@graph":[{"@type":"WebPage","@id":"https:\/\/ceolawyer.com\/espanol\/informe-de-accidente\/informe-policial-de-un-accidente-de-auto-en-georgia\/wilkes-county\/","url":"https:\/\/ceolawyer.com\/espanol\/informe-de-accidente\/informe-policial-de-un-accidente-de-auto-en-georgia\/wilkes-county\/","name":"C\u00f3mo obtener tu informe de accidente automovil\u00edstico del departamento de alguacil de Wilkes County | CEO Lawyer","isPartOf":{"@id":"https:\/\/ceolawyer.com\/espanol\/#website"},"primaryImageOfPage":{"@id":"https:\/\/ceolawyer.com\/espanol\/informe-de-accidente\/informe-policial-de-un-accidente-de-auto-en-georgia\/wilkes-county\/#primaryimage"},"image":{"@id":"https:\/\/ceolawyer.com\/espanol\/informe-de-accidente\/informe-policial-de-un-accidente-de-auto-en-georgia\/wilkes-county\/#primaryimage"},"thumbnailUrl":"https:\/\/ceolawyer.com\/espanol\/wp-content\/uploads\/sites\/2\/2025\/12\/How-to-Obtain-Your-Wilkes-County-Sheriffs-Department-Car-Accident-Report.webp","datePublished":"2025-12-23T13:09:06+00:00","dateModified":"2025-12-23T13:13:35+00:00","description":"Consigue tu informe policial de accidente del departamento de polic\u00eda de Wilkes County y ll\u00e1manos al (470) 822-9057 para una consulta gratis.","breadcrumb":{"@id":"https:\/\/ceolawyer.com\/espanol\/informe-de-accidente\/informe-policial-de-un-accidente-de-auto-en-georgia\/wilkes-county\/#breadcrumb"},"inLanguage":"en-US","potentialAction":[{"@type":"ReadAction","target":["https:\/\/ceolawyer.com\/espanol\/informe-de-accidente\/informe-policial-de-un-accidente-de-auto-en-georgia\/wilkes-county\/"]}]},{"@type":"ImageObject","inLanguage":"en-US","@id":"https:\/\/ceolawyer.com\/espanol\/informe-de-accidente\/informe-policial-de-un-accidente-de-auto-en-georgia\/wilkes-county\/#primaryimage","url":"https:\/\/ceolawyer.com\/espanol\/wp-content\/uploads\/sites\/2\/2025\/12\/How-to-Obtain-Your-Wilkes-County-Sheriffs-Department-Car-Accident-Report.webp","contentUrl":"https:\/\/ceolawyer.com\/espanol\/wp-content\/uploads\/sites\/2\/2025\/12\/How-to-Obtain-Your-Wilkes-County-Sheriffs-Department-Car-Accident-Report.webp","width":500,"height":300,"caption":"Un abogado ayudando a un cliente a completar formularios para complementar un informe de accidente."},{"@type":"BreadcrumbList","@id":"https:\/\/ceolawyer.com\/espanol\/informe-de-accidente\/informe-policial-de-un-accidente-de-auto-en-georgia\/wilkes-county\/#breadcrumb","itemListElement":[{"@type":"ListItem","position":1,"name":"Home","item":"https:\/\/ceolawyer.com\/espanol\/"},{"@type":"ListItem","position":2,"name":"Consigue el Reporte Policial de tu Accidente de Auto","item":"https:\/\/ceolawyer.com\/espanol\/informe-de-accidente\/"},{"@type":"ListItem","position":3,"name":"C\u00f3mo Solicitar el Informe Policial de un Accidente de Auto en Georgia","item":"https:\/\/ceolawyer.com\/espanol\/informe-de-accidente\/informe-policial-de-un-accidente-de-auto-en-georgia\/"},{"@type":"ListItem","position":4,"name":"C\u00f3mo obtener tu informe de accidente automovil\u00edstico del departamento de alguacil de Wilkes County"}]},{"@type":"WebSite","@id":"https:\/\/ceolawyer.com\/espanol\/#website","url":"https:\/\/ceolawyer.com\/espanol\/","name":"CEO Lawyer","description":"Personal Injury Attorney","publisher":{"@id":"https:\/\/ceolawyer.com\/espanol\/#organization"},"potentialAction":[{"@type":"SearchAction","target":{"@type":"EntryPoint","urlTemplate":"https:\/\/ceolawyer.com\/espanol\/?s={search_term_string}"},"query-input":{"@type":"PropertyValueSpecification","valueRequired":true,"valueName":"search_term_string"}}],"inLanguage":"en-US"},{"@type":"Organization","@id":"https:\/\/ceolawyer.com\/espanol\/#organization","name":"CEO Lawyer","url":"https:\/\/ceolawyer.com\/espanol\/","logo":{"@type":"ImageObject","inLanguage":"en-US","@id":"https:\/\/ceolawyer.com\/espanol\/#\/schema\/logo\/image\/","url":"https:\/\/ceolawyer.com\/espanol\/wp-content\/uploads\/sites\/2\/2022\/05\/CEO_Logo.png","contentUrl":"https:\/\/ceolawyer.com\/espanol\/wp-content\/uploads\/sites\/2\/2022\/05\/CEO_Logo.png","width":200,"height":108,"caption":"CEO Lawyer"},"image":{"@id":"https:\/\/ceolawyer.com\/espanol\/#\/schema\/logo\/image\/"}}]}},"_links":{"self":[{"href":"https:\/\/ceolawyer.com\/espanol\/wp-json\/wp\/v2\/pages\/13023","targetHints":{"allow":["GET"]}}],"collection":[{"href":"https:\/\/ceolawyer.com\/espanol\/wp-json\/wp\/v2\/pages"}],"about":[{"href":"https:\/\/ceolawyer.com\/espanol\/wp-json\/wp\/v2\/types\/page"}],"author":[{"embeddable":true,"href":"https:\/\/ceolawyer.com\/espanol\/wp-json\/wp\/v2\/users\/18"}],"replies":[{"embeddable":true,"href":"https:\/\/ceolawyer.com\/espanol\/wp-json\/wp\/v2\/comments?post=13023"}],"version-history":[{"count":0,"href":"https:\/\/ceolawyer.com\/espanol\/wp-json\/wp\/v2\/pages\/13023\/revisions"}],"up":[{"embeddable":true,"href":"https:\/\/ceolawyer.com\/espanol\/wp-json\/wp\/v2\/pages\/12737"}],"wp:featuredmedia":[{"embeddable":true,"href":"https:\/\/ceolawyer.com\/espanol\/wp-json\/wp\/v2\/media\/13025"}],"wp:attachment":[{"href":"https:\/\/ceolawyer.com\/espanol\/wp-json\/wp\/v2\/media?parent=13023"}],"curies":[{"name":"wp","href":"https:\/\/api.w.org\/{rel}","templated":true}]}}