{"id":13088,"date":"2026-03-10T16:35:14","date_gmt":"2026-03-10T16:35:14","guid":{"rendered":"https:\/\/ceolawyer.com\/espanol\/?page_id=13088"},"modified":"2026-03-10T16:40:07","modified_gmt":"2026-03-10T16:40:07","slug":"areas-de-practica","status":"publish","type":"page","link":"https:\/\/ceolawyer.com\/espanol\/lesiones-personales\/areas-de-practica\/","title":{"rendered":"\u00c1reas de pr\u00e1ctica en lesiones personales"},"content":{"rendered":"<p>Resumen clave sobre las \u00e1reas de pr\u00e1ctica en casos de lesiones personales<\/p>\n<p>CEO Lawyer Personal Injury Law Firm maneja casos de accidentes, negligencia y lesiones personales en m\u00faltiples \u00e1reas.<\/p>\n<p>Puedes recibir una consulta de tu caso de forma gratuita y confidencial para evaluar tus opciones legales.<\/p>\n<p>Recibe apoyo en reclamaciones por productos defectuosos, negligencia m\u00e9dica y muerte por negligencia.<\/p>\n<p>Y orientaci\u00f3n en casos de compensaci\u00f3n laboral y accidentes con conductores sin seguro.<\/p>\n<p>El equipo analiza cada caso conforme a la ley aplicable y las circunstancias espec\u00edficas.<\/p>\n<p>\u00bfNecesitas ayuda? Llama al <a href=\"tel:+18885593584\">(888) 559-3584<\/a>.<\/p>\n<h2>Brind\u00e1ndote recursos legales cuando m\u00e1s los necesitas<\/h2>\n<p><img decoding=\"async\" class=\"alignright size-full wp-image-13090\" src=\"https:\/\/ceolawyer.com\/espanol\/wp-content\/uploads\/sites\/2\/2026\/03\/personal-injury-practice-areas-es.webp\" alt=\"Lesiones personales\" width=\"500\" height=\"261\" srcset=\"https:\/\/ceolawyer.com\/espanol\/wp-content\/uploads\/sites\/2\/2026\/03\/personal-injury-practice-areas-es.webp 500w, https:\/\/ceolawyer.com\/espanol\/wp-content\/uploads\/sites\/2\/2026\/03\/personal-injury-practice-areas-es-300x157.webp 300w\" sizes=\"(max-width: 500px) 100vw, 500px\" \/>Los abogados de lesiones y accidentes en CEO Lawyer Personal Injury Law Firm est\u00e1n listos para actuar cuando m\u00e1s lo necesitas. Despu\u00e9s de sufrir una lesi\u00f3n, podemos ayudarte a desarrollar una estrategia legal y manejar cada aspecto de tu caso. Comun\u00edcate con los abogados de lesiones personales de CEO Lawyer Personal Injury Law Firm para recibir orientaci\u00f3n personalizada sobre los pr\u00f3ximos pasos en tu caso. Con el paso del tiempo, puede volverse m\u00e1s dif\u00edcil reunir evidencia y respaldar tu reclamaci\u00f3n, por lo que actuar con prontitud puede ser importante.<\/p>\n<p>Descubre por qu\u00e9 tantas personas conf\u00edan en nosotros para representarlas en su reclamaci\u00f3n por lesiones personales durante una revisi\u00f3n de caso gratuita y sin obligaci\u00f3n. Podemos llamarte, reunirnos de forma remota o acudir a donde est\u00e9s seg\u00fan disponibilidad. Programa tu cita gratuita con abogados con experiencia en tu \u00e1rea llamando al (888) 559-3584 o cont\u00e1ctanos en l\u00ednea hoy mismo.<\/p>\n<h2>\u00c1reas de pr\u00e1ctica de la firma de lesiones personales<\/h2>\n<h3><a href=\"https:\/\/ceolawyer.com\/personal-injury\/car-accident-lawyer\/\">Accidente de auto<\/a><\/h3>\n<p>Los accidentes de veh\u00edculos de motor son una de las principales causas de lesiones y muerte en Estados Unidos. Despu\u00e9s de sufrir lesiones y p\u00e9rdidas, no dependas \u00fanicamente de las aseguradoras para proteger tus intereses; considera buscar orientaci\u00f3n legal de CEO Lawyer Personal Injury Law Firm.<\/p>\n<h3><a href=\"https:\/\/ceolawyer.com\/personal-injury\/bicycle-accident-lawyer\/\">Accidente de bicicleta<\/a><\/h3>\n<p>Los accidentes de bicicleta pueden ser devastadores y provocar lesiones graves con largos periodos de recuperaci\u00f3n. Si t\u00fa o un ser querido resultaron lesionados mientras andaban en bicicleta, comun\u00edcate con CEO Lawyer Personal Injury Law Firm para explorar tus opciones legales de compensaci\u00f3n.<\/p>\n<h3><a href=\"https:\/\/ceolawyer.com\/personal-injury\/defective-products-lawyer\/\">Productos defectuosos<\/a><\/h3>\n<p>Los fabricantes tienen la obligaci\u00f3n legal de no poner en el mercado productos peligrosos. Si sufriste lesiones por un producto defectuoso, comun\u00edcate con nuestros abogados de responsabilidad por productos para evaluar tu caso y analizar posibles acciones legales.<\/p>\n<h3><a href=\"https:\/\/ceolawyer.com\/personal-injury\/dog-bite-lawyer\/\">Mordedura de perro<\/a><\/h3>\n<p>Las mordeduras de perro pueden causar complicaciones m\u00e9dicas importantes y cicatrices o desfiguraci\u00f3n permanente. La experiencia tambi\u00e9n puede dejar secuelas emocionales. Puedes explorar tus opciones legales para buscar compensaci\u00f3n con nuestros abogados a tu lado.<\/p>\n<h3><a href=\"https:\/\/ceolawyer.com\/personal-injury\/drunk-driving-accident-lawyer\/\">Conducci\u00f3n bajo la influencia<\/a><\/h3>\n<p>Seg\u00fan la Administraci\u00f3n Nacional de Seguridad del Tr\u00e1fico en las Carreteras (NHTSA), la conducci\u00f3n bajo la influencia del alcohol causa m\u00faltiples muertes cada d\u00eda en el pa\u00eds. Cuando la decisi\u00f3n irresponsable de alguien te causa da\u00f1o a ti o a tus seres queridos, puedes ejercer tus derechos legales para buscar responsabilidad conforme a la ley.<\/p>\n<h3><a href=\"https:\/\/ceolawyer.com\/personal-injury\/hit-and-run-accident-lawyer\/\">Accidentes de choque y fuga<\/a><\/h3>\n<p>Los accidentes en los que el conductor huye pueden ser devastadores tanto m\u00e9dica como financieramente. Con CEO Lawyer Personal Injury Law Firm de tu lado, puedes analizar las v\u00edas legales disponibles para buscar compensaci\u00f3n por tus lesiones y, cuando sea posible, identificar al responsable.<\/p>\n<h3><a href=\"https:\/\/ceolawyer.com\/personal-injury\/medical-malpractice-lawyer\/\">Negligencia m\u00e9dica<\/a><\/h3>\n<p>Los casos de negligencia m\u00e9dica requieren experiencia, investigaci\u00f3n y amplios recursos legales. Podemos trabajar para evaluar si un proveedor de salud se apart\u00f3 del est\u00e1ndar de cuidado aplicable y si ello te caus\u00f3 da\u00f1os compensables conforme a la ley.<\/p>\n<h3><a href=\"https:\/\/ceolawyer.com\/personal-injury\/motorcycle-accident-lawyer\/\">Accidente de motocicleta<\/a><\/h3>\n<p>Un accidente en motocicleta puede cambiar tu vida en un instante. Es posible que enfrentes lesiones graves, un proceso de recuperaci\u00f3n prolongado y gastos crecientes. Podemos ayudarte a explorar tus derechos legales para reclamar los da\u00f1os que hayas sufrido.<\/p>\n<h3><a href=\"https:\/\/ceolawyer.com\/personal-injury\/negligence-lawyer\/\">Negligencia<\/a><\/h3>\n<p>La negligencia puede consistir en cualquier acto u omisi\u00f3n en el que una persona o empresa no cumpla con su deber de cuidado. Podemos analizar tu caso, identificar a las partes potencialmente responsables y evaluar c\u00f3mo su conducta pudo haber contribuido a tus p\u00e9rdidas.<\/p>\n<h3><a href=\"https:\/\/ceolawyer.com\/personal-injury\/pedestrian-accident-lawyer\/\">Accidentes peatonales<\/a><\/h3>\n<p>Los accidentes de peatones han aumentado y afectan a personas particularmente vulnerables. Si t\u00fa o un ser querido resultaron lesionados como peatones, podemos ayudarte a ejercer tus derechos legales para buscar compensaci\u00f3n en la m\u00e1xima medida permitida por la ley.<\/p>\n<h3><a href=\"https:\/\/ceolawyer.com\/personal-injury\/\">Lesiones personales<\/a><\/h3>\n<p>Una lesi\u00f3n personal no deber\u00eda obligarte a tomar decisiones m\u00e9dicas imposibles ni llevarte a dificultades financieras extremas. Puedes contar con abogados de lesiones con experiencia en tu \u00e1rea para evaluar tu caso y buscar la compensaci\u00f3n que corresponda conforme a la ley.<\/p>\n<h3><a href=\"https:\/\/ceolawyer.com\/personal-injury\/rideshare-accident-lawyer\/\">Accidentes de rideshare<\/a><\/h3>\n<p>Las compa\u00f1\u00edas de transporte por aplicaci\u00f3n a menudo cuentan con estructuras de seguro complejas. Si sufriste lesiones durante un viaje o por la conducta de un conductor de rideshare, puedes trabajar con CEO Lawyer Personal Injury Law Firm para analizar las fuentes de compensaci\u00f3n disponibles.<\/p>\n<h3><a href=\"https:\/\/ceolawyer.com\/personal-injury\/slip-and-fall-injury-accident-lawyer\/\">Accidentes por resbal\u00f3n y ca\u00edda<\/a><\/h3>\n<p>Las ca\u00eddas son una causa frecuente de lesiones, discapacidad y muerte, especialmente entre personas mayores y ni\u00f1os peque\u00f1os. Muchos accidentes por resbal\u00f3n y ca\u00edda pueden prevenirse cuando los propietarios mantienen condiciones seguras. Puedes buscar demostrar responsabilidad con el apoyo de CEO Lawyer Personal Injury Law Firm.<\/p>\n<h3><a href=\"https:\/\/ceolawyer.com\/personal-injury\/truck-accident-lawyer\/\">Accidentes de cami\u00f3n<\/a><\/h3>\n<p>Las empresas de transporte pueden presentar defensas complejas cuando se trata de recuperar el monto total de los da\u00f1os. Trabaja con CEO Lawyer Personal Injury Law Firm para investigar qui\u00e9n puede ser responsable de tus lesiones y buscar la compensaci\u00f3n disponible conforme a la ley aplicable. No se garantiza ning\u00fan resultado espec\u00edfico.<\/p>\n<h3><a href=\"https:\/\/ceolawyer.com\/personal-injury\/uninsured-motorist-accident-lawyer\/\">Conductor sin seguro<\/a><\/h3>\n<p>Algunos conductores incumplen con la obligaci\u00f3n legal de contar con seguro. Cuando causan un accidente, las v\u00edctimas pueden enfrentar dificultades para recuperar sus p\u00e9rdidas. No enfrentes esta situaci\u00f3n solo; puedes explorar todas las fuentes de compensaci\u00f3n disponibles con el apoyo de CEO Lawyer Personal Injury Law Firm.<\/p>\n<h3><a href=\"https:\/\/ceolawyer.com\/personal-injury\/workers-compensation-lawyer\/\">Compensaci\u00f3n laboral<\/a><\/h3>\n<p>Las reclamaciones de compensaci\u00f3n laboral deber\u00edan ser directas, pero a menudo no lo son. Contar con representaci\u00f3n de un abogado de compensaci\u00f3n laboral puede ayudarte a entender tus derechos y a utilizar los recursos disponibles para buscar los beneficios correspondientes conforme a la ley.<\/p>\n<h3><a href=\"https:\/\/ceolawyer.com\/personal-injury\/wrongful-death-lawyer\/\">Muerte por negligencia<\/a><\/h3>\n<p>La p\u00e9rdida tr\u00e1gica de un ser querido puede agravarse cuando las partes responsables no rinden cuentas. Podemos ayudarte a identificar a todas las partes que pudieron haber contribuido al da\u00f1o y a buscar el valor legal de las p\u00e9rdidas sufridas por ti y tu familia, conforme a las disposiciones aplicables.<\/p>\n<h2>El equipo de CEO Lawyer Personal Injury Law Firm act\u00faa en tu defensa<\/h2>\n<p>CEO Lawyer Personal Injury Law Firm utiliza las herramientas legales disponibles para explorar todas las opciones mientras buscas tu recuperaci\u00f3n tras una lesi\u00f3n. No tienes que sentirte solo en el proceso. Podemos conectarte con profesionales que apoyen tu recuperaci\u00f3n y ayudarte a ejercer tus derechos para reclamar los da\u00f1os que correspondan conforme a la ley.<\/p>\n<p>Buscar compensaci\u00f3n puede ser estresante y complejo, pero no tienes que rendirte. Comun\u00edcate con nosotros a trav\u00e9s de nuestro <a href=\"https:\/\/ceolawyer.com\/contact-us\/\">formulario en l\u00ednea<\/a> o llama al <a href=\"tel:+18885593584\">(888) 559-3584<\/a> para hablar con un abogado de lesiones personales cercano a ti durante una revisi\u00f3n de caso confidencial y completamente gratuita.<\/p>\n","protected":false},"excerpt":{"rendered":"<p>Resumen clave sobre las \u00e1reas de pr\u00e1ctica en casos de lesiones personales CEO Lawyer Personal Injury Law Firm maneja casos de accidentes, negligencia y lesiones personales en m\u00faltiples \u00e1reas. Puedes recibir una consulta de tu caso de forma gratuita y confidencial para evaluar tus opciones legales. Recibe apoyo en reclamaciones por productos defectuosos, negligencia m\u00e9dica [&hellip;]<\/p>\n","protected":false},"author":18,"featured_media":13090,"parent":13085,"menu_order":0,"comment_status":"closed","ping_status":"closed","template":"","meta":{"_acf_changed":false,"footnotes":""},"class_list":["post-13088","page","type-page","status-publish","has-post-thumbnail","hentry"],"acf":[],"yoast_head":"<!-- This site is optimized with the Yoast SEO plugin v27.2 - https:\/\/yoast.com\/product\/yoast-seo-wordpress\/ -->\n<title>\u00c1reas de pr\u00e1ctica en lesiones personales | CEO Lawyer<\/title>\n<meta name=\"description\" content=\"Los abogados de lesiones y accidentes de CEO Lawyer Personal Injury Law Firm ayudan a sus clientes a obtener una indemnizaci\u00f3n adecuada para una amplia variedad de \u00e1reas de pr\u00e1ctica. \u00a1Llama hoy mismo!\" \/>\n<meta name=\"robots\" content=\"index, follow, max-snippet:-1, max-image-preview:large, max-video-preview:-1\" \/>\n<link rel=\"canonical\" href=\"https:\/\/ceolawyer.com\/espanol\/lesiones-personales\/areas-de-practica\/\" \/>\n<meta property=\"og:locale\" content=\"en_US\" \/>\n<meta property=\"og:type\" content=\"article\" \/>\n<meta property=\"og:title\" content=\"\u00c1reas de pr\u00e1ctica en lesiones personales | CEO Lawyer\" \/>\n<meta property=\"og:description\" content=\"Los abogados de lesiones y accidentes de CEO Lawyer Personal Injury Law Firm ayudan a sus clientes a obtener una indemnizaci\u00f3n adecuada para una amplia variedad de \u00e1reas de pr\u00e1ctica. \u00a1Llama hoy mismo!\" \/>\n<meta property=\"og:url\" content=\"https:\/\/ceolawyer.com\/espanol\/lesiones-personales\/areas-de-practica\/\" \/>\n<meta property=\"og:site_name\" content=\"CEO Lawyer\" \/>\n<meta property=\"article:modified_time\" content=\"2026-03-10T16:40:07+00:00\" \/>\n<meta property=\"og:image\" content=\"https:\/\/ceolawyer.com\/espanol\/wp-content\/uploads\/sites\/2\/2026\/03\/personal-injury-practice-areas-es.webp\" \/>\n\t<meta property=\"og:image:width\" content=\"500\" \/>\n\t<meta property=\"og:image:height\" content=\"261\" \/>\n\t<meta property=\"og:image:type\" content=\"image\/webp\" \/>\n<meta name=\"twitter:card\" content=\"summary_large_image\" \/>\n<meta name=\"twitter:label1\" content=\"Est. reading time\" \/>\n\t<meta name=\"twitter:data1\" content=\"6 minutes\" \/>\n<script type=\"application\/ld+json\" class=\"yoast-schema-graph\">{\"@context\":\"https:\/\/schema.org\",\"@graph\":[{\"@type\":\"WebPage\",\"@id\":\"https:\/\/ceolawyer.com\/espanol\/lesiones-personales\/areas-de-practica\/\",\"url\":\"https:\/\/ceolawyer.com\/espanol\/lesiones-personales\/areas-de-practica\/\",\"name\":\"\u00c1reas de pr\u00e1ctica en lesiones personales | CEO Lawyer\",\"isPartOf\":{\"@id\":\"https:\/\/ceolawyer.com\/espanol\/#website\"},\"primaryImageOfPage\":{\"@id\":\"https:\/\/ceolawyer.com\/espanol\/lesiones-personales\/areas-de-practica\/#primaryimage\"},\"image\":{\"@id\":\"https:\/\/ceolawyer.com\/espanol\/lesiones-personales\/areas-de-practica\/#primaryimage\"},\"thumbnailUrl\":\"https:\/\/ceolawyer.com\/espanol\/wp-content\/uploads\/sites\/2\/2026\/03\/personal-injury-practice-areas-es.webp\",\"datePublished\":\"2026-03-10T16:35:14+00:00\",\"dateModified\":\"2026-03-10T16:40:07+00:00\",\"description\":\"Los abogados de lesiones y accidentes de CEO Lawyer Personal Injury Law Firm ayudan a sus clientes a obtener una indemnizaci\u00f3n adecuada para una amplia variedad de \u00e1reas de pr\u00e1ctica. \u00a1Llama hoy mismo!\",\"breadcrumb\":{\"@id\":\"https:\/\/ceolawyer.com\/espanol\/lesiones-personales\/areas-de-practica\/#breadcrumb\"},\"inLanguage\":\"en-US\",\"potentialAction\":[{\"@type\":\"ReadAction\",\"target\":[\"https:\/\/ceolawyer.com\/espanol\/lesiones-personales\/areas-de-practica\/\"]}]},{\"@type\":\"ImageObject\",\"inLanguage\":\"en-US\",\"@id\":\"https:\/\/ceolawyer.com\/espanol\/lesiones-personales\/areas-de-practica\/#primaryimage\",\"url\":\"https:\/\/ceolawyer.com\/espanol\/wp-content\/uploads\/sites\/2\/2026\/03\/personal-injury-practice-areas-es.webp\",\"contentUrl\":\"https:\/\/ceolawyer.com\/espanol\/wp-content\/uploads\/sites\/2\/2026\/03\/personal-injury-practice-areas-es.webp\",\"width\":500,\"height\":261,\"caption\":\"Lesiones personales\"},{\"@type\":\"BreadcrumbList\",\"@id\":\"https:\/\/ceolawyer.com\/espanol\/lesiones-personales\/areas-de-practica\/#breadcrumb\",\"itemListElement\":[{\"@type\":\"ListItem\",\"position\":1,\"name\":\"Home\",\"item\":\"https:\/\/ceolawyer.com\/espanol\/\"},{\"@type\":\"ListItem\",\"position\":2,\"name\":\"Abogado de lesiones personales\",\"item\":\"https:\/\/ceolawyer.com\/espanol\/lesiones-personales\/\"},{\"@type\":\"ListItem\",\"position\":3,\"name\":\"\u00c1reas de pr\u00e1ctica en lesiones personales\"}]},{\"@type\":\"WebSite\",\"@id\":\"https:\/\/ceolawyer.com\/espanol\/#website\",\"url\":\"https:\/\/ceolawyer.com\/espanol\/\",\"name\":\"CEO Lawyer\",\"description\":\"Personal Injury Attorney\",\"publisher\":{\"@id\":\"https:\/\/ceolawyer.com\/espanol\/#organization\"},\"potentialAction\":[{\"@type\":\"SearchAction\",\"target\":{\"@type\":\"EntryPoint\",\"urlTemplate\":\"https:\/\/ceolawyer.com\/espanol\/?s={search_term_string}\"},\"query-input\":{\"@type\":\"PropertyValueSpecification\",\"valueRequired\":true,\"valueName\":\"search_term_string\"}}],\"inLanguage\":\"en-US\"},{\"@type\":\"Organization\",\"@id\":\"https:\/\/ceolawyer.com\/espanol\/#organization\",\"name\":\"CEO Lawyer\",\"url\":\"https:\/\/ceolawyer.com\/espanol\/\",\"logo\":{\"@type\":\"ImageObject\",\"inLanguage\":\"en-US\",\"@id\":\"https:\/\/ceolawyer.com\/espanol\/#\/schema\/logo\/image\/\",\"url\":\"https:\/\/ceolawyer.com\/espanol\/wp-content\/uploads\/sites\/2\/2022\/05\/CEO_Logo.png\",\"contentUrl\":\"https:\/\/ceolawyer.com\/espanol\/wp-content\/uploads\/sites\/2\/2022\/05\/CEO_Logo.png\",\"width\":200,\"height\":108,\"caption\":\"CEO Lawyer\"},\"image\":{\"@id\":\"https:\/\/ceolawyer.com\/espanol\/#\/schema\/logo\/image\/\"}}]}<\/script>\n<!-- \/ Yoast SEO plugin. -->","yoast_head_json":{"title":"\u00c1reas de pr\u00e1ctica en lesiones personales | CEO Lawyer","description":"Los abogados de lesiones y accidentes de CEO Lawyer Personal Injury Law Firm ayudan a sus clientes a obtener una indemnizaci\u00f3n adecuada para una amplia variedad de \u00e1reas de pr\u00e1ctica. \u00a1Llama hoy mismo!","robots":{"index":"index","follow":"follow","max-snippet":"max-snippet:-1","max-image-preview":"max-image-preview:large","max-video-preview":"max-video-preview:-1"},"canonical":"https:\/\/ceolawyer.com\/espanol\/lesiones-personales\/areas-de-practica\/","og_locale":"en_US","og_type":"article","og_title":"\u00c1reas de pr\u00e1ctica en lesiones personales | CEO Lawyer","og_description":"Los abogados de lesiones y accidentes de CEO Lawyer Personal Injury Law Firm ayudan a sus clientes a obtener una indemnizaci\u00f3n adecuada para una amplia variedad de \u00e1reas de pr\u00e1ctica. \u00a1Llama hoy mismo!","og_url":"https:\/\/ceolawyer.com\/espanol\/lesiones-personales\/areas-de-practica\/","og_site_name":"CEO Lawyer","article_modified_time":"2026-03-10T16:40:07+00:00","og_image":[{"width":500,"height":261,"url":"https:\/\/ceolawyer.com\/espanol\/wp-content\/uploads\/sites\/2\/2026\/03\/personal-injury-practice-areas-es.webp","type":"image\/webp"}],"twitter_card":"summary_large_image","twitter_misc":{"Est. reading time":"6 minutes"},"schema":{"@context":"https:\/\/schema.org","@graph":[{"@type":"WebPage","@id":"https:\/\/ceolawyer.com\/espanol\/lesiones-personales\/areas-de-practica\/","url":"https:\/\/ceolawyer.com\/espanol\/lesiones-personales\/areas-de-practica\/","name":"\u00c1reas de pr\u00e1ctica en lesiones personales | CEO Lawyer","isPartOf":{"@id":"https:\/\/ceolawyer.com\/espanol\/#website"},"primaryImageOfPage":{"@id":"https:\/\/ceolawyer.com\/espanol\/lesiones-personales\/areas-de-practica\/#primaryimage"},"image":{"@id":"https:\/\/ceolawyer.com\/espanol\/lesiones-personales\/areas-de-practica\/#primaryimage"},"thumbnailUrl":"https:\/\/ceolawyer.com\/espanol\/wp-content\/uploads\/sites\/2\/2026\/03\/personal-injury-practice-areas-es.webp","datePublished":"2026-03-10T16:35:14+00:00","dateModified":"2026-03-10T16:40:07+00:00","description":"Los abogados de lesiones y accidentes de CEO Lawyer Personal Injury Law Firm ayudan a sus clientes a obtener una indemnizaci\u00f3n adecuada para una amplia variedad de \u00e1reas de pr\u00e1ctica. \u00a1Llama hoy mismo!","breadcrumb":{"@id":"https:\/\/ceolawyer.com\/espanol\/lesiones-personales\/areas-de-practica\/#breadcrumb"},"inLanguage":"en-US","potentialAction":[{"@type":"ReadAction","target":["https:\/\/ceolawyer.com\/espanol\/lesiones-personales\/areas-de-practica\/"]}]},{"@type":"ImageObject","inLanguage":"en-US","@id":"https:\/\/ceolawyer.com\/espanol\/lesiones-personales\/areas-de-practica\/#primaryimage","url":"https:\/\/ceolawyer.com\/espanol\/wp-content\/uploads\/sites\/2\/2026\/03\/personal-injury-practice-areas-es.webp","contentUrl":"https:\/\/ceolawyer.com\/espanol\/wp-content\/uploads\/sites\/2\/2026\/03\/personal-injury-practice-areas-es.webp","width":500,"height":261,"caption":"Lesiones personales"},{"@type":"BreadcrumbList","@id":"https:\/\/ceolawyer.com\/espanol\/lesiones-personales\/areas-de-practica\/#breadcrumb","itemListElement":[{"@type":"ListItem","position":1,"name":"Home","item":"https:\/\/ceolawyer.com\/espanol\/"},{"@type":"ListItem","position":2,"name":"Abogado de lesiones personales","item":"https:\/\/ceolawyer.com\/espanol\/lesiones-personales\/"},{"@type":"ListItem","position":3,"name":"\u00c1reas de pr\u00e1ctica en lesiones personales"}]},{"@type":"WebSite","@id":"https:\/\/ceolawyer.com\/espanol\/#website","url":"https:\/\/ceolawyer.com\/espanol\/","name":"CEO Lawyer","description":"Personal Injury Attorney","publisher":{"@id":"https:\/\/ceolawyer.com\/espanol\/#organization"},"potentialAction":[{"@type":"SearchAction","target":{"@type":"EntryPoint","urlTemplate":"https:\/\/ceolawyer.com\/espanol\/?s={search_term_string}"},"query-input":{"@type":"PropertyValueSpecification","valueRequired":true,"valueName":"search_term_string"}}],"inLanguage":"en-US"},{"@type":"Organization","@id":"https:\/\/ceolawyer.com\/espanol\/#organization","name":"CEO Lawyer","url":"https:\/\/ceolawyer.com\/espanol\/","logo":{"@type":"ImageObject","inLanguage":"en-US","@id":"https:\/\/ceolawyer.com\/espanol\/#\/schema\/logo\/image\/","url":"https:\/\/ceolawyer.com\/espanol\/wp-content\/uploads\/sites\/2\/2022\/05\/CEO_Logo.png","contentUrl":"https:\/\/ceolawyer.com\/espanol\/wp-content\/uploads\/sites\/2\/2022\/05\/CEO_Logo.png","width":200,"height":108,"caption":"CEO Lawyer"},"image":{"@id":"https:\/\/ceolawyer.com\/espanol\/#\/schema\/logo\/image\/"}}]}},"_links":{"self":[{"href":"https:\/\/ceolawyer.com\/espanol\/wp-json\/wp\/v2\/pages\/13088","targetHints":{"allow":["GET"]}}],"collection":[{"href":"https:\/\/ceolawyer.com\/espanol\/wp-json\/wp\/v2\/pages"}],"about":[{"href":"https:\/\/ceolawyer.com\/espanol\/wp-json\/wp\/v2\/types\/page"}],"author":[{"embeddable":true,"href":"https:\/\/ceolawyer.com\/espanol\/wp-json\/wp\/v2\/users\/18"}],"replies":[{"embeddable":true,"href":"https:\/\/ceolawyer.com\/espanol\/wp-json\/wp\/v2\/comments?post=13088"}],"version-history":[{"count":0,"href":"https:\/\/ceolawyer.com\/espanol\/wp-json\/wp\/v2\/pages\/13088\/revisions"}],"up":[{"embeddable":true,"href":"https:\/\/ceolawyer.com\/espanol\/wp-json\/wp\/v2\/pages\/13085"}],"wp:featuredmedia":[{"embeddable":true,"href":"https:\/\/ceolawyer.com\/espanol\/wp-json\/wp\/v2\/media\/13090"}],"wp:attachment":[{"href":"https:\/\/ceolawyer.com\/espanol\/wp-json\/wp\/v2\/media?parent=13088"}],"curies":[{"name":"wp","href":"https:\/\/api.w.org\/{rel}","templated":true}]}}