{"id":13121,"date":"2026-03-11T11:50:44","date_gmt":"2026-03-11T11:50:44","guid":{"rendered":"https:\/\/ceolawyer.com\/espanol\/?page_id=13121"},"modified":"2026-03-11T11:54:47","modified_gmt":"2026-03-11T11:54:47","slug":"abogado-accidentes-conductores-ebrios","status":"publish","type":"page","link":"https:\/\/ceolawyer.com\/espanol\/lesiones-personales\/abogado-accidentes-conductores-ebrios\/","title":{"rendered":"Abogado de accidentes por conductores ebrios"},"content":{"rendered":"<p>Resumen clave: Por qu\u00e9 necesitas a un abogado de accidentes causados por conductores ebrios<\/p>\n<ul>\n<li>Un conductor ebrio puede enfrentar cargos penales, pero tambi\u00e9n puedes presentar una reclamaci\u00f3n civil por tus da\u00f1os.<\/li>\n<li>Puedes reclamar gastos m\u00e9dicos, ingresos perdidos y afectaciones a tu vida diaria derivadas del accidente.<\/li>\n<li>Buscar atenci\u00f3n m\u00e9dica inmediata ayuda a documentar adecuadamente tus lesiones.<\/li>\n<li>Un abogado puede encargarse de negociar con la aseguradora mientras t\u00fa te concentras en recuperarte.<\/li>\n<li>CEO Lawyer Personal Injury Law Firm representa a v\u00edctimas de accidentes por conductores ebrios y eval\u00faa cada caso de forma individual.<\/li>\n<\/ul>\n<p>\u00bfNecesitas apoyo legal? Llama al <a href=\"tel:+18332542923\">(833) 254-2923<\/a>.<\/p>\n<p><img decoding=\"async\" class=\"alignright size-full wp-image-13123\" src=\"https:\/\/ceolawyer.com\/espanol\/wp-content\/uploads\/sites\/2\/2026\/03\/drunk-driving-accident-lawyer-es.webp\" alt=\"Un accidente causado por un conductor ebrio\" width=\"500\" height=\"333\" srcset=\"https:\/\/ceolawyer.com\/espanol\/wp-content\/uploads\/sites\/2\/2026\/03\/drunk-driving-accident-lawyer-es.webp 500w, https:\/\/ceolawyer.com\/espanol\/wp-content\/uploads\/sites\/2\/2026\/03\/drunk-driving-accident-lawyer-es-300x200.webp 300w\" sizes=\"(max-width: 500px) 100vw, 500px\" \/>En Estados Unidos, las muertes por conducir bajo los efectos del alcohol han disminuido; sin embargo, todav\u00eda se pierde una vida por esta causa aproximadamente cada 52 minutos. Conducir bajo la influencia de drogas o alcohol es ilegal en todos los estados y generalmente se conoce como conducir bajo la influencia (DUI), conducir en estado de intoxicaci\u00f3n (DWI) u operar en estado de intoxicaci\u00f3n (OWI), dependiendo del estado donde vivas. Todas estas conductas constituyen delitos penales. Con tantas opciones de transporte compartido disponibles con solo tocar un bot\u00f3n, resulta dif\u00edcil entender por qu\u00e9 alguien decide conducir en estado de ebriedad cuando pone en riesgo su propia vida y la de los dem\u00e1s. Si t\u00fa o un ser querido resultaron lesionados por alguien que conduc\u00eda bajo la influencia, deber\u00edas considerar contratar a un abogado de accidentes por conductores ebrios para que te represente.<\/p>\n<p>En CEO Lawyer Personal Injury Law Firm, Ali Awad (fundador y director de la firma) ha formado un equipo legal capaz de negociar con compa\u00f1\u00edas de seguros y representar a sus clientes en los tribunales. La firma ha obtenido millones de d\u00f3lares en acuerdos y veredictos del jurado para v\u00edctimas de lesiones y contin\u00faa defendiendo los derechos de personas afectadas por conductores ebrios. (Los resultados previos no garantizan resultados similares en tu caso.) Si tienes preguntas sobre un caso de accidente por conductor ebrio, comun\u00edcate con los abogados de CEO Lawyer Personal Injury Law Firm al <a href=\"tel:+18332542923\">(833) 254-2923<\/a> para una consulta gratuita.<\/p>\n<h2>C\u00f3mo puede ayudarte un abogado de accidentes por conductor ebrio<\/h2>\n<p>Aunque en general los accidentes por conducir bajo la influencia han disminuido, las colisiones contin\u00faan ocurriendo con frecuencia, y casi cada hora alguien pierde la vida en un accidente relacionado con el alcohol. Conducir ebrio es un delito penal, y la persona responsable puede enfrentar multas elevadas, sanciones, suspensi\u00f3n o revocaci\u00f3n de su licencia de conducir e incluso pena de c\u00e1rcel. Si t\u00fa eres v\u00edctima de un conductor ebrio, un abogado con experiencia puede ayudarte a buscar una compensaci\u00f3n a trav\u00e9s de la aseguradora correspondiente por tus facturas m\u00e9dicas, da\u00f1os a tu propiedad y el dolor y sufrimiento derivados del choque, conforme a la ley aplicable.<\/p>\n<p>Un <a href=\"https:\/\/ceolawyer.com\/personal-injury\/\">abogado de lesiones personales<\/a> tambi\u00e9n puede ayudarte a entender todas tus opciones de recuperaci\u00f3n econ\u00f3mica. En algunos estados, incluso es posible solicitar da\u00f1os punitivos adem\u00e1s de la compensaci\u00f3n general. En CEO Lawyer Personal Injury Law Firm, nuestro equipo desarrolla estrategias legales s\u00f3lidas para ayudar a nuestros clientes a buscar la compensaci\u00f3n disponible seg\u00fan las circunstancias de su caso.<\/p>\n<h2>Conducir ebrio provoca accidentes graves<\/h2>\n<p>Como v\u00edctima de un conductor ebrio, sabes que manejar bajo la influencia puede causar accidentes graves. Es ilegal operar un veh\u00edculo motorizado estando afectado por alcohol o drogas en los 50 estados de Estados Unidos. El l\u00edmite legal com\u00fanmente establecido es una concentraci\u00f3n de alcohol en sangre (BAC) de 0.08% o superior. Algunos estados pueden presentar cargos incluso si el BAC es inferior a 0.08%, si el oficial determina que existe deterioro en la capacidad para conducir, o si la persona es menor de la edad legal para consumir alcohol.<\/p>\n<p>En algunos casos, estos cargos pueden ser desestimados en los tribunales; sin embargo, los agentes del orden priorizan retirar de las v\u00edas p\u00fablicas a conductores potencialmente peligrosos para proteger la seguridad de la comunidad. El umbral legal de 0.08% puede manifestarse de manera distinta seg\u00fan la persona. Factores como el g\u00e9nero, el peso corporal y el momento en que se consumi\u00f3 el alcohol influyen en el nivel de alcohol en sangre. Por ejemplo, una persona que pesa 150 libras y otra que pesa 250 libras pueden consumir la misma cantidad de alcohol en una hora y registrar niveles distintos de BAC.<\/p>\n<h2>C\u00f3mo determina un oficial de la ley si alguien conduce ebrio<\/h2>\n<p>Las fuerzas del orden est\u00e1n capacitadas para detectar la conducci\u00f3n bajo la influencia, y no existe forma segura de \u201cenga\u00f1ar\u201d a la polic\u00eda cuando se trata de manejar intoxicado. Aunque el l\u00edmite est\u00e1ndar es 0.08% de alcohol en sangre, muchos estados permiten el arresto si el agente observa que la persona conduce de manera err\u00e1tica, incluso si el BAC est\u00e1 por debajo del l\u00edmite legal. Existen tres formas principales en que un agente puede determinar si una persona ha consumido demasiado alcohol para conducir.<\/p>\n<p>La primera es mediante la observaci\u00f3n. Los agentes est\u00e1n entrenados para identificar se\u00f1ales como desviarse del carril, conducir demasiado r\u00e1pido o demasiado lento para el tr\u00e1fico, o ignorar se\u00f1ales de tr\u00e1nsito. Una vez que te detienen, tambi\u00e9n observar\u00e1n tu comportamiento en busca de indicios de intoxicaci\u00f3n, como ojos enrojecidos, pupilas dilatadas, dificultad para hablar, olor a alcohol o falta de coordinaci\u00f3n.<\/p>\n<p>La segunda forma es la prueba de sobriedad en campo. La <a href=\"https:\/\/www.verywellmind.com\/field-sobriety-test-67159\">Prueba Estandarizada de Sobriedad en Campo<\/a> fue desarrollada por la Administraci\u00f3n Nacional de Seguridad del Tr\u00e1fico en las Carreteras y consta de tres procedimientos principales:<\/p>\n<ul>\n<li>El nistagmo horizontal de la mirada: El agente pedir\u00e1 a la persona que siga con la vista un objeto, como un l\u00e1piz, de un lado a otro. Si los ojos presentan movimientos involuntarios o no pueden seguir el objeto correctamente, puede considerarse un indicio de intoxicaci\u00f3n.<\/li>\n<li>La prueba de caminar y girar: Se solicita a la persona que camine nueve pasos en l\u00ednea recta, gire y regrese nueve pasos. El agente observa si comienza antes de terminar las instrucciones, pierde el equilibrio, no completa el n\u00famero correcto de pasos o utiliza los brazos para mantener el equilibrio.<\/li>\n<li>Mantenerse en un solo pie: Se eval\u00faa si la persona puede permanecer sobre una pierna sin bajar el pie, usar los brazos o saltar para mantener el equilibrio.<\/li>\n<\/ul>\n<p>Aunque estas pruebas pueden ser \u00fatiles, no siempre determinan el nivel exacto de intoxicaci\u00f3n. Adem\u00e1s, una persona con discapacidad o con ciertas condiciones neurol\u00f3gicas podr\u00eda no realizarlas correctamente aun estando completamente sobria. La prueba final y m\u00e1s precisa es la <a href=\"https:\/\/www.webmd.com\/mental-health\/addiction\/breath-alcohol-test#1\">prueba con alcohol\u00edmetro<\/a>. Esta prueba mide la concentraci\u00f3n de alcohol en sangre analizando el alcohol presente en el aire que exhalas.<\/p>\n<h2>Qu\u00e9 tipo de compensaci\u00f3n puede ayudarte a recuperar un abogado de accidentes por conductor ebrio<\/h2>\n<p>Si estuviste involucrado en un accidente con un conductor ebrio, puedes tener derecho a solicitar compensaci\u00f3n a ese conductor o a su compa\u00f1\u00eda de seguros por tus lesiones y da\u00f1os conforme a la ley aplicable. Un abogado de accidentes por conductor ebrio puede ayudarte a buscar un acuerdo en la v\u00eda civil. El conductor ebrio ya enfrentar\u00e1 cargos penales por conducir bajo la influencia y multas que pueden sumar entre $7,000 y $10,000, sin incluir la cantidad que pudiera corresponder por tus lesiones y da\u00f1os.<\/p>\n<p>Un <a href=\"https:\/\/ceolawyer.com\/personal-injury\/car-accident-lawyer\/\">abogado de accidentes automovil\u00edsticos<\/a> trabajar\u00e1 para ayudarte a reclamar da\u00f1os compensatorios y, cuando la ley lo permita, da\u00f1os punitivos despu\u00e9s de un accidente por conducir ebrio. Los da\u00f1os compensatorios se otorgan a la mayor\u00eda de las v\u00edctimas de accidentes automovil\u00edsticos, independientemente de si el alcohol influy\u00f3 en el choque. Los da\u00f1os punitivos pueden aplicarse en casos donde el tribunal busca sancionar conductas especialmente negligentes y desincentivar conductas similares en el futuro.<\/p>\n<p>Los da\u00f1os compensatorios abarcan todas las p\u00e9rdidas reales y generales que sufriste debido al accidente. Est\u00e1n destinados a ayudarte a recuperar las p\u00e9rdidas econ\u00f3micas ocasionadas por el accidente. Tipos de estos da\u00f1os incluyen:<\/p>\n<ul>\n<li>Gastos m\u00e9dicos: Puedes reclamar gastos m\u00e9dicos pasados y futuros. Conserva la documentaci\u00f3n de todas tus facturas m\u00e9dicas y consulta con un abogado para estimar costos m\u00e9dicos futuros.<\/li>\n<li>P\u00e9rdida de ingresos y de capacidad de generar ingresos: Si perdiste salario o tu capacidad de trabajar debido a una lesi\u00f3n o discapacidad ocasionada por el accidente, puedes solicitar compensaci\u00f3n al responsable.<\/li>\n<li>Dolor, sufrimiento y angustia mental: Estos se consideran da\u00f1os generales, y tu abogado puede solicitar compensaci\u00f3n por p\u00e9rdida de disfrute de la vida, afectaciones a la salud mental y cualquier otra interferencia con tu vida cotidiana tras el accidente.<\/li>\n<li>Los da\u00f1os punitivos buscan disuadir a los conductores ebrios de repetir conductas peligrosas en el futuro. En algunos estados no existe un l\u00edmite m\u00e1ximo para estos da\u00f1os en casos de conducci\u00f3n bajo la influencia. Adem\u00e1s, ciertos estados permiten que el historial de conducci\u00f3n del responsable sea presentado como prueba oficial. Los tribunales han determinado que un jurado puede revisar antecedentes previos para tomar una decisi\u00f3n informada sobre si corresponde otorgar da\u00f1os punitivos al demandante.<\/li>\n<\/ul>\n<h2>Cu\u00e1ndo deber\u00edas contratar a un despacho por accidente de conductor ebrio<\/h2>\n<p>Si participaste en un choque menor sin lesiones, con da\u00f1os m\u00ednimos y sin evidencia de intoxicaci\u00f3n del otro conductor, podr\u00edas considerar gestionar el reclamo por tu cuenta. Sin embargo, si un conductor ebrio te choc\u00f3, es recomendable contar con un abogado con experiencia en casos de DUI que proteja tus intereses en negociaciones con la aseguradora y eval\u00fae si puedes reclamar da\u00f1os punitivos conforme a la ley. Lo primero que debes hacer despu\u00e9s de resultar lesionado en un accidente es buscar atenci\u00f3n m\u00e9dica. Necesitas documentaci\u00f3n de tus lesiones, y algunas no aparecen de inmediato, por lo que un profesional m\u00e9dico calificado debe evaluarte completamente. Las lesiones aparentemente menores pueden agravarse si no se diagnostican y tratan adecuadamente.<\/p>\n<p>Despu\u00e9s, deber\u00edas contactar a un abogado de lesiones personales especializado en accidentes por conductores ebrios. Es especialmente importante en este tipo de casos porque el abogado sabr\u00e1 c\u00f3mo manejar el caso con las aseguradoras que representan a los conductores intoxicados. La mayor\u00eda ofrece consultas gratuitas. Durante la consulta, comparte todo lo que recuerdes del accidente, incluidos detalles sobre la posible intoxicaci\u00f3n del otro conductor. Tu abogado puede ayudarte a desarrollar una estrategia legal s\u00f3lida para <a href=\"https:\/\/ceolawyer.com\/faq\/georgia-law\/injury-settlements\/how-getting-hit-by-a-drunk-driving-accident-in-georgia-can-result-in-a-minimum-25000-settlement\/\">buscar la compensaci\u00f3n disponible por tus lesiones,<\/a> da\u00f1os y dolor y sufrimiento tras el accidente.<\/p>\n<h2>Nuestro equipo legal de abogados de accidentes por conductor ebrio est\u00e1 aqu\u00ed para ayudarte<\/h2>\n<p>Dirigimos uno de los despachos de lesiones personales de m\u00e1s r\u00e1pido crecimiento en Estados Unidos. La firma ha construido un historial comprobado de resultados favorables para clientes en casos de accidentes por conductores ebrios. (Los resultados previos no garantizan resultados futuros.) CEO Lawyer Personal Injury Law Firm es reconocida por su equipo comprometido de abogados, con experiencia enfrentando a compa\u00f1\u00edas de seguros y buscando acuerdos justos. El equipo legal sabe identificar ofertas insuficientes y busca la compensaci\u00f3n disponible conforme a la ley y las circunstancias del caso.<\/p>\n<p>Si te sientes abrumado despu\u00e9s de resultar lesionado por un conductor ebrio, nuestro equipo legal puede ayudarte a proteger tus derechos y construir tu caso. Bajo el liderazgo de Ali Awad, la firma se ha convertido en un recurso confiable para v\u00edctimas de lesiones en todo el pa\u00eds. Llama hoy a CEO Lawyer Personal Injury Law Firm para una consulta inicial gratuita sobre tu caso. Un abogado del equipo puede responder tus preguntas y comenzar el proceso para buscar la compensaci\u00f3n disponible. <a href=\"https:\/\/ceolawyer.com\/contact-us\/\">Cont\u00e1ctanos en l\u00ednea<\/a> o llama ahora al <a href=\"tel:+18332542923\">(833) 254-2923<\/a>.<\/p>\n","protected":false},"excerpt":{"rendered":"<p>Resumen clave: Por qu\u00e9 necesitas a un abogado de accidentes causados por conductores ebrios Un conductor ebrio puede enfrentar cargos penales, pero tambi\u00e9n puedes presentar una reclamaci\u00f3n civil por tus da\u00f1os. Puedes reclamar gastos m\u00e9dicos, ingresos perdidos y afectaciones a tu vida diaria derivadas del accidente. Buscar atenci\u00f3n m\u00e9dica inmediata ayuda a documentar adecuadamente tus [&hellip;]<\/p>\n","protected":false},"author":18,"featured_media":13123,"parent":13085,"menu_order":0,"comment_status":"closed","ping_status":"closed","template":"","meta":{"_acf_changed":false,"footnotes":""},"class_list":["post-13121","page","type-page","status-publish","has-post-thumbnail","hentry"],"acf":[],"yoast_head":"<!-- This site is optimized with the Yoast SEO plugin v27.4 - https:\/\/yoast.com\/product\/yoast-seo-wordpress\/ -->\n<title>Abogado de accidentes por conductores ebrios | CEO Lawyer<\/title>\n<meta name=\"description\" content=\"\u00bfHas sido v\u00edctima de un accidente con un conductor ebrio? Llama a CEO Lawyer Personal Injury Law Firm al 833-254-2923.\" \/>\n<meta name=\"robots\" content=\"index, follow, max-snippet:-1, max-image-preview:large, max-video-preview:-1\" \/>\n<link rel=\"canonical\" href=\"https:\/\/ceolawyer.com\/espanol\/lesiones-personales\/abogado-accidentes-conductores-ebrios\/\" \/>\n<meta property=\"og:locale\" content=\"en_US\" \/>\n<meta property=\"og:type\" content=\"article\" \/>\n<meta property=\"og:title\" content=\"Abogado de accidentes por conductores ebrios | CEO Lawyer\" \/>\n<meta property=\"og:description\" content=\"\u00bfHas sido v\u00edctima de un accidente con un conductor ebrio? Llama a CEO Lawyer Personal Injury Law Firm al 833-254-2923.\" \/>\n<meta property=\"og:url\" content=\"https:\/\/ceolawyer.com\/espanol\/lesiones-personales\/abogado-accidentes-conductores-ebrios\/\" \/>\n<meta property=\"og:site_name\" content=\"CEO Lawyer\" \/>\n<meta property=\"article:modified_time\" content=\"2026-03-11T11:54:47+00:00\" \/>\n<meta property=\"og:image\" content=\"https:\/\/ceolawyer.com\/espanol\/wp-content\/uploads\/sites\/2\/2026\/03\/drunk-driving-accident-lawyer-es.webp\" \/>\n\t<meta property=\"og:image:width\" content=\"500\" \/>\n\t<meta property=\"og:image:height\" content=\"333\" \/>\n\t<meta property=\"og:image:type\" content=\"image\/webp\" \/>\n<meta name=\"twitter:card\" content=\"summary_large_image\" \/>\n<meta name=\"twitter:label1\" content=\"Est. reading time\" \/>\n\t<meta name=\"twitter:data1\" content=\"9 minutes\" \/>\n<script type=\"application\/ld+json\" class=\"yoast-schema-graph\">{\"@context\":\"https:\\\/\\\/schema.org\",\"@graph\":[{\"@type\":\"WebPage\",\"@id\":\"https:\\\/\\\/ceolawyer.com\\\/espanol\\\/lesiones-personales\\\/abogado-accidentes-conductores-ebrios\\\/\",\"url\":\"https:\\\/\\\/ceolawyer.com\\\/espanol\\\/lesiones-personales\\\/abogado-accidentes-conductores-ebrios\\\/\",\"name\":\"Abogado de accidentes por conductores ebrios | CEO Lawyer\",\"isPartOf\":{\"@id\":\"https:\\\/\\\/ceolawyer.com\\\/espanol\\\/#website\"},\"primaryImageOfPage\":{\"@id\":\"https:\\\/\\\/ceolawyer.com\\\/espanol\\\/lesiones-personales\\\/abogado-accidentes-conductores-ebrios\\\/#primaryimage\"},\"image\":{\"@id\":\"https:\\\/\\\/ceolawyer.com\\\/espanol\\\/lesiones-personales\\\/abogado-accidentes-conductores-ebrios\\\/#primaryimage\"},\"thumbnailUrl\":\"https:\\\/\\\/ceolawyer.com\\\/espanol\\\/wp-content\\\/uploads\\\/sites\\\/2\\\/2026\\\/03\\\/drunk-driving-accident-lawyer-es.webp\",\"datePublished\":\"2026-03-11T11:50:44+00:00\",\"dateModified\":\"2026-03-11T11:54:47+00:00\",\"description\":\"\u00bfHas sido v\u00edctima de un accidente con un conductor ebrio? Llama a CEO Lawyer Personal Injury Law Firm al 833-254-2923.\",\"breadcrumb\":{\"@id\":\"https:\\\/\\\/ceolawyer.com\\\/espanol\\\/lesiones-personales\\\/abogado-accidentes-conductores-ebrios\\\/#breadcrumb\"},\"inLanguage\":\"en-US\",\"potentialAction\":[{\"@type\":\"ReadAction\",\"target\":[\"https:\\\/\\\/ceolawyer.com\\\/espanol\\\/lesiones-personales\\\/abogado-accidentes-conductores-ebrios\\\/\"]}]},{\"@type\":\"ImageObject\",\"inLanguage\":\"en-US\",\"@id\":\"https:\\\/\\\/ceolawyer.com\\\/espanol\\\/lesiones-personales\\\/abogado-accidentes-conductores-ebrios\\\/#primaryimage\",\"url\":\"https:\\\/\\\/ceolawyer.com\\\/espanol\\\/wp-content\\\/uploads\\\/sites\\\/2\\\/2026\\\/03\\\/drunk-driving-accident-lawyer-es.webp\",\"contentUrl\":\"https:\\\/\\\/ceolawyer.com\\\/espanol\\\/wp-content\\\/uploads\\\/sites\\\/2\\\/2026\\\/03\\\/drunk-driving-accident-lawyer-es.webp\",\"width\":500,\"height\":333,\"caption\":\"Un accidente causado por un conductor ebrio\"},{\"@type\":\"BreadcrumbList\",\"@id\":\"https:\\\/\\\/ceolawyer.com\\\/espanol\\\/lesiones-personales\\\/abogado-accidentes-conductores-ebrios\\\/#breadcrumb\",\"itemListElement\":[{\"@type\":\"ListItem\",\"position\":1,\"name\":\"Home\",\"item\":\"https:\\\/\\\/ceolawyer.com\\\/espanol\\\/\"},{\"@type\":\"ListItem\",\"position\":2,\"name\":\"Abogado de lesiones personales\",\"item\":\"https:\\\/\\\/ceolawyer.com\\\/espanol\\\/lesiones-personales\\\/\"},{\"@type\":\"ListItem\",\"position\":3,\"name\":\"Abogado de accidentes por conductores ebrios\"}]},{\"@type\":\"WebSite\",\"@id\":\"https:\\\/\\\/ceolawyer.com\\\/espanol\\\/#website\",\"url\":\"https:\\\/\\\/ceolawyer.com\\\/espanol\\\/\",\"name\":\"CEO Lawyer\",\"description\":\"Personal Injury Attorney\",\"publisher\":{\"@id\":\"https:\\\/\\\/ceolawyer.com\\\/espanol\\\/#organization\"},\"potentialAction\":[{\"@type\":\"SearchAction\",\"target\":{\"@type\":\"EntryPoint\",\"urlTemplate\":\"https:\\\/\\\/ceolawyer.com\\\/espanol\\\/?s={search_term_string}\"},\"query-input\":{\"@type\":\"PropertyValueSpecification\",\"valueRequired\":true,\"valueName\":\"search_term_string\"}}],\"inLanguage\":\"en-US\"},{\"@type\":\"Organization\",\"@id\":\"https:\\\/\\\/ceolawyer.com\\\/espanol\\\/#organization\",\"name\":\"CEO Lawyer\",\"url\":\"https:\\\/\\\/ceolawyer.com\\\/espanol\\\/\",\"logo\":{\"@type\":\"ImageObject\",\"inLanguage\":\"en-US\",\"@id\":\"https:\\\/\\\/ceolawyer.com\\\/espanol\\\/#\\\/schema\\\/logo\\\/image\\\/\",\"url\":\"https:\\\/\\\/ceolawyer.com\\\/espanol\\\/wp-content\\\/uploads\\\/sites\\\/2\\\/2022\\\/05\\\/CEO_Logo.png\",\"contentUrl\":\"https:\\\/\\\/ceolawyer.com\\\/espanol\\\/wp-content\\\/uploads\\\/sites\\\/2\\\/2022\\\/05\\\/CEO_Logo.png\",\"width\":200,\"height\":108,\"caption\":\"CEO Lawyer\"},\"image\":{\"@id\":\"https:\\\/\\\/ceolawyer.com\\\/espanol\\\/#\\\/schema\\\/logo\\\/image\\\/\"}}]}<\/script>\n<!-- \/ Yoast SEO plugin. -->","yoast_head_json":{"title":"Abogado de accidentes por conductores ebrios | CEO Lawyer","description":"\u00bfHas sido v\u00edctima de un accidente con un conductor ebrio? Llama a CEO Lawyer Personal Injury Law Firm al 833-254-2923.","robots":{"index":"index","follow":"follow","max-snippet":"max-snippet:-1","max-image-preview":"max-image-preview:large","max-video-preview":"max-video-preview:-1"},"canonical":"https:\/\/ceolawyer.com\/espanol\/lesiones-personales\/abogado-accidentes-conductores-ebrios\/","og_locale":"en_US","og_type":"article","og_title":"Abogado de accidentes por conductores ebrios | CEO Lawyer","og_description":"\u00bfHas sido v\u00edctima de un accidente con un conductor ebrio? Llama a CEO Lawyer Personal Injury Law Firm al 833-254-2923.","og_url":"https:\/\/ceolawyer.com\/espanol\/lesiones-personales\/abogado-accidentes-conductores-ebrios\/","og_site_name":"CEO Lawyer","article_modified_time":"2026-03-11T11:54:47+00:00","og_image":[{"width":500,"height":333,"url":"https:\/\/ceolawyer.com\/espanol\/wp-content\/uploads\/sites\/2\/2026\/03\/drunk-driving-accident-lawyer-es.webp","type":"image\/webp"}],"twitter_card":"summary_large_image","twitter_misc":{"Est. reading time":"9 minutes"},"schema":{"@context":"https:\/\/schema.org","@graph":[{"@type":"WebPage","@id":"https:\/\/ceolawyer.com\/espanol\/lesiones-personales\/abogado-accidentes-conductores-ebrios\/","url":"https:\/\/ceolawyer.com\/espanol\/lesiones-personales\/abogado-accidentes-conductores-ebrios\/","name":"Abogado de accidentes por conductores ebrios | CEO Lawyer","isPartOf":{"@id":"https:\/\/ceolawyer.com\/espanol\/#website"},"primaryImageOfPage":{"@id":"https:\/\/ceolawyer.com\/espanol\/lesiones-personales\/abogado-accidentes-conductores-ebrios\/#primaryimage"},"image":{"@id":"https:\/\/ceolawyer.com\/espanol\/lesiones-personales\/abogado-accidentes-conductores-ebrios\/#primaryimage"},"thumbnailUrl":"https:\/\/ceolawyer.com\/espanol\/wp-content\/uploads\/sites\/2\/2026\/03\/drunk-driving-accident-lawyer-es.webp","datePublished":"2026-03-11T11:50:44+00:00","dateModified":"2026-03-11T11:54:47+00:00","description":"\u00bfHas sido v\u00edctima de un accidente con un conductor ebrio? Llama a CEO Lawyer Personal Injury Law Firm al 833-254-2923.","breadcrumb":{"@id":"https:\/\/ceolawyer.com\/espanol\/lesiones-personales\/abogado-accidentes-conductores-ebrios\/#breadcrumb"},"inLanguage":"en-US","potentialAction":[{"@type":"ReadAction","target":["https:\/\/ceolawyer.com\/espanol\/lesiones-personales\/abogado-accidentes-conductores-ebrios\/"]}]},{"@type":"ImageObject","inLanguage":"en-US","@id":"https:\/\/ceolawyer.com\/espanol\/lesiones-personales\/abogado-accidentes-conductores-ebrios\/#primaryimage","url":"https:\/\/ceolawyer.com\/espanol\/wp-content\/uploads\/sites\/2\/2026\/03\/drunk-driving-accident-lawyer-es.webp","contentUrl":"https:\/\/ceolawyer.com\/espanol\/wp-content\/uploads\/sites\/2\/2026\/03\/drunk-driving-accident-lawyer-es.webp","width":500,"height":333,"caption":"Un accidente causado por un conductor ebrio"},{"@type":"BreadcrumbList","@id":"https:\/\/ceolawyer.com\/espanol\/lesiones-personales\/abogado-accidentes-conductores-ebrios\/#breadcrumb","itemListElement":[{"@type":"ListItem","position":1,"name":"Home","item":"https:\/\/ceolawyer.com\/espanol\/"},{"@type":"ListItem","position":2,"name":"Abogado de lesiones personales","item":"https:\/\/ceolawyer.com\/espanol\/lesiones-personales\/"},{"@type":"ListItem","position":3,"name":"Abogado de accidentes por conductores ebrios"}]},{"@type":"WebSite","@id":"https:\/\/ceolawyer.com\/espanol\/#website","url":"https:\/\/ceolawyer.com\/espanol\/","name":"CEO Lawyer","description":"Personal Injury Attorney","publisher":{"@id":"https:\/\/ceolawyer.com\/espanol\/#organization"},"potentialAction":[{"@type":"SearchAction","target":{"@type":"EntryPoint","urlTemplate":"https:\/\/ceolawyer.com\/espanol\/?s={search_term_string}"},"query-input":{"@type":"PropertyValueSpecification","valueRequired":true,"valueName":"search_term_string"}}],"inLanguage":"en-US"},{"@type":"Organization","@id":"https:\/\/ceolawyer.com\/espanol\/#organization","name":"CEO Lawyer","url":"https:\/\/ceolawyer.com\/espanol\/","logo":{"@type":"ImageObject","inLanguage":"en-US","@id":"https:\/\/ceolawyer.com\/espanol\/#\/schema\/logo\/image\/","url":"https:\/\/ceolawyer.com\/espanol\/wp-content\/uploads\/sites\/2\/2022\/05\/CEO_Logo.png","contentUrl":"https:\/\/ceolawyer.com\/espanol\/wp-content\/uploads\/sites\/2\/2022\/05\/CEO_Logo.png","width":200,"height":108,"caption":"CEO Lawyer"},"image":{"@id":"https:\/\/ceolawyer.com\/espanol\/#\/schema\/logo\/image\/"}}]}},"_links":{"self":[{"href":"https:\/\/ceolawyer.com\/espanol\/wp-json\/wp\/v2\/pages\/13121","targetHints":{"allow":["GET"]}}],"collection":[{"href":"https:\/\/ceolawyer.com\/espanol\/wp-json\/wp\/v2\/pages"}],"about":[{"href":"https:\/\/ceolawyer.com\/espanol\/wp-json\/wp\/v2\/types\/page"}],"author":[{"embeddable":true,"href":"https:\/\/ceolawyer.com\/espanol\/wp-json\/wp\/v2\/users\/18"}],"replies":[{"embeddable":true,"href":"https:\/\/ceolawyer.com\/espanol\/wp-json\/wp\/v2\/comments?post=13121"}],"version-history":[{"count":0,"href":"https:\/\/ceolawyer.com\/espanol\/wp-json\/wp\/v2\/pages\/13121\/revisions"}],"up":[{"embeddable":true,"href":"https:\/\/ceolawyer.com\/espanol\/wp-json\/wp\/v2\/pages\/13085"}],"wp:featuredmedia":[{"embeddable":true,"href":"https:\/\/ceolawyer.com\/espanol\/wp-json\/wp\/v2\/media\/13123"}],"wp:attachment":[{"href":"https:\/\/ceolawyer.com\/espanol\/wp-json\/wp\/v2\/media?parent=13121"}],"curies":[{"name":"wp","href":"https:\/\/api.w.org\/{rel}","templated":true}]}}