{"id":13127,"date":"2026-03-11T12:18:46","date_gmt":"2026-03-11T12:18:46","guid":{"rendered":"https:\/\/ceolawyer.com\/espanol\/?page_id=13127"},"modified":"2026-03-11T12:23:05","modified_gmt":"2026-03-11T12:23:05","slug":"abogado-accidentes-de-lyft","status":"publish","type":"page","link":"https:\/\/ceolawyer.com\/espanol\/lesiones-personales\/abogado-accidentes-de-lyft\/","title":{"rendered":"Abogado de accidentes de Lyft"},"content":{"rendered":"<p>Resumen clave: Por qu\u00e9 contratar a un abogado de accidentes de Lyft<\/p>\n<ul>\n<li>En un accidente de Lyft pueden existir m\u00faltiples partes responsables, incluyendo conductores, terceros o incluso fabricantes.<\/li>\n<li>Puedes reclamar da\u00f1os econ\u00f3micos como gastos m\u00e9dicos y salarios perdidos.<\/li>\n<li>Tambi\u00e9n podr\u00edan existir da\u00f1os no econ\u00f3micos, como dolor y sufrimiento.<\/li>\n<li>La cobertura de seguro depende de si el conductor estaba activo en la aplicaci\u00f3n.<\/li>\n<li>CEO Lawyer Personal Injury Law Firm representa a personas lesionadas en accidentes de Lyft y analiza cada caso conforme a la ley aplicable.<\/li>\n<\/ul>\n<p>\u00bfNecesitas apoyo legal? Llama al <a href=\"tel:+18332542923\">(833) 254-2923<\/a>.<\/p>\n<p><img decoding=\"async\" class=\"alignright size-full wp-image-13129\" src=\"https:\/\/ceolawyer.com\/espanol\/wp-content\/uploads\/sites\/2\/2026\/03\/lyft-accident-lawyer-es.webp\" alt=\"Conductor de Lyft\" width=\"500\" height=\"333\" srcset=\"https:\/\/ceolawyer.com\/espanol\/wp-content\/uploads\/sites\/2\/2026\/03\/lyft-accident-lawyer-es.webp 500w, https:\/\/ceolawyer.com\/espanol\/wp-content\/uploads\/sites\/2\/2026\/03\/lyft-accident-lawyer-es-300x200.webp 300w\" sizes=\"(max-width: 500px) 100vw, 500px\" \/>Si estuviste involucrado en un accidente con un veh\u00edculo de Lyft en Estados Unidos, busca atenci\u00f3n m\u00e9dica de inmediato. Tu siguiente paso puede ser consultar con un abogado de accidentes de Lyft \u2014 alguien que conozca el sistema y pueda ayudarte a proteger tus derechos legales mientras buscas la compensaci\u00f3n disponible conforme a la ley. Enfrentar a una empresa de transporte compartido por tu cuenta puede ser complicado, por eso puedes comunicarte con los abogados de accidentes de Lyft de CEO Lawyer Personal Injury Law Firm. Con a\u00f1os de experiencia, el equipo puede revisar y evaluar tu caso, as\u00ed como aplicar las leyes espec\u00edficas que regulan a las compa\u00f1\u00edas de ridesharing en tu beneficio, explic\u00e1ndotelas claramente durante el proceso.<\/p>\n<p>Tambi\u00e9n pueden orientarte al presentar tu reclamaci\u00f3n y brindarte asesor\u00eda en cada etapa. Si tu caso llega a los tribunales, pueden representarte y defender tus intereses para que tu reclamaci\u00f3n sea debidamente considerada. Programa hoy una revisi\u00f3n gratuita y sin compromiso de tu caso completando el formulario de contacto en esta p\u00e1gina. Un abogado con experiencia en accidentes de Lyft se comunicar\u00e1 contigo para analizar los hechos de tu caso y ayudarte a iniciar el proceso para reclamar da\u00f1os contra todas las partes responsables.<\/p>\n<h2>C\u00f3mo puedo elegir al abogado adecuado para un accidente de Lyft<\/h2>\n<p>Elegir al abogado correcto puede influir significativamente en el desarrollo de tu caso. Es importante que investigues y selecciones a un abogado con experiencia en casos contra servicios de transporte compartido como Lyft. Estas son algunas caracter\u00edsticas que puedes considerar al trabajar con CEO Lawyer Personal Injury Law Firm:<\/p>\n<ul>\n<li><strong>Experiencia: <\/strong>Un abogado con experiencia en lesiones personales es fundamental cuando se trata de enfrentar a grandes corporaciones, ya que sabr\u00e1 c\u00f3mo desenvolverse dentro del sistema legal. Adem\u00e1s, el equipo de CEO Lawyer Personal Injury Law Firm tiene experiencia espec\u00edfica en casos de rideshare y comprende las complejidades que suelen presentarse en este tipo de asuntos.<\/li>\n<li><strong>Formaci\u00f3n y recursos: <\/strong>Un abogado calificado debe contar con una s\u00f3lida trayectoria en derecho de lesiones personales y conocimiento en accidentes relacionados con Lyft y otras plataformas de transporte compartido. El equipo tambi\u00e9n debe tener los recursos necesarios para investigar el caso y, si es necesario, trabajar con testigos calificados.<\/li>\n<li><strong>Compromiso:<\/strong> Tu abogado de accidentes de Lyft debe estar enfocado en ayudarte a buscar la compensaci\u00f3n que puedas reclamar conforme a la ley y gestionar tu caso de principio a fin. Adem\u00e1s, debe mantener comunicaci\u00f3n clara contigo durante todo el proceso, desde la consulta inicial hasta la resoluci\u00f3n del caso.<\/li>\n<\/ul>\n<h2>C\u00f3mo puede ayudarme un abogado de accidentes de Lyft<\/h2>\n<p>Aunque contratar a un abogado puede parecer intimidante, enfrentar por tu cuenta las regulaciones federales, estatales y locales puede ser complejo. En Georgia, por ejemplo, el sistema de negligencia comparativa modificada permite que una persona lesionada pueda recibir compensaci\u00f3n incluso si tuvo parte de responsabilidad en el accidente.<\/p>\n<p>Sin embargo, para poder recuperar una compensaci\u00f3n, tu porcentaje de responsabilidad no debe superar el 50% del total de la culpa del incidente. Por eso, contar con representaci\u00f3n legal que entienda este proceso puede ser determinante en el resultado de tu caso de accidente con Lyft.<\/p>\n<h2>Qu\u00e9 debo hacer si estuve en un accidente con un conductor de Lyft<\/h2>\n<p>Si estuviste involucrado en un accidente con un conductor de Lyft, es importante que comprendas el entorno legal aplicable. Las leyes relacionadas con servicios de transporte compartido pueden ser complejas y variar seg\u00fan el estado. Es recomendable contactar a un abogado de accidentes de Lyft lo antes posible despu\u00e9s del accidente. Posteriormente, pueden ayudarte a presentar una reclamaci\u00f3n ante la compa\u00f1\u00eda de seguros del conductor. Si la p\u00f3liza del conductor no es suficiente, podr\u00eda ser necesario presentar una reclamaci\u00f3n adicional ante Lyft.<\/p>\n<p>La reclamaci\u00f3n que presentes \u2014 y los da\u00f1os que puedas solicitar \u2014 <a href=\"https:\/\/help.lyft.com\/hc\/en-us\/all\/articles\/115013080548-Insurance-coverage-while-driving-with-lyft\">depender\u00e1n de c\u00f3mo el conductor estaba utilizando la aplicaci\u00f3n<\/a> en ese momento. Por ejemplo, un conductor que estaba conectado a la aplicaci\u00f3n y realizando un viaje activo puede tener una cobertura distinta a la de un conductor que iba en camino a recoger a un pasajero. Si presentas la reclamaci\u00f3n por tu cuenta, podr\u00edas recibir una compensaci\u00f3n menor o incluso enfrentar la desestimaci\u00f3n del caso si no cuentas con la documentaci\u00f3n adecuada (como un informe policial) o evidencia suficiente.<\/p>\n<h2>\u00bfLyft proporciona seguro para accidentes?<\/h2>\n<p>Lyft ofrece cobertura de responsabilidad adicional para los conductores que est\u00e1n conectados a la aplicaci\u00f3n, aunque los montos pueden variar dependiendo de si han aceptado un viaje o si llevan pasajeros en el veh\u00edculo. Puede haber hasta $1,000,000 en cobertura cuando el conductor est\u00e1 en camino a recoger a un pasajero o transportando pasajeros. Sin embargo, esta cobertura generalmente aplica cuando el conductor tambi\u00e9n cuenta con el seguro exigido por la ley estatal, lo que puede generar complicaciones en algunos casos.<\/p>\n<p>Los conductores que est\u00e1n conectados a la aplicaci\u00f3n pero no han aceptado un viaje pueden tener una cobertura distinta, dependiendo de la situaci\u00f3n. Es recomendable hablar con un abogado para analizar qu\u00e9 tipos de cobertura y responsabilidad podr\u00edan estar disponibles, incluyendo posibles fuentes de terceros.<\/p>\n<h2>Cu\u00e1les son algunas causas comunes de accidentes de Lyft<\/h2>\n<p>En muchos estados, el n\u00famero de accidentes que involucran veh\u00edculos de transporte compartido ha aumentado con el tiempo. Entre las causas m\u00e1s comunes de accidentes de Lyft se encuentran:<\/p>\n<ul>\n<li><strong>Conducci\u00f3n distra\u00edda: <\/strong>Al igual que en otros accidentes automovil\u00edsticos, la <a href=\"https:\/\/ceolawyer.com\/personal-injury\/distracted-driving-accident-lawyer\/\">distracci\u00f3n es una de las principales causas<\/a>. Esto puede incluir enviar mensajes de texto, hablar con pasajeros o manipular la aplicaci\u00f3n mientras se conduce.<\/li>\n<li><strong>Falta de mantenimiento del veh\u00edculo: <\/strong>Un mantenimiento deficiente puede provocar accidentes. Si el veh\u00edculo no recibe el mantenimiento adecuado o tiene piezas defectuosas, como frenos o neum\u00e1ticos en mal estado, el conductor puede ser considerado responsable conforme a la ley.<\/li>\n<li><strong>Malas condiciones de la v\u00eda: <\/strong>Carreteras en mal estado, baches u otros peligros no se\u00f1alizados pueden contribuir a un accidente de Lyft.<\/li>\n<li><strong>Conductores peligrosos o no calificados: <\/strong>Empresas como Lyft tienen la responsabilidad de implementar procesos de selecci\u00f3n de conductores. Permitir que personas con antecedentes de DUI, accidentes graves o infracciones importantes conduzcan en la plataforma puede aumentar el riesgo para pasajeros y otros conductores.<\/li>\n<\/ul>\n<h2>Qui\u00e9n puede ser considerado responsable en un caso de accidente de Lyft<\/h2>\n<p>Cuando tu abogado comience a investigar qui\u00e9n puede ser responsable de tu accidente, analizar\u00e1 a todas las partes involucradas, como otros conductores, peatones o ciclistas. Puede ser necesario obtener evidencia adicional para identificar a la parte responsable, como registros de actividad del conductor en la aplicaci\u00f3n, grabaciones de c\u00e1maras en el tablero o entrevistas con testigos. Gracias a su experiencia manejando casos contra compa\u00f1\u00edas de transporte compartido, el abogado puede gestionar la solicitud de este tipo de pruebas de manera m\u00e1s eficaz.<\/p>\n<p>El objetivo principal es determinar qui\u00e9n tuvo responsabilidad en el accidente conforme a la ley aplicable. Dependiendo de las circunstancias, las partes que podr\u00edan ser consideradas responsables incluyen:<\/p>\n<ul>\n<li>Lyft y sus conductores.<\/li>\n<li>Terceros negligentes, como otros conductores que causaron o contribuyeron al accidente.<\/li>\n<li>El gobierno local, si el dise\u00f1o de la v\u00eda o la se\u00f1alizaci\u00f3n inadecuada influyeron en el choque.<\/li>\n<li>Fabricantes de autopartes defectuosas, cuando una falla mec\u00e1nica contribuy\u00f3 al accidente.<\/li>\n<\/ul>\n<p>Algunos casos pueden involucrar m\u00faltiples partes responsables, lo que hace fundamental comenzar a explorar tus opciones legales e investigar las causas del accidente lo antes posible.<\/p>\n<h2>Un abogado de accidentes de Lyft puede ayudarte con otros da\u00f1os causados por conductores de Lyft<\/h2>\n<p>Adem\u00e1s de accidentes, existen otras situaciones en las que podr\u00edas buscar asesor\u00eda legal, como incidentes en los que un conductor acos\u00f3 o agredi\u00f3 sexualmente a un pasajero. En ciertos casos, estas conductas pueden dar lugar a cargos penales conforme a la ley. Un abogado de accidentes de Lyft tambi\u00e9n puede ayudarte en:<\/p>\n<ul>\n<li>Casos de negligencia del conductor que resultaron en accidentes, como exceso de velocidad o manejo imprudente.<\/li>\n<li>Reclamaciones por lesiones relacionadas con procedimientos de seguridad inadecuados, como falta de cinturones de seguridad o equipo apropiado.<\/li>\n<li>Casos de discriminaci\u00f3n, como negarse a recoger pasajeros por su raza, origen \u00e9tnico u orientaci\u00f3n sexual.<\/li>\n<li>Incumplimiento de contrato cuando el conductor no cumple con los t\u00e9rminos acordados.<\/li>\n<\/ul>\n<p>Contar con un abogado con experiencia en accidentes de Lyft puede ayudarte a proteger tus derechos y a evaluar la compensaci\u00f3n que podr\u00edas reclamar conforme a la ley.<\/p>\n<h2>Qu\u00e9 da\u00f1os podr\u00eda reclamar en un caso de accidente de Lyft<\/h2>\n<p>Si eres v\u00edctima de un accidente de Lyft, podr\u00edas enfrentar facturas m\u00e9dicas, p\u00e9rdida de ingresos y otros gastos relacionados con el accidente. Existen dos tipos principales de da\u00f1os: econ\u00f3micos y no econ\u00f3micos.<\/p>\n<ul>\n<li>Los <strong>da\u00f1os econ\u00f3micos<\/strong> incluyen p\u00e9rdidas monetarias directas, como gastos m\u00e9dicos, salarios perdidos y da\u00f1os a la propiedad.<\/li>\n<li>Los <strong>da\u00f1os no econ\u00f3micos<\/strong> se relacionan con p\u00e9rdidas intangibles que no se pueden calcular f\u00e1cilmente en t\u00e9rminos monetarios, como dolor y sufrimiento.<\/li>\n<\/ul>\n<p>Al comprender la diferencia entre da\u00f1os econ\u00f3micos y no econ\u00f3micos, as\u00ed como las coberturas disponibles en estos casos, puedes tomar decisiones m\u00e1s informadas sobre tus opciones legales. Con esta informaci\u00f3n, podr\u00e1s entender mejor tus derechos antes de avanzar con una reclamaci\u00f3n.<\/p>\n<h2>Cu\u00e1ndo deber\u00edas contactar a un despacho de accidentes de Lyft<\/h2>\n<p>Si estuviste involucrado en un accidente mientras conduc\u00edas o viajabas en un veh\u00edculo de Lyft, es importante actuar lo antes posible. Es probable que hayas sufrido lesiones y necesites compensaci\u00f3n para cubrir gastos m\u00e9dicos, da\u00f1os a la propiedad y otras p\u00e9rdidas. El proceso para reclamar compensaci\u00f3n puede ser complejo, y el sistema legal puede resultar intimidante. Un abogado de accidentes de Lyft puede ayudarte al:<\/p>\n<ul>\n<li>Investigar el accidente y recopilar evidencia sobre la responsabilidad.<\/li>\n<li>Determinar qu\u00e9 partes pueden ser responsables de las p\u00e9rdidas o da\u00f1os.<\/li>\n<li>Negociar con compa\u00f1\u00edas de seguros en tu nombre.<\/li>\n<li>Presentar reclamaciones o demandas cuando sea necesario.<\/li>\n<li>Representarte en procedimientos judiciales si el caso lo requiere.<\/li>\n<\/ul>\n<p>Buscar ayuda legal despu\u00e9s de un accidente de Lyft puede darte la oportunidad de recuperar estabilidad financiera y continuar con tu vida mientras se desarrolla el proceso legal.<\/p>\n<h2>Habla con un abogado que puede ayudarte despu\u00e9s de tu accidente de lyft<\/h2>\n<p>CEO Lawyer Personal Injury Law Firm ha manejado numerosos casos de accidentes de transporte compartido. El equipo legal cuenta con experiencia en esta \u00e1rea del derecho y est\u00e1 preparado para abordar las estrategias que grandes compa\u00f1\u00edas como Lyft pueden utilizar en estos casos. (Los resultados previos no garantizan resultados similares.) Es com\u00fan que empresas de transporte compartido intenten presionar a personas lesionadas para que acepten acuerdos r\u00e1pidos o renuncien a su derecho a presentar una reclamaci\u00f3n. Tambi\u00e9n pueden retrasar la entrega de evidencia o argumentar que el conductor fue el \u00fanico responsable, incluso cuando estaba en servicio.<\/p>\n<p>Estas t\u00e1cticas pueden desalentar a las personas lesionadas a ejercer sus derechos. Nuestro equipo est\u00e1 preparado para ayudarte a entender tus opciones legales y proteger tus intereses conforme a la ley. No asumas que las compa\u00f1\u00edas de transporte compartido o las aseguradoras van a priorizar tus derechos. Comun\u00edcate con un abogado con experiencia en accidentes de Lyft en tu \u00e1rea completando el formulario de contacto en esta p\u00e1gina. Tu primera revisi\u00f3n de caso es gratuita y confidencial. Ll\u00e1manos hoy al <a href=\"tel:+18332542923\">(833) 254-2923<\/a>.<\/p>\n","protected":false},"excerpt":{"rendered":"<p>Resumen clave: Por qu\u00e9 contratar a un abogado de accidentes de Lyft En un accidente de Lyft pueden existir m\u00faltiples partes responsables, incluyendo conductores, terceros o incluso fabricantes. Puedes reclamar da\u00f1os econ\u00f3micos como gastos m\u00e9dicos y salarios perdidos. Tambi\u00e9n podr\u00edan existir da\u00f1os no econ\u00f3micos, como dolor y sufrimiento. La cobertura de seguro depende de si [&hellip;]<\/p>\n","protected":false},"author":18,"featured_media":13129,"parent":13085,"menu_order":0,"comment_status":"closed","ping_status":"closed","template":"","meta":{"_acf_changed":false,"footnotes":""},"class_list":["post-13127","page","type-page","status-publish","has-post-thumbnail","hentry"],"acf":[],"yoast_head":"<!-- This site is optimized with the Yoast SEO plugin v27.2 - https:\/\/yoast.com\/product\/yoast-seo-wordpress\/ -->\n<title>Abogado de accidentes de Lyft | CEO Lawyer<\/title>\n<meta name=\"description\" content=\"\u00bfSufriste una lesi\u00f3n en un accidente con Lyft? Los abogados de accidentes de transporte compartido de CEO Lawyer Personal Injury Law Firm est\u00e1n aqu\u00ed para ayudarte. Llama al 833-254-2923.\" \/>\n<meta name=\"robots\" content=\"index, follow, max-snippet:-1, max-image-preview:large, max-video-preview:-1\" \/>\n<link rel=\"canonical\" href=\"https:\/\/ceolawyer.com\/espanol\/lesiones-personales\/abogado-accidentes-de-lyft\/\" \/>\n<meta property=\"og:locale\" content=\"en_US\" \/>\n<meta property=\"og:type\" content=\"article\" \/>\n<meta property=\"og:title\" content=\"Abogado de accidentes de Lyft | CEO Lawyer\" \/>\n<meta property=\"og:description\" content=\"\u00bfSufriste una lesi\u00f3n en un accidente con Lyft? Los abogados de accidentes de transporte compartido de CEO Lawyer Personal Injury Law Firm est\u00e1n aqu\u00ed para ayudarte. Llama al 833-254-2923.\" \/>\n<meta property=\"og:url\" content=\"https:\/\/ceolawyer.com\/espanol\/lesiones-personales\/abogado-accidentes-de-lyft\/\" \/>\n<meta property=\"og:site_name\" content=\"CEO Lawyer\" \/>\n<meta property=\"article:modified_time\" content=\"2026-03-11T12:23:05+00:00\" \/>\n<meta property=\"og:image\" content=\"https:\/\/ceolawyer.com\/espanol\/wp-content\/uploads\/sites\/2\/2026\/03\/lyft-accident-lawyer-es.webp\" \/>\n\t<meta property=\"og:image:width\" content=\"500\" \/>\n\t<meta property=\"og:image:height\" content=\"333\" \/>\n\t<meta property=\"og:image:type\" content=\"image\/webp\" \/>\n<meta name=\"twitter:card\" content=\"summary_large_image\" \/>\n<meta name=\"twitter:label1\" content=\"Est. reading time\" \/>\n\t<meta name=\"twitter:data1\" content=\"9 minutes\" \/>\n<script type=\"application\/ld+json\" class=\"yoast-schema-graph\">{\"@context\":\"https:\/\/schema.org\",\"@graph\":[{\"@type\":\"WebPage\",\"@id\":\"https:\/\/ceolawyer.com\/espanol\/lesiones-personales\/abogado-accidentes-de-lyft\/\",\"url\":\"https:\/\/ceolawyer.com\/espanol\/lesiones-personales\/abogado-accidentes-de-lyft\/\",\"name\":\"Abogado de accidentes de Lyft | CEO Lawyer\",\"isPartOf\":{\"@id\":\"https:\/\/ceolawyer.com\/espanol\/#website\"},\"primaryImageOfPage\":{\"@id\":\"https:\/\/ceolawyer.com\/espanol\/lesiones-personales\/abogado-accidentes-de-lyft\/#primaryimage\"},\"image\":{\"@id\":\"https:\/\/ceolawyer.com\/espanol\/lesiones-personales\/abogado-accidentes-de-lyft\/#primaryimage\"},\"thumbnailUrl\":\"https:\/\/ceolawyer.com\/espanol\/wp-content\/uploads\/sites\/2\/2026\/03\/lyft-accident-lawyer-es.webp\",\"datePublished\":\"2026-03-11T12:18:46+00:00\",\"dateModified\":\"2026-03-11T12:23:05+00:00\",\"description\":\"\u00bfSufriste una lesi\u00f3n en un accidente con Lyft? Los abogados de accidentes de transporte compartido de CEO Lawyer Personal Injury Law Firm est\u00e1n aqu\u00ed para ayudarte. Llama al 833-254-2923.\",\"breadcrumb\":{\"@id\":\"https:\/\/ceolawyer.com\/espanol\/lesiones-personales\/abogado-accidentes-de-lyft\/#breadcrumb\"},\"inLanguage\":\"en-US\",\"potentialAction\":[{\"@type\":\"ReadAction\",\"target\":[\"https:\/\/ceolawyer.com\/espanol\/lesiones-personales\/abogado-accidentes-de-lyft\/\"]}]},{\"@type\":\"ImageObject\",\"inLanguage\":\"en-US\",\"@id\":\"https:\/\/ceolawyer.com\/espanol\/lesiones-personales\/abogado-accidentes-de-lyft\/#primaryimage\",\"url\":\"https:\/\/ceolawyer.com\/espanol\/wp-content\/uploads\/sites\/2\/2026\/03\/lyft-accident-lawyer-es.webp\",\"contentUrl\":\"https:\/\/ceolawyer.com\/espanol\/wp-content\/uploads\/sites\/2\/2026\/03\/lyft-accident-lawyer-es.webp\",\"width\":500,\"height\":333,\"caption\":\"Conductor de Lyft\"},{\"@type\":\"BreadcrumbList\",\"@id\":\"https:\/\/ceolawyer.com\/espanol\/lesiones-personales\/abogado-accidentes-de-lyft\/#breadcrumb\",\"itemListElement\":[{\"@type\":\"ListItem\",\"position\":1,\"name\":\"Home\",\"item\":\"https:\/\/ceolawyer.com\/espanol\/\"},{\"@type\":\"ListItem\",\"position\":2,\"name\":\"Abogado de lesiones personales\",\"item\":\"https:\/\/ceolawyer.com\/espanol\/lesiones-personales\/\"},{\"@type\":\"ListItem\",\"position\":3,\"name\":\"Abogado de accidentes de Lyft\"}]},{\"@type\":\"WebSite\",\"@id\":\"https:\/\/ceolawyer.com\/espanol\/#website\",\"url\":\"https:\/\/ceolawyer.com\/espanol\/\",\"name\":\"CEO Lawyer\",\"description\":\"Personal Injury Attorney\",\"publisher\":{\"@id\":\"https:\/\/ceolawyer.com\/espanol\/#organization\"},\"potentialAction\":[{\"@type\":\"SearchAction\",\"target\":{\"@type\":\"EntryPoint\",\"urlTemplate\":\"https:\/\/ceolawyer.com\/espanol\/?s={search_term_string}\"},\"query-input\":{\"@type\":\"PropertyValueSpecification\",\"valueRequired\":true,\"valueName\":\"search_term_string\"}}],\"inLanguage\":\"en-US\"},{\"@type\":\"Organization\",\"@id\":\"https:\/\/ceolawyer.com\/espanol\/#organization\",\"name\":\"CEO Lawyer\",\"url\":\"https:\/\/ceolawyer.com\/espanol\/\",\"logo\":{\"@type\":\"ImageObject\",\"inLanguage\":\"en-US\",\"@id\":\"https:\/\/ceolawyer.com\/espanol\/#\/schema\/logo\/image\/\",\"url\":\"https:\/\/ceolawyer.com\/espanol\/wp-content\/uploads\/sites\/2\/2022\/05\/CEO_Logo.png\",\"contentUrl\":\"https:\/\/ceolawyer.com\/espanol\/wp-content\/uploads\/sites\/2\/2022\/05\/CEO_Logo.png\",\"width\":200,\"height\":108,\"caption\":\"CEO Lawyer\"},\"image\":{\"@id\":\"https:\/\/ceolawyer.com\/espanol\/#\/schema\/logo\/image\/\"}}]}<\/script>\n<!-- \/ Yoast SEO plugin. -->","yoast_head_json":{"title":"Abogado de accidentes de Lyft | CEO Lawyer","description":"\u00bfSufriste una lesi\u00f3n en un accidente con Lyft? Los abogados de accidentes de transporte compartido de CEO Lawyer Personal Injury Law Firm est\u00e1n aqu\u00ed para ayudarte. Llama al 833-254-2923.","robots":{"index":"index","follow":"follow","max-snippet":"max-snippet:-1","max-image-preview":"max-image-preview:large","max-video-preview":"max-video-preview:-1"},"canonical":"https:\/\/ceolawyer.com\/espanol\/lesiones-personales\/abogado-accidentes-de-lyft\/","og_locale":"en_US","og_type":"article","og_title":"Abogado de accidentes de Lyft | CEO Lawyer","og_description":"\u00bfSufriste una lesi\u00f3n en un accidente con Lyft? Los abogados de accidentes de transporte compartido de CEO Lawyer Personal Injury Law Firm est\u00e1n aqu\u00ed para ayudarte. Llama al 833-254-2923.","og_url":"https:\/\/ceolawyer.com\/espanol\/lesiones-personales\/abogado-accidentes-de-lyft\/","og_site_name":"CEO Lawyer","article_modified_time":"2026-03-11T12:23:05+00:00","og_image":[{"width":500,"height":333,"url":"https:\/\/ceolawyer.com\/espanol\/wp-content\/uploads\/sites\/2\/2026\/03\/lyft-accident-lawyer-es.webp","type":"image\/webp"}],"twitter_card":"summary_large_image","twitter_misc":{"Est. reading time":"9 minutes"},"schema":{"@context":"https:\/\/schema.org","@graph":[{"@type":"WebPage","@id":"https:\/\/ceolawyer.com\/espanol\/lesiones-personales\/abogado-accidentes-de-lyft\/","url":"https:\/\/ceolawyer.com\/espanol\/lesiones-personales\/abogado-accidentes-de-lyft\/","name":"Abogado de accidentes de Lyft | CEO Lawyer","isPartOf":{"@id":"https:\/\/ceolawyer.com\/espanol\/#website"},"primaryImageOfPage":{"@id":"https:\/\/ceolawyer.com\/espanol\/lesiones-personales\/abogado-accidentes-de-lyft\/#primaryimage"},"image":{"@id":"https:\/\/ceolawyer.com\/espanol\/lesiones-personales\/abogado-accidentes-de-lyft\/#primaryimage"},"thumbnailUrl":"https:\/\/ceolawyer.com\/espanol\/wp-content\/uploads\/sites\/2\/2026\/03\/lyft-accident-lawyer-es.webp","datePublished":"2026-03-11T12:18:46+00:00","dateModified":"2026-03-11T12:23:05+00:00","description":"\u00bfSufriste una lesi\u00f3n en un accidente con Lyft? Los abogados de accidentes de transporte compartido de CEO Lawyer Personal Injury Law Firm est\u00e1n aqu\u00ed para ayudarte. Llama al 833-254-2923.","breadcrumb":{"@id":"https:\/\/ceolawyer.com\/espanol\/lesiones-personales\/abogado-accidentes-de-lyft\/#breadcrumb"},"inLanguage":"en-US","potentialAction":[{"@type":"ReadAction","target":["https:\/\/ceolawyer.com\/espanol\/lesiones-personales\/abogado-accidentes-de-lyft\/"]}]},{"@type":"ImageObject","inLanguage":"en-US","@id":"https:\/\/ceolawyer.com\/espanol\/lesiones-personales\/abogado-accidentes-de-lyft\/#primaryimage","url":"https:\/\/ceolawyer.com\/espanol\/wp-content\/uploads\/sites\/2\/2026\/03\/lyft-accident-lawyer-es.webp","contentUrl":"https:\/\/ceolawyer.com\/espanol\/wp-content\/uploads\/sites\/2\/2026\/03\/lyft-accident-lawyer-es.webp","width":500,"height":333,"caption":"Conductor de Lyft"},{"@type":"BreadcrumbList","@id":"https:\/\/ceolawyer.com\/espanol\/lesiones-personales\/abogado-accidentes-de-lyft\/#breadcrumb","itemListElement":[{"@type":"ListItem","position":1,"name":"Home","item":"https:\/\/ceolawyer.com\/espanol\/"},{"@type":"ListItem","position":2,"name":"Abogado de lesiones personales","item":"https:\/\/ceolawyer.com\/espanol\/lesiones-personales\/"},{"@type":"ListItem","position":3,"name":"Abogado de accidentes de Lyft"}]},{"@type":"WebSite","@id":"https:\/\/ceolawyer.com\/espanol\/#website","url":"https:\/\/ceolawyer.com\/espanol\/","name":"CEO Lawyer","description":"Personal Injury Attorney","publisher":{"@id":"https:\/\/ceolawyer.com\/espanol\/#organization"},"potentialAction":[{"@type":"SearchAction","target":{"@type":"EntryPoint","urlTemplate":"https:\/\/ceolawyer.com\/espanol\/?s={search_term_string}"},"query-input":{"@type":"PropertyValueSpecification","valueRequired":true,"valueName":"search_term_string"}}],"inLanguage":"en-US"},{"@type":"Organization","@id":"https:\/\/ceolawyer.com\/espanol\/#organization","name":"CEO Lawyer","url":"https:\/\/ceolawyer.com\/espanol\/","logo":{"@type":"ImageObject","inLanguage":"en-US","@id":"https:\/\/ceolawyer.com\/espanol\/#\/schema\/logo\/image\/","url":"https:\/\/ceolawyer.com\/espanol\/wp-content\/uploads\/sites\/2\/2022\/05\/CEO_Logo.png","contentUrl":"https:\/\/ceolawyer.com\/espanol\/wp-content\/uploads\/sites\/2\/2022\/05\/CEO_Logo.png","width":200,"height":108,"caption":"CEO Lawyer"},"image":{"@id":"https:\/\/ceolawyer.com\/espanol\/#\/schema\/logo\/image\/"}}]}},"_links":{"self":[{"href":"https:\/\/ceolawyer.com\/espanol\/wp-json\/wp\/v2\/pages\/13127","targetHints":{"allow":["GET"]}}],"collection":[{"href":"https:\/\/ceolawyer.com\/espanol\/wp-json\/wp\/v2\/pages"}],"about":[{"href":"https:\/\/ceolawyer.com\/espanol\/wp-json\/wp\/v2\/types\/page"}],"author":[{"embeddable":true,"href":"https:\/\/ceolawyer.com\/espanol\/wp-json\/wp\/v2\/users\/18"}],"replies":[{"embeddable":true,"href":"https:\/\/ceolawyer.com\/espanol\/wp-json\/wp\/v2\/comments?post=13127"}],"version-history":[{"count":0,"href":"https:\/\/ceolawyer.com\/espanol\/wp-json\/wp\/v2\/pages\/13127\/revisions"}],"up":[{"embeddable":true,"href":"https:\/\/ceolawyer.com\/espanol\/wp-json\/wp\/v2\/pages\/13085"}],"wp:featuredmedia":[{"embeddable":true,"href":"https:\/\/ceolawyer.com\/espanol\/wp-json\/wp\/v2\/media\/13129"}],"wp:attachment":[{"href":"https:\/\/ceolawyer.com\/espanol\/wp-json\/wp\/v2\/media?parent=13127"}],"curies":[{"name":"wp","href":"https:\/\/api.w.org\/{rel}","templated":true}]}}