{"id":13139,"date":"2026-03-11T12:43:25","date_gmt":"2026-03-11T12:43:25","guid":{"rendered":"https:\/\/ceolawyer.com\/espanol\/?page_id=13139"},"modified":"2026-03-11T12:46:58","modified_gmt":"2026-03-11T12:46:58","slug":"abogado-accidentes-peatonales","status":"publish","type":"page","link":"https:\/\/ceolawyer.com\/espanol\/lesiones-personales\/abogado-accidentes-peatonales\/","title":{"rendered":"Abogado de accidentes peatonales"},"content":{"rendered":"<p>Puntos clave sobre accidentes de peatones<\/p>\n<ul>\n<li>Un abogado puede ayudarte a investigar el accidente, recopilar evidencia y presentar una reclamaci\u00f3n s\u00f3lida ante la aseguradora.<\/li>\n<li>Cada estado tiene leyes distintas sobre responsabilidad y negligencia en accidentes de peatones.<\/li>\n<li>Puedes tener derecho a compensaci\u00f3n por gastos m\u00e9dicos, salarios perdidos, dolor y sufrimiento y angustia emocional.<\/li>\n<li>La evidencia como grabaciones de c\u00e1maras, informes policiales y testimonios puede ser fundamental para tu caso.<\/li>\n<li>CEO Lawyer Personal Injury Law Firm trabaja bajo honorarios contingentes, lo que significa que no pagas honorarios a menos de que se logre una recuperaci\u00f3n econ\u00f3mica.<\/li>\n<\/ul>\n<p>\u00bfQuieres m\u00e1s informaci\u00f3n? Llama hoy al <a href=\"tel:+18332542923\">(833) 254-2923<\/a>.<\/p>\n<p><img decoding=\"async\" class=\"alignright size-full wp-image-13141\" src=\"https:\/\/ceolawyer.com\/espanol\/wp-content\/uploads\/sites\/2\/2026\/03\/pedestrian-accident-lawyer-es.webp\" alt=\"Accidente peatonal\" width=\"500\" height=\"333\" srcset=\"https:\/\/ceolawyer.com\/espanol\/wp-content\/uploads\/sites\/2\/2026\/03\/pedestrian-accident-lawyer-es.webp 500w, https:\/\/ceolawyer.com\/espanol\/wp-content\/uploads\/sites\/2\/2026\/03\/pedestrian-accident-lawyer-es-300x200.webp 300w\" sizes=\"(max-width: 500px) 100vw, 500px\" \/>Como peat\u00f3n, enfrentas algunas de las condiciones m\u00e1s peligrosas en las v\u00edas. Solo en 2019, m\u00e1s de 6,000 peatones murieron en accidentes que involucraron veh\u00edculos de motor. No todas las ciudades son especialmente transitables o amigables para quienes caminan. En zonas rurales, incluso puede que no haya banquetas, lo que deja a los peatones en una situaci\u00f3n de mayor vulnerabilidad. Los peatones son personas que caminan o corren a lo largo de la v\u00eda. Aunque tomes todas las precauciones, sigas las leyes de tr\u00e1nsito y te mantengas alerta, un conductor negligente puede causar da\u00f1os graves. Los peatones no cuentan con la protecci\u00f3n estructural que ofrece un autom\u00f3vil, ni usan casco como en el caso de un ciclista o motociclista.<\/p>\n<p>Si sufriste lesiones como peat\u00f3n en un accidente con un veh\u00edculo de motor, debes consultar con un abogado de accidentes de peatones. Un abogado de lesiones personales que se especializa en este tipo de casos puede ayudarte a analizar los hechos y desarrollar una estrategia legal s\u00f3lida. El equipo legal de CEO Lawyer Personal Injury Law Firm es el representante de confianza que necesitas de tu lado. Para una revisi\u00f3n gratuita de tu caso, llama a nuestros abogados de lesiones y accidentes para una consulta sin costo al <a href=\"tel:+18332542923\">(833) 254-2923<\/a>.<\/p>\n<h2>Causas Comunes de los Accidentes de Peatones<\/h2>\n<p>Existen ciertos factores que aumentan el riesgo de que ocurra un accidente de peat\u00f3n. Aunque los autos actuales son m\u00e1s seguros que nunca, eso no significa que los peatones est\u00e9n m\u00e1s protegidos que en d\u00e9cadas anteriores. Dependiendo de d\u00f3nde vivas, puede que no existan v\u00edas adecuadas para caminar, lo que incrementa el riesgo de sufrir lesiones. Algunas de las causas m\u00e1s comunes de accidentes de peatones son:<\/p>\n<p>Conductores distra\u00eddos: Es una de las causas m\u00e1s prevenibles. Los conductores saben que deben mantener total atenci\u00f3n en todo momento, pero con frecuencia se distraen con dispositivos m\u00f3viles u otros factores.<\/p>\n<p>Conducir o caminar bajo la influencia: Nunca es seguro consumir alcohol y utilizar las v\u00edas, ya sea que est\u00e9s caminando o conduciendo. Un conductor ebrio puede atropellar a un peat\u00f3n porque no es plenamente consciente de su entorno. Lo mismo ocurre con peatones en estado de ebriedad, quienes tienen mayor probabilidad de violar las leyes de tr\u00e1nsito, ignorar se\u00f1ales o cruzar donde no deben.<\/p>\n<p>Veh\u00edculos el\u00e9ctricos: Los veh\u00edculos de energ\u00eda limpia son mucho m\u00e1s silenciosos que los de combusti\u00f3n, y un peat\u00f3n puede cruzar sin notarlos. Las personas con discapacidad visual o auditiva enfrentan un mayor riesgo de ser atropelladas por un veh\u00edculo el\u00e9ctrico. Si conduces uno, mant\u00e9n las luces encendidas en todo momento.<\/p>\n<h2>\u00bfQui\u00e9n es responsable en un accidente de peat\u00f3n?<\/h2>\n<p>Algunas personas asumen que el conductor siempre tiene la culpa en un accidente con un peat\u00f3n, pero no necesariamente es as\u00ed. Las compa\u00f1\u00edas de seguros intentar\u00e1n atribuir parte de la responsabilidad al peat\u00f3n para reducir o eliminar la responsabilidad de su asegurado. Existen situaciones en las que un peat\u00f3n puede tener responsabilidad, por ejemplo, si cruzaba fuera de un cruce peatonal designado, ignoraba se\u00f1ales de tr\u00e1nsito o caminaba en un \u00e1rea donde est\u00e1 prohibido. En la mayor\u00eda de los casos, la <a href=\"https:\/\/ceolawyer.com\/personal-injury\/negligence-lawyer\/\">persona lesionada puede demandar por negligencia<\/a>. Para probar negligencia, debes demostrar que:<\/p>\n<ul>\n<li>El conductor ten\u00eda un deber de cuidado hacia ti.<\/li>\n<li>Hubo un incumplimiento de ese deber, ya sea por falta de atenci\u00f3n o por violar deliberadamente las reglas de tr\u00e1nsito.<\/li>\n<li>Como resultado de las acciones del conductor, sufriste una lesi\u00f3n.<\/li>\n<\/ul>\n<p>Tanto conductores como peatones deben actuar con un est\u00e1ndar razonable de cuidado al usar las v\u00edas. Sin embargo, generalmente a los conductores se les exige un est\u00e1ndar m\u00e1s alto. Un conductor puede considerarse negligente por:<\/p>\n<ul>\n<li>No prestar atenci\u00f3n.<\/li>\n<li>Exceder el l\u00edmite de velocidad.<\/li>\n<li>No usar las direccionales adecuadamente.<\/li>\n<li>No ceder el paso en cruces peatonales.<\/li>\n<li>Usar el tel\u00e9fono celular u otro dispositivo electr\u00f3nico mientras conduce.<\/li>\n<\/ul>\n<p>En algunos estados, un peat\u00f3n lesionado puede demandar bajo la doctrina de negligencia per se. Esto significa que la negligencia puede presumirse cuando el demandado viol\u00f3 una ley de seguridad dise\u00f1ada para proteger a personas como t\u00fa. Para que aplique, debes demostrar que:<\/p>\n<ul>\n<li>Formabas parte del grupo que la ley pretend\u00eda proteger.<\/li>\n<li>La violaci\u00f3n de la ley por parte del conductor caus\u00f3 directamente tu lesi\u00f3n.<\/li>\n<\/ul>\n<p>Un ejemplo es conducir bajo los efectos del alcohol y atropellar a alguien, aun cuando se hayan seguido otras reglas de tr\u00e1nsito. Si el conductor hubiera estado sobrio, podr\u00eda haber reaccionado a tiempo y evitado el accidente. No todos los estados reconocen esta doctrina.<\/p>\n<p>En otros estados se aplica la ley de negligencia comparativa. Esto significa que ambas partes pueden compartir la responsabilidad del accidente. Aun as\u00ed, puedes recuperar compensaci\u00f3n, pero esta se reducir\u00e1 seg\u00fan el porcentaje de culpa que se te asigne. <a href=\"https:\/\/www.alllaw.com\/articles\/nolo\/auto-accident\/driver-at-fault-pedestrian-car.html\">Ejemplos de posible negligencia de un peat\u00f3n<\/a> incluyen:<\/p>\n<ul>\n<li>No usar cruces peatonales designados.<\/li>\n<li>No verificar si es seguro cruzar.<\/li>\n<li>Ignorar se\u00f1ales y leyes de tr\u00e1nsito.<\/li>\n<li>Cruzar repentinamente frente a un veh\u00edculo.<\/li>\n<\/ul>\n<p>En los casos m\u00e1s graves, cuando un peat\u00f3n fallece, el c\u00f3nyuge sobreviviente, los hijos o el patrimonio del fallecido pueden presentar una <a href=\"https:\/\/ceolawyer.com\/personal-injury\/wrongful-death-lawyer\/\">demanda por muerte por negligencia contra el conductor responsable<\/a>. Se aplicar\u00e1n los mismos est\u00e1ndares de negligencia y deber\u00e1n probarse. Adem\u00e1s de los da\u00f1os mencionados m\u00e1s adelante, tambi\u00e9n se pueden reclamar gastos funerarios y de entierro.<\/p>\n<h2>\u00bfQu\u00e9 tipo de compensaci\u00f3n puedes recibir?<\/h2>\n<p>Si sufriste lesiones como peat\u00f3n, tienes derecho a recibir compensaci\u00f3n por los gastos y da\u00f1os relacionados con tu lesi\u00f3n. Tu abogado buscar\u00e1 recuperar compensaci\u00f3n por:<\/p>\n<ul>\n<li><strong>Gastos m\u00e9dicos: <\/strong>Incluye facturas m\u00e9dicas actuales y futuras relacionadas con la lesi\u00f3n. Busca atenci\u00f3n m\u00e9dica inmediata y conserva todos los registros de hospital, ambulancia, rehabilitaci\u00f3n y cirug\u00edas si fueron necesarias.<\/li>\n<li><strong>Salarios perdidos y p\u00e9rdida de capacidad de generar ingresos: <\/strong>Si tus lesiones te impiden trabajar durante un per\u00edodo prolongado, tienes derecho a recuperar el dinero que dejaste de ganar y el que habr\u00edas ganado de no haber sufrido el accidente.<\/li>\n<li><strong>Dolor y sufrimiento: <\/strong>Tienes derecho a compensaci\u00f3n por p\u00e9rdidas no econ\u00f3micas, como el dolor f\u00edsico que experimentas despu\u00e9s del accidente.<\/li>\n<li><strong>Angustia emocional: <\/strong>No todo el da\u00f1o es f\u00edsico. Tambi\u00e9n puedes recibir compensaci\u00f3n por el sufrimiento emocional y psicol\u00f3gico, incluyendo ansiedad, depresi\u00f3n y angustia.<\/li>\n<\/ul>\n<h2>\u00bfQu\u00e9 puede hacer por ti una firma de abogados de accidentes de peatones?<\/h2>\n<p>El equipo de abogados de CEO Lawyer Personal Injury Law Firm cuenta con a\u00f1os de experiencia manejando una amplia variedad de casos de lesiones personales, incluidos accidentes de peatones. Si sufriste lesiones como peat\u00f3n, es posible que tengas dudas sobre cu\u00e1les son los primeros pasos para presentar una reclamaci\u00f3n por lesiones personales contra el conductor que te atropell\u00f3. Cada estado tiene leyes diferentes en relaci\u00f3n con los accidentes de peatones, por lo que es recomendable consultar con un abogado que conozca la legislaci\u00f3n aplicable en tu estado. CEO Lawyer Personal Injury Law Firm ha ayudado a personas lesionadas como t\u00fa en cada etapa del proceso, buscando obtener la m\u00e1xima compensaci\u00f3n disponible conforme a la ley por sus lesiones.<\/p>\n<p>Si decides trabajar con nosotros, nuestro equipo comenzar\u00e1 a investigar tu caso de inmediato y a reunir evidencia que respalde tu reclamaci\u00f3n. Es normal que te sientas abrumado en estos momentos, pero el equipo de CEO Lawyer Personal Injury Law Firm est\u00e1 aqu\u00ed para defender tus derechos legales. La firma no acepta ofertas injustamente bajas ni da por v\u00e1lidas las evaluaciones iniciales de las compa\u00f1\u00edas de seguros sin una revisi\u00f3n exhaustiva. Primero, tu abogado y su equipo de asistentes legales tomar\u00e1n tu declaraci\u00f3n y comenzar\u00e1n a recopilar pruebas que respalden tu versi\u00f3n de los hechos. Buscar\u00e1n grabaciones de c\u00e1maras relacionadas con el accidente, como c\u00e1maras de tr\u00e1fico o c\u00e1maras instaladas en el tablero del veh\u00edculo del conductor responsable o de testigos, si est\u00e1n disponibles. Obtendr\u00e1n copias del informe policial y de toda la documentaci\u00f3n m\u00e9dica relacionada con tus lesiones. Finalmente, contactar\u00e1n y entrevistar\u00e1n a testigos que hayan estado presentes en la escena del accidente.<\/p>\n<p>En conjunto, esta evidencia se utilizar\u00e1 para redactar una carta de reclamaci\u00f3n dirigida a la compa\u00f1\u00eda de seguros, en la que se describir\u00e1n tus lesiones, da\u00f1os y la solicitud de compensaci\u00f3n correspondiente.<\/p>\n<h2>Consejos de seguridad para peatones<\/h2>\n<p>Como peat\u00f3n, eres especialmente vulnerable en las v\u00edas. Si caminas o corres en una zona rural, es posible que no cuentes con la protecci\u00f3n de una banqueta. Aunque los conductores tienen la responsabilidad de estar atentos a los peatones, t\u00fa tambi\u00e9n puedes protegerte siguiendo estas recomendaciones:<\/p>\n<ul>\n<li>Presta atenci\u00f3n a las se\u00f1ales de tr\u00e1nsito y cumple con todas las normas viales, incluyendo los sem\u00e1foros.<\/li>\n<li>Usa las banquetas cuando est\u00e9n disponibles.<\/li>\n<li>Si caminas en un lugar sin banquetas, hazlo de frente al tr\u00e1fico y mantente lo m\u00e1s alejado posible del centro de la v\u00eda.<\/li>\n<li>Cruza la calle \u00fanicamente en intersecciones y mira en todas las direcciones antes de cruzar.<\/li>\n<li>Procura caminar en \u00e1reas bien iluminadas y utiliza ropa reflectante si caminas de noche o al atardecer.<\/li>\n<li>Ense\u00f1a a tus hijos a <a href=\"https:\/\/www.safekids.org\/tip\/pedestrian-safety-tips\">seguir estas mismas reglas<\/a> cuando jueguen en \u00e1reas donde puedan circular veh\u00edculos.<\/li>\n<\/ul>\n<h2>CEO Lawyer Personal Injury Law Firm est\u00e1 aqu\u00ed para ti<\/h2>\n<p>Nuestro equipo comprende el enfoque estrat\u00e9gico necesario para buscar la compensaci\u00f3n que necesitas despu\u00e9s de un accidente. Presentar una reclamaci\u00f3n por lesiones no es algo que nadie quiera enfrentar, pero cuando ocurre, necesitas a alguien confiable y con experiencia de tu lado. Adem\u00e1s, la mayor\u00eda de las personas no tiene experiencia previa presentando este tipo de reclamaciones, por lo que siempre es recomendable consultar con un abogado de accidentes con experiencia para asegurarte de que los hechos est\u00e9n debidamente documentados y que la compensaci\u00f3n solicitada sea adecuada conforme a la ley.<\/p>\n<p>Con CEO Lawyer Personal Injury Law Firm de tu lado, puedes enfrentar a compa\u00f1\u00edas de seguros de gran tama\u00f1o con el respaldo de un equipo legal experimentado. Si la compa\u00f1\u00eda de seguros no presenta una oferta justa, estamos preparados para llevar el caso ante los tribunales cuando sea necesario para buscar la compensaci\u00f3n que corresponda conforme a la ley. CEO Lawyer Personal Injury Law Firm est\u00e1 disponible hoy para una consulta sin compromiso sobre tu caso. En la firma, los abogados trabajan bajo un acuerdo de honorarios contingentes, lo que significa que no reciben pago a menos que se obtenga una recuperaci\u00f3n econ\u00f3mica en tu caso. No tienes nada que perder al llamar y hablar con alguien con experiencia en reclamaciones por accidentes de peatones. <a href=\"https:\/\/ceolawyer.com\/contact-us\/\">Cont\u00e1ctanos en l\u00ednea<\/a> o llama hoy al <a href=\"tel:+18332542923\">(833) 254-2923<\/a>.<\/p>\n","protected":false},"excerpt":{"rendered":"<p>Puntos clave sobre accidentes de peatones Un abogado puede ayudarte a investigar el accidente, recopilar evidencia y presentar una reclamaci\u00f3n s\u00f3lida ante la aseguradora. Cada estado tiene leyes distintas sobre responsabilidad y negligencia en accidentes de peatones. Puedes tener derecho a compensaci\u00f3n por gastos m\u00e9dicos, salarios perdidos, dolor y sufrimiento y angustia emocional. La evidencia [&hellip;]<\/p>\n","protected":false},"author":18,"featured_media":13141,"parent":13085,"menu_order":0,"comment_status":"closed","ping_status":"closed","template":"","meta":{"_acf_changed":false,"footnotes":""},"class_list":["post-13139","page","type-page","status-publish","has-post-thumbnail","hentry"],"acf":[],"yoast_head":"<!-- This site is optimized with the Yoast SEO plugin v27.4 - https:\/\/yoast.com\/product\/yoast-seo-wordpress\/ -->\n<title>Abogado de accidentes peatonales | CEO Lawyer<\/title>\n<meta name=\"description\" content=\"Un abogado de accidentes de peatonales puede ayudarte a entender tu caso de lesiones personales. Llama a CEO Lawyer Personal Injury Law Firm al 833-254-2923.\" \/>\n<meta name=\"robots\" content=\"index, follow, max-snippet:-1, max-image-preview:large, max-video-preview:-1\" \/>\n<link rel=\"canonical\" href=\"https:\/\/ceolawyer.com\/espanol\/lesiones-personales\/abogado-accidentes-peatonales\/\" \/>\n<meta property=\"og:locale\" content=\"en_US\" \/>\n<meta property=\"og:type\" content=\"article\" \/>\n<meta property=\"og:title\" content=\"Abogado de accidentes peatonales | CEO Lawyer\" \/>\n<meta property=\"og:description\" content=\"Un abogado de accidentes de peatonales puede ayudarte a entender tu caso de lesiones personales. Llama a CEO Lawyer Personal Injury Law Firm al 833-254-2923.\" \/>\n<meta property=\"og:url\" content=\"https:\/\/ceolawyer.com\/espanol\/lesiones-personales\/abogado-accidentes-peatonales\/\" \/>\n<meta property=\"og:site_name\" content=\"CEO Lawyer\" \/>\n<meta property=\"article:modified_time\" content=\"2026-03-11T12:46:58+00:00\" \/>\n<meta property=\"og:image\" content=\"https:\/\/ceolawyer.com\/espanol\/wp-content\/uploads\/sites\/2\/2026\/03\/pedestrian-accident-lawyer-es.webp\" \/>\n\t<meta property=\"og:image:width\" content=\"500\" \/>\n\t<meta property=\"og:image:height\" content=\"333\" \/>\n\t<meta property=\"og:image:type\" content=\"image\/webp\" \/>\n<meta name=\"twitter:card\" content=\"summary_large_image\" \/>\n<meta name=\"twitter:label1\" content=\"Est. reading time\" \/>\n\t<meta name=\"twitter:data1\" content=\"9 minutes\" \/>\n<script type=\"application\/ld+json\" class=\"yoast-schema-graph\">{\"@context\":\"https:\\\/\\\/schema.org\",\"@graph\":[{\"@type\":\"WebPage\",\"@id\":\"https:\\\/\\\/ceolawyer.com\\\/espanol\\\/lesiones-personales\\\/abogado-accidentes-peatonales\\\/\",\"url\":\"https:\\\/\\\/ceolawyer.com\\\/espanol\\\/lesiones-personales\\\/abogado-accidentes-peatonales\\\/\",\"name\":\"Abogado de accidentes peatonales | CEO Lawyer\",\"isPartOf\":{\"@id\":\"https:\\\/\\\/ceolawyer.com\\\/espanol\\\/#website\"},\"primaryImageOfPage\":{\"@id\":\"https:\\\/\\\/ceolawyer.com\\\/espanol\\\/lesiones-personales\\\/abogado-accidentes-peatonales\\\/#primaryimage\"},\"image\":{\"@id\":\"https:\\\/\\\/ceolawyer.com\\\/espanol\\\/lesiones-personales\\\/abogado-accidentes-peatonales\\\/#primaryimage\"},\"thumbnailUrl\":\"https:\\\/\\\/ceolawyer.com\\\/espanol\\\/wp-content\\\/uploads\\\/sites\\\/2\\\/2026\\\/03\\\/pedestrian-accident-lawyer-es.webp\",\"datePublished\":\"2026-03-11T12:43:25+00:00\",\"dateModified\":\"2026-03-11T12:46:58+00:00\",\"description\":\"Un abogado de accidentes de peatonales puede ayudarte a entender tu caso de lesiones personales. Llama a CEO Lawyer Personal Injury Law Firm al 833-254-2923.\",\"breadcrumb\":{\"@id\":\"https:\\\/\\\/ceolawyer.com\\\/espanol\\\/lesiones-personales\\\/abogado-accidentes-peatonales\\\/#breadcrumb\"},\"inLanguage\":\"en-US\",\"potentialAction\":[{\"@type\":\"ReadAction\",\"target\":[\"https:\\\/\\\/ceolawyer.com\\\/espanol\\\/lesiones-personales\\\/abogado-accidentes-peatonales\\\/\"]}]},{\"@type\":\"ImageObject\",\"inLanguage\":\"en-US\",\"@id\":\"https:\\\/\\\/ceolawyer.com\\\/espanol\\\/lesiones-personales\\\/abogado-accidentes-peatonales\\\/#primaryimage\",\"url\":\"https:\\\/\\\/ceolawyer.com\\\/espanol\\\/wp-content\\\/uploads\\\/sites\\\/2\\\/2026\\\/03\\\/pedestrian-accident-lawyer-es.webp\",\"contentUrl\":\"https:\\\/\\\/ceolawyer.com\\\/espanol\\\/wp-content\\\/uploads\\\/sites\\\/2\\\/2026\\\/03\\\/pedestrian-accident-lawyer-es.webp\",\"width\":500,\"height\":333,\"caption\":\"Accidente peatonal\"},{\"@type\":\"BreadcrumbList\",\"@id\":\"https:\\\/\\\/ceolawyer.com\\\/espanol\\\/lesiones-personales\\\/abogado-accidentes-peatonales\\\/#breadcrumb\",\"itemListElement\":[{\"@type\":\"ListItem\",\"position\":1,\"name\":\"Home\",\"item\":\"https:\\\/\\\/ceolawyer.com\\\/espanol\\\/\"},{\"@type\":\"ListItem\",\"position\":2,\"name\":\"Abogado de lesiones personales\",\"item\":\"https:\\\/\\\/ceolawyer.com\\\/espanol\\\/lesiones-personales\\\/\"},{\"@type\":\"ListItem\",\"position\":3,\"name\":\"Abogado de accidentes peatonales\"}]},{\"@type\":\"WebSite\",\"@id\":\"https:\\\/\\\/ceolawyer.com\\\/espanol\\\/#website\",\"url\":\"https:\\\/\\\/ceolawyer.com\\\/espanol\\\/\",\"name\":\"CEO Lawyer\",\"description\":\"Personal Injury Attorney\",\"publisher\":{\"@id\":\"https:\\\/\\\/ceolawyer.com\\\/espanol\\\/#organization\"},\"potentialAction\":[{\"@type\":\"SearchAction\",\"target\":{\"@type\":\"EntryPoint\",\"urlTemplate\":\"https:\\\/\\\/ceolawyer.com\\\/espanol\\\/?s={search_term_string}\"},\"query-input\":{\"@type\":\"PropertyValueSpecification\",\"valueRequired\":true,\"valueName\":\"search_term_string\"}}],\"inLanguage\":\"en-US\"},{\"@type\":\"Organization\",\"@id\":\"https:\\\/\\\/ceolawyer.com\\\/espanol\\\/#organization\",\"name\":\"CEO Lawyer\",\"url\":\"https:\\\/\\\/ceolawyer.com\\\/espanol\\\/\",\"logo\":{\"@type\":\"ImageObject\",\"inLanguage\":\"en-US\",\"@id\":\"https:\\\/\\\/ceolawyer.com\\\/espanol\\\/#\\\/schema\\\/logo\\\/image\\\/\",\"url\":\"https:\\\/\\\/ceolawyer.com\\\/espanol\\\/wp-content\\\/uploads\\\/sites\\\/2\\\/2022\\\/05\\\/CEO_Logo.png\",\"contentUrl\":\"https:\\\/\\\/ceolawyer.com\\\/espanol\\\/wp-content\\\/uploads\\\/sites\\\/2\\\/2022\\\/05\\\/CEO_Logo.png\",\"width\":200,\"height\":108,\"caption\":\"CEO Lawyer\"},\"image\":{\"@id\":\"https:\\\/\\\/ceolawyer.com\\\/espanol\\\/#\\\/schema\\\/logo\\\/image\\\/\"}}]}<\/script>\n<!-- \/ Yoast SEO plugin. -->","yoast_head_json":{"title":"Abogado de accidentes peatonales | CEO Lawyer","description":"Un abogado de accidentes de peatonales puede ayudarte a entender tu caso de lesiones personales. Llama a CEO Lawyer Personal Injury Law Firm al 833-254-2923.","robots":{"index":"index","follow":"follow","max-snippet":"max-snippet:-1","max-image-preview":"max-image-preview:large","max-video-preview":"max-video-preview:-1"},"canonical":"https:\/\/ceolawyer.com\/espanol\/lesiones-personales\/abogado-accidentes-peatonales\/","og_locale":"en_US","og_type":"article","og_title":"Abogado de accidentes peatonales | CEO Lawyer","og_description":"Un abogado de accidentes de peatonales puede ayudarte a entender tu caso de lesiones personales. Llama a CEO Lawyer Personal Injury Law Firm al 833-254-2923.","og_url":"https:\/\/ceolawyer.com\/espanol\/lesiones-personales\/abogado-accidentes-peatonales\/","og_site_name":"CEO Lawyer","article_modified_time":"2026-03-11T12:46:58+00:00","og_image":[{"width":500,"height":333,"url":"https:\/\/ceolawyer.com\/espanol\/wp-content\/uploads\/sites\/2\/2026\/03\/pedestrian-accident-lawyer-es.webp","type":"image\/webp"}],"twitter_card":"summary_large_image","twitter_misc":{"Est. reading time":"9 minutes"},"schema":{"@context":"https:\/\/schema.org","@graph":[{"@type":"WebPage","@id":"https:\/\/ceolawyer.com\/espanol\/lesiones-personales\/abogado-accidentes-peatonales\/","url":"https:\/\/ceolawyer.com\/espanol\/lesiones-personales\/abogado-accidentes-peatonales\/","name":"Abogado de accidentes peatonales | CEO Lawyer","isPartOf":{"@id":"https:\/\/ceolawyer.com\/espanol\/#website"},"primaryImageOfPage":{"@id":"https:\/\/ceolawyer.com\/espanol\/lesiones-personales\/abogado-accidentes-peatonales\/#primaryimage"},"image":{"@id":"https:\/\/ceolawyer.com\/espanol\/lesiones-personales\/abogado-accidentes-peatonales\/#primaryimage"},"thumbnailUrl":"https:\/\/ceolawyer.com\/espanol\/wp-content\/uploads\/sites\/2\/2026\/03\/pedestrian-accident-lawyer-es.webp","datePublished":"2026-03-11T12:43:25+00:00","dateModified":"2026-03-11T12:46:58+00:00","description":"Un abogado de accidentes de peatonales puede ayudarte a entender tu caso de lesiones personales. Llama a CEO Lawyer Personal Injury Law Firm al 833-254-2923.","breadcrumb":{"@id":"https:\/\/ceolawyer.com\/espanol\/lesiones-personales\/abogado-accidentes-peatonales\/#breadcrumb"},"inLanguage":"en-US","potentialAction":[{"@type":"ReadAction","target":["https:\/\/ceolawyer.com\/espanol\/lesiones-personales\/abogado-accidentes-peatonales\/"]}]},{"@type":"ImageObject","inLanguage":"en-US","@id":"https:\/\/ceolawyer.com\/espanol\/lesiones-personales\/abogado-accidentes-peatonales\/#primaryimage","url":"https:\/\/ceolawyer.com\/espanol\/wp-content\/uploads\/sites\/2\/2026\/03\/pedestrian-accident-lawyer-es.webp","contentUrl":"https:\/\/ceolawyer.com\/espanol\/wp-content\/uploads\/sites\/2\/2026\/03\/pedestrian-accident-lawyer-es.webp","width":500,"height":333,"caption":"Accidente peatonal"},{"@type":"BreadcrumbList","@id":"https:\/\/ceolawyer.com\/espanol\/lesiones-personales\/abogado-accidentes-peatonales\/#breadcrumb","itemListElement":[{"@type":"ListItem","position":1,"name":"Home","item":"https:\/\/ceolawyer.com\/espanol\/"},{"@type":"ListItem","position":2,"name":"Abogado de lesiones personales","item":"https:\/\/ceolawyer.com\/espanol\/lesiones-personales\/"},{"@type":"ListItem","position":3,"name":"Abogado de accidentes peatonales"}]},{"@type":"WebSite","@id":"https:\/\/ceolawyer.com\/espanol\/#website","url":"https:\/\/ceolawyer.com\/espanol\/","name":"CEO Lawyer","description":"Personal Injury Attorney","publisher":{"@id":"https:\/\/ceolawyer.com\/espanol\/#organization"},"potentialAction":[{"@type":"SearchAction","target":{"@type":"EntryPoint","urlTemplate":"https:\/\/ceolawyer.com\/espanol\/?s={search_term_string}"},"query-input":{"@type":"PropertyValueSpecification","valueRequired":true,"valueName":"search_term_string"}}],"inLanguage":"en-US"},{"@type":"Organization","@id":"https:\/\/ceolawyer.com\/espanol\/#organization","name":"CEO Lawyer","url":"https:\/\/ceolawyer.com\/espanol\/","logo":{"@type":"ImageObject","inLanguage":"en-US","@id":"https:\/\/ceolawyer.com\/espanol\/#\/schema\/logo\/image\/","url":"https:\/\/ceolawyer.com\/espanol\/wp-content\/uploads\/sites\/2\/2022\/05\/CEO_Logo.png","contentUrl":"https:\/\/ceolawyer.com\/espanol\/wp-content\/uploads\/sites\/2\/2022\/05\/CEO_Logo.png","width":200,"height":108,"caption":"CEO Lawyer"},"image":{"@id":"https:\/\/ceolawyer.com\/espanol\/#\/schema\/logo\/image\/"}}]}},"_links":{"self":[{"href":"https:\/\/ceolawyer.com\/espanol\/wp-json\/wp\/v2\/pages\/13139","targetHints":{"allow":["GET"]}}],"collection":[{"href":"https:\/\/ceolawyer.com\/espanol\/wp-json\/wp\/v2\/pages"}],"about":[{"href":"https:\/\/ceolawyer.com\/espanol\/wp-json\/wp\/v2\/types\/page"}],"author":[{"embeddable":true,"href":"https:\/\/ceolawyer.com\/espanol\/wp-json\/wp\/v2\/users\/18"}],"replies":[{"embeddable":true,"href":"https:\/\/ceolawyer.com\/espanol\/wp-json\/wp\/v2\/comments?post=13139"}],"version-history":[{"count":0,"href":"https:\/\/ceolawyer.com\/espanol\/wp-json\/wp\/v2\/pages\/13139\/revisions"}],"up":[{"embeddable":true,"href":"https:\/\/ceolawyer.com\/espanol\/wp-json\/wp\/v2\/pages\/13085"}],"wp:featuredmedia":[{"embeddable":true,"href":"https:\/\/ceolawyer.com\/espanol\/wp-json\/wp\/v2\/media\/13141"}],"wp:attachment":[{"href":"https:\/\/ceolawyer.com\/espanol\/wp-json\/wp\/v2\/media?parent=13139"}],"curies":[{"name":"wp","href":"https:\/\/api.w.org\/{rel}","templated":true}]}}